{"id":92245,"date":"2025-07-08T09:57:30","date_gmt":"2025-07-08T09:57:30","guid":{"rendered":"https:\/\/bcmgroup.in\/?page_id=92245"},"modified":"2026-03-12T07:16:09","modified_gmt":"2026-03-12T07:16:09","slug":"blogovi","status":"publish","type":"page","link":"https:\/\/bcmgroup.in\/sr\/blogovi\/","title":{"rendered":"Blogovi"},"content":{"rendered":"\t\t<div data-elementor-type=\"wp-page\" data-elementor-id=\"92245\" class=\"elementor elementor-92245\" data-elementor-post-type=\"page\">\n\t\t\t\t<div class=\"elementor-element elementor-element-6c7f6b8 e-flex e-con-boxed e-con e-parent\" data-id=\"6c7f6b8\" data-element_type=\"container\">\n\t\t\t\t\t<div class=\"e-con-inner\">\n\t\t<div class=\"elementor-element elementor-element-9afd6f8 e-con-full e-flex e-con e-child\" data-id=\"9afd6f8\" data-element_type=\"container\">\n\t\t\t\t<div class=\"elementor-element elementor-element-c531871 elementor-widget elementor-widget-image\" data-id=\"c531871\" data-element_type=\"widget\" data-widget_type=\"image.default\">\n\t\t\t\t<div class=\"elementor-widget-container\">\n\t\t\t\t\t\t\t\t\t\t\t\t\t\t\t<img fetchpriority=\"high\" decoding=\"async\" width=\"1620\" height=\"325\" src=\"https:\/\/bcmgroup.in\/wp-content\/uploads\/2026\/02\/SUBMIT-YOUR-CV-9-1.webp\" class=\"attachment-full size-full wp-image-142295\" alt=\"Loty\u0161sko\" srcset=\"https:\/\/bcmgroup.in\/wp-content\/uploads\/2026\/02\/SUBMIT-YOUR-CV-9-1.webp 1620w, https:\/\/bcmgroup.in\/wp-content\/uploads\/2026\/02\/SUBMIT-YOUR-CV-9-1-300x60.webp 300w, https:\/\/bcmgroup.in\/wp-content\/uploads\/2026\/02\/SUBMIT-YOUR-CV-9-1-1024x205.webp 1024w, https:\/\/bcmgroup.in\/wp-content\/uploads\/2026\/02\/SUBMIT-YOUR-CV-9-1-768x154.webp 768w, https:\/\/bcmgroup.in\/wp-content\/uploads\/2026\/02\/SUBMIT-YOUR-CV-9-1-1536x308.webp 1536w\" sizes=\"(max-width: 1620px) 100vw, 1620px\" \/>\t\t\t\t\t\t\t\t\t\t\t\t\t\t\t<\/div>\n\t\t\t\t<\/div>\n\t\t\t\t<\/div>\n\t\t\t\t\t<\/div>\n\t\t\t\t<\/div>\n\t\t<div class=\"elementor-element elementor-element-189264d e-flex e-con-boxed e-con e-parent\" data-id=\"189264d\" data-element_type=\"container\">\n\t\t\t\t\t<div class=\"e-con-inner\">\n\t\t<div class=\"elementor-element elementor-element-a60f90c e-con-full e-flex e-con e-child\" data-id=\"a60f90c\" data-element_type=\"container\">\n\t\t<div class=\"elementor-element elementor-element-b1134ce e-con-full e-flex e-con e-child\" data-id=\"b1134ce\" data-element_type=\"container\">\n\t\t\t\t<div class=\"elementor-element elementor-element-148e69e elementor-widget elementor-widget-shortcode\" data-id=\"148e69e\" data-element_type=\"widget\" data-widget_type=\"shortcode.default\">\n\t\t\t\t<div class=\"elementor-widget-container\">\n\t\t\t\t\t\t\t<div class=\"elementor-shortcode\"><div id=\"bdpp-post-list-1\" class=\"bdpp-wrap bdpp-lite bdpp-post-list-wrap bdpp-post-data-wrap bdpp-design-1 bdpp-layout-149399 bdpp-clearfix\">\r\n\t<div class=\"bdpp-post-list-inr-wrap bdpp-post-data-inr-wrap bdpp-clearfix\"><div class=\"bdpp-post-list-main bdpp-post-150531 bdpp-post-standard bdpp-has-thumb\">\r\n\t<div class=\"bdpp-post-list-content bdpp-clearfix\">\r\n\t\t\t\t<div class=\"bdpp-post-list-left bdpp-col-2 bdpp-columns\">\r\n\t\t\t<div class=\"bdpp-post-img-bg\">\r\n\t\t\t\t<a href=\"https:\/\/bcmgroup.in\/sr\/blogovi\/potrebni-fizicki-radnici-na-gradjevini\/\">\r\n\t\t\t\t\t<img decoding=\"async\" src=\"https:\/\/bcmgroup.in\/wp-content\/uploads\/2026\/03\/Verificare-Vechime-in-Munca-Online-\u2013-Ghid-Complet-pentru-Angajatorii-si-Muncitorii-din-Romania-19.webp\" class=\"bdpp-img bdpp-post-feat-img\" alt=\"Potrebni Fizi\u010dki Radnici na Gra\u0111evini 2026 | Brzo Zapo\u0161ljavanje iz Inostranstva\" \/>\r\n\t\t\t\t\t\t\t\t\t<\/a>\r\n\t\t\t<\/div>\r\n\t\t<\/div>\r\n\t\t\r\n\t\t<div class=\"bdpp-post-list-right bdpp-col-2 bdpp-columns\">\r\n\t\t\t\t\t\t<div class=\"bdpp-post-cats\"><a class=\"bdpp-post-cat-link bdpp-post-cat-594 bdpp-post-cat-blogovi\" href=\"https:\/\/bcmgroup.in\/sr\/category\/blogovi\/\">Blogovi<\/a><\/div>\r\n\t\t\t\r\n\t\t\t<h2 class=\"bdpp-post-title\">\r\n\t\t\t\t<a href=\"https:\/\/bcmgroup.in\/sr\/blogovi\/potrebni-fizicki-radnici-na-gradjevini\/\">Potrebni Fizi\u010dki Radnici na Gra\u0111evini 2026 | Brzo Zapo\u0161ljavanje iz Inostranstva<\/a>\r\n\t\t\t<\/h2>\r\n\r\n\t\t\t\t\t\t<div class=\"bdpp-post-meta bdpp-post-meta-up\">\r\n\t\t\t\t<span class=\"bdpp-post-meta-data bdpp-post-author\"><i class=\"fa fa-user\"><\/i>BCM Team<\/span><span class=\"bdpp-post-meta-sep\"> &ndash; <\/span><span class=\"bdpp-post-meta-data bdpp-post-date\"><i class=\"fa fa-clock-o\"><\/i>\u043c\u0430\u0440\u0442 20, 2026<\/span>\t\t\t<\/div>\r\n\t\t\t\t\t\t<div class=\"bdpp-post-content\">\r\n\t\t\t\t<div class=\"bdpp-post-desc\">potrebni fizicki radnici na gradjevini 2026 | Brzo Zapo\u0161ljavanje iz Inostranstva Pronala\u017eenje prave gra\u0111evinske radne snage postao je jedan od...<\/div>\r\n\t\t\t\t\t\t\t\t\t<a href=\"https:\/\/bcmgroup.in\/sr\/blogovi\/potrebni-fizicki-radnici-na-gradjevini\/\" class=\"bdpp-rdmr-btn\">pro\u010ditaj vi\u0161e<\/a>\r\n\t\t\t\t\t\t\t<\/div>\r\n\t\t\t\t\t<\/div>\r\n\t<\/div>\r\n<\/div><div class=\"bdpp-post-list-main bdpp-post-128029 bdpp-post-standard bdpp-has-thumb\">\r\n\t<div class=\"bdpp-post-list-content bdpp-clearfix\">\r\n\t\t\t\t<div class=\"bdpp-post-list-left bdpp-col-2 bdpp-columns\">\r\n\t\t\t<div class=\"bdpp-post-img-bg\">\r\n\t\t\t\t<a href=\"https:\/\/bcmgroup.in\/sr\/blogovi\/minimalna-zarada\/\">\r\n\t\t\t\t\t<img decoding=\"async\" src=\"https:\/\/bcmgroup.in\/wp-content\/uploads\/2026\/01\/Expert-Legal-Services-9.webp\" class=\"bdpp-img bdpp-post-feat-img\" alt=\"Poslodavcima su obja\u0161njene promene minimalna zarada u Srbiji\" \/>\r\n\t\t\t\t\t\t\t\t\t<\/a>\r\n\t\t\t<\/div>\r\n\t\t<\/div>\r\n\t\t\r\n\t\t<div class=\"bdpp-post-list-right bdpp-col-2 bdpp-columns\">\r\n\t\t\t\t\t\t<div class=\"bdpp-post-cats\"><a class=\"bdpp-post-cat-link bdpp-post-cat-594 bdpp-post-cat-blogovi\" href=\"https:\/\/bcmgroup.in\/sr\/category\/blogovi\/\">Blogovi<\/a><\/div>\r\n\t\t\t\r\n\t\t\t<h2 class=\"bdpp-post-title\">\r\n\t\t\t\t<a href=\"https:\/\/bcmgroup.in\/sr\/blogovi\/minimalna-zarada\/\">Poslodavcima su obja\u0161njene promene minimalna zarada u Srbiji<\/a>\r\n\t\t\t<\/h2>\r\n\r\n\t\t\t\t\t\t<div class=\"bdpp-post-meta bdpp-post-meta-up\">\r\n\t\t\t\t<span class=\"bdpp-post-meta-data bdpp-post-author\"><i class=\"fa fa-user\"><\/i>BCM Team<\/span><span class=\"bdpp-post-meta-sep\"> &ndash; <\/span><span class=\"bdpp-post-meta-data bdpp-post-date\"><i class=\"fa fa-clock-o\"><\/i>\u0458\u0430\u043d\u0443\u0430\u0440 12, 2026<\/span>\t\t\t<\/div>\r\n\t\t\t\t\t\t<div class=\"bdpp-post-content\">\r\n\t\t\t\t<div class=\"bdpp-post-desc\">Poslodavcima su obja\u0161njene promene minimalna zarada u Srbiji Nedavna reforma plata u Srbiji svedo\u010di o flexibilnijoj radnoj politici poslodavaca i...<\/div>\r\n\t\t\t\t\t\t\t\t\t<a href=\"https:\/\/bcmgroup.in\/sr\/blogovi\/minimalna-zarada\/\" class=\"bdpp-rdmr-btn\">pro\u010ditaj vi\u0161e<\/a>\r\n\t\t\t\t\t\t\t<\/div>\r\n\t\t\t\t\t<\/div>\r\n\t<\/div>\r\n<\/div><div class=\"bdpp-post-list-main bdpp-post-92237 bdpp-post-standard bdpp-has-thumb\">\r\n\t<div class=\"bdpp-post-list-content bdpp-clearfix\">\r\n\t\t\t\t<div class=\"bdpp-post-list-left bdpp-col-2 bdpp-columns\">\r\n\t\t\t<div class=\"bdpp-post-img-bg\">\r\n\t\t\t\t<a href=\"https:\/\/bcmgroup.in\/sr\/blogovi\/agencija-za-zaposljavanje\/\">\r\n\t\t\t\t\t<img decoding=\"async\" src=\"https:\/\/bcmgroup.in\/wp-content\/uploads\/2025\/02\/Expert-Legal-Services-54.webp\" class=\"bdpp-img bdpp-post-feat-img\" alt=\"Poslodavci Prona\u0111ite Radnike | Legalna Agencija za Zapo\u0161ljavanje u Inostranstvu\" \/>\r\n\t\t\t\t\t\t\t\t\t<\/a>\r\n\t\t\t<\/div>\r\n\t\t<\/div>\r\n\t\t\r\n\t\t<div class=\"bdpp-post-list-right bdpp-col-2 bdpp-columns\">\r\n\t\t\t\t\t\t<div class=\"bdpp-post-cats\"><a class=\"bdpp-post-cat-link bdpp-post-cat-594 bdpp-post-cat-blogovi\" href=\"https:\/\/bcmgroup.in\/sr\/category\/blogovi\/\">Blogovi<\/a><\/div>\r\n\t\t\t\r\n\t\t\t<h2 class=\"bdpp-post-title\">\r\n\t\t\t\t<a href=\"https:\/\/bcmgroup.in\/sr\/blogovi\/agencija-za-zaposljavanje\/\">Poslodavci Prona\u0111ite Radnike | Legalna Agencija za Zapo\u0161ljavanje u Inostranstvu<\/a>\r\n\t\t\t<\/h2>\r\n\r\n\t\t\t\t\t\t<div class=\"bdpp-post-meta bdpp-post-meta-up\">\r\n\t\t\t\t<span class=\"bdpp-post-meta-data bdpp-post-author\"><i class=\"fa fa-user\"><\/i>BCM Team<\/span><span class=\"bdpp-post-meta-sep\"> &ndash; <\/span><span class=\"bdpp-post-meta-data bdpp-post-date\"><i class=\"fa fa-clock-o\"><\/i>\u0444\u0435\u0431\u0440\u0443\u0430\u0440 20, 2025<\/span>\t\t\t<\/div>\r\n\t\t\t\t\t\t<div class=\"bdpp-post-content\">\r\n\t\t\t\t<div class=\"bdpp-post-desc\">\u041f\u043e\u0441\u043b\u043e\u0434\u0430\u0432\u0446\u0438 \u043f\u0440\u043e\u043d\u0430\u043b\u0430\u0437\u0435 \u0440\u0430\u0434\u043d\u0438\u043a\u0435 | \u041f\u0440\u0430\u0432\u043d\u0430 \u0430\u0433\u0435\u043d\u0446\u0438\u0458\u0430 \u0437\u0430 \u0437\u0430\u043f\u043e\u0448\u0459\u0430\u0432\u0430\u045a\u0435 \u0443 \u0438\u043d\u043e\u0441\u0442\u0440\u0430\u043d\u0441\u0442\u0432\u0443 \u041a\u0430\u043a\u043e \u043f\u0440\u043e\u043d\u0430\u045b\u0438 \u043f\u0440\u0430\u0432\u0443 \u0430\u0433\u0435\u043d\u0446\u0438\u0458\u0443 \u0437\u0430 \u0437\u0430\u043f\u043e\u0448\u0459\u0430\u0432\u0430\u045a\u0435 \u0441\u0442\u0440\u0430\u043d\u0438\u0445 \u0440\u0430\u0434\u043d\u0438\u043a\u0430? \u0417\u0430\u043f\u043e\u0448\u0459\u0430\u0432\u0430\u045a\u0435 \u0441\u0442\u0440\u0430\u043d\u0438\u0445...<\/div>\r\n\t\t\t\t\t\t\t\t\t<a href=\"https:\/\/bcmgroup.in\/sr\/blogovi\/agencija-za-zaposljavanje\/\" class=\"bdpp-rdmr-btn\">pro\u010ditaj vi\u0161e<\/a>\r\n\t\t\t\t\t\t\t<\/div>\r\n\t\t\t\t\t<\/div>\r\n\t<\/div>\r\n<\/div><div class=\"bdpp-post-list-main bdpp-post-92248 bdpp-post-standard bdpp-has-thumb\">\r\n\t<div class=\"bdpp-post-list-content bdpp-clearfix\">\r\n\t\t\t\t<div class=\"bdpp-post-list-left bdpp-col-2 bdpp-columns\">\r\n\t\t\t<div class=\"bdpp-post-img-bg\">\r\n\t\t\t\t<a href=\"https:\/\/bcmgroup.in\/sr\/blogovi\/birokratske-prepreke-zaposljavanja\/\">\r\n\t\t\t\t\t<img decoding=\"async\" src=\"https:\/\/bcmgroup.in\/wp-content\/uploads\/2025\/01\/Expert-Legal-Services-53.webp\" class=\"bdpp-img bdpp-post-feat-img\" alt=\"Birokratske Prepreke Zapo\u0161ljavanja: Izazovi i Re\u0161enja za Poslodavce\" \/>\r\n\t\t\t\t\t\t\t\t\t<\/a>\r\n\t\t\t<\/div>\r\n\t\t<\/div>\r\n\t\t\r\n\t\t<div class=\"bdpp-post-list-right bdpp-col-2 bdpp-columns\">\r\n\t\t\t\t\t\t<div class=\"bdpp-post-cats\"><a class=\"bdpp-post-cat-link bdpp-post-cat-594 bdpp-post-cat-blogovi\" href=\"https:\/\/bcmgroup.in\/sr\/category\/blogovi\/\">Blogovi<\/a><\/div>\r\n\t\t\t\r\n\t\t\t<h2 class=\"bdpp-post-title\">\r\n\t\t\t\t<a href=\"https:\/\/bcmgroup.in\/sr\/blogovi\/birokratske-prepreke-zaposljavanja\/\">Birokratske Prepreke Zapo\u0161ljavanja: Izazovi i Re\u0161enja za Poslodavce<\/a>\r\n\t\t\t<\/h2>\r\n\r\n\t\t\t\t\t\t<div class=\"bdpp-post-meta bdpp-post-meta-up\">\r\n\t\t\t\t<span class=\"bdpp-post-meta-data bdpp-post-author\"><i class=\"fa fa-user\"><\/i>BCM Team<\/span><span class=\"bdpp-post-meta-sep\"> &ndash; <\/span><span class=\"bdpp-post-meta-data bdpp-post-date\"><i class=\"fa fa-clock-o\"><\/i>\u0458\u0430\u043d\u0443\u0430\u0440 31, 2025<\/span>\t\t\t<\/div>\r\n\t\t\t\t\t\t<div class=\"bdpp-post-content\">\r\n\t\t\t\t<div class=\"bdpp-post-desc\">\u0411\u0438\u0440\u043e\u043a\u0440\u0430\u0442\u0441\u043a\u0435 \u043f\u0440\u0435\u043f\u0440\u0435\u043a\u0435 \u0437\u0430\u043f\u043e\u0448\u0459\u0430\u0432\u0430\u045a\u0443: \u0418\u0437\u0430\u0437\u043e\u0432\u0438 \u0438 \u0440\u0435\u0448\u0435\u045a\u0430 \u0437\u0430 \u043f\u043e\u0441\u043b\u043e\u0434\u0430\u0432\u0446\u0435 \u043a\u043e\u0458\u0438 \u0437\u0430\u043f\u043e\u0448\u0459\u0430\u0432\u0430\u0458\u0443 \u0441\u0442\u0440\u0430\u043d\u0435 \u0440\u0430\u0434\u043d\u0438\u043a\u0435 \u0417\u0430\u043f\u043e\u0448\u0459\u0430\u0432\u0430\u045a\u0435 \u0441\u0442\u0440\u0430\u043d\u0430\u0446\u0430 \u043c\u043e\u0436\u0435 \u0431\u0438\u0442\u0438 \u043e\u0434\u043b\u0438\u0447\u0430\u043d \u043d\u0430\u0447\u0438\u043d \u0437\u0430 \u043a\u043e\u043c\u043f\u0430\u043d\u0438\u0458\u0435...<\/div>\r\n\t\t\t\t\t\t\t\t\t<a href=\"https:\/\/bcmgroup.in\/sr\/blogovi\/birokratske-prepreke-zaposljavanja\/\" class=\"bdpp-rdmr-btn\">pro\u010ditaj vi\u0161e<\/a>\r\n\t\t\t\t\t\t\t<\/div>\r\n\t\t\t\t\t<\/div>\r\n\t<\/div>\r\n<\/div><div class=\"bdpp-post-list-main bdpp-post-92254 bdpp-post-standard bdpp-has-thumb\">\r\n\t<div class=\"bdpp-post-list-content bdpp-clearfix\">\r\n\t\t\t\t<div class=\"bdpp-post-list-left bdpp-col-2 bdpp-columns\">\r\n\t\t\t<div class=\"bdpp-post-img-bg\">\r\n\t\t\t\t<a href=\"https:\/\/bcmgroup.in\/sr\/blogovi\/zaposljavanja-stranih-radnika\/\">\r\n\t\t\t\t\t<img decoding=\"async\" src=\"https:\/\/bcmgroup.in\/wp-content\/uploads\/2025\/01\/Expert-Legal-Services-52.webp\" class=\"bdpp-img bdpp-post-feat-img\" alt=\"Odgovornosti Poslodavaca prilikom Zapo\u0161ljavanja Stranih Radnika: Pravna Pregled\" \/>\r\n\t\t\t\t\t\t\t\t\t<\/a>\r\n\t\t\t<\/div>\r\n\t\t<\/div>\r\n\t\t\r\n\t\t<div class=\"bdpp-post-list-right bdpp-col-2 bdpp-columns\">\r\n\t\t\t\t\t\t<div class=\"bdpp-post-cats\"><a class=\"bdpp-post-cat-link bdpp-post-cat-594 bdpp-post-cat-blogovi\" href=\"https:\/\/bcmgroup.in\/sr\/category\/blogovi\/\">Blogovi<\/a><\/div>\r\n\t\t\t\r\n\t\t\t<h2 class=\"bdpp-post-title\">\r\n\t\t\t\t<a href=\"https:\/\/bcmgroup.in\/sr\/blogovi\/zaposljavanja-stranih-radnika\/\">Odgovornosti Poslodavaca prilikom Zapo\u0161ljavanja Stranih Radnika: Pravna Pregled<\/a>\r\n\t\t\t<\/h2>\r\n\r\n\t\t\t\t\t\t<div class=\"bdpp-post-meta bdpp-post-meta-up\">\r\n\t\t\t\t<span class=\"bdpp-post-meta-data bdpp-post-author\"><i class=\"fa fa-user\"><\/i>BCM Team<\/span><span class=\"bdpp-post-meta-sep\"> &ndash; <\/span><span class=\"bdpp-post-meta-data bdpp-post-date\"><i class=\"fa fa-clock-o\"><\/i>\u0458\u0430\u043d\u0443\u0430\u0440 27, 2025<\/span>\t\t\t<\/div>\r\n\t\t\t\t\t\t<div class=\"bdpp-post-content\">\r\n\t\t\t\t<div class=\"bdpp-post-desc\">\u041e\u0431\u0430\u0432\u0435\u0437\u0435 \u043f\u043e\u0441\u043b\u043e\u0434\u0430\u0432\u0430\u0446\u0430 \u043f\u0440\u0438 \u0437\u0430\u043f\u043e\u0448\u0459\u0430\u0432\u0430\u045a\u0443 \u0441\u0442\u0440\u0430\u043d\u0438\u0445 \u0440\u0430\u0434\u043d\u0438\u043a\u0430: \u041f\u0440\u0430\u0432\u043d\u0438 \u043f\u0440\u0435\u0433\u043b\u0435\u0434 \u0418\u0437\u0431\u043e\u0440 \u0441\u0442\u0440\u0430\u043d\u0438\u0445 \u0440\u0430\u0434\u043d\u0438\u043a\u0430 \u0443 \u0421\u0440\u0431\u0438\u0458\u0438 \u043f\u043e\u043a\u0443\u0448\u0430\u043e \u0458\u0435 \u0434\u0430 \u0438\u0441\u043a\u043e\u0440\u0438\u0441\u0442\u0438 \u043f\u0443\u043d \u0441\u043f\u0435\u043a\u0442\u0430\u0440 \u0442\u0430\u043b\u0435\u043d\u0430\u0442\u0430...<\/div>\r\n\t\t\t\t\t\t\t\t\t<a href=\"https:\/\/bcmgroup.in\/sr\/blogovi\/zaposljavanja-stranih-radnika\/\" class=\"bdpp-rdmr-btn\">pro\u010ditaj vi\u0161e<\/a>\r\n\t\t\t\t\t\t\t<\/div>\r\n\t\t\t\t\t<\/div>\r\n\t<\/div>\r\n<\/div>\t<\/div>\r\n\t\t<div class=\"bdpp-paging bdpp-clearfix\">\r\n\t\t<span aria-current=\"page\" class=\"page-numbers current\">1<\/span>\n<a class=\"page-numbers\" href=\"https:\/\/bcmgroup.in\/sr\/wp-json\/wp\/v2\/pages\/92245\/page\/2\/\">2<\/a>\n<a class=\"next page-numbers\" href=\"https:\/\/bcmgroup.in\/sr\/wp-json\/wp\/v2\/pages\/92245\/page\/2\/\">Next &raquo;<\/a>\t<\/div>\r\n<\/div><\/div>\n\t\t\t\t\t\t<\/div>\n\t\t\t\t<\/div>\n\t\t\t\t<\/div>\n\t\t<div class=\"elementor-element elementor-element-8f23102 e-con-full e-flex e-con e-child\" data-id=\"8f23102\" data-element_type=\"container\">\n\t\t<div class=\"elementor-element elementor-element-3db6588 e-con-full e-flex e-con e-child\" data-id=\"3db6588\" data-element_type=\"container\">\n\t\t\t\t<div class=\"elementor-element elementor-element-e786e77 elementor-widget elementor-widget-text-editor\" data-id=\"e786e77\" data-element_type=\"widget\" data-widget_type=\"text-editor.default\">\n\t\t\t\t<div class=\"elementor-widget-container\">\n\t\t\t\t\t\t\t\t\t<div class=\"custom-country-section\">\n  <h2 class=\"custom-country-title\">Pregled po dr\u017eavama<\/h2>\n  <ul class=\"custom-country-list\">\n    <li>\n      <a href=\"https:\/\/bcmgroup.in\/ro\/bloguri-bcm\/\" target=\"_blank\" rel=\"noopener noreferrer\">\n        <img decoding=\"async\" src=\"https:\/\/flagcdn.com\/w40\/ro.png\" alt=\"Zastava Rumunjske\" \/>\n        <span>Rumunjska<\/span>\n      <\/a>\n    <\/li>\n    <li>\n      <a href=\"https:\/\/bcmgroup.in\/hr\/bcm-blogovi\/\" target=\"_blank\" rel=\"noopener noreferrer\">\n        <img decoding=\"async\" src=\"https:\/\/flagcdn.com\/w40\/hr.png\" alt=\"Zastava Hrvatske\" \/>\n        <span>Hrvatska<\/span>\n      <\/a>\n    <\/li>\n    <li>\n      <a href=\"https:\/\/bcmgroup.in\/lv\/bcm-blogi\/\" target=\"_blank\" rel=\"noopener noreferrer\">\n        <img decoding=\"async\" src=\"https:\/\/flagcdn.com\/w40\/lv.png\" alt=\"Zastava Latvije\" \/>\n        <span>Latvija<\/span>\n      <\/a>\n    <\/li>\n    <li>\n      <a href=\"https:\/\/bcmgroup.in\/sr\/blogovi\/\" target=\"_blank\" rel=\"noopener noreferrer\">\n        <img decoding=\"async\" src=\"https:\/\/flagcdn.com\/w40\/rs.png\" alt=\"Zastava Srbije\" \/>\n        <span>Srbija<\/span>\n      <\/a>\n    <\/li>\n    <li>\n      <a href=\"https:\/\/bcmgroup.in\/sk\/bcm-blogy\/\" target=\"_blank\" rel=\"noopener noreferrer\">\n        <img decoding=\"async\" src=\"https:\/\/flagcdn.com\/w40\/sk.png\" alt=\"Zastava Slova\u010dke\" \/>\n        <span>Slova\u010dka<\/span>\n      <\/a>\n    <\/li>\n    <li>\n      <a href=\"https:\/\/bcmgroup.in\/hu\/blogok\/\" target=\"_blank\" rel=\"noopener noreferrer\">\n        <img decoding=\"async\" src=\"https:\/\/flagcdn.com\/w40\/hu.png\" alt=\"Zastava Ma\u0111arske\" \/>\n        <span>Ma\u0111arska<\/span>\n      <\/a>\n    <\/li>\n  <\/ul>\n<\/div>\n\n<style>\n  .custom-country-section {\n    max-width: 340px;\n    padding: 20px;\n    font-family: 'Segoe UI', Tahoma, Geneva, Verdana, sans-serif;\n    color: #1a2b48;\n  }\n  .custom-country-title {\n    margin-bottom: 20px;\n    font-weight: 700;\n    font-size: 1.5rem;\n    border-bottom: 2px solid #ddd;\n    padding-bottom: 8px;\n  }\n  .custom-country-list {\n    list-style: none;\n    padding: 0;\n    margin: 0;\n  }\n  .custom-country-list li {\n    margin-bottom: 16px;\n  }\n  .custom-country-list li a {\n    display: flex;\n    align-items: center;\n    padding: 14px 18px;\n    border-radius: 12px;\n    cursor: pointer;\n    background: #f9fbff;\n    box-shadow: 0 3px 8px rgba(26, 43, 72, 0.1);\n    text-decoration: none;\n    transition: transform 0.25s ease, box-shadow 0.25s ease;\n    color: #1a2b48;\n  }\n  .custom-country-list li a:hover {\n    transform: translateY(-4px) scale(1.03);\n    box-shadow: 0 8px 20px rgba(26, 43, 72, 0.15);\n  }\n  .custom-country-list img {\n    width: 36px;\n    height: 24px;\n    margin-right: 14px;\n    border-radius: 0;\n    box-shadow: none;\n    object-fit: contain;\n    background: transparent !important;\n  }\n  .custom-country-list span {\n    font-weight: 600;\n    font-size: 1.1rem;\n  }\n<\/style>\t\t\t\t\t\t\t\t<\/div>\n\t\t\t\t<\/div>\n\t\t\t\t<\/div>\n\t\t\t\t<\/div>\n\t\t\t\t<\/div>\n\t\t\t\t\t<\/div>\n\t\t\t\t<\/div>\n\t\t\t\t<\/div>\n\t\t","protected":false},"excerpt":{"rendered":"<p>Pregled po dr\u017eavama Rumunjska Hrvatska Latvija Srbija Slova\u010dka Ma\u0111arska<\/p>\n","protected":false},"author":4,"featured_media":0,"parent":0,"menu_order":0,"comment_status":"closed","ping_status":"closed","template":"elementor_canvas","meta":{"googlesitekit_rrm_CAowi469DA:productID":"","footnotes":""},"class_list":["post-92245","page","type-page","status-publish","hentry"],"_links":{"self":[{"href":"https:\/\/bcmgroup.in\/sr\/wp-json\/wp\/v2\/pages\/92245","targetHints":{"allow":["GET"]}}],"collection":[{"href":"https:\/\/bcmgroup.in\/sr\/wp-json\/wp\/v2\/pages"}],"about":[{"href":"https:\/\/bcmgroup.in\/sr\/wp-json\/wp\/v2\/types\/page"}],"author":[{"embeddable":true,"href":"https:\/\/bcmgroup.in\/sr\/wp-json\/wp\/v2\/users\/4"}],"replies":[{"embeddable":true,"href":"https:\/\/bcmgroup.in\/sr\/wp-json\/wp\/v2\/comments?post=92245"}],"version-history":[{"count":4,"href":"https:\/\/bcmgroup.in\/sr\/wp-json\/wp\/v2\/pages\/92245\/revisions"}],"predecessor-version":[{"id":149402,"href":"https:\/\/bcmgroup.in\/sr\/wp-json\/wp\/v2\/pages\/92245\/revisions\/149402"}],"wp:attachment":[{"href":"https:\/\/bcmgroup.in\/sr\/wp-json\/wp\/v2\/media?parent=92245"}],"curies":[{"name":"wp","href":"https:\/\/api.w.org\/{rel}","templated":true}]}}