{"id":73814,"date":"2024-03-02T15:34:07","date_gmt":"2024-03-02T15:34:07","guid":{"rendered":"https:\/\/bcmgroup.in\/storitve\/"},"modified":"2025-11-18T13:04:49","modified_gmt":"2025-11-18T13:04:49","slug":"storitve","status":"publish","type":"page","link":"https:\/\/bcmgroup.in\/sl\/storitve\/","title":{"rendered":"Storitve"},"content":{"rendered":"\t\t<div data-elementor-type=\"wp-page\" data-elementor-id=\"73814\" class=\"elementor elementor-73814 elementor-73657\" data-elementor-post-type=\"page\">\n\t\t\t\t<div class=\"elementor-element elementor-element-70ebaed e-flex e-con-boxed e-con e-parent\" data-id=\"70ebaed\" data-element_type=\"container\">\n\t\t\t\t\t<div class=\"e-con-inner\">\n\t\t\t\t<div class=\"elementor-element elementor-element-0893ff4 elementor-widget elementor-widget-heading\" data-id=\"0893ff4\" data-element_type=\"widget\" data-widget_type=\"heading.default\">\n\t\t\t\t<div class=\"elementor-widget-container\">\n\t\t\t\t\t<h1 class=\"elementor-heading-title elementor-size-default\">ZAPOSLOVANJE V TUJINI<\/h1>\t\t\t\t<\/div>\n\t\t\t\t<\/div>\n\t\t\t\t<div class=\"elementor-element elementor-element-fa33edb elementor-widget-divider--view-line elementor-widget elementor-widget-divider\" data-id=\"fa33edb\" data-element_type=\"widget\" data-widget_type=\"divider.default\">\n\t\t\t\t<div class=\"elementor-widget-container\">\n\t\t\t\t\t\t\t<div class=\"elementor-divider\">\n\t\t\t<span class=\"elementor-divider-separator\">\n\t\t\t\t\t\t<\/span>\n\t\t<\/div>\n\t\t\t\t\t\t<\/div>\n\t\t\t\t<\/div>\n\t\t\t\t\t<\/div>\n\t\t\t\t<\/div>\n\t\t<div class=\"elementor-element elementor-element-27e0187 e-flex e-con-boxed e-con e-parent\" data-id=\"27e0187\" data-element_type=\"container\">\n\t\t\t\t\t<div class=\"e-con-inner\">\n\t\t\t\t<div class=\"elementor-element elementor-element-dbcf32c elementor-widget__width-inherit elementor-widget elementor-widget-gimont_elementor_road_map\" data-id=\"dbcf32c\" data-element_type=\"widget\" data-widget_type=\"gimont_elementor_road_map.default\">\n\t\t\t\t<div class=\"elementor-widget-container\">\n\t\t\t\t\t\n\t\t<div class=\"ova-road-map template_1\">\n\t\t\t<div class=\"road-map-wrapper\">\n\n\t\t\t\t\t\t\t\t\t<div class=\"timeline-column\">\n\t\t\t\t\t\t\t\t\t\t\t\t\t\t\t\t\t\t\t\t\t<div class=\"timeline-item timeline-item-left \">\n\t\t\t\t\t\t\t\t\t<div class=\"timeline-image\">\n\t\t\t\t\t\t\t\t\t\t<img decoding=\"async\" src=\"https:\/\/bcmgroup.in\/wp-content\/uploads\/2024\/03\/interview-scheduling-1-1.jpg\" alt=\"Overseas Recruitment- Interview Scheduling\"\n\t\t\t\t\t\t\t\t\t\ttitle=\"\">\n\t\t\t\t\t\t\t\t\t<\/div>\n\t\t\t\t\t\t\t\t\t<div class=\"timeline-info\">\n\t\t\t\t\t\t\t\t\t\t<div class=\"content-info\" \n\t\t\t\t\t\t\t\t\t\t\tdata-animation='{\"animation\":\"\",\"duration\":\"\",\"delay\":\"\"}'>\n\n\t\t\t\t\t\t\t\t\t\t\t\t\t\t\t\t\t\t\t\t\t\t\t<div class=\"date\">\n\t\t\t\t\t\t\t\t\t\t\t\t\t \t\t\t\t\t\t\t\t\t\t\t\t<\/div>\n\t\t\t\t\t\t\t\t\t\t\t\t\t\t\t\t\t\t\t\t\t\t<div class=\"timeline-content\">\n\t\t\t\t\t\t\t\t\t\t\t\t<h3 class=\"title\">Na\u010drtovanje razgovora<\/h3>\n\t\t\t\t\t\t\t\t\t\t\t\t<p class=\"desc\">Za ta postopek je poskrbljeno in podjetje si ne po\u0161ilja nepotrebnih e-po\u0161tnih sporo\u010dil. To ne bo le pospe\u0161ilo postopka zaposlovanja, temve\u010d bo omogo\u010dilo tudi na\u010drtovanje razgovorov ob najprimernej\u0161em \u010dasu tako za kandidate kot za vodje zaposlovanja. Razgovori potekajo po fazah, kar nam na nadaljnjem preizkusu v na\u0161ih poslovnih centrih da oceno ravni usposobljenosti kandidata. Izvajajo se avdio preizkusi, video preizkusi in tehni\u010dni preizkusi.<\/p>\n\t\t\t\t\t\t\t\t\t\t\t<\/div>\n\t\t\t\t\t\t\t\t\t\t<\/div>\n\t\t\t\t\t\t\t\t\t<\/div>\n\t\t\t\t\t\t\t\t<\/div>\n\t\t\t\t\t\t\t\t\t\t\t\t\t\t\t\t\t\t\t\t\t\t<div class=\"timeline-item timeline-item-right active\">\n\t\t\t\t\t\t\t\t\t<div class=\"timeline-info\">\n\t\t\t\t\t\t\t\t\t\t<div class=\"content-info\" \n\t\t\t\t\t\t\t\t\t\tdata-animation='{\"animation\":\"\",\"duration\":\"\",\"delay\":\"\"}'>\n\n\t\t\t\t\t\t\t\t\t\t\t\t\t\t\t\t\t\t\t\t\t\t\t<div class=\"date\">\n\t\t\t\t\t\t\t\t\t\t\t\t\t \t\t\t\t\t\t\t\t\t\t\t\t<\/div>\n\t\t\t\t\t\t\t\t\t\t\t\n\t\t\t\t\t\t\t\t\t\t\t<div class=\"timeline-content\">\n\t\t\t\t\t\t\t\t\t\t\t\t<h3 class=\"title\">Preverjanje kandidata<\/h3>\n\t\t\t\t\t\t\t\t\t\t\t\t<p class=\"desc\">To je drugi korak v postopku razgovora, pri katerem se preveri izobrazba, izku\u0161nje, osebna in zdravstvena anamneza kandidata, saj se podatki o vsakem zaposlenem lahko razlikujejo glede na vse spremne dokumente. To se naredi zato, da se izberejo najkakovostnej\u0161i kandidati. Ta postopek se izvaja osebno.<\/p>\n\t\t\t\t\t\t\t\t\t\t\t<\/div>\n\t\t\t\t\t\t\t\t\t\t<\/div>\n\t\t\t\t\t\t\t\t\t<\/div>\n\t\t\t\t\t\t\t\t\t<div class=\"timeline-image\">\n\t\t\t\t\t\t\t\t\t\t<img decoding=\"async\" src=\"https:\/\/bcmgroup.in\/wp-content\/uploads\/2024\/03\/candidate-verification-1.jpg\" alt=\"\">\n\t\t\t\t\t\t\t\t\t<\/div>\n\t\t\t\t\t\t\t\t<\/div>\n\t\t\t\t\t\t\t\t\t\t\t\t\t\t\t\t\t\t\t\t\t<div class=\"timeline-item timeline-item-left \">\n\t\t\t\t\t\t\t\t\t<div class=\"timeline-image\">\n\t\t\t\t\t\t\t\t\t\t<img decoding=\"async\" src=\"https:\/\/bcmgroup.in\/wp-content\/uploads\/2024\/03\/Documentation-1.jpg\" alt=\"\"\n\t\t\t\t\t\t\t\t\t\ttitle=\"\">\n\t\t\t\t\t\t\t\t\t<\/div>\n\t\t\t\t\t\t\t\t\t<div class=\"timeline-info\">\n\t\t\t\t\t\t\t\t\t\t<div class=\"content-info\" \n\t\t\t\t\t\t\t\t\t\t\tdata-animation='{\"animation\":\"\",\"duration\":\"\",\"delay\":\"\"}'>\n\n\t\t\t\t\t\t\t\t\t\t\t\t\t\t\t\t\t\t\t\t\t\t\t<div class=\"date\">\n\t\t\t\t\t\t\t\t\t\t\t\t\t \t\t\t\t\t\t\t\t\t\t\t\t<\/div>\n\t\t\t\t\t\t\t\t\t\t\t\t\t\t\t\t\t\t\t\t\t\t<div class=\"timeline-content\">\n\t\t\t\t\t\t\t\t\t\t\t\t<h3 class=\"title\">Dokumentacija<\/h3>\n\t\t\t\t\t\t\t\t\t\t\t\t<p class=\"desc\">Soglasje o za\u010drtanih pogojih je bistvenega pomena za nemoten potek vsakega sporazuma. Celovit sporazum slu\u017ei kot formalni kanal, prek katerega obe stranki izrazita svoje soglasje in zavezo. V njem so klju\u010dne komponente, kot so prenos pooblastil s pooblastilom, artikulacija zahtev z zahtevo in opredelitev vlog in odgovornosti v pogodbi o zaposlitvi. Ti dokumenti ne zagotavljajo le jasnosti, temve\u010d tudi razvijajo zaupanje in medsebojno razumevanje ter ustvarjajo trdne temelje za plodno sodelovanje.<\/p>\n\t\t\t\t\t\t\t\t\t\t\t<\/div>\n\t\t\t\t\t\t\t\t\t\t<\/div>\n\t\t\t\t\t\t\t\t\t<\/div>\n\t\t\t\t\t\t\t\t<\/div>\n\t\t\t\t\t\t\t\t\t\t\t\t\t\t\t\t\t\t\t\t\t\t<div class=\"timeline-item timeline-item-right \">\n\t\t\t\t\t\t\t\t\t<div class=\"timeline-info\">\n\t\t\t\t\t\t\t\t\t\t<div class=\"content-info\" \n\t\t\t\t\t\t\t\t\t\tdata-animation='{\"animation\":\"\",\"duration\":\"\",\"delay\":\"\"}'>\n\n\t\t\t\t\t\t\t\t\t\t\t\t\t\t\t\t\t\t\t\t\t\t\t<div class=\"date\">\n\t\t\t\t\t\t\t\t\t\t\t\t\t \t\t\t\t\t\t\t\t\t\t\t\t<\/div>\n\t\t\t\t\t\t\t\t\t\t\t\n\t\t\t\t\t\t\t\t\t\t\t<div class=\"timeline-content\">\n\t\t\t\t\t\t\t\t\t\t\t\t<h3 class=\"title\">Zavarovanje in obdelava vizumov<\/h3>\n\t\t\t\t\t\t\t\t\t\t\t\t<p class=\"desc\">Na\u0161a storitev je zasnovana tako, da pomaga prosilcem pri krmarjenju skozi kompleksne zahteve glede zavarovanja in obdelave vizumov. Postopek poenostavljamo tako, da posameznike vodimo skozi izpolnjevanje potrebnih obrazcev in dokumentacije ter zagotavljamo, da so vsi ustrezni podatki natan\u010dno navedeni. Od zavarovanja do vlog za vizum olaj\u0161amo breme z zagotavljanjem celovite podpore, ki na koncu omogo\u010da bolj gladko in u\u010dinkovitej\u0161o pot do pridobitve potrebnih odobritev in kritja.<\/p>\n\t\t\t\t\t\t\t\t\t\t\t<\/div>\n\t\t\t\t\t\t\t\t\t\t<\/div>\n\t\t\t\t\t\t\t\t\t<\/div>\n\t\t\t\t\t\t\t\t\t<div class=\"timeline-image\">\n\t\t\t\t\t\t\t\t\t\t<img decoding=\"async\" src=\"https:\/\/bcmgroup.in\/wp-content\/uploads\/2024\/03\/insurance-and-visa-processing-1.jpg\" alt=\"\">\n\t\t\t\t\t\t\t\t\t<\/div>\n\t\t\t\t\t\t\t\t<\/div>\n\t\t\t\t\t\t\t\t\t\t\t\t\t\t\t\t\t\t\t\t\t<div class=\"timeline-item timeline-item-left active\">\n\t\t\t\t\t\t\t\t\t<div class=\"timeline-image\">\n\t\t\t\t\t\t\t\t\t\t<img decoding=\"async\" src=\"https:\/\/bcmgroup.in\/wp-content\/uploads\/2024\/03\/ONBOARDING-PROCESS.jpg\" alt=\"\"\n\t\t\t\t\t\t\t\t\t\ttitle=\"\">\n\t\t\t\t\t\t\t\t\t<\/div>\n\t\t\t\t\t\t\t\t\t<div class=\"timeline-info\">\n\t\t\t\t\t\t\t\t\t\t<div class=\"content-info\" \n\t\t\t\t\t\t\t\t\t\t\tdata-animation='{\"animation\":\"\",\"duration\":\"\",\"delay\":\"\"}'>\n\n\t\t\t\t\t\t\t\t\t\t\t\t\t\t\t\t\t\t\t\t\t\t\t<div class=\"date\">\n\t\t\t\t\t\t\t\t\t\t\t\t\t \t\t\t\t\t\t\t\t\t\t\t\t<\/div>\n\t\t\t\t\t\t\t\t\t\t\t\t\t\t\t\t\t\t\t\t\t\t<div class=\"timeline-content\">\n\t\t\t\t\t\t\t\t\t\t\t\t<h3 class=\"title\">Postopek registracije<\/h3>\n\t\t\t\t\t\t\t\t\t\t\t\t<p class=\"desc\">Ena od klju\u010dnih odgovornosti vodje je zagotoviti nemoten potek uvajanja novih predstavnikov v zdru\u017eenje. To vklju\u010duje seznanitev s kulturo, pristopi in metodologijo organizacije ter z njihovim delom in odgovornostmi. Z vodenjem, podporo in mentorstvom vodje pomagajo novim zaposlenim, da se po\u010dutijo povabljene, cenjene in pripravljene prispevati k skupini. U\u010dinkovito uvajanje pospe\u0161i interakcijo med razli\u010dnimi razli\u010dicami ter izbolj\u0161a anga\u017eiranost in zadr\u017eevanje zaposlenih, kar na koncu prispeva k skupnemu dobi\u010dku zdru\u017eenja.<\/p>\n\t\t\t\t\t\t\t\t\t\t\t<\/div>\n\t\t\t\t\t\t\t\t\t\t<\/div>\n\t\t\t\t\t\t\t\t\t<\/div>\n\t\t\t\t\t\t\t\t<\/div>\n\t\t\t\t\t\t\t\t\t\t\t\t\t\t\t\t\t\t\t\t\t\t<div class=\"timeline-item timeline-item-right \">\n\t\t\t\t\t\t\t\t\t<div class=\"timeline-info\">\n\t\t\t\t\t\t\t\t\t\t<div class=\"content-info\" \n\t\t\t\t\t\t\t\t\t\tdata-animation='{\"animation\":\"\",\"duration\":\"\",\"delay\":\"\"}'>\n\n\t\t\t\t\t\t\t\t\t\t\t\t\t\t\t\t\t\t\t\t\t\t\t<div class=\"date\">\n\t\t\t\t\t\t\t\t\t\t\t\t\t \t\t\t\t\t\t\t\t\t\t\t\t<\/div>\n\t\t\t\t\t\t\t\t\t\t\t\n\t\t\t\t\t\t\t\t\t\t\t<div class=\"timeline-content\">\n\t\t\t\t\t\t\t\t\t\t\t\t<h3 class=\"title\">Storitev po odhodu<\/h3>\n\t\t\t\t\t\t\t\t\t\t\t\t<p class=\"desc\">V na\u0161em zdru\u017eenju verjamemo v to, da je treba vsakemu posamezniku nameniti individualno pozornost, ki si jo zaslu\u017ei. Na\u0161a potreba je, da se prilagodimo uspehu na\u0161ih tekmovalcev tako, da jim zagotovimo bolj\u0161e smernice na vsaki stopnji njihove poti. Ne glede na to, ali gre za spodbujanje tistega, kar vodi k uspehu, predlaganje ugovorov ali povezovanje z odli\u010dnimi posamezniki, smo tukaj, da zagotovimo, da se na\u0161i za\u010detniki po\u010dutijo podprte in samozavestne. Z na\u0161o strokovno pomo\u010djo lahko tekmovalci razi\u0161\u010dejo svoje poti in spoznajo, da imajo zanesljivega partnerja, ki jim bo nudil smernice in podporo na vsaki to\u010dki, ko jo bodo potrebovali.<\/p>\n\t\t\t\t\t\t\t\t\t\t\t<\/div>\n\t\t\t\t\t\t\t\t\t\t<\/div>\n\t\t\t\t\t\t\t\t\t<\/div>\n\t\t\t\t\t\t\t\t\t<div class=\"timeline-image\">\n\t\t\t\t\t\t\t\t\t\t<img decoding=\"async\" src=\"https:\/\/bcmgroup.in\/wp-content\/uploads\/2024\/03\/SERVICE-POST-DEPARTURE.jpg\" alt=\"\">\n\t\t\t\t\t\t\t\t\t<\/div>\n\t\t\t\t\t\t\t\t<\/div>\n\t\t\t\t\t\t\t\t\t\t\t<\/div>\n\t\t\t\t\n\t\t\t<\/div>\n\t\t<\/div>\n\t\t \t\n\t\t\t\t\t\t<\/div>\n\t\t\t\t<\/div>\n\t\t\t\t\t<\/div>\n\t\t\t\t<\/div>\n\t\t\t\t<\/div>\n\t\t","protected":false},"excerpt":{"rendered":"<p>ZAPOSLOVANJE V TUJINI Na\u010drtovanje razgovora Za ta postopek je poskrbljeno in podjetje si ne po\u0161ilja nepotrebnih e-po\u0161tnih sporo\u010dil. To ne bo le pospe\u0161ilo postopka zaposlovanja, temve\u010d bo omogo\u010dilo tudi na\u010drtovanje razgovorov ob najprimernej\u0161em \u010dasu tako za kandidate kot za vodje zaposlovanja. Razgovori potekajo po fazah, kar nam na nadaljnjem preizkusu v na\u0161ih poslovnih centrih da [&hellip;]<\/p>\n","protected":false},"author":1,"featured_media":0,"parent":0,"menu_order":0,"comment_status":"closed","ping_status":"closed","template":"elementor_header_footer","meta":{"googlesitekit_rrm_CAowi469DA:productID":"","footnotes":""},"class_list":["post-73814","page","type-page","status-publish","hentry"],"_links":{"self":[{"href":"https:\/\/bcmgroup.in\/sl\/wp-json\/wp\/v2\/pages\/73814","targetHints":{"allow":["GET"]}}],"collection":[{"href":"https:\/\/bcmgroup.in\/sl\/wp-json\/wp\/v2\/pages"}],"about":[{"href":"https:\/\/bcmgroup.in\/sl\/wp-json\/wp\/v2\/types\/page"}],"author":[{"embeddable":true,"href":"https:\/\/bcmgroup.in\/sl\/wp-json\/wp\/v2\/users\/1"}],"replies":[{"embeddable":true,"href":"https:\/\/bcmgroup.in\/sl\/wp-json\/wp\/v2\/comments?post=73814"}],"version-history":[{"count":13,"href":"https:\/\/bcmgroup.in\/sl\/wp-json\/wp\/v2\/pages\/73814\/revisions"}],"predecessor-version":[{"id":111641,"href":"https:\/\/bcmgroup.in\/sl\/wp-json\/wp\/v2\/pages\/73814\/revisions\/111641"}],"wp:attachment":[{"href":"https:\/\/bcmgroup.in\/sl\/wp-json\/wp\/v2\/media?parent=73814"}],"curies":[{"name":"wp","href":"https:\/\/api.w.org\/{rel}","templated":true}]}}