{"id":66327,"date":"2023-06-14T02:31:28","date_gmt":"2023-06-14T02:31:28","guid":{"rendered":"https:\/\/bcmgroup.in\/nasa-zgodba\/"},"modified":"2026-04-10T13:09:30","modified_gmt":"2026-04-10T13:09:30","slug":"nasa-zgodba","status":"publish","type":"page","link":"https:\/\/bcmgroup.in\/sl\/nasa-zgodba\/","title":{"rendered":"Na\u0161a zgodba"},"content":{"rendered":"\t\t<div data-elementor-type=\"wp-page\" data-elementor-id=\"66327\" class=\"elementor elementor-66327 elementor-405\" data-elementor-post-type=\"page\">\n\t\t\t\t<div class=\"elementor-element elementor-element-574bbe9 e-grid e-con-full e-con e-parent\" data-id=\"574bbe9\" data-element_type=\"container\">\n\t\t\t\t<div class=\"elementor-element elementor-element-8374062 elementor-widget elementor-widget-image\" data-id=\"8374062\" data-element_type=\"widget\" data-widget_type=\"image.default\">\n\t\t\t\t<div class=\"elementor-widget-container\">\n\t\t\t\t\t\t\t\t\t\t\t\t\t\t\t<img fetchpriority=\"high\" decoding=\"async\" width=\"1920\" height=\"820\" src=\"https:\/\/bcmgroup.in\/wp-content\/uploads\/2024\/04\/Our-Story-BCM-Group-1.webp\" class=\"attachment-full size-full wp-image-50638\" alt=\"\u0447\u0430\u0441\u0442\u043d\u043e\u0435 \u0430\u0433\u0435\u043d\u0442\u0441\u0442\u0432\u043e \u0437\u0430\u043d\u044f\u0442\u043e\u0441\u0442\u0438\" srcset=\"https:\/\/bcmgroup.in\/wp-content\/uploads\/2024\/04\/Our-Story-BCM-Group-1.webp 1920w, https:\/\/bcmgroup.in\/wp-content\/uploads\/2024\/04\/Our-Story-BCM-Group-1-300x128.webp 300w, https:\/\/bcmgroup.in\/wp-content\/uploads\/2024\/04\/Our-Story-BCM-Group-1-1024x437.webp 1024w, https:\/\/bcmgroup.in\/wp-content\/uploads\/2024\/04\/Our-Story-BCM-Group-1-768x328.webp 768w, https:\/\/bcmgroup.in\/wp-content\/uploads\/2024\/04\/Our-Story-BCM-Group-1-1536x656.webp 1536w, https:\/\/bcmgroup.in\/wp-content\/uploads\/2024\/04\/Our-Story-BCM-Group-1-150x64.webp 150w\" sizes=\"(max-width: 1920px) 100vw, 1920px\" \/>\t\t\t\t\t\t\t\t\t\t\t\t\t\t\t<\/div>\n\t\t\t\t<\/div>\n\t\t\t\t<\/div>\n\t\t<div class=\"elementor-element elementor-element-16bcd74 e-flex e-con-boxed e-con e-parent\" data-id=\"16bcd74\" data-element_type=\"container\" data-settings=\"{&quot;background_background&quot;:&quot;gradient&quot;}\">\n\t\t\t\t\t<div class=\"e-con-inner\">\n\t\t\t\t<div class=\"elementor-element elementor-element-77d691e elementor-widget elementor-widget-gimont_elementor_heading\" data-id=\"77d691e\" data-element_type=\"widget\" data-widget_type=\"gimont_elementor_heading.default\">\n\t\t\t\t<div class=\"elementor-widget-container\">\n\t\t\t\t\t\n\t\t\t<div class=\"ova-heading template_1\">\n\t\t\t\t\t\t\t\t\t\t\t\t\t\t\t<span class=\"line\"><\/span>\n\t\t\t\t\t\t\t\t\t\t<span class=\"subtitle\">Ve\u010d kot 16+ let izku\u0161enj v panogi<\/span>\n\t\t\t\t\t\t\t\t\t\t\t\t\t\n\t\t\t\t\t\t\t\t\t\t\t\t\t\t\t<h1 class=\"title\"><a href=\"https:\/\/bcmgroup.in\/sl\/odkrijte-bcm\/o-bcm\/\"target=\"_blank\" \t\t\t\t\t\t\t\ttitle=\"\n\">\n<\/a>\n\t\t\t\t\t\t<\/h1>\n\t\t\t\t\t\t\t\t\t\t\n\t\t\t\t\t\t\t\t\n\t\t\t\t\t\t\t\t\t<p class=\"desc\">Mednarodno svetovanje za delo skupine BCM je za\u010delo svojo pot leta 2009, ko je raslo izven Pune in odprlo vrata v ve\u010djih mestih v Indiji in po vsej dr\u017eavi.\nHitro smo postali gospodinjsko ime med podjetji in strokovnjaki na razli\u010dnih ravneh, lokacijah in panogah. Globalno svetovanje o zaposlovanju skupine BCM se pojavlja kot najve\u010dji mednarodni svetovalec za zaposlovanje v Puni in Indiji. Pod vodstvom svetovalcev BCM v tujini je leta 2011 s\u010dasoma zrasla in zagotovila u\u010dinkovite re\u0161itve za talente v vseh organizacijah s svojimi 26 industrijskimi praksami. Podjetje je danes zraslo s 150 svetovalcev po vsej dr\u017eavi na ve\u010d kot 650+ strank in se je vztrajno uprlo izzivom spreminjajo\u010dega se svetovnega trga. Zaposlovanje po vsej Indiji se je za\u010delo leta 2012, ki se je po\u010dasi \u0161irilo in zavzelo vodilno mesto na trgu, kar nam je omogo\u010dilo rast, ko smo leta 2014 vstopili v izobra\u017eevalno industrijo. Do leta 2015 smo \u017ee vzpostavili blagovno znamko v sektorju zaposlovanja za doma\u010de in mednarodno zaposlovanje, kjer smo bili uspe\u0161ni pri uvajanju 5000+ kandidatov, \u0161tevilo pa hitro nara\u0161\u010da, zaradi na\u0161ih kakovostnih storitev.<\/p>\n\t\t\t\t\n\t\t\t<\/div>\n\n\t\t\t\t\t\t<\/div>\n\t\t\t\t<\/div>\n\t\t\t\t\t<\/div>\n\t\t\t\t<\/div>\n\t\t\t\t<section class=\"elementor-section elementor-top-section elementor-element elementor-element-1f4fc12 elementor-section-height-min-height elementor-section-boxed elementor-section-height-default elementor-section-items-middle\" data-id=\"1f4fc12\" data-element_type=\"section\" data-settings=\"{&quot;background_background&quot;:&quot;classic&quot;}\">\n\t\t\t\t\t\t\t<div class=\"elementor-background-overlay\"><\/div>\n\t\t\t\t\t\t\t<div class=\"elementor-container elementor-column-gap-custom\">\n\t\t\t\t\t<div class=\"elementor-column elementor-col-25 elementor-top-column elementor-element elementor-element-714de57\" data-id=\"714de57\" data-element_type=\"column\" data-settings=\"{&quot;background_background&quot;:&quot;gradient&quot;}\">\n\t\t\t<div class=\"elementor-widget-wrap elementor-element-populated\">\n\t\t\t\t\t<div class=\"elementor-background-overlay\"><\/div>\n\t\t\t\t\t\t<div class=\"elementor-element elementor-element-3152d7c elementor-widget elementor-widget-gimont_elementor_counter_2\" data-id=\"3152d7c\" data-element_type=\"widget\" data-widget_type=\"gimont_elementor_counter_2.default\">\n\t\t\t\t<div class=\"elementor-widget-container\">\n\t\t\t\t\t           \n           <div class=\"ova-counter-2 template_3\" data-count=\"16\">\n\n        \t<div class=\"icon\">\n\t\t\t\t<svg aria-hidden=\"true\" class=\"e-font-icon-svg e-fas-business-time\" viewBox=\"0 0 640 512\" xmlns=\"http:\/\/www.w3.org\/2000\/svg\"><path d=\"M496 224c-79.59 0-144 64.41-144 144s64.41 144 144 144 144-64.41 144-144-64.41-144-144-144zm64 150.29c0 5.34-4.37 9.71-9.71 9.71h-60.57c-5.34 0-9.71-4.37-9.71-9.71v-76.57c0-5.34 4.37-9.71 9.71-9.71h12.57c5.34 0 9.71 4.37 9.71 9.71V352h38.29c5.34 0 9.71 4.37 9.71 9.71v12.58zM496 192c5.4 0 10.72.33 16 .81V144c0-25.6-22.4-48-48-48h-80V48c0-25.6-22.4-48-48-48H176c-25.6 0-48 22.4-48 48v48H48c-25.6 0-48 22.4-48 48v80h395.12c28.6-20.09 63.35-32 100.88-32zM320 96H192V64h128v32zm6.82 224H208c-8.84 0-16-7.16-16-16v-48H0v144c0 25.6 22.4 48 48 48h291.43C327.1 423.96 320 396.82 320 368c0-16.66 2.48-32.72 6.82-48z\"><\/path><\/svg>\t\t\t<\/div>\n\t\t\t<div class=\"info\">\n\t\t\t\t<div class=\"odometer-wrapper\">\n\t\t\t\t\t<span class=\"odometer\">0<\/span>\n\t\t\t\t\t<span class=\"suffix\">+<\/span>\n\t\t\t\t<\/div>\n\n\t\t\t\t\n\t      \t    \t\t\t\t\t<p class=\"title\">let izku\u0161enj<\/p>\n\t\t\t\t\t\t\t<\/div>\n           <\/div>\n\t\t \t\n\t\t\t\t\t\t<\/div>\n\t\t\t\t<\/div>\n\t\t\t\t\t<\/div>\n\t\t<\/div>\n\t\t\t\t<div class=\"elementor-column elementor-col-25 elementor-top-column elementor-element elementor-element-114ed18\" data-id=\"114ed18\" data-element_type=\"column\">\n\t\t\t<div class=\"elementor-widget-wrap elementor-element-populated\">\n\t\t\t\t\t\t<div class=\"elementor-element elementor-element-4e84914 elementor-widget elementor-widget-gimont_elementor_counter_2\" data-id=\"4e84914\" data-element_type=\"widget\" data-widget_type=\"gimont_elementor_counter_2.default\">\n\t\t\t\t<div class=\"elementor-widget-container\">\n\t\t\t\t\t           \n           <div class=\"ova-counter-2 template_3\" data-count=\"26\">\n\n        \t<div class=\"icon\">\n\t\t\t\t<svg aria-hidden=\"true\" class=\"e-font-icon-svg e-fas-industry\" viewBox=\"0 0 512 512\" xmlns=\"http:\/\/www.w3.org\/2000\/svg\"><path d=\"M475.115 163.781L336 252.309v-68.28c0-18.916-20.931-30.399-36.885-20.248L160 252.309V56c0-13.255-10.745-24-24-24H24C10.745 32 0 42.745 0 56v400c0 13.255 10.745 24 24 24h464c13.255 0 24-10.745 24-24V184.029c0-18.917-20.931-30.399-36.885-20.248z\"><\/path><\/svg>\t\t\t<\/div>\n\t\t\t<div class=\"info\">\n\t\t\t\t<div class=\"odometer-wrapper\">\n\t\t\t\t\t<span class=\"odometer\">0<\/span>\n\t\t\t\t\t<span class=\"suffix\"><\/span>\n\t\t\t\t<\/div>\n\n\t\t\t\t\n\t      \t    \t\t\t\t\t<p class=\"title\">Industrije<\/p>\n\t\t\t\t\t\t\t<\/div>\n           <\/div>\n\t\t \t\n\t\t\t\t\t\t<\/div>\n\t\t\t\t<\/div>\n\t\t\t\t\t<\/div>\n\t\t<\/div>\n\t\t\t\t<div class=\"elementor-column elementor-col-25 elementor-top-column elementor-element elementor-element-7567158\" data-id=\"7567158\" data-element_type=\"column\">\n\t\t\t<div class=\"elementor-widget-wrap elementor-element-populated\">\n\t\t\t\t\t\t<div class=\"elementor-element elementor-element-71dd1b4 elementor-widget elementor-widget-gimont_elementor_counter_2\" data-id=\"71dd1b4\" data-element_type=\"widget\" data-widget_type=\"gimont_elementor_counter_2.default\">\n\t\t\t\t<div class=\"elementor-widget-container\">\n\t\t\t\t\t           \n           <div class=\"ova-counter-2 template_3\" data-count=\"100\">\n\n        \t<div class=\"icon\">\n\t\t\t\t<svg aria-hidden=\"true\" class=\"e-font-icon-svg e-fas-thumbs-up\" viewBox=\"0 0 512 512\" xmlns=\"http:\/\/www.w3.org\/2000\/svg\"><path d=\"M104 224H24c-13.255 0-24 10.745-24 24v240c0 13.255 10.745 24 24 24h80c13.255 0 24-10.745 24-24V248c0-13.255-10.745-24-24-24zM64 472c-13.255 0-24-10.745-24-24s10.745-24 24-24 24 10.745 24 24-10.745 24-24 24zM384 81.452c0 42.416-25.97 66.208-33.277 94.548h101.723c33.397 0 59.397 27.746 59.553 58.098.084 17.938-7.546 37.249-19.439 49.197l-.11.11c9.836 23.337 8.237 56.037-9.308 79.469 8.681 25.895-.069 57.704-16.382 74.757 4.298 17.598 2.244 32.575-6.148 44.632C440.202 511.587 389.616 512 346.839 512l-2.845-.001c-48.287-.017-87.806-17.598-119.56-31.725-15.957-7.099-36.821-15.887-52.651-16.178-6.54-.12-11.783-5.457-11.783-11.998v-213.77c0-3.2 1.282-6.271 3.558-8.521 39.614-39.144 56.648-80.587 89.117-113.111 14.804-14.832 20.188-37.236 25.393-58.902C282.515 39.293 291.817 0 312 0c24 0 72 8 72 81.452z\"><\/path><\/svg>\t\t\t<\/div>\n\t\t\t<div class=\"info\">\n\t\t\t\t<div class=\"odometer-wrapper\">\n\t\t\t\t\t<span class=\"odometer\">0<\/span>\n\t\t\t\t\t<span class=\"suffix\">%<\/span>\n\t\t\t\t<\/div>\n\n\t\t\t\t\n\t      \t    \t\t\t\t\t<p class=\"title\">odstotna stopnja uspe\u0161nosti\n<\/p>\n\t\t\t\t\t\t\t<\/div>\n           <\/div>\n\t\t \t\n\t\t\t\t\t\t<\/div>\n\t\t\t\t<\/div>\n\t\t\t\t\t<\/div>\n\t\t<\/div>\n\t\t\t\t<div class=\"elementor-column elementor-col-25 elementor-top-column elementor-element elementor-element-58a2617\" data-id=\"58a2617\" data-element_type=\"column\">\n\t\t\t<div class=\"elementor-widget-wrap elementor-element-populated\">\n\t\t\t\t\t\t<div class=\"elementor-element elementor-element-d5de55f elementor-widget elementor-widget-gimont_elementor_counter_2\" data-id=\"d5de55f\" data-element_type=\"widget\" data-widget_type=\"gimont_elementor_counter_2.default\">\n\t\t\t\t<div class=\"elementor-widget-container\">\n\t\t\t\t\t           \n           <div class=\"ova-counter-2 template_3\" data-count=\"7\">\n\n        \t<div class=\"icon\">\n\t\t\t\t<i aria-hidden=\"true\" class=\"gimonticon gimonticon-persons-in-a-class\"><\/i>\t\t\t<\/div>\n\t\t\t<div class=\"info\">\n\t\t\t\t<div class=\"odometer-wrapper\">\n\t\t\t\t\t<span class=\"odometer\">0<\/span>\n\t\t\t\t\t<span class=\"suffix\">k<\/span>\n\t\t\t\t<\/div>\n\n\t\t\t\t\n\t      \t    \t\t\t\t\t<p class=\"title\">\u0411\u043e\u043b\u044c\u0448\u0435 \u043a\u043b\u0438\u0435\u043d\u0442\u043e\u0432<\/p>\n\t\t\t\t\t\t\t<\/div>\n           <\/div>\n\t\t \t\n\t\t\t\t\t\t<\/div>\n\t\t\t\t<\/div>\n\t\t\t\t\t<\/div>\n\t\t<\/div>\n\t\t\t\t\t<\/div>\n\t\t<\/section>\n\t\t<div class=\"elementor-element elementor-element-454d1bc e-flex e-con-boxed e-con e-parent\" data-id=\"454d1bc\" data-element_type=\"container\">\n\t\t\t\t\t<div class=\"e-con-inner\">\n\t\t\t\t<div class=\"elementor-element elementor-element-49d8607 elementor-widget elementor-widget-gimont_elementor_heading\" data-id=\"49d8607\" data-element_type=\"widget\" data-widget_type=\"gimont_elementor_heading.default\">\n\t\t\t\t<div class=\"elementor-widget-container\">\n\t\t\t\t\t\n\t\t\t<div class=\"ova-heading template_1\">\n\t\t\t\t\t\t\t\t\t\t\t\t\t\t\t<span class=\"line\"><\/span>\n\t\t\t\t\t\t\t\t\t\t<span class=\"subtitle\">Na\u0161e vrednote nas naredijo to, kar smo<\/span>\n\t\t\t\t\t\t\t\t\t\t\t\t\t\n\t\t\t\t\t\t\t\t\n\t\t\t\t\n\t\t\t<\/div>\n\n\t\t\t\t\t\t<\/div>\n\t\t\t\t<\/div>\n\t\t\t\t\t<\/div>\n\t\t\t\t<\/div>\n\t\t<div class=\"elementor-element elementor-element-154ba8a e-flex e-con-boxed e-con e-parent\" data-id=\"154ba8a\" data-element_type=\"container\">\n\t\t\t\t\t<div class=\"e-con-inner\">\n\t\t<div class=\"elementor-element elementor-element-51663c9 e-con-full e-flex e-con e-child\" data-id=\"51663c9\" data-element_type=\"container\">\n\t\t\t\t<div class=\"elementor-element elementor-element-be2bcff elementor-widget elementor-widget-gimont_elementor_image_box\" data-id=\"be2bcff\" data-element_type=\"widget\" data-widget_type=\"gimont_elementor_image_box.default\">\n\t\t\t\t<div class=\"elementor-widget-container\">\n\t\t\t\t\t\n\t\t\t<div class=\"ova-image-box\">\n\n\t\t\t\t\t\t\t\t\t<img decoding=\"async\" src=\"http:\/\/demo.bcmgroup.in\/wp-content\/uploads\/2024\/03\/Honesty-Hard-Work.webp\" alt=\"Honesty &amp; Hard Work\" class=\"img-box\">\n\t\t\t\t\n\t\t\t\t<div class=\"content_inner\">\n\t\t\t\t\t\t\t\t\t\t\t\t\t\t\t\t\t\t<h3 class=\"title\">Po\u0161tenost in trdo delo<\/h3>\n\t\t\t\t\t\t\t\t\t\t\t\t\t\t\t\t\t\t\t\t\t\t<p class=\"description\">Hrbtenica na\u0161ega podjetja. Verjamemo v &quot;Po\u0161tenost je najbolj\u0161a politika&quot;\n<\/p>\n\t\t\t\t\t\t\t\t\t\t\t\t\t\t<\/div>\n\n\t\t\t<\/div>\n\n\t\t\t\t\t\t<\/div>\n\t\t\t\t<\/div>\n\t\t\t\t<\/div>\n\t\t<div class=\"elementor-element elementor-element-3a6bb5a e-con-full e-flex e-con e-child\" data-id=\"3a6bb5a\" data-element_type=\"container\">\n\t\t\t\t<div class=\"elementor-element elementor-element-be109a7 elementor-widget elementor-widget-gimont_elementor_image_box\" data-id=\"be109a7\" data-element_type=\"widget\" data-widget_type=\"gimont_elementor_image_box.default\">\n\t\t\t\t<div class=\"elementor-widget-container\">\n\t\t\t\t\t\n\t\t\t<div class=\"ova-image-box\">\n\n\t\t\t\t\t\t\t\t\t<img decoding=\"async\" src=\"http:\/\/demo.bcmgroup.in\/wp-content\/uploads\/2024\/03\/Commitment-to-Customers.webp\" alt=\"Commitment to Customers\" class=\"img-box\">\n\t\t\t\t\n\t\t\t\t<div class=\"content_inner\">\n\t\t\t\t\t\t\t\t\t\t\t\t\t\t\t\t\t\t<h3 class=\"title\">Zavezanost strankam<\/h3>\n\t\t\t\t\t\t\t\t\t\t\t\t\t\t\t\t\t\t\t\t\t\t<p class=\"description\">V BCM Group verjamemo v zagotavljanje odli\u010dnih storitev za stranke\n<\/p>\n\t\t\t\t\t\t\t\t\t\t\t\t\t\t<\/div>\n\n\t\t\t<\/div>\n\n\t\t\t\t\t\t<\/div>\n\t\t\t\t<\/div>\n\t\t\t\t<\/div>\n\t\t<div class=\"elementor-element elementor-element-ff375ef e-con-full e-flex e-con e-child\" data-id=\"ff375ef\" data-element_type=\"container\">\n\t\t\t\t<div class=\"elementor-element elementor-element-e681154 elementor-widget elementor-widget-gimont_elementor_image_box\" data-id=\"e681154\" data-element_type=\"widget\" data-widget_type=\"gimont_elementor_image_box.default\">\n\t\t\t\t<div class=\"elementor-widget-container\">\n\t\t\t\t\t\n\t\t\t<div class=\"ova-image-box\">\n\n\t\t\t\t\t\t\t\t\t<img decoding=\"async\" src=\"http:\/\/demo.bcmgroup.in\/wp-content\/uploads\/2024\/03\/Service-is-Priority-Not-Money.webp\" alt=\"services we providing\" class=\"img-box\">\n\t\t\t\t\n\t\t\t\t<div class=\"content_inner\">\n\t\t\t\t\t\t\t\t\t\t\t\t\t\t\t\t\t\t<h3 class=\"title\">storitev pred denarjem<\/h3>\n\t\t\t\t\t\t\t\t\t\t\t\t\t\t\t\t\t\t\t\t\t\t<p class=\"description\">Vedno smo osredoto\u010deni na kakovost storitev, ki jih lahko nudimo<\/p>\n\t\t\t\t\t\t\t\t\t\t\t\t\t\t<\/div>\n\n\t\t\t<\/div>\n\n\t\t\t\t\t\t<\/div>\n\t\t\t\t<\/div>\n\t\t\t\t<\/div>\n\t\t<div class=\"elementor-element elementor-element-a7a2717 e-con-full e-flex e-con e-child\" data-id=\"a7a2717\" data-element_type=\"container\">\n\t\t\t\t<div class=\"elementor-element elementor-element-d5862f2 elementor-widget elementor-widget-gimont_elementor_image_box\" data-id=\"d5862f2\" data-element_type=\"widget\" data-widget_type=\"gimont_elementor_image_box.default\">\n\t\t\t\t<div class=\"elementor-widget-container\">\n\t\t\t\t\t\n\t\t\t<div class=\"ova-image-box\">\n\n\t\t\t\t\t\t\t\t\t<img decoding=\"async\" src=\"http:\/\/demo.bcmgroup.in\/wp-content\/uploads\/2024\/03\/Constant-Improvement.webp\" alt=\"Constant Improvement\" class=\"img-box\">\n\t\t\t\t\n\t\t\t\t<div class=\"content_inner\">\n\t\t\t\t\t\t\t\t\t\t\t\t\t\t\t\t\t\t<h3 class=\"title\">Nenehno izbolj\u0161evanje<\/h3>\n\t\t\t\t\t\t\t\t\t\t\t\t\t\t\t\t\t\t\t\t\t\t<p class=\"description\">Na\u0161 cilj je biti najbolj\u0161i in \u0161e naprej si prizadevamo, da bi to dosegli\n<\/p>\n\t\t\t\t\t\t\t\t\t\t\t\t\t\t<\/div>\n\n\t\t\t<\/div>\n\n\t\t\t\t\t\t<\/div>\n\t\t\t\t<\/div>\n\t\t\t\t<\/div>\n\t\t\t\t\t<\/div>\n\t\t\t\t<\/div>\n\t\t\t\t<section class=\"elementor-section elementor-top-section elementor-element elementor-element-0df8700 elementor-section-boxed elementor-section-height-default elementor-section-height-default\" data-id=\"0df8700\" data-element_type=\"section\">\n\t\t\t\t\t\t<div class=\"elementor-container elementor-column-gap-no\">\n\t\t\t\t\t<div class=\"elementor-column elementor-col-100 elementor-top-column elementor-element elementor-element-2de11e0\" data-id=\"2de11e0\" data-element_type=\"column\">\n\t\t\t<div class=\"elementor-widget-wrap elementor-element-populated\">\n\t\t\t\t\t\t<div class=\"elementor-element elementor-element-ea4cf9c elementor-widget__width-auto elementor-widget elementor-widget-gimont_elementor_road_map\" data-id=\"ea4cf9c\" data-element_type=\"widget\" data-widget_type=\"gimont_elementor_road_map.default\">\n\t\t\t\t<div class=\"elementor-widget-container\">\n\t\t\t\t\t\n\t\t<div class=\"ova-road-map template_1\">\n\t\t\t<div class=\"road-map-wrapper\">\n\n\t\t\t\t\t\t\t\t\t<div class=\"timeline-column\">\n\t\t\t\t\t\t\t\t\t\t\t\t\t\t\t\t\t\t\t\t\t<div class=\"timeline-item timeline-item-left \">\n\t\t\t\t\t\t\t\t\t<div class=\"timeline-image\">\n\t\t\t\t\t\t\t\t\t\t<img decoding=\"async\" src=\"http:\/\/demo.bcmgroup.in\/wp-content\/uploads\/2024\/03\/2009-2012.webp\" alt=\"Povestea BCM\"\n\t\t\t\t\t\t\t\t\t\ttitle=\"2009-2012\">\n\t\t\t\t\t\t\t\t\t<\/div>\n\t\t\t\t\t\t\t\t\t<div class=\"timeline-info\">\n\t\t\t\t\t\t\t\t\t\t<div class=\"content-info ova-invisible\" \n\t\t\t\t\t\t\t\t\t\t\tdata-animation='{\"animation\":\"none\",\"duration\":\"\",\"delay\":\"\"}'>\n\n\t\t\t\t\t\t\t\t\t\t\t\t\t\t\t\t\t\t\t\t\t\t\t<div class=\"date\">\n\t\t\t\t\t\t\t\t\t\t\t\t\t2009-2012\t\t\t\t\t\t\t\t\t\t\t\t<\/div>\n\t\t\t\t\t\t\t\t\t\t\t\t\t\t\t\t\t\t\t\t\t\t<div class=\"timeline-content\">\n\t\t\t\t\t\t\t\t\t\t\t\t<h3 class=\"title\"><\/h3>\n\t\t\t\t\t\t\t\t\t\t\t\t<p class=\"desc\">Na\u0161a pot se je za\u010dela leta 2009 s skromnim za\u010detkom, do leta 2010 pa se je razvila v podjetje za zaposlovanje IT. Do leta 2011 so na\u0161e ekipe za\u010dele cveteti in postavile temelje za na\u0161o \u0161iritev. Do leta 2012 smo uspe\u0161no izvedli zaposlovanje po vsej Indiji, kar je pomemben mejnik.\n<\/p>\n\t\t\t\t\t\t\t\t\t\t\t<\/div>\n\t\t\t\t\t\t\t\t\t\t<\/div>\n\t\t\t\t\t\t\t\t\t<\/div>\n\t\t\t\t\t\t\t\t<\/div>\n\t\t\t\t\t\t\t\t\t\t\t\t\t\t\t\t\t\t\t\t\t\t<div class=\"timeline-item timeline-item-right active\">\n\t\t\t\t\t\t\t\t\t<div class=\"timeline-info\">\n\t\t\t\t\t\t\t\t\t\t<div class=\"content-info\" \n\t\t\t\t\t\t\t\t\t\tdata-animation='{\"animation\":\"\",\"duration\":\"\",\"delay\":\"\"}'>\n\n\t\t\t\t\t\t\t\t\t\t\t\t\t\t\t\t\t\t\t\t\t\t\t<div class=\"date\">\n\t\t\t\t\t\t\t\t\t\t\t\t\t2013-2016\t\t\t\t\t\t\t\t\t\t\t\t<\/div>\n\t\t\t\t\t\t\t\t\t\t\t\n\t\t\t\t\t\t\t\t\t\t\t<div class=\"timeline-content\">\n\t\t\t\t\t\t\t\t\t\t\t\t<h3 class=\"title\"><\/h3>\n\t\t\t\t\t\t\t\t\t\t\t\t<p class=\"desc\">Leta 2013 do 2016 sta zaznamovali hitra rast in diverzifikacija. Leta 2013 se je na\u0161a \u0161iritev pospe\u0161ila, kar nam je dalo prilo\u017enost, da se v letu 2014 podamo v izobra\u017eevalno industrijo. Do leta 2015 smo trdno uveljavili svojo blagovno znamko v sektorju zaposlovanja. Do leta 2016 smo presegli zgolj kadrovske re\u0161itve in se povzdignili do celovitega upravljanja delovne sile.\n<\/p>\n\t\t\t\t\t\t\t\t\t\t\t<\/div>\n\t\t\t\t\t\t\t\t\t\t<\/div>\n\t\t\t\t\t\t\t\t\t<\/div>\n\t\t\t\t\t\t\t\t\t<div class=\"timeline-image\">\n\t\t\t\t\t\t\t\t\t\t<img decoding=\"async\" src=\"http:\/\/demo.bcmgroup.in\/wp-content\/uploads\/2024\/03\/2013-2016-1.webp\" alt=\"\">\n\t\t\t\t\t\t\t\t\t<\/div>\n\t\t\t\t\t\t\t\t<\/div>\n\t\t\t\t\t\t\t\t\t\t\t\t\t\t\t\t\t\t\t\t\t<div class=\"timeline-item timeline-item-left \">\n\t\t\t\t\t\t\t\t\t<div class=\"timeline-image\">\n\t\t\t\t\t\t\t\t\t\t<img decoding=\"async\" src=\"http:\/\/demo.bcmgroup.in\/wp-content\/uploads\/2024\/03\/2017-2020-1.webp\" alt=\"\"\n\t\t\t\t\t\t\t\t\t\ttitle=\"2017-2020 (1)\">\n\t\t\t\t\t\t\t\t\t<\/div>\n\t\t\t\t\t\t\t\t\t<div class=\"timeline-info\">\n\t\t\t\t\t\t\t\t\t\t<div class=\"content-info\" \n\t\t\t\t\t\t\t\t\t\t\tdata-animation='{\"animation\":\"\",\"duration\":\"\",\"delay\":\"\"}'>\n\n\t\t\t\t\t\t\t\t\t\t\t\t\t\t\t\t\t\t\t\t\t\t\t<div class=\"date\">\n\t\t\t\t\t\t\t\t\t\t\t\t\t2017-2020\t\t\t\t\t\t\t\t\t\t\t\t<\/div>\n\t\t\t\t\t\t\t\t\t\t\t\t\t\t\t\t\t\t\t\t\t\t<div class=\"timeline-content\">\n\t\t\t\t\t\t\t\t\t\t\t\t<h3 class=\"title\"><\/h3>\n\t\t\t\t\t\t\t\t\t\t\t\t<p class=\"desc\">V obdobju od leta 2017 do leta 2020 smo utrdili svojo mednarodno prisotnost in se hitro \u0161irili. Do leta 2017 smo vzpostavili mo\u010dan polo\u017eaj na mednarodnem trgu, ki je v letih 2018 in 2019 \u0161e dodatno cvetel. V teh letih smo uspe\u0161no umestili ve\u010d kot 7000+ kandidatov, s \u010dimer smo pokazali svoje strokovno znanje na podro\u010dju mednarodnega zaposlovanja. Do leta 2020 smo postali vodilni na trgu zaposlovanja v tujini in postavili nove standarde odli\u010dnosti.\n<\/p>\n\t\t\t\t\t\t\t\t\t\t\t<\/div>\n\t\t\t\t\t\t\t\t\t\t<\/div>\n\t\t\t\t\t\t\t\t\t<\/div>\n\t\t\t\t\t\t\t\t<\/div>\n\t\t\t\t\t\t\t\t\t\t\t\t\t\t\t\t\t\t\t\t\t\t<div class=\"timeline-item timeline-item-right active\">\n\t\t\t\t\t\t\t\t\t<div class=\"timeline-info\">\n\t\t\t\t\t\t\t\t\t\t<div class=\"content-info\" \n\t\t\t\t\t\t\t\t\t\tdata-animation='{\"animation\":\"\",\"duration\":\"\",\"delay\":\"\"}'>\n\n\t\t\t\t\t\t\t\t\t\t\t\t\t\t\t\t\t\t\t\t\t\t\t<div class=\"date\">\n\t\t\t\t\t\t\t\t\t\t\t\t\t2021-2024\t\t\t\t\t\t\t\t\t\t\t\t<\/div>\n\t\t\t\t\t\t\t\t\t\t\t\n\t\t\t\t\t\t\t\t\t\t\t<div class=\"timeline-content\">\n\t\t\t\t\t\t\t\t\t\t\t\t<h3 class=\"title\"><\/h3>\n\t\t\t\t\t\t\t\t\t\t\t\t<p class=\"desc\">Od leta 2021 je rast na\u0161e mre\u017ee nadzornikov po vsej Evropi glavni cilj, v dr\u017eavah, kot so Finska, \u0160vedska, Mad\u017earska, Romunija in Hrva\u0161ka, pa je bil dose\u017een znaten napredek. Na\u0161a \u017eelja je neizprosna, saj \u017eelimo do leta 2024 vzpostaviti svojo prevlado po vsej celini. Na\u0161a neomajna \u017eelja po zagotavljanju izjemnih storitev, skupaj z na\u0161o neomajno zavezanostjo kakovosti, nas postavlja v polo\u017eaj, da se ne le uveljavimo, ampak tudi uspevamo po vsej Evropi. Z vsakim novim zavezni\u0161tvom in dobrodo\u0161lo skupnostjo smo korak bli\u017eje na\u0161emu kon\u010dnemu cilju, da postanemo vodilni nadzorni organ v Evropi.<\/p>\n\t\t\t\t\t\t\t\t\t\t\t<\/div>\n\t\t\t\t\t\t\t\t\t\t<\/div>\n\t\t\t\t\t\t\t\t\t<\/div>\n\t\t\t\t\t\t\t\t\t<div class=\"timeline-image\">\n\t\t\t\t\t\t\t\t\t\t<img decoding=\"async\" src=\"http:\/\/demo.bcmgroup.in\/wp-content\/uploads\/2024\/03\/2021-2024-1-1.webp\" alt=\"\">\n\t\t\t\t\t\t\t\t\t<\/div>\n\t\t\t\t\t\t\t\t<\/div>\n\t\t\t\t\t\t\t\t\t\t\t<\/div>\n\t\t\t\t\n\t\t\t<\/div>\n\t\t<\/div>\n\t\t \t\n\t\t\t\t\t\t<\/div>\n\t\t\t\t<\/div>\n\t\t\t\t\t<\/div>\n\t\t<\/div>\n\t\t\t\t\t<\/div>\n\t\t<\/section>\n\t\t\t\t<\/div>\n\t\t","protected":false},"excerpt":{"rendered":"<p>Ve\u010d kot 16+ let izku\u0161enj v panogi Mednarodno svetovanje za delo skupine BCM je za\u010delo svojo pot leta 2009, ko je raslo izven Pune in odprlo vrata v ve\u010djih mestih v Indiji in po vsej dr\u017eavi. Hitro smo postali gospodinjsko ime med podjetji in strokovnjaki na razli\u010dnih ravneh, lokacijah in panogah. Globalno svetovanje o zaposlovanju [&hellip;]<\/p>\n","protected":false},"author":1,"featured_media":0,"parent":0,"menu_order":0,"comment_status":"closed","ping_status":"closed","template":"elementor_header_footer","meta":{"googlesitekit_rrm_CAowi469DA:productID":"","footnotes":""},"class_list":["post-66327","page","type-page","status-publish","hentry"],"_links":{"self":[{"href":"https:\/\/bcmgroup.in\/sl\/wp-json\/wp\/v2\/pages\/66327","targetHints":{"allow":["GET"]}}],"collection":[{"href":"https:\/\/bcmgroup.in\/sl\/wp-json\/wp\/v2\/pages"}],"about":[{"href":"https:\/\/bcmgroup.in\/sl\/wp-json\/wp\/v2\/types\/page"}],"author":[{"embeddable":true,"href":"https:\/\/bcmgroup.in\/sl\/wp-json\/wp\/v2\/users\/1"}],"replies":[{"embeddable":true,"href":"https:\/\/bcmgroup.in\/sl\/wp-json\/wp\/v2\/comments?post=66327"}],"version-history":[{"count":27,"href":"https:\/\/bcmgroup.in\/sl\/wp-json\/wp\/v2\/pages\/66327\/revisions"}],"predecessor-version":[{"id":153424,"href":"https:\/\/bcmgroup.in\/sl\/wp-json\/wp\/v2\/pages\/66327\/revisions\/153424"}],"wp:attachment":[{"href":"https:\/\/bcmgroup.in\/sl\/wp-json\/wp\/v2\/media?parent=66327"}],"curies":[{"name":"wp","href":"https:\/\/api.w.org\/{rel}","templated":true}]}}