{"id":66253,"date":"2023-06-07T01:47:42","date_gmt":"2023-06-07T01:47:42","guid":{"rendered":"https:\/\/bcmgroup.in\/dobrodosli-v-pravilniku-o-zasebnosti-skupine-bcm\/"},"modified":"2025-12-03T10:22:50","modified_gmt":"2025-12-03T10:22:50","slug":"dobrodosli-v-pravilniku-o-zasebnosti-skupine-bcm","status":"publish","type":"page","link":"https:\/\/bcmgroup.in\/sl\/dobrodosli-v-pravilniku-o-zasebnosti-skupine-bcm\/","title":{"rendered":"Dobrodo\u0161li v pravilniku o zasebnosti skupine BCM:"},"content":{"rendered":"\t\t<div data-elementor-type=\"wp-page\" data-elementor-id=\"66253\" class=\"elementor elementor-66253 elementor-17128\" data-elementor-post-type=\"page\">\n\t\t\t\t<div class=\"elementor-element elementor-element-4ca48e1 e-flex e-con-boxed e-con e-parent\" data-id=\"4ca48e1\" data-element_type=\"container\">\n\t\t\t\t\t<div class=\"e-con-inner\">\n\t\t\t\t<div class=\"elementor-element elementor-element-c7828bf elementor-widget elementor-widget-heading\" data-id=\"c7828bf\" data-element_type=\"widget\" data-widget_type=\"heading.default\">\n\t\t\t\t<div class=\"elementor-widget-container\">\n\t\t\t\t\t<h1 class=\"elementor-heading-title elementor-size-default\">Dobrodo\u0161li v pravilniku o zasebnosti skupine BCM:<\/h1>\t\t\t\t<\/div>\n\t\t\t\t<\/div>\n\t\t\t\t\t<\/div>\n\t\t\t\t<\/div>\n\t\t<div class=\"elementor-element elementor-element-69e0055 e-flex e-con-boxed e-con e-parent\" data-id=\"69e0055\" data-element_type=\"container\">\n\t\t\t\t\t<div class=\"e-con-inner\">\n\t\t\t\t<div class=\"elementor-element elementor-element-8d50bac elementor-widget elementor-widget-text-editor\" data-id=\"8d50bac\" data-element_type=\"widget\" data-widget_type=\"text-editor.default\">\n\t\t\t\t<div class=\"elementor-widget-container\">\n\t\t\t\t\t\t\t\t\t<p>V skupini BCM smo zavezani varovanju va\u0161e zasebnosti in zagotavljanju, da se z va\u0161imi osebnimi podatki ravna odgovorno. Ta pravilnik o zasebnosti opisuje, kako zbiramo, uporabljamo, razkrivamo in varujemo va\u0161e podatke, ko obi\u0161\u010dete na\u0161e spletno mesto ali komunicirate z nami prek dejavnosti digitalnega tr\u017eenja.<\/p>\t\t\t\t\t\t\t\t<\/div>\n\t\t\t\t<\/div>\n\t\t\t\t\t<\/div>\n\t\t\t\t<\/div>\n\t\t<div class=\"elementor-element elementor-element-e5f2530 e-flex e-con-boxed e-con e-parent\" data-id=\"e5f2530\" data-element_type=\"container\">\n\t\t\t\t\t<div class=\"e-con-inner\">\n\t\t\t\t<div class=\"elementor-element elementor-element-ecac5db elementor-widget elementor-widget-heading\" data-id=\"ecac5db\" data-element_type=\"widget\" data-widget_type=\"heading.default\">\n\t\t\t\t<div class=\"elementor-widget-container\">\n\t\t\t\t\t<h2 class=\"elementor-heading-title elementor-size-default\">1. Podatki, ki jih zbiramo\n<\/h2>\t\t\t\t<\/div>\n\t\t\t\t<\/div>\n\t\t\t\t\t<\/div>\n\t\t\t\t<\/div>\n\t\t<div class=\"elementor-element elementor-element-c8224f4 e-flex e-con-boxed e-con e-parent\" data-id=\"c8224f4\" data-element_type=\"container\">\n\t\t\t\t\t<div class=\"e-con-inner\">\n\t\t\t\t<div class=\"elementor-element elementor-element-6a804bd elementor-widget elementor-widget-text-editor\" data-id=\"6a804bd\" data-element_type=\"widget\" data-widget_type=\"text-editor.default\">\n\t\t\t\t<div class=\"elementor-widget-container\">\n\t\t\t\t\t\t\t\t\t<ul>\n<li><strong>Osebni podatki: <\/strong>Ko obi\u0161\u010dete na\u0161o spletno stran ali sodelujete v na\u0161ih dejavnostih digitalnega tr\u017eenja, lahko zbiramo osebne podatke, kot so va\u0161e ime, e-po\u0161tni naslov, telefonska \u0161tevilka in vse druge podatke, ki jih prostovoljno posredujete.<\/li>\n<li><strong>Podatki o uporabi: <\/strong>Zbiramo lahko podatke o va\u0161em vedenju brskanja po na\u0161i spletni strani, vklju\u010dno s stranmi, ki jih obi\u0161\u010dete, povezavami, na katere kliknete, in drugimi dejanji, ki jih izvedete.<\/li>\n<li><strong>Podatki o napravi:<\/strong>\u00a0Zbiramo lahko podatke o napravi, ki jo uporabljate za dostop do na\u0161ega spletnega mesta ali za interakcijo z na\u0161imi dejavnostmi digitalnega tr\u017eenja, kot so va\u0161 IP-naslov, vrsta brskalnika in operacijski sistem.<\/li>\n<\/ul>\t\t\t\t\t\t\t\t<\/div>\n\t\t\t\t<\/div>\n\t\t\t\t\t<\/div>\n\t\t\t\t<\/div>\n\t\t<div class=\"elementor-element elementor-element-f4ff73a e-flex e-con-boxed e-con e-parent\" data-id=\"f4ff73a\" data-element_type=\"container\">\n\t\t\t\t\t<div class=\"e-con-inner\">\n\t\t\t\t<div class=\"elementor-element elementor-element-45e8873 elementor-widget elementor-widget-heading\" data-id=\"45e8873\" data-element_type=\"widget\" data-widget_type=\"heading.default\">\n\t\t\t\t<div class=\"elementor-widget-container\">\n\t\t\t\t\t<h2 class=\"elementor-heading-title elementor-size-default\">2. Kako uporabljamo va\u0161e podatke\n<\/h2>\t\t\t\t<\/div>\n\t\t\t\t<\/div>\n\t\t\t\t\t<\/div>\n\t\t\t\t<\/div>\n\t\t<div class=\"elementor-element elementor-element-91566d0 e-flex e-con-boxed e-con e-parent\" data-id=\"91566d0\" data-element_type=\"container\">\n\t\t\t\t\t<div class=\"e-con-inner\">\n\t\t\t\t<div class=\"elementor-element elementor-element-42afc94 elementor-widget elementor-widget-text-editor\" data-id=\"42afc94\" data-element_type=\"widget\" data-widget_type=\"text-editor.default\">\n\t\t\t\t<div class=\"elementor-widget-container\">\n\t\t\t\t\t\t\t\t\t<ul>\n<li><strong>Za zagotavljanje storitev:<\/strong>\u00a0Va\u0161e osebne podatke lahko uporabimo za zagotavljanje storitev, ki jih zahtevate, kot je odgovarjanje na va\u0161a vpra\u0161anja ali obdelava va\u0161ih prijav za zaposlitev.<\/li>\n<li><strong>Za izbolj\u0161anje na\u0161ih storitev: <\/strong>Zbrane podatke lahko uporabimo za analizo trendov, sledenje interakcijam uporabnikov in izbolj\u0161anje kakovosti na\u0161ega spletnega mesta in storitev.<\/li>\n<li><strong>Tr\u017eenje in komunikacije: <\/strong>Z va\u0161im soglasjem lahko va\u0161e kontaktne podatke uporabimo za po\u0161iljanje promocijskih gradiv, glasil ali drugih sporo\u010dil o na\u0161ih storitvah ali prihajajo\u010dih dogodkih.<\/li>\n<\/ul>\t\t\t\t\t\t\t\t<\/div>\n\t\t\t\t<\/div>\n\t\t\t\t\t<\/div>\n\t\t\t\t<\/div>\n\t\t<div class=\"elementor-element elementor-element-24a2dab e-flex e-con-boxed e-con e-parent\" data-id=\"24a2dab\" data-element_type=\"container\">\n\t\t\t\t\t<div class=\"e-con-inner\">\n\t\t\t\t<div class=\"elementor-element elementor-element-8da02a5 elementor-widget elementor-widget-heading\" data-id=\"8da02a5\" data-element_type=\"widget\" data-widget_type=\"heading.default\">\n\t\t\t\t<div class=\"elementor-widget-container\">\n\t\t\t\t\t<h2 class=\"elementor-heading-title elementor-size-default\">3. Skupna raba podatkov in razkritje\n<\/h2>\t\t\t\t<\/div>\n\t\t\t\t<\/div>\n\t\t\t\t\t<\/div>\n\t\t\t\t<\/div>\n\t\t<div class=\"elementor-element elementor-element-8596971 e-flex e-con-boxed e-con e-parent\" data-id=\"8596971\" data-element_type=\"container\">\n\t\t\t\t\t<div class=\"e-con-inner\">\n\t\t\t\t<div class=\"elementor-element elementor-element-2614b1f elementor-widget elementor-widget-text-editor\" data-id=\"2614b1f\" data-element_type=\"widget\" data-widget_type=\"text-editor.default\">\n\t\t\t\t<div class=\"elementor-widget-container\">\n\t\t\t\t\t\t\t\t\t<ul>\n<li><strong>Ponudniki storitev tretjih oseb:<\/strong>\u00a0Va\u0161e podatke lahko delimo s ponudniki storitev tretjih oseb, ki nam pomagajo pri upravljanju na\u0161ega spletnega mesta, vodenju na\u0161ega poslovanja ali zagotavljanju storitev vam. Ti ponudniki storitev so pogodbeno zavezani, da va\u0161e podatke uporabljajo le, \u010de je to potrebno za zagotavljanje storitev, ki jih zahtevamo.<\/li>\n<li><strong>Skladnost s pravnimi predpisi:<\/strong>\u00a0Va\u0161e podatke lahko razkrijemo, kadar to zahteva zakon ali kot odgovor na veljavne pravne zahteve, kot so sodni pozivi ali sodne odredbe.<\/li>\n<\/ul>\t\t\t\t\t\t\t\t<\/div>\n\t\t\t\t<\/div>\n\t\t\t\t\t<\/div>\n\t\t\t\t<\/div>\n\t\t<div class=\"elementor-element elementor-element-e56535b e-flex e-con-boxed e-con e-parent\" data-id=\"e56535b\" data-element_type=\"container\">\n\t\t\t\t\t<div class=\"e-con-inner\">\n\t\t\t\t<div class=\"elementor-element elementor-element-aefaf34 elementor-widget elementor-widget-heading\" data-id=\"aefaf34\" data-element_type=\"widget\" data-widget_type=\"heading.default\">\n\t\t\t\t<div class=\"elementor-widget-container\">\n\t\t\t\t\t<h2 class=\"elementor-heading-title elementor-size-default\">4. Va\u0161e pravice\n<\/h2>\t\t\t\t<\/div>\n\t\t\t\t<\/div>\n\t\t\t\t\t<\/div>\n\t\t\t\t<\/div>\n\t\t<div class=\"elementor-element elementor-element-64d3404 e-flex e-con-boxed e-con e-parent\" data-id=\"64d3404\" data-element_type=\"container\">\n\t\t\t\t\t<div class=\"e-con-inner\">\n\t\t\t\t<div class=\"elementor-element elementor-element-1cc89ee elementor-widget elementor-widget-text-editor\" data-id=\"1cc89ee\" data-element_type=\"widget\" data-widget_type=\"text-editor.default\">\n\t\t\t\t<div class=\"elementor-widget-container\">\n\t\t\t\t\t\t\t\t\t<ul>\n<li><strong>Dostop in popravek:<\/strong>\u00a0Imate pravico dostopati do vseh osebnih podatkov, ki jih hranimo o vas, in jih popraviti. Zahtevate lahko tudi, da va\u0161e osebne podatke izbri\u0161emo, razen v nekaterih primerih.<\/li>\n<li><strong>Tr\u017eenjske nastavitve: <\/strong>Kadar koli se lahko odjavite od prejemanja na\u0161ih tr\u017eenjskih sporo\u010dil. To lahko storite tako, da sledite navodilom za odjavo, ki so vklju\u010dena v na\u0161a e-po\u0161tna sporo\u010dila, ali pa se obrnete neposredno na nas.<\/li>\n<\/ul>\t\t\t\t\t\t\t\t<\/div>\n\t\t\t\t<\/div>\n\t\t\t\t\t<\/div>\n\t\t\t\t<\/div>\n\t\t<div class=\"elementor-element elementor-element-955ab21 e-flex e-con-boxed e-con e-parent\" data-id=\"955ab21\" data-element_type=\"container\">\n\t\t\t\t\t<div class=\"e-con-inner\">\n\t\t\t\t<div class=\"elementor-element elementor-element-4592933 elementor-widget elementor-widget-heading\" data-id=\"4592933\" data-element_type=\"widget\" data-widget_type=\"heading.default\">\n\t\t\t\t<div class=\"elementor-widget-container\">\n\t\t\t\t\t<h2 class=\"elementor-heading-title elementor-size-default\">5. Spremembe tega pravilnika o zasebnosti\n<\/h2>\t\t\t\t<\/div>\n\t\t\t\t<\/div>\n\t\t\t\t\t<\/div>\n\t\t\t\t<\/div>\n\t\t<div class=\"elementor-element elementor-element-7f3434e e-flex e-con-boxed e-con e-parent\" data-id=\"7f3434e\" data-element_type=\"container\">\n\t\t\t\t\t<div class=\"e-con-inner\">\n\t\t\t\t<div class=\"elementor-element elementor-element-8f2c631 elementor-widget elementor-widget-text-editor\" data-id=\"8f2c631\" data-element_type=\"widget\" data-widget_type=\"text-editor.default\">\n\t\t\t\t<div class=\"elementor-widget-container\">\n\t\t\t\t\t\t\t\t\t<p>Ta pravilnik o zasebnosti lahko ob\u010dasno posodobimo, da odra\u017ea spremembe v na\u0161ih praksah ali zakonskih zahtevah. O kakr\u0161nih koli bistvenih spremembah vas bomo obvestili z objavo posodobljenega pravilnika na na\u0161i spletni strani ali neposrednim stikom z vami.<\/p>\t\t\t\t\t\t\t\t<\/div>\n\t\t\t\t<\/div>\n\t\t\t\t\t<\/div>\n\t\t\t\t<\/div>\n\t\t<div class=\"elementor-element elementor-element-ca26474 e-flex e-con-boxed e-con e-parent\" data-id=\"ca26474\" data-element_type=\"container\">\n\t\t\t\t\t<div class=\"e-con-inner\">\n\t\t\t\t<div class=\"elementor-element elementor-element-8f092a4 elementor-widget elementor-widget-heading\" data-id=\"8f092a4\" data-element_type=\"widget\" data-widget_type=\"heading.default\">\n\t\t\t\t<div class=\"elementor-widget-container\">\n\t\t\t\t\t<h2 class=\"elementor-heading-title elementor-size-default\"><a href=\"https:\/\/bcmgroup.in\/sl\/kontakt\/\">7. Kontaktirajte nas\n<\/a><\/h2>\t\t\t\t<\/div>\n\t\t\t\t<\/div>\n\t\t\t\t\t<\/div>\n\t\t\t\t<\/div>\n\t\t<div class=\"elementor-element elementor-element-f64d7e3 e-flex e-con-boxed e-con e-parent\" data-id=\"f64d7e3\" data-element_type=\"container\">\n\t\t\t\t\t<div class=\"e-con-inner\">\n\t\t\t\t<div class=\"elementor-element elementor-element-ef36a52 elementor-widget elementor-widget-text-editor\" data-id=\"ef36a52\" data-element_type=\"widget\" data-widget_type=\"text-editor.default\">\n\t\t\t\t<div class=\"elementor-widget-container\">\n\t\t\t\t\t\t\t\t\t<p>\u010ce imate kakr\u0161na koli vpra\u0161anja ali pomisleke glede tega pravilnika o zasebnosti ali na\u0161ih postopkov podatkov, se obrnite na nas na: <a href=\"mailto:info@bcmgroup.in\" target=\"_blank\" rel=\"noreferrer noopener\">info@bcmgroup.in<br \/><\/a>Z uporabo na\u0161ega spletnega mesta ali interakcijo z na\u0161imi dejavnostmi digitalnega tr\u017eenja sogla\u0161ate s pogoji te politike zasebnosti.<\/p>\t\t\t\t\t\t\t\t<\/div>\n\t\t\t\t<\/div>\n\t\t\t\t\t<\/div>\n\t\t\t\t<\/div>\n\t\t\t\t<\/div>\n\t\t","protected":false},"excerpt":{"rendered":"<p>Dobrodo\u0161li v pravilniku o zasebnosti skupine BCM: V skupini BCM smo zavezani varovanju va\u0161e zasebnosti in zagotavljanju, da se z va\u0161imi osebnimi podatki ravna odgovorno. Ta pravilnik o zasebnosti opisuje, kako zbiramo, uporabljamo, razkrivamo in varujemo va\u0161e podatke, ko obi\u0161\u010dete na\u0161e spletno mesto ali komunicirate z nami prek dejavnosti digitalnega tr\u017eenja. 1. Podatki, ki jih [&hellip;]<\/p>\n","protected":false},"author":1,"featured_media":0,"parent":0,"menu_order":0,"comment_status":"closed","ping_status":"open","template":"elementor_canvas","meta":{"googlesitekit_rrm_CAowi469DA:productID":"","footnotes":""},"class_list":["post-66253","page","type-page","status-publish","hentry"],"_links":{"self":[{"href":"https:\/\/bcmgroup.in\/sl\/wp-json\/wp\/v2\/pages\/66253","targetHints":{"allow":["GET"]}}],"collection":[{"href":"https:\/\/bcmgroup.in\/sl\/wp-json\/wp\/v2\/pages"}],"about":[{"href":"https:\/\/bcmgroup.in\/sl\/wp-json\/wp\/v2\/types\/page"}],"author":[{"embeddable":true,"href":"https:\/\/bcmgroup.in\/sl\/wp-json\/wp\/v2\/users\/1"}],"replies":[{"embeddable":true,"href":"https:\/\/bcmgroup.in\/sl\/wp-json\/wp\/v2\/comments?post=66253"}],"version-history":[{"count":16,"href":"https:\/\/bcmgroup.in\/sl\/wp-json\/wp\/v2\/pages\/66253\/revisions"}],"predecessor-version":[{"id":117475,"href":"https:\/\/bcmgroup.in\/sl\/wp-json\/wp\/v2\/pages\/66253\/revisions\/117475"}],"wp:attachment":[{"href":"https:\/\/bcmgroup.in\/sl\/wp-json\/wp\/v2\/media?parent=66253"}],"curies":[{"name":"wp","href":"https:\/\/api.w.org\/{rel}","templated":true}]}}