{"id":142237,"date":"2026-02-23T07:30:07","date_gmt":"2026-02-23T07:30:07","guid":{"rendered":"https:\/\/bcmgroup.in\/?page_id=142237"},"modified":"2026-03-24T13:18:31","modified_gmt":"2026-03-24T13:18:31","slug":"blogi-bcm","status":"publish","type":"page","link":"https:\/\/bcmgroup.in\/sl\/blogi-bcm\/","title":{"rendered":"Blogi BCM"},"content":{"rendered":"\t\t<div data-elementor-type=\"wp-page\" data-elementor-id=\"142237\" class=\"elementor elementor-142237\" data-elementor-post-type=\"page\">\n\t\t\t\t<div class=\"elementor-element elementor-element-5ce9380 e-flex e-con-boxed e-con e-parent\" data-id=\"5ce9380\" data-element_type=\"container\">\n\t\t\t\t\t<div class=\"e-con-inner\">\n\t\t<div class=\"elementor-element elementor-element-7aa4924 e-con-full e-flex e-con e-child\" data-id=\"7aa4924\" data-element_type=\"container\">\n\t\t<div class=\"elementor-element elementor-element-01bf312 e-con-full e-flex e-con e-child\" data-id=\"01bf312\" data-element_type=\"container\">\n\t\t\t\t<div class=\"elementor-element elementor-element-f3f1ab2 elementor-widget elementor-widget-image\" data-id=\"f3f1ab2\" data-element_type=\"widget\" data-widget_type=\"image.default\">\n\t\t\t\t<div class=\"elementor-widget-container\">\n\t\t\t\t\t\t\t\t\t\t\t\t\t\t\t<img fetchpriority=\"high\" decoding=\"async\" width=\"1620\" height=\"325\" src=\"https:\/\/bcmgroup.in\/wp-content\/uploads\/2026\/02\/SUBMIT-YOUR-CV-9-1.webp\" class=\"attachment-full size-full wp-image-142297\" alt=\"Loty\u0161sko\" srcset=\"https:\/\/bcmgroup.in\/wp-content\/uploads\/2026\/02\/SUBMIT-YOUR-CV-9-1.webp 1620w, https:\/\/bcmgroup.in\/wp-content\/uploads\/2026\/02\/SUBMIT-YOUR-CV-9-1-300x60.webp 300w, https:\/\/bcmgroup.in\/wp-content\/uploads\/2026\/02\/SUBMIT-YOUR-CV-9-1-1024x205.webp 1024w, https:\/\/bcmgroup.in\/wp-content\/uploads\/2026\/02\/SUBMIT-YOUR-CV-9-1-768x154.webp 768w, https:\/\/bcmgroup.in\/wp-content\/uploads\/2026\/02\/SUBMIT-YOUR-CV-9-1-1536x308.webp 1536w\" sizes=\"(max-width: 1620px) 100vw, 1620px\" \/>\t\t\t\t\t\t\t\t\t\t\t\t\t\t\t<\/div>\n\t\t\t\t<\/div>\n\t\t\t\t<\/div>\n\t\t\t\t<\/div>\n\t\t\t\t\t<\/div>\n\t\t\t\t<\/div>\n\t\t<div class=\"elementor-element elementor-element-c5e5275 e-flex e-con-boxed e-con e-parent\" data-id=\"c5e5275\" data-element_type=\"container\">\n\t\t\t\t\t<div class=\"e-con-inner\">\n\t\t<div class=\"elementor-element elementor-element-fb9eb34 e-con-full e-flex e-con e-child\" data-id=\"fb9eb34\" data-element_type=\"container\">\n\t\t<div class=\"elementor-element elementor-element-6bf802e e-con-full e-flex e-con e-child\" data-id=\"6bf802e\" data-element_type=\"container\">\n\t\t<div class=\"elementor-element elementor-element-d921f85 e-con-full e-flex e-con e-child\" data-id=\"d921f85\" data-element_type=\"container\">\n\t\t\t\t<div class=\"elementor-element elementor-element-ba626e4 elementor-widget elementor-widget-shortcode\" data-id=\"ba626e4\" data-element_type=\"widget\" data-widget_type=\"shortcode.default\">\n\t\t\t\t<div class=\"elementor-widget-container\">\n\t\t\t\t\t\t\t<div class=\"elementor-shortcode\"><div id=\"bdpp-post-list-1\" class=\"bdpp-wrap bdpp-lite bdpp-post-list-wrap bdpp-post-data-wrap bdpp-design-1 bdpp-layout-150427 bdpp-clearfix\">\r\n\t<div class=\"bdpp-post-list-inr-wrap bdpp-post-data-inr-wrap bdpp-clearfix\"><div class=\"bdpp-post-list-main bdpp-post-150464 bdpp-post-standard bdpp-has-thumb\">\r\n\t<div class=\"bdpp-post-list-content bdpp-clearfix\">\r\n\t\t\t\t<div class=\"bdpp-post-list-left bdpp-col-2 bdpp-columns\">\r\n\t\t\t<div class=\"bdpp-post-img-bg\">\r\n\t\t\t\t<a href=\"https:\/\/bcmgroup.in\/sl\/blogi\/dovoljenje-za-prebivanje\/\">\r\n\t\t\t\t\t<img decoding=\"async\" src=\"https:\/\/bcmgroup.in\/wp-content\/uploads\/2026\/03\/Verificare-Vechime-in-Munca-Online-\u2013-Ghid-Complet-pentru-Angajatorii-si-Muncitorii-din-Romania-18.webp\" class=\"bdpp-img bdpp-post-feat-img\" alt=\"Izzivi z dovoljenje za prebivanje za delodajalce: pravni postopek, te\u017eave in prakti\u010dne re\u0161itve\" \/>\r\n\t\t\t\t\t\t\t\t\t<\/a>\r\n\t\t\t<\/div>\r\n\t\t<\/div>\r\n\t\t\r\n\t\t<div class=\"bdpp-post-list-right bdpp-col-2 bdpp-columns\">\r\n\t\t\t\t\t\t<div class=\"bdpp-post-cats\"><a class=\"bdpp-post-cat-link bdpp-post-cat-854 bdpp-post-cat-blogi\" href=\"https:\/\/bcmgroup.in\/sl\/category\/blogi\/\">Blogi<\/a><\/div>\r\n\t\t\t\r\n\t\t\t<h2 class=\"bdpp-post-title\">\r\n\t\t\t\t<a href=\"https:\/\/bcmgroup.in\/sl\/blogi\/dovoljenje-za-prebivanje\/\">Izzivi z dovoljenje za prebivanje za delodajalce: pravni postopek, te\u017eave in prakti\u010dne re\u0161itve<\/a>\r\n\t\t\t<\/h2>\r\n\r\n\t\t\t\t\t\t<div class=\"bdpp-post-meta bdpp-post-meta-up\">\r\n\t\t\t\t\t\t\t<\/div>\r\n\t\t\t\t\t\t<div class=\"bdpp-post-content\">\r\n\t\t\t\t<div class=\"bdpp-post-desc\">Izzivi z dovoljenje za prebivanje za delodajalce: pravni postopek, te\u017eave in prakti\u010dne re\u0161itve Dovoljenje Za Prebivanje je uradni papir, ki...<\/div>\r\n\t\t\t\t\t\t\t\t\t<a href=\"https:\/\/bcmgroup.in\/sl\/blogi\/dovoljenje-za-prebivanje\/\" class=\"bdpp-rdmr-btn\">Preberite celoten \u010dlanek<\/a>\r\n\t\t\t\t\t\t\t<\/div>\r\n\t\t\t\t\t<\/div>\r\n\t<\/div>\r\n<\/div><div class=\"bdpp-post-list-main bdpp-post-150395 bdpp-post-standard bdpp-has-thumb\">\r\n\t<div class=\"bdpp-post-list-content bdpp-clearfix\">\r\n\t\t\t\t<div class=\"bdpp-post-list-left bdpp-col-2 bdpp-columns\">\r\n\t\t\t<div class=\"bdpp-post-img-bg\">\r\n\t\t\t\t<a href=\"https:\/\/bcmgroup.in\/sl\/blogi\/zascita-starejsih-delavcev-po-novi-zakonodaji\/\">\r\n\t\t\t\t\t<img decoding=\"async\" src=\"https:\/\/bcmgroup.in\/wp-content\/uploads\/2026\/03\/Verificare-Vechime-in-Munca-Online-\u2013-Ghid-Complet-pentru-Angajatorii-si-Muncitorii-din-Romania-17.webp\" class=\"bdpp-img bdpp-post-feat-img\" alt=\"Za\u0161\u010dita Starej\u0161ih Delavcev Po Novi Zakonodaji 2026\" \/>\r\n\t\t\t\t\t\t\t\t\t<\/a>\r\n\t\t\t<\/div>\r\n\t\t<\/div>\r\n\t\t\r\n\t\t<div class=\"bdpp-post-list-right bdpp-col-2 bdpp-columns\">\r\n\t\t\t\t\t\t<div class=\"bdpp-post-cats\"><a class=\"bdpp-post-cat-link bdpp-post-cat-854 bdpp-post-cat-blogi\" href=\"https:\/\/bcmgroup.in\/sl\/category\/blogi\/\">Blogi<\/a><\/div>\r\n\t\t\t\r\n\t\t\t<h2 class=\"bdpp-post-title\">\r\n\t\t\t\t<a href=\"https:\/\/bcmgroup.in\/sl\/blogi\/zascita-starejsih-delavcev-po-novi-zakonodaji\/\">Za\u0161\u010dita Starej\u0161ih Delavcev Po Novi Zakonodaji 2026<\/a>\r\n\t\t\t<\/h2>\r\n\r\n\t\t\t\t\t\t<div class=\"bdpp-post-meta bdpp-post-meta-up\">\r\n\t\t\t\t\t\t\t<\/div>\r\n\t\t\t\t\t\t<div class=\"bdpp-post-content\">\r\n\t\t\t\t<div class=\"bdpp-post-desc\">za\u0161\u010dita starej\u0161ih delavcev po novi zakonodajiSloveniji \u2013 pravice, ugodnosti, delovni \u010das in pokojninske mo\u017enosti. Ker se delovna sila po vsej...<\/div>\r\n\t\t\t\t\t\t\t\t\t<a href=\"https:\/\/bcmgroup.in\/sl\/blogi\/zascita-starejsih-delavcev-po-novi-zakonodaji\/\" class=\"bdpp-rdmr-btn\">Preberite celoten \u010dlanek<\/a>\r\n\t\t\t\t\t\t\t<\/div>\r\n\t\t\t\t\t<\/div>\r\n\t<\/div>\r\n<\/div>\t<\/div>\r\n\t<\/div><\/div>\n\t\t\t\t\t\t<\/div>\n\t\t\t\t<\/div>\n\t\t\t\t<\/div>\n\t\t<div class=\"elementor-element elementor-element-04bdae9 e-con-full e-flex e-con e-child\" data-id=\"04bdae9\" data-element_type=\"container\">\n\t\t<div class=\"elementor-element elementor-element-5524b38 e-con-full e-flex e-con e-child\" data-id=\"5524b38\" data-element_type=\"container\">\n\t\t\t\t<div class=\"elementor-element elementor-element-486b7ff elementor-widget elementor-widget-text-editor\" data-id=\"486b7ff\" data-element_type=\"widget\" data-widget_type=\"text-editor.default\">\n\t\t\t\t<div class=\"elementor-widget-container\">\n\t\t\t\t\t\t\t\t\t<div class=\"custom-country-section\">\n  <h2 class=\"custom-country-title\">Ogled Po Dr\u017eavah<\/h2>\n  <ul class=\"custom-country-list\">\n    <li>\n      <a href=\"https:\/\/bcmgroup.in\/ro\/bloguri-bcm\/\" target=\"_blank\" rel=\"noopener noreferrer\">\n        <img decoding=\"async\" src=\"https:\/\/flagcdn.com\/w40\/ro.png\" alt=\"Zastava Romunije\" \/>\n        <span>Romunija<\/span>\n      <\/a>\n    <\/li>\n    <li>\n      <a href=\"https:\/\/bcmgroup.in\/hr\/bcm-blogovi\/\" target=\"_blank\" rel=\"noopener noreferrer\">\n        <img decoding=\"async\" src=\"https:\/\/flagcdn.com\/w40\/hr.png\" alt=\"Zastava Hrva\u0161ke\" \/>\n        <span>Hrva\u0161ka<\/span>\n      <\/a>\n    <\/li>\n    <li>\n      <a href=\"https:\/\/bcmgroup.in\/lv\/bcm-blogi\/\" target=\"_blank\" rel=\"noopener noreferrer\">\n        <img decoding=\"async\" src=\"https:\/\/flagcdn.com\/w40\/lv.png\" alt=\"Zastava Latvije\" \/>\n        <span>Latvija<\/span>\n      <\/a>\n    <\/li>\n    <li>\n      <a href=\"https:\/\/bcmgroup.in\/sr\/blogovi\/\" target=\"_blank\" rel=\"noopener noreferrer\">\n        <img decoding=\"async\" src=\"https:\/\/flagcdn.com\/w40\/rs.png\" alt=\"Zastava Srbije\" \/>\n        <span>Srbija<\/span>\n      <\/a>\n    <\/li>\n    <li>\n      <a href=\"https:\/\/bcmgroup.in\/sk\/bcm-blogy\/\" target=\"_blank\" rel=\"noopener noreferrer\">\n        <img decoding=\"async\" src=\"https:\/\/flagcdn.com\/w40\/sk.png\" alt=\"Zastava Slova\u0161ke\" \/>\n        <span>Slova\u0161ka<\/span>\n      <\/a>\n    <\/li>\n    <li>\n      <a href=\"https:\/\/bcmgroup.in\/hu\/blogok\/\" target=\"_blank\" rel=\"noopener noreferrer\">\n        <img decoding=\"async\" src=\"https:\/\/flagcdn.com\/w40\/hu.png\" alt=\"Zastava Mad\u017earske\" \/>\n        <span>Mad\u017earska<\/span>\n      <\/a>\n    <\/li>\n  <\/ul>\n<\/div>\n\n<style>\n  .custom-country-section {\n    max-width: 340px;\n    padding: 20px;\n    font-family: 'Segoe UI', Tahoma, Geneva, Verdana, sans-serif;\n    color: #1a2b48;\n  }\n  .custom-country-title {\n    margin-bottom: 20px;\n    font-weight: 700;\n    font-size: 1.5rem;\n    border-bottom: 2px solid #ddd;\n    padding-bottom: 8px;\n  }\n  .custom-country-list {\n    list-style: none;\n    padding: 0;\n    margin: 0;\n  }\n  .custom-country-list li {\n    margin-bottom: 16px;\n  }\n  .custom-country-list li a {\n    display: flex;\n    align-items: center;\n    padding: 14px 18px;\n    border-radius: 12px;\n    cursor: pointer;\n    background: #f9fbff;\n    box-shadow: 0 3px 8px rgba(26, 43, 72, 0.1);\n    text-decoration: none;\n    transition: transform 0.25s ease, box-shadow 0.25s ease;\n    color: #1a2b48;\n  }\n  .custom-country-list li a:hover {\n    transform: translateY(-4px) scale(1.03);\n    box-shadow: 0 8px 20px rgba(26, 43, 72, 0.15);\n  }\n  .custom-country-list img {\n    width: 36px;\n    height: 24px;\n    margin-right: 14px;\n    border-radius: 0;\n    box-shadow: none;\n    object-fit: contain;\n    background: transparent !important;\n  }\n  .custom-country-list span {\n    font-weight: 600;\n    font-size: 1.1rem;\n  }\n<\/style>\t\t\t\t\t\t\t\t<\/div>\n\t\t\t\t<\/div>\n\t\t\t\t<\/div>\n\t\t\t\t<\/div>\n\t\t\t\t<\/div>\n\t\t\t\t<\/div>\n\t\t\t\t\t<\/div>\n\t\t\t\t<\/div>\n\t\t\t\t<\/div>\n\t\t","protected":false},"excerpt":{"rendered":"<p>Ogled Po Dr\u017eavah Romunija Hrva\u0161ka Latvija Srbija Slova\u0161ka Mad\u017earska<\/p>\n","protected":false},"author":2,"featured_media":0,"parent":0,"menu_order":0,"comment_status":"closed","ping_status":"closed","template":"elementor_canvas","meta":{"googlesitekit_rrm_CAowi469DA:productID":"","footnotes":""},"class_list":["post-142237","page","type-page","status-publish","hentry"],"_links":{"self":[{"href":"https:\/\/bcmgroup.in\/sl\/wp-json\/wp\/v2\/pages\/142237","targetHints":{"allow":["GET"]}}],"collection":[{"href":"https:\/\/bcmgroup.in\/sl\/wp-json\/wp\/v2\/pages"}],"about":[{"href":"https:\/\/bcmgroup.in\/sl\/wp-json\/wp\/v2\/types\/page"}],"author":[{"embeddable":true,"href":"https:\/\/bcmgroup.in\/sl\/wp-json\/wp\/v2\/users\/2"}],"replies":[{"embeddable":true,"href":"https:\/\/bcmgroup.in\/sl\/wp-json\/wp\/v2\/comments?post=142237"}],"version-history":[{"count":14,"href":"https:\/\/bcmgroup.in\/sl\/wp-json\/wp\/v2\/pages\/142237\/revisions"}],"predecessor-version":[{"id":151510,"href":"https:\/\/bcmgroup.in\/sl\/wp-json\/wp\/v2\/pages\/142237\/revisions\/151510"}],"wp:attachment":[{"href":"https:\/\/bcmgroup.in\/sl\/wp-json\/wp\/v2\/media?parent=142237"}],"curies":[{"name":"wp","href":"https:\/\/api.w.org\/{rel}","templated":true}]}}