{"id":73803,"date":"2024-03-02T15:34:07","date_gmt":"2024-03-02T15:34:07","guid":{"rendered":"https:\/\/bcmgroup.in\/sluzby\/"},"modified":"2026-02-09T06:08:31","modified_gmt":"2026-02-09T06:08:31","slug":"sluzby","status":"publish","type":"page","link":"https:\/\/bcmgroup.in\/sk\/sluzby\/","title":{"rendered":"Slu\u017eby"},"content":{"rendered":"\t\t<div data-elementor-type=\"wp-page\" data-elementor-id=\"73803\" class=\"elementor elementor-73803 elementor-73657\" data-elementor-post-type=\"page\">\n\t\t\t\t<div class=\"elementor-element elementor-element-2737de5 e-flex e-con-boxed e-con e-parent\" data-id=\"2737de5\" data-element_type=\"container\">\n\t\t\t\t\t<div class=\"e-con-inner\">\n\t\t\t\t<div class=\"elementor-element elementor-element-3eb9cd9 elementor-widget elementor-widget-hfe-breadcrumbs-widget\" data-id=\"3eb9cd9\" data-element_type=\"widget\" data-widget_type=\"hfe-breadcrumbs-widget.default\">\n\t\t\t\t<div class=\"elementor-widget-container\">\n\t\t\t\t\t<nav aria-label=\"Breadcrumb\"><ul class=\"hfe-breadcrumbs hfe-breadcrumbs-show-home\"><li class=\"hfe-breadcrumbs-item hfe-breadcrumbs-first\"><span class=\"hfe-breadcrumbs-home-icon\"><svg aria-hidden=\"true\" class=\"e-font-icon-svg e-fas-home\" viewBox=\"0 0 576 512\" xmlns=\"http:\/\/www.w3.org\/2000\/svg\"><path d=\"M280.37 148.26L96 300.11V464a16 16 0 0 0 16 16l112.06-.29a16 16 0 0 0 15.92-16V368a16 16 0 0 1 16-16h64a16 16 0 0 1 16 16v95.64a16 16 0 0 0 16 16.05L464 480a16 16 0 0 0 16-16V300L295.67 148.26a12.19 12.19 0 0 0-15.3 0zM571.6 251.47L488 182.56V44.05a12 12 0 0 0-12-12h-56a12 12 0 0 0-12 12v72.61L318.47 43a48 48 0 0 0-61 0L4.34 251.47a12 12 0 0 0-1.6 16.9l25.5 31A12 12 0 0 0 45.15 301l235.22-193.74a12.19 12.19 0 0 1 15.3 0L530.9 301a12 12 0 0 0 16.9-1.6l25.5-31a12 12 0 0 0-1.7-16.93z\"><\/path><\/svg><\/span><a href=\"https:\/\/bcmgroup.in\/sk\/\"><span class=\"hfe-breadcrumbs-text\">Domov<\/span><\/a><\/li><\/ul><\/nav>\t\t\t\t<\/div>\n\t\t\t\t<\/div>\n\t\t\t\t<div class=\"elementor-element elementor-element-14281e1 elementor-widget elementor-widget-heading\" data-id=\"14281e1\" data-element_type=\"widget\" data-widget_type=\"heading.default\">\n\t\t\t\t<div class=\"elementor-widget-container\">\n\t\t\t\t\t<h1 class=\"elementor-heading-title elementor-size-default\">N\u00c1BOR DO ZAHRANI\u010c\u00cdA<\/h1>\t\t\t\t<\/div>\n\t\t\t\t<\/div>\n\t\t\t\t<div class=\"elementor-element elementor-element-800a9d8 elementor-widget-divider--view-line elementor-widget elementor-widget-divider\" data-id=\"800a9d8\" data-element_type=\"widget\" data-widget_type=\"divider.default\">\n\t\t\t\t<div class=\"elementor-widget-container\">\n\t\t\t\t\t\t\t<div class=\"elementor-divider\">\n\t\t\t<span class=\"elementor-divider-separator\">\n\t\t\t\t\t\t<\/span>\n\t\t<\/div>\n\t\t\t\t\t\t<\/div>\n\t\t\t\t<\/div>\n\t\t\t\t\t<\/div>\n\t\t\t\t<\/div>\n\t\t<div class=\"elementor-element elementor-element-27e0187 e-flex e-con-boxed e-con e-parent\" data-id=\"27e0187\" data-element_type=\"container\">\n\t\t\t\t\t<div class=\"e-con-inner\">\n\t\t\t\t<div class=\"elementor-element elementor-element-dbcf32c elementor-widget__width-inherit elementor-widget elementor-widget-gimont_elementor_road_map\" data-id=\"dbcf32c\" data-element_type=\"widget\" data-widget_type=\"gimont_elementor_road_map.default\">\n\t\t\t\t<div class=\"elementor-widget-container\">\n\t\t\t\t\t\n\t\t<div class=\"ova-road-map template_1\">\n\t\t\t<div class=\"road-map-wrapper\">\n\n\t\t\t\t\t\t\t\t\t<div class=\"timeline-column\">\n\t\t\t\t\t\t\t\t\t\t\t\t\t\t\t\t\t\t\t\t\t<div class=\"timeline-item timeline-item-left \">\n\t\t\t\t\t\t\t\t\t<div class=\"timeline-image\">\n\t\t\t\t\t\t\t\t\t\t<img decoding=\"async\" src=\"https:\/\/bcmgroup.in\/wp-content\/uploads\/2024\/03\/interview-scheduling-1-1.jpg\" alt=\"Overseas Recruitment- Interview Scheduling\"\n\t\t\t\t\t\t\t\t\t\ttitle=\"\">\n\t\t\t\t\t\t\t\t\t<\/div>\n\t\t\t\t\t\t\t\t\t<div class=\"timeline-info\">\n\t\t\t\t\t\t\t\t\t\t<div class=\"content-info\" \n\t\t\t\t\t\t\t\t\t\t\tdata-animation='{\"animation\":\"\",\"duration\":\"\",\"delay\":\"\"}'>\n\n\t\t\t\t\t\t\t\t\t\t\t\t\t\t\t\t\t\t\t\t\t\t\t<div class=\"date\">\n\t\t\t\t\t\t\t\t\t\t\t\t\t \t\t\t\t\t\t\t\t\t\t\t\t<\/div>\n\t\t\t\t\t\t\t\t\t\t\t\t\t\t\t\t\t\t\t\t\t\t<div class=\"timeline-content\">\n\t\t\t\t\t\t\t\t\t\t\t\t<h3 class=\"title\">Pl\u00e1novanie pohovorov\n<\/h3>\n\t\t\t\t\t\t\t\t\t\t\t\t<p class=\"desc\">O tento proces je postaran\u00e9 a spolo\u010dnos\u0165 je osloboden\u00e1 od zbyto\u010dn\u00fdch e-mailov. Pom\u00f4\u017ee to nielen ur\u00fdchli\u0165 n\u00e1borov\u00fd proces, ale tie\u017e umo\u017en\u00ed napl\u00e1nova\u0165 pohovory v najlep\u0161om \u010dase pre kandid\u00e1tov aj n\u00e1borov\u00fdch mana\u017e\u00e9rov. Pohovory prebiehaj\u00fa postupne, \u010do n\u00e1m poskytuje \u00farove\u0148 kompetenci\u00ed kandid\u00e1ta v nasleduj\u00facom teste v na\u0161ich obchodn\u00fdch centr\u00e1ch. K dispoz\u00edcii s\u00fa zvukov\u00e9 kolo, video kolo a technick\u00e9 testy.\n<\/p>\n\t\t\t\t\t\t\t\t\t\t\t<\/div>\n\t\t\t\t\t\t\t\t\t\t<\/div>\n\t\t\t\t\t\t\t\t\t<\/div>\n\t\t\t\t\t\t\t\t<\/div>\n\t\t\t\t\t\t\t\t\t\t\t\t\t\t\t\t\t\t\t\t\t\t<div class=\"timeline-item timeline-item-right active\">\n\t\t\t\t\t\t\t\t\t<div class=\"timeline-info\">\n\t\t\t\t\t\t\t\t\t\t<div class=\"content-info\" \n\t\t\t\t\t\t\t\t\t\tdata-animation='{\"animation\":\"\",\"duration\":\"\",\"delay\":\"\"}'>\n\n\t\t\t\t\t\t\t\t\t\t\t\t\t\t\t\t\t\t\t\t\t\t\t<div class=\"date\">\n\t\t\t\t\t\t\t\t\t\t\t\t\t \t\t\t\t\t\t\t\t\t\t\t\t<\/div>\n\t\t\t\t\t\t\t\t\t\t\t\n\t\t\t\t\t\t\t\t\t\t\t<div class=\"timeline-content\">\n\t\t\t\t\t\t\t\t\t\t\t\t<h3 class=\"title\">Overenie kandid\u00e1ta\n<\/h3>\n\t\t\t\t\t\t\t\t\t\t\t\t<p class=\"desc\">Toto je druh\u00fd krok po\u010das pohovoru, ktor\u00fd preveruje vzdelanie, sk\u00fasenosti, osobn\u00fa a zdravotn\u00fa anamn\u00e9zu kandid\u00e1ta, preto\u017ee \u00fadaje o ka\u017edom zamestnancovi sa m\u00f4\u017eu l\u00ed\u0161i\u0165 v z\u00e1vislosti od v\u0161etk\u00fdch podporn\u00fdch dokumentov. Rob\u00ed sa to preto, aby sa z\u00edskali najkvalitnej\u0161\u00ed kandid\u00e1ti. Tento proces sa vykon\u00e1va osobne.\n<\/p>\n\t\t\t\t\t\t\t\t\t\t\t<\/div>\n\t\t\t\t\t\t\t\t\t\t<\/div>\n\t\t\t\t\t\t\t\t\t<\/div>\n\t\t\t\t\t\t\t\t\t<div class=\"timeline-image\">\n\t\t\t\t\t\t\t\t\t\t<img decoding=\"async\" src=\"https:\/\/bcmgroup.in\/wp-content\/uploads\/2024\/03\/candidate-verification-1.jpg\" alt=\"\">\n\t\t\t\t\t\t\t\t\t<\/div>\n\t\t\t\t\t\t\t\t<\/div>\n\t\t\t\t\t\t\t\t\t\t\t\t\t\t\t\t\t\t\t\t\t<div class=\"timeline-item timeline-item-left \">\n\t\t\t\t\t\t\t\t\t<div class=\"timeline-image\">\n\t\t\t\t\t\t\t\t\t\t<img decoding=\"async\" src=\"https:\/\/bcmgroup.in\/wp-content\/uploads\/2024\/03\/Documentation-1.jpg\" alt=\"\"\n\t\t\t\t\t\t\t\t\t\ttitle=\"\">\n\t\t\t\t\t\t\t\t\t<\/div>\n\t\t\t\t\t\t\t\t\t<div class=\"timeline-info\">\n\t\t\t\t\t\t\t\t\t\t<div class=\"content-info\" \n\t\t\t\t\t\t\t\t\t\t\tdata-animation='{\"animation\":\"\",\"duration\":\"\",\"delay\":\"\"}'>\n\n\t\t\t\t\t\t\t\t\t\t\t\t\t\t\t\t\t\t\t\t\t\t\t<div class=\"date\">\n\t\t\t\t\t\t\t\t\t\t\t\t\t \t\t\t\t\t\t\t\t\t\t\t\t<\/div>\n\t\t\t\t\t\t\t\t\t\t\t\t\t\t\t\t\t\t\t\t\t\t<div class=\"timeline-content\">\n\t\t\t\t\t\t\t\t\t\t\t\t<h3 class=\"title\">Dokument\u00e1cia\n<\/h3>\n\t\t\t\t\t\t\t\t\t\t\t\t<p class=\"desc\">Pre hladk\u00fd priebeh akejko\u013evek dohody je nevyhnutn\u00fd konsenzus o na\u010drtnut\u00fdch podmienkach. Komplexn\u00e1 dohoda sl\u00fa\u017ei ako form\u00e1lny kan\u00e1l, prostredn\u00edctvom ktor\u00e9ho obe strany vyjadruj\u00fa svoj s\u00fahlas a z\u00e1v\u00e4zok. V jeho z\u00e1hyboch le\u017eia k\u013e\u00fa\u010dov\u00e9 zlo\u017eky, ako je delegovanie pr\u00e1vomoc\u00ed prostredn\u00edctvom plnej moci, artikul\u00e1cia po\u017eiadaviek prostredn\u00edctvom listu s po\u017eiadavkou a vymedzenie \u00faloh a zodpovednost\u00ed v pracovnej zmluve. Tieto dokumenty zabezpe\u010duj\u00fa nielen jasnos\u0165, ale aj rozv\u00edjaj\u00fa d\u00f4veru a vz\u00e1jomn\u00e9 porozumenie, \u010d\u00edm vytv\u00e1raj\u00fa pevn\u00e9 z\u00e1klady pre plodn\u00fa spolupr\u00e1cu.\n<\/p>\n\t\t\t\t\t\t\t\t\t\t\t<\/div>\n\t\t\t\t\t\t\t\t\t\t<\/div>\n\t\t\t\t\t\t\t\t\t<\/div>\n\t\t\t\t\t\t\t\t<\/div>\n\t\t\t\t\t\t\t\t\t\t\t\t\t\t\t\t\t\t\t\t\t\t<div class=\"timeline-item timeline-item-right \">\n\t\t\t\t\t\t\t\t\t<div class=\"timeline-info\">\n\t\t\t\t\t\t\t\t\t\t<div class=\"content-info\" \n\t\t\t\t\t\t\t\t\t\tdata-animation='{\"animation\":\"\",\"duration\":\"\",\"delay\":\"\"}'>\n\n\t\t\t\t\t\t\t\t\t\t\t\t\t\t\t\t\t\t\t\t\t\t\t<div class=\"date\">\n\t\t\t\t\t\t\t\t\t\t\t\t\t \t\t\t\t\t\t\t\t\t\t\t\t<\/div>\n\t\t\t\t\t\t\t\t\t\t\t\n\t\t\t\t\t\t\t\t\t\t\t<div class=\"timeline-content\">\n\t\t\t\t\t\t\t\t\t\t\t\t<h3 class=\"title\">Poistenie a spracovanie v\u00edz\n<\/h3>\n\t\t\t\t\t\t\t\t\t\t\t\t<p class=\"desc\">Na\u0161a slu\u017eba sa venuje pomoci \u017eiadate\u013eom pri zvl\u00e1dan\u00ed zlo\u017eit\u00fdch po\u017eiadaviek na poistenie a spracovanie v\u00edz. Zefekt\u00edv\u0148ujeme proces t\u00fdm, \u017ee jednotlivcov sprev\u00e1dzame vyplnen\u00edm potrebn\u00fdch formul\u00e1rov a dokument\u00e1cie, \u010d\u00edm zabezpe\u010dujeme presn\u00e9 poskytnutie v\u0161etk\u00fdch relevantn\u00fdch podrobnost\u00ed. Od poistn\u00fdch zml\u00fav a\u017e po \u017eiadosti o v\u00edza od\u013eah\u010dujeme z\u00e1\u0165a\u017e t\u00fdm, \u017ee pon\u00fakame komplexn\u00fa podporu, ktor\u00e1 v kone\u010dnom d\u00f4sledku u\u013eah\u010duje hlad\u0161iu a efekt\u00edvnej\u0161iu cestu k z\u00edskaniu po\u017eadovan\u00fdch schv\u00e1len\u00ed a krytia.\n<\/p>\n\t\t\t\t\t\t\t\t\t\t\t<\/div>\n\t\t\t\t\t\t\t\t\t\t<\/div>\n\t\t\t\t\t\t\t\t\t<\/div>\n\t\t\t\t\t\t\t\t\t<div class=\"timeline-image\">\n\t\t\t\t\t\t\t\t\t\t<img decoding=\"async\" src=\"https:\/\/bcmgroup.in\/wp-content\/uploads\/2024\/03\/insurance-and-visa-processing-1.jpg\" alt=\"\">\n\t\t\t\t\t\t\t\t\t<\/div>\n\t\t\t\t\t\t\t\t<\/div>\n\t\t\t\t\t\t\t\t\t\t\t\t\t\t\t\t\t\t\t\t\t<div class=\"timeline-item timeline-item-left active\">\n\t\t\t\t\t\t\t\t\t<div class=\"timeline-image\">\n\t\t\t\t\t\t\t\t\t\t<img decoding=\"async\" src=\"https:\/\/bcmgroup.in\/wp-content\/uploads\/2024\/03\/ONBOARDING-PROCESS.jpg\" alt=\"\"\n\t\t\t\t\t\t\t\t\t\ttitle=\"\">\n\t\t\t\t\t\t\t\t\t<\/div>\n\t\t\t\t\t\t\t\t\t<div class=\"timeline-info\">\n\t\t\t\t\t\t\t\t\t\t<div class=\"content-info\" \n\t\t\t\t\t\t\t\t\t\t\tdata-animation='{\"animation\":\"\",\"duration\":\"\",\"delay\":\"\"}'>\n\n\t\t\t\t\t\t\t\t\t\t\t\t\t\t\t\t\t\t\t\t\t\t\t<div class=\"date\">\n\t\t\t\t\t\t\t\t\t\t\t\t\t \t\t\t\t\t\t\t\t\t\t\t\t<\/div>\n\t\t\t\t\t\t\t\t\t\t\t\t\t\t\t\t\t\t\t\t\t\t<div class=\"timeline-content\">\n\t\t\t\t\t\t\t\t\t\t\t\t<h3 class=\"title\">Proces n\u00e1stupu\n<\/h3>\n\t\t\t\t\t\t\t\t\t\t\t\t<p class=\"desc\">Jednou z kritick\u00fdch povinnost\u00ed n\u00e1\u010deln\u00edka je zabezpe\u010di\u0165 hladk\u00fa koordin\u00e1ciu nov\u00fdch z\u00e1stupcov do zdru\u017eenia. To zah\u0155\u0148a obozn\u00e1menie sa s kult\u00farou, pr\u00edstupmi a metodikou organiz\u00e1cie, ako aj s ich pr\u00e1cou a povinnos\u0165ami. T\u00fdm, \u017ee d\u00e1vaj\u00fa pokyny, podporu a mentorstvo, n\u00e1\u010deln\u00edci pom\u00e1haj\u00fa \u010derstv\u00fdm regr\u00fatom c\u00edti\u0165 sa pozvan\u00ed, v\u00e1\u017een\u00ed a pripraven\u00ed prispie\u0165 do skupiny. V\u00fdkonn\u00fd onboarding ur\u00fdch\u013euje varia\u010dn\u00fa interakciu, ako aj zlep\u0161uje anga\u017eovanos\u0165 a \u00fadr\u017ebu pracovn\u00edkov, \u010do v kone\u010dnom d\u00f4sledku prispieva k celkov\u00e9mu v\u00fdsledku zdru\u017eenia.\n<\/p>\n\t\t\t\t\t\t\t\t\t\t\t<\/div>\n\t\t\t\t\t\t\t\t\t\t<\/div>\n\t\t\t\t\t\t\t\t\t<\/div>\n\t\t\t\t\t\t\t\t<\/div>\n\t\t\t\t\t\t\t\t\t\t\t\t\t\t\t\t\t\t\t\t\t\t<div class=\"timeline-item timeline-item-right \">\n\t\t\t\t\t\t\t\t\t<div class=\"timeline-info\">\n\t\t\t\t\t\t\t\t\t\t<div class=\"content-info\" \n\t\t\t\t\t\t\t\t\t\tdata-animation='{\"animation\":\"\",\"duration\":\"\",\"delay\":\"\"}'>\n\n\t\t\t\t\t\t\t\t\t\t\t\t\t\t\t\t\t\t\t\t\t\t\t<div class=\"date\">\n\t\t\t\t\t\t\t\t\t\t\t\t\t \t\t\t\t\t\t\t\t\t\t\t\t<\/div>\n\t\t\t\t\t\t\t\t\t\t\t\n\t\t\t\t\t\t\t\t\t\t\t<div class=\"timeline-content\">\n\t\t\t\t\t\t\t\t\t\t\t\t<h3 class=\"title\">Odchod servisnej po\u0161ty\n<\/h3>\n\t\t\t\t\t\t\t\t\t\t\t\t<p class=\"desc\">V na\u0161om zdru\u017een\u00ed ver\u00edme, \u017ee ka\u017ed\u00e9mu jednotlivcovi pon\u00fakneme individu\u00e1lnu pozornos\u0165, ktor\u00fa si zasl\u00fa\u017ei. Je pre n\u00e1s potrebou vysporiada\u0165 sa s prosperitou na\u0161ich konkurentov t\u00fdm, \u017ee v ka\u017edej f\u00e1ze ich exkurzie d\u00e1vame upraven\u00fd smer. \u010ci u\u017e ide o nab\u00e1danie k tomu, \u010do smeruje k prijatiu, navrhovanie n\u00e1mietok alebo ich skontaktovanie s dokonal\u00fdmi jednotlivcami, sme tu, aby sme zaru\u010dili, \u017ee sa na\u0161i bud\u00faci \u013eudia bud\u00fa c\u00edti\u0165 podporovan\u00ed a ist\u00ed. S na\u0161ou oddanou pomocou m\u00f4\u017eu s\u00fa\u0165a\u017eiaci presk\u00fama\u0165 svoje sp\u00f4soby a uvedomi\u0165 si, \u017ee maj\u00fa spo\u013eahliv\u00e9ho partnera, ktor\u00fd d\u00e1va smer a podporu v akomko\u013evek po\u017eadovanom bode.\n<\/p>\n\t\t\t\t\t\t\t\t\t\t\t<\/div>\n\t\t\t\t\t\t\t\t\t\t<\/div>\n\t\t\t\t\t\t\t\t\t<\/div>\n\t\t\t\t\t\t\t\t\t<div class=\"timeline-image\">\n\t\t\t\t\t\t\t\t\t\t<img decoding=\"async\" src=\"https:\/\/bcmgroup.in\/wp-content\/uploads\/2024\/03\/SERVICE-POST-DEPARTURE.jpg\" alt=\"\">\n\t\t\t\t\t\t\t\t\t<\/div>\n\t\t\t\t\t\t\t\t<\/div>\n\t\t\t\t\t\t\t\t\t\t\t<\/div>\n\t\t\t\t\n\t\t\t<\/div>\n\t\t<\/div>\n\t\t \t\n\t\t\t\t\t\t<\/div>\n\t\t\t\t<\/div>\n\t\t\t\t\t<\/div>\n\t\t\t\t<\/div>\n\t\t\t\t<\/div>\n\t\t","protected":false},"excerpt":{"rendered":"<p>Domov N\u00c1BOR DO ZAHRANI\u010c\u00cdA Pl\u00e1novanie pohovorov O tento proces je postaran\u00e9 a spolo\u010dnos\u0165 je osloboden\u00e1 od zbyto\u010dn\u00fdch e-mailov. Pom\u00f4\u017ee to nielen ur\u00fdchli\u0165 n\u00e1borov\u00fd proces, ale tie\u017e umo\u017en\u00ed napl\u00e1nova\u0165 pohovory v najlep\u0161om \u010dase pre kandid\u00e1tov aj n\u00e1borov\u00fdch mana\u017e\u00e9rov. Pohovory prebiehaj\u00fa postupne, \u010do n\u00e1m poskytuje \u00farove\u0148 kompetenci\u00ed kandid\u00e1ta v nasleduj\u00facom teste v na\u0161ich obchodn\u00fdch centr\u00e1ch. K dispoz\u00edcii [&hellip;]<\/p>\n","protected":false},"author":1,"featured_media":0,"parent":0,"menu_order":0,"comment_status":"closed","ping_status":"closed","template":"elementor_header_footer","meta":{"googlesitekit_rrm_CAowi469DA:productID":"","footnotes":""},"class_list":["post-73803","page","type-page","status-publish","hentry"],"_links":{"self":[{"href":"https:\/\/bcmgroup.in\/sk\/wp-json\/wp\/v2\/pages\/73803","targetHints":{"allow":["GET"]}}],"collection":[{"href":"https:\/\/bcmgroup.in\/sk\/wp-json\/wp\/v2\/pages"}],"about":[{"href":"https:\/\/bcmgroup.in\/sk\/wp-json\/wp\/v2\/types\/page"}],"author":[{"embeddable":true,"href":"https:\/\/bcmgroup.in\/sk\/wp-json\/wp\/v2\/users\/1"}],"replies":[{"embeddable":true,"href":"https:\/\/bcmgroup.in\/sk\/wp-json\/wp\/v2\/comments?post=73803"}],"version-history":[{"count":13,"href":"https:\/\/bcmgroup.in\/sk\/wp-json\/wp\/v2\/pages\/73803\/revisions"}],"predecessor-version":[{"id":136783,"href":"https:\/\/bcmgroup.in\/sk\/wp-json\/wp\/v2\/pages\/73803\/revisions\/136783"}],"wp:attachment":[{"href":"https:\/\/bcmgroup.in\/sk\/wp-json\/wp\/v2\/media?parent=73803"}],"curies":[{"name":"wp","href":"https:\/\/api.w.org\/{rel}","templated":true}]}}