{"id":66303,"date":"2023-06-08T07:40:01","date_gmt":"2023-06-08T07:40:01","guid":{"rendered":"https:\/\/bcmgroup.in\/kontaktovat\/"},"modified":"2026-03-21T10:52:19","modified_gmt":"2026-03-21T10:52:19","slug":"kontaktovat","status":"publish","type":"page","link":"https:\/\/bcmgroup.in\/sk\/kontaktovat\/","title":{"rendered":"Kontaktova\u0165"},"content":{"rendered":"\t\t<div data-elementor-type=\"wp-page\" data-elementor-id=\"66303\" class=\"elementor elementor-66303 elementor-17132\" data-elementor-post-type=\"page\">\n\t\t\t\t<div class=\"elementor-element elementor-element-4791e45 e-flex e-con-boxed e-con e-parent\" data-id=\"4791e45\" data-element_type=\"container\">\n\t\t\t\t\t<div class=\"e-con-inner\">\n\t\t<div class=\"elementor-element elementor-element-a4d8c28 e-con-full e-flex e-con e-child\" data-id=\"a4d8c28\" data-element_type=\"container\">\n\t\t\t\t<div class=\"elementor-element elementor-element-6f64d65 elementor-widget elementor-widget-image\" data-id=\"6f64d65\" data-element_type=\"widget\" data-widget_type=\"image.default\">\n\t\t\t\t<div class=\"elementor-widget-container\">\n\t\t\t\t\t\t\t\t\t\t\t\t\t\t\t<img fetchpriority=\"high\" decoding=\"async\" width=\"1620\" height=\"650\" src=\"https:\/\/bcmgroup.in\/wp-content\/uploads\/2026\/01\/banner-62.webp\" class=\"attachment-full size-full wp-image-132876\" alt=\"\" srcset=\"https:\/\/bcmgroup.in\/wp-content\/uploads\/2026\/01\/banner-62.webp 1620w, https:\/\/bcmgroup.in\/wp-content\/uploads\/2026\/01\/banner-62-300x120.webp 300w, https:\/\/bcmgroup.in\/wp-content\/uploads\/2026\/01\/banner-62-1024x411.webp 1024w, https:\/\/bcmgroup.in\/wp-content\/uploads\/2026\/01\/banner-62-768x308.webp 768w, https:\/\/bcmgroup.in\/wp-content\/uploads\/2026\/01\/banner-62-1536x616.webp 1536w\" sizes=\"(max-width: 1620px) 100vw, 1620px\" \/>\t\t\t\t\t\t\t\t\t\t\t\t\t\t\t<\/div>\n\t\t\t\t<\/div>\n\t\t\t\t<\/div>\n\t\t\t\t\t<\/div>\n\t\t\t\t<\/div>\n\t\t<div class=\"elementor-element elementor-element-091cd49 e-flex e-con-boxed e-con e-parent\" data-id=\"091cd49\" data-element_type=\"container\">\n\t\t\t\t\t<div class=\"e-con-inner\">\n\t\t<div class=\"elementor-element elementor-element-39c8566 elementor-hidden-desktop e-con-full e-flex e-con e-child\" data-id=\"39c8566\" data-element_type=\"container\">\n\t\t\t\t<div class=\"elementor-element elementor-element-e2755d8 elementor-widget elementor-widget-gimont_elementor_heading\" data-id=\"e2755d8\" data-element_type=\"widget\" data-widget_type=\"gimont_elementor_heading.default\">\n\t\t\t\t<div class=\"elementor-widget-container\">\n\t\t\t\t\t\n\t\t\t<div class=\"ova-heading template_2\">\n\t\t\t\t\t\t\t\t\t\t\t\t\t\t<span class=\"subtitle\">Kontaktujte n\u00e1s<\/span>\n\t\t\t\t\t\t\t\t\t\t\t<span class=\"line\"><\/span>\n\t\t\t\t\t\t\t\t\t\t\t\t\t\n\t\t\t\t\t\t\t\t\t\t\t\t\t\t\t<h1 class=\"title\"> <\/h1>\n\t\t\t\t\t\t\t\t\t\t\n\t\t\t\t\t\t\t\t\n\t\t\t\t\n\t\t\t<\/div>\n\n\t\t\t\t\t\t<\/div>\n\t\t\t\t<\/div>\n\t\t\t\t<\/div>\n\t\t\t\t\t<\/div>\n\t\t\t\t<\/div>\n\t\t<div class=\"elementor-element elementor-element-5c137ee e-flex e-con-boxed e-con e-parent\" data-id=\"5c137ee\" data-element_type=\"container\">\n\t\t\t\t\t<div class=\"e-con-inner\">\n\t\t<div class=\"elementor-element elementor-element-1746c7e elementor-hidden-desktop e-con-full e-flex e-con e-child\" data-id=\"1746c7e\" data-element_type=\"container\">\n\t\t\t\t<div class=\"elementor-element elementor-element-e4a35d7 elementor-widget elementor-widget-shortcode\" data-id=\"e4a35d7\" data-element_type=\"widget\" data-widget_type=\"shortcode.default\">\n\t\t\t\t<div class=\"elementor-widget-container\">\n\t\t\t\t\t\t\t<div class=\"elementor-shortcode\"><div class='fluentform ff-default fluentform_wrapper_51 ffs_default_wrap'><form data-form_id=\"51\" id=\"fluentform_51\" class=\"frm-fluent-form fluent_form_51 ff-el-form-top ff_form_instance_51_1 ff-form-loading ffs_default\" data-form_instance=\"ff_form_instance_51_1\" method=\"POST\" ><fieldset  style=\"border: none!important;margin: 0!important;padding: 0!important;background-color: transparent!important;box-shadow: none!important;outline: none!important; min-inline-size: 100%;\">\n                    <legend class=\"ff_screen_reader_title\" style=\"display: block; margin: 0!important;padding: 0!important;height: 0!important;text-indent: -999999px;width: 0!important;overflow:hidden;\">Contact Form Slovakia<\/legend><p style=\"display: none !important;\" class=\"akismet-fields-container\" data-prefix=\"ak_\"><label>&#916;<textarea name=\"ak_hp_textarea\" cols=\"45\" rows=\"8\" maxlength=\"100\"><\/textarea><\/label><input type=\"hidden\" id=\"ak_js_1\" name=\"ak_js\" value=\"24\"\/><script>document.getElementById( \"ak_js_1\" ).setAttribute( \"value\", ( new Date() ).getTime() );<\/script><\/p><input type='hidden' name='__fluent_form_embded_post_id' value='66303' \/><input type=\"hidden\" id=\"_fluentform_51_fluentformnonce\" name=\"_fluentform_51_fluentformnonce\" value=\"371fc2d173\" \/><input type=\"hidden\" name=\"_wp_http_referer\" value=\"\/sk\/wp-json\/wp\/v2\/pages\/66303\" \/><div data-type=\"name-element\" data-name=\"names\" class=\" ff-field_container ff-name-field-wrapper\" ><div class='ff-t-container'><div class='ff-t-cell '><div class='ff-el-group ff-el-form-top'><div class=\"ff-el-input--label ff-el-is-required asterisk-right\"><label for='ff_51_names_first_name_' id='label_ff_51_names_first_name_' >Zadajte svoje cel\u00e9 meno<\/label><\/div><div class='ff-el-input--content'><input type=\"text\" name=\"names[first_name]\" id=\"ff_51_names_first_name_\" class=\"ff-el-form-control\" placeholder=\"Zadajte svoje cel\u00e9 meno\" aria-invalid=\"false\" aria-required=true><\/div><\/div><\/div><\/div><\/div><div class='ff-el-group'><div class=\"ff-el-input--label ff-el-is-required asterisk-right\"><label for='ff_51_email' id='label_ff_51_email' aria-label=\"Email\">Email<\/label><\/div><div class='ff-el-input--content'><input type=\"email\" name=\"email\" id=\"ff_51_email\" class=\"ff-el-form-control\" placeholder=\"E-mailov\u00e1 adresa\" data-name=\"email\"  aria-invalid=\"false\" aria-required=true><\/div><\/div><div class='ff-el-group'><div class=\"ff-el-input--label ff-el-is-required asterisk-right\"><label for='ff_51_input_text' id='label_ff_51_input_text' aria-label=\"Telef\u00f3nne \u010d\u00edslo\">Telef\u00f3nne \u010d\u00edslo<\/label><\/div><div class='ff-el-input--content'><input type=\"text\" name=\"input_text\" class=\"ff-el-form-control\" placeholder=\"Telef\u00f3nne \u010d\u00edslo\" data-name=\"input_text\" id=\"ff_51_input_text\"  aria-invalid=\"false\" aria-required=true><\/div><\/div><div class='ff-el-group'><div class=\"ff-el-input--label asterisk-right\"><label for='ff_51_input_text_2' id='label_ff_51_input_text_2' aria-label=\"Va\u0161a spr\u00e1va\">Va\u0161a spr\u00e1va<\/label><\/div><div class='ff-el-input--content'><input type=\"text\" name=\"input_text_2\" class=\"ff-el-form-control\" placeholder=\"Va\u0161a spr\u00e1va\" data-name=\"input_text_2\" id=\"ff_51_input_text_2\"  aria-invalid=\"false\" aria-required=false><\/div><\/div><div class='ff-el-group ff-text-left ff_submit_btn_wrapper'><button type=\"submit\" class=\"ff-btn ff-btn-submit ff-btn-md ff_btn_style\"  aria-label=\"Odosla\u0165 spr\u00e1vu\">Odosla\u0165 spr\u00e1vu<\/button><\/div><\/fieldset><\/form><div id='fluentform_51_errors' class='ff-errors-in-stack ff_form_instance_51_1 ff-form-loading_errors ff_form_instance_51_1_errors'><\/div><\/div>            <script type=\"text\/javascript\">\n                window.fluent_form_ff_form_instance_51_1 = {\"id\":\"51\",\"settings\":{\"layout\":{\"labelPlacement\":\"top\",\"asteriskPlacement\":\"asterisk-right\",\"helpMessagePlacement\":\"with_label\",\"errorMessagePlacement\":\"inline\",\"cssClassName\":\"\"},\"restrictions\":{\"denyEmptySubmission\":{\"enabled\":false}}},\"form_instance\":\"ff_form_instance_51_1\",\"form_id_selector\":\"fluentform_51\",\"rules\":{\"names[first_name]\":{\"required\":{\"value\":true,\"message\":\"Toto pole je povinn\\u00e9\",\"global_message\":\"This field is required\",\"global\":true}},\"names[middle_name]\":{\"required\":{\"value\":false,\"message\":\"Toto pole je povinn\\u00e9\",\"global_message\":\"This field is required\",\"global\":true}},\"names[last_name]\":{\"required\":{\"value\":false,\"message\":\"Toto pole je povinn\\u00e9\",\"global_message\":\"This field is required\",\"global\":true}},\"email\":{\"required\":{\"value\":true,\"message\":\"Toto pole je povinn\\u00e9\",\"global_message\":\"This field is required\",\"global\":true},\"email\":{\"value\":true,\"message\":\"Toto pole mus\\u00ed obsahova\\u0165 platn\\u00fd e-mail\",\"global_message\":\"This field must contain a valid email\",\"global\":true}},\"input_text\":{\"required\":{\"value\":true,\"message\":\"Toto pole je povinn\\u00e9\",\"global_message\":\"This field is required\",\"global\":true}},\"input_text_2\":{\"required\":{\"value\":false,\"message\":\"Toto pole je povinn\\u00e9\",\"global_message\":\"This field is required\",\"global\":true}}},\"debounce_time\":300};\n                            <\/script>\n            <\/div>\n\t\t\t\t\t\t<\/div>\n\t\t\t\t<\/div>\n\t\t\t\t<\/div>\n\t\t\t\t\t<\/div>\n\t\t\t\t<\/div>\n\t\t<div class=\"elementor-element elementor-element-b1a7380 e-flex e-con-boxed e-con e-parent\" data-id=\"b1a7380\" data-element_type=\"container\">\n\t\t\t\t\t<div class=\"e-con-inner\">\n\t\t<div class=\"elementor-element elementor-element-2fedcff elementor-hidden-tablet elementor-hidden-mobile e-con-full e-flex e-con e-child\" data-id=\"2fedcff\" data-element_type=\"container\">\n\t\t\t\t<div class=\"elementor-element elementor-element-50fc08c elementor-widget elementor-widget-gimont_elementor_heading\" data-id=\"50fc08c\" data-element_type=\"widget\" data-widget_type=\"gimont_elementor_heading.default\">\n\t\t\t\t<div class=\"elementor-widget-container\">\n\t\t\t\t\t\n\t\t\t<div class=\"ova-heading template_2\">\n\t\t\t\t\t\t\t\t\t\t\t\t\t\t<span class=\"subtitle\">Kontaktujte n\u00e1s<\/span>\n\t\t\t\t\t\t\t\t\t\t\t<span class=\"line\"><\/span>\n\t\t\t\t\t\t\t\t\t\t\t\t\t\n\t\t\t\t\t\t\t\t\n\t\t\t\t\n\t\t\t<\/div>\n\n\t\t\t\t\t\t<\/div>\n\t\t\t\t<\/div>\n\t\t\t\t<\/div>\n\t\t\t\t\t<\/div>\n\t\t\t\t<\/div>\n\t\t<div class=\"elementor-element elementor-element-7fdee22 e-flex e-con-boxed e-con e-parent\" data-id=\"7fdee22\" data-element_type=\"container\">\n\t\t\t\t\t<div class=\"e-con-inner\">\n\t\t<div class=\"elementor-element elementor-element-d9cecfa elementor-hidden-tablet elementor-hidden-mobile e-con-full e-flex e-con e-child\" data-id=\"d9cecfa\" data-element_type=\"container\">\n\t\t<div class=\"elementor-element elementor-element-642104f e-con-full e-flex e-con e-child\" data-id=\"642104f\" data-element_type=\"container\" data-settings=\"{&quot;background_background&quot;:&quot;slideshow&quot;,&quot;background_slideshow_gallery&quot;:[],&quot;background_slideshow_loop&quot;:&quot;yes&quot;,&quot;background_slideshow_slide_duration&quot;:5000,&quot;background_slideshow_slide_transition&quot;:&quot;fade&quot;,&quot;background_slideshow_transition_duration&quot;:500}\">\n\t\t<div class=\"elementor-element elementor-element-f67472d e-con-full e-flex e-con e-child\" data-id=\"f67472d\" data-element_type=\"container\">\n\t\t\t\t<div class=\"elementor-element elementor-element-977fc21 elementor-hidden-tablet elementor-hidden-mobile elementor-widget elementor-widget-image\" data-id=\"977fc21\" data-element_type=\"widget\" data-widget_type=\"image.default\">\n\t\t\t\t<div class=\"elementor-widget-container\">\n\t\t\t\t\t\t\t\t\t\t\t\t\t\t\t<img decoding=\"async\" width=\"800\" height=\"600\" src=\"https:\/\/bcmgroup.in\/wp-content\/uploads\/2026\/02\/Looking-for-Abroad-Jobs-1-1024x768.webp\" class=\"attachment-large size-large wp-image-139574\" alt=\"\" srcset=\"https:\/\/bcmgroup.in\/wp-content\/uploads\/2026\/02\/Looking-for-Abroad-Jobs-1-1024x768.webp 1024w, https:\/\/bcmgroup.in\/wp-content\/uploads\/2026\/02\/Looking-for-Abroad-Jobs-1-300x225.webp 300w, https:\/\/bcmgroup.in\/wp-content\/uploads\/2026\/02\/Looking-for-Abroad-Jobs-1-768x576.webp 768w, https:\/\/bcmgroup.in\/wp-content\/uploads\/2026\/02\/Looking-for-Abroad-Jobs-1-1536x1152.webp 1536w, https:\/\/bcmgroup.in\/wp-content\/uploads\/2026\/02\/Looking-for-Abroad-Jobs-1-640x480.webp 640w, https:\/\/bcmgroup.in\/wp-content\/uploads\/2026\/02\/Looking-for-Abroad-Jobs-1.webp 1600w\" sizes=\"(max-width: 800px) 100vw, 800px\" \/>\t\t\t\t\t\t\t\t\t\t\t\t\t\t\t<\/div>\n\t\t\t\t<\/div>\n\t\t\t\t<\/div>\n\t\t<div class=\"elementor-element elementor-element-4a4b9f6 e-con-full e-flex e-con e-child\" data-id=\"4a4b9f6\" data-element_type=\"container\">\n\t\t\t\t<div class=\"elementor-element elementor-element-1c9b02b elementor-hidden-tablet elementor-hidden-mobile elementor-widget elementor-widget-shortcode\" data-id=\"1c9b02b\" data-element_type=\"widget\" data-widget_type=\"shortcode.default\">\n\t\t\t\t<div class=\"elementor-widget-container\">\n\t\t\t\t\t\t\t<div class=\"elementor-shortcode\"><div class='fluentform ff-default fluentform_wrapper_73 ffs_default_wrap'><form data-form_id=\"73\" id=\"fluentform_73\" class=\"frm-fluent-form fluent_form_73 ff-el-form-top ff_form_instance_73_2 ff-form-loading ffs_default\" data-form_instance=\"ff_form_instance_73_2\" method=\"POST\" ><fieldset  style=\"border: none!important;margin: 0!important;padding: 0!important;background-color: transparent!important;box-shadow: none!important;outline: none!important; min-inline-size: 100%;\">\n                    <legend class=\"ff_screen_reader_title\" style=\"display: block; margin: 0!important;padding: 0!important;height: 0!important;text-indent: -999999px;width: 0!important;overflow:hidden;\">Contact Form Slovakia Updated<\/legend><p style=\"display: none !important;\" class=\"akismet-fields-container\" data-prefix=\"ak_\"><label>&#916;<textarea name=\"ak_hp_textarea\" cols=\"45\" rows=\"8\" maxlength=\"100\"><\/textarea><\/label><input type=\"hidden\" id=\"ak_js_2\" name=\"ak_js\" value=\"54\"\/><script>document.getElementById( \"ak_js_2\" ).setAttribute( \"value\", ( new Date() ).getTime() );<\/script><\/p><input type='hidden' name='__fluent_form_embded_post_id' value='66303' \/><input type=\"hidden\" id=\"_fluentform_73_fluentformnonce\" name=\"_fluentform_73_fluentformnonce\" value=\"371fc2d173\" \/><input type=\"hidden\" name=\"_wp_http_referer\" value=\"\/sk\/wp-json\/wp\/v2\/pages\/66303\" \/><div class='ff-el-group'><div class=\"ff-el-input--label ff-el-is-required asterisk-right\"><label for='ff_73_2_email' id='label_ff_73_2_email' aria-label=\"Meno\">Meno<\/label><\/div><div class='ff-el-input--content'><input type=\"email\" name=\"email\" id=\"ff_73_2_email\" class=\"ff-el-form-control\" placeholder=\"Zadajte svoje cel\u00e9 meno\" data-name=\"email\"  aria-invalid=\"false\" aria-required=true><\/div><\/div><div class='ff-el-group'><div class=\"ff-el-input--label ff-el-is-required asterisk-right\"><label for='ff_73_2_email_1' id='label_ff_73_2_email_1' aria-label=\"Email\">Email<\/label><\/div><div class='ff-el-input--content'><input type=\"email\" name=\"email_1\" id=\"ff_73_2_email_1\" class=\"ff-el-form-control\" placeholder=\"E-mailov\u00e1 adresa\" data-name=\"email_1\"  aria-invalid=\"false\" aria-required=true><\/div><\/div><div class='ff-el-group'><div class=\"ff-el-input--label ff-el-is-required asterisk-right\"><label for='ff_73_2_input_text' id='label_ff_73_2_input_text' aria-label=\"Telef\u00f3nne \u010d\u00edslo\">Telef\u00f3nne \u010d\u00edslo<\/label><\/div><div class='ff-el-input--content'><input type=\"text\" name=\"input_text\" class=\"ff-el-form-control\" placeholder=\"Telef\u00f3nne \u010d\u00edslo\" data-name=\"input_text\" id=\"ff_73_2_input_text\"  aria-invalid=\"false\" aria-required=true><\/div><\/div><div class='ff-el-group'><div class=\"ff-el-input--label asterisk-right\"><label for='ff_73_2_input_text_2' id='label_ff_73_2_input_text_2' aria-label=\"Va\u0161a spr\u00e1va\">Va\u0161a spr\u00e1va<\/label><\/div><div class='ff-el-input--content'><input type=\"text\" name=\"input_text_2\" class=\"ff-el-form-control\" placeholder=\"Spr\u00e1va\" data-name=\"input_text_2\" id=\"ff_73_2_input_text_2\"  aria-invalid=\"false\" aria-required=false><\/div><\/div><div class='ff-el-group ff-text-left ff_submit_btn_wrapper'><button type=\"submit\" class=\"ff-btn ff-btn-submit ff-btn-md ff_btn_style\"  aria-label=\"Odosla\u0165 spr\u00e1vu\">Odosla\u0165 spr\u00e1vu<\/button><\/div><\/fieldset><\/form><div id='fluentform_73_errors' class='ff-errors-in-stack ff_form_instance_73_2 ff-form-loading_errors ff_form_instance_73_2_errors'><\/div><\/div>            <script type=\"text\/javascript\">\n                window.fluent_form_ff_form_instance_73_2 = {\"id\":\"73\",\"settings\":{\"layout\":{\"labelPlacement\":\"top\",\"asteriskPlacement\":\"asterisk-right\",\"helpMessagePlacement\":\"with_label\",\"errorMessagePlacement\":\"inline\",\"cssClassName\":\"\"},\"restrictions\":{\"denyEmptySubmission\":{\"enabled\":false}}},\"form_instance\":\"ff_form_instance_73_2\",\"form_id_selector\":\"fluentform_73\",\"rules\":{\"email\":{\"required\":{\"value\":true,\"message\":\"Toto pole je povinn\\u00e9\",\"global_message\":\"This field is required\",\"global\":true},\"email\":{\"value\":true,\"message\":\"Toto pole mus\\u00ed obsahova\\u0165 platn\\u00fd e-mail\",\"global_message\":\"This field must contain a valid email\",\"global\":true}},\"email_1\":{\"required\":{\"value\":true,\"message\":\"Toto pole je povinn\\u00e9\",\"global_message\":\"This field is required\",\"global\":true},\"email\":{\"value\":true,\"message\":\"Toto pole mus\\u00ed obsahova\\u0165 platn\\u00fd e-mail\",\"global_message\":\"This field must contain a valid email\",\"global\":true}},\"input_text\":{\"required\":{\"value\":true,\"message\":\"Toto pole je povinn\\u00e9\",\"global_message\":\"This field is required\",\"global\":true}},\"input_text_2\":{\"required\":{\"value\":false,\"message\":\"Toto pole je povinn\\u00e9\",\"global_message\":\"This field is required\",\"global\":true}}},\"debounce_time\":300};\n                            <\/script>\n            <\/div>\n\t\t\t\t\t\t<\/div>\n\t\t\t\t<\/div>\n\t\t\t\t<\/div>\n\t\t<div class=\"elementor-element elementor-element-93159b7 e-con-full elementor-hidden-tablet elementor-hidden-mobile e-flex e-con e-child\" data-id=\"93159b7\" data-element_type=\"container\">\n\t\t\t\t<div class=\"elementor-element elementor-element-fb2f0cd elementor-hidden-mobile elementor-widget elementor-widget-image\" data-id=\"fb2f0cd\" data-element_type=\"widget\" data-widget_type=\"image.default\">\n\t\t\t\t<div class=\"elementor-widget-container\">\n\t\t\t\t\t\t\t\t\t\t\t\t\t\t\t<img decoding=\"async\" width=\"800\" height=\"600\" src=\"https:\/\/bcmgroup.in\/wp-content\/uploads\/2026\/02\/Looking-for-Abroad-Jobs-2-1024x768.webp\" class=\"attachment-large size-large wp-image-139601\" alt=\"\" srcset=\"https:\/\/bcmgroup.in\/wp-content\/uploads\/2026\/02\/Looking-for-Abroad-Jobs-2-1024x768.webp 1024w, https:\/\/bcmgroup.in\/wp-content\/uploads\/2026\/02\/Looking-for-Abroad-Jobs-2-300x225.webp 300w, https:\/\/bcmgroup.in\/wp-content\/uploads\/2026\/02\/Looking-for-Abroad-Jobs-2-768x576.webp 768w, https:\/\/bcmgroup.in\/wp-content\/uploads\/2026\/02\/Looking-for-Abroad-Jobs-2-1536x1152.webp 1536w, https:\/\/bcmgroup.in\/wp-content\/uploads\/2026\/02\/Looking-for-Abroad-Jobs-2-640x480.webp 640w, https:\/\/bcmgroup.in\/wp-content\/uploads\/2026\/02\/Looking-for-Abroad-Jobs-2.webp 1600w\" sizes=\"(max-width: 800px) 100vw, 800px\" \/>\t\t\t\t\t\t\t\t\t\t\t\t\t\t\t<\/div>\n\t\t\t\t<\/div>\n\t\t\t\t<\/div>\n\t\t\t\t<\/div>\n\t\t\t\t<\/div>\n\t\t\t\t\t<\/div>\n\t\t\t\t<\/div>\n\t\t<div class=\"elementor-element elementor-element-49526c5 e-flex e-con-boxed e-con e-parent\" data-id=\"49526c5\" data-element_type=\"container\">\n\t\t\t\t\t<div class=\"e-con-inner\">\n\t\t<div class=\"elementor-element elementor-element-6c26c22 elementor-hidden-tablet elementor-hidden-mobile e-con-full e-flex e-con e-child\" data-id=\"6c26c22\" data-element_type=\"container\">\n\t\t<div class=\"elementor-element elementor-element-ab4a862 e-con-full e-flex e-con e-child\" data-id=\"ab4a862\" data-element_type=\"container\">\n\t\t\t\t<div class=\"elementor-element elementor-element-5fd05cb elementor-widget elementor-widget-image\" data-id=\"5fd05cb\" data-element_type=\"widget\" data-widget_type=\"image.default\">\n\t\t\t\t<div class=\"elementor-widget-container\">\n\t\t\t\t\t\t\t\t\t\t\t\t\t\t\t<img loading=\"lazy\" decoding=\"async\" width=\"800\" height=\"600\" src=\"https:\/\/bcmgroup.in\/wp-content\/uploads\/2026\/02\/101-3-1024x768.webp\" class=\"attachment-large size-large wp-image-139614\" alt=\"\" srcset=\"https:\/\/bcmgroup.in\/wp-content\/uploads\/2026\/02\/101-3-1024x768.webp 1024w, https:\/\/bcmgroup.in\/wp-content\/uploads\/2026\/02\/101-3-300x225.webp 300w, https:\/\/bcmgroup.in\/wp-content\/uploads\/2026\/02\/101-3-768x576.webp 768w, https:\/\/bcmgroup.in\/wp-content\/uploads\/2026\/02\/101-3-1536x1152.webp 1536w, https:\/\/bcmgroup.in\/wp-content\/uploads\/2026\/02\/101-3-640x480.webp 640w, https:\/\/bcmgroup.in\/wp-content\/uploads\/2026\/02\/101-3.webp 1600w\" sizes=\"(max-width: 800px) 100vw, 800px\" \/>\t\t\t\t\t\t\t\t\t\t\t\t\t\t\t<\/div>\n\t\t\t\t<\/div>\n\t\t\t\t<\/div>\n\t\t<div class=\"elementor-element elementor-element-cdfb284 e-con-full e-flex e-con e-child\" data-id=\"cdfb284\" data-element_type=\"container\">\n\t\t\t\t<\/div>\n\t\t<div class=\"elementor-element elementor-element-e331bed e-con-full e-flex e-con e-child\" data-id=\"e331bed\" data-element_type=\"container\">\n\t\t\t\t<div class=\"elementor-element elementor-element-140d7a0 elementor-widget elementor-widget-image\" data-id=\"140d7a0\" data-element_type=\"widget\" data-widget_type=\"image.default\">\n\t\t\t\t<div class=\"elementor-widget-container\">\n\t\t\t\t\t\t\t\t\t\t\t\t\t\t\t<img loading=\"lazy\" decoding=\"async\" width=\"800\" height=\"600\" src=\"https:\/\/bcmgroup.in\/wp-content\/uploads\/2026\/02\/111-3-1-1-1024x768.webp\" class=\"attachment-large size-large wp-image-139627\" alt=\"\" srcset=\"https:\/\/bcmgroup.in\/wp-content\/uploads\/2026\/02\/111-3-1-1-1024x768.webp 1024w, https:\/\/bcmgroup.in\/wp-content\/uploads\/2026\/02\/111-3-1-1-300x225.webp 300w, https:\/\/bcmgroup.in\/wp-content\/uploads\/2026\/02\/111-3-1-1-768x576.webp 768w, https:\/\/bcmgroup.in\/wp-content\/uploads\/2026\/02\/111-3-1-1-1536x1152.webp 1536w, https:\/\/bcmgroup.in\/wp-content\/uploads\/2026\/02\/111-3-1-1-640x480.webp 640w, https:\/\/bcmgroup.in\/wp-content\/uploads\/2026\/02\/111-3-1-1.webp 1600w\" sizes=\"(max-width: 800px) 100vw, 800px\" \/>\t\t\t\t\t\t\t\t\t\t\t\t\t\t\t<\/div>\n\t\t\t\t<\/div>\n\t\t\t\t<\/div>\n\t\t\t\t<\/div>\n\t\t\t\t\t<\/div>\n\t\t\t\t<\/div>\n\t\t\t\t<\/div>\n\t\t","protected":false},"excerpt":{"rendered":"<p>Kontaktujte n\u00e1s Kontaktujte n\u00e1s<\/p>\n","protected":false},"author":1,"featured_media":0,"parent":0,"menu_order":0,"comment_status":"closed","ping_status":"closed","template":"elementor_header_footer","meta":{"googlesitekit_rrm_CAowi469DA:productID":"","footnotes":""},"class_list":["post-66303","page","type-page","status-publish","hentry"],"_links":{"self":[{"href":"https:\/\/bcmgroup.in\/sk\/wp-json\/wp\/v2\/pages\/66303","targetHints":{"allow":["GET"]}}],"collection":[{"href":"https:\/\/bcmgroup.in\/sk\/wp-json\/wp\/v2\/pages"}],"about":[{"href":"https:\/\/bcmgroup.in\/sk\/wp-json\/wp\/v2\/types\/page"}],"author":[{"embeddable":true,"href":"https:\/\/bcmgroup.in\/sk\/wp-json\/wp\/v2\/users\/1"}],"replies":[{"embeddable":true,"href":"https:\/\/bcmgroup.in\/sk\/wp-json\/wp\/v2\/comments?post=66303"}],"version-history":[{"count":35,"href":"https:\/\/bcmgroup.in\/sk\/wp-json\/wp\/v2\/pages\/66303\/revisions"}],"predecessor-version":[{"id":151036,"href":"https:\/\/bcmgroup.in\/sk\/wp-json\/wp\/v2\/pages\/66303\/revisions\/151036"}],"wp:attachment":[{"href":"https:\/\/bcmgroup.in\/sk\/wp-json\/wp\/v2\/media?parent=66303"}],"curies":[{"name":"wp","href":"https:\/\/api.w.org\/{rel}","templated":true}]}}