{"id":66259,"date":"2023-06-07T01:47:42","date_gmt":"2023-06-07T01:47:42","guid":{"rendered":"https:\/\/bcmgroup.in\/vitajte-v-zasadach-ochrany-osobnych-udajov-skupiny-bcm\/"},"modified":"2025-12-03T10:16:45","modified_gmt":"2025-12-03T10:16:45","slug":"vitajte-v-zasadach-ochrany-osobnych-udajov-skupiny-bcm","status":"publish","type":"page","link":"https:\/\/bcmgroup.in\/sk\/vitajte-v-zasadach-ochrany-osobnych-udajov-skupiny-bcm\/","title":{"rendered":"Vitajte v z\u00e1sad\u00e1ch ochrany osobn\u00fdch \u00fadajov skupiny BCM:"},"content":{"rendered":"\t\t<div data-elementor-type=\"wp-page\" data-elementor-id=\"66259\" class=\"elementor elementor-66259 elementor-17128\" data-elementor-post-type=\"page\">\n\t\t\t\t<div class=\"elementor-element elementor-element-7a76bd8 e-flex e-con-boxed e-con e-parent\" data-id=\"7a76bd8\" data-element_type=\"container\">\n\t\t\t\t\t<div class=\"e-con-inner\">\n\t\t\t\t<div class=\"elementor-element elementor-element-dd82862 elementor-widget elementor-widget-heading\" data-id=\"dd82862\" data-element_type=\"widget\" data-widget_type=\"heading.default\">\n\t\t\t\t<div class=\"elementor-widget-container\">\n\t\t\t\t\t<h1 class=\"elementor-heading-title elementor-size-default\">Vitajte v z\u00e1sad\u00e1ch ochrany osobn\u00fdch \u00fadajov skupiny BCM:<\/h1>\t\t\t\t<\/div>\n\t\t\t\t<\/div>\n\t\t\t\t\t<\/div>\n\t\t\t\t<\/div>\n\t\t<div class=\"elementor-element elementor-element-0c9bbf7 e-flex e-con-boxed e-con e-parent\" data-id=\"0c9bbf7\" data-element_type=\"container\">\n\t\t\t\t\t<div class=\"e-con-inner\">\n\t\t\t\t<div class=\"elementor-element elementor-element-f1260d0 elementor-widget elementor-widget-text-editor\" data-id=\"f1260d0\" data-element_type=\"widget\" data-widget_type=\"text-editor.default\">\n\t\t\t\t<div class=\"elementor-widget-container\">\n\t\t\t\t\t\t\t\t\t<p>V BCM Group sme sa zaviazali chr\u00e1ni\u0165 va\u0161e s\u00fakromie a zabezpe\u010di\u0165, aby sa s va\u0161imi osobn\u00fdmi \u00fadajmi zaobch\u00e1dzalo zodpovedne. Tieto z\u00e1sady ochrany osobn\u00fdch \u00fadajov popisuj\u00fa, ako zhroma\u017e\u010fujeme, pou\u017e\u00edvame, zverej\u0148ujeme a chr\u00e1nime va\u0161e inform\u00e1cie, ke\u010f nav\u0161t\u00edvite na\u0161u webov\u00fa str\u00e1nku alebo s nami komunikujete prostredn\u00edctvom digit\u00e1lnych marketingov\u00fdch aktiv\u00edt.<\/p>\t\t\t\t\t\t\t\t<\/div>\n\t\t\t\t<\/div>\n\t\t\t\t\t<\/div>\n\t\t\t\t<\/div>\n\t\t<div class=\"elementor-element elementor-element-8543221 e-flex e-con-boxed e-con e-parent\" data-id=\"8543221\" data-element_type=\"container\">\n\t\t\t\t\t<div class=\"e-con-inner\">\n\t\t\t\t<div class=\"elementor-element elementor-element-161233f elementor-widget elementor-widget-heading\" data-id=\"161233f\" data-element_type=\"widget\" data-widget_type=\"heading.default\">\n\t\t\t\t<div class=\"elementor-widget-container\">\n\t\t\t\t\t<h2 class=\"elementor-heading-title elementor-size-default\">1. Inform\u00e1cie, ktor\u00e9 zhroma\u017e\u010fujeme\n<\/h2>\t\t\t\t<\/div>\n\t\t\t\t<\/div>\n\t\t\t\t\t<\/div>\n\t\t\t\t<\/div>\n\t\t<div class=\"elementor-element elementor-element-b4c9ce0 e-flex e-con-boxed e-con e-parent\" data-id=\"b4c9ce0\" data-element_type=\"container\">\n\t\t\t\t\t<div class=\"e-con-inner\">\n\t\t\t\t<div class=\"elementor-element elementor-element-b39aaf8 elementor-widget elementor-widget-text-editor\" data-id=\"b39aaf8\" data-element_type=\"widget\" data-widget_type=\"text-editor.default\">\n\t\t\t\t<div class=\"elementor-widget-container\">\n\t\t\t\t\t\t\t\t\t<ul>\n<li><strong>Osobn\u00e9 \u00fadaje:<\/strong>\u00a0Ke\u010f nav\u0161t\u00edvite na\u0161u webov\u00fa str\u00e1nku alebo sa zapoj\u00edte do na\u0161ich aktiv\u00edt digit\u00e1lneho marketingu, m\u00f4\u017eeme zhroma\u017e\u010fova\u0165 osobn\u00e9 \u00fadaje, ako je va\u0161e meno, e-mailov\u00e1 adresa, telef\u00f3nne \u010d\u00edslo a ak\u00e9ko\u013evek \u010fal\u0161ie inform\u00e1cie, ktor\u00e9 n\u00e1m dobrovo\u013ene poskytnete.<\/li>\n<li><strong>\u00dadaje o pou\u017e\u00edvan\u00ed: <\/strong>M\u00f4\u017eeme zhroma\u017e\u010fova\u0165 inform\u00e1cie o va\u0161om spr\u00e1van\u00ed pri prehliadan\u00ed na\u0161ej webovej str\u00e1nky vr\u00e1tane str\u00e1nok, ktor\u00e9 nav\u0161tevujete, odkazov, na ktor\u00e9 kliknete, a \u010fal\u0161\u00edch akci\u00ed, ktor\u00e9 vykon\u00e1vate.<\/li>\n<li><strong>Inform\u00e1cie o zariaden\u00ed: <\/strong>M\u00f4\u017eeme zhroma\u017e\u010fova\u0165 inform\u00e1cie o zariaden\u00ed, ktor\u00e9 pou\u017e\u00edvate na pr\u00edstup na na\u0161u webov\u00fa str\u00e1nku alebo na interakciu s na\u0161imi aktivitami digit\u00e1lneho marketingu, ako je va\u0161a IP adresa, typ prehliada\u010da a opera\u010dn\u00fd syst\u00e9m.<\/li>\n<\/ul>\t\t\t\t\t\t\t\t<\/div>\n\t\t\t\t<\/div>\n\t\t\t\t\t<\/div>\n\t\t\t\t<\/div>\n\t\t<div class=\"elementor-element elementor-element-1666f1d e-flex e-con-boxed e-con e-parent\" data-id=\"1666f1d\" data-element_type=\"container\">\n\t\t\t\t\t<div class=\"e-con-inner\">\n\t\t\t\t<div class=\"elementor-element elementor-element-4973152 elementor-widget elementor-widget-heading\" data-id=\"4973152\" data-element_type=\"widget\" data-widget_type=\"heading.default\">\n\t\t\t\t<div class=\"elementor-widget-container\">\n\t\t\t\t\t<h2 class=\"elementor-heading-title elementor-size-default\">2. Ako pou\u017e\u00edvame va\u0161e inform\u00e1cie\n<\/h2>\t\t\t\t<\/div>\n\t\t\t\t<\/div>\n\t\t\t\t\t<\/div>\n\t\t\t\t<\/div>\n\t\t<div class=\"elementor-element elementor-element-f5dc0ee e-flex e-con-boxed e-con e-parent\" data-id=\"f5dc0ee\" data-element_type=\"container\">\n\t\t\t\t\t<div class=\"e-con-inner\">\n\t\t\t\t<div class=\"elementor-element elementor-element-4ce0018 elementor-widget elementor-widget-text-editor\" data-id=\"4ce0018\" data-element_type=\"widget\" data-widget_type=\"text-editor.default\">\n\t\t\t\t<div class=\"elementor-widget-container\">\n\t\t\t\t\t\t\t\t\t<ul>\n<li><strong>Poskytovanie slu\u017eieb: <\/strong>Va\u0161e osobn\u00e9 \u00fadaje m\u00f4\u017eeme pou\u017ei\u0165 na poskytovanie slu\u017eieb, ktor\u00e9 po\u017eadujete, ako napr\u00edklad odpovedanie na va\u0161e ot\u00e1zky alebo spracovanie va\u0161ich \u017eiadost\u00ed o zamestnanie.<\/li>\n<li><strong>Na zlep\u0161enie na\u0161ich slu\u017eieb:<\/strong>\u00a0Zhroma\u017eden\u00e9 inform\u00e1cie m\u00f4\u017eeme pou\u017ei\u0165 na anal\u00fdzu trendov, sledovanie interakci\u00ed pou\u017e\u00edvate\u013eov a zlep\u0161enie kvality na\u0161ej webovej str\u00e1nky a slu\u017eieb.<\/li>\n<li><strong>Marketing a komunik\u00e1cia:<\/strong>\u00a0S va\u0161\u00edm s\u00fahlasom m\u00f4\u017eeme pou\u017ei\u0165 va\u0161e kontaktn\u00e9 inform\u00e1cie na zasielanie propaga\u010dn\u00fdch materi\u00e1lov, newsletterov alebo in\u00fdch ozn\u00e1men\u00ed o na\u0161ich slu\u017eb\u00e1ch alebo nadch\u00e1dzaj\u00facich podujatiach.<\/li>\n<\/ul>\t\t\t\t\t\t\t\t<\/div>\n\t\t\t\t<\/div>\n\t\t\t\t\t<\/div>\n\t\t\t\t<\/div>\n\t\t<div class=\"elementor-element elementor-element-aa86b15 e-flex e-con-boxed e-con e-parent\" data-id=\"aa86b15\" data-element_type=\"container\">\n\t\t\t\t\t<div class=\"e-con-inner\">\n\t\t\t\t<div class=\"elementor-element elementor-element-0a7dddc elementor-widget elementor-widget-heading\" data-id=\"0a7dddc\" data-element_type=\"widget\" data-widget_type=\"heading.default\">\n\t\t\t\t<div class=\"elementor-widget-container\">\n\t\t\t\t\t<h2 class=\"elementor-heading-title elementor-size-default\">3. Zdie\u013eanie a zverej\u0148ovanie \u00fadajov\n<\/h2>\t\t\t\t<\/div>\n\t\t\t\t<\/div>\n\t\t\t\t\t<\/div>\n\t\t\t\t<\/div>\n\t\t<div class=\"elementor-element elementor-element-a6f673d e-flex e-con-boxed e-con e-parent\" data-id=\"a6f673d\" data-element_type=\"container\">\n\t\t\t\t\t<div class=\"e-con-inner\">\n\t\t\t\t<div class=\"elementor-element elementor-element-2fa4e1d elementor-widget elementor-widget-text-editor\" data-id=\"2fa4e1d\" data-element_type=\"widget\" data-widget_type=\"text-editor.default\">\n\t\t\t\t<div class=\"elementor-widget-container\">\n\t\t\t\t\t\t\t\t\t<ul>\n<li><strong>Poskytovatelia slu\u017eieb tret\u00edch str\u00e1n: <\/strong>Va\u0161e inform\u00e1cie m\u00f4\u017eeme zdie\u013ea\u0165 s poskytovate\u013emi slu\u017eieb tret\u00edch str\u00e1n, ktor\u00ed n\u00e1m pom\u00e1haj\u00fa s prev\u00e1dzkou na\u0161ej webovej str\u00e1nky, vykon\u00e1van\u00edm na\u0161ej obchodnej \u010dinnosti alebo poskytovan\u00edm slu\u017eieb v\u00e1m. T\u00edto poskytovatelia slu\u017eieb s\u00fa zmluvne zaviazan\u00ed pou\u017e\u00edva\u0165 va\u0161e inform\u00e1cie iba v rozsahu nevyhnutnom na poskytovanie slu\u017eieb, ktor\u00e9 po\u017eadujeme.<\/li>\n<li><strong>S\u00falad s pr\u00e1vnymi predpismi:<\/strong>\u00a0Va\u0161e inform\u00e1cie m\u00f4\u017eeme zverejni\u0165, ak to vy\u017eaduje z\u00e1kon, alebo v reakcii na platn\u00e9 pr\u00e1vne \u017eiadosti, ako s\u00fa predvolania alebo s\u00fadne pr\u00edkazy.<\/li>\n<\/ul>\t\t\t\t\t\t\t\t<\/div>\n\t\t\t\t<\/div>\n\t\t\t\t\t<\/div>\n\t\t\t\t<\/div>\n\t\t<div class=\"elementor-element elementor-element-ae676d4 e-flex e-con-boxed e-con e-parent\" data-id=\"ae676d4\" data-element_type=\"container\">\n\t\t\t\t\t<div class=\"e-con-inner\">\n\t\t\t\t<div class=\"elementor-element elementor-element-912048c elementor-widget elementor-widget-heading\" data-id=\"912048c\" data-element_type=\"widget\" data-widget_type=\"heading.default\">\n\t\t\t\t<div class=\"elementor-widget-container\">\n\t\t\t\t\t<h2 class=\"elementor-heading-title elementor-size-default\">4. Zabezpe\u010denie \u00fadajov\n<\/h2>\t\t\t\t<\/div>\n\t\t\t\t<\/div>\n\t\t\t\t\t<\/div>\n\t\t\t\t<\/div>\n\t\t<div class=\"elementor-element elementor-element-49aa290 e-flex e-con-boxed e-con e-parent\" data-id=\"49aa290\" data-element_type=\"container\">\n\t\t\t\t\t<div class=\"e-con-inner\">\n\t\t\t\t<div class=\"elementor-element elementor-element-4abd38e elementor-widget elementor-widget-text-editor\" data-id=\"4abd38e\" data-element_type=\"widget\" data-widget_type=\"text-editor.default\">\n\t\t\t\t<div class=\"elementor-widget-container\">\n\t\t\t\t\t\t\t\t\t<p>Prij\u00edmame primeran\u00e9 opatrenia na ochranu va\u0161ich osobn\u00fdch \u00fadajov pred neopr\u00e1vnen\u00fdm pr\u00edstupom, pou\u017eit\u00edm alebo zverejnen\u00edm. \u017diadna met\u00f3da prenosu cez internet alebo elektronick\u00e9ho \u00falo\u017eiska v\u0161ak nie je 100 % bezpe\u010dn\u00e1 a nem\u00f4\u017eeme zaru\u010di\u0165 absol\u00fatnu bezpe\u010dnos\u0165.<\/p>\t\t\t\t\t\t\t\t<\/div>\n\t\t\t\t<\/div>\n\t\t\t\t\t<\/div>\n\t\t\t\t<\/div>\n\t\t<div class=\"elementor-element elementor-element-28f32bc e-flex e-con-boxed e-con e-parent\" data-id=\"28f32bc\" data-element_type=\"container\">\n\t\t\t\t\t<div class=\"e-con-inner\">\n\t\t\t\t<div class=\"elementor-element elementor-element-5ee2973 elementor-widget elementor-widget-heading\" data-id=\"5ee2973\" data-element_type=\"widget\" data-widget_type=\"heading.default\">\n\t\t\t\t<div class=\"elementor-widget-container\">\n\t\t\t\t\t<h2 class=\"elementor-heading-title elementor-size-default\">5. Va\u0161e pr\u00e1va\n<\/h2>\t\t\t\t<\/div>\n\t\t\t\t<\/div>\n\t\t\t\t\t<\/div>\n\t\t\t\t<\/div>\n\t\t<div class=\"elementor-element elementor-element-8510026 e-flex e-con-boxed e-con e-parent\" data-id=\"8510026\" data-element_type=\"container\">\n\t\t\t\t\t<div class=\"e-con-inner\">\n\t\t\t\t<div class=\"elementor-element elementor-element-31e996e elementor-widget elementor-widget-text-editor\" data-id=\"31e996e\" data-element_type=\"widget\" data-widget_type=\"text-editor.default\">\n\t\t\t\t<div class=\"elementor-widget-container\">\n\t\t\t\t\t\t\t\t\t<ul>\n<li><strong>Pr\u00edstup a oprava:<\/strong>\u00a0M\u00e1te pr\u00e1vo na pr\u00edstup a opravu ak\u00fdchko\u013evek osobn\u00fdch \u00fadajov, ktor\u00e9 o v\u00e1s uchov\u00e1vame. M\u00f4\u017eete n\u00e1s tie\u017e po\u017eiada\u0165 o vymazanie va\u0161ich osobn\u00fdch \u00fadajov, s v\u00fdhradou ur\u010dit\u00fdch v\u00fdnimiek.<\/li>\n<li><strong>Marketingov\u00e9 preferencie: <\/strong>M\u00e1te pr\u00e1vo kedyko\u013evek sa odhl\u00e1si\u0165 z prij\u00edmania marketingov\u00fdch ozn\u00e1men\u00ed od n\u00e1s. M\u00f4\u017eete tak urobi\u0165 pod\u013ea pokynov na odhl\u00e1senie, ktor\u00e9 s\u00fa uveden\u00e9 v na\u0161ich e-mailoch, alebo n\u00e1s priamo kontaktova\u0165.<\/li>\n<\/ul>\t\t\t\t\t\t\t\t<\/div>\n\t\t\t\t<\/div>\n\t\t\t\t\t<\/div>\n\t\t\t\t<\/div>\n\t\t<div class=\"elementor-element elementor-element-4db6401 e-flex e-con-boxed e-con e-parent\" data-id=\"4db6401\" data-element_type=\"container\">\n\t\t\t\t\t<div class=\"e-con-inner\">\n\t\t<div class=\"elementor-element elementor-element-d45d7c6 e-con-full e-flex e-con e-child\" data-id=\"d45d7c6\" data-element_type=\"container\">\n\t\t\t\t<div class=\"elementor-element elementor-element-0ed6a31 elementor-widget elementor-widget-heading\" data-id=\"0ed6a31\" data-element_type=\"widget\" data-widget_type=\"heading.default\">\n\t\t\t\t<div class=\"elementor-widget-container\">\n\t\t\t\t\t<h2 class=\"elementor-heading-title elementor-size-default\">6. Zmeny t\u00fdchto z\u00e1sad ochrany osobn\u00fdch \u00fadajov\n<\/h2>\t\t\t\t<\/div>\n\t\t\t\t<\/div>\n\t\t\t\t<\/div>\n\t\t\t\t\t<\/div>\n\t\t\t\t<\/div>\n\t\t<div class=\"elementor-element elementor-element-99977e8 e-flex e-con-boxed e-con e-parent\" data-id=\"99977e8\" data-element_type=\"container\">\n\t\t\t\t\t<div class=\"e-con-inner\">\n\t\t\t\t<div class=\"elementor-element elementor-element-5591f5b elementor-widget elementor-widget-text-editor\" data-id=\"5591f5b\" data-element_type=\"widget\" data-widget_type=\"text-editor.default\">\n\t\t\t\t<div class=\"elementor-widget-container\">\n\t\t\t\t\t\t\t\t\t<p>Tieto Z\u00e1sady ochrany osobn\u00fdch \u00fadajov m\u00f4\u017eeme z \u010dasu na \u010das aktualizova\u0165, aby odr\u00e1\u017eali zmeny v na\u0161ich postupoch alebo pr\u00e1vnych po\u017eiadavk\u00e1ch. O ak\u00fdchko\u013evek podstatn\u00fdch zmen\u00e1ch v\u00e1s budeme informova\u0165 zverejnen\u00edm aktualizovan\u00fdch z\u00e1sad na na\u0161ej webovej str\u00e1nke alebo v\u00e1s budeme priamo kontaktova\u0165.<\/p>\t\t\t\t\t\t\t\t<\/div>\n\t\t\t\t<\/div>\n\t\t\t\t\t<\/div>\n\t\t\t\t<\/div>\n\t\t<div class=\"elementor-element elementor-element-26f2b39 e-flex e-con-boxed e-con e-parent\" data-id=\"26f2b39\" data-element_type=\"container\">\n\t\t\t\t\t<div class=\"e-con-inner\">\n\t\t\t\t<div class=\"elementor-element elementor-element-c4bd5c7 elementor-widget elementor-widget-heading\" data-id=\"c4bd5c7\" data-element_type=\"widget\" data-widget_type=\"heading.default\">\n\t\t\t\t<div class=\"elementor-widget-container\">\n\t\t\t\t\t<h2 class=\"elementor-heading-title elementor-size-default\"><a href=\"https:\/\/bcmgroup.in\/sk\/kontaktovat\/\">7. Kontaktujte n\u00e1s\n<\/a><\/h2>\t\t\t\t<\/div>\n\t\t\t\t<\/div>\n\t\t\t\t\t<\/div>\n\t\t\t\t<\/div>\n\t\t<div class=\"elementor-element elementor-element-4150f0b e-flex e-con-boxed e-con e-parent\" data-id=\"4150f0b\" data-element_type=\"container\">\n\t\t\t\t\t<div class=\"e-con-inner\">\n\t\t\t\t<div class=\"elementor-element elementor-element-fadc163 elementor-widget elementor-widget-text-editor\" data-id=\"fadc163\" data-element_type=\"widget\" data-widget_type=\"text-editor.default\">\n\t\t\t\t<div class=\"elementor-widget-container\">\n\t\t\t\t\t\t\t\t\t<p>Ak m\u00e1te ak\u00e9ko\u013evek ot\u00e1zky alebo obavy t\u00fdkaj\u00face sa t\u00fdchto z\u00e1sad ochrany osobn\u00fdch \u00fadajov alebo na\u0161ich postupov v oblasti \u00fadajov, kontaktujte n\u00e1s na adrese: <a href=\"mailto:info@bcmgroup.in\" target=\"_blank\" rel=\"noreferrer noopener\">info@bcmgroup.in<br \/><\/a>Pou\u017e\u00edvan\u00edm na\u0161ej webovej str\u00e1nky alebo interakciou s na\u0161imi aktivitami digit\u00e1lneho marketingu s\u00fahlas\u00edte s podmienkami t\u00fdchto Z\u00e1sad ochrany osobn\u00fdch \u00fadajov.<\/p>\t\t\t\t\t\t\t\t<\/div>\n\t\t\t\t<\/div>\n\t\t\t\t\t<\/div>\n\t\t\t\t<\/div>\n\t\t\t\t<\/div>\n\t\t","protected":false},"excerpt":{"rendered":"<p>Vitajte v z\u00e1sad\u00e1ch ochrany osobn\u00fdch \u00fadajov skupiny BCM: V BCM Group sme sa zaviazali chr\u00e1ni\u0165 va\u0161e s\u00fakromie a zabezpe\u010di\u0165, aby sa s va\u0161imi osobn\u00fdmi \u00fadajmi zaobch\u00e1dzalo zodpovedne. Tieto z\u00e1sady ochrany osobn\u00fdch \u00fadajov popisuj\u00fa, ako zhroma\u017e\u010fujeme, pou\u017e\u00edvame, zverej\u0148ujeme a chr\u00e1nime va\u0161e inform\u00e1cie, ke\u010f nav\u0161t\u00edvite na\u0161u webov\u00fa str\u00e1nku alebo s nami komunikujete prostredn\u00edctvom digit\u00e1lnych marketingov\u00fdch aktiv\u00edt. 1. [&hellip;]<\/p>\n","protected":false},"author":1,"featured_media":0,"parent":0,"menu_order":0,"comment_status":"closed","ping_status":"open","template":"elementor_canvas","meta":{"googlesitekit_rrm_CAowi469DA:productID":"","footnotes":""},"class_list":["post-66259","page","type-page","status-publish","hentry"],"_links":{"self":[{"href":"https:\/\/bcmgroup.in\/sk\/wp-json\/wp\/v2\/pages\/66259","targetHints":{"allow":["GET"]}}],"collection":[{"href":"https:\/\/bcmgroup.in\/sk\/wp-json\/wp\/v2\/pages"}],"about":[{"href":"https:\/\/bcmgroup.in\/sk\/wp-json\/wp\/v2\/types\/page"}],"author":[{"embeddable":true,"href":"https:\/\/bcmgroup.in\/sk\/wp-json\/wp\/v2\/users\/1"}],"replies":[{"embeddable":true,"href":"https:\/\/bcmgroup.in\/sk\/wp-json\/wp\/v2\/comments?post=66259"}],"version-history":[{"count":10,"href":"https:\/\/bcmgroup.in\/sk\/wp-json\/wp\/v2\/pages\/66259\/revisions"}],"predecessor-version":[{"id":117457,"href":"https:\/\/bcmgroup.in\/sk\/wp-json\/wp\/v2\/pages\/66259\/revisions\/117457"}],"wp:attachment":[{"href":"https:\/\/bcmgroup.in\/sk\/wp-json\/wp\/v2\/media?parent=66259"}],"curies":[{"name":"wp","href":"https:\/\/api.w.org\/{rel}","templated":true}]}}