{"id":142339,"date":"2026-02-23T08:22:02","date_gmt":"2026-02-23T08:22:02","guid":{"rendered":"https:\/\/bcmgroup.in\/?page_id=142339"},"modified":"2026-03-13T13:05:47","modified_gmt":"2026-03-13T13:05:47","slug":"bcm-blogy","status":"publish","type":"page","link":"https:\/\/bcmgroup.in\/sk\/bcm-blogy\/","title":{"rendered":"BCM Blogy"},"content":{"rendered":"\t\t<div data-elementor-type=\"wp-page\" data-elementor-id=\"142339\" class=\"elementor elementor-142339\" data-elementor-post-type=\"page\">\n\t\t\t\t<div class=\"elementor-element elementor-element-e7a4fe5 e-flex e-con-boxed e-con e-parent\" data-id=\"e7a4fe5\" data-element_type=\"container\">\n\t\t\t\t\t<div class=\"e-con-inner\">\n\t\t<div class=\"elementor-element elementor-element-0285ea3 e-con-full e-flex e-con e-child\" data-id=\"0285ea3\" data-element_type=\"container\">\n\t\t\t\t<div class=\"elementor-element elementor-element-c0f036e elementor-widget elementor-widget-image\" data-id=\"c0f036e\" data-element_type=\"widget\" data-widget_type=\"image.default\">\n\t\t\t\t<div class=\"elementor-widget-container\">\n\t\t\t\t\t\t\t\t\t\t\t\t\t\t\t<img fetchpriority=\"high\" decoding=\"async\" width=\"1620\" height=\"325\" src=\"https:\/\/bcmgroup.in\/wp-content\/uploads\/2026\/02\/SUBMIT-YOUR-CV-9-1.webp\" class=\"attachment-full size-full wp-image-142296\" alt=\"Loty\u0161sko\" srcset=\"https:\/\/bcmgroup.in\/wp-content\/uploads\/2026\/02\/SUBMIT-YOUR-CV-9-1.webp 1620w, https:\/\/bcmgroup.in\/wp-content\/uploads\/2026\/02\/SUBMIT-YOUR-CV-9-1-300x60.webp 300w, https:\/\/bcmgroup.in\/wp-content\/uploads\/2026\/02\/SUBMIT-YOUR-CV-9-1-1024x205.webp 1024w, https:\/\/bcmgroup.in\/wp-content\/uploads\/2026\/02\/SUBMIT-YOUR-CV-9-1-768x154.webp 768w, https:\/\/bcmgroup.in\/wp-content\/uploads\/2026\/02\/SUBMIT-YOUR-CV-9-1-1536x308.webp 1536w\" sizes=\"(max-width: 1620px) 100vw, 1620px\" \/>\t\t\t\t\t\t\t\t\t\t\t\t\t\t\t<\/div>\n\t\t\t\t<\/div>\n\t\t\t\t<\/div>\n\t\t\t\t\t<\/div>\n\t\t\t\t<\/div>\n\t\t<div class=\"elementor-element elementor-element-927b060 e-flex e-con-boxed e-con e-parent\" data-id=\"927b060\" data-element_type=\"container\">\n\t\t\t\t\t<div class=\"e-con-inner\">\n\t\t<div class=\"elementor-element elementor-element-776b154 e-con-full e-flex e-con e-child\" data-id=\"776b154\" data-element_type=\"container\">\n\t\t<div class=\"elementor-element elementor-element-a4f0055 e-con-full e-flex e-con e-child\" data-id=\"a4f0055\" data-element_type=\"container\">\n\t\t\t\t<div class=\"elementor-element elementor-element-2aad99f elementor-widget elementor-widget-shortcode\" data-id=\"2aad99f\" data-element_type=\"widget\" data-widget_type=\"shortcode.default\">\n\t\t\t\t<div class=\"elementor-widget-container\">\n\t\t\t\t\t\t\t<div class=\"elementor-shortcode\"><div id=\"bdpp-post-list-1\" class=\"bdpp-wrap bdpp-lite bdpp-post-list-wrap bdpp-post-data-wrap bdpp-design-1 bdpp-layout-136712 bdpp-clearfix\">\r\n\t<div class=\"bdpp-post-list-inr-wrap bdpp-post-data-inr-wrap bdpp-clearfix\"><div class=\"bdpp-post-list-main bdpp-post-151535 bdpp-post-standard bdpp-has-thumb\">\r\n\t<div class=\"bdpp-post-list-content bdpp-clearfix\">\r\n\t\t\t\t<div class=\"bdpp-post-list-left bdpp-col-2 bdpp-columns\">\r\n\t\t\t<div class=\"bdpp-post-img-bg\">\r\n\t\t\t\t<a href=\"https:\/\/bcmgroup.in\/sk\/blogy\/vyplatna-paska\/\">\r\n\t\t\t\t\t<img decoding=\"async\" src=\"https:\/\/bcmgroup.in\/wp-content\/uploads\/2026\/03\/Expert-Legal-Services-4.webp\" class=\"bdpp-img bdpp-post-feat-img\" alt=\"V\u00fdplatn\u00e1 p\u00e1ska \u2013 Kompletn\u00fd sprievodca pre zamestnancov a zamestn\u00e1vate\u013eov v roku 2026\" \/>\r\n\t\t\t\t\t\t\t\t\t<\/a>\r\n\t\t\t<\/div>\r\n\t\t<\/div>\r\n\t\t\r\n\t\t<div class=\"bdpp-post-list-right bdpp-col-2 bdpp-columns\">\r\n\t\t\t\r\n\t\t\t<h2 class=\"bdpp-post-title\">\r\n\t\t\t\t<a href=\"https:\/\/bcmgroup.in\/sk\/blogy\/vyplatna-paska\/\">V\u00fdplatn\u00e1 p\u00e1ska \u2013 Kompletn\u00fd sprievodca pre zamestnancov a zamestn\u00e1vate\u013eov v roku 2026<\/a>\r\n\t\t\t<\/h2>\r\n\r\n\t\t\t\t\t\t<div class=\"bdpp-post-meta bdpp-post-meta-up\">\r\n\t\t\t\t\t\t\t<\/div>\r\n\t\t\t\t\t\t<div class=\"bdpp-post-content\">\r\n\t\t\t\t<div class=\"bdpp-post-desc\">V\u00fdplatn\u00e1 p\u00e1ska \u2013 Kompletn\u00fd sprievodca pre zamestnancov a zamestn\u00e1vate\u013eov v roku 2026 V\u00fdplatn\u00e1 p\u00e1ska je d\u00f4le\u017eit\u00fd dokument, ktor\u00fd poskytuje preh\u013ead o mzde zamestnanca, odvodoch, daniach a kone\u010dnej vyplatenej sume. Ka\u017ed\u00fd zamestnanec...<\/div>\r\n\t\t\t\t\t\t\t\t\t<a href=\"https:\/\/bcmgroup.in\/sk\/blogy\/vyplatna-paska\/\" class=\"bdpp-rdmr-btn\">\u010c\u00edta\u0165 \u010falej<\/a>\r\n\t\t\t\t\t\t\t<\/div>\r\n\t\t\t\t\t<\/div>\r\n\t<\/div>\r\n<\/div><div class=\"bdpp-post-list-main bdpp-post-151356 bdpp-post-standard bdpp-has-thumb\">\r\n\t<div class=\"bdpp-post-list-content bdpp-clearfix\">\r\n\t\t\t\t<div class=\"bdpp-post-list-left bdpp-col-2 bdpp-columns\">\r\n\t\t\t<div class=\"bdpp-post-img-bg\">\r\n\t\t\t\t<a href=\"https:\/\/bcmgroup.in\/sk\/blogy\/vypoved-v-skusobnej-dobe\/\">\r\n\t\t\t\t\t<img decoding=\"async\" src=\"https:\/\/bcmgroup.in\/wp-content\/uploads\/2026\/03\/Expert-Legal-Services-3.webp\" class=\"bdpp-img bdpp-post-feat-img\" alt=\"V\u00fdpove\u010f v sk\u00fa\u0161obnej dobe (2026): Kompletn\u00fd sprievodca pre zamestnancov a zamestn\u00e1vate\u013eov\" \/>\r\n\t\t\t\t\t\t\t\t\t<\/a>\r\n\t\t\t<\/div>\r\n\t\t<\/div>\r\n\t\t\r\n\t\t<div class=\"bdpp-post-list-right bdpp-col-2 bdpp-columns\">\r\n\t\t\t\r\n\t\t\t<h2 class=\"bdpp-post-title\">\r\n\t\t\t\t<a href=\"https:\/\/bcmgroup.in\/sk\/blogy\/vypoved-v-skusobnej-dobe\/\">V\u00fdpove\u010f v sk\u00fa\u0161obnej dobe (2026): Kompletn\u00fd sprievodca pre zamestnancov a zamestn\u00e1vate\u013eov<\/a>\r\n\t\t\t<\/h2>\r\n\r\n\t\t\t\t\t\t<div class=\"bdpp-post-meta bdpp-post-meta-up\">\r\n\t\t\t\t\t\t\t<\/div>\r\n\t\t\t\t\t\t<div class=\"bdpp-post-content\">\r\n\t\t\t\t<div class=\"bdpp-post-desc\">V\u00fdpove\u010f v sk\u00fa\u0161obnej dobe (2026): Kompletn\u00fd sprievodca pre zamestnancov a zamestn\u00e1vate\u013eov V\u00fdpove\u010f v sk\u00fa\u0161obnej dobe patr\u00ed medzi naj\u010dastej\u0161ie rie\u0161en\u00e9 t\u00e9my v pracovnom pr\u00e1ve na Slovensku. Mnoh\u00ed zamestnanci aj zamestn\u00e1vatelia si nie...<\/div>\r\n\t\t\t\t\t\t\t\t\t<a href=\"https:\/\/bcmgroup.in\/sk\/blogy\/vypoved-v-skusobnej-dobe\/\" class=\"bdpp-rdmr-btn\">\u010c\u00edta\u0165 \u010falej<\/a>\r\n\t\t\t\t\t\t\t<\/div>\r\n\t\t\t\t\t<\/div>\r\n\t<\/div>\r\n<\/div><div class=\"bdpp-post-list-main bdpp-post-150431 bdpp-post-standard bdpp-has-thumb\">\r\n\t<div class=\"bdpp-post-list-content bdpp-clearfix\">\r\n\t\t\t\t<div class=\"bdpp-post-list-left bdpp-col-2 bdpp-columns\">\r\n\t\t\t<div class=\"bdpp-post-img-bg\">\r\n\t\t\t\t<a href=\"https:\/\/bcmgroup.in\/sk\/blogy\/sikana\/\">\r\n\t\t\t\t\t<img decoding=\"async\" src=\"https:\/\/bcmgroup.in\/wp-content\/uploads\/2026\/03\/Expert-Legal-Services.webp\" class=\"bdpp-img bdpp-post-feat-img\" alt=\"\u0160ikana: Komplexn\u00fd poh\u013ead na probl\u00e9m, jeho formy, pr\u00ed\u010diny a rie\u0161enia\" \/>\r\n\t\t\t\t\t\t\t\t\t<\/a>\r\n\t\t\t<\/div>\r\n\t\t<\/div>\r\n\t\t\r\n\t\t<div class=\"bdpp-post-list-right bdpp-col-2 bdpp-columns\">\r\n\t\t\t\r\n\t\t\t<h2 class=\"bdpp-post-title\">\r\n\t\t\t\t<a href=\"https:\/\/bcmgroup.in\/sk\/blogy\/sikana\/\">\u0160ikana: Komplexn\u00fd poh\u013ead na probl\u00e9m, jeho formy, pr\u00ed\u010diny a rie\u0161enia<\/a>\r\n\t\t\t<\/h2>\r\n\r\n\t\t\t\t\t\t<div class=\"bdpp-post-meta bdpp-post-meta-up\">\r\n\t\t\t\t\t\t\t<\/div>\r\n\t\t\t\t\t\t<div class=\"bdpp-post-content\">\r\n\t\t\t\t<div class=\"bdpp-post-desc\">\u0160ikana: Komplexn\u00fd poh\u013ead na probl\u00e9m, jeho formy, pr\u00ed\u010diny a rie\u0161enia \u0160ikana patr\u00ed medzi najz\u00e1va\u017enej\u0161ie soci\u00e1lne probl\u00e9my, ktor\u00e9 sa vyskytuj\u00fa nielen v \u0161kolskom prostred\u00ed, ale aj na pracovisk\u00e1ch a v \u0161ir\u0161ej spolo\u010dnosti....<\/div>\r\n\t\t\t\t\t\t\t\t\t<a href=\"https:\/\/bcmgroup.in\/sk\/blogy\/sikana\/\" class=\"bdpp-rdmr-btn\">\u010c\u00edta\u0165 \u010falej<\/a>\r\n\t\t\t\t\t\t\t<\/div>\r\n\t\t\t\t\t<\/div>\r\n\t<\/div>\r\n<\/div><div class=\"bdpp-post-list-main bdpp-post-150154 bdpp-post-standard bdpp-has-thumb\">\r\n\t<div class=\"bdpp-post-list-content bdpp-clearfix\">\r\n\t\t\t\t<div class=\"bdpp-post-list-left bdpp-col-2 bdpp-columns\">\r\n\t\t\t<div class=\"bdpp-post-img-bg\">\r\n\t\t\t\t<a href=\"https:\/\/bcmgroup.in\/sk\/blogy\/dohoda-o-skonceni-pracovneho-pomeru\/\">\r\n\t\t\t\t\t<img decoding=\"async\" src=\"https:\/\/bcmgroup.in\/wp-content\/uploads\/2026\/03\/Expert-Legal-Services-46.webp\" class=\"bdpp-img bdpp-post-feat-img\" alt=\"Dohoda o skon\u010den\u00ed pracovn\u00e9ho pomeru: Kompletn\u00fd sprievodca pre rok 2026\" \/>\r\n\t\t\t\t\t\t\t\t\t<\/a>\r\n\t\t\t<\/div>\r\n\t\t<\/div>\r\n\t\t\r\n\t\t<div class=\"bdpp-post-list-right bdpp-col-2 bdpp-columns\">\r\n\t\t\t\r\n\t\t\t<h2 class=\"bdpp-post-title\">\r\n\t\t\t\t<a href=\"https:\/\/bcmgroup.in\/sk\/blogy\/dohoda-o-skonceni-pracovneho-pomeru\/\">Dohoda o skon\u010den\u00ed pracovn\u00e9ho pomeru: Kompletn\u00fd sprievodca pre rok 2026<\/a>\r\n\t\t\t<\/h2>\r\n\r\n\t\t\t\t\t\t<div class=\"bdpp-post-meta bdpp-post-meta-up\">\r\n\t\t\t\t\t\t\t<\/div>\r\n\t\t\t\t\t\t<div class=\"bdpp-post-content\">\r\n\t\t\t\t<div class=\"bdpp-post-desc\">Dohoda o skon\u010den\u00ed pracovn\u00e9ho pomeru: Kompletn\u00fd sprievodca pre rok 2026 Zva\u017eujete koniec zamestnania bez h\u00e1dok, v\u00fdpovednej doby alebo\u00a0 zbyto\u010dn\u00fdch komplik\u00e1ci\u00ed ?Dohoda o skon\u010den\u00ed pracovn\u00e9ho pomeru patr\u00ed medzi najflexibilnej\u0161ie a naj\u010dastej\u0161ie vyu\u017e\u00edvan\u00e9...<\/div>\r\n\t\t\t\t\t\t\t\t\t<a href=\"https:\/\/bcmgroup.in\/sk\/blogy\/dohoda-o-skonceni-pracovneho-pomeru\/\" class=\"bdpp-rdmr-btn\">\u010c\u00edta\u0165 \u010falej<\/a>\r\n\t\t\t\t\t\t\t<\/div>\r\n\t\t\t\t\t<\/div>\r\n\t<\/div>\r\n<\/div><div class=\"bdpp-post-list-main bdpp-post-149888 bdpp-post-standard bdpp-has-thumb\">\r\n\t<div class=\"bdpp-post-list-content bdpp-clearfix\">\r\n\t\t\t\t<div class=\"bdpp-post-list-left bdpp-col-2 bdpp-columns\">\r\n\t\t\t<div class=\"bdpp-post-img-bg\">\r\n\t\t\t\t<a href=\"https:\/\/bcmgroup.in\/sk\/blogy\/minimalna-mzda\/\">\r\n\t\t\t\t\t<img decoding=\"async\" src=\"https:\/\/bcmgroup.in\/wp-content\/uploads\/2026\/03\/Expert-Legal-Services-45-1.webp\" class=\"bdpp-img bdpp-post-feat-img\" alt=\"Minim\u00e1lna mzda 2026 na Slovensku: Kompletn\u00fd preh\u013ead pre zamestnancov aj zamestn\u00e1vate\u013eov\" \/>\r\n\t\t\t\t\t\t\t\t\t<\/a>\r\n\t\t\t<\/div>\r\n\t\t<\/div>\r\n\t\t\r\n\t\t<div class=\"bdpp-post-list-right bdpp-col-2 bdpp-columns\">\r\n\t\t\t\r\n\t\t\t<h2 class=\"bdpp-post-title\">\r\n\t\t\t\t<a href=\"https:\/\/bcmgroup.in\/sk\/blogy\/minimalna-mzda\/\">Minim\u00e1lna mzda 2026 na Slovensku: Kompletn\u00fd preh\u013ead pre zamestnancov aj zamestn\u00e1vate\u013eov<\/a>\r\n\t\t\t<\/h2>\r\n\r\n\t\t\t\t\t\t<div class=\"bdpp-post-meta bdpp-post-meta-up\">\r\n\t\t\t\t\t\t\t<\/div>\r\n\t\t\t\t\t\t<div class=\"bdpp-post-content\">\r\n\t\t\t\t<div class=\"bdpp-post-desc\">Minim\u00e1lna mzda 2026 na Slovensku: Kompletn\u00fd preh\u013ead pre zamestnancov aj zamestn\u00e1vate\u013eov Minim\u00e1lna mzda je jedn\u00fdm z najhlavne\u034fj\u0161\u00edch pe\u0148a\u017en\u00fdch znakov, ktor\u00e9 ovplyv\u0148uj\u00fa pracovn\u00fd trh, podnikate\u013esk\u00e9 n\u00e1klady a \u017eivotn\u00fa \u00farove\u0148 zamestnancov. Na Slovensku...<\/div>\r\n\t\t\t\t\t\t\t\t\t<a href=\"https:\/\/bcmgroup.in\/sk\/blogy\/minimalna-mzda\/\" class=\"bdpp-rdmr-btn\">\u010c\u00edta\u0165 \u010falej<\/a>\r\n\t\t\t\t\t\t\t<\/div>\r\n\t\t\t\t\t<\/div>\r\n\t<\/div>\r\n<\/div>\t<\/div>\r\n\t\t<div class=\"bdpp-paging bdpp-clearfix\">\r\n\t\t<span aria-current=\"page\" class=\"page-numbers current\">1<\/span>\n<a class=\"page-numbers\" href=\"https:\/\/bcmgroup.in\/sk\/wp-json\/wp\/v2\/pages\/142339\/page\/2\/\">2<\/a>\n<a class=\"page-numbers\" href=\"https:\/\/bcmgroup.in\/sk\/wp-json\/wp\/v2\/pages\/142339\/page\/3\/\">3<\/a>\n<a class=\"next page-numbers\" href=\"https:\/\/bcmgroup.in\/sk\/wp-json\/wp\/v2\/pages\/142339\/page\/2\/\">Next &raquo;<\/a>\t<\/div>\r\n<\/div><\/div>\n\t\t\t\t\t\t<\/div>\n\t\t\t\t<\/div>\n\t\t\t\t<\/div>\n\t\t<div class=\"elementor-element elementor-element-6f4b25e e-con-full e-flex e-con e-child\" data-id=\"6f4b25e\" data-element_type=\"container\">\n\t\t<div class=\"elementor-element elementor-element-f387b86 e-con-full e-flex e-con e-child\" data-id=\"f387b86\" data-element_type=\"container\">\n\t\t\t\t<div class=\"elementor-element elementor-element-60bc69b elementor-widget elementor-widget-text-editor\" data-id=\"60bc69b\" data-element_type=\"widget\" data-widget_type=\"text-editor.default\">\n\t\t\t\t<div class=\"elementor-widget-container\">\n\t\t\t\t\t\t\t\t\t<div class=\"custom-country-section\">\n  <h2 class=\"custom-country-title\">Zobrazi\u0165 pod\u013ea krajiny<\/h2>\n  <ul class=\"custom-country-list\">\n    <li>\n      <a href=\"https:\/\/bcmgroup.in\/ro\/bloguri-bcm\/\" target=\"_blank\" rel=\"noopener noreferrer\">\n        <img decoding=\"async\" src=\"https:\/\/flagcdn.com\/w40\/ro.png\" alt=\"Rumunsko Flag\" \/>\n        <span>Romania<\/span>\n      <\/a>\n    <\/li>\n    <li>\n      <a href=\"https:\/\/bcmgroup.in\/hr\/bcm-blogovi\/\" target=\"_blank\" rel=\"noopener noreferrer\">\n        <img decoding=\"async\" src=\"https:\/\/flagcdn.com\/w40\/hr.png\" alt=\"Chorv\u00e1tsko Flag\" \/>\n        <span>Croatia<\/span>\n      <\/a>\n    <\/li>\n    <li>\n      <a href=\"https:\/\/bcmgroup.in\/lv\/bcm-blogi\/\" target=\"_blank\" rel=\"noopener noreferrer\">\n        <img decoding=\"async\" src=\"https:\/\/flagcdn.com\/w40\/lv.png\" alt=\"Loty\u0161sko Flag\" \/>\n        <span>Latvia<\/span>\n      <\/a>\n    <\/li>\n    <li>\n      <a href=\"https:\/\/bcmgroup.in\/sr\/blogovi\/\" target=\"_blank\" rel=\"noopener noreferrer\">\n        <img decoding=\"async\" src=\"https:\/\/flagcdn.com\/w40\/rs.png\" alt=\"Srbsko Flag\" \/>\n        <span>Serbia<\/span>\n      <\/a>\n    <\/li>\n    <li>\n      <a href=\"https:\/\/bcmgroup.in\/sk\/bcm-blogy\/\" target=\"_blank\" rel=\"noopener noreferrer\">\n        <img decoding=\"async\" src=\"https:\/\/flagcdn.com\/w40\/sk.png\" alt=\"Slovensko Flag\" \/>\n        <span>Slovakia<\/span>\n      <\/a>\n    <\/li>\n    <li>\n      <a href=\"https:\/\/bcmgroup.in\/hu\/blogok\/\" target=\"_blank\" rel=\"noopener noreferrer\">\n        <img decoding=\"async\" src=\"https:\/\/flagcdn.com\/w40\/hu.png\" alt=\"Ma\u010farsko Flag\" \/>\n        <span>Hungary<\/span>\n      <\/a>\n    <\/li>\n  <\/ul>\n<\/div>\n\n<style>\n  .custom-country-section {\n    max-width: 340px;\n    padding: 20px;\n    font-family: 'Segoe UI', Tahoma, Geneva, Verdana, sans-serif;\n    color: #1a2b48;\n  }\n  .custom-country-title {\n    margin-bottom: 20px;\n    font-weight: 700;\n    font-size: 1.5rem;\n    border-bottom: 2px solid #ddd;\n    padding-bottom: 8px;\n  }\n  .custom-country-list {\n    list-style: none;\n    padding: 0;\n    margin: 0;\n  }\n  .custom-country-list li {\n    margin-bottom: 16px;\n  }\n  .custom-country-list li a {\n    display: flex;\n    align-items: center;\n    padding: 14px 18px;\n    border-radius: 12px;\n    cursor: pointer;\n    background: #f9fbff;\n    box-shadow: 0 3px 8px rgba(26, 43, 72, 0.1);\n    text-decoration: none;\n    transition: transform 0.25s ease, box-shadow 0.25s ease;\n    color: #1a2b48;\n  }\n  .custom-country-list li a:hover {\n    transform: translateY(-4px) scale(1.03);\n    box-shadow: 0 8px 20px rgba(26, 43, 72, 0.15);\n  }\n  .custom-country-list img {\n    width: 36px;\n    height: 24px;\n    margin-right: 14px;\n    border-radius: 0;\n    box-shadow: none;\n    object-fit: contain;\n    background: transparent !important;\n  }\n  .custom-country-list span {\n    font-weight: 600;\n    font-size: 1.1rem;\n  }\n<\/style>\n\t\t\t\t\t\t\t\t<\/div>\n\t\t\t\t<\/div>\n\t\t\t\t<\/div>\n\t\t\t\t<\/div>\n\t\t\t\t<\/div>\n\t\t\t\t\t<\/div>\n\t\t\t\t<\/div>\n\t\t\t\t<\/div>\n\t\t","protected":false},"excerpt":{"rendered":"<p>Zobrazi\u0165 pod\u013ea krajiny Romania Croatia Latvia Serbia Slovakia Hungary<\/p>\n","protected":false},"author":5,"featured_media":0,"parent":0,"menu_order":0,"comment_status":"closed","ping_status":"closed","template":"elementor_canvas","meta":{"googlesitekit_rrm_CAowi469DA:productID":"","footnotes":""},"class_list":["post-142339","page","type-page","status-publish","hentry"],"_links":{"self":[{"href":"https:\/\/bcmgroup.in\/sk\/wp-json\/wp\/v2\/pages\/142339","targetHints":{"allow":["GET"]}}],"collection":[{"href":"https:\/\/bcmgroup.in\/sk\/wp-json\/wp\/v2\/pages"}],"about":[{"href":"https:\/\/bcmgroup.in\/sk\/wp-json\/wp\/v2\/types\/page"}],"author":[{"embeddable":true,"href":"https:\/\/bcmgroup.in\/sk\/wp-json\/wp\/v2\/users\/5"}],"replies":[{"embeddable":true,"href":"https:\/\/bcmgroup.in\/sk\/wp-json\/wp\/v2\/comments?post=142339"}],"version-history":[{"count":7,"href":"https:\/\/bcmgroup.in\/sk\/wp-json\/wp\/v2\/pages\/142339\/revisions"}],"predecessor-version":[{"id":149673,"href":"https:\/\/bcmgroup.in\/sk\/wp-json\/wp\/v2\/pages\/142339\/revisions\/149673"}],"wp:attachment":[{"href":"https:\/\/bcmgroup.in\/sk\/wp-json\/wp\/v2\/media?parent=142339"}],"curies":[{"name":"wp","href":"https:\/\/api.w.org\/{rel}","templated":true}]}}