{"id":137319,"date":"2026-02-10T08:10:08","date_gmt":"2026-02-10T08:10:08","guid":{"rendered":"https:\/\/bcmgroup.in\/?page_id=137319"},"modified":"2026-03-21T10:50:38","modified_gmt":"2026-03-21T10:50:38","slug":"kandidatov-faq-a-podpora","status":"publish","type":"page","link":"https:\/\/bcmgroup.in\/sk\/hladam-pracu\/kandidatov-faq-a-podpora\/","title":{"rendered":"Kandid\u00e1tov FAQ a Podpora"},"content":{"rendered":"\t\t<div data-elementor-type=\"wp-page\" data-elementor-id=\"137319\" class=\"elementor elementor-137319\" data-elementor-post-type=\"page\">\n\t\t\t\t<div class=\"elementor-element elementor-element-427f63b e-flex e-con-boxed e-con e-parent\" data-id=\"427f63b\" data-element_type=\"container\">\n\t\t\t\t\t<div class=\"e-con-inner\">\n\t\t<div class=\"elementor-element elementor-element-86515c9 e-con-full e-flex e-con e-child\" data-id=\"86515c9\" data-element_type=\"container\">\n\t\t\t\t<div class=\"elementor-element elementor-element-df5dbb6 elementor-widget elementor-widget-image\" data-id=\"df5dbb6\" data-element_type=\"widget\" data-widget_type=\"image.default\">\n\t\t\t\t<div class=\"elementor-widget-container\">\n\t\t\t\t\t\t\t\t\t\t\t\t\t\t\t<img fetchpriority=\"high\" decoding=\"async\" width=\"1620\" height=\"325\" src=\"https:\/\/bcmgroup.in\/wp-content\/uploads\/2026\/01\/SUBMIT-YOUR-CV-6.webp\" class=\"attachment-full size-full wp-image-131473\" alt=\"Naj\u010de\u0161\u0107a pitanja i podr\u0161ka poslodavce\" srcset=\"https:\/\/bcmgroup.in\/wp-content\/uploads\/2026\/01\/SUBMIT-YOUR-CV-6.webp 1620w, https:\/\/bcmgroup.in\/wp-content\/uploads\/2026\/01\/SUBMIT-YOUR-CV-6-300x60.webp 300w, https:\/\/bcmgroup.in\/wp-content\/uploads\/2026\/01\/SUBMIT-YOUR-CV-6-1024x205.webp 1024w, https:\/\/bcmgroup.in\/wp-content\/uploads\/2026\/01\/SUBMIT-YOUR-CV-6-768x154.webp 768w, https:\/\/bcmgroup.in\/wp-content\/uploads\/2026\/01\/SUBMIT-YOUR-CV-6-1536x308.webp 1536w\" sizes=\"(max-width: 1620px) 100vw, 1620px\" \/>\t\t\t\t\t\t\t\t\t\t\t\t\t\t\t<\/div>\n\t\t\t\t<\/div>\n\t\t\t\t<\/div>\n\t\t\t\t\t<\/div>\n\t\t\t\t<\/div>\n\t\t<div class=\"elementor-element elementor-element-b56f936 e-flex e-con-boxed e-con e-parent\" data-id=\"b56f936\" data-element_type=\"container\">\n\t\t\t\t\t<div class=\"e-con-inner\">\n\t\t\t\t<div class=\"elementor-element elementor-element-47914c8 elementor-widget elementor-widget-text-editor\" data-id=\"47914c8\" data-element_type=\"widget\" data-widget_type=\"text-editor.default\">\n\t\t\t\t<div class=\"elementor-widget-container\">\n\t\t\t\t\t\t\t\t\t<style>\n.faq-container {\n    max-width: 1200px;\n    margin: 70px auto;\n    padding: 0 20px;\n    font-family: \"Segoe UI\", Arial, sans-serif;\n}\n\n.faq-header {\n    text-align: center;\n    margin-bottom: 40px;\n}\n\n.faq-header h1 {\n    font-size: 38px;\n    font-weight: 700;\n    color: #9B0008;   \/* Updated Title Color *\/\n}\n\n.faq-header p {\n    font-size: 20px;\n    color: #555;\n    margin-top: 10px;\n}\n\n\/* FAQ Item *\/\n.faq-item {\n    background: #ffffff;\n    border-radius: 12px;\n    margin-bottom: 18px;\n    padding: 22px 26px;\n    box-shadow: 0 8px 25px rgba(0,0,0,0.07);\n    cursor: pointer;\n    position: relative;\n    overflow: hidden;\n    transition: all 0.3s ease;\n}\n\n\/* Left Accent *\/\n.faq-item::before {\n    content: \"\";\n    position: absolute;\n    left: 0;\n    top: 0;\n    width: 5px;\n    height: 100%;\n    background: #9B0008\n}\n\n.faq-item:hover {\n    transform: translateY(-3px);\n    box-shadow: 0 14px 35px rgba(0,0,0,0.12);\n}\n\n\/* Question Row *\/\n.faq-question {\n    display: flex;\n    justify-content: space-between;\n    align-items: center;\n}\n\n.faq-text {\n    font-size: 20px;\n    font-weight: 600;\n    color: #0a2540;\n    width: 90%;\n}\n\n.faq-toggle {\n    font-size: 26px;\n    font-weight: bold;\n    color: #9B0008;\n    transition: transform 0.3s ease;\n}\n\n\/* Answer *\/\n.faq-answer {\n    max-height: 0;\n    overflow: hidden;\n    transition: max-height 0.5s ease;\n}\n\n.faq-answer p {\n    margin-top: 16px;\n    font-size: 16px;\n    line-height: 1.7;\n    color: #444;\n}\n\n\/* Active *\/\n.faq-item.active .faq-answer {\n    max-height: 600px;\n}\n\n.faq-item.active .faq-toggle {\n    transform: rotate(45deg);\n}\n<\/style>\n\n<div class=\"faq-container\">\n    <div class=\"faq-header\">\n        <h1>\u010casto kladen\u00e9 ot\u00e1zky<\/h1>\n        <p>\n            Ak nen\u00e1jdete odpove\u010f ni\u017e\u0161ie, pou\u017eite kontaktn\u00fd formul\u00e1r alebo n\u00e1m nap\u00ed\u0161te e-mail na adresu \n            <strong>\n                <a href=\"mailto:info@bcmgroup.in\" style=\"color:#9B0008; text-decoration:none;\">\n                    info@bcmgroup.in\n                <\/a>\n            <\/strong>\n        <\/p>\n    <\/div>\n\n    \n\n    <div class=\"faq-item\"><div class=\"faq-question\"><div class=\"faq-text\">Je angli\u010dtina povinn\u00e1 pre pr\u00e1cu v Eur\u00f3pe?<\/div><div class=\"faq-toggle\">+<\/div><\/div><div class=\"faq-answer\"><p>Angli\u010dtina nie je povinn\u00e1 pre v\u0161etky pracovn\u00e9 miesta. Z\u00e1kladn\u00e1 angli\u010dtina je u\u017eito\u010dn\u00e1 a zamestn\u00e1vatelia overuj\u00fa najm\u00e4 va\u0161e technick\u00e9 znalosti a sk\u00fasenosti s\u00favisiace s pracovn\u00fdm profilom.<\/p><\/div><\/div>\n\n    <div class=\"faq-item\"><div class=\"faq-question\"><div class=\"faq-text\">Ste registrovan\u00fd na Ministerstve zahrani\u010dn\u00fdch vec\u00ed (MEA)?<\/div><div class=\"faq-toggle\">+<\/div><\/div><div class=\"faq-answer\"><p>\u00c1no, sme hrd\u00ed na to, \u017ee sme registrovan\u00ed na Ministerstve zahrani\u010dn\u00fdch vec\u00ed. Na\u0161e licen\u010dn\u00e9 \u010d\u00edslo je Mumbai\/Partnership\/5493853\/2021. <\/p><\/div><\/div>\n\n    <div class=\"faq-item\"><div class=\"faq-question\"><div class=\"faq-text\">M\u00f4\u017ee sa dr\u017eite\u013e pasu ECR uch\u00e1dza\u0165 o pr\u00e1cu v Eur\u00f3pe?<\/div><div class=\"faq-toggle\">+<\/div><\/div><div class=\"faq-answer\"><p>\u00c1no, ECR aj ECNR. Dr\u017eitelia pasov sa m\u00f4\u017eu uch\u00e1dza\u0165 o pr\u00e1cu v Eur\u00f3pe, ak sp\u013a\u0148aj\u00fa po\u017eiadavky na pracovn\u00e9 miesto a v\u00edza.<\/p><\/div><\/div>\n\n    <div class=\"faq-item\"><div class=\"faq-question\"><div class=\"faq-text\">S\u00fa sk\u00fasenosti z kraj\u00edn Perzsk\u00e9ho z\u00e1livu potrebn\u00e9 na z\u00edskanie pr\u00e1ce v Eur\u00f3pe?\n<\/div><div class=\"faq-toggle\">+<\/div><\/div><div class=\"faq-answer\"><p>No. Nie. Sk\u00fasenosti s Perzsk\u00fdm z\u00e1livom nie s\u00fa povinn\u00e9. Posta\u010duje relevantn\u00e1 prax vo va\u0161om odbore.<\/p><\/div><\/div>\n\n    <div class=\"faq-item\"><div class=\"faq-question\"><div class=\"faq-text\">Zabav\u00ed mi spolo\u010dnos\u0165 pas po tom, \u010do sa dostanem do Eur\u00f3py?<\/div><div class=\"faq-toggle\">+<\/div><\/div><div class=\"faq-answer\"><p>No. Nie. Ponechanie si pracovn\u00e9ho pasu je v Eur\u00f3pe nez\u00e1konn\u00e9. V\u00e1\u0161 pas v\u00e1m zostane.<\/p><\/div><\/div>\n\n    <div class=\"faq-item\"><div class=\"faq-question\"><div class=\"faq-text\">Budem pracova\u0165 ako pracovn\u00e1 sila v Eur\u00f3pe?<\/div><div class=\"faq-toggle\">+<\/div><\/div><div class=\"faq-answer\"><p>Nie. Budete pracova\u0165 iba na poz\u00edcii uvedenej vo va\u0161ej zmluve, napr\u00edklad zv\u00e1ra\u010d, elektrik\u00e1r, mont\u00e9r at\u010f.<\/p><\/div><\/div>\n\n    <div class=\"faq-item\"><div class=\"faq-question\"><div class=\"faq-text\">S\u00fa pon\u00fakan\u00e9 pracovn\u00e9 miesta skuto\u010dn\u00e9 a leg\u00e1lne?<\/div><div class=\"faq-toggle\">+<\/div><\/div><div class=\"faq-answer\"><p>\u00c1no. V\u0161etky pracovn\u00e9 ponuky poskytovan\u00e9 prostredn\u00edctvom BCM Group s\u00fa overen\u00e9.<\/p><\/div><\/div>\n\n    <div class=\"faq-item\"><div class=\"faq-question\"><div class=\"faq-text\">Dostanem pracovn\u00fa zmluvu pred cestou?<\/div><div class=\"faq-toggle\">+<\/div><\/div><div class=\"faq-answer\"><p>\u00c1no. Pred odchodom dostanete p\u00edsomn\u00fa pracovn\u00fa ponuku alebo zmluvu.<\/p><\/div><\/div>\n\n    <div class=\"faq-item\"><div class=\"faq-question\"><div class=\"faq-text\">Ak\u00fd druh pr\u00e1ce budem vykon\u00e1va\u0165 v Eur\u00f3pe?<\/div><div class=\"faq-toggle\">+<\/div><\/div><div class=\"faq-answer\"><p>Budete pracova\u0165 pod\u013ea svojich zru\u010dnost\u00ed, sk\u00fasenost\u00ed a odboru uveden\u00e9ho v zmluve.<\/p><\/div><\/div>\n\n    <div class=\"faq-item\"><div class=\"faq-question\"><div class=\"faq-text\">Ko\u013eko pracovn\u00fdch hod\u00edn je v Eur\u00f3pe?<\/div><div class=\"faq-toggle\">+<\/div><\/div><div class=\"faq-answer\"><p>Zvy\u010dajne 8 \u2013 10 hod\u00edn denne s t\u00fd\u017edenn\u00fdmi d\u0148ami odpo\u010dinku pod\u013ea miestnych pracovn\u00fdch z\u00e1konn\u00edkov.<\/p><\/div><\/div>\n\n    <div class=\"faq-item\"><div class=\"faq-question\"><div class=\"faq-text\">S\u00fa nad\u010dasy k dispoz\u00edcii a platen\u00e9 samostatne?<\/div><div class=\"faq-toggle\">+<\/div><\/div><div class=\"faq-answer\"><p>Nad\u010dasy z\u00e1visia od zamestn\u00e1vate\u013ea a projektu. V pr\u00edpade potreby sa nad\u010dasy platia samostatne.<\/p><\/div><\/div>\n\n    <div class=\"faq-item\"><div class=\"faq-question\"><div class=\"faq-text\">Ak\u00fd plat m\u00f4\u017eem o\u010dak\u00e1va\u0165 pri pr\u00e1ci v Eur\u00f3pe?<\/div><div class=\"faq-toggle\">+<\/div><\/div><div class=\"faq-answer\"><p>Plat z\u00e1vis\u00ed od va\u0161ej pracovnej poz\u00edcie, sk\u00fasenost\u00ed a krajiny. V\u0161etky podrobnosti bud\u00fa poskytnut\u00e9 pred v\u00fdberom.<\/p><\/div><\/div>\n\n    <div class=\"faq-item\"><div class=\"faq-question\"><div class=\"faq-text\">Zabezpe\u010d\u00ed spolo\u010dnos\u0165 ubytovanie?<\/div><div class=\"faq-toggle\">+<\/div><\/div><div class=\"faq-answer\"><p>To z\u00e1vis\u00ed od zamestn\u00e1vate\u013ea. Niektor\u00e9 spolo\u010dnosti poskytuj\u00fa bezplatn\u00e9 alebo lacn\u00e9 ubytovanie.<\/p><\/div><\/div>\n\n<div class=\"faq-item\"><div class=\"faq-question\"><div class=\"faq-text\">Je Eur\u00f3pa bezpe\u010dn\u00e1 pre zahrani\u010dn\u00fdch pracovn\u00edkov?<\/div><div class=\"faq-toggle\">+<\/div><\/div><div class=\"faq-answer\"><p>\u00c1no. Eur\u00f3pske krajiny dodr\u017eiavaj\u00fa pr\u00edsne pracovn\u00e9 z\u00e1kony na ochranu pr\u00e1v a bezpe\u010dnosti pracovn\u00edkov.<\/p><\/div><\/div>\n\n<div class=\"faq-item\"><div class=\"faq-question\"><div class=\"faq-text\">Z\u00edskam zdravotn\u00e9 poistenie v Eur\u00f3pe?<\/div><div class=\"faq-toggle\">+<\/div><\/div><div class=\"faq-answer\"><p>\u00c1no. V\u00e4\u010d\u0161ina zamestn\u00e1vate\u013eov poskytuje zdravotn\u00e9 poistenie v s\u00falade s miestnymi predpismi.<\/p><\/div><\/div>\n\n<div class=\"faq-item\"><div class=\"faq-question\"><div class=\"faq-text\">Ak\u00e1 je doba trvania pracovnej zmluvy?<\/div><div class=\"faq-toggle\">+<\/div><\/div><div class=\"faq-answer\"><p>Pracovn\u00e9 zmluvy s\u00fa zvy\u010dajne na 1 a\u017e 2 roky, v z\u00e1vislosti od zamestn\u00e1vate\u013ea.<\/p><\/div><\/div>\n\n<div class=\"faq-item\"><div class=\"faq-question\"><div class=\"faq-text\">M\u00f4\u017eem si po ukon\u010den\u00ed zmluvy pred\u013a\u017ei\u0165?<\/div><div class=\"faq-toggle\">+<\/div><\/div><div class=\"faq-answer\"><p>\u00c1no. Pred\u013a\u017eenie zmluvy je mo\u017en\u00e9 na z\u00e1klade v\u00fdkonu a po\u017eiadaviek zamestn\u00e1vate\u013ea.<\/p><\/div><\/div>\n\n<div class=\"faq-item\"><div class=\"faq-question\"><div class=\"faq-text\">Je \u017eivotopis Europass povinn\u00fd pre pr\u00e1cu v Eur\u00f3pe?<\/div><div class=\"faq-toggle\">+<\/div><\/div><div class=\"faq-answer\"><p>\u017divotopis vo form\u00e1te Europass nie je povinn\u00fd, ale niektor\u00ed zamestn\u00e1vatelia ho uprednost\u0148uj\u00fa. BCM Group v\u00e1m porad\u00ed so spr\u00e1vnym form\u00e1tom \u017eivotopisu potrebn\u00fdm pre va\u0161u pr\u00e1cu a krajinu.<\/p><\/div><\/div>\n\n<div class=\"faq-item\"><div class=\"faq-question\"><div class=\"faq-text\">Ako by mal by\u0165 m\u00f4j \u017eivotopis pripraven\u00fd pre pracovn\u00e9 miesta v Eur\u00f3pe?<\/div><div class=\"faq-toggle\">+<\/div><\/div><div class=\"faq-answer\"><p>V\u00e1\u0161 \u017eivotopis by mal jasne uv\u00e1dza\u0165 va\u0161e odborn\u00e9 zru\u010dnosti, pracovn\u00e9 sk\u00fasenosti a certifik\u00e1cie. N\u00e1\u0161 t\u00edm v\u00e1m pom\u00f4\u017ee s pr\u00edpravou alebo \u00fapravou v\u00e1\u0161ho \u017eivotopisu pod\u013ea po\u017eiadaviek eur\u00f3pskych zamestn\u00e1vate\u013eov.<\/p><\/div><\/div>\n\n<div class=\"faq-item\"><div class=\"faq-question\"><div class=\"faq-text\">Ak\u00e9 dokumenty s\u00fa potrebn\u00e9 pre eur\u00f3pske pracovn\u00e9 miesta?<\/div><div class=\"faq-toggle\">+<\/div><\/div><div class=\"faq-answer\"><p>Medzi be\u017en\u00e9 dokumenty patr\u00ed cestovn\u00fd pas, \u017eivotopis, osved\u010denia o praxi, lek\u00e1rska spr\u00e1va a policajn\u00e9 povolenie.<\/p><\/div><\/div>\n\n<div class=\"faq-item\"><div class=\"faq-question\"><div class=\"faq-text\">Je pred v\u00fdberom odborn\u00fd test alebo pohovor?<\/div><div class=\"faq-toggle\">+<\/div><\/div><div class=\"faq-answer\"><p>Niektor\u00e9 pracovn\u00e9 miesta vy\u017eaduj\u00fa odborn\u00fd test alebo technick\u00fd pohovor.<\/p><\/div><\/div>\n\n<div class=\"faq-item\"><div class=\"faq-question\"><div class=\"faq-text\">Je pre pr\u00e1cu v Eur\u00f3pe potrebn\u00e1 zdravotn\u00e1 sp\u00f4sobilos\u0165?<\/div><div class=\"faq-toggle\">+<\/div><\/div><div class=\"faq-answer\"><p>\u00c1no. Kandid\u00e1ti musia by\u0165 zdravotne sp\u00f4sobil\u00ed a v r\u00e1mci v\u00edzov\u00e9ho a nasadzovacieho procesu sa musia podrobi\u0165 lek\u00e1rskej prehliadke.<\/p><\/div><\/div>\n\n<div class=\"faq-item\"><div class=\"faq-question\"><div class=\"faq-text\">Pom\u00f4\u017ee mi BCM Group po pr\u00edchode do Eur\u00f3py?<\/div><div class=\"faq-toggle\">+<\/div><\/div><div class=\"faq-answer\"><p>\u00c1no. BCM Group poskytuje poradenstvo pred odchodom a podporu pri n\u00e1stupe.<\/p><\/div><\/div>\n\n<div class=\"faq-item\"><div class=\"faq-question\"><div class=\"faq-text\">Ako sa m\u00f4\u017eem uch\u00e1dza\u0165 o pr\u00e1cu prostredn\u00edctvom BCM Group?<\/div><div class=\"faq-toggle\">+<\/div><\/div><div class=\"faq-answer\"><p>M\u00f4\u017eete sa prihl\u00e1si\u0165 odoslan\u00edm \u017eivotopisu prostredn\u00edctvom na\u0161ej webovej str\u00e1nky, kontaktovan\u00edm n\u00e1s telefonicky\/WhatsApp alebo n\u00e1v\u0161tevou na\u0161ej kancel\u00e1rie.<\/p><\/div><\/div>\n\n    <div class=\"faq-item\"><div class=\"faq-question\"><div class=\"faq-text\">Je zabezpe\u010den\u00e9 jedlo alebo sa plat\u00ed pr\u00edspevok na stravu?<\/div><div class=\"faq-toggle\">+<\/div><\/div><div class=\"faq-answer\"><p>Stravovacie zariadenia alebo pr\u00edspevok z\u00e1visia od zamestn\u00e1vate\u013ea a s\u00fa jasne informovan\u00ed pred n\u00e1stupom do pr\u00e1ce.<\/p><\/div><\/div>\n\n<\/div>\n\n<script>\ndocument.querySelectorAll(\".faq-item\").forEach(item => {\n    item.addEventListener(\"click\", () => {\n        document.querySelectorAll(\".faq-item\").forEach(el => {\n            if (el !== item) el.classList.remove(\"active\");\n        });\n        item.classList.toggle(\"active\");\n    });\n});\n<\/script>\n\n\t\t\t\t\t\t\t\t<\/div>\n\t\t\t\t<\/div>\n\t\t\t\t\t<\/div>\n\t\t\t\t<\/div>\n\t\t<div class=\"elementor-element elementor-element-b3bccd5 e-flex e-con-boxed e-con e-parent\" data-id=\"b3bccd5\" data-element_type=\"container\">\n\t\t\t\t\t<div class=\"e-con-inner\">\n\t\t<div class=\"elementor-element elementor-element-9d482d7 e-con-full e-flex e-con e-child\" data-id=\"9d482d7\" data-element_type=\"container\">\n\t\t\t\t<div class=\"elementor-element elementor-element-ddc7a55 elementor-widget elementor-widget-gimont_elementor_heading\" data-id=\"ddc7a55\" data-element_type=\"widget\" data-widget_type=\"gimont_elementor_heading.default\">\n\t\t\t\t<div class=\"elementor-widget-container\">\n\t\t\t\t\t\n\t\t\t<div class=\"ova-heading template_2\">\n\t\t\t\t\t\t\t\t\t\t\t\t\t\t<span class=\"subtitle\">Sme s vami na ka\u017edom kroku<\/span>\n\t\t\t\t\t\t\t\t\t\t\t<span class=\"line\"><\/span>\n\t\t\t\t\t\t\t\t\t\t\t\t\t\n\t\t\t\t\t\t\t\t\t\t\t\t\t\t\t<h2 class=\"title\"> <\/h2>\n\t\t\t\t\t\t\t\t\t\t\n\t\t\t\t\t\t\t\t\n\t\t\t\t\n\t\t\t<\/div>\n\n\t\t\t\t\t\t<\/div>\n\t\t\t\t<\/div>\n\t\t\t\t<\/div>\n\t\t\t\t\t<\/div>\n\t\t\t\t<\/div>\n\t\t<div class=\"elementor-element elementor-element-aa4064a e-flex e-con-boxed e-con e-parent\" data-id=\"aa4064a\" data-element_type=\"container\">\n\t\t\t\t\t<div class=\"e-con-inner\">\n\t\t<div class=\"elementor-element elementor-element-e987219 e-con-full e-flex e-con e-child\" data-id=\"e987219\" data-element_type=\"container\">\n\t\t\t\t<div class=\"elementor-element elementor-element-8e75a31 elementor-widget elementor-widget-text-editor\" data-id=\"8e75a31\" data-element_type=\"widget\" data-widget_type=\"text-editor.default\">\n\t\t\t\t<div class=\"elementor-widget-container\">\n\t\t\t\t\t\t\t\t\t<span style=\"font-weight: 400;\">V BCM Group va\u0161a cesta nie je len o z\u00edskan\u00ed pr\u00e1ce \u2013 ide o vybudovanie bezpe\u010dnej bud\u00facnosti s d\u00f4stojnos\u0165ou, d\u00f4verou a dlhodob\u00fdmi pr\u00edle\u017eitos\u0165ami. Ver\u00edme, \u017ee ka\u017ed\u00fd kandid\u00e1t si zasl\u00fa\u017ei jasn\u00e9 inform\u00e1cie, \u00faprimn\u00e9 vedenie a transparentn\u00e9 procesy. Od v\u00e1\u0161ho prv\u00e9ho dopytu a\u017e po kone\u010dn\u00e9 umiestnenie a aj nesk\u00f4r, na\u0161e t\u00edmy stoja pri v\u00e1s a poskytuj\u00fa v\u00e1m neust\u00e1lu podporu, overen\u00e9 pr\u00edle\u017eitosti a etick\u00e9 n\u00e1borov\u00e9 postupy.<br><\/span><span style=\"font-weight: 400;\">Na tejto ceste nikdy nie ste sami \u2013 BCM Group kr\u00e1\u010da s vami, chr\u00e1ni va\u0161e z\u00e1ujmy a pracuje na va\u0161om \u00faspechu.\n<\/span><span style=\"font-weight: 400;\">Ak m\u00e1te st\u00e1le ot\u00e1zky, s d\u00f4verou sa na n\u00e1s obr\u00e1\u0165te \u2013 preto\u017ee n\u00e1m z\u00e1le\u017e\u00ed na va\u0161ej bud\u00facnosti.<\/span>\t\t\t\t\t\t\t\t<\/div>\n\t\t\t\t<\/div>\n\t\t\t\t<\/div>\n\t\t\t\t\t<\/div>\n\t\t\t\t<\/div>\n\t\t<div class=\"elementor-element elementor-element-145de4e e-flex e-con-boxed e-con e-parent\" data-id=\"145de4e\" data-element_type=\"container\">\n\t\t\t\t\t<div class=\"e-con-inner\">\n\t\t<div class=\"elementor-element elementor-element-201ced2 e-con-full e-flex e-con e-child\" data-id=\"201ced2\" data-element_type=\"container\">\n\t\t\t\t<div class=\"elementor-element elementor-element-83d3fc1 elementor-align-center elementor-widget elementor-widget-button\" data-id=\"83d3fc1\" data-element_type=\"widget\" data-widget_type=\"button.default\">\n\t\t\t\t<div class=\"elementor-widget-container\">\n\t\t\t\t\t\t\t\t\t<div class=\"elementor-button-wrapper\">\n\t\t\t\t\t<a class=\"elementor-button elementor-button-link elementor-size-sm\" href=\"https:\/\/bcmgroup.in\/sk\/kontaktovat\/\">\n\t\t\t\t\t\t<span class=\"elementor-button-content-wrapper\">\n\t\t\t\t\t\t\t\t\t<span class=\"elementor-button-text\">Kontaktujte n\u00e1s<\/span>\n\t\t\t\t\t<\/span>\n\t\t\t\t\t<\/a>\n\t\t\t\t<\/div>\n\t\t\t\t\t\t\t\t<\/div>\n\t\t\t\t<\/div>\n\t\t\t\t<\/div>\n\t\t\t\t\t<\/div>\n\t\t\t\t<\/div>\n\t\t\t\t<\/div>\n\t\t","protected":false},"excerpt":{"rendered":"<p>\u010casto kladen\u00e9 ot\u00e1zky Ak nen\u00e1jdete odpove\u010f ni\u017e\u0161ie, pou\u017eite kontaktn\u00fd formul\u00e1r alebo n\u00e1m nap\u00ed\u0161te e-mail na adresu info@bcmgroup.in Je angli\u010dtina povinn\u00e1 pre pr\u00e1cu v Eur\u00f3pe?+ Angli\u010dtina nie je povinn\u00e1 pre v\u0161etky pracovn\u00e9 miesta. Z\u00e1kladn\u00e1 angli\u010dtina je u\u017eito\u010dn\u00e1 a zamestn\u00e1vatelia overuj\u00fa najm\u00e4 va\u0161e technick\u00e9 znalosti a sk\u00fasenosti s\u00favisiace s pracovn\u00fdm profilom. Ste registrovan\u00fd na Ministerstve zahrani\u010dn\u00fdch vec\u00ed [&hellip;]<\/p>\n","protected":false},"author":5,"featured_media":0,"parent":137317,"menu_order":0,"comment_status":"closed","ping_status":"closed","template":"elementor_canvas","meta":{"googlesitekit_rrm_CAowi469DA:productID":"","footnotes":""},"class_list":["post-137319","page","type-page","status-publish","hentry"],"_links":{"self":[{"href":"https:\/\/bcmgroup.in\/sk\/wp-json\/wp\/v2\/pages\/137319","targetHints":{"allow":["GET"]}}],"collection":[{"href":"https:\/\/bcmgroup.in\/sk\/wp-json\/wp\/v2\/pages"}],"about":[{"href":"https:\/\/bcmgroup.in\/sk\/wp-json\/wp\/v2\/types\/page"}],"author":[{"embeddable":true,"href":"https:\/\/bcmgroup.in\/sk\/wp-json\/wp\/v2\/users\/5"}],"replies":[{"embeddable":true,"href":"https:\/\/bcmgroup.in\/sk\/wp-json\/wp\/v2\/comments?post=137319"}],"version-history":[{"count":25,"href":"https:\/\/bcmgroup.in\/sk\/wp-json\/wp\/v2\/pages\/137319\/revisions"}],"predecessor-version":[{"id":151024,"href":"https:\/\/bcmgroup.in\/sk\/wp-json\/wp\/v2\/pages\/137319\/revisions\/151024"}],"up":[{"embeddable":true,"href":"https:\/\/bcmgroup.in\/sk\/wp-json\/wp\/v2\/pages\/137317"}],"wp:attachment":[{"href":"https:\/\/bcmgroup.in\/sk\/wp-json\/wp\/v2\/media?parent=137319"}],"curies":[{"name":"wp","href":"https:\/\/api.w.org\/{rel}","templated":true}]}}