{"id":137317,"date":"2026-02-10T08:05:40","date_gmt":"2026-02-10T08:05:40","guid":{"rendered":"https:\/\/bcmgroup.in\/?page_id=137317"},"modified":"2026-02-10T08:05:42","modified_gmt":"2026-02-10T08:05:42","slug":"hladam-pracu","status":"publish","type":"page","link":"https:\/\/bcmgroup.in\/sk\/hladam-pracu\/","title":{"rendered":"H\u013ead\u00e1m pr\u00e1cu"},"content":{"rendered":"\n<p>H\u013ead\u00e1m pr\u00e1cu<\/p>\n","protected":false},"excerpt":{"rendered":"<p>H\u013ead\u00e1m pr\u00e1cu<\/p>\n","protected":false},"author":5,"featured_media":0,"parent":0,"menu_order":0,"comment_status":"closed","ping_status":"closed","template":"","meta":{"googlesitekit_rrm_CAowi469DA:productID":"","footnotes":""},"class_list":["post-137317","page","type-page","status-publish","hentry"],"_links":{"self":[{"href":"https:\/\/bcmgroup.in\/sk\/wp-json\/wp\/v2\/pages\/137317","targetHints":{"allow":["GET"]}}],"collection":[{"href":"https:\/\/bcmgroup.in\/sk\/wp-json\/wp\/v2\/pages"}],"about":[{"href":"https:\/\/bcmgroup.in\/sk\/wp-json\/wp\/v2\/types\/page"}],"author":[{"embeddable":true,"href":"https:\/\/bcmgroup.in\/sk\/wp-json\/wp\/v2\/users\/5"}],"replies":[{"embeddable":true,"href":"https:\/\/bcmgroup.in\/sk\/wp-json\/wp\/v2\/comments?post=137317"}],"version-history":[{"count":1,"href":"https:\/\/bcmgroup.in\/sk\/wp-json\/wp\/v2\/pages\/137317\/revisions"}],"predecessor-version":[{"id":137318,"href":"https:\/\/bcmgroup.in\/sk\/wp-json\/wp\/v2\/pages\/137317\/revisions\/137318"}],"wp:attachment":[{"href":"https:\/\/bcmgroup.in\/sk\/wp-json\/wp\/v2\/media?parent=137317"}],"curies":[{"name":"wp","href":"https:\/\/api.w.org\/{rel}","templated":true}]}}