{"id":73663,"date":"2024-03-02T15:34:07","date_gmt":"2024-03-02T15:34:07","guid":{"rendered":"https:\/\/bcmgroup.in\/servicii\/"},"modified":"2025-08-07T13:13:19","modified_gmt":"2025-08-07T13:13:19","slug":"servicii","status":"publish","type":"page","link":"https:\/\/bcmgroup.in\/ro\/servicii\/","title":{"rendered":"servicii"},"content":{"rendered":"\t\t<div data-elementor-type=\"wp-page\" data-elementor-id=\"73663\" class=\"elementor elementor-73663 elementor-73657\" data-elementor-post-type=\"page\">\n\t\t\t\t<div class=\"elementor-element elementor-element-f84a4c4 e-flex e-con-boxed e-con e-parent\" data-id=\"f84a4c4\" data-element_type=\"container\">\n\t\t\t\t\t<div class=\"e-con-inner\">\n\t\t\t\t<div class=\"elementor-element elementor-element-8a74551 elementor-widget elementor-widget-heading\" data-id=\"8a74551\" data-element_type=\"widget\" data-widget_type=\"heading.default\">\n\t\t\t\t<div class=\"elementor-widget-container\">\n\t\t\t\t\t<h1 class=\"elementor-heading-title elementor-size-default\">ANGAJARE IN STRAINATATE<\/h1>\t\t\t\t<\/div>\n\t\t\t\t<\/div>\n\t\t\t\t<div class=\"elementor-element elementor-element-41201f3 elementor-widget-divider--view-line elementor-widget elementor-widget-divider\" data-id=\"41201f3\" data-element_type=\"widget\" data-widget_type=\"divider.default\">\n\t\t\t\t<div class=\"elementor-widget-container\">\n\t\t\t\t\t\t\t<div class=\"elementor-divider\">\n\t\t\t<span class=\"elementor-divider-separator\">\n\t\t\t\t\t\t<\/span>\n\t\t<\/div>\n\t\t\t\t\t\t<\/div>\n\t\t\t\t<\/div>\n\t\t\t\t\t<\/div>\n\t\t\t\t<\/div>\n\t\t<div class=\"elementor-element elementor-element-27e0187 e-flex e-con-boxed e-con e-parent\" data-id=\"27e0187\" data-element_type=\"container\">\n\t\t\t\t\t<div class=\"e-con-inner\">\n\t\t\t\t<div class=\"elementor-element elementor-element-dbcf32c elementor-widget__width-inherit elementor-widget elementor-widget-gimont_elementor_road_map\" data-id=\"dbcf32c\" data-element_type=\"widget\" data-widget_type=\"gimont_elementor_road_map.default\">\n\t\t\t\t<div class=\"elementor-widget-container\">\n\t\t\t\t\t\n\t\t<div class=\"ova-road-map template_1\">\n\t\t\t<div class=\"road-map-wrapper\">\n\n\t\t\t\t\t\t\t\t\t<div class=\"timeline-column\">\n\t\t\t\t\t\t\t\t\t\t\t\t\t\t\t\t\t\t\t\t\t<div class=\"timeline-item timeline-item-left \">\n\t\t\t\t\t\t\t\t\t<div class=\"timeline-image\">\n\t\t\t\t\t\t\t\t\t\t<img decoding=\"async\" src=\"https:\/\/bcmgroup.in\/wp-content\/uploads\/2024\/03\/interview-scheduling-1-1.jpg\" alt=\"Overseas Recruitment- Interview Scheduling\"\n\t\t\t\t\t\t\t\t\t\ttitle=\"\">\n\t\t\t\t\t\t\t\t\t<\/div>\n\t\t\t\t\t\t\t\t\t<div class=\"timeline-info\">\n\t\t\t\t\t\t\t\t\t\t<div class=\"content-info\" \n\t\t\t\t\t\t\t\t\t\t\tdata-animation='{\"animation\":\"\",\"duration\":\"\",\"delay\":\"\"}'>\n\n\t\t\t\t\t\t\t\t\t\t\t\t\t\t\t\t\t\t\t\t\t\t\t<div class=\"date\">\n\t\t\t\t\t\t\t\t\t\t\t\t\t \t\t\t\t\t\t\t\t\t\t\t\t<\/div>\n\t\t\t\t\t\t\t\t\t\t\t\t\t\t\t\t\t\t\t\t\t\t<div class=\"timeline-content\">\n\t\t\t\t\t\t\t\t\t\t\t\t<h3 class=\"title\">Programarea unui interviu<\/h3>\n\t\t\t\t\t\t\t\t\t\t\t\t<p class=\"desc\">Acest proces este rezolvat, iar compania este eliberat\u0103 de e-mailurile inutile. Nu numai c\u0103 va ajuta la accelerarea procesului de angajare, dar va permite \u0219i programarea interviurilor la cele mai bune momente at\u00e2t pentru candida\u021bi, c\u00e2t \u0219i pentru managerii de angajare. Interviurile se desf\u0103\u0219oar\u0103 pas cu pas ceea ce ne ofer\u0103 nivelul de competen\u021b\u0103 al candidatului la urm\u0103torul test care se sus\u021bine \u00een centrele noastre comerciale. Exist\u0103 runde audio, runde video \u0219i teste tehnice.<\/p>\n\t\t\t\t\t\t\t\t\t\t\t<\/div>\n\t\t\t\t\t\t\t\t\t\t<\/div>\n\t\t\t\t\t\t\t\t\t<\/div>\n\t\t\t\t\t\t\t\t<\/div>\n\t\t\t\t\t\t\t\t\t\t\t\t\t\t\t\t\t\t\t\t\t\t<div class=\"timeline-item timeline-item-right active\">\n\t\t\t\t\t\t\t\t\t<div class=\"timeline-info\">\n\t\t\t\t\t\t\t\t\t\t<div class=\"content-info\" \n\t\t\t\t\t\t\t\t\t\tdata-animation='{\"animation\":\"\",\"duration\":\"\",\"delay\":\"\"}'>\n\n\t\t\t\t\t\t\t\t\t\t\t\t\t\t\t\t\t\t\t\t\t\t\t<div class=\"date\">\n\t\t\t\t\t\t\t\t\t\t\t\t\t \t\t\t\t\t\t\t\t\t\t\t\t<\/div>\n\t\t\t\t\t\t\t\t\t\t\t\n\t\t\t\t\t\t\t\t\t\t\t<div class=\"timeline-content\">\n\t\t\t\t\t\t\t\t\t\t\t\t<h3 class=\"title\">Selectarea candida\u021bilor<\/h3>\n\t\t\t\t\t\t\t\t\t\t\t\t<p class=\"desc\">Acesta este al doilea pas \u00een timpul procesului de interviu, care verific\u0103 fundalul educa\u021biei, experien\u021bei, istoricului personal \u0219i medical al candidatului, deoarece detaliile fiec\u0103rui angajat pot varia \u00een func\u021bie de toate documentele justificative. Acest lucru se face pentru a ob\u021bine candida\u021bi de cea mai \u00eenalt\u0103 calitate. Acest proces se face personal.<\/p>\n\t\t\t\t\t\t\t\t\t\t\t<\/div>\n\t\t\t\t\t\t\t\t\t\t<\/div>\n\t\t\t\t\t\t\t\t\t<\/div>\n\t\t\t\t\t\t\t\t\t<div class=\"timeline-image\">\n\t\t\t\t\t\t\t\t\t\t<img decoding=\"async\" src=\"https:\/\/bcmgroup.in\/wp-content\/uploads\/2024\/03\/candidate-verification-1.jpg\" alt=\"\">\n\t\t\t\t\t\t\t\t\t<\/div>\n\t\t\t\t\t\t\t\t<\/div>\n\t\t\t\t\t\t\t\t\t\t\t\t\t\t\t\t\t\t\t\t\t<div class=\"timeline-item timeline-item-left \">\n\t\t\t\t\t\t\t\t\t<div class=\"timeline-image\">\n\t\t\t\t\t\t\t\t\t\t<img decoding=\"async\" src=\"https:\/\/bcmgroup.in\/wp-content\/uploads\/2024\/03\/Documentation-1.jpg\" alt=\"\"\n\t\t\t\t\t\t\t\t\t\ttitle=\"\">\n\t\t\t\t\t\t\t\t\t<\/div>\n\t\t\t\t\t\t\t\t\t<div class=\"timeline-info\">\n\t\t\t\t\t\t\t\t\t\t<div class=\"content-info\" \n\t\t\t\t\t\t\t\t\t\t\tdata-animation='{\"animation\":\"\",\"duration\":\"\",\"delay\":\"\"}'>\n\n\t\t\t\t\t\t\t\t\t\t\t\t\t\t\t\t\t\t\t\t\t\t\t<div class=\"date\">\n\t\t\t\t\t\t\t\t\t\t\t\t\t \t\t\t\t\t\t\t\t\t\t\t\t<\/div>\n\t\t\t\t\t\t\t\t\t\t\t\t\t\t\t\t\t\t\t\t\t\t<div class=\"timeline-content\">\n\t\t\t\t\t\t\t\t\t\t\t\t<h3 class=\"title\">Documentare<\/h3>\n\t\t\t\t\t\t\t\t\t\t\t\t<p class=\"desc\">Un consens asupra termenilor \u0219i condi\u021biilor men\u021bionate este esen\u021bial pentru ca orice aranjament s\u0103 avanseze f\u0103r\u0103 probleme. Un acord cuprinz\u0103tor serve\u0219te ca un canal formal prin care ambele p\u0103r\u021bi \u00ee\u0219i exprim\u0103 acceptarea \u0219i angajamentul. \u00cen cadrul acesteia se afl\u0103 componente cheie, cum ar fi delegarea de autoritate printr-o procur\u0103, articularea cerin\u021belor printr-o scrisoare de cerere \u0219i delimitarea rolurilor \u0219i responsabilit\u0103\u021bilor \u00eentr-un contract de munc\u0103. Aceste documente nu numai c\u0103 asigur\u0103 claritatea, ci \u0219i \u00eencurajeaz\u0103 \u00eencrederea \u0219i \u00een\u021belegerea reciproc\u0103, pun\u00e2nd o baz\u0103 solid\u0103 pentru o colaborare fructuoas\u0103.<\/p>\n\t\t\t\t\t\t\t\t\t\t\t<\/div>\n\t\t\t\t\t\t\t\t\t\t<\/div>\n\t\t\t\t\t\t\t\t\t<\/div>\n\t\t\t\t\t\t\t\t<\/div>\n\t\t\t\t\t\t\t\t\t\t\t\t\t\t\t\t\t\t\t\t\t\t<div class=\"timeline-item timeline-item-right \">\n\t\t\t\t\t\t\t\t\t<div class=\"timeline-info\">\n\t\t\t\t\t\t\t\t\t\t<div class=\"content-info\" \n\t\t\t\t\t\t\t\t\t\tdata-animation='{\"animation\":\"\",\"duration\":\"\",\"delay\":\"\"}'>\n\n\t\t\t\t\t\t\t\t\t\t\t\t\t\t\t\t\t\t\t\t\t\t\t<div class=\"date\">\n\t\t\t\t\t\t\t\t\t\t\t\t\t \t\t\t\t\t\t\t\t\t\t\t\t<\/div>\n\t\t\t\t\t\t\t\t\t\t\t\n\t\t\t\t\t\t\t\t\t\t\t<div class=\"timeline-content\">\n\t\t\t\t\t\t\t\t\t\t\t\t<h3 class=\"title\">Asigurare \u0219i procesare vize<\/h3>\n\t\t\t\t\t\t\t\t\t\t\t\t<p class=\"desc\">Serviciul nostru este dedicat pentru a ajuta solicitan\u021bii s\u0103 navigheze \u00een complexitatea asigur\u0103rii vizelor \u0219i a cerin\u021belor de procesare. Simplific\u0103m procesul ghid\u00e2nd persoanele prin completarea formularelor \u0219i a documenta\u021biei necesare, asigur\u00e2ndu-ne c\u0103 toate detaliile relevante sunt furnizate cu acurate\u021be. De la poli\u021bele de asigurare p\u00e2n\u0103 la cererile de viz\u0103, reducem sarcina oferind suport cuprinz\u0103tor, facilit\u00e2nd \u00een cele din urm\u0103 o cale mai u\u0219oar\u0103 \u0219i mai eficient\u0103 pentru ob\u021binerea aprob\u0103rilor \u0219i acoperirii necesare.<\/p>\n\t\t\t\t\t\t\t\t\t\t\t<\/div>\n\t\t\t\t\t\t\t\t\t\t<\/div>\n\t\t\t\t\t\t\t\t\t<\/div>\n\t\t\t\t\t\t\t\t\t<div class=\"timeline-image\">\n\t\t\t\t\t\t\t\t\t\t<img decoding=\"async\" src=\"https:\/\/bcmgroup.in\/wp-content\/uploads\/2024\/03\/insurance-and-visa-processing-1.jpg\" alt=\"\">\n\t\t\t\t\t\t\t\t\t<\/div>\n\t\t\t\t\t\t\t\t<\/div>\n\t\t\t\t\t\t\t\t\t\t\t\t\t\t\t\t\t\t\t\t\t<div class=\"timeline-item timeline-item-left active\">\n\t\t\t\t\t\t\t\t\t<div class=\"timeline-image\">\n\t\t\t\t\t\t\t\t\t\t<img decoding=\"async\" src=\"https:\/\/bcmgroup.in\/wp-content\/uploads\/2024\/03\/ONBOARDING-PROCESS.jpg\" alt=\"\"\n\t\t\t\t\t\t\t\t\t\ttitle=\"\">\n\t\t\t\t\t\t\t\t\t<\/div>\n\t\t\t\t\t\t\t\t\t<div class=\"timeline-info\">\n\t\t\t\t\t\t\t\t\t\t<div class=\"content-info\" \n\t\t\t\t\t\t\t\t\t\t\tdata-animation='{\"animation\":\"\",\"duration\":\"\",\"delay\":\"\"}'>\n\n\t\t\t\t\t\t\t\t\t\t\t\t\t\t\t\t\t\t\t\t\t\t\t<div class=\"date\">\n\t\t\t\t\t\t\t\t\t\t\t\t\t \t\t\t\t\t\t\t\t\t\t\t\t<\/div>\n\t\t\t\t\t\t\t\t\t\t\t\t\t\t\t\t\t\t\t\t\t\t<div class=\"timeline-content\">\n\t\t\t\t\t\t\t\t\t\t\t\t<h3 class=\"title\">procesul de \u00eembarcare<\/h3>\n\t\t\t\t\t\t\t\t\t\t\t\t<p class=\"desc\">Una dintre responsabilit\u0103\u021bile cheie ale unui \u0219ef este s\u0103 asigure integrarea f\u0103r\u0103 probleme a noilor membri \u00een organiza\u021bie. Aceasta include familiarizarea acestora cu cultura, abord\u0103rile \u0219i metodologiile organiza\u021biei, precum \u0219i cu locurile de munc\u0103 \u0219i responsabilit\u0103\u021bile lor. Oferind \u00eendrumare, sprijin \u0219i mentorat, \u0219efii \u00eei ajut\u0103 pe noii recru\u021bi s\u0103 se simt\u0103 invita\u021bi, aprecia\u021bi \u0219i preg\u0103ti\u021bi s\u0103 contribuie la grup. O integrare puternic\u0103 accelereaz\u0103 interac\u021biunile varia\u021bionale, precum \u0219i \u00eembun\u0103t\u0103\u021be\u0219te angajamentul \u0219i re\u021binerea angaja\u021bilor, ceea ce contribuie \u00een cele din urm\u0103 la rezultatele generale ale organiza\u021biei.<\/p>\n\t\t\t\t\t\t\t\t\t\t\t<\/div>\n\t\t\t\t\t\t\t\t\t\t<\/div>\n\t\t\t\t\t\t\t\t\t<\/div>\n\t\t\t\t\t\t\t\t<\/div>\n\t\t\t\t\t\t\t\t\t\t\t\t\t\t\t\t\t\t\t\t\t\t<div class=\"timeline-item timeline-item-right \">\n\t\t\t\t\t\t\t\t\t<div class=\"timeline-info\">\n\t\t\t\t\t\t\t\t\t\t<div class=\"content-info\" \n\t\t\t\t\t\t\t\t\t\tdata-animation='{\"animation\":\"\",\"duration\":\"\",\"delay\":\"\"}'>\n\n\t\t\t\t\t\t\t\t\t\t\t\t\t\t\t\t\t\t\t\t\t\t\t<div class=\"date\">\n\t\t\t\t\t\t\t\t\t\t\t\t\t \t\t\t\t\t\t\t\t\t\t\t\t<\/div>\n\t\t\t\t\t\t\t\t\t\t\t\n\t\t\t\t\t\t\t\t\t\t\t<div class=\"timeline-content\">\n\t\t\t\t\t\t\t\t\t\t\t\t<h3 class=\"title\">Plecare<\/h3>\n\t\t\t\t\t\t\t\t\t\t\t\t<p class=\"desc\">La asocia\u021bia noastr\u0103, credem c\u0103 oferim fiec\u0103rui individ aten\u021bia individual\u0103 pe care o merit\u0103. Trebuie s\u0103 ne ocup\u0103m de prosperitatea concuren\u021bilor no\u0219tri oferind direc\u021bie personalizat\u0103 \u00een fiecare etap\u0103 a excursiei lor. Fie c\u0103 este vorba de \u00eencurajarea a ceea ce se \u00eendreapt\u0103 spre asumare, de propunerea de obiec\u021bii sau de punerea lor \u00een leg\u0103tur\u0103 cu indivizii perfecti, suntem aici pentru a garanta c\u0103 cei viitori no\u0219tri se simt sprijini\u021bi \u0219i \u00een siguran\u021b\u0103. Cu asisten\u021ba noastr\u0103 dedicat\u0103, concuren\u021bii \u00ee\u0219i pot explora c\u0103ile \u0219tiind c\u0103 au un partener de \u00eencredere care va oferi \u00eendrum\u0103ri \u0219i sprijin \u00een orice moment.<\/p>\n\t\t\t\t\t\t\t\t\t\t\t<\/div>\n\t\t\t\t\t\t\t\t\t\t<\/div>\n\t\t\t\t\t\t\t\t\t<\/div>\n\t\t\t\t\t\t\t\t\t<div class=\"timeline-image\">\n\t\t\t\t\t\t\t\t\t\t<img decoding=\"async\" src=\"https:\/\/bcmgroup.in\/wp-content\/uploads\/2024\/03\/SERVICE-POST-DEPARTURE.jpg\" alt=\"\">\n\t\t\t\t\t\t\t\t\t<\/div>\n\t\t\t\t\t\t\t\t<\/div>\n\t\t\t\t\t\t\t\t\t\t\t<\/div>\n\t\t\t\t\n\t\t\t<\/div>\n\t\t<\/div>\n\t\t \t\n\t\t\t\t\t\t<\/div>\n\t\t\t\t<\/div>\n\t\t\t\t\t<\/div>\n\t\t\t\t<\/div>\n\t\t\t\t<\/div>\n\t\t","protected":false},"excerpt":{"rendered":"<p>ANGAJARE IN STRAINATATE Programarea unui interviu Acest proces este rezolvat, iar compania este eliberat\u0103 de e-mailurile inutile. Nu numai c\u0103 va ajuta la accelerarea procesului de angajare, dar va permite \u0219i programarea interviurilor la cele mai bune momente at\u00e2t pentru candida\u021bi, c\u00e2t \u0219i pentru managerii de angajare. Interviurile se desf\u0103\u0219oar\u0103 pas cu pas ceea ce [&hellip;]<\/p>\n","protected":false},"author":1,"featured_media":0,"parent":0,"menu_order":0,"comment_status":"closed","ping_status":"closed","template":"elementor_header_footer","meta":{"googlesitekit_rrm_CAowi469DA:productID":"","footnotes":""},"class_list":["post-73663","page","type-page","status-publish","hentry"],"_links":{"self":[{"href":"https:\/\/bcmgroup.in\/ro\/wp-json\/wp\/v2\/pages\/73663","targetHints":{"allow":["GET"]}}],"collection":[{"href":"https:\/\/bcmgroup.in\/ro\/wp-json\/wp\/v2\/pages"}],"about":[{"href":"https:\/\/bcmgroup.in\/ro\/wp-json\/wp\/v2\/types\/page"}],"author":[{"embeddable":true,"href":"https:\/\/bcmgroup.in\/ro\/wp-json\/wp\/v2\/users\/1"}],"replies":[{"embeddable":true,"href":"https:\/\/bcmgroup.in\/ro\/wp-json\/wp\/v2\/comments?post=73663"}],"version-history":[{"count":8,"href":"https:\/\/bcmgroup.in\/ro\/wp-json\/wp\/v2\/pages\/73663\/revisions"}],"predecessor-version":[{"id":95189,"href":"https:\/\/bcmgroup.in\/ro\/wp-json\/wp\/v2\/pages\/73663\/revisions\/95189"}],"wp:attachment":[{"href":"https:\/\/bcmgroup.in\/ro\/wp-json\/wp\/v2\/media?parent=73663"}],"curies":[{"name":"wp","href":"https:\/\/api.w.org\/{rel}","templated":true}]}}