{"id":66556,"date":"2023-06-07T01:47:42","date_gmt":"2023-06-07T01:47:42","guid":{"rendered":"https:\/\/bcmgroup.in\/bun-venit-la-politica-de-confidentialitate-a-grupului-bcm\/"},"modified":"2025-12-03T10:19:59","modified_gmt":"2025-12-03T10:19:59","slug":"bun-venit-la-politica-de-confidentialitate-a-grupului-bcm","status":"publish","type":"page","link":"https:\/\/bcmgroup.in\/ro\/bun-venit-la-politica-de-confidentialitate-a-grupului-bcm\/","title":{"rendered":"Bun venit la Politica de confiden\u021bialitate a Grupului BCM:"},"content":{"rendered":"\t\t<div data-elementor-type=\"wp-page\" data-elementor-id=\"66556\" class=\"elementor elementor-66556 elementor-17128\" data-elementor-post-type=\"page\">\n\t\t\t\t<div class=\"elementor-element elementor-element-7a1cab3 e-flex e-con-boxed e-con e-parent\" data-id=\"7a1cab3\" data-element_type=\"container\">\n\t\t\t\t\t<div class=\"e-con-inner\">\n\t\t\t\t<div class=\"elementor-element elementor-element-6e605de elementor-widget elementor-widget-heading\" data-id=\"6e605de\" data-element_type=\"widget\" data-widget_type=\"heading.default\">\n\t\t\t\t<div class=\"elementor-widget-container\">\n\t\t\t\t\t<h1 class=\"elementor-heading-title elementor-size-default\">Bun venit la Politica de confiden\u021bialitate a Grupului BCM<\/h1>\t\t\t\t<\/div>\n\t\t\t\t<\/div>\n\t\t\t\t\t<\/div>\n\t\t\t\t<\/div>\n\t\t<div class=\"elementor-element elementor-element-87b0bc7 e-flex e-con-boxed e-con e-parent\" data-id=\"87b0bc7\" data-element_type=\"container\">\n\t\t\t\t\t<div class=\"e-con-inner\">\n\t\t\t\t<div class=\"elementor-element elementor-element-1fc0936 elementor-widget elementor-widget-text-editor\" data-id=\"1fc0936\" data-element_type=\"widget\" data-widget_type=\"text-editor.default\">\n\t\t\t\t<div class=\"elementor-widget-container\">\n\t\t\t\t\t\t\t\t\t<p>La BCM Group, ne angaj\u0103m s\u0103 v\u0103 protej\u0103m confiden\u021bialitatea \u0219i s\u0103 ne asigur\u0103m c\u0103 informa\u021biile dumneavoastr\u0103 personale sunt gestionate \u00een mod responsabil. Aceast\u0103 Politic\u0103 de confiden\u021bialitate prezint\u0103 modul \u00een care colect\u0103m, folosim, dezv\u0103luim \u0219i protej\u0103m informa\u021biile dumneavoastr\u0103 atunci c\u00e2nd vizita\u021bi site-ul nostru web sau interac\u021biona\u021bi cu noi prin activit\u0103\u021bi de marketing digital.<\/p>\t\t\t\t\t\t\t\t<\/div>\n\t\t\t\t<\/div>\n\t\t\t\t\t<\/div>\n\t\t\t\t<\/div>\n\t\t<div class=\"elementor-element elementor-element-803c164 e-flex e-con-boxed e-con e-parent\" data-id=\"803c164\" data-element_type=\"container\">\n\t\t\t\t\t<div class=\"e-con-inner\">\n\t\t\t\t<div class=\"elementor-element elementor-element-a3ff2ca elementor-widget elementor-widget-heading\" data-id=\"a3ff2ca\" data-element_type=\"widget\" data-widget_type=\"heading.default\">\n\t\t\t\t<div class=\"elementor-widget-container\">\n\t\t\t\t\t<h2 class=\"elementor-heading-title elementor-size-default\">1. Informa\u021biile pe care le colect\u0103m\n<\/h2>\t\t\t\t<\/div>\n\t\t\t\t<\/div>\n\t\t\t\t\t<\/div>\n\t\t\t\t<\/div>\n\t\t<div class=\"elementor-element elementor-element-b2a3db6 e-flex e-con-boxed e-con e-parent\" data-id=\"b2a3db6\" data-element_type=\"container\">\n\t\t\t\t\t<div class=\"e-con-inner\">\n\t\t\t\t<div class=\"elementor-element elementor-element-951f1a3 elementor-widget elementor-widget-text-editor\" data-id=\"951f1a3\" data-element_type=\"widget\" data-widget_type=\"text-editor.default\">\n\t\t\t\t<div class=\"elementor-widget-container\">\n\t\t\t\t\t\t\t\t\t<ul>\n<li><strong>Informa\u021bii personale: <\/strong>C\u00e2nd vizita\u021bi site-ul nostru web sau participa\u021bi la activit\u0103\u021bile noastre de marketing digital, este posibil s\u0103 colect\u0103m informa\u021bii personale, cum ar fi numele, adresa de e-mail, num\u0103rul de telefon \u0219i orice alte informa\u021bii pe care le furniza\u021bi \u00een mod voluntar.<\/li>\n<li><strong>Date de utilizare:<\/strong>\u00a0Este posibil s\u0103 colect\u0103m informa\u021bii despre comportamentul dvs. de navigare pe site-ul nostru web, inclusiv paginile pe care le vizita\u021bi, linkurile pe care face\u021bi clic \u0219i alte ac\u021biuni pe care le \u00eentreprinde\u021bi.<\/li>\n<li><strong>Informa\u021bii despre dispozitiv: <\/strong>Este posibil s\u0103 colect\u0103m informa\u021bii despre dispozitivul pe care \u00eel utiliza\u021bi pentru a accesa site-ul nostru web sau pentru a interac\u021biona cu activit\u0103\u021bile noastre de marketing digital, cum ar fi adresa IP, tipul de browser \u0219i sistemul de operare.<\/li>\n<\/ul>\t\t\t\t\t\t\t\t<\/div>\n\t\t\t\t<\/div>\n\t\t\t\t\t<\/div>\n\t\t\t\t<\/div>\n\t\t<div class=\"elementor-element elementor-element-3701a98 e-flex e-con-boxed e-con e-parent\" data-id=\"3701a98\" data-element_type=\"container\">\n\t\t\t\t\t<div class=\"e-con-inner\">\n\t\t\t\t<div class=\"elementor-element elementor-element-7710eb5 elementor-widget elementor-widget-heading\" data-id=\"7710eb5\" data-element_type=\"widget\" data-widget_type=\"heading.default\">\n\t\t\t\t<div class=\"elementor-widget-container\">\n\t\t\t\t\t<h2 class=\"elementor-heading-title elementor-size-default\">2. Cum folosim informa\u021biile dvs\n<\/h2>\t\t\t\t<\/div>\n\t\t\t\t<\/div>\n\t\t\t\t\t<\/div>\n\t\t\t\t<\/div>\n\t\t<div class=\"elementor-element elementor-element-31efcf5 e-flex e-con-boxed e-con e-parent\" data-id=\"31efcf5\" data-element_type=\"container\">\n\t\t\t\t\t<div class=\"e-con-inner\">\n\t\t\t\t<div class=\"elementor-element elementor-element-b4d7b86 elementor-widget elementor-widget-text-editor\" data-id=\"b4d7b86\" data-element_type=\"widget\" data-widget_type=\"text-editor.default\">\n\t\t\t\t<div class=\"elementor-widget-container\">\n\t\t\t\t\t\t\t\t\t<ul>\n<li><strong>Informa\u021bii despre dispozitiv:<\/strong>\u00a0Este posibil s\u0103 colect\u0103m informa\u021bii despre dispozitivul pe care \u00eel utiliza\u021bi pentru a accesa site-ul nostru web sau pentru a interac\u021biona cu activit\u0103\u021bile noastre de marketing digital, cum ar fi adresa IP, tipul de browser \u0219i sistemul de operare.<\/li>\n<li><strong>Pentru a \u00eembun\u0103t\u0103\u021bi serviciile noastre: <\/strong>Este posibil s\u0103 folosim informa\u021biile pe care le colect\u0103m pentru a analiza tendin\u021be, a urm\u0103ri interac\u021biunile utilizatorilor \u0219i a \u00eembun\u0103t\u0103\u021bi calitatea site-ului web \u0219i a serviciilor noastre.<\/li>\n<li><strong>Marketing \u0219i comunic\u0103ri: <\/strong>Cu consim\u021b\u0103m\u00e2ntul dumneavoastr\u0103, este posibil s\u0103 folosim informa\u021biile dumneavoastr\u0103 de contact pentru a v\u0103 trimite materiale promo\u021bionale, buletine informative sau alte comunic\u0103ri despre serviciile noastre sau evenimentele viitoare.<\/li>\n<\/ul>\t\t\t\t\t\t\t\t<\/div>\n\t\t\t\t<\/div>\n\t\t\t\t\t<\/div>\n\t\t\t\t<\/div>\n\t\t<div class=\"elementor-element elementor-element-7e767ae e-flex e-con-boxed e-con e-parent\" data-id=\"7e767ae\" data-element_type=\"container\">\n\t\t\t\t\t<div class=\"e-con-inner\">\n\t\t\t\t<div class=\"elementor-element elementor-element-1928e30 elementor-widget elementor-widget-heading\" data-id=\"1928e30\" data-element_type=\"widget\" data-widget_type=\"heading.default\">\n\t\t\t\t<div class=\"elementor-widget-container\">\n\t\t\t\t\t<h2 class=\"elementor-heading-title elementor-size-default\">3. Partajarea \u0219i divulgarea datelor\n<\/h2>\t\t\t\t<\/div>\n\t\t\t\t<\/div>\n\t\t\t\t\t<\/div>\n\t\t\t\t<\/div>\n\t\t<div class=\"elementor-element elementor-element-a585220 e-flex e-con-boxed e-con e-parent\" data-id=\"a585220\" data-element_type=\"container\">\n\t\t\t\t\t<div class=\"e-con-inner\">\n\t\t\t\t<div class=\"elementor-element elementor-element-db3278e elementor-widget elementor-widget-text-editor\" data-id=\"db3278e\" data-element_type=\"widget\" data-widget_type=\"text-editor.default\">\n\t\t\t\t<div class=\"elementor-widget-container\">\n\t\t\t\t\t\t\t\t\t<ul>\n<li><strong>Furnizori de servicii ter\u021bi: <\/strong>Este posibil s\u0103 v\u0103 partaj\u0103m informa\u021biile cu furnizori de servicii ter\u021bi care ne ajut\u0103 s\u0103 oper\u0103m site-ul nostru web, s\u0103 ne desf\u0103\u0219ur\u0103m activitatea sau s\u0103 v\u0103 furniz\u0103m servicii. Ace\u0219ti furnizori de servicii sunt obliga\u021bi contractual s\u0103 utilizeze informa\u021biile dumneavoastr\u0103 numai dac\u0103 este necesar pentru a furniza serviciile pe care le solicit\u0103m.<\/li>\n<li><strong>Conformitate legal\u0103:<\/strong>\u00a0Este posibil s\u0103 divulg\u0103m informa\u021biile dumneavoastr\u0103 atunci c\u00e2nd acest lucru este impus de lege sau ca r\u0103spuns la solicit\u0103ri legale valide, cum ar fi cita\u021bii sau hot\u0103r\u00e2ri judec\u0103tore\u0219ti.<\/li>\n<\/ul>\t\t\t\t\t\t\t\t<\/div>\n\t\t\t\t<\/div>\n\t\t\t\t\t<\/div>\n\t\t\t\t<\/div>\n\t\t<div class=\"elementor-element elementor-element-9cf1867 e-flex e-con-boxed e-con e-parent\" data-id=\"9cf1867\" data-element_type=\"container\">\n\t\t\t\t\t<div class=\"e-con-inner\">\n\t\t\t\t<div class=\"elementor-element elementor-element-558ce6a elementor-widget elementor-widget-heading\" data-id=\"558ce6a\" data-element_type=\"widget\" data-widget_type=\"heading.default\">\n\t\t\t\t<div class=\"elementor-widget-container\">\n\t\t\t\t\t<h2 class=\"elementor-heading-title elementor-size-default\">4. Securitatea datelor\n<\/h2>\t\t\t\t<\/div>\n\t\t\t\t<\/div>\n\t\t\t\t\t<\/div>\n\t\t\t\t<\/div>\n\t\t<div class=\"elementor-element elementor-element-600c4f5 e-flex e-con-boxed e-con e-parent\" data-id=\"600c4f5\" data-element_type=\"container\">\n\t\t\t\t\t<div class=\"e-con-inner\">\n\t\t\t\t<div class=\"elementor-element elementor-element-dab6a41 elementor-widget elementor-widget-text-editor\" data-id=\"dab6a41\" data-element_type=\"widget\" data-widget_type=\"text-editor.default\">\n\t\t\t\t<div class=\"elementor-widget-container\">\n\t\t\t\t\t\t\t\t\t<p>Lu\u0103m m\u0103suri rezonabile pentru a v\u0103 proteja informa\u021biile personale de accesul, utilizarea sau divulgarea neautorizat\u0103. Cu toate acestea, nicio metod\u0103 de transmitere prin internet sau stocare electronic\u0103 nu este 100% sigur\u0103 \u0219i nu putem garanta securitatea absolut\u0103.<\/p>\t\t\t\t\t\t\t\t<\/div>\n\t\t\t\t<\/div>\n\t\t\t\t\t<\/div>\n\t\t\t\t<\/div>\n\t\t<div class=\"elementor-element elementor-element-30ec402 e-flex e-con-boxed e-con e-parent\" data-id=\"30ec402\" data-element_type=\"container\">\n\t\t\t\t\t<div class=\"e-con-inner\">\n\t\t\t\t<div class=\"elementor-element elementor-element-4707863 elementor-widget elementor-widget-heading\" data-id=\"4707863\" data-element_type=\"widget\" data-widget_type=\"heading.default\">\n\t\t\t\t<div class=\"elementor-widget-container\">\n\t\t\t\t\t<h2 class=\"elementor-heading-title elementor-size-default\">5. Drepturile tale\n<\/h2>\t\t\t\t<\/div>\n\t\t\t\t<\/div>\n\t\t\t\t\t<\/div>\n\t\t\t\t<\/div>\n\t\t<div class=\"elementor-element elementor-element-3d269a2 e-flex e-con-boxed e-con e-parent\" data-id=\"3d269a2\" data-element_type=\"container\">\n\t\t\t\t\t<div class=\"e-con-inner\">\n\t\t\t\t<div class=\"elementor-element elementor-element-e4b035e elementor-widget elementor-widget-text-editor\" data-id=\"e4b035e\" data-element_type=\"widget\" data-widget_type=\"text-editor.default\">\n\t\t\t\t<div class=\"elementor-widget-container\">\n\t\t\t\t\t\t\t\t\t<ul>\n<li><strong>Acces \u0219i corectare: <\/strong>Ave\u021bi dreptul de a accesa \u0219i corecta orice informa\u021bii personale pe care le de\u021binem despre dumneavoastr\u0103. De asemenea, pute\u021bi solicita \u0219tergerea informa\u021biilor dumneavoastr\u0103 personale, sub rezerva anumitor excep\u021bii.<\/li>\n<li><strong>Preferin\u021be de marketing:<\/strong>\u00a0Ave\u021bi dreptul de a renun\u021ba la primirea de comunic\u0103ri de marketing de la noi \u00een orice moment. Pute\u021bi face acest lucru urm\u00e2nd instruc\u021biunile de dezabonare incluse \u00een e-mailurile noastre sau contact\u00e2ndu-ne direct.<\/li>\n<\/ul>\t\t\t\t\t\t\t\t<\/div>\n\t\t\t\t<\/div>\n\t\t\t\t\t<\/div>\n\t\t\t\t<\/div>\n\t\t<div class=\"elementor-element elementor-element-096bc72 e-flex e-con-boxed e-con e-parent\" data-id=\"096bc72\" data-element_type=\"container\">\n\t\t\t\t\t<div class=\"e-con-inner\">\n\t\t\t\t<div class=\"elementor-element elementor-element-eca8b16 elementor-widget elementor-widget-heading\" data-id=\"eca8b16\" data-element_type=\"widget\" data-widget_type=\"heading.default\">\n\t\t\t\t<div class=\"elementor-widget-container\">\n\t\t\t\t\t<h2 class=\"elementor-heading-title elementor-size-default\">6. Modific\u0103ri ale acestei politici de confiden\u021bialitate\n<\/h2>\t\t\t\t<\/div>\n\t\t\t\t<\/div>\n\t\t\t\t\t<\/div>\n\t\t\t\t<\/div>\n\t\t<div class=\"elementor-element elementor-element-07e3657 e-flex e-con-boxed e-con e-parent\" data-id=\"07e3657\" data-element_type=\"container\">\n\t\t\t\t\t<div class=\"e-con-inner\">\n\t\t\t\t<div class=\"elementor-element elementor-element-66b46cd elementor-widget elementor-widget-text-editor\" data-id=\"66b46cd\" data-element_type=\"widget\" data-widget_type=\"text-editor.default\">\n\t\t\t\t<div class=\"elementor-widget-container\">\n\t\t\t\t\t\t\t\t\t<p>Este posibil s\u0103 actualiz\u0103m aceast\u0103 Politic\u0103 de confiden\u021bialitate din c\u00e2nd \u00een c\u00e2nd pentru a reflecta schimb\u0103rile \u00een practicile noastre sau cerin\u021bele legale. V\u0103 vom anun\u021ba cu privire la orice modific\u0103ri materiale prin publicarea politicii actualizate pe site-ul nostru web sau contact\u00e2ndu-v\u0103 direct.<\/p>\t\t\t\t\t\t\t\t<\/div>\n\t\t\t\t<\/div>\n\t\t\t\t\t<\/div>\n\t\t\t\t<\/div>\n\t\t<div class=\"elementor-element elementor-element-289e17c e-flex e-con-boxed e-con e-parent\" data-id=\"289e17c\" data-element_type=\"container\">\n\t\t\t\t\t<div class=\"e-con-inner\">\n\t\t\t\t<div class=\"elementor-element elementor-element-fb40d6a elementor-widget elementor-widget-heading\" data-id=\"fb40d6a\" data-element_type=\"widget\" data-widget_type=\"heading.default\">\n\t\t\t\t<div class=\"elementor-widget-container\">\n\t\t\t\t\t<h2 class=\"elementor-heading-title elementor-size-default\"><a href=\"https:\/\/bcmgroup.in\/ro\/contact\/\">7. Contacta\u021bi-ne\n<\/a><\/h2>\t\t\t\t<\/div>\n\t\t\t\t<\/div>\n\t\t\t\t\t<\/div>\n\t\t\t\t<\/div>\n\t\t<div class=\"elementor-element elementor-element-fa0bb50 e-flex e-con-boxed e-con e-parent\" data-id=\"fa0bb50\" data-element_type=\"container\">\n\t\t\t\t\t<div class=\"e-con-inner\">\n\t\t\t\t<div class=\"elementor-element elementor-element-8dd01dc elementor-widget elementor-widget-text-editor\" data-id=\"8dd01dc\" data-element_type=\"widget\" data-widget_type=\"text-editor.default\">\n\t\t\t\t<div class=\"elementor-widget-container\">\n\t\t\t\t\t\t\t\t\t<p>Dac\u0103 ave\u021bi \u00eentreb\u0103ri sau nel\u0103muriri cu privire la aceast\u0103 Politic\u0103 de confiden\u021bialitate sau practicile noastre de date, v\u0103 rug\u0103m s\u0103 ne contacta\u021bi la: <a href=\"mailto:info@bcmgroup.in\" target=\"_blank\" rel=\"noreferrer noopener\">info@bcmgroup.in<br \/><\/a>Prin utilizarea site-ului nostru web sau interac\u021biunea cu activit\u0103\u021bile noastre de marketing digital, sunte\u021bi de acord cu termenii acestei Politici de confiden\u021bialitate.<\/p>\t\t\t\t\t\t\t\t<\/div>\n\t\t\t\t<\/div>\n\t\t\t\t\t<\/div>\n\t\t\t\t<\/div>\n\t\t\t\t<\/div>\n\t\t","protected":false},"excerpt":{"rendered":"<p>Bun venit la Politica de confiden\u021bialitate a Grupului BCM La BCM Group, ne angaj\u0103m s\u0103 v\u0103 protej\u0103m confiden\u021bialitatea \u0219i s\u0103 ne asigur\u0103m c\u0103 informa\u021biile dumneavoastr\u0103 personale sunt gestionate \u00een mod responsabil. Aceast\u0103 Politic\u0103 de confiden\u021bialitate prezint\u0103 modul \u00een care colect\u0103m, folosim, dezv\u0103luim \u0219i protej\u0103m informa\u021biile dumneavoastr\u0103 atunci c\u00e2nd vizita\u021bi site-ul nostru web sau interac\u021biona\u021bi cu [&hellip;]<\/p>\n","protected":false},"author":1,"featured_media":0,"parent":0,"menu_order":0,"comment_status":"closed","ping_status":"open","template":"elementor_canvas","meta":{"googlesitekit_rrm_CAowi469DA:productID":"","footnotes":""},"class_list":["post-66556","page","type-page","status-publish","hentry"],"_links":{"self":[{"href":"https:\/\/bcmgroup.in\/ro\/wp-json\/wp\/v2\/pages\/66556","targetHints":{"allow":["GET"]}}],"collection":[{"href":"https:\/\/bcmgroup.in\/ro\/wp-json\/wp\/v2\/pages"}],"about":[{"href":"https:\/\/bcmgroup.in\/ro\/wp-json\/wp\/v2\/types\/page"}],"author":[{"embeddable":true,"href":"https:\/\/bcmgroup.in\/ro\/wp-json\/wp\/v2\/users\/1"}],"replies":[{"embeddable":true,"href":"https:\/\/bcmgroup.in\/ro\/wp-json\/wp\/v2\/comments?post=66556"}],"version-history":[{"count":10,"href":"https:\/\/bcmgroup.in\/ro\/wp-json\/wp\/v2\/pages\/66556\/revisions"}],"predecessor-version":[{"id":117466,"href":"https:\/\/bcmgroup.in\/ro\/wp-json\/wp\/v2\/pages\/66556\/revisions\/117466"}],"wp:attachment":[{"href":"https:\/\/bcmgroup.in\/ro\/wp-json\/wp\/v2\/media?parent=66556"}],"curies":[{"name":"wp","href":"https:\/\/api.w.org\/{rel}","templated":true}]}}