{"id":142301,"date":"2026-02-23T08:19:16","date_gmt":"2026-02-23T08:19:16","guid":{"rendered":"https:\/\/bcmgroup.in\/?page_id=142301"},"modified":"2026-03-12T07:24:20","modified_gmt":"2026-03-12T07:24:20","slug":"bloguri-bcm","status":"publish","type":"page","link":"https:\/\/bcmgroup.in\/ro\/bloguri-bcm\/","title":{"rendered":"Bloguri BCM"},"content":{"rendered":"\t\t<div data-elementor-type=\"wp-page\" data-elementor-id=\"142301\" class=\"elementor elementor-142301\" data-elementor-post-type=\"page\">\n\t\t\t\t<div class=\"elementor-element elementor-element-27a213e e-flex e-con-boxed e-con e-parent\" data-id=\"27a213e\" data-element_type=\"container\">\n\t\t\t\t\t<div class=\"e-con-inner\">\n\t\t<div class=\"elementor-element elementor-element-f57229a e-con-full e-flex e-con e-child\" data-id=\"f57229a\" data-element_type=\"container\">\n\t\t\t\t<div class=\"elementor-element elementor-element-43845eb elementor-widget elementor-widget-image\" data-id=\"43845eb\" data-element_type=\"widget\" data-widget_type=\"image.default\">\n\t\t\t\t<div class=\"elementor-widget-container\">\n\t\t\t\t\t\t\t\t\t\t\t\t\t\t\t<img fetchpriority=\"high\" decoding=\"async\" width=\"1620\" height=\"325\" src=\"https:\/\/bcmgroup.in\/wp-content\/uploads\/2026\/02\/SUBMIT-YOUR-CV-9.webp\" class=\"attachment-full size-full wp-image-136903\" alt=\"blog\" srcset=\"https:\/\/bcmgroup.in\/wp-content\/uploads\/2026\/02\/SUBMIT-YOUR-CV-9.webp 1620w, https:\/\/bcmgroup.in\/wp-content\/uploads\/2026\/02\/SUBMIT-YOUR-CV-9-300x60.webp 300w, https:\/\/bcmgroup.in\/wp-content\/uploads\/2026\/02\/SUBMIT-YOUR-CV-9-1024x205.webp 1024w, https:\/\/bcmgroup.in\/wp-content\/uploads\/2026\/02\/SUBMIT-YOUR-CV-9-768x154.webp 768w, https:\/\/bcmgroup.in\/wp-content\/uploads\/2026\/02\/SUBMIT-YOUR-CV-9-1536x308.webp 1536w\" sizes=\"(max-width: 1620px) 100vw, 1620px\" \/>\t\t\t\t\t\t\t\t\t\t\t\t\t\t\t<\/div>\n\t\t\t\t<\/div>\n\t\t\t\t<\/div>\n\t\t\t\t\t<\/div>\n\t\t\t\t<\/div>\n\t\t<div class=\"elementor-element elementor-element-54e45d9 e-flex e-con-boxed e-con e-parent\" data-id=\"54e45d9\" data-element_type=\"container\">\n\t\t\t\t\t<div class=\"e-con-inner\">\n\t\t<div class=\"elementor-element elementor-element-5ae274a e-con-full e-flex e-con e-child\" data-id=\"5ae274a\" data-element_type=\"container\">\n\t\t<div class=\"elementor-element elementor-element-60fe4f9 e-con-full e-flex e-con e-child\" data-id=\"60fe4f9\" data-element_type=\"container\">\n\t\t\t\t<div class=\"elementor-element elementor-element-6a1f5eb elementor-widget elementor-widget-shortcode\" data-id=\"6a1f5eb\" data-element_type=\"widget\" data-widget_type=\"shortcode.default\">\n\t\t\t\t<div class=\"elementor-widget-container\">\n\t\t\t\t\t\t\t<div class=\"elementor-shortcode\"><div id=\"bdpp-post-list-1\" class=\"bdpp-wrap bdpp-lite bdpp-post-list-wrap bdpp-post-data-wrap bdpp-design-1 bdpp-layout-100894 bdpp-clearfix\">\r\n\t<div class=\"bdpp-post-list-inr-wrap bdpp-post-data-inr-wrap bdpp-clearfix\"><div class=\"bdpp-post-list-main bdpp-post-151705 bdpp-post-standard bdpp-has-thumb\">\r\n\t<div class=\"bdpp-post-list-content bdpp-clearfix\">\r\n\t\t\t\t<div class=\"bdpp-post-list-left bdpp-col-2 bdpp-columns\">\r\n\t\t\t<div class=\"bdpp-post-img-bg\">\r\n\t\t\t\t<a href=\"https:\/\/bcmgroup.in\/ro\/bloguri\/caut-electrician\/\">\r\n\t\t\t\t\t<img decoding=\"async\" src=\"https:\/\/bcmgroup.in\/wp-content\/uploads\/2026\/03\/Verificare-Vechime-in-Munca-Online-\u2013-Ghid-Complet-pentru-Angajatorii-si-Muncitorii-din-Romania-24.webp\" class=\"bdpp-img bdpp-post-feat-img\" alt=\"Cau\u021bi un electrician \u00een Rom\u00e2nia? Contacteaz\u0103 rapid BCM group la +40 376 300 308.\" \/>\r\n\t\t\t\t\t\t\t\t\t<\/a>\r\n\t\t\t<\/div>\r\n\t\t<\/div>\r\n\t\t\r\n\t\t<div class=\"bdpp-post-list-right bdpp-col-2 bdpp-columns\">\r\n\t\t\t\t\t\t<div class=\"bdpp-post-cats\"><a class=\"bdpp-post-cat-link bdpp-post-cat-582 bdpp-post-cat-bloguri\" href=\"https:\/\/bcmgroup.in\/ro\/category\/bloguri\/\">BLOGURI<\/a><\/div>\r\n\t\t\t\r\n\t\t\t<h2 class=\"bdpp-post-title\">\r\n\t\t\t\t<a href=\"https:\/\/bcmgroup.in\/ro\/bloguri\/caut-electrician\/\">Cau\u021bi un electrician \u00een Rom\u00e2nia? Contacteaz\u0103 rapid BCM group la +40 376 300 308.<\/a>\r\n\t\t\t<\/h2>\r\n\r\n\t\t\t\t\t\t<div class=\"bdpp-post-meta bdpp-post-meta-up\">\r\n\t\t\t\t<span class=\"bdpp-post-meta-data bdpp-post-author\"><i class=\"fa fa-user\"><\/i>BCM Team<\/span><span class=\"bdpp-post-meta-sep\"> &ndash; <\/span><span class=\"bdpp-post-meta-data bdpp-post-date\"><i class=\"fa fa-clock-o\"><\/i>martie 26, 2026<\/span>\t\t\t<\/div>\r\n\t\t\t\t\t\t<div class=\"bdpp-post-content\">\r\n\t\t\t\t<div class=\"bdpp-post-desc\">Cau\u021b electrician \u00een Rom\u00e2nia? Angajeaz\u0103 electricieni califica\u021bi \u0219i certifica\u021bi pentru compania ta G\u0103sirea unui electrician calificat \u00een Rom\u00e2nia a devenit...<\/div>\r\n\t\t\t\t\t\t\t\t\t<a href=\"https:\/\/bcmgroup.in\/ro\/bloguri\/caut-electrician\/\" class=\"bdpp-rdmr-btn\">Izlasiet pilnu rakstu<\/a>\r\n\t\t\t\t\t\t\t<\/div>\r\n\t\t\t\t\t<\/div>\r\n\t<\/div>\r\n<\/div><div class=\"bdpp-post-list-main bdpp-post-151143 bdpp-post-standard bdpp-has-thumb\">\r\n\t<div class=\"bdpp-post-list-content bdpp-clearfix\">\r\n\t\t\t\t<div class=\"bdpp-post-list-left bdpp-col-2 bdpp-columns\">\r\n\t\t\t<div class=\"bdpp-post-img-bg\">\r\n\t\t\t\t<a href=\"https:\/\/bcmgroup.in\/ro\/bloguri\/agentie-recrutare-personal-asiatic\/\">\r\n\t\t\t\t\t<img decoding=\"async\" src=\"https:\/\/bcmgroup.in\/wp-content\/uploads\/2026\/03\/Verificare-Vechime-in-Munca-Online-\u2013-Ghid-Complet-pentru-Angajatorii-si-Muncitorii-din-Romania-21.webp\" class=\"bdpp-img bdpp-post-feat-img\" alt=\"Agentie Recrutare Personal Asiatic Romania | Angajeaza Muncitori Asiatici \u2013 BCM Group\" \/>\r\n\t\t\t\t\t\t\t\t\t<\/a>\r\n\t\t\t<\/div>\r\n\t\t<\/div>\r\n\t\t\r\n\t\t<div class=\"bdpp-post-list-right bdpp-col-2 bdpp-columns\">\r\n\t\t\t\t\t\t<div class=\"bdpp-post-cats\"><a class=\"bdpp-post-cat-link bdpp-post-cat-582 bdpp-post-cat-bloguri\" href=\"https:\/\/bcmgroup.in\/ro\/category\/bloguri\/\">BLOGURI<\/a><\/div>\r\n\t\t\t\r\n\t\t\t<h2 class=\"bdpp-post-title\">\r\n\t\t\t\t<a href=\"https:\/\/bcmgroup.in\/ro\/bloguri\/agentie-recrutare-personal-asiatic\/\">Agentie Recrutare Personal Asiatic Romania | Angajeaza Muncitori Asiatici \u2013 BCM Group<\/a>\r\n\t\t\t<\/h2>\r\n\r\n\t\t\t\t\t\t<div class=\"bdpp-post-meta bdpp-post-meta-up\">\r\n\t\t\t\t<span class=\"bdpp-post-meta-data bdpp-post-author\"><i class=\"fa fa-user\"><\/i>BCM Team<\/span><span class=\"bdpp-post-meta-sep\"> &ndash; <\/span><span class=\"bdpp-post-meta-data bdpp-post-date\"><i class=\"fa fa-clock-o\"><\/i>martie 21, 2026<\/span>\t\t\t<\/div>\r\n\t\t\t\t\t\t<div class=\"bdpp-post-content\">\r\n\t\t\t\t<div class=\"bdpp-post-desc\">Top Agentie Recrutare Personal Asiatic Romania | Angajeaza Muncitori Asiatici \u2013 BCM Group Cluj-Napoca Agentie recrutare personal asiatic Rom\u00e2nia se...<\/div>\r\n\t\t\t\t\t\t\t\t\t<a href=\"https:\/\/bcmgroup.in\/ro\/bloguri\/agentie-recrutare-personal-asiatic\/\" class=\"bdpp-rdmr-btn\">Izlasiet pilnu rakstu<\/a>\r\n\t\t\t\t\t\t\t<\/div>\r\n\t\t\t\t\t<\/div>\r\n\t<\/div>\r\n<\/div><div class=\"bdpp-post-list-main bdpp-post-149662 bdpp-post-standard bdpp-has-thumb\">\r\n\t<div class=\"bdpp-post-list-content bdpp-clearfix\">\r\n\t\t\t\t<div class=\"bdpp-post-list-left bdpp-col-2 bdpp-columns\">\r\n\t\t\t<div class=\"bdpp-post-img-bg\">\r\n\t\t\t\t<a href=\"https:\/\/bcmgroup.in\/ro\/bloguri\/caut-sudor\/\">\r\n\t\t\t\t\t<img decoding=\"async\" src=\"https:\/\/bcmgroup.in\/wp-content\/uploads\/2026\/03\/Verificare-Vechime-in-Munca-Online-\u2013-Ghid-Complet-pentru-Angajatorii-si-Muncitorii-din-Romania-13.webp\" class=\"bdpp-img bdpp-post-feat-img\" alt=\"Cau\u021bi un sudor? Contacteaz\u0103 BCM Group Rom\u00e2nia Pentru Rezolvarea Problemei \u00een 5 Minute\" \/>\r\n\t\t\t\t\t\t\t\t\t<\/a>\r\n\t\t\t<\/div>\r\n\t\t<\/div>\r\n\t\t\r\n\t\t<div class=\"bdpp-post-list-right bdpp-col-2 bdpp-columns\">\r\n\t\t\t\t\t\t<div class=\"bdpp-post-cats\"><a class=\"bdpp-post-cat-link bdpp-post-cat-582 bdpp-post-cat-bloguri\" href=\"https:\/\/bcmgroup.in\/ro\/category\/bloguri\/\">BLOGURI<\/a><\/div>\r\n\t\t\t\r\n\t\t\t<h2 class=\"bdpp-post-title\">\r\n\t\t\t\t<a href=\"https:\/\/bcmgroup.in\/ro\/bloguri\/caut-sudor\/\">Cau\u021bi un sudor? Contacteaz\u0103 BCM Group Rom\u00e2nia Pentru Rezolvarea Problemei \u00een 5 Minute<\/a>\r\n\t\t\t<\/h2>\r\n\r\n\t\t\t\t\t\t<div class=\"bdpp-post-meta bdpp-post-meta-up\">\r\n\t\t\t\t<span class=\"bdpp-post-meta-data bdpp-post-author\"><i class=\"fa fa-user\"><\/i>BCM Team<\/span><span class=\"bdpp-post-meta-sep\"> &ndash; <\/span><span class=\"bdpp-post-meta-data bdpp-post-date\"><i class=\"fa fa-clock-o\"><\/i>martie 13, 2026<\/span>\t\t\t<\/div>\r\n\t\t\t\t\t\t<div class=\"bdpp-post-content\">\r\n\t\t\t\t<div class=\"bdpp-post-desc\">Caut Sudor? Angaja\u021bi sudori califica\u021bi din India pentru proiecte industriale \u0219i de construc\u021bii Caut sudor? E\u0219ti \u00een locul potrivit! Multe...<\/div>\r\n\t\t\t\t\t\t\t\t\t<a href=\"https:\/\/bcmgroup.in\/ro\/bloguri\/caut-sudor\/\" class=\"bdpp-rdmr-btn\">Izlasiet pilnu rakstu<\/a>\r\n\t\t\t\t\t\t\t<\/div>\r\n\t\t\t\t\t<\/div>\r\n\t<\/div>\r\n<\/div><div class=\"bdpp-post-list-main bdpp-post-149343 bdpp-post-standard bdpp-has-thumb\">\r\n\t<div class=\"bdpp-post-list-content bdpp-clearfix\">\r\n\t\t\t\t<div class=\"bdpp-post-list-left bdpp-col-2 bdpp-columns\">\r\n\t\t\t<div class=\"bdpp-post-img-bg\">\r\n\t\t\t\t<a href=\"https:\/\/bcmgroup.in\/ro\/bloguri\/forta-de-munca-din-india\/\">\r\n\t\t\t\t\t<img decoding=\"async\" src=\"https:\/\/bcmgroup.in\/wp-content\/uploads\/2026\/03\/Verificare-Vechime-in-Munca-Online-\u2013-Ghid-Complet-pentru-Angajatorii-si-Muncitorii-din-Romania-10.webp\" class=\"bdpp-img bdpp-post-feat-img\" alt=\"For\u021ba De Munc\u0103 Din India \u2013 Solu\u021bia Pentru Deficitul De Personal Din Rom\u00e2nia\" \/>\r\n\t\t\t\t\t\t\t\t\t<\/a>\r\n\t\t\t<\/div>\r\n\t\t<\/div>\r\n\t\t\r\n\t\t<div class=\"bdpp-post-list-right bdpp-col-2 bdpp-columns\">\r\n\t\t\t\t\t\t<div class=\"bdpp-post-cats\"><a class=\"bdpp-post-cat-link bdpp-post-cat-582 bdpp-post-cat-bloguri\" href=\"https:\/\/bcmgroup.in\/ro\/category\/bloguri\/\">BLOGURI<\/a><\/div>\r\n\t\t\t\r\n\t\t\t<h2 class=\"bdpp-post-title\">\r\n\t\t\t\t<a href=\"https:\/\/bcmgroup.in\/ro\/bloguri\/forta-de-munca-din-india\/\">For\u021ba De Munc\u0103 Din India \u2013 Solu\u021bia Pentru Deficitul De Personal Din Rom\u00e2nia<\/a>\r\n\t\t\t<\/h2>\r\n\r\n\t\t\t\t\t\t<div class=\"bdpp-post-meta bdpp-post-meta-up\">\r\n\t\t\t\t<span class=\"bdpp-post-meta-data bdpp-post-author\"><i class=\"fa fa-user\"><\/i>BCM Team<\/span><span class=\"bdpp-post-meta-sep\"> &ndash; <\/span><span class=\"bdpp-post-meta-data bdpp-post-date\"><i class=\"fa fa-clock-o\"><\/i>martie 11, 2026<\/span>\t\t\t<\/div>\r\n\t\t\t\t\t\t<div class=\"bdpp-post-content\">\r\n\t\t\t\t<div class=\"bdpp-post-desc\">For\u021ba de Munc\u0103 din India \u2013 Solu\u021bia pentru Deficitul de Personal din Rom\u00e2nia \u00a0Rom\u00e2nia se confrunt\u0103 \u00een prezent cu o...<\/div>\r\n\t\t\t\t\t\t\t\t\t<a href=\"https:\/\/bcmgroup.in\/ro\/bloguri\/forta-de-munca-din-india\/\" class=\"bdpp-rdmr-btn\">Izlasiet pilnu rakstu<\/a>\r\n\t\t\t\t\t\t\t<\/div>\r\n\t\t\t\t\t<\/div>\r\n\t<\/div>\r\n<\/div><div class=\"bdpp-post-list-main bdpp-post-149164 bdpp-post-standard bdpp-has-thumb\">\r\n\t<div class=\"bdpp-post-list-content bdpp-clearfix\">\r\n\t\t\t\t<div class=\"bdpp-post-list-left bdpp-col-2 bdpp-columns\">\r\n\t\t\t<div class=\"bdpp-post-img-bg\">\r\n\t\t\t\t<a href=\"https:\/\/bcmgroup.in\/ro\/bloguri\/agentii-recrutare-strainatate-serioase\/\">\r\n\t\t\t\t\t<img decoding=\"async\" src=\"https:\/\/bcmgroup.in\/wp-content\/uploads\/2026\/03\/Verificare-Vechime-in-Munca-Online-\u2013-Ghid-Complet-pentru-Angajatorii-si-Muncitorii-din-Romania-6.webp\" class=\"bdpp-img bdpp-post-feat-img\" alt=\"Agentii Recrutare Strainatate Serioase | BCM Group Rom\u00e2nia \u2013 Recrutare Interna\u021bional\u0103 de \u00cencredere\" \/>\r\n\t\t\t\t\t\t\t\t\t<\/a>\r\n\t\t\t<\/div>\r\n\t\t<\/div>\r\n\t\t\r\n\t\t<div class=\"bdpp-post-list-right bdpp-col-2 bdpp-columns\">\r\n\t\t\t\t\t\t<div class=\"bdpp-post-cats\"><a class=\"bdpp-post-cat-link bdpp-post-cat-582 bdpp-post-cat-bloguri\" href=\"https:\/\/bcmgroup.in\/ro\/category\/bloguri\/\">BLOGURI<\/a><\/div>\r\n\t\t\t\r\n\t\t\t<h2 class=\"bdpp-post-title\">\r\n\t\t\t\t<a href=\"https:\/\/bcmgroup.in\/ro\/bloguri\/agentii-recrutare-strainatate-serioase\/\">Agentii Recrutare Strainatate Serioase | BCM Group Rom\u00e2nia \u2013 Recrutare Interna\u021bional\u0103 de \u00cencredere<\/a>\r\n\t\t\t<\/h2>\r\n\r\n\t\t\t\t\t\t<div class=\"bdpp-post-meta bdpp-post-meta-up\">\r\n\t\t\t\t<span class=\"bdpp-post-meta-data bdpp-post-author\"><i class=\"fa fa-user\"><\/i>BCM Team<\/span><span class=\"bdpp-post-meta-sep\"> &ndash; <\/span><span class=\"bdpp-post-meta-data bdpp-post-date\"><i class=\"fa fa-clock-o\"><\/i>martie 7, 2026<\/span>\t\t\t<\/div>\r\n\t\t\t\t\t\t<div class=\"bdpp-post-content\">\r\n\t\t\t\t<div class=\"bdpp-post-desc\">Agentii Recrutare Strainatate Serioase | BCM Group Rom\u00e2nia \u2013 Recrutare Interna\u021bional\u0103 de \u00cencredere C\u00e2nd vine vorba de agentii recrutare strainatate...<\/div>\r\n\t\t\t\t\t\t\t\t\t<a href=\"https:\/\/bcmgroup.in\/ro\/bloguri\/agentii-recrutare-strainatate-serioase\/\" class=\"bdpp-rdmr-btn\">Izlasiet pilnu rakstu<\/a>\r\n\t\t\t\t\t\t\t<\/div>\r\n\t\t\t\t\t<\/div>\r\n\t<\/div>\r\n<\/div>\t<\/div>\r\n\t\t<div class=\"bdpp-paging bdpp-clearfix\">\r\n\t\t<span aria-current=\"page\" class=\"page-numbers current\">1<\/span>\n<a class=\"page-numbers\" href=\"https:\/\/bcmgroup.in\/ro\/wp-json\/wp\/v2\/pages\/142301\/page\/2\/\">2<\/a>\n<a class=\"page-numbers\" href=\"https:\/\/bcmgroup.in\/ro\/wp-json\/wp\/v2\/pages\/142301\/page\/3\/\">3<\/a>\n<span class=\"page-numbers dots\">&hellip;<\/span>\n<a class=\"page-numbers\" href=\"https:\/\/bcmgroup.in\/ro\/wp-json\/wp\/v2\/pages\/142301\/page\/8\/\">8<\/a>\n<a class=\"next page-numbers\" href=\"https:\/\/bcmgroup.in\/ro\/wp-json\/wp\/v2\/pages\/142301\/page\/2\/\">Next &raquo;<\/a>\t<\/div>\r\n<\/div><\/div>\n\t\t\t\t\t\t<\/div>\n\t\t\t\t<\/div>\n\t\t\t\t<\/div>\n\t\t<div class=\"elementor-element elementor-element-73b4475 e-con-full e-flex e-con e-child\" data-id=\"73b4475\" data-element_type=\"container\">\n\t\t<div class=\"elementor-element elementor-element-7f69751 e-con-full e-flex e-con e-child\" data-id=\"7f69751\" data-element_type=\"container\">\n\t\t\t\t<div class=\"elementor-element elementor-element-c1ad7c9 elementor-widget elementor-widget-text-editor\" data-id=\"c1ad7c9\" data-element_type=\"widget\" data-widget_type=\"text-editor.default\">\n\t\t\t\t<div class=\"elementor-widget-container\">\n\t\t\t\t\t\t\t\t\t<div class=\"custom-country-section\">\n  <h2 class=\"custom-country-title\">Vizualizare dup\u0103 \u021bar\u0103<\/h2>\n  <ul class=\"custom-country-list\">\n    <li>\n      <a href=\"https:\/\/bcmgroup.in\/ro\/bloguri-bcm\/\" target=\"_blank\" rel=\"noopener noreferrer\">\n        <img decoding=\"async\" src=\"https:\/\/flagcdn.com\/w40\/ro.png\" alt=\"Steagul Rom\u00e2niei\" \/>\n        <span>Rom\u00e2nia<\/span>\n      <\/a>\n    <\/li>\n    <li>\n      <a href=\"https:\/\/bcmgroup.in\/hr\/bcm-blogovi\/\" target=\"_blank\" rel=\"noopener noreferrer\">\n        <img decoding=\"async\" src=\"https:\/\/flagcdn.com\/w40\/hr.png\" alt=\"Steagul Croa\u021biei\" \/>\n        <span>Croa\u021bia<\/span>\n      <\/a>\n    <\/li>\n    <li>\n      <a href=\"https:\/\/bcmgroup.in\/lv\/bcm-blogi\/\" target=\"_blank\" rel=\"noopener noreferrer\">\n        <img decoding=\"async\" src=\"https:\/\/flagcdn.com\/w40\/lv.png\" alt=\"Steagul Letoniei\" \/>\n        <span>Letonia<\/span>\n      <\/a>\n    <\/li>\n    <li>\n      <a href=\"https:\/\/bcmgroup.in\/sr\/blogovi\/\" target=\"_blank\" rel=\"noopener noreferrer\">\n        <img decoding=\"async\" src=\"https:\/\/flagcdn.com\/w40\/rs.png\" alt=\"Steagul Serbiei\" \/>\n        <span>Serbia<\/span>\n      <\/a>\n    <\/li>\n    <li>\n      <a href=\"https:\/\/bcmgroup.in\/sk\/bcm-blogy\/\" target=\"_blank\" rel=\"noopener noreferrer\">\n        <img decoding=\"async\" src=\"https:\/\/flagcdn.com\/w40\/sk.png\" alt=\"Steagul Slovaciei\" \/>\n        <span>Slovacia<\/span>\n      <\/a>\n    <\/li>\n    <li>\n      <a href=\"https:\/\/bcmgroup.in\/hu\/blogok\/\" target=\"_blank\" rel=\"noopener noreferrer\">\n        <img decoding=\"async\" src=\"https:\/\/flagcdn.com\/w40\/hu.png\" alt=\"Steagul Ungariei\" \/>\n        <span>Ungaria<\/span>\n      <\/a>\n    <\/li>\n  <\/ul>\n<\/div>\n\n<style>\n  .custom-country-section {\n    max-width: 340px;\n    padding: 20px;\n    font-family: 'Segoe UI', Tahoma, Geneva, Verdana, sans-serif;\n    color: #1a2b48;\n  }\n  .custom-country-title {\n    margin-bottom: 20px;\n    font-weight: 700;\n    font-size: 1.5rem;\n    border-bottom: 2px solid #ddd;\n    padding-bottom: 8px;\n  }\n  .custom-country-list {\n    list-style: none;\n    padding: 0;\n    margin: 0;\n  }\n  .custom-country-list li {\n    margin-bottom: 16px;\n  }\n  .custom-country-list li a {\n    display: flex;\n    align-items: center;\n    padding: 14px 18px;\n    border-radius: 12px;\n    cursor: pointer;\n    background: #f9fbff;\n    box-shadow: 0 3px 8px rgba(26, 43, 72, 0.1);\n    text-decoration: none;\n    transition: transform 0.25s ease, box-shadow 0.25s ease;\n    color: #1a2b48;\n  }\n  .custom-country-list li a:hover {\n    transform: translateY(-4px) scale(1.03);\n    box-shadow: 0 8px 20px rgba(26, 43, 72, 0.15);\n  }\n  .custom-country-list img {\n    width: 36px;\n    height: 24px;\n    margin-right: 14px;\n    border-radius: 0;\n    box-shadow: none;\n    object-fit: contain;\n    background: transparent !important;\n  }\n  .custom-country-list span {\n    font-weight: 600;\n    font-size: 1.1rem;\n  }\n<\/style>\t\t\t\t\t\t\t\t<\/div>\n\t\t\t\t<\/div>\n\t\t\t\t<\/div>\n\t\t\t\t<\/div>\n\t\t\t\t<\/div>\n\t\t\t\t\t<\/div>\n\t\t\t\t<\/div>\n\t\t\t\t<\/div>\n\t\t","protected":false},"excerpt":{"rendered":"<p>Vizualizare dup\u0103 \u021bar\u0103 Rom\u00e2nia Croa\u021bia Letonia Serbia Slovacia Ungaria<\/p>\n","protected":false},"author":2,"featured_media":0,"parent":0,"menu_order":0,"comment_status":"closed","ping_status":"closed","template":"elementor_canvas","meta":{"googlesitekit_rrm_CAowi469DA:productID":"","footnotes":""},"class_list":["post-142301","page","type-page","status-publish","hentry"],"_links":{"self":[{"href":"https:\/\/bcmgroup.in\/ro\/wp-json\/wp\/v2\/pages\/142301","targetHints":{"allow":["GET"]}}],"collection":[{"href":"https:\/\/bcmgroup.in\/ro\/wp-json\/wp\/v2\/pages"}],"about":[{"href":"https:\/\/bcmgroup.in\/ro\/wp-json\/wp\/v2\/types\/page"}],"author":[{"embeddable":true,"href":"https:\/\/bcmgroup.in\/ro\/wp-json\/wp\/v2\/users\/2"}],"replies":[{"embeddable":true,"href":"https:\/\/bcmgroup.in\/ro\/wp-json\/wp\/v2\/comments?post=142301"}],"version-history":[{"count":8,"href":"https:\/\/bcmgroup.in\/ro\/wp-json\/wp\/v2\/pages\/142301\/revisions"}],"predecessor-version":[{"id":149406,"href":"https:\/\/bcmgroup.in\/ro\/wp-json\/wp\/v2\/pages\/142301\/revisions\/149406"}],"wp:attachment":[{"href":"https:\/\/bcmgroup.in\/ro\/wp-json\/wp\/v2\/media?parent=142301"}],"curies":[{"name":"wp","href":"https:\/\/api.w.org\/{rel}","templated":true}]}}