{"id":140605,"date":"2026-02-19T09:30:15","date_gmt":"2026-02-19T09:30:15","guid":{"rendered":"https:\/\/bcmgroup.in\/?page_id=140605"},"modified":"2026-04-09T12:12:53","modified_gmt":"2026-04-09T12:12:53","slug":"intrebari-frecvente-candidati","status":"publish","type":"page","link":"https:\/\/bcmgroup.in\/ro\/cauta-un-loc-de-munca\/intrebari-frecvente-candidati\/","title":{"rendered":"\u00centreb\u0103ri frecvente Candida\u021bi"},"content":{"rendered":"\t\t<div data-elementor-type=\"wp-page\" data-elementor-id=\"140605\" class=\"elementor elementor-140605\" data-elementor-post-type=\"page\">\n\t\t\t\t<div class=\"elementor-element elementor-element-458a2c5 e-flex e-con-boxed e-con e-parent\" data-id=\"458a2c5\" data-element_type=\"container\">\n\t\t\t\t\t<div class=\"e-con-inner\">\n\t\t<div class=\"elementor-element elementor-element-fedb9ca e-con-full e-flex e-con e-child\" data-id=\"fedb9ca\" data-element_type=\"container\">\n\t\t\t\t<div class=\"elementor-element elementor-element-eb2f823 elementor-widget elementor-widget-image\" data-id=\"eb2f823\" data-element_type=\"widget\" data-widget_type=\"image.default\">\n\t\t\t\t<div class=\"elementor-widget-container\">\n\t\t\t\t\t\t\t\t\t\t\t\t\t\t\t<img fetchpriority=\"high\" decoding=\"async\" width=\"1620\" height=\"325\" src=\"https:\/\/bcmgroup.in\/wp-content\/uploads\/2026\/01\/SUBMIT-YOUR-CV-6.webp\" class=\"attachment-full size-full wp-image-131470\" alt=\"Naj\u010de\u0161\u0107a pitanja i podr\u0161ka poslodavce\" srcset=\"https:\/\/bcmgroup.in\/wp-content\/uploads\/2026\/01\/SUBMIT-YOUR-CV-6.webp 1620w, https:\/\/bcmgroup.in\/wp-content\/uploads\/2026\/01\/SUBMIT-YOUR-CV-6-300x60.webp 300w, https:\/\/bcmgroup.in\/wp-content\/uploads\/2026\/01\/SUBMIT-YOUR-CV-6-1024x205.webp 1024w, https:\/\/bcmgroup.in\/wp-content\/uploads\/2026\/01\/SUBMIT-YOUR-CV-6-768x154.webp 768w, https:\/\/bcmgroup.in\/wp-content\/uploads\/2026\/01\/SUBMIT-YOUR-CV-6-1536x308.webp 1536w\" sizes=\"(max-width: 1620px) 100vw, 1620px\" \/>\t\t\t\t\t\t\t\t\t\t\t\t\t\t\t<\/div>\n\t\t\t\t<\/div>\n\t\t\t\t<\/div>\n\t\t\t\t\t<\/div>\n\t\t\t\t<\/div>\n\t\t<div class=\"elementor-element elementor-element-e094846 e-flex e-con-boxed e-con e-parent\" data-id=\"e094846\" data-element_type=\"container\">\n\t\t\t\t\t<div class=\"e-con-inner\">\n\t\t<div class=\"elementor-element elementor-element-eebce67 e-con-full e-flex e-con e-child\" data-id=\"eebce67\" data-element_type=\"container\">\n\t\t\t\t<div class=\"elementor-element elementor-element-c15790f elementor-widget elementor-widget-text-editor\" data-id=\"c15790f\" data-element_type=\"widget\" data-widget_type=\"text-editor.default\">\n\t\t\t\t<div class=\"elementor-widget-container\">\n\t\t\t\t\t\t\t\t\t\n\n<style>\n.faq-container {\n    max-width: 1200px;\n    margin: 70px auto;\n    padding: 0 20px;\n    font-family: \"Segoe UI\", Arial, sans-serif;\n}\n\n.faq-header {\n    text-align: center;\n    margin-bottom: 40px;\n}\n\n.faq-header h1 {\n    font-size: 38px;\n    font-weight: 700;\n    color: #9B0008;   \/* Updated Title Color *\/\n}\n\n.faq-header p {\n    font-size: 20px;\n    color: #555;\n    margin-top: 10px;\n}\n\n\/* FAQ Item *\/\n.faq-item {\n    background: #ffffff;\n    border-radius: 12px;\n    margin-bottom: 18px;\n    padding: 22px 26px;\n    box-shadow: 0 8px 25px rgba(0,0,0,0.07);\n    cursor: pointer;\n    position: relative;\n    overflow: hidden;\n    transition: all 0.3s ease;\n}\n\n\/* Left Accent *\/\n.faq-item::before {\n    content: \"\";\n    position: absolute;\n    left: 0;\n    top: 0;\n    width: 5px;\n    height: 100%;\n    background: #9B0008\n}\n\n.faq-item:hover {\n    transform: translateY(-3px);\n    box-shadow: 0 14px 35px rgba(0,0,0,0.12);\n}\n\n\/* Question Row *\/\n.faq-question {\n    display: flex;\n    justify-content: space-between;\n    align-items: center;\n}\n\n.faq-text {\n    font-size: 20px;\n    font-weight: 600;\n    color: #0a2540;\n    width: 90%;\n}\n\n.faq-toggle {\n    font-size: 26px;\n    font-weight: bold;\n    color: #9B0008;\n    transition: transform 0.3s ease;\n}\n\n\/* Answer *\/\n.faq-answer {\n    max-height: 0;\n    overflow: hidden;\n    transition: max-height 0.5s ease;\n}\n\n.faq-answer p {\n    margin-top: 16px;\n    font-size: 16px;\n    line-height: 1.7;\n    color: #444;\n}\n\n\/* Active *\/\n.faq-item.active .faq-answer {\n    max-height: 600px;\n}\n\n.faq-item.active .faq-toggle {\n    transform: rotate(45deg);\n}\n<\/style>\n\n<div class=\"faq-container\">\n    <div class=\"faq-header\">\n        <h1>\u00centreb\u0103ri frecvente<\/h1>\n        <p>\n           Dac\u0103 nu g\u0103si\u021bi r\u0103spunsul de mai jos, v\u0103 rug\u0103m s\u0103 utiliza\u021bi formularul de contact sau s\u0103 ne trimite\u021bi un e-mail la\n            <strong>\n                <a href=\"mailto:info@bcmgroup.in\" style=\"color:#9B0008; text-decoration:none;\">\n                    info@bcmgroup.in\n                <\/a>\n            <\/strong>\n        <\/p>\n    <\/div>\n\n    \n\n    <div class=\"faq-item\"><div class=\"faq-question\"><div class=\"faq-text\">Este obligatorie limba englez\u0103 pentru a lucra \u00een Europa?<\/div><div class=\"faq-toggle\">+<\/div><\/div><div class=\"faq-answer\"><p>Engleza nu este obligatorie pentru toate locurile de munc\u0103. Cuno\u0219tin\u021bele de baz\u0103 de englez\u0103 sunt utile, iar angajatorii verific\u0103 \u00een principal cuno\u0219tin\u021bele tehnice \u0219i experien\u021ba legate de profilul postului.<\/p><\/div><\/div>\n\n    <div class=\"faq-item\"><div class=\"faq-question\"><div class=\"faq-text\">Sunte\u021bi \u00eenregistrat la Ministerul Afacerilor Externe (MEA)?<\/div><div class=\"faq-toggle\">+<\/div><\/div><div class=\"faq-answer\"><p>Da, suntem m\u00e2ndri s\u0103 fim \u00eenregistra\u021bi la Ministerul Afacerilor Externe. Num\u0103rul nostru de licen\u021b\u0103 este Mumbai\/Partnership\/5493853\/2021.\n<\/p><\/div><\/div>\n\n    <div class=\"faq-item\"><div class=\"faq-question\"><div class=\"faq-text\">Poate un titular de pa\u0219aport ECR s\u0103 aplice pentru locuri de munc\u0103 \u00een Europa?\n<\/div><div class=\"faq-toggle\">+<\/div><\/div><div class=\"faq-answer\"><p>Da, at\u00e2t ECR, c\u00e2t \u0219i ECNR. Ambii titulari de pa\u0219aport pot aplica pentru locuri de munc\u0103 \u00een Europa dac\u0103 \u00eendeplinesc cerin\u021bele pentru angajare \u0219i viz\u0103.<\/p><\/div><\/div>\n\n    <div class=\"faq-item\"><div class=\"faq-question\"><div class=\"faq-text\">Este necesar\u0103 experien\u021ba \u00een Golf pentru a ob\u021bine un loc de munc\u0103 \u00een Europa?<\/div><div class=\"faq-toggle\">+<\/div><\/div><div class=\"faq-answer\"><p>No. Nu. Experien\u021ba \u00een Golf nu este obligatorie. Experien\u021ba relevant\u0103 \u00een domeniul dumneavoastr\u0103 este suficient\u0103.<\/p><\/div><\/div>\n\n    <div class=\"faq-item\"><div class=\"faq-question\"><div class=\"faq-text\">\u00cemi va confisca compania pa\u0219aportul dup\u0103 ce ajung \u00een Europa?<\/div><div class=\"faq-toggle\">+<\/div><\/div><div class=\"faq-answer\"><p>Nu. P\u0103strarea pa\u0219aportului unui lucr\u0103tor este ilegal\u0103 \u00een Europa. Pa\u0219aportul dumneavoastr\u0103 va r\u0103m\u00e2ne la dumneavoastr\u0103.<\/p><\/div><\/div>\n\n    <div class=\"faq-item\"><div class=\"faq-question\"><div class=\"faq-text\">Voi lucra ca muncitor \u00een Europa?<\/div><div class=\"faq-toggle\">+<\/div><\/div><div class=\"faq-answer\"><p>No. YNu. Vei lucra doar \u00een pozi\u021bia men\u021bionat\u0103 \u00een contract, cum ar fi sudor, electrician, montator etc.<\/p><\/div><\/div>\n\n    <div class=\"faq-item\"><div class=\"faq-question\"><div class=\"faq-text\">Sunt locurile de munc\u0103 oferite autentice \u0219i legale?<\/div><div class=\"faq-toggle\">+<\/div><\/div><div class=\"faq-answer\"><p>Da. Toate locurile de munc\u0103 oferite prin intermediul BCM Group sunt verificate.<\/p><\/div><\/div>\n\n    <div class=\"faq-item\"><div class=\"faq-question\"><div class=\"faq-text\">Voi primi un contract de munc\u0103 \u00eenainte de c\u0103l\u0103torie?<\/div><div class=\"faq-toggle\">+<\/div><\/div><div class=\"faq-answer\"><p>Da. Ve\u021bi primi o ofert\u0103 de munc\u0103 sau un contract scris \u00eenainte de plecare.<\/p><\/div><\/div>\n\n    <div class=\"faq-item\"><div class=\"faq-question\"><div class=\"faq-text\">Ce tip de munc\u0103 voi face \u00een Europa?<\/div><div class=\"faq-toggle\">+<\/div><\/div><div class=\"faq-answer\"><p>Vei lucra conform abilit\u0103\u021bilor, experien\u021bei \u0219i domeniului t\u0103u de activitate men\u021bionate \u00een contract.<\/p><\/div><\/div>\n\n    <div class=\"faq-item\"><div class=\"faq-question\"><div class=\"faq-text\">C\u00e2te ore de lucru sunt \u00een Europa?<\/div><div class=\"faq-toggle\">+<\/div><\/div><div class=\"faq-answer\"><p>De obicei, 8-10 ore pe zi, cu zile de odihn\u0103 s\u0103pt\u0103m\u00e2nale conform legisla\u021biei muncii locale.\n<\/p><\/div><\/div>\n\n    <div class=\"faq-item\"><div class=\"faq-question\"><div class=\"faq-text\">Sunt disponibile ore suplimentare \u0219i pl\u0103tite separat?<\/div><div class=\"faq-toggle\">+<\/div><\/div><div class=\"faq-answer\"><p>Orele suplimentare depind de angajator \u0219i de proiect. Dac\u0103 este cazul, orele suplimentare sunt pl\u0103tite separat.<\/p><\/div><\/div>\n\n    <div class=\"faq-item\"><div class=\"faq-question\"><div class=\"faq-text\">La ce salariu m\u0103 pot a\u0219tepta lucr\u00e2nd \u00een Europa?<\/div><div class=\"faq-toggle\">+<\/div><\/div><div class=\"faq-answer\"><p>Salariul depinde de rolul, experien\u021ba \u0219i \u021bara dumneavoastr\u0103. Detaliile complete sunt comunicate \u00eenainte de selec\u021bie.<\/p><\/div><\/div>\n\n    <div class=\"faq-item\"><div class=\"faq-question\"><div class=\"faq-text\">Cazarea va fi asigurat\u0103 de companie?<\/div><div class=\"faq-toggle\">+<\/div><\/div><div class=\"faq-answer\"><p>Aceasta depinde de angajator. Unele companii ofer\u0103 cazare gratuit\u0103 sau cu costuri reduse.<\/p><\/div><\/div>\n\n<div class=\"faq-item\"><div class=\"faq-question\"><div class=\"faq-text\">Este Europa sigur\u0103 pentru lucr\u0103torii str\u0103ini?<\/div><div class=\"faq-toggle\">+<\/div><\/div><div class=\"faq-answer\"><p>Da. \u021a\u0103rile europene respect\u0103 legi stricte ale muncii pentru a proteja drepturile \u0219i siguran\u021ba lucr\u0103torilor.<\/p><\/div><\/div>\n\n<div class=\"faq-item\"><div class=\"faq-question\"><div class=\"faq-text\">Voi primi asigurare medical\u0103 \u00een Europa?<\/div><div class=\"faq-toggle\">+<\/div><\/div><div class=\"faq-answer\"><p>Da. Majoritatea angajatorilor ofer\u0103 asigurare medical\u0103 conform reglement\u0103rilor locale.<\/p><\/div><\/div>\n\n<div class=\"faq-item\"><div class=\"faq-question\"><div class=\"faq-text\">Care este durata contractului de munc\u0103?<\/div><div class=\"faq-toggle\">+<\/div><\/div><div class=\"faq-answer\"><p>Contractele de munc\u0103 sunt de obicei de 1 p\u00e2n\u0103 la 2 ani, \u00een func\u021bie de angajator.<\/p><\/div><\/div>\n\n<div class=\"faq-item\"><div class=\"faq-question\"><div class=\"faq-text\">Pot s\u0103-mi prelungesc contractul dup\u0103 finalizare?<\/div><div class=\"faq-toggle\">+<\/div><\/div><div class=\"faq-answer\"><p>Da. Prelungirea contractului este posibil\u0103 \u00een func\u021bie de performan\u021b\u0103 \u0219i cerin\u021bele angajatorului.<\/p><\/div><\/div>\n\n<div class=\"faq-item\"><div class=\"faq-question\"><div class=\"faq-text\">Este obligatoriu CV-ul Europass pentru a lucra \u00een Europa?<\/div><div class=\"faq-toggle\">+<\/div><\/div><div class=\"faq-answer\"><p>Un CV Europass nu este obligatoriu, dar unii angajatori \u00eel prefer\u0103. BCM Group v\u0103 va \u00eendruma cu privire la formatul corect de CV necesar pentru jobul \u0219i \u021bara dumneavoastr\u0103.<\/p><\/div><\/div>\n\n<div class=\"faq-item\"><div class=\"faq-question\"><div class=\"faq-text\">Cum ar trebui preg\u0103tit CV-ul meu pentru locuri de munc\u0103 europene?<\/div><div class=\"faq-toggle\">+<\/div><\/div><div class=\"faq-answer\"><p>CV-ul t\u0103u ar trebui s\u0103 men\u021bioneze clar abilit\u0103\u021bile tale profesionale, experien\u021ba profesional\u0103 \u0219i certific\u0103rile. Echipa noastr\u0103 te va ajuta s\u0103-\u021bi preg\u0103te\u0219ti sau s\u0103-\u021bi modifici CV-ul conform cerin\u021belor angajatorilor europeni.<\/p><\/div><\/div>\n\n<div class=\"faq-item\"><div class=\"faq-question\"><div class=\"faq-text\">Ce documente sunt necesare pentru locurile de munc\u0103 europene?<\/div><div class=\"faq-toggle\">+<\/div><\/div><div class=\"faq-answer\"><p>Documentele comune includ pa\u0219aportul, CV-ul, certificatele de experien\u021b\u0103, raportul medical \u0219i adeverin\u021ba de la poli\u021bie.<\/p><\/div><\/div>\n\n<div class=\"faq-item\"><div class=\"faq-question\"><div class=\"faq-text\">Exist\u0103 un test profesional sau un interviu \u00eenainte de selec\u021bie?<\/div><div class=\"faq-toggle\">+<\/div><\/div><div class=\"faq-answer\"><p>Unele locuri de munc\u0103 necesit\u0103 un test profesional sau un interviu tehnic.<\/p><\/div><\/div>\n\n<div class=\"faq-item\"><div class=\"faq-question\"><div class=\"faq-text\">Este necesar\u0103 aptitudinea medical\u0103 pentru a lucra \u00een Europa?<\/div><div class=\"faq-toggle\">+<\/div><\/div><div class=\"faq-answer\"><p>Da. Candida\u021bii trebuie s\u0103 fie ap\u021bi din punct de vedere medical \u0219i vor trebui s\u0103 fie supu\u0219i unui examen medical ca parte a procesului de viz\u0103 \u0219i deta\u0219are.<\/p><\/div><\/div>\n\n<div class=\"faq-item\"><div class=\"faq-question\"><div class=\"faq-text\">M\u0103 va ajuta BCM Group dup\u0103 ce ajung \u00een Europa?<\/div><div class=\"faq-toggle\">+<\/div><\/div><div class=\"faq-answer\"><p>Da. BCM Group ofer\u0103 \u00eendrumare \u00eenainte de plecare \u0219i asisten\u021b\u0103 pentru \u00eenscriere.<\/p><\/div><\/div>\n\n<div class=\"faq-item\"><div class=\"faq-question\"><div class=\"faq-text\">Cum pot aplica pentru un loc de munc\u0103 prin intermediul BCM Group?<\/div><div class=\"faq-toggle\">+<\/div><\/div><div class=\"faq-answer\"><p>Pute\u021bi aplica trimi\u021b\u00e2nd CV-ul prin intermediul site-ului nostru web, contact\u00e2ndu-ne prin telefon\/WhatsApp sau vizit\u00e2nd biroul nostru.<\/p><\/div><\/div>\n\n    <div class=\"faq-item\"><div class=\"faq-question\"><div class=\"faq-text\">Se ofer\u0103 m\u00e2ncare sau exist\u0103 o aloca\u021bie pentru hran\u0103?<\/div><div class=\"faq-toggle\">+<\/div><\/div><div class=\"faq-answer\"><p>Facilit\u0103\u021bile sau aloca\u021biile pentru hran\u0103 depind de angajator \u0219i ace\u0219tia sunt informa\u021bi \u00een mod clar \u00eenainte de angajare.<\/p><\/div><\/div>\n\n<\/div>\n\n<script>\ndocument.querySelectorAll(\".faq-item\").forEach(item => {\n    item.addEventListener(\"click\", () => {\n        document.querySelectorAll(\".faq-item\").forEach(el => {\n            if (el !== item) el.classList.remove(\"active\");\n        });\n        item.classList.toggle(\"active\");\n    });\n});\n<\/script>\n\n\n\t\t\t\t\t\t\t\t<\/div>\n\t\t\t\t<\/div>\n\t\t\t\t<\/div>\n\t\t\t\t\t<\/div>\n\t\t\t\t<\/div>\n\t\t<div class=\"elementor-element elementor-element-9620118 e-flex e-con-boxed e-con e-parent\" data-id=\"9620118\" data-element_type=\"container\">\n\t\t\t\t\t<div class=\"e-con-inner\">\n\t\t<div class=\"elementor-element elementor-element-c4cb4cb e-con-full e-flex e-con e-child\" data-id=\"c4cb4cb\" data-element_type=\"container\">\n\t\t\t\t<div class=\"elementor-element elementor-element-2a1a5a8 elementor-widget elementor-widget-gimont_elementor_heading\" data-id=\"2a1a5a8\" data-element_type=\"widget\" data-widget_type=\"gimont_elementor_heading.default\">\n\t\t\t\t<div class=\"elementor-widget-container\">\n\t\t\t\t\t\n\t\t\t<div class=\"ova-heading template_2\">\n\t\t\t\t\t\t\t\t\t\t\t\t\t\t<span class=\"subtitle\">Suntem al\u0103turi de tine la fiecare pas<\/span>\n\t\t\t\t\t\t\t\t\t\t\t<span class=\"line\"><\/span>\n\t\t\t\t\t\t\t\t\t\t\t\t\t\n\t\t\t\t\t\t\t\t\t\t\t\t\t\t\t<h2 class=\"title\"> <\/h2>\n\t\t\t\t\t\t\t\t\t\t\n\t\t\t\t\t\t\t\t\n\t\t\t\t\n\t\t\t<\/div>\n\n\t\t\t\t\t\t<\/div>\n\t\t\t\t<\/div>\n\t\t\t\t<\/div>\n\t\t\t\t\t<\/div>\n\t\t\t\t<\/div>\n\t\t<div class=\"elementor-element elementor-element-4837164 e-flex e-con-boxed e-con e-parent\" data-id=\"4837164\" data-element_type=\"container\">\n\t\t\t\t\t<div class=\"e-con-inner\">\n\t\t<div class=\"elementor-element elementor-element-dbaa996 e-con-full e-flex e-con e-child\" data-id=\"dbaa996\" data-element_type=\"container\">\n\t\t\t\t<div class=\"elementor-element elementor-element-71727b0 elementor-widget elementor-widget-text-editor\" data-id=\"71727b0\" data-element_type=\"widget\" data-widget_type=\"text-editor.default\">\n\t\t\t\t<div class=\"elementor-widget-container\">\n\t\t\t\t\t\t\t\t\t<p><span style=\"font-weight: 400;\">La BCM Group, c\u0103l\u0103toria ta nu \u00eenseamn\u0103 doar ob\u021binerea unui loc de munc\u0103 &#8211; ci \u0219i construirea unui viitor sigur, cu demnitate, \u00eencredere \u0219i oportunit\u0103\u021bi pe termen lung. Credem c\u0103 fiecare candidat merit\u0103 informa\u021bii clare, \u00eendrumare sincer\u0103 \u0219i procese transparente. De la prima ta solicitare p\u00e2n\u0103 la plasarea final\u0103 \u0219i chiar mai departe, echipele noastre \u00ee\u021bi sunt al\u0103turi cu sprijin continuu, oportunit\u0103\u021bi verificate \u0219i practici de recrutare etice.<\/span><\/p><p><span style=\"font-weight: 400;\">Nu e\u0219ti niciodat\u0103 singur \u00een aceast\u0103 c\u0103l\u0103torie &#8211; BCM Group merge al\u0103turi de tine, \u00ee\u021bi protejeaz\u0103 interesele \u0219i lucreaz\u0103 pentru succesul t\u0103u.<\/span><\/p><p><span style=\"font-weight: 400;\">Dac\u0103 mai ai \u00eentreb\u0103ri, contacteaz\u0103-ne cu \u00eencredere &#8211; pentru c\u0103 viitorul t\u0103u conteaz\u0103 pentru noi.<\/span><\/p>\t\t\t\t\t\t\t\t<\/div>\n\t\t\t\t<\/div>\n\t\t\t\t<\/div>\n\t\t\t\t\t<\/div>\n\t\t\t\t<\/div>\n\t\t<div class=\"elementor-element elementor-element-5101b7d e-flex e-con-boxed e-con e-parent\" data-id=\"5101b7d\" data-element_type=\"container\">\n\t\t\t\t\t<div class=\"e-con-inner\">\n\t\t<div class=\"elementor-element elementor-element-ed707f4 e-con-full e-flex e-con e-child\" data-id=\"ed707f4\" data-element_type=\"container\">\n\t\t\t\t<div class=\"elementor-element elementor-element-9792829 elementor-align-center elementor-widget elementor-widget-button\" data-id=\"9792829\" data-element_type=\"widget\" data-widget_type=\"button.default\">\n\t\t\t\t<div class=\"elementor-widget-container\">\n\t\t\t\t\t\t\t\t\t<div class=\"elementor-button-wrapper\">\n\t\t\t\t\t<a class=\"elementor-button elementor-button-link elementor-size-sm\" href=\"https:\/\/bcmgroup.in\/ro\/contact\/\">\n\t\t\t\t\t\t<span class=\"elementor-button-content-wrapper\">\n\t\t\t\t\t\t\t\t\t<span class=\"elementor-button-text\">Contacta\u0163i-ne<\/span>\n\t\t\t\t\t<\/span>\n\t\t\t\t\t<\/a>\n\t\t\t\t<\/div>\n\t\t\t\t\t\t\t\t<\/div>\n\t\t\t\t<\/div>\n\t\t\t\t<\/div>\n\t\t\t\t\t<\/div>\n\t\t\t\t<\/div>\n\t\t\t\t<\/div>\n\t\t","protected":false},"excerpt":{"rendered":"<p>\u00centreb\u0103ri frecvente Dac\u0103 nu g\u0103si\u021bi r\u0103spunsul de mai jos, v\u0103 rug\u0103m s\u0103 utiliza\u021bi formularul de contact sau s\u0103 ne trimite\u021bi un e-mail la info@bcmgroup.in Este obligatorie limba englez\u0103 pentru a lucra \u00een Europa?+ Engleza nu este obligatorie pentru toate locurile de munc\u0103. Cuno\u0219tin\u021bele de baz\u0103 de englez\u0103 sunt utile, iar angajatorii verific\u0103 \u00een principal cuno\u0219tin\u021bele [&hellip;]<\/p>\n","protected":false},"author":2,"featured_media":0,"parent":140542,"menu_order":0,"comment_status":"closed","ping_status":"closed","template":"elementor_canvas","meta":{"googlesitekit_rrm_CAowi469DA:productID":"","footnotes":""},"class_list":["post-140605","page","type-page","status-publish","hentry"],"_links":{"self":[{"href":"https:\/\/bcmgroup.in\/ro\/wp-json\/wp\/v2\/pages\/140605","targetHints":{"allow":["GET"]}}],"collection":[{"href":"https:\/\/bcmgroup.in\/ro\/wp-json\/wp\/v2\/pages"}],"about":[{"href":"https:\/\/bcmgroup.in\/ro\/wp-json\/wp\/v2\/types\/page"}],"author":[{"embeddable":true,"href":"https:\/\/bcmgroup.in\/ro\/wp-json\/wp\/v2\/users\/2"}],"replies":[{"embeddable":true,"href":"https:\/\/bcmgroup.in\/ro\/wp-json\/wp\/v2\/comments?post=140605"}],"version-history":[{"count":11,"href":"https:\/\/bcmgroup.in\/ro\/wp-json\/wp\/v2\/pages\/140605\/revisions"}],"predecessor-version":[{"id":153092,"href":"https:\/\/bcmgroup.in\/ro\/wp-json\/wp\/v2\/pages\/140605\/revisions\/153092"}],"up":[{"embeddable":true,"href":"https:\/\/bcmgroup.in\/ro\/wp-json\/wp\/v2\/pages\/140542"}],"wp:attachment":[{"href":"https:\/\/bcmgroup.in\/ro\/wp-json\/wp\/v2\/media?parent=140605"}],"curies":[{"name":"wp","href":"https:\/\/api.w.org\/{rel}","templated":true}]}}