{"id":134545,"date":"2026-01-24T05:37:18","date_gmt":"2026-01-24T05:37:18","guid":{"rendered":"https:\/\/bcmgroup.in\/employer-faq-support\/"},"modified":"2026-03-21T10:22:33","modified_gmt":"2026-03-21T10:22:33","slug":"mistoqsijiet-frekwenti-dwar-min-ihaddem","status":"publish","type":"page","link":"https:\/\/bcmgroup.in\/mt\/qed-infittex-haddiem\/mistoqsijiet-frekwenti-dwar-min-ihaddem\/","title":{"rendered":"FAQs u Appo\u0121\u0121 g\u0127all-Impjegatur"},"content":{"rendered":"\t\t<div data-elementor-type=\"wp-page\" data-elementor-id=\"134545\" class=\"elementor elementor-134545 elementor-130796\" data-elementor-post-type=\"page\">\n\t\t\t\t<div class=\"elementor-element elementor-element-a999748 e-flex e-con-boxed e-con e-parent\" data-id=\"a999748\" data-element_type=\"container\">\n\t\t\t\t\t<div class=\"e-con-inner\">\n\t\t\t\t<div class=\"elementor-element elementor-element-48c3e64 elementor-widget elementor-widget-image\" data-id=\"48c3e64\" data-element_type=\"widget\" data-widget_type=\"image.default\">\n\t\t\t\t<div class=\"elementor-widget-container\">\n\t\t\t\t\t\t\t\t\t\t\t\t\t\t\t<img fetchpriority=\"high\" decoding=\"async\" width=\"1620\" height=\"325\" src=\"https:\/\/bcmgroup.in\/wp-content\/uploads\/2026\/01\/SUBMIT-YOUR-CV-6.webp\" class=\"attachment-full size-full wp-image-131469\" alt=\"Naj\u010de\u0161\u0107a pitanja i podr\u0161ka poslodavce\" srcset=\"https:\/\/bcmgroup.in\/wp-content\/uploads\/2026\/01\/SUBMIT-YOUR-CV-6.webp 1620w, https:\/\/bcmgroup.in\/wp-content\/uploads\/2026\/01\/SUBMIT-YOUR-CV-6-300x60.webp 300w, https:\/\/bcmgroup.in\/wp-content\/uploads\/2026\/01\/SUBMIT-YOUR-CV-6-1024x205.webp 1024w, https:\/\/bcmgroup.in\/wp-content\/uploads\/2026\/01\/SUBMIT-YOUR-CV-6-768x154.webp 768w, https:\/\/bcmgroup.in\/wp-content\/uploads\/2026\/01\/SUBMIT-YOUR-CV-6-1536x308.webp 1536w\" sizes=\"(max-width: 1620px) 100vw, 1620px\" \/>\t\t\t\t\t\t\t\t\t\t\t\t\t\t\t<\/div>\n\t\t\t\t<\/div>\n\t\t\t\t\t<\/div>\n\t\t\t\t<\/div>\n\t\t<div class=\"elementor-element elementor-element-d71755b e-flex e-con-boxed e-con e-parent\" data-id=\"d71755b\" data-element_type=\"container\">\n\t\t\t\t\t<div class=\"e-con-inner\">\n\t\t\t\t<div class=\"elementor-element elementor-element-b3db428 elementor-widget elementor-widget-text-editor\" data-id=\"b3db428\" data-element_type=\"widget\" data-widget_type=\"text-editor.default\">\n\t\t\t\t<div class=\"elementor-widget-container\">\n\t\t\t\t\t\t\t\t\t<style>\n.faq-container {\n    max-width: 1200px;\n    margin: 70px auto;\n    padding: 0 20px;\n    font-family: \"Segoe UI\", Arial, sans-serif;\n}\n\n.faq-header {\n    text-align: center;\n    margin-bottom: 40px;\n}\n\n.faq-header h1 {\n    font-size: 38px;\n    font-weight: 700;\n    color: #9B0008;   \/* Updated Title Color *\/\n}\n\n.faq-header p {\n    font-size: 20px;\n    color: #555;\n    margin-top: 10px;\n}\n\n\/* FAQ Item *\/\n.faq-item {\n    background: #ffffff;\n    border-radius: 12px;\n    margin-bottom: 18px;\n    padding: 22px 26px;\n    box-shadow: 0 8px 25px rgba(0,0,0,0.07);\n    cursor: pointer;\n    position: relative;\n    overflow: hidden;\n    transition: all 0.3s ease;\n}\n\n\/* Left Accent *\/\n.faq-item::before {\n    content: \"\";\n    position: absolute;\n    left: 0;\n    top: 0;\n    width: 5px;\n    height: 100%;\n    background: #9B0008\n}\n\n.faq-item:hover {\n    transform: translateY(-3px);\n    box-shadow: 0 14px 35px rgba(0,0,0,0.12);\n}\n\n\/* Question Row *\/\n.faq-question {\n    display: flex;\n    justify-content: space-between;\n    align-items: center;\n}\n\n.faq-text {\n    font-size: 20px;\n    font-weight: 600;\n    color: #0a2540;\n    width: 90%;\n}\n\n.faq-toggle {\n    font-size: 26px;\n    font-weight: bold;\n    color: #9B0008;\n    transition: transform 0.3s ease;\n}\n\n\/* Answer *\/\n.faq-answer {\n    max-height: 0;\n    overflow: hidden;\n    transition: max-height 0.5s ease;\n}\n\n.faq-answer p {\n    margin-top: 16px;\n    font-size: 16px;\n    line-height: 1.7;\n    color: #444;\n}\n\n\/* Active *\/\n.faq-item.active .faq-answer {\n    max-height: 600px;\n}\n\n.faq-item.active .faq-toggle {\n    transform: rotate(45deg);\n}\n<\/style>\n\n<div class=\"faq-container\">\n    <div class=\"faq-header\">\n        <h1>Mistoqsijiet Spissi Mitluba<\/h1>\n        <p>\nJekk ma tistax issib it-twe\u0121iba hawn ta\u0127t, jekk jog\u0127\u0121bok u\u017ca l-formola ta\u2019 kuntatt jew ibg\u0127atilna email fuq\n            <strong>\n                <a href=\"mailto:info@bcmgroup.in\" style=\"color:#9B0008; text-decoration:none;\">\n                    info@bcmgroup.in\n                <\/a>\n            <\/strong>\n        <\/p>\n    <\/div>\n\n    \n\n    <div class=\"faq-item\"><div class=\"faq-question\"><div class=\"faq-text\">G\u0127aliex g\u0127andna nag\u0127\u017clu lil BCM Group fuq a\u0121enziji o\u0127ra Indjani?<\/div><div class=\"faq-toggle\">+<\/div><\/div><div class=\"faq-answer\"><p>Il-BCM Group huwa a\u0121enzija approvata mill-Ministeru tal-Affarijiet Barranin (MEA) (Li\u010benzja Nru. MUMBAI\/PARTNERSHIP\/5493853\/2021) b&#8217;esperjenza ta\u2019 aktar minn 15-il sena. A\u0127na n\u0127arr\u0121u spe\u010bjalment g\u0127all-impjieg ta\u2019 blue-collar g\u0127all-Ewropa, b\u2019su\u010b\u010bess po\u0121\u0121ejna aktar minn 15,000 \u0127addiem f&#8217;pajji\u017ci b\u0127al Rumanja, Kroazja, u Latvia. G\u0127andna \u010bentri ta\u2019 test tal-kummer\u010b proprji biex nivverifikaw il-\u0127iliet qabel il-post tal-impjieg.<\/p><\/div><\/div>\n\n    <div class=\"faq-item\"><div class=\"faq-question\"><div class=\"faq-text\">G\u0127andek pre\u017cenza lokali fl-Ewropa biex tissapportjana?<\/div><div class=\"faq-toggle\">+<\/div><\/div><div class=\"faq-answer\"><p>Iva, b\u0127al \u0127afna a\u0121enziji li ja\u0127dmu biss mill-Indja, BCM Group g\u0127andu entitajiet legali u sistemi ta\u2019 appo\u0121\u0121 f\u2019pajji\u017ci b\u0127al Latvia u Kroazja. Dan jippermettilna noffru servizzi bla xkiel ta\u2019 \u201cEmployee Leasing\u201d fejn a\u0127na n\u0127addmu b\u0127ala l-impjegatur legali, u nnaqqsu l-pi\u017c amministrattiv tieg\u0127ek.<\/p><\/div><\/div>\n\n    <div class=\"faq-item\"><div class=\"faq-question\"><div class=\"faq-text\">F&#8217;liema industriji tispe\u010bjalizza g\u0127al \u0127addiema ta&#8217; kulur blu?<\/div><div class=\"faq-toggle\">+<\/div><\/div><div class=\"faq-answer\"><p>A\u0127na n\u0127arr\u0121u fil-Kostruzzjoni (g\u0127assies, carpentieri tal-formwork, ffissaturi tal-azzar), Manifattura (operaturi CNC, saldaturi, montaturi), Lo\u0121istika (sewwieqa tal-karozzi kbar, g\u0127ajnuna fil-ma\u0127\u017cen), u Ospitalit\u00e0 (kokk, impjegati tal-ilbies u \u0127asil).<\/p><\/div><\/div>\n\n    <div class=\"faq-item\"><div class=\"faq-question\"><div class=\"faq-text\">X&#8217;inhu d-differenza prin\u010bipali bejn il-mudelli &#8216;Leasing&#8217; u &#8216;Client Payroll&#8217; li toffri?<\/div><div class=\"faq-toggle\">+<\/div><\/div><div class=\"faq-answer\"><p> Skont il-mudell tal-Payroll tal-Klijent, int l-impjegatur legali, u a\u0127na nag\u0127mlu biss b\u0127ala r-reklutatur; inti tmexxi t-taxxi u s-sigurt\u00e0 so\u010bjali tag\u0127hom fil-pajji\u017c tieg\u0127ek. Skont il-mudell tal-Leasing (EOR), BCM Group (jew il-partner lokali tag\u0127na) ja\u0121ixxi b\u0127ala l-impjegatur legali. A\u0127na nimmani\u0121\u0121jaw il-payroll, it-taxxi, u l-konformit\u00e0 legali, filwaqt li l-\u0127addiema ja\u0127dmu fis-sit tieg\u0127ek ta\u0127t is-supervi\u017cjoni tieg\u0127ek.<\/p><\/div><\/div>\n\n    <div class=\"faq-item\"><div class=\"faq-question\"><div class=\"faq-text\">Fil-mudell tal-Leasing, min hu responsabbli g\u0127all-imsie\u0127ba u l-kontribuzzjonijiet tas-so\u010bjet\u00e0 tal-\u0127addiema fl-Ewropa?<\/div><div class=\"faq-toggle\">+<\/div><\/div><div class=\"faq-answer\"><p>A\u0127na. Fl-u\u017cu tal-mudell tal-Kiri, il-kumpanija lokali tal-BCM Group timmani\u0121\u0121ja d-dedu\u010bjonijiet statu\u017ci kollha, kontribuzzjonijiet tas-sigurt\u00e0 so\u010bjali u l-fajls tat-taxxa skont il-li\u0121ijiet lokali (per e\u017cempju, il-li\u0121ijiet tal-impjieg Rumeni jew Kroati). Int tir\u010bievi fattura wa\u0127da kull xahar li tkopri s-salarju u l-ostaklu tas-servizz.<\/p><\/div><\/div>\n\n    <div class=\"faq-item\"><div class=\"faq-question\"><div class=\"faq-text\">Liema mudell hu aktar mg\u0127a\u0121\u0121el g\u0127all-iqeg\u0127dija ta&#8217; \u0127addiema?<\/div><div class=\"faq-toggle\">+<\/div><\/div><div class=\"faq-answer\"><p>Il-mudell tal-Payroll tal-Klijent huwa spiss ftit iktar mg\u0127a\u0121\u0121el g\u0127all-applikazzjoni tal-vi\u017ca jekk di\u0121\u00e0 g\u0127andek kwota ta\u2019 permess tax-xog\u0127ol pre-approvata. Madankollu, il-mudell tal-Leasing huwa aktar mg\u0127a\u0121\u0121el g\u0127at-tlestija tal-\u0127addiema \u0121odda g\u0127ax a\u0127na nie\u0127du \u0127sieb il-kuntratti tax-xog\u0127ol u r-re\u0121istrazzjoni lokali, li jiffranka lill-istaff HR tieg\u0127ek \u0121img\u0127at ta\u2019 xog\u0127ol amministrattiv.<\/p><\/div><\/div>\n\n    <div class=\"faq-item\"><div class=\"faq-question\"><div class=\"faq-text\">Fejn issib dawn il-\u0127addiema, u di\u0121\u00e0 g\u0127andek lista ta&#8217; kandidati lesti biex ji\u0121u dispjegati?<\/div><div class=\"faq-toggle\">+<\/div><\/div><div class=\"faq-answer\"><p>BCM Group i\u017c\u017comm database proprjetarju ta&#8217; aktar minn 50,000 profil ta&#8217; \u0127addiema b&#8217;koklu blu li \u0121ew ivverifikati minn qabel madwar l-Indja. Ma nistennewx biss l-ordni tal-klijent; a\u0127na attivament niffukaw permezz tal-uffi\u010bini re\u0121jonali tag\u0127na u \u010bentri ta&#8217; ta\u0127ri\u0121 spe\u010bjalizzati. G\u0127ar-ruoli b&#8217;domanda g\u0127olja b\u0127al saldaturi u \u0127addiema tal-kostruzzjoni, normalment g\u0127andna &#8216;pixelet lesti g\u0127all-ippro\u010bessar&#8217;. Dan jippermettilna nibg\u0127atulek lista qasira ta&#8217; CVs u vidjows ta&#8217; testijiet kummer\u010bjali fi \u017cmien 48 sa 72 sieg\u0127a mill-g\u0127add tal-deskrizzjoni tax-xog\u0127ol tieg\u0127ek.<\/p><\/div><\/div>\n\n    <div class=\"faq-item\"><div class=\"faq-question\"><div class=\"faq-text\">Jekk \u0127addiem ikun fuq Leasing, min jimmani\u0121\u0121ja l-kwistjonijiet diskiplinarji jew it-tmiem?<\/div><div class=\"faq-toggle\">+<\/div><\/div><div class=\"faq-answer\"><p>Inti tissorvelja x-xog\u0127ol tag\u0127hom kuljum, i\u017cda BCM Group timmani\u0121\u0121ja l-aspett tal-HR. Jekk \u0127addiem jiksir regoli tas-sigurt\u00e0 jew ma jperformjax sew, int tinnotifikana, u a\u0127na n\u0127addmu l-azzjoni disciplinarja jew il-pro\u010bess ta&#8217; terminu skont il-li\u0121ijiet tax-xog\u0127ol lokali, billi n\u0127arsu lilek minn kumplikazzjonijiet legali.<\/p><\/div><\/div>\n\n    <div class=\"faq-item\"><div class=\"faq-question\"><div class=\"faq-text\">Kif ti\u017cgura li l-\u0127addiema fil-fatt g\u0127andhom is-skills li g\u0127andna b\u017connhom (e\u017c. ramlija, \u0127jata)?<\/div><div class=\"faq-toggle\">+<\/div><\/div><div class=\"faq-answer\"><p>Ma niddependux biss fuq il-CVs. Nwettqu Testijiet kummer\u010bjali stretti fil-centrijiet teknici tag\u0127na fl-Indja. G\u0127all-brazju, nie\u0127du kampjuni fuq po\u017cizzjonijiet spe\u010bifi\u010bi (MIG\/TIG\/Arc). Nistg\u0127u naqsmu r-rekords tal-vidjow tal-kandidati waqt li jwettqu dawn it-testijiet sabiex inti tista\u2019 tapprova l-\u0127iliet tag\u0127hom b\u2019mod personali qabel ma nibdew il-pro\u010bessar tal-vi\u017ca.<\/p><\/div><\/div>\n\n    <div class=\"faq-item\"><div class=\"faq-question\"><div class=\"faq-text\">X&#8217;inhu l-istadju tipiku mill-g\u0127a\u017cla sa l-wasla f&#8217;pajji\u017ci b\u0127all-Rumanija jew il-Kroazja?<\/div><div class=\"faq-toggle\">+<\/div><\/div><div class=\"faq-answer\"><p>Il-pro\u010bess \u0121eneralment jie\u0127u bejn 2 sa 4 xhur, skont il-pajji\u017c. Rumanija: 6-8 xhur (Permess tax-Xog\u0127ol + Vi\u017ca ta&#8217; Mg\u0127ix Twil). Kroazja: ~2-3 xhur (Permess tax-Xog\u0127ol + Vi\u017ca). Latvia: ~2-3 xhur. In\u017commu a\u0121\u0121ornati kull \u0121img\u0127a dwar l-istatus ta&#8217; kull kandidat.<\/p><\/div><\/div>\n\n    <div class=\"faq-item\"><div class=\"faq-question\"><div class=\"faq-text\">Il-\u0127addiema jitkellmu bl-Ingli\u017c?<\/div><div class=\"faq-toggle\">+<\/div><\/div><div class=\"faq-answer\"><p>Nig\u0127\u017clu kandidati b\u2019\u201cIngli\u017c Funzjonali\u201d\u2014jistg\u0127u jifhmu l-istruzzjonijiet u l-protokolli ba\u017ci\u010bi tas-sigurt\u00e0. G\u0127al rwoli spe\u010bjalizzati (b\u0127al ospitalit\u00e0), nag\u0127mlu fittra g\u0127al dawk b\u2019iktar fluwenza. Noffru wkoll ori\u0121inazzjoni qabel it-tluq biex ng\u0127allmuhom fra\u017cijiet ba\u017ci\u010bi lokali u normi kulturali tal-pajji\u017c tieg\u0127ek.<\/p><\/div><\/div>\n\n    <div class=\"faq-item\"><div class=\"faq-question\"><div class=\"faq-text\">X&#8217;ji\u0121ri jekk \u0127addiem jasal u ma jkunx adattat g\u0127al-xog\u0127ol?<\/div><div class=\"faq-toggle\">+<\/div><\/div><div class=\"faq-answer\"><p>Offru Garanzija ta\u2019 Kambju \u0126ieles g\u0127al perjodu spe\u010bifiku (normalment l-ewwel 3 xhur). Jekk \u0127addiem ikun teknikanament inkompetenti jew medi\u010binalment mhux adattat, se nimpjegaw u npo\u0121\u0121u sostitut ming\u0127ajr spejje\u017c addizzjonali ta\u2019 impjieg mieg\u0127ek.<\/p><\/div><\/div>\n\n    <div class=\"faq-item\"><div class=\"faq-question\"><div class=\"faq-text\">Min i\u0127allas g\u0127all-biljetti tal-ajru u l-ispejjes tal-vi\u017ca?<\/div><div class=\"faq-toggle\">+<\/div><\/div><div class=\"faq-answer\"><p>Dan huwa negozjabbli skont il-kuntratt. Tipikament, il-klijent jipprovdi l-ispejje\u017c tal-permess tax-xog\u0127ol u l-vi\u017ca b\u0127ala investiment fil-\u0127addiem. It-tikek tal-ajru jistg\u0127u jint\u0127allsu mill-klijent jew mill-kandidat, skont il-pakkett ta\u2019 salarju offrut. Nirrakkomandaw li l-klijenti j\u0127allsu l-ajruplan biex jattiraw l-a\u0127jar talent.<\/p><\/div><\/div>\n\n    <div class=\"faq-item\"><div class=\"faq-question\"><div class=\"faq-text\">X&#8217;inhi l-minimu ta&#8217; tul tal-kuntratt?<\/div><div class=\"faq-toggle\">+<\/div><\/div><div class=\"faq-answer\"><p>Skont il-politika standard tag\u0127na, il-kuntratt minimu huwa ta\u2019 2 snin. Dan ji\u017cgura stabilit\u00e0 g\u0127all-operazzjonijiet tieg\u0127ek u jissostanzja l-\u0127in u l-ispejje\u017c im\u0127allsa fil-pro\u010bess tal-vi\u017ca u r-relokazzjoni.<\/p><\/div><\/div>\n\n    <div class=\"faq-item\"><div class=\"faq-question\"><div class=\"faq-text\">G\u0127andna b\u017conn noffru akkomodazzjoni u ikel?<\/div><div class=\"faq-toggle\">+<\/div><\/div><div class=\"faq-answer\"><p>Iva, il-provvista ta\u2019 akkomodazzjoni hija l-istandard tal-industrija biex jitmexxew \u0127addiema barranin fl-Ewropa. Dan ji\u017cgura li l-\u0127addiema jkunu stabbli u puntwali. L-ikel huwa fakultattiv; spiss, il-klijenti jipprovdu fa\u010bilit\u00e0 tal-k\u010bina u persenta\u0121\u0121 g\u0127all-ikel minflok ikel imsajjar.<\/p><\/div><\/div>\n\n    <div class=\"faq-item\"><div class=\"faq-question\"><div class=\"faq-text\">Kemm jistennew il-\u0127addiema Indiani g\u0127all-paga? Nistg\u0127u n\u0127allsuhom il-pagi Indjani?<\/div><div class=\"faq-toggle\">+<\/div><\/div><div class=\"faq-answer\"><p>Ma tistax t\u0127allas salarji Indjani; g\u0127andek tassigura li ssegwi b&#8217;mod strett il-li\u0121ijiet dwar il-Paga Minima tal-pajji\u017c tieg\u0127ek (per e\u017cempju, Rumanija, Latvja, Kroazja) biex tikseb il-Permessijiet tax-Xog\u0127ol. Madankollu, il-\u0127addiema Indiani huma \u0127afna motivati minn dawn il-pagi minimi statu\u017corji min\u0127abba d-differenza fil-valur tal-munita. Dan ifisser li tista&#8217; tikri staff b&#8217;\u0127iliet u lealt\u00e0 bl-aktar paga minima ba\u017cika tal-pajji\u017c tieg\u0127ek ming\u0127ajr ma jkollok t\u0127allas it-tariffi g\u0127oljin li spiss jitlobu l-\u0127addiema lokali Ewropej.<\/p><\/div><\/div>\n\n    <div class=\"faq-item\"><div class=\"faq-question\"><div class=\"faq-text\">Huwa legali li jinkrew \u0127addiema Indjani f&#8217;pajji\u017cna?<\/div><div class=\"faq-toggle\">+<\/div><\/div><div class=\"faq-answer\"><p>Assolutament. Ir-Rumanija, il-Kroazja, u l-Latvja g\u0127andhom kwoti spe\u010bifi\u010bi ta\u2019 permess tax-xog\u0127ol g\u0127al \u201cNa\u017cjonali ta\u2019 Pajji\u017c Terz\u201d min\u0127abba nuqqas ta\u2019 impjiegi lokali. A\u0127na nsegwu b\u2019mod strett il-protokolli kollha ta\u2019 immigrazzjoni, billi ni\u017cguraw li kull \u0127addiem jid\u0127ol b\u2019vi\u017ca ta\u2019 xog\u0127ol valida D-type u jikseb Karta ta\u2019 Residenza Temporanja (TRC) meta jasal.<\/p><\/div><\/div>\n\n    <div class=\"faq-item\"><div class=\"faq-question\"><div class=\"faq-text\">Liema dokumenti rridu nippre\u017centaw biex nibdew il-pro\u010bess?<\/div><div class=\"faq-toggle\">+<\/div><\/div><div class=\"faq-answer\"><p>G\u0127andna b\u017conn Ittra ta\u2019 Talba (li tindika n-numru ta\u2019 \u0127addiema u r-rwoli tax-xog\u0127ol), Qawwa ta\u2019 Avukat (li tippermettilna nirreklutaw minnek), u Kuntatt ta\u2019 E\u017cempju g\u0127all-Impjieg. Se noffrulek it-templates pre\u010bi\u017ci li huma konformi mar-rekwi\u017citi tal-Ambaxxata Indjana.<\/p><\/div><\/div>\n\n    <div class=\"faq-item\"><div class=\"faq-question\"><div class=\"faq-text\">Kif timmani\u0121\u0121ja l-fitness medi\u010bi?<\/div><div class=\"faq-toggle\">+<\/div><\/div><div class=\"faq-answer\"><p>Kull \u0127addiem jg\u0127addi minn kontroll mediku strett (GAMCA jew standard ekwivalenti) fl-Indja qabel l-applikazzjoni g\u0127all-vi\u017ca biex ji\u0121i \u017cgurat li huma \u0127ielsa minn mard infettiv (TB, HIV, Hep B) u fi stat ta&#8217; sa\u0127\u0127a tajjeb g\u0127al xog\u0127ol ie\u0127or.<\/p><\/div><\/div>\n\n    <div class=\"faq-item\"><div class=\"faq-question\"><div class=\"faq-text\">X&#8217;inhu \u010b-\u010bekk &#8220;ECR&#8221; li nisma&#8217; dwaru fl-Indja?<\/div><div class=\"faq-toggle\">+<\/div><\/div><div class=\"faq-answer\"><p>Ix-xog\u0127olijiet bla \u0127iliet fl-Indja spiss ikollhom passiporti \u201cECR\u201d (Emigration Check Required). B\u0127ala a\u0121enzija rre\u0121istrata, BCM Group timmani\u0121\u0121ja l-\u201c\u010alearens g\u0127all-Imigrazzjoni\u201d mill-gvern Indjan, biex ti\u017cgura li l-\u0127addiem hu permess legali biex jivvja\u0121\u0121a g\u0127ax-xog\u0127ol. Ma g\u0127andekx g\u0127alfejn tinkwieta dwar dan; a\u0127na ni\u0121\u0121estjuh internament.<\/p><\/div><\/div>\n\n <div class=\"faq-item\"><div class=\"faq-question\"><div class=\"faq-text\">Kif ja\u0121\u0121ustaw il-\u0127addiema Indjani g\u0127all-qrig\u0127 Ewropew?<\/div><div class=\"faq-toggle\">+<\/div><\/div><div class=\"faq-answer\"><p>Ix-xog\u0127olija Indjani huma re\u017ciljenti, i\u017cda s-s\u0127ana kies\u0127a hi \u0121dida g\u0127alihom. Nirrakkomandaw lill-klijenti li ji\u017cguraw li l-akkomodazzjonijiet g\u0127andhom s\u0127ana adegwata u li jipprovdu \u0127wejje\u0121 xitwa xierqa g\u0127all-\u0127idma (\u0121akketti, mittens). A\u0127na wkoll nippreparawhom mentalment g\u0127all-klima waqt l-orjentazzjoni tag\u0127na.<\/p><\/div><\/div>\n\n <div class=\"faq-item\"><div class=\"faq-question\"><div class=\"faq-text\">Nistg\u0127u nassistu lill-\u0127addiema biex jag\u0127mlu sig\u0127at \u017cejda?<\/div><div class=\"faq-toggle\">+<\/div><\/div><div class=\"faq-answer\"><p>Iva, ix-xog\u0127olija Indjani \u0121eneralment huma \u0127afna \u0127erqana u impenjati biex ja\u0127dmu \u0127in \u017cejjed biex jappo\u0121\u0121jaw lill-familji tag\u0127hom id-dar. Sakemm il-\u0127in \u017cejjed ikun im\u0127allas skont il-li\u0121ijiet tax-xog\u0127ol tal-pajji\u017c tieg\u0127ek, normalment huma m\u0127e\u0121\u0121a \u0127afna li ja\u0127dmu sig\u0127at \u017cejda.<\/p><\/div><\/div>\n\n <div class=\"faq-item\"><div class=\"faq-question\"><div class=\"faq-text\">X&#8217;ji\u0121ri jekk \u0127addiem j illness jew jirqad?<\/div><div class=\"faq-toggle\">+<\/div><\/div><div class=\"faq-answer\"><p>Fuq il-mudell tal-Payroll, huma kkoperti mill-assigurazzjoni tas-sa\u0127\u0127a tal-istat tal-kumpanija tieg\u0127ek. Fuq il-mudell tal-Leasing, a\u0127na ni\u017cguraw li jkunu kkoperti. G\u0127all-\u0121rie\u0127i relatati max-xog\u0127ol, huma g\u0127andhom dritt g\u0127al kura medi\u010binali standard u kumpens skont il-li\u0121i lokali.<\/p><\/div><\/div>\n\n <div class=\"faq-item\"><div class=\"faq-question\"><div class=\"faq-text\">Nistg\u0127u na\u0127dmu biss 1 jew 2 \u0127addiema, jew hemm numru minimu ta&#8217; impjegati?<\/div><div class=\"faq-toggle\">+<\/div><\/div><div class=\"faq-answer\"><p>Filwaqt li a\u0127na n\u0127arrsu fil-qabda ta\u2019 massa (20-50+ impjegati), nistg\u0127u ng\u0127inuk ukoll b\u2019numri i\u017cg\u0127ar g\u0127al rwoli spe\u010bjalizzati (b\u0127al operaturi CNC). Madankollu, g\u0127all-irwol \u0121enerali ta\u2019 blue-collar, batch ta\u2019 mill-inqas 5-10 huwa aktar kosteffettiv g\u0127alik min\u0127abba l-lo\u0121istika involuta.<\/p><\/div><\/div>\n\n<\/div>\n\n<script>\ndocument.querySelectorAll(\".faq-item\").forEach(item => {\n    item.addEventListener(\"click\", () => {\n        document.querySelectorAll(\".faq-item\").forEach(el => {\n            if (el !== item) el.classList.remove(\"active\");\n        });\n        item.classList.toggle(\"active\");\n    });\n});\n<\/script>\n\n\n\n\n\n\t\t\t\t\t\t\t\t<\/div>\n\t\t\t\t<\/div>\n\t\t\t\t\t<\/div>\n\t\t\t\t<\/div>\n\t\t<div class=\"elementor-element elementor-element-2400495 e-flex e-con-boxed e-con e-parent\" data-id=\"2400495\" data-element_type=\"container\">\n\t\t\t\t\t<div class=\"e-con-inner\">\n\t\t\t\t<div class=\"elementor-element elementor-element-9bf7a4f elementor-widget elementor-widget-gimont_elementor_heading\" data-id=\"9bf7a4f\" data-element_type=\"widget\" data-widget_type=\"gimont_elementor_heading.default\">\n\t\t\t\t<div class=\"elementor-widget-container\">\n\t\t\t\t\t\n\t\t\t<div class=\"ova-heading template_2\">\n\t\t\t\t\t\t\t\t\t\t\t\t\t\t<span class=\"subtitle\">Is-So\u010bju Tieg\u0127ek fil-Forzijiet Ix-xog\u0127ol, Mhux biss Provvitur ta&#039; Servizzi<\/span>\n\t\t\t\t\t\t\t\t\t\t\t<span class=\"line\"><\/span>\n\t\t\t\t\t\t\t\t\t\t\t\t\t\n\t\t\t\t\t\t\t\t\t\t\t\t\t\t\t<h2 class=\"title\"> <\/h2>\n\t\t\t\t\t\t\t\t\t\t\n\t\t\t\t\t\t\t\t\n\t\t\t\t\n\t\t\t<\/div>\n\n\t\t\t\t\t\t<\/div>\n\t\t\t\t<\/div>\n\t\t\t\t<div class=\"elementor-element elementor-element-d4b6c19 elementor-widget elementor-widget-text-editor\" data-id=\"d4b6c19\" data-element_type=\"widget\" data-widget_type=\"text-editor.default\">\n\t\t\t\t<div class=\"elementor-widget-container\">\n\t\t\t\t\t\t\t\t\t<p style=\"text-align: center;\"><span style=\"font-weight: 400;\">Fil-BCM Group, nifhmu li l-forza tax-xog\u0127ol mhix biss ri\u017corsa \u2014 hi s-sellum tal-operazzjonijiet, il-produttivit\u00e0 u t-tkabbir tieg\u0127ek. Il-impenn tag\u0127na jg\u0127addi lil hinn mir-reklutament u d-dispo\u017cizzjoni. Na\u0127dmu b\u0127ala s\u0127ab strate\u0121iku fil-forza tax-xog\u0127ol, li ji\u017cgura \u010barezza, konformit\u00e0, affidabilit\u00e0 u stabbilt\u00e0 fit-tul f\u2019kull impenn.<\/span><\/p><p style=\"text-align: center;\"><span style=\"font-weight: 400;\">Minn ippjanar tal-forza tax-xog\u0127ol u reklutament barra sal-pajji\u017c, g\u0127al strutturazzjoni tal-impjiegi, \u0121estjoni tal-paga u appo\u0121\u0121 fil-konformit\u00e0, nilqg\u0127u l-organizzazzjoni tieg\u0127ek f\u2019kull pass. Is-sistemi tag\u0127na huma mibnija fuq trasparenza, responsabbilt\u00e0 u prestazzjoni \u2014 sabiex t\u0127ossok kunfidenti, tkun taf li l-forza tax-xog\u0127ol tieg\u0127ek tinsab f\u2019idejn siguri u kompetenti.<\/span><\/p><p style=\"text-align: center;\"><span style=\"font-weight: 400;\">Jekk g\u0127andek mistoqsijiet, sfidi, jew \u0127ti\u0121ijiet evolutivi tal-forza tax-xog\u0127ol, ikkuntattja mag\u0127na \u2014 BCM Group hawn biex tinbena soluzzjonijiet, mhux biss biex jimlew po\u017cizzjonijiet.<\/span><\/p>\t\t\t\t\t\t\t\t<\/div>\n\t\t\t\t<\/div>\n\t\t\t\t\t<\/div>\n\t\t\t\t<\/div>\n\t\t<div class=\"elementor-element elementor-element-8d5c469 e-flex e-con-boxed e-con e-parent\" data-id=\"8d5c469\" data-element_type=\"container\">\n\t\t\t\t\t<div class=\"e-con-inner\">\n\t\t\t\t<div class=\"elementor-element elementor-element-6754b90 elementor-align-center elementor-widget elementor-widget-button\" data-id=\"6754b90\" data-element_type=\"widget\" data-widget_type=\"button.default\">\n\t\t\t\t<div class=\"elementor-widget-container\">\n\t\t\t\t\t\t\t\t\t<div class=\"elementor-button-wrapper\">\n\t\t\t\t\t<a class=\"elementor-button elementor-button-link elementor-size-sm\" href=\"https:\/\/bcmgroup.in\/mt\/kuntatt\/\">\n\t\t\t\t\t\t<span class=\"elementor-button-content-wrapper\">\n\t\t\t\t\t\t\t\t\t<span class=\"elementor-button-text\">Ikkuntattjana<\/span>\n\t\t\t\t\t<\/span>\n\t\t\t\t\t<\/a>\n\t\t\t\t<\/div>\n\t\t\t\t\t\t\t\t<\/div>\n\t\t\t\t<\/div>\n\t\t\t\t\t<\/div>\n\t\t\t\t<\/div>\n\t\t\t\t<\/div>\n\t\t","protected":false},"excerpt":{"rendered":"<p>Mistoqsijiet Spissi Mitluba Jekk ma tistax issib it-twe\u0121iba hawn ta\u0127t, jekk jog\u0127\u0121bok u\u017ca l-formola ta\u2019 kuntatt jew ibg\u0127atilna email fuq info@bcmgroup.in G\u0127aliex g\u0127andna nag\u0127\u017clu lil BCM Group fuq a\u0121enziji o\u0127ra Indjani?+ Il-BCM Group huwa a\u0121enzija approvata mill-Ministeru tal-Affarijiet Barranin (MEA) (Li\u010benzja Nru. MUMBAI\/PARTNERSHIP\/5493853\/2021) b&#8217;esperjenza ta\u2019 aktar minn 15-il sena. A\u0127na n\u0127arr\u0121u spe\u010bjalment g\u0127all-impjieg ta\u2019 blue-collar [&hellip;]<\/p>\n","protected":false},"author":4,"featured_media":0,"parent":140386,"menu_order":0,"comment_status":"closed","ping_status":"closed","template":"elementor_canvas","meta":{"googlesitekit_rrm_CAowi469DA:productID":"","footnotes":""},"class_list":["post-134545","page","type-page","status-publish","hentry"],"_links":{"self":[{"href":"https:\/\/bcmgroup.in\/mt\/wp-json\/wp\/v2\/pages\/134545","targetHints":{"allow":["GET"]}}],"collection":[{"href":"https:\/\/bcmgroup.in\/mt\/wp-json\/wp\/v2\/pages"}],"about":[{"href":"https:\/\/bcmgroup.in\/mt\/wp-json\/wp\/v2\/types\/page"}],"author":[{"embeddable":true,"href":"https:\/\/bcmgroup.in\/mt\/wp-json\/wp\/v2\/users\/4"}],"replies":[{"embeddable":true,"href":"https:\/\/bcmgroup.in\/mt\/wp-json\/wp\/v2\/comments?post=134545"}],"version-history":[{"count":19,"href":"https:\/\/bcmgroup.in\/mt\/wp-json\/wp\/v2\/pages\/134545\/revisions"}],"predecessor-version":[{"id":150973,"href":"https:\/\/bcmgroup.in\/mt\/wp-json\/wp\/v2\/pages\/134545\/revisions\/150973"}],"up":[{"embeddable":true,"href":"https:\/\/bcmgroup.in\/mt\/wp-json\/wp\/v2\/pages\/140386"}],"wp:attachment":[{"href":"https:\/\/bcmgroup.in\/mt\/wp-json\/wp\/v2\/media?parent=134545"}],"curies":[{"name":"wp","href":"https:\/\/api.w.org\/{rel}","templated":true}]}}