{"id":134525,"date":"2023-06-08T07:40:01","date_gmt":"2023-06-08T07:40:01","guid":{"rendered":"https:\/\/bcmgroup.in\/contact\/"},"modified":"2026-04-09T13:10:22","modified_gmt":"2026-04-09T13:10:22","slug":"kuntatt","status":"publish","type":"page","link":"https:\/\/bcmgroup.in\/mt\/kuntatt\/","title":{"rendered":"Contact"},"content":{"rendered":"\t\t<div data-elementor-type=\"wp-page\" data-elementor-id=\"134525\" class=\"elementor elementor-134525 elementor-17132\" data-elementor-post-type=\"page\">\n\t\t\t\t<div class=\"elementor-element elementor-element-cdda2ae e-flex e-con-boxed e-con e-parent\" data-id=\"cdda2ae\" data-element_type=\"container\">\n\t\t\t\t\t<div class=\"e-con-inner\">\n\t\t\t\t<div class=\"elementor-element elementor-element-99b91e0 elementor-widget elementor-widget-image\" data-id=\"99b91e0\" data-element_type=\"widget\" data-widget_type=\"image.default\">\n\t\t\t\t<div class=\"elementor-widget-container\">\n\t\t\t\t\t\t\t\t\t\t\t\t\t\t\t<img fetchpriority=\"high\" decoding=\"async\" width=\"1620\" height=\"650\" src=\"https:\/\/bcmgroup.in\/wp-content\/uploads\/2026\/01\/banner-62.webp\" class=\"attachment-full size-full wp-image-132872\" alt=\"\" srcset=\"https:\/\/bcmgroup.in\/wp-content\/uploads\/2026\/01\/banner-62.webp 1620w, https:\/\/bcmgroup.in\/wp-content\/uploads\/2026\/01\/banner-62-300x120.webp 300w, https:\/\/bcmgroup.in\/wp-content\/uploads\/2026\/01\/banner-62-1024x411.webp 1024w, https:\/\/bcmgroup.in\/wp-content\/uploads\/2026\/01\/banner-62-768x308.webp 768w, https:\/\/bcmgroup.in\/wp-content\/uploads\/2026\/01\/banner-62-1536x616.webp 1536w\" sizes=\"(max-width: 1620px) 100vw, 1620px\" \/>\t\t\t\t\t\t\t\t\t\t\t\t\t\t\t<\/div>\n\t\t\t\t<\/div>\n\t\t\t\t\t<\/div>\n\t\t\t\t<\/div>\n\t\t<div class=\"elementor-element elementor-element-7bf648a elementor-hidden-desktop e-flex e-con-boxed e-con e-parent\" data-id=\"7bf648a\" data-element_type=\"container\">\n\t\t\t\t\t<div class=\"e-con-inner\">\n\t\t\t\t<div class=\"elementor-element elementor-element-2d0e825 elementor-widget elementor-widget-gimont_elementor_heading\" data-id=\"2d0e825\" data-element_type=\"widget\" data-widget_type=\"gimont_elementor_heading.default\">\n\t\t\t\t<div class=\"elementor-widget-container\">\n\t\t\t\t\t\n\t\t\t<div class=\"ova-heading template_2\">\n\t\t\t\t\t\t\t\t\t\t\t\t\t\t<span class=\"subtitle\">Ikkuntattjana<\/span>\n\t\t\t\t\t\t\t\t\t\t\t<span class=\"line\"><\/span>\n\t\t\t\t\t\t\t\t\t\t\t\t\t\n\t\t\t\t\t\t\t\t\t\t\t\t\t\t\t<h2 class=\"title\"> <\/h2>\n\t\t\t\t\t\t\t\t\t\t\n\t\t\t\t\t\t\t\t\n\t\t\t\t\n\t\t\t<\/div>\n\n\t\t\t\t\t\t<\/div>\n\t\t\t\t<\/div>\n\t\t\t\t\t<\/div>\n\t\t\t\t<\/div>\n\t\t<div class=\"elementor-element elementor-element-0684cc0 elementor-hidden-desktop e-flex e-con-boxed e-con e-parent\" data-id=\"0684cc0\" data-element_type=\"container\">\n\t\t\t\t\t<div class=\"e-con-inner\">\n\t\t\t\t<div class=\"elementor-element elementor-element-8b0b338 elementor-widget elementor-widget-shortcode\" data-id=\"8b0b338\" data-element_type=\"widget\" data-widget_type=\"shortcode.default\">\n\t\t\t\t<div class=\"elementor-widget-container\">\n\t\t\t\t\t\t\t<div class=\"elementor-shortcode\"><div class='fluentform ff-default fluentform_wrapper_88 ffs_default_wrap'><form data-form_id=\"88\" id=\"fluentform_88\" class=\"frm-fluent-form fluent_form_88 ff-el-form-top ff_form_instance_88_1 ff-form-loading ffs_default\" data-form_instance=\"ff_form_instance_88_1\" method=\"POST\" ><fieldset  style=\"border: none!important;margin: 0!important;padding: 0!important;background-color: transparent!important;box-shadow: none!important;outline: none!important; min-inline-size: 100%;\">\n                    <legend class=\"ff_screen_reader_title\" style=\"display: block; margin: 0!important;padding: 0!important;height: 0!important;text-indent: -999999px;width: 0!important;overflow:hidden;\">Contact Form Malta<\/legend><p style=\"display: none !important;\" class=\"akismet-fields-container\" data-prefix=\"ak_\"><label>&#916;<textarea name=\"ak_hp_textarea\" cols=\"45\" rows=\"8\" maxlength=\"100\"><\/textarea><\/label><input type=\"hidden\" id=\"ak_js_1\" name=\"ak_js\" value=\"209\"\/><script>document.getElementById( \"ak_js_1\" ).setAttribute( \"value\", ( new Date() ).getTime() );<\/script><\/p><input type='hidden' name='__fluent_form_embded_post_id' value='134525' \/><input type=\"hidden\" id=\"_fluentform_88_fluentformnonce\" name=\"_fluentform_88_fluentformnonce\" value=\"9ca0a170e5\" \/><input type=\"hidden\" name=\"_wp_http_referer\" value=\"\/mt\/wp-json\/wp\/v2\/pages\/134525\" \/><div data-type=\"name-element\" data-name=\"names\" class=\" ff-field_container ff-name-field-wrapper\" ><div class='ff-t-container'><div class='ff-t-cell '><div class='ff-el-group ff-el-form-top'><div class=\"ff-el-input--label ff-el-is-required asterisk-right\"><label for='ff_88_names_first_name_' id='label_ff_88_names_first_name_' >Isem S\u0127i\u0127<\/label><\/div><div class='ff-el-input--content'><input type=\"text\" name=\"names[first_name]\" id=\"ff_88_names_first_name_\" class=\"ff-el-form-control\" placeholder=\"Da\u0127\u0127al l-Isem S\u0127i\u0127 Tieg\u0127ek\" aria-invalid=\"false\" aria-required=true><\/div><\/div><\/div><\/div><\/div><div class='ff-el-group'><div class=\"ff-el-input--label ff-el-is-required asterisk-right\"><label for='ff_88_email' id='label_ff_88_email' aria-label=\"Email\">Email<\/label><\/div><div class='ff-el-input--content'><input type=\"email\" name=\"email\" id=\"ff_88_email\" class=\"ff-el-form-control\" placeholder=\"Indirizz tal-Email\" data-name=\"email\"  aria-invalid=\"false\" aria-required=true><\/div><\/div><div class='ff-el-group'><div class=\"ff-el-input--label ff-el-is-required asterisk-right\"><label for='ff_88_input_text' id='label_ff_88_input_text' aria-label=\"Numru tat-Telefon\">Numru tat-Telefon<\/label><\/div><div class='ff-el-input--content'><input type=\"text\" name=\"input_text\" class=\"ff-el-form-control\" placeholder=\"Numru tat-Telefon\" data-name=\"input_text\" id=\"ff_88_input_text\"  aria-invalid=\"false\" aria-required=true><\/div><\/div><div class='ff-el-group'><div class=\"ff-el-input--label asterisk-right\"><label for='ff_88_input_text_2' id='label_ff_88_input_text_2' aria-label=\"Il-Messa\u0121\u0121 Tieg\u0127ek\">Il-Messa\u0121\u0121 Tieg\u0127ek<\/label><\/div><div class='ff-el-input--content'><input type=\"text\" name=\"input_text_2\" class=\"ff-el-form-control\" placeholder=\"Messa\u0121\u0121\" data-name=\"input_text_2\" id=\"ff_88_input_text_2\"  aria-invalid=\"false\" aria-required=false><\/div><\/div><div class='ff-el-group ff-text-left ff_submit_btn_wrapper'><button type=\"submit\" class=\"ff-btn ff-btn-submit ff-btn-md ff_btn_style\"  aria-label=\"Ibg\u0127at Messa\u0121\u0121\">Ibg\u0127at Messa\u0121\u0121<\/button><\/div><\/fieldset><\/form><div id='fluentform_88_errors' class='ff-errors-in-stack ff_form_instance_88_1 ff-form-loading_errors ff_form_instance_88_1_errors'><\/div><\/div>            <script type=\"text\/javascript\">\n                window.fluent_form_ff_form_instance_88_1 = {\"id\":\"88\",\"settings\":{\"layout\":{\"labelPlacement\":\"top\",\"asteriskPlacement\":\"asterisk-right\",\"helpMessagePlacement\":\"with_label\",\"errorMessagePlacement\":\"inline\",\"cssClassName\":\"\"},\"restrictions\":{\"denyEmptySubmission\":{\"enabled\":false}}},\"form_instance\":\"ff_form_instance_88_1\",\"form_id_selector\":\"fluentform_88\",\"rules\":{\"names[first_name]\":{\"required\":{\"value\":true,\"message\":\"This field is required\",\"global_message\":\"This field is required\",\"global\":true}},\"names[middle_name]\":{\"required\":{\"value\":false,\"message\":\"This field is required\",\"global_message\":\"This field is required\",\"global\":true}},\"names[last_name]\":{\"required\":{\"value\":false,\"message\":\"This field is required\",\"global_message\":\"This field is required\",\"global\":true}},\"email\":{\"required\":{\"value\":true,\"message\":\"This field is required\",\"global_message\":\"This field is required\",\"global\":true},\"email\":{\"value\":true,\"message\":\"This field must contain a valid email\",\"global_message\":\"This field must contain a valid email\",\"global\":true}},\"input_text\":{\"required\":{\"value\":true,\"message\":\"This field is required\",\"global_message\":\"This field is required\",\"global\":true}},\"input_text_2\":{\"required\":{\"value\":false,\"message\":\"This field is required\",\"global_message\":\"This field is required\",\"global\":true}}},\"debounce_time\":300};\n                            <\/script>\n            <\/div>\n\t\t\t\t\t\t<\/div>\n\t\t\t\t<\/div>\n\t\t\t\t\t<\/div>\n\t\t\t\t<\/div>\n\t\t<div class=\"elementor-element elementor-element-bb5880f elementor-hidden-tablet elementor-hidden-mobile e-flex e-con-boxed e-con e-parent\" data-id=\"bb5880f\" data-element_type=\"container\">\n\t\t\t\t\t<div class=\"e-con-inner\">\n\t\t\t\t<div class=\"elementor-element elementor-element-03b76f9 elementor-widget elementor-widget-gimont_elementor_heading\" data-id=\"03b76f9\" data-element_type=\"widget\" data-widget_type=\"gimont_elementor_heading.default\">\n\t\t\t\t<div class=\"elementor-widget-container\">\n\t\t\t\t\t\n\t\t\t<div class=\"ova-heading template_2\">\n\t\t\t\t\t\t\t\t\t\t\t\t\t\t<span class=\"subtitle\">Ikkuntattjana<\/span>\n\t\t\t\t\t\t\t\t\t\t\t<span class=\"line\"><\/span>\n\t\t\t\t\t\t\t\t\t\t\t\t\t\n\t\t\t\t\t\t\t\t\t\t\t\t\t\t\t<h1 class=\"title\">\u0126u pass lejn il-\u0127olma tieg\u0127ek<\/h1>\n\t\t\t\t\t\t\t\t\t\t\n\t\t\t\t\t\t\t\t\n\t\t\t\t\n\t\t\t<\/div>\n\n\t\t\t\t\t\t<\/div>\n\t\t\t\t<\/div>\n\t\t\t\t\t<\/div>\n\t\t\t\t<\/div>\n\t\t<div class=\"elementor-element elementor-element-6bc91f5 e-flex e-con-boxed e-con e-parent\" data-id=\"6bc91f5\" data-element_type=\"container\">\n\t\t\t\t\t<div class=\"e-con-inner\">\n\t\t<div class=\"elementor-element elementor-element-41ee98b e-con-full elementor-hidden-tablet elementor-hidden-mobile e-flex e-con e-child\" data-id=\"41ee98b\" data-element_type=\"container\">\n\t\t\t\t<\/div>\n\t\t<div class=\"elementor-element elementor-element-b68e7ca e-con-full e-flex e-con e-child\" data-id=\"b68e7ca\" data-element_type=\"container\">\n\t\t\t\t<\/div>\n\t\t<div class=\"elementor-element elementor-element-69a51dd e-con-full e-flex e-con e-child\" data-id=\"69a51dd\" data-element_type=\"container\">\n\t\t\t\t<div class=\"elementor-element elementor-element-eefe140 elementor-widget elementor-widget-image\" data-id=\"eefe140\" data-element_type=\"widget\" data-widget_type=\"image.default\">\n\t\t\t\t<div class=\"elementor-widget-container\">\n\t\t\t\t\t\t\t\t\t\t\t\t\t\t\t<img decoding=\"async\" width=\"800\" height=\"600\" src=\"https:\/\/bcmgroup.in\/wp-content\/uploads\/2026\/01\/Looking-for-Abroad-Jobs-2-1024x768.webp\" class=\"attachment-large size-large wp-image-132046\" alt=\"\" srcset=\"https:\/\/bcmgroup.in\/wp-content\/uploads\/2026\/01\/Looking-for-Abroad-Jobs-2-1024x768.webp 1024w, https:\/\/bcmgroup.in\/wp-content\/uploads\/2026\/01\/Looking-for-Abroad-Jobs-2-300x225.webp 300w, https:\/\/bcmgroup.in\/wp-content\/uploads\/2026\/01\/Looking-for-Abroad-Jobs-2-768x576.webp 768w, https:\/\/bcmgroup.in\/wp-content\/uploads\/2026\/01\/Looking-for-Abroad-Jobs-2-1536x1152.webp 1536w, https:\/\/bcmgroup.in\/wp-content\/uploads\/2026\/01\/Looking-for-Abroad-Jobs-2-640x480.webp 640w, https:\/\/bcmgroup.in\/wp-content\/uploads\/2026\/01\/Looking-for-Abroad-Jobs-2.webp 1600w\" sizes=\"(max-width: 800px) 100vw, 800px\" \/>\t\t\t\t\t\t\t\t\t\t\t\t\t\t\t<\/div>\n\t\t\t\t<\/div>\n\t\t\t\t<\/div>\n\t\t\t\t\t<\/div>\n\t\t\t\t<\/div>\n\t\t<div class=\"elementor-element elementor-element-c391aa2 elementor-hidden-tablet elementor-hidden-mobile e-flex e-con-boxed e-con e-parent\" data-id=\"c391aa2\" data-element_type=\"container\">\n\t\t\t\t\t<div class=\"e-con-inner\">\n\t\t<div class=\"elementor-element elementor-element-2cd3cf4 e-con-full e-flex e-con e-child\" data-id=\"2cd3cf4\" data-element_type=\"container\" data-settings=\"{&quot;background_background&quot;:&quot;slideshow&quot;,&quot;background_slideshow_gallery&quot;:[],&quot;background_slideshow_loop&quot;:&quot;yes&quot;,&quot;background_slideshow_slide_duration&quot;:5000,&quot;background_slideshow_slide_transition&quot;:&quot;fade&quot;,&quot;background_slideshow_transition_duration&quot;:500}\">\n\t\t<div class=\"elementor-element elementor-element-d7175a8 e-con-full e-flex e-con e-child\" data-id=\"d7175a8\" data-element_type=\"container\">\n\t\t\t\t<div class=\"elementor-element elementor-element-30e4bb1 elementor-hidden-tablet elementor-hidden-mobile elementor-widget elementor-widget-image\" data-id=\"30e4bb1\" data-element_type=\"widget\" data-widget_type=\"image.default\">\n\t\t\t\t<div class=\"elementor-widget-container\">\n\t\t\t\t\t\t\t\t\t\t\t\t\t\t\t<img decoding=\"async\" width=\"800\" height=\"600\" src=\"https:\/\/bcmgroup.in\/wp-content\/uploads\/2026\/01\/Looking-for-Abroad-Jobs-1-1024x768.webp\" class=\"attachment-large size-large wp-image-132033\" alt=\"\" srcset=\"https:\/\/bcmgroup.in\/wp-content\/uploads\/2026\/01\/Looking-for-Abroad-Jobs-1-1024x768.webp 1024w, https:\/\/bcmgroup.in\/wp-content\/uploads\/2026\/01\/Looking-for-Abroad-Jobs-1-300x225.webp 300w, https:\/\/bcmgroup.in\/wp-content\/uploads\/2026\/01\/Looking-for-Abroad-Jobs-1-768x576.webp 768w, https:\/\/bcmgroup.in\/wp-content\/uploads\/2026\/01\/Looking-for-Abroad-Jobs-1-1536x1152.webp 1536w, https:\/\/bcmgroup.in\/wp-content\/uploads\/2026\/01\/Looking-for-Abroad-Jobs-1-640x480.webp 640w, https:\/\/bcmgroup.in\/wp-content\/uploads\/2026\/01\/Looking-for-Abroad-Jobs-1.webp 1600w\" sizes=\"(max-width: 800px) 100vw, 800px\" \/>\t\t\t\t\t\t\t\t\t\t\t\t\t\t\t<\/div>\n\t\t\t\t<\/div>\n\t\t\t\t<\/div>\n\t\t<div class=\"elementor-element elementor-element-ebc0cf5 e-con-full e-flex e-con e-child\" data-id=\"ebc0cf5\" data-element_type=\"container\">\n\t\t\t\t<div class=\"elementor-element elementor-element-545d994 elementor-hidden-tablet elementor-hidden-mobile elementor-widget elementor-widget-shortcode\" data-id=\"545d994\" data-element_type=\"widget\" data-widget_type=\"shortcode.default\">\n\t\t\t\t<div class=\"elementor-widget-container\">\n\t\t\t\t\t\t\t<div class=\"elementor-shortcode\"><div class='fluentform ff-default fluentform_wrapper_88 ffs_default_wrap'><form data-form_id=\"88\" id=\"fluentform_88\" class=\"frm-fluent-form fluent_form_88 ff-el-form-top ff_form_instance_88_2 ff-form-loading ffs_default\" data-form_instance=\"ff_form_instance_88_2\" method=\"POST\" ><fieldset  style=\"border: none!important;margin: 0!important;padding: 0!important;background-color: transparent!important;box-shadow: none!important;outline: none!important; min-inline-size: 100%;\">\n                    <legend class=\"ff_screen_reader_title\" style=\"display: block; margin: 0!important;padding: 0!important;height: 0!important;text-indent: -999999px;width: 0!important;overflow:hidden;\">Contact Form Malta<\/legend><p style=\"display: none !important;\" class=\"akismet-fields-container\" data-prefix=\"ak_\"><label>&#916;<textarea name=\"ak_hp_textarea\" cols=\"45\" rows=\"8\" maxlength=\"100\"><\/textarea><\/label><input type=\"hidden\" id=\"ak_js_2\" name=\"ak_js\" value=\"217\"\/><script>document.getElementById( \"ak_js_2\" ).setAttribute( \"value\", ( new Date() ).getTime() );<\/script><\/p><input type='hidden' name='__fluent_form_embded_post_id' value='134525' \/><input type=\"hidden\" id=\"_fluentform_88_fluentformnonce\" name=\"_fluentform_88_fluentformnonce\" value=\"9ca0a170e5\" \/><input type=\"hidden\" name=\"_wp_http_referer\" value=\"\/mt\/wp-json\/wp\/v2\/pages\/134525\" \/><div data-type=\"name-element\" data-name=\"names\" class=\" ff-field_container ff-name-field-wrapper\" ><div class='ff-t-container'><div class='ff-t-cell '><div class='ff-el-group ff-el-form-top'><div class=\"ff-el-input--label ff-el-is-required asterisk-right\"><label for='ff_88_2_names_first_name_' id='label_ff_88_2_names_first_name_' >Isem S\u0127i\u0127<\/label><\/div><div class='ff-el-input--content'><input type=\"text\" name=\"names[first_name]\" id=\"ff_88_2_names_first_name_\" class=\"ff-el-form-control\" placeholder=\"Da\u0127\u0127al l-Isem S\u0127i\u0127 Tieg\u0127ek\" aria-invalid=\"false\" aria-required=true><\/div><\/div><\/div><\/div><\/div><div class='ff-el-group'><div class=\"ff-el-input--label ff-el-is-required asterisk-right\"><label for='ff_88_2_email' id='label_ff_88_2_email' aria-label=\"Email\">Email<\/label><\/div><div class='ff-el-input--content'><input type=\"email\" name=\"email\" id=\"ff_88_2_email\" class=\"ff-el-form-control\" placeholder=\"Indirizz tal-Email\" data-name=\"email\"  aria-invalid=\"false\" aria-required=true><\/div><\/div><div class='ff-el-group'><div class=\"ff-el-input--label ff-el-is-required asterisk-right\"><label for='ff_88_2_input_text' id='label_ff_88_2_input_text' aria-label=\"Numru tat-Telefon\">Numru tat-Telefon<\/label><\/div><div class='ff-el-input--content'><input type=\"text\" name=\"input_text\" class=\"ff-el-form-control\" placeholder=\"Numru tat-Telefon\" data-name=\"input_text\" id=\"ff_88_2_input_text\"  aria-invalid=\"false\" aria-required=true><\/div><\/div><div class='ff-el-group'><div class=\"ff-el-input--label asterisk-right\"><label for='ff_88_2_input_text_2' id='label_ff_88_2_input_text_2' aria-label=\"Il-Messa\u0121\u0121 Tieg\u0127ek\">Il-Messa\u0121\u0121 Tieg\u0127ek<\/label><\/div><div class='ff-el-input--content'><input type=\"text\" name=\"input_text_2\" class=\"ff-el-form-control\" placeholder=\"Messa\u0121\u0121\" data-name=\"input_text_2\" id=\"ff_88_2_input_text_2\"  aria-invalid=\"false\" aria-required=false><\/div><\/div><div class='ff-el-group ff-text-left ff_submit_btn_wrapper'><button type=\"submit\" class=\"ff-btn ff-btn-submit ff-btn-md ff_btn_style\"  aria-label=\"Ibg\u0127at Messa\u0121\u0121\">Ibg\u0127at Messa\u0121\u0121<\/button><\/div><\/fieldset><\/form><div id='fluentform_88_errors' class='ff-errors-in-stack ff_form_instance_88_2 ff-form-loading_errors ff_form_instance_88_2_errors'><\/div><\/div>            <script type=\"text\/javascript\">\n                window.fluent_form_ff_form_instance_88_2 = {\"id\":\"88\",\"settings\":{\"layout\":{\"labelPlacement\":\"top\",\"asteriskPlacement\":\"asterisk-right\",\"helpMessagePlacement\":\"with_label\",\"errorMessagePlacement\":\"inline\",\"cssClassName\":\"\"},\"restrictions\":{\"denyEmptySubmission\":{\"enabled\":false}}},\"form_instance\":\"ff_form_instance_88_2\",\"form_id_selector\":\"fluentform_88\",\"rules\":{\"names[first_name]\":{\"required\":{\"value\":true,\"message\":\"This field is required\",\"global_message\":\"This field is required\",\"global\":true}},\"names[middle_name]\":{\"required\":{\"value\":false,\"message\":\"This field is required\",\"global_message\":\"This field is required\",\"global\":true}},\"names[last_name]\":{\"required\":{\"value\":false,\"message\":\"This field is required\",\"global_message\":\"This field is required\",\"global\":true}},\"email\":{\"required\":{\"value\":true,\"message\":\"This field is required\",\"global_message\":\"This field is required\",\"global\":true},\"email\":{\"value\":true,\"message\":\"This field must contain a valid email\",\"global_message\":\"This field must contain a valid email\",\"global\":true}},\"input_text\":{\"required\":{\"value\":true,\"message\":\"This field is required\",\"global_message\":\"This field is required\",\"global\":true}},\"input_text_2\":{\"required\":{\"value\":false,\"message\":\"This field is required\",\"global_message\":\"This field is required\",\"global\":true}}},\"debounce_time\":300};\n                            <\/script>\n            <\/div>\n\t\t\t\t\t\t<\/div>\n\t\t\t\t<\/div>\n\t\t\t\t<\/div>\n\t\t<div class=\"elementor-element elementor-element-61acd3a e-con-full elementor-hidden-tablet elementor-hidden-mobile e-flex e-con e-child\" data-id=\"61acd3a\" data-element_type=\"container\">\n\t\t\t\t<\/div>\n\t\t\t\t<\/div>\n\t\t\t\t\t<\/div>\n\t\t\t\t<\/div>\n\t\t<div class=\"elementor-element elementor-element-902152e elementor-hidden-tablet elementor-hidden-mobile e-flex e-con-boxed e-con e-parent\" data-id=\"902152e\" data-element_type=\"container\">\n\t\t\t\t\t<div class=\"e-con-inner\">\n\t\t<div class=\"elementor-element elementor-element-4585be9 e-con-full e-flex e-con e-child\" data-id=\"4585be9\" data-element_type=\"container\">\n\t\t\t\t<div class=\"elementor-element elementor-element-c2d8e53 elementor-widget elementor-widget-image\" data-id=\"c2d8e53\" data-element_type=\"widget\" data-widget_type=\"image.default\">\n\t\t\t\t<div class=\"elementor-widget-container\">\n\t\t\t\t\t\t\t\t\t\t\t\t\t\t\t<img loading=\"lazy\" decoding=\"async\" width=\"800\" height=\"600\" src=\"https:\/\/bcmgroup.in\/wp-content\/uploads\/2026\/01\/101-3-1024x768.webp\" class=\"attachment-large size-large wp-image-132073\" alt=\"\" srcset=\"https:\/\/bcmgroup.in\/wp-content\/uploads\/2026\/01\/101-3-1024x768.webp 1024w, https:\/\/bcmgroup.in\/wp-content\/uploads\/2026\/01\/101-3-300x225.webp 300w, https:\/\/bcmgroup.in\/wp-content\/uploads\/2026\/01\/101-3-768x576.webp 768w, https:\/\/bcmgroup.in\/wp-content\/uploads\/2026\/01\/101-3-1536x1152.webp 1536w, https:\/\/bcmgroup.in\/wp-content\/uploads\/2026\/01\/101-3-640x480.webp 640w, https:\/\/bcmgroup.in\/wp-content\/uploads\/2026\/01\/101-3.webp 1600w\" sizes=\"(max-width: 800px) 100vw, 800px\" \/>\t\t\t\t\t\t\t\t\t\t\t\t\t\t\t<\/div>\n\t\t\t\t<\/div>\n\t\t\t\t<\/div>\n\t\t<div class=\"elementor-element elementor-element-c34052d e-con-full e-flex e-con e-child\" data-id=\"c34052d\" data-element_type=\"container\">\n\t\t\t\t<\/div>\n\t\t<div class=\"elementor-element elementor-element-77762d7 e-con-full e-flex e-con e-child\" data-id=\"77762d7\" data-element_type=\"container\">\n\t\t\t\t<div class=\"elementor-element elementor-element-413856f elementor-widget elementor-widget-image\" data-id=\"413856f\" data-element_type=\"widget\" data-widget_type=\"image.default\">\n\t\t\t\t<div class=\"elementor-widget-container\">\n\t\t\t\t\t\t\t\t\t\t\t\t\t\t\t<img loading=\"lazy\" decoding=\"async\" width=\"800\" height=\"600\" src=\"https:\/\/bcmgroup.in\/wp-content\/uploads\/2026\/01\/111-3-1-1-1024x768.webp\" class=\"attachment-large size-large wp-image-132217\" alt=\"\" srcset=\"https:\/\/bcmgroup.in\/wp-content\/uploads\/2026\/01\/111-3-1-1-1024x768.webp 1024w, https:\/\/bcmgroup.in\/wp-content\/uploads\/2026\/01\/111-3-1-1-300x225.webp 300w, https:\/\/bcmgroup.in\/wp-content\/uploads\/2026\/01\/111-3-1-1-768x576.webp 768w, https:\/\/bcmgroup.in\/wp-content\/uploads\/2026\/01\/111-3-1-1-1536x1152.webp 1536w, https:\/\/bcmgroup.in\/wp-content\/uploads\/2026\/01\/111-3-1-1-640x480.webp 640w, https:\/\/bcmgroup.in\/wp-content\/uploads\/2026\/01\/111-3-1-1.webp 1600w\" sizes=\"(max-width: 800px) 100vw, 800px\" \/>\t\t\t\t\t\t\t\t\t\t\t\t\t\t\t<\/div>\n\t\t\t\t<\/div>\n\t\t\t\t<\/div>\n\t\t\t\t\t<\/div>\n\t\t\t\t<\/div>\n\t\t\t\t<\/div>\n\t\t","protected":false},"excerpt":{"rendered":"<p>Ikkuntattjana Ikkuntattjana \u0126u pass lejn il-\u0127olma tieg\u0127ek<\/p>\n","protected":false},"author":1,"featured_media":0,"parent":0,"menu_order":0,"comment_status":"closed","ping_status":"closed","template":"elementor_canvas","meta":{"googlesitekit_rrm_CAowi469DA:productID":"","footnotes":""},"class_list":["post-134525","page","type-page","status-publish","hentry"],"_links":{"self":[{"href":"https:\/\/bcmgroup.in\/mt\/wp-json\/wp\/v2\/pages\/134525","targetHints":{"allow":["GET"]}}],"collection":[{"href":"https:\/\/bcmgroup.in\/mt\/wp-json\/wp\/v2\/pages"}],"about":[{"href":"https:\/\/bcmgroup.in\/mt\/wp-json\/wp\/v2\/types\/page"}],"author":[{"embeddable":true,"href":"https:\/\/bcmgroup.in\/mt\/wp-json\/wp\/v2\/users\/1"}],"replies":[{"embeddable":true,"href":"https:\/\/bcmgroup.in\/mt\/wp-json\/wp\/v2\/comments?post=134525"}],"version-history":[{"count":14,"href":"https:\/\/bcmgroup.in\/mt\/wp-json\/wp\/v2\/pages\/134525\/revisions"}],"predecessor-version":[{"id":153177,"href":"https:\/\/bcmgroup.in\/mt\/wp-json\/wp\/v2\/pages\/134525\/revisions\/153177"}],"wp:attachment":[{"href":"https:\/\/bcmgroup.in\/mt\/wp-json\/wp\/v2\/media?parent=134525"}],"curies":[{"name":"wp","href":"https:\/\/api.w.org\/{rel}","templated":true}]}}