{"id":134503,"date":"2026-01-24T05:20:11","date_gmt":"2026-01-24T05:20:11","guid":{"rendered":"https:\/\/bcmgroup.in\/candidates-faq-support\/"},"modified":"2026-03-21T10:25:32","modified_gmt":"2026-03-21T10:25:32","slug":"mistoqsijiet-frekwenti","status":"publish","type":"page","link":"https:\/\/bcmgroup.in\/mt\/qed-tfittex-xoghol\/mistoqsijiet-frekwenti\/","title":{"rendered":"FAQ u Appo\u0121\u0121 g\u0127all-Kandidati"},"content":{"rendered":"\t\t<div data-elementor-type=\"wp-page\" data-elementor-id=\"134503\" class=\"elementor elementor-134503 elementor-130789\" data-elementor-post-type=\"page\">\n\t\t\t\t<div class=\"elementor-element elementor-element-d18e5d8 e-flex e-con-boxed e-con e-parent\" data-id=\"d18e5d8\" data-element_type=\"container\">\n\t\t\t\t\t<div class=\"e-con-inner\">\n\t\t\t\t<div class=\"elementor-element elementor-element-cb28793 elementor-widget elementor-widget-image\" data-id=\"cb28793\" data-element_type=\"widget\" data-widget_type=\"image.default\">\n\t\t\t\t<div class=\"elementor-widget-container\">\n\t\t\t\t\t\t\t\t\t\t\t\t\t\t\t<img fetchpriority=\"high\" decoding=\"async\" width=\"1620\" height=\"325\" src=\"https:\/\/bcmgroup.in\/wp-content\/uploads\/2026\/01\/SUBMIT-YOUR-CV-6.webp\" class=\"attachment-full size-full wp-image-131469\" alt=\"Naj\u010de\u0161\u0107a pitanja i podr\u0161ka poslodavce\" srcset=\"https:\/\/bcmgroup.in\/wp-content\/uploads\/2026\/01\/SUBMIT-YOUR-CV-6.webp 1620w, https:\/\/bcmgroup.in\/wp-content\/uploads\/2026\/01\/SUBMIT-YOUR-CV-6-300x60.webp 300w, https:\/\/bcmgroup.in\/wp-content\/uploads\/2026\/01\/SUBMIT-YOUR-CV-6-1024x205.webp 1024w, https:\/\/bcmgroup.in\/wp-content\/uploads\/2026\/01\/SUBMIT-YOUR-CV-6-768x154.webp 768w, https:\/\/bcmgroup.in\/wp-content\/uploads\/2026\/01\/SUBMIT-YOUR-CV-6-1536x308.webp 1536w\" sizes=\"(max-width: 1620px) 100vw, 1620px\" \/>\t\t\t\t\t\t\t\t\t\t\t\t\t\t\t<\/div>\n\t\t\t\t<\/div>\n\t\t\t\t\t<\/div>\n\t\t\t\t<\/div>\n\t\t<div class=\"elementor-element elementor-element-fe967cd e-flex e-con-boxed e-con e-parent\" data-id=\"fe967cd\" data-element_type=\"container\">\n\t\t\t\t\t<div class=\"e-con-inner\">\n\t\t\t\t<div class=\"elementor-element elementor-element-6e94116 elementor-widget elementor-widget-text-editor\" data-id=\"6e94116\" data-element_type=\"widget\" data-widget_type=\"text-editor.default\">\n\t\t\t\t<div class=\"elementor-widget-container\">\n\t\t\t\t\t\t\t\t\t<style>\n.faq-container {\n    max-width: 1200px;\n    margin: 70px auto;\n    padding: 0 20px;\n    font-family: \"Segoe UI\", Arial, sans-serif;\n}\n\n.faq-header {\n    text-align: center;\n    margin-bottom: 40px;\n}\n\n.faq-header h1 {\n    font-size: 38px;\n    font-weight: 700;\n    color: #9B0008;   \/* Updated Title Color *\/\n}\n\n.faq-header p {\n    font-size: 20px;\n    color: #555;\n    margin-top: 10px;\n}\n\n\/* FAQ Item *\/\n.faq-item {\n    background: #ffffff;\n    border-radius: 12px;\n    margin-bottom: 18px;\n    padding: 22px 26px;\n    box-shadow: 0 8px 25px rgba(0,0,0,0.07);\n    cursor: pointer;\n    position: relative;\n    overflow: hidden;\n    transition: all 0.3s ease;\n}\n\n\/* Left Accent *\/\n.faq-item::before {\n    content: \"\";\n    position: absolute;\n    left: 0;\n    top: 0;\n    width: 5px;\n    height: 100%;\n    background: #9B0008\n}\n\n.faq-item:hover {\n    transform: translateY(-3px);\n    box-shadow: 0 14px 35px rgba(0,0,0,0.12);\n}\n\n\/* Question Row *\/\n.faq-question {\n    display: flex;\n    justify-content: space-between;\n    align-items: center;\n}\n\n.faq-text {\n    font-size: 20px;\n    font-weight: 600;\n    color: #0a2540;\n    width: 90%;\n}\n\n.faq-toggle {\n    font-size: 26px;\n    font-weight: bold;\n    color: #9B0008;\n    transition: transform 0.3s ease;\n}\n\n\/* Answer *\/\n.faq-answer {\n    max-height: 0;\n    overflow: hidden;\n    transition: max-height 0.5s ease;\n}\n\n.faq-answer p {\n    margin-top: 16px;\n    font-size: 16px;\n    line-height: 1.7;\n    color: #444;\n}\n\n\/* Active *\/\n.faq-item.active .faq-answer {\n    max-height: 600px;\n}\n\n.faq-item.active .faq-toggle {\n    transform: rotate(45deg);\n}\n<\/style>\n\n<div class=\"faq-container\">\n    <div class=\"faq-header\">\n        <h1>Mistoqsijiet spiss mitluba<\/h1>\n        <p>\nJekk ma tistax issib it-twe\u0121iba hawn ta\u0127t, jekk jog\u0127\u0121bok u\u017ca l-formola ta\u2019 kuntatt jew ibg\u0127atilna email fuq\n            <strong>\n                <a href=\"mailto:info@bcmgroup.in\" style=\"color:#9B0008; text-decoration:none;\">\n                    info@bcmgroup.in\n                <\/a>\n            <\/strong>\n        <\/p>\n    <\/div>\n\n    \n\n    <div class=\"faq-item\"><div class=\"faq-question\"><div class=\"faq-text\">Il-lingwa Ingli\u017ca hija obbligatorja biex ta\u0127dem fl-Ewropa?\n<\/div><div class=\"faq-toggle\">+<\/div><\/div><div class=\"faq-answer\"><p> ta&#8217; g\u0127ajnuna, u l-impjegaturi j\u0127arsu prin\u010bipalment lejn il-g\u0127arfien tekniku u l-esperjenza tieg\u0127ek relatata mal-profil tax-xog\u0127ol.<\/p><\/div><\/div>\n\n    <div class=\"faq-item\"><div class=\"faq-question\"><div class=\"faq-text\">Inti rrhimes ma&#8217; l-Ministeru tal-Affarijiet Barranin (MEA)?<\/div><div class=\"faq-toggle\">+<\/div><\/div><div class=\"faq-answer\"><p>Iva, a\u0127na kburin li rrhimes ma&#8217; l-Ministeru tal-Affarijiet Barranin. In-numru ta\u2019 l-li\u010benzja tag\u0127na huwa Mumbai\/Partnership\/5493853\/2021.\n<\/p><\/div><\/div>\n\n    <div class=\"faq-item\"><div class=\"faq-question\"><div class=\"faq-text\">Tista\u2019 persuna li g\u0127andu passaport ECR tapplika g\u0127al xog\u0127lijiet fl-Ewropa? <\/div><div class=\"faq-toggle\">+<\/div><\/div><div class=\"faq-answer\"><p>Iva, kemm dawk li g\u0127andhom passaport ECR kif ukoll ECNR jistg\u0127u japplikaw g\u0127al xog\u0127lijiet fl-Ewropa jekk jissodisfaw ir-rekwi\u017citi tax-xog\u0127ol u tal-vi\u017ca.\n<\/p><\/div><\/div>\n\n    <div class=\"faq-item\"><div class=\"faq-question\"><div class=\"faq-text\">Hemm b\u017conn ta&#8217; esperjenza fil-Golf biex tikseb xog\u0127ol fl-Ewropa? <\/div><div class=\"faq-toggle\">+<\/div><\/div><div class=\"faq-answer\"><p>Le. L-esperjenza fil-Golf mhix obbligatorja. L-esperjenza rilevanti fil-qasam tieg\u0127ek hija bi\u017c\u017cejjed.<\/p><\/div><\/div>\n\n    <div class=\"faq-item\"><div class=\"faq-question\"><div class=\"faq-text\">Se t\u0127alli l-kumpanija tie\u0127u l-passaport tieg\u0127i wara li nasal fl-Ewropa? <\/div><div class=\"faq-toggle\">+<\/div><\/div><div class=\"faq-answer\"><p>Le. Li \u017comm il-passaport ta\u2019 \u0127addiem huwa illegali fl-Ewropa. Il-passaport tieg\u0127ek jibqa\u2019 mieg\u0127ek.\n<\/p><\/div><\/div>\n\n    <div class=\"faq-item\"><div class=\"faq-question\"><div class=\"faq-text\">Se na\u0127dem b\u0127ala \u0127addiem f&#8217;Europa?<\/div><div class=\"faq-toggle\">+<\/div><\/div><div class=\"faq-answer\"><p>Le. Inti ta\u0127dem biss fil-po\u017cizzjoni msemmija fil-kuntratt tieg\u0127ek, b\u0127al saldat, elettri\u010bist, fitter, e\u010b\u010b.\n<\/p><\/div><\/div>\n\n    <div class=\"faq-item\"><div class=\"faq-question\"><div class=\"faq-text\">Il-impjiegi offruti huma verament reali u legali?<\/div><div class=\"faq-toggle\">+<\/div><\/div><div class=\"faq-answer\"><p>Iva. L-impjiegi kollha pprovduti permezz ta&#8217; BCM Group huma kkonfermati.\n<\/p><\/div><\/div>\n\n    <div class=\"faq-item\"><div class=\"faq-question\"><div class=\"faq-text\">Se nir\u010bievi kuntratt tax-xog\u0127ol qabel ma nsiefer? <\/div><div class=\"faq-toggle\">+<\/div><\/div><div class=\"faq-answer\"><p>Iva. Int ser tir\u010bievi offerta jew kuntratt tax-xog\u0127ol bil-kitba qabel it-tluq.\n<\/p><\/div><\/div>\n\n    <div class=\"faq-item\"><div class=\"faq-question\"><div class=\"faq-text\">X&#8217;\u0127ajta xog\u0127ol se nkun qed nag\u0127mel fl-Ewropa? <\/div><div class=\"faq-toggle\">+<\/div><\/div><div class=\"faq-answer\"><p>Int se ta\u0127dem skont il-\u0127iliet, l-esperjenza, u t-trade msemmija fil-kuntratt.<\/p><\/div><\/div>\n\n    <div class=\"faq-item\"><div class=\"faq-question\"><div class=\"faq-text\">Kemm hemm sig\u0127at tax-xog\u0127ol fl-Ewropa? <\/div><div class=\"faq-toggle\">+<\/div><\/div><div class=\"faq-answer\"><p>Normalment 8\u201310 sig\u0127at kuljum, b\u2019jum\/jiem ta\u2019 mistrie\u0127 fil-\u0121img\u0127a skont il-li\u0121ijiet lokali dwar ix-xog\u0127ol.\n.<\/p><\/div><\/div>\n\n    <div class=\"faq-item\"><div class=\"faq-question\"><div class=\"faq-text\">Huwa disponibbli overtime u huwa m\u0127allas separatament?<\/div><div class=\"faq-toggle\">+<\/div><\/div><div class=\"faq-answer\"><p>L-overtime jiddependi mill-impjegatur u mill-pro\u0121ett. Jekk japplika, l-overtime j\u0127allas separatament.\n<\/p><\/div><\/div>\n\n    <div class=\"faq-item\"><div class=\"faq-question\"><div class=\"faq-text\">Liema salarju nista&#8217; nistenna waqt li na\u0127dem fl-Ewropa? <\/div><div class=\"faq-toggle\">+<\/div><\/div><div class=\"faq-answer\"><p>Is-salarju jiddependi fuq ir-rwol tax-xog\u0127ol tieg\u0127ek, l-esperjenza, u l-pajji\u017c. Id-dettalji kollha ji\u0121u maqsuma qabel il-g\u0127a\u017cla.\n<\/p><\/div><\/div>\n\n    <div class=\"faq-item\"><div class=\"faq-question\"><div class=\"faq-text\">Se tipprovdi l-kumpanija l-akkomodazzjoni?<\/div><div class=\"faq-toggle\">+<\/div><\/div><div class=\"faq-answer\"><p>Dan jiddependsi mill-impjegatur. Xi kumpaniji jipprovdu akkomodazzjoni b\u2019xejn jew bi spi\u017ca baxxa.\n<\/p><\/div><\/div>\n\n<div class=\"faq-item\"><div class=\"faq-question\"><div class=\"faq-text\">Huwa Ewropea sikura g\u0127all-\u0127addiema barranin? <\/div><div class=\"faq-toggle\">+<\/div><\/div><div class=\"faq-answer\"><p>Iva. Il-pajji\u017ci Ewropej isegwu li\u0121ijiet strikti dwar il-\u0127addiema biex jipprote\u0121u d-drittijiet u s-sigurt\u00e0 tag\u0127hom.\n<\/p><\/div><\/div>\n\n<div class=\"faq-item\"><div class=\"faq-question\"><div class=\"faq-text\">Se nkun nista&#8217; niksib assigurazzjoni medi\u010binali fl-Ewropa?<\/div><div class=\"faq-toggle\">+<\/div><\/div><div class=\"faq-answer\"><p>Iva. Il-bi\u010b\u010ba l-kbira tal-impjegaturi jipprovdu assigurazzjoni medi\u010binali skont ir-regolamenti lokali.\n<\/p><\/div><\/div>\n\n<div class=\"faq-item\"><div class=\"faq-question\"><div class=\"faq-text\">X&#8217;inhi d-durata tal-kuntratt tax-xog\u0127ol? <\/div><div class=\"faq-toggle\">+<\/div><\/div><div class=\"faq-answer\"><p>Normalment il-kuntratti tax-xog\u0127ol jdumu bejn sena u tnejn, skont l-impjegatur.\n<\/p><\/div><\/div>\n\n<div class=\"faq-item\"><div class=\"faq-question\"><div class=\"faq-text\">Nista&#8217; nespandi l-kuntratt tieg\u0127i wara l-konklu\u017cjoni? <\/div><div class=\"faq-toggle\">+<\/div><\/div><div class=\"faq-answer\"><p>Iva. L- estensjoni tal-kuntratt hija possibbli skont il-prestazzjoni u r-rekwi\u017citi tal-impjegatur.<\/p><\/div><\/div>\n\n<div class=\"faq-item\"><div class=\"faq-question\"><div class=\"faq-text\">Il-CV tal-Europass hu obbligatorju biex ta\u0127dem fl-Ewropa? \n<\/div><div class=\"faq-toggle\">+<\/div><\/div><div class=\"faq-answer\"><p>Il-CV tal-Europass ma hu obbligatorju xejn, imma xi impjegaturi jippreferuh. BCM Group se jiggwidawk dwar il-format korrett tal-CV me\u0127tie\u0121 g\u0127all-impjieg u l-pajji\u017c tieg\u0127ek.\n<\/p><\/div><\/div>\n\n<div class=\"faq-item\"><div class=\"faq-question\"><div class=\"faq-text\">Kif g\u0127andu ji\u0121i ppreparat il-CV tieg\u0127i g\u0127al xog\u0127lijiet Ewropej? \n<\/div><div class=\"faq-toggle\">+<\/div><\/div><div class=\"faq-answer\"><p>Il-CV tieg\u0127ek g\u0127andu jsemmi b&#8217;mod \u010bar il-\u0127iliet kummer\u010bjali tieg\u0127ek, l-esperjenza tax-xog\u0127ol, u l-\u0121estjonijiet tieg\u0127ek. It-tim tag\u0127na se jassistik fl-ippreparar jew fil-modifika tal-CV tieg\u0127ek skont ir-rekwi\u017citi tal-impjegaturi Ewropej.\n<\/p><\/div><\/div>\n\n<div class=\"faq-item\"><div class=\"faq-question\"><div class=\"faq-text\">Liema dokumenti humiex me\u0127tie\u0121a g\u0127al xog\u0127ol Ewropew? \n<\/div><div class=\"faq-toggle\">+<\/div><\/div><div class=\"faq-answer\"><p>Id-dokumenti komuni jinkludu passaport, CV, \u010bertifikati ta\u2019 esperjenza, rapport mediku, u \u010bertifikat tal-pulizija.\n<\/p><\/div><\/div>\n\n<div class=\"faq-item\"><div class=\"faq-question\"><div class=\"faq-text\">Hemm xi prova tax-xog\u0127ol jew intervista qabel l-g\u0127a\u017cla?\n<\/div><div class=\"faq-toggle\">+<\/div><\/div><div class=\"faq-answer\"><p>Xi xog\u0127lijiet je\u0127tie\u0121u prova tax-xog\u0127ol jew intervista teknika.\n<\/p><\/div><\/div>\n\n<div class=\"faq-item\"><div class=\"faq-question\"><div class=\"faq-text\">Huwa me\u0127tie\u0121 li tkun f\u2019sa\u0127\u0127a tajba biex ta\u0127dem fl-Ewropa? \n<\/div><div class=\"faq-toggle\">+<\/div><\/div><div class=\"faq-answer\"><p>Iva. Il-kandidati jridu jkunu f\u2019sa\u0127\u0127ithom u se jkollhom b\u017conn jag\u0127mlu e\u017cami medi\u010bi b\u0127ala parti mill-pro\u010bess tal-vi\u017ca u tal-implimentazzjoni.\n<\/p><\/div><\/div>\n\n<div class=\"faq-item\"><div class=\"faq-question\"><div class=\"faq-text\">Se jg\u0127inni l-BCM Group wara li nasal fl-Ewropa? \n<\/div><div class=\"faq-toggle\">+<\/div><\/div><div class=\"faq-answer\"><p>Iva. Il-BCM Group jipprovdi gwida qabel it-tluq u appo\u0121\u0121 fil-konnessjoni.\n\/p><\/div><\/div>\n\n<div class=\"faq-item\"><div class=\"faq-question\"><div class=\"faq-text\">Kif nista&#8217; napplika g\u0127al xog\u0127ol permezz tal-BCM Group?\n<\/div><div class=\"faq-toggle\">+<\/div><\/div><div class=\"faq-answer\"><p>Tista&#8217; tapplika billi tissottometti r-resume tieg\u0127ek permezz tal-websajt tag\u0127na, tikkuntattjana permezz tat-telefon\/WhatsApp, jew i\u017c\u017cur l-uffi\u010b\u010bju tag\u0127na.\n<\/p><\/div><\/div>\n\n    <div class=\"faq-item\"><div class=\"faq-question\"><div class=\"faq-text\">Huwa provdut ikel jew hemm allowance g\u0127all-ikel? \n<\/div><div class=\"faq-toggle\">+<\/div><\/div><div class=\"faq-answer\"><p>Il-fa\u010bilitajiet tal-ikel jew l-allowance jiddependu fuq l-impjegatur u huma \u010barament infurmati qabel li tid\u0127ol.\n<\/p><\/div><\/div>\n\n<\/div>\n\n<script>\ndocument.querySelectorAll(\".faq-item\").forEach(item => {\n    item.addEventListener(\"click\", () => {\n        document.querySelectorAll(\".faq-item\").forEach(el => {\n            if (el !== item) el.classList.remove(\"active\");\n        });\n        item.classList.toggle(\"active\");\n    });\n});\n<\/script>\n\n\t\t\t\t\t\t\t\t<\/div>\n\t\t\t\t<\/div>\n\t\t\t\t\t<\/div>\n\t\t\t\t<\/div>\n\t\t<div class=\"elementor-element elementor-element-730fecc e-flex e-con-boxed e-con e-parent\" data-id=\"730fecc\" data-element_type=\"container\">\n\t\t\t\t\t<div class=\"e-con-inner\">\n\t\t\t\t<div class=\"elementor-element elementor-element-60399ac elementor-widget elementor-widget-gimont_elementor_heading\" data-id=\"60399ac\" data-element_type=\"widget\" data-widget_type=\"gimont_elementor_heading.default\">\n\t\t\t\t<div class=\"elementor-widget-container\">\n\t\t\t\t\t\n\t\t\t<div class=\"ova-heading template_2\">\n\t\t\t\t\t\t\t\t\t\t\t\t\t\t<span class=\"subtitle\">A\u0127na Ma\u2019ek F&#039;Kull Pass  <\/span>\n\t\t\t\t\t\t\t\t\t\t\t<span class=\"line\"><\/span>\n\t\t\t\t\t\t\t\t\t\t\t\t\t\n\t\t\t\t\t\t\t\t\t\t\t\t\t\t\t<h2 class=\"title\"> <\/h2>\n\t\t\t\t\t\t\t\t\t\t\n\t\t\t\t\t\t\t\t\n\t\t\t\t\n\t\t\t<\/div>\n\n\t\t\t\t\t\t<\/div>\n\t\t\t\t<\/div>\n\t\t\t\t\t<\/div>\n\t\t\t\t<\/div>\n\t\t<div class=\"elementor-element elementor-element-3a9df0a e-flex e-con-boxed e-con e-parent\" data-id=\"3a9df0a\" data-element_type=\"container\">\n\t\t\t\t\t<div class=\"e-con-inner\">\n\t\t\t\t<div class=\"elementor-element elementor-element-b49f3be elementor-widget elementor-widget-text-editor\" data-id=\"b49f3be\" data-element_type=\"widget\" data-widget_type=\"text-editor.default\">\n\t\t\t\t<div class=\"elementor-widget-container\">\n\t\t\t\t\t\t\t\t\t<p><span style=\"font-weight: 400;\">F&#8217;BCM Group, il-mixja tieg\u0127ek mhix dwar li ssib xog\u0127ol biss \u2014 hi dwar li tibni futur sigur b&#8217;dinjit\u00e0, fidu\u010bja, u opportunit\u00e0 fit-tul. A\u0127na nemmnu li kull kandidat jist\u0127oqqlu informazzjoni \u010bara, gwida onesta, u pro\u010bessi trasparenti. Mill-ewwel mistoqsija tieg\u0127ek sal-po\u017cizzjonament finali u aktar, it-timijiet tag\u0127na jpo\u0121\u0121uk \u0127dejnna b&#8217;appo\u0121\u0121 kontinwu, opportunitajiet verifikati, u prattiki ta\u2019 impjieg etiku.\u00a0\u00a0<\/span><\/p><p><span style=\"font-weight: 400;\">Qatt m\u2019intiq fil-mixja tieg\u0127ek wa\u0127dek \u2014 BCM Group t\u0127addanak, tipprote\u0121i l-interessi tieg\u0127ek, u ta\u0127dem g\u0127all-su\u010b\u010bess tieg\u0127ek.\u00a0\u00a0<\/span><\/p><p><span style=\"font-weight: 400;\">Jekk g\u0127ad g\u0127andek mistoqsijiet, ikkuntattjana b\u2019kunfidenza \u2014 g\u0127ax il-futur tieg\u0127ek g\u0127andu importanza g\u0127alina.\u00a0 <\/span><\/p>\t\t\t\t\t\t\t\t<\/div>\n\t\t\t\t<\/div>\n\t\t\t\t\t<\/div>\n\t\t\t\t<\/div>\n\t\t<div class=\"elementor-element elementor-element-01a07f3 e-flex e-con-boxed e-con e-parent\" data-id=\"01a07f3\" data-element_type=\"container\">\n\t\t\t\t\t<div class=\"e-con-inner\">\n\t\t\t\t<div class=\"elementor-element elementor-element-1b831c1 elementor-align-center elementor-widget elementor-widget-button\" data-id=\"1b831c1\" data-element_type=\"widget\" data-widget_type=\"button.default\">\n\t\t\t\t<div class=\"elementor-widget-container\">\n\t\t\t\t\t\t\t\t\t<div class=\"elementor-button-wrapper\">\n\t\t\t\t\t<a class=\"elementor-button elementor-button-link elementor-size-sm\" href=\"https:\/\/bcmgroup.in\/mt\/kuntatt\/\">\n\t\t\t\t\t\t<span class=\"elementor-button-content-wrapper\">\n\t\t\t\t\t\t\t\t\t<span class=\"elementor-button-text\">Ikkuntattjana<\/span>\n\t\t\t\t\t<\/span>\n\t\t\t\t\t<\/a>\n\t\t\t\t<\/div>\n\t\t\t\t\t\t\t\t<\/div>\n\t\t\t\t<\/div>\n\t\t\t\t\t<\/div>\n\t\t\t\t<\/div>\n\t\t\t\t<\/div>\n\t\t","protected":false},"excerpt":{"rendered":"<p>Mistoqsijiet spiss mitluba Jekk ma tistax issib it-twe\u0121iba hawn ta\u0127t, jekk jog\u0127\u0121bok u\u017ca l-formola ta\u2019 kuntatt jew ibg\u0127atilna email fuq info@bcmgroup.in Il-lingwa Ingli\u017ca hija obbligatorja biex ta\u0127dem fl-Ewropa? + ta&#8217; g\u0127ajnuna, u l-impjegaturi j\u0127arsu prin\u010bipalment lejn il-g\u0127arfien tekniku u l-esperjenza tieg\u0127ek relatata mal-profil tax-xog\u0127ol. Inti rrhimes ma&#8217; l-Ministeru tal-Affarijiet Barranin (MEA)?+ Iva, a\u0127na kburin li [&hellip;]<\/p>\n","protected":false},"author":4,"featured_media":0,"parent":140342,"menu_order":0,"comment_status":"closed","ping_status":"closed","template":"elementor_canvas","meta":{"googlesitekit_rrm_CAowi469DA:productID":"","footnotes":""},"class_list":["post-134503","page","type-page","status-publish","hentry"],"_links":{"self":[{"href":"https:\/\/bcmgroup.in\/mt\/wp-json\/wp\/v2\/pages\/134503","targetHints":{"allow":["GET"]}}],"collection":[{"href":"https:\/\/bcmgroup.in\/mt\/wp-json\/wp\/v2\/pages"}],"about":[{"href":"https:\/\/bcmgroup.in\/mt\/wp-json\/wp\/v2\/types\/page"}],"author":[{"embeddable":true,"href":"https:\/\/bcmgroup.in\/mt\/wp-json\/wp\/v2\/users\/4"}],"replies":[{"embeddable":true,"href":"https:\/\/bcmgroup.in\/mt\/wp-json\/wp\/v2\/comments?post=134503"}],"version-history":[{"count":16,"href":"https:\/\/bcmgroup.in\/mt\/wp-json\/wp\/v2\/pages\/134503\/revisions"}],"predecessor-version":[{"id":150979,"href":"https:\/\/bcmgroup.in\/mt\/wp-json\/wp\/v2\/pages\/134503\/revisions\/150979"}],"up":[{"embeddable":true,"href":"https:\/\/bcmgroup.in\/mt\/wp-json\/wp\/v2\/pages\/140342"}],"wp:attachment":[{"href":"https:\/\/bcmgroup.in\/mt\/wp-json\/wp\/v2\/media?parent=134503"}],"curies":[{"name":"wp","href":"https:\/\/api.w.org\/{rel}","templated":true}]}}