{"id":134165,"date":"2023-06-07T01:47:42","date_gmt":"2023-06-07T01:47:42","guid":{"rendered":"https:\/\/bcmgroup.in\/welcome-to-bcm-groups-privacy-policy\/"},"modified":"2026-03-09T11:04:51","modified_gmt":"2026-03-09T11:04:51","slug":"merhba-fil-politika-tal-privatezza-tal-gruppi-bcm","status":"publish","type":"page","link":"https:\/\/bcmgroup.in\/mt\/merhba-fil-politika-tal-privatezza-tal-gruppi-bcm\/","title":{"rendered":"Mer\u0127ba fil-Politika ta&#8217; Privatezza tal-Grupp BCM:"},"content":{"rendered":"\t\t<div data-elementor-type=\"wp-page\" data-elementor-id=\"134165\" class=\"elementor elementor-134165 elementor-17128\" data-elementor-post-type=\"page\">\n\t\t\t\t<div class=\"elementor-element elementor-element-a70fcc5 e-flex e-con-boxed e-con e-parent\" data-id=\"a70fcc5\" data-element_type=\"container\">\n\t\t\t\t\t<div class=\"e-con-inner\">\n\t\t\t\t<div class=\"elementor-element elementor-element-1dbb9538 elementor-widget elementor-widget-text-editor\" data-id=\"1dbb9538\" data-element_type=\"widget\" data-widget_type=\"text-editor.default\">\n\t\t\t\t<div class=\"elementor-widget-container\">\n\t\t\t\t\t\t\t\t\t<h1><strong>Mer\u0127ba fil-Politika ta&#8217; Privatezza tal-BCM Group:<\/strong><\/h1><p><span style=\"font-weight: 400;\">Fil-BCM Group, a\u0127na impenjati li nipprote\u0121u l-privatezza tieg\u0127ek u ni\u017cguraw li l-informazzjoni personali tieg\u0127ek ti\u0121i mmani\u0121\u0121jata b&#8217;mod responsabbli. Din il-Politika ta&#8217; Privatezza tiddeskrivi kif ni\u0121bru, nu\u017caw, ni\u017cvelaw, u nipprote\u0121u l-informazzjoni tieg\u0127ek meta \u017c\u017cur il-websajt tag\u0127na jew tintera\u0121ixxi mag\u0127na permezz ta&#8217; attivitajiet ta&#8217; kummer\u010bjalizzazzjoni di\u0121itali.<\/span><\/p><ol><li><h2><strong> Informazzjoni li Ni\u0121bru<\/strong><\/h2><\/li><\/ol><ul><li><span style=\"font-weight: 400;\">Informazzjoni Personali: Meta \u017c\u017cur il-websajt tag\u0127na jew tinvolvi ru\u0127ek fl-attivitajiet ta&#8217; kummer\u010bjalizzazzjoni di\u0121itali tag\u0127na, nistg\u0127u ni\u0121bru informazzjoni personali b\u0127al ismek, l-indirizz elettroniku tieg\u0127ek, in-numru tat-telefon tieg\u0127ek, u kwalunkwe informazzjoni o\u0127ra li tipprovdi volontarjament.<\/span><\/li><li><span style=\"font-weight: 400;\">Dejta dwar l-U\u017cu: Nistg\u0127u ni\u0121bru informazzjoni dwar l-im\u0121iba tieg\u0127ek tal-ibbraw\u017cjar fuq il-websajt tag\u0127na, inklu\u017ci l-pa\u0121ni li \u017c\u017cur, il-links li tikklikkja, u azzjonijiet o\u0127ra li tie\u0127u.<\/span><\/li><li><span style=\"font-weight: 400;\">Informazzjoni dwar l-Apparat: Nistg\u0127u ni\u0121bru informazzjoni dwar l-apparat li tu\u017ca biex ta\u010b\u010bessa l-websajt tag\u0127na jew tintera\u0121ixxi mal-attivitajiet ta&#8217; kummer\u010bjalizzazzjoni di\u0121itali tag\u0127na, b\u0127all-indirizz IP tieg\u0127ek, it-tip ta&#8217; browser, u s-sistema operattiva.<\/span><\/li><\/ul><ol start=\"2\"><li><h2><strong> Kif Nu\u017caw l-Informazzjoni Tieg\u0127ek<\/strong><\/h2><\/li><\/ol><ul><li><span style=\"font-weight: 400;\">Biex Nipprovdu Servizzi: Nistg\u0127u nu\u017caw l-informazzjoni personali tieg\u0127ek biex nipprovdulek is-servizzi li titlob, b\u0127al li nwie\u0121bu l-mistoqsijiet tieg\u0127ek jew nippro\u010bessaw l-applikazzjonijiet tieg\u0127ek g\u0127ax-xog\u0127ol.<\/span><\/li><li><span style=\"font-weight: 400;\">Biex Intejbu s-Servizzi Tag\u0127na: Nistg\u0127u nu\u017caw l-informazzjoni li ni\u0121bru biex nanalizzaw ix-xejriet, insegwu l-interazzjonijiet tal-utenti, u ntejbu l-kwalit\u00e0 tal-websajt u s-servizzi tag\u0127na.<\/span><\/li><li><span style=\"font-weight: 400;\">Kummer\u010bjalizzazzjoni u Komunikazzjonijiet: Bil-kunsens tieg\u0127ek, nistg\u0127u nu\u017caw l-informazzjoni ta&#8217; kuntatt tieg\u0127ek biex nibag\u0127tulek materjali promozzjonali, newsletters, jew komunikazzjonijiet o\u0127ra dwar is-servizzi tag\u0127na jew avvenimenti li \u0121ejjin.<\/span><\/li><\/ul><h2><strong> Kondivi\u017cjoni u \u017bvelar tad-Dejta<\/strong><\/h2><ul><li><span style=\"font-weight: 400;\">Fornituri ta&#8217; Servizzi minn Partijiet Terzi: Nistg\u0127u naqsmu l-informazzjoni tieg\u0127ek ma&#8217; fornituri ta&#8217; servizzi minn partijiet terzi li jg\u0127inuna fit-t\u0127addim tal-websajt tag\u0127na, fit-twettiq tan-negozju tag\u0127na, jew fil-provvista ta&#8217; servizzi lilek. Dawn il-fornituri tas-servizzi huma obbligati kuntrattwalment li ju\u017caw l-informazzjoni tieg\u0127ek biss kif me\u0127tie\u0121 biex jipprovdu s-servizzi li nitolbu.<\/span><\/li><li><span style=\"font-weight: 400;\">Konformit\u00e0 Legali: Nistg\u0127u ni\u017cvelaw l-informazzjoni tieg\u0127ek meta jkun me\u0127tie\u0121 mil-li\u0121i jew b&#8217;reazzjoni g\u0127al talbiet legali validi, b\u0127al \u010bitazzjonijiet jew ordnijiet tal-qorti.<\/span><\/li><\/ul><ol start=\"4\"><li><h2><strong> Sigurt\u00e0 tad-Dejta<\/strong><\/h2><\/li><\/ol><p><span style=\"font-weight: 400;\">Nie\u0127du prekawzjonijiet ra\u0121onevoli biex nipprote\u0121u l-informazzjoni personali tieg\u0127ek minn a\u010b\u010bess, u\u017cu, jew \u017cvelar mhux awtorizzat. Madankollu, l-ebda metodu ta&#8217; tra\u017cmissjoni fuq l-Internet jew \u0127a\u017cna elettronika mhu 100% sigur, u ma nistg\u0127ux niggarantixxu sigurt\u00e0 assoluta.<\/span><\/p><ol start=\"5\"><li><h2><strong> Id-Drittijiet Tieg\u0127ek<\/strong><\/h2><\/li><\/ol><ul><li><span style=\"font-weight: 400;\">A\u010b\u010bess u Korrezzjoni: G\u0127andek id-dritt li ta\u010b\u010bessa u tikkore\u0121i kwalunkwe informazzjoni personali li g\u0127andna dwarek. Tista&#8217; wkoll titlobna n\u0127assru l-informazzjoni personali tieg\u0127ek, so\u0121\u0121ett g\u0127al \u010berti e\u010b\u010bezzjonijiet.<\/span><\/li><li><span style=\"font-weight: 400;\">Preferenzi ta&#8217; Kummer\u010bjalizzazzjoni: G\u0127andek id-dritt li tag\u0127\u017cel li ma tir\u010bevix komunikazzjonijiet ta&#8217; kummer\u010bjalizzazzjoni ming\u0127andna fi kwalunkwe \u0127in. Tista&#8217; tag\u0127mel dan billi ssegwi l-istruzzjonijiet biex tne\u0127\u0127i l-abbonament inklu\u017ci fl-emails tag\u0127na jew tikkuntattjana direttament.<\/span><\/li><\/ul><ol start=\"6\"><li><h2><strong> Tibdil f&#8217;Din il-Politika ta&#8217; Privatezza<\/strong><\/h2><\/li><\/ol><ul><li><span style=\"font-weight: 400;\">Nistg\u0127u na\u0121\u0121ornaw din il-Politika ta&#8217; Privatezza minn \u017cmien g\u0127al \u017cmien biex tirrifletti bidliet fil-prattiki jew fir-rekwi\u017citi legali tag\u0127na. A\u0127na ninnotifikawk dwar kwalunkwe bidla materjali billi nippubblikaw il-politika a\u0121\u0121ornata fuq il-websajt tag\u0127na jew nikkuntattjawk direttament.<\/span><\/li><\/ul><ol start=\"7\"><li><h2><strong> Ikkuntattjana<\/strong><\/h2><\/li><\/ol><ul><li><span style=\"font-weight: 400;\">Jekk g\u0127andek xi mistoqsijiet jew t\u0127assib dwar din il-Politika ta&#8217; Privatezza jew il-prattiki tad-dejta tag\u0127na, jekk jog\u0127\u0121bok ikkuntattjana fuq: info@bcmgroup.in<\/span><\/li><li><span style=\"font-weight: 400;\">Billi tu\u017ca l-websajt tag\u0127na jew tintera\u0121ixxi mal-attivitajiet ta&#8217; kummer\u010bjalizzazzjoni di\u0121itali tag\u0127na, inti tag\u0127ti l-kunsens tieg\u0127ek g\u0127at-termini ta&#8217; din il-Politika ta&#8217; Privatezza.<\/span><\/li><\/ul>\t\t\t\t\t\t\t\t<\/div>\n\t\t\t\t<\/div>\n\t\t\t\t\t<\/div>\n\t\t\t\t<\/div>\n\t\t\t\t<\/div>\n\t\t","protected":false},"excerpt":{"rendered":"<p>Mer\u0127ba fil-Politika ta&#8217; Privatezza tal-BCM Group: Fil-BCM Group, a\u0127na impenjati li nipprote\u0121u l-privatezza tieg\u0127ek u ni\u017cguraw li l-informazzjoni personali tieg\u0127ek ti\u0121i mmani\u0121\u0121jata b&#8217;mod responsabbli. Din il-Politika ta&#8217; Privatezza tiddeskrivi kif ni\u0121bru, nu\u017caw, ni\u017cvelaw, u nipprote\u0121u l-informazzjoni tieg\u0127ek meta \u017c\u017cur il-websajt tag\u0127na jew tintera\u0121ixxi mag\u0127na permezz ta&#8217; attivitajiet ta&#8217; kummer\u010bjalizzazzjoni di\u0121itali. Informazzjoni li Ni\u0121bru Informazzjoni Personali: [&hellip;]<\/p>\n","protected":false},"author":1,"featured_media":0,"parent":0,"menu_order":0,"comment_status":"closed","ping_status":"closed","template":"elementor_canvas","meta":{"googlesitekit_rrm_CAowi469DA:productID":"","footnotes":""},"class_list":["post-134165","page","type-page","status-publish","hentry"],"_links":{"self":[{"href":"https:\/\/bcmgroup.in\/mt\/wp-json\/wp\/v2\/pages\/134165","targetHints":{"allow":["GET"]}}],"collection":[{"href":"https:\/\/bcmgroup.in\/mt\/wp-json\/wp\/v2\/pages"}],"about":[{"href":"https:\/\/bcmgroup.in\/mt\/wp-json\/wp\/v2\/types\/page"}],"author":[{"embeddable":true,"href":"https:\/\/bcmgroup.in\/mt\/wp-json\/wp\/v2\/users\/1"}],"replies":[{"embeddable":true,"href":"https:\/\/bcmgroup.in\/mt\/wp-json\/wp\/v2\/comments?post=134165"}],"version-history":[{"count":9,"href":"https:\/\/bcmgroup.in\/mt\/wp-json\/wp\/v2\/pages\/134165\/revisions"}],"predecessor-version":[{"id":149285,"href":"https:\/\/bcmgroup.in\/mt\/wp-json\/wp\/v2\/pages\/134165\/revisions\/149285"}],"wp:attachment":[{"href":"https:\/\/bcmgroup.in\/mt\/wp-json\/wp\/v2\/media?parent=134165"}],"curies":[{"name":"wp","href":"https:\/\/api.w.org\/{rel}","templated":true}]}}