{"id":73773,"date":"2024-03-02T15:34:07","date_gmt":"2024-03-02T15:34:07","guid":{"rendered":"https:\/\/bcmgroup.in\/pakalpojumi\/"},"modified":"2025-08-07T12:17:20","modified_gmt":"2025-08-07T12:17:20","slug":"pakalpojumi","status":"publish","type":"page","link":"https:\/\/bcmgroup.in\/lv\/pakalpojumi\/","title":{"rendered":"Pakalpojumi"},"content":{"rendered":"\t\t<div data-elementor-type=\"wp-page\" data-elementor-id=\"73773\" class=\"elementor elementor-73773 elementor-73657\" data-elementor-post-type=\"page\">\n\t\t\t\t<div class=\"elementor-element elementor-element-2894aee e-flex e-con-boxed e-con e-parent\" data-id=\"2894aee\" data-element_type=\"container\">\n\t\t\t\t\t<div class=\"e-con-inner\">\n\t\t\t\t<div class=\"elementor-element elementor-element-d8a2138 elementor-widget elementor-widget-heading\" data-id=\"d8a2138\" data-element_type=\"widget\" data-widget_type=\"heading.default\">\n\t\t\t\t<div class=\"elementor-widget-container\">\n\t\t\t\t\t<h1 class=\"elementor-heading-title elementor-size-default\">NODARBIN\u0100T\u012aBA \u0100RZEM\u0112S<\/h1>\t\t\t\t<\/div>\n\t\t\t\t<\/div>\n\t\t\t\t<div class=\"elementor-element elementor-element-a6504da elementor-widget-divider--view-line elementor-widget elementor-widget-divider\" data-id=\"a6504da\" data-element_type=\"widget\" data-widget_type=\"divider.default\">\n\t\t\t\t<div class=\"elementor-widget-container\">\n\t\t\t\t\t\t\t<div class=\"elementor-divider\">\n\t\t\t<span class=\"elementor-divider-separator\">\n\t\t\t\t\t\t<\/span>\n\t\t<\/div>\n\t\t\t\t\t\t<\/div>\n\t\t\t\t<\/div>\n\t\t\t\t\t<\/div>\n\t\t\t\t<\/div>\n\t\t<div class=\"elementor-element elementor-element-27e0187 e-flex e-con-boxed e-con e-parent\" data-id=\"27e0187\" data-element_type=\"container\">\n\t\t\t\t\t<div class=\"e-con-inner\">\n\t\t\t\t<div class=\"elementor-element elementor-element-dbcf32c elementor-widget__width-inherit elementor-widget elementor-widget-gimont_elementor_road_map\" data-id=\"dbcf32c\" data-element_type=\"widget\" data-widget_type=\"gimont_elementor_road_map.default\">\n\t\t\t\t<div class=\"elementor-widget-container\">\n\t\t\t\t\t\n\t\t<div class=\"ova-road-map template_1\">\n\t\t\t<div class=\"road-map-wrapper\">\n\n\t\t\t\t\t\t\t\t\t<div class=\"timeline-column\">\n\t\t\t\t\t\t\t\t\t\t\t\t\t\t\t\t\t\t\t\t\t<div class=\"timeline-item timeline-item-left \">\n\t\t\t\t\t\t\t\t\t<div class=\"timeline-image\">\n\t\t\t\t\t\t\t\t\t\t<img decoding=\"async\" src=\"https:\/\/bcmgroup.in\/wp-content\/uploads\/2024\/03\/interview-scheduling-1-1.jpg\" alt=\"Overseas Recruitment- Interview Scheduling\"\n\t\t\t\t\t\t\t\t\t\ttitle=\"\">\n\t\t\t\t\t\t\t\t\t<\/div>\n\t\t\t\t\t\t\t\t\t<div class=\"timeline-info\">\n\t\t\t\t\t\t\t\t\t\t<div class=\"content-info\" \n\t\t\t\t\t\t\t\t\t\t\tdata-animation='{\"animation\":\"\",\"duration\":\"\",\"delay\":\"\"}'>\n\n\t\t\t\t\t\t\t\t\t\t\t\t\t\t\t\t\t\t\t\t\t\t\t<div class=\"date\">\n\t\t\t\t\t\t\t\t\t\t\t\t\t \t\t\t\t\t\t\t\t\t\t\t\t<\/div>\n\t\t\t\t\t\t\t\t\t\t\t\t\t\t\t\t\t\t\t\t\t\t<div class=\"timeline-content\">\n\t\t\t\t\t\t\t\t\t\t\t\t<h3 class=\"title\">Intervijas pl\u0101no\u0161ana<\/h3>\n\t\t\t\t\t\t\t\t\t\t\t\t<p class=\"desc\">\u0160is process ir atrisin\u0101ts, un uz\u0146\u0113mums tiek atbr\u012bvots no nevajadz\u012bgiem e-pastiem turp un atpaka\u013c. Tas ne tikai pal\u012bdz\u0113s pa\u0101trin\u0101t darb\u0101 pie\u0146em\u0161anas procesu, bet ar\u012b \u013caus iepl\u0101not intervijas vislab\u0101kaj\u0101 laik\u0101 gan kandid\u0101tiem, gan darb\u0101 pie\u0146em\u0161anas vad\u012bt\u0101jiem. Intervijas tiek veiktas soli pa solim, kas sniedz mums kandid\u0101ta kompetences l\u012bmeni n\u0101kamaj\u0101 test\u0101, kas tiek veikts m\u016bsu tirdzniec\u012bbas centros. Ir audio k\u0101rta, video k\u0101rta un tehnisk\u0101s p\u0101rbaudes.<\/p>\n\t\t\t\t\t\t\t\t\t\t\t<\/div>\n\t\t\t\t\t\t\t\t\t\t<\/div>\n\t\t\t\t\t\t\t\t\t<\/div>\n\t\t\t\t\t\t\t\t<\/div>\n\t\t\t\t\t\t\t\t\t\t\t\t\t\t\t\t\t\t\t\t\t\t<div class=\"timeline-item timeline-item-right active\">\n\t\t\t\t\t\t\t\t\t<div class=\"timeline-info\">\n\t\t\t\t\t\t\t\t\t\t<div class=\"content-info\" \n\t\t\t\t\t\t\t\t\t\tdata-animation='{\"animation\":\"\",\"duration\":\"\",\"delay\":\"\"}'>\n\n\t\t\t\t\t\t\t\t\t\t\t\t\t\t\t\t\t\t\t\t\t\t\t<div class=\"date\">\n\t\t\t\t\t\t\t\t\t\t\t\t\t \t\t\t\t\t\t\t\t\t\t\t\t<\/div>\n\t\t\t\t\t\t\t\t\t\t\t\n\t\t\t\t\t\t\t\t\t\t\t<div class=\"timeline-content\">\n\t\t\t\t\t\t\t\t\t\t\t\t<h3 class=\"title\">Kandid\u0101tu p\u0101rbaude<\/h3>\n\t\t\t\t\t\t\t\t\t\t\t\t<p class=\"desc\">\u0160is ir otrais solis intervijas proces\u0101, kur\u0101 p\u0101rbauda kandid\u0101ta izgl\u012bt\u012bbu, pieredzi, person\u012bgo un slim\u012bbas v\u0113sturi, jo katra darbinieka dati var at\u0161\u0137irties atkar\u012bb\u0101 no visiem apliecino\u0161ajiem dokumentiem. Tas tiek dar\u012bts, lai ieg\u016btu visaugst\u0101k\u0101s kvalit\u0101tes kandid\u0101tus. \u0160is process tiek veikts person\u012bgi.<\/p>\n\t\t\t\t\t\t\t\t\t\t\t<\/div>\n\t\t\t\t\t\t\t\t\t\t<\/div>\n\t\t\t\t\t\t\t\t\t<\/div>\n\t\t\t\t\t\t\t\t\t<div class=\"timeline-image\">\n\t\t\t\t\t\t\t\t\t\t<img decoding=\"async\" src=\"https:\/\/bcmgroup.in\/wp-content\/uploads\/2024\/03\/candidate-verification-1.jpg\" alt=\"\">\n\t\t\t\t\t\t\t\t\t<\/div>\n\t\t\t\t\t\t\t\t<\/div>\n\t\t\t\t\t\t\t\t\t\t\t\t\t\t\t\t\t\t\t\t\t<div class=\"timeline-item timeline-item-left \">\n\t\t\t\t\t\t\t\t\t<div class=\"timeline-image\">\n\t\t\t\t\t\t\t\t\t\t<img decoding=\"async\" src=\"https:\/\/bcmgroup.in\/wp-content\/uploads\/2024\/03\/Documentation-1.jpg\" alt=\"\"\n\t\t\t\t\t\t\t\t\t\ttitle=\"\">\n\t\t\t\t\t\t\t\t\t<\/div>\n\t\t\t\t\t\t\t\t\t<div class=\"timeline-info\">\n\t\t\t\t\t\t\t\t\t\t<div class=\"content-info\" \n\t\t\t\t\t\t\t\t\t\t\tdata-animation='{\"animation\":\"\",\"duration\":\"\",\"delay\":\"\"}'>\n\n\t\t\t\t\t\t\t\t\t\t\t\t\t\t\t\t\t\t\t\t\t\t\t<div class=\"date\">\n\t\t\t\t\t\t\t\t\t\t\t\t\t \t\t\t\t\t\t\t\t\t\t\t\t<\/div>\n\t\t\t\t\t\t\t\t\t\t\t\t\t\t\t\t\t\t\t\t\t\t<div class=\"timeline-content\">\n\t\t\t\t\t\t\t\t\t\t\t\t<h3 class=\"title\">Dokument\u0101cija<\/h3>\n\t\t\t\t\t\t\t\t\t\t\t\t<p class=\"desc\">Vienpr\u0101t\u012bba par nor\u0101d\u012btajiem noteikumiem un nosac\u012bjumiem ir b\u016btiska, lai jebkura vieno\u0161an\u0101s norit\u0113tu vienm\u0113r\u012bgi. Visaptvero\u0161a vieno\u0161an\u0101s kalpo k\u0101 form\u0101ls kan\u0101ls, caur kuru abas puses pau\u017e savu piekri\u0161anu un ap\u0146em\u0161anos. T\u0101 loc\u012bjumos atrodas t\u0101di galvenie komponenti k\u0101 pilnvaru dele\u0123\u0113\u0161ana ar pilnvaru, pras\u012bbu formul\u0113\u0161ana ar piepras\u012bjuma v\u0113stuli un lomu un pien\u0101kumu noteik\u0161ana darba l\u012bgum\u0101. \u0160ie dokumenti ne tikai nodro\u0161ina skaidr\u012bbu, bet ar\u012b veicina uztic\u0113\u0161anos un savstarp\u0113ju sapratni, liekot stabilu pamatu augl\u012bgai sadarb\u012bbai.<\/p>\n\t\t\t\t\t\t\t\t\t\t\t<\/div>\n\t\t\t\t\t\t\t\t\t\t<\/div>\n\t\t\t\t\t\t\t\t\t<\/div>\n\t\t\t\t\t\t\t\t<\/div>\n\t\t\t\t\t\t\t\t\t\t\t\t\t\t\t\t\t\t\t\t\t\t<div class=\"timeline-item timeline-item-right \">\n\t\t\t\t\t\t\t\t\t<div class=\"timeline-info\">\n\t\t\t\t\t\t\t\t\t\t<div class=\"content-info\" \n\t\t\t\t\t\t\t\t\t\tdata-animation='{\"animation\":\"\",\"duration\":\"\",\"delay\":\"\"}'>\n\n\t\t\t\t\t\t\t\t\t\t\t\t\t\t\t\t\t\t\t\t\t\t\t<div class=\"date\">\n\t\t\t\t\t\t\t\t\t\t\t\t\t \t\t\t\t\t\t\t\t\t\t\t\t<\/div>\n\t\t\t\t\t\t\t\t\t\t\t\n\t\t\t\t\t\t\t\t\t\t\t<div class=\"timeline-content\">\n\t\t\t\t\t\t\t\t\t\t\t\t<h3 class=\"title\">V\u012bzu apdro\u0161in\u0101\u0161ana un apstr\u0101de<\/h3>\n\t\t\t\t\t\t\t\t\t\t\t\t<p class=\"desc\">M\u016bsu pakalpojums ir paredz\u0113ts, lai pal\u012bdz\u0113tu pieteikuma iesniedz\u0113jiem orient\u0113ties v\u012bzu apdro\u0161in\u0101\u0161anas un apstr\u0101des pras\u012bbu sare\u017e\u0123\u012bt\u012bb\u0101. M\u0113s vienk\u0101r\u0161ojam procesu, vadot personas, aizpildot nepiecie\u0161am\u0101s veidlapas un dokument\u0101ciju, nodro\u0161inot, ka visa atbilsto\u0161\u0101 inform\u0101cija tiek sniegta prec\u012bzi. S\u0101kot ar apdro\u0161in\u0101\u0161anas polis\u0113m un beidzot ar v\u012bzu pieteikumiem, m\u0113s samazin\u0101m slogu, pied\u0101v\u0101jot visaptvero\u0161u atbalstu, t\u0101d\u0113j\u0101di veicinot vienk\u0101r\u0161\u0101ku un efekt\u012bv\u0101ku ce\u013cu uz nepiecie\u0161amo apstiprin\u0101jumu un seguma ieg\u016b\u0161anu.<\/p>\n\t\t\t\t\t\t\t\t\t\t\t<\/div>\n\t\t\t\t\t\t\t\t\t\t<\/div>\n\t\t\t\t\t\t\t\t\t<\/div>\n\t\t\t\t\t\t\t\t\t<div class=\"timeline-image\">\n\t\t\t\t\t\t\t\t\t\t<img decoding=\"async\" src=\"https:\/\/bcmgroup.in\/wp-content\/uploads\/2024\/03\/insurance-and-visa-processing-1.jpg\" alt=\"\">\n\t\t\t\t\t\t\t\t\t<\/div>\n\t\t\t\t\t\t\t\t<\/div>\n\t\t\t\t\t\t\t\t\t\t\t\t\t\t\t\t\t\t\t\t\t<div class=\"timeline-item timeline-item-left active\">\n\t\t\t\t\t\t\t\t\t<div class=\"timeline-image\">\n\t\t\t\t\t\t\t\t\t\t<img decoding=\"async\" src=\"https:\/\/bcmgroup.in\/wp-content\/uploads\/2024\/03\/ONBOARDING-PROCESS.jpg\" alt=\"\"\n\t\t\t\t\t\t\t\t\t\ttitle=\"\">\n\t\t\t\t\t\t\t\t\t<\/div>\n\t\t\t\t\t\t\t\t\t<div class=\"timeline-info\">\n\t\t\t\t\t\t\t\t\t\t<div class=\"content-info\" \n\t\t\t\t\t\t\t\t\t\t\tdata-animation='{\"animation\":\"\",\"duration\":\"\",\"delay\":\"\"}'>\n\n\t\t\t\t\t\t\t\t\t\t\t\t\t\t\t\t\t\t\t\t\t\t\t<div class=\"date\">\n\t\t\t\t\t\t\t\t\t\t\t\t\t \t\t\t\t\t\t\t\t\t\t\t\t<\/div>\n\t\t\t\t\t\t\t\t\t\t\t\t\t\t\t\t\t\t\t\t\t\t<div class=\"timeline-content\">\n\t\t\t\t\t\t\t\t\t\t\t\t<h3 class=\"title\">Iesl\u0113g\u0161an\u0101s process<\/h3>\n\t\t\t\t\t\t\t\t\t\t\t\t<p class=\"desc\">Viens no galvenajiem priek\u0161nieka pien\u0101kumiem ir nodro\u0161in\u0101t jaunu dal\u012bbnieku raitu integr\u0101ciju organiz\u0101cij\u0101. Tas ietver vi\u0146u iepaz\u012bstin\u0101\u0161anu ar organiz\u0101cijas kult\u016bru, pieej\u0101m un metodolo\u0123ij\u0101m, k\u0101 ar\u012b vi\u0146u darbu un pien\u0101kumiem. Sniedzot nor\u0101d\u012bjumus, atbalstu un mentoringu, priek\u0161nieki pal\u012bdz jaunajiem darbiniekiem justies aicin\u0101tiem, nov\u0113rt\u0113tiem un gataviem dot savu ieguld\u012bjumu grup\u0101. Sp\u0113c\u012bga ievie\u0161ana pa\u0101trina da\u017e\u0101du mijiedarb\u012bbu, k\u0101 ar\u012b uzlabo darbinieku ap\u0146em\u0161anos un saglab\u0101\u0161anu, kas galu gal\u0101 veicina organiz\u0101cijas visp\u0101r\u0113jos rezult\u0101tus.<\/p>\n\t\t\t\t\t\t\t\t\t\t\t<\/div>\n\t\t\t\t\t\t\t\t\t\t<\/div>\n\t\t\t\t\t\t\t\t\t<\/div>\n\t\t\t\t\t\t\t\t<\/div>\n\t\t\t\t\t\t\t\t\t\t\t\t\t\t\t\t\t\t\t\t\t\t<div class=\"timeline-item timeline-item-right \">\n\t\t\t\t\t\t\t\t\t<div class=\"timeline-info\">\n\t\t\t\t\t\t\t\t\t\t<div class=\"content-info\" \n\t\t\t\t\t\t\t\t\t\tdata-animation='{\"animation\":\"\",\"duration\":\"\",\"delay\":\"\"}'>\n\n\t\t\t\t\t\t\t\t\t\t\t\t\t\t\t\t\t\t\t\t\t\t\t<div class=\"date\">\n\t\t\t\t\t\t\t\t\t\t\t\t\t \t\t\t\t\t\t\t\t\t\t\t\t<\/div>\n\t\t\t\t\t\t\t\t\t\t\t\n\t\t\t\t\t\t\t\t\t\t\t<div class=\"timeline-content\">\n\t\t\t\t\t\t\t\t\t\t\t\t<h3 class=\"title\">Izbrauk\u0161ana<\/h3>\n\t\t\t\t\t\t\t\t\t\t\t\t<p class=\"desc\">M\u016bsu asoci\u0101cij\u0101 m\u0113s ticam, ka katram indiv\u012bdam ir j\u0101pied\u0101v\u0101 individu\u0101la uzman\u012bba, ko vi\u0146\u0161 ir peln\u012bjis. Mums j\u0101tiek gal\u0101 ar m\u016bsu konkurentu labkl\u0101j\u012bbu, sniedzot piel\u0101gotus nor\u0101d\u012bjumus katr\u0101 vi\u0146u ekskursijas posm\u0101. Neatkar\u012bgi no t\u0101, vai tas ir uzmundrin\u0101jums, kas virz\u0101s uz uz\u0146em\u0161anos, iebildumu ierosin\u0101\u0161ana vai vi\u0146u sazi\u0146a ar ide\u0101liem cilv\u0113kiem, m\u0113s esam \u0161eit, lai garant\u0113tu, ka m\u016bsu n\u0101kamie j\u016btas atbalst\u012bti un dro\u0161i. Ar m\u016bsu \u012bpa\u0161o pal\u012bdz\u012bbu konkurenti var izp\u0113t\u012bt savus ce\u013cus, zinot, ka vi\u0146iem ir uzticams partneris, kas jebkur\u0101 laik\u0101 sniegs nor\u0101d\u012bjumus un atbalstu.<\/p>\n\t\t\t\t\t\t\t\t\t\t\t<\/div>\n\t\t\t\t\t\t\t\t\t\t<\/div>\n\t\t\t\t\t\t\t\t\t<\/div>\n\t\t\t\t\t\t\t\t\t<div class=\"timeline-image\">\n\t\t\t\t\t\t\t\t\t\t<img decoding=\"async\" src=\"https:\/\/bcmgroup.in\/wp-content\/uploads\/2024\/03\/SERVICE-POST-DEPARTURE.jpg\" alt=\"\">\n\t\t\t\t\t\t\t\t\t<\/div>\n\t\t\t\t\t\t\t\t<\/div>\n\t\t\t\t\t\t\t\t\t\t\t<\/div>\n\t\t\t\t\n\t\t\t<\/div>\n\t\t<\/div>\n\t\t \t\n\t\t\t\t\t\t<\/div>\n\t\t\t\t<\/div>\n\t\t\t\t\t<\/div>\n\t\t\t\t<\/div>\n\t\t\t\t<\/div>\n\t\t","protected":false},"excerpt":{"rendered":"<p>NODARBIN\u0100T\u012aBA \u0100RZEM\u0112S Intervijas pl\u0101no\u0161ana \u0160is process ir atrisin\u0101ts, un uz\u0146\u0113mums tiek atbr\u012bvots no nevajadz\u012bgiem e-pastiem turp un atpaka\u013c. Tas ne tikai pal\u012bdz\u0113s pa\u0101trin\u0101t darb\u0101 pie\u0146em\u0161anas procesu, bet ar\u012b \u013caus iepl\u0101not intervijas vislab\u0101kaj\u0101 laik\u0101 gan kandid\u0101tiem, gan darb\u0101 pie\u0146em\u0161anas vad\u012bt\u0101jiem. Intervijas tiek veiktas soli pa solim, kas sniedz mums kandid\u0101ta kompetences l\u012bmeni n\u0101kamaj\u0101 test\u0101, kas tiek [&hellip;]<\/p>\n","protected":false},"author":1,"featured_media":0,"parent":0,"menu_order":0,"comment_status":"closed","ping_status":"closed","template":"elementor_header_footer","meta":{"googlesitekit_rrm_CAowi469DA:productID":"","footnotes":""},"class_list":["post-73773","page","type-page","status-publish","hentry"],"_links":{"self":[{"href":"https:\/\/bcmgroup.in\/lv\/wp-json\/wp\/v2\/pages\/73773","targetHints":{"allow":["GET"]}}],"collection":[{"href":"https:\/\/bcmgroup.in\/lv\/wp-json\/wp\/v2\/pages"}],"about":[{"href":"https:\/\/bcmgroup.in\/lv\/wp-json\/wp\/v2\/types\/page"}],"author":[{"embeddable":true,"href":"https:\/\/bcmgroup.in\/lv\/wp-json\/wp\/v2\/users\/1"}],"replies":[{"embeddable":true,"href":"https:\/\/bcmgroup.in\/lv\/wp-json\/wp\/v2\/comments?post=73773"}],"version-history":[{"count":8,"href":"https:\/\/bcmgroup.in\/lv\/wp-json\/wp\/v2\/pages\/73773\/revisions"}],"predecessor-version":[{"id":95160,"href":"https:\/\/bcmgroup.in\/lv\/wp-json\/wp\/v2\/pages\/73773\/revisions\/95160"}],"wp:attachment":[{"href":"https:\/\/bcmgroup.in\/lv\/wp-json\/wp\/v2\/media?parent=73773"}],"curies":[{"name":"wp","href":"https:\/\/api.w.org\/{rel}","templated":true}]}}