{"id":66580,"date":"2023-06-08T07:40:01","date_gmt":"2023-06-08T07:40:01","guid":{"rendered":"https:\/\/bcmgroup.in\/sazinaties\/"},"modified":"2026-03-21T10:11:12","modified_gmt":"2026-03-21T10:11:12","slug":"sazinaties","status":"publish","type":"page","link":"https:\/\/bcmgroup.in\/lv\/sazinaties\/","title":{"rendered":"Sazin\u0101ties"},"content":{"rendered":"\t\t<div data-elementor-type=\"wp-page\" data-elementor-id=\"66580\" class=\"elementor elementor-66580 elementor-17132\" data-elementor-post-type=\"page\">\n\t\t\t\t<div class=\"elementor-element elementor-element-f328ff9 e-flex e-con-boxed e-con e-parent\" data-id=\"f328ff9\" data-element_type=\"container\">\n\t\t\t\t\t<div class=\"e-con-inner\">\n\t\t<div class=\"elementor-element elementor-element-a7eb209 e-con-full e-flex e-con e-child\" data-id=\"a7eb209\" data-element_type=\"container\">\n\t\t\t\t<div class=\"elementor-element elementor-element-41ade73 elementor-widget elementor-widget-image\" data-id=\"41ade73\" data-element_type=\"widget\" data-widget_type=\"image.default\">\n\t\t\t\t<div class=\"elementor-widget-container\">\n\t\t\t\t\t\t\t\t\t\t\t\t\t\t\t<img fetchpriority=\"high\" decoding=\"async\" width=\"1620\" height=\"650\" src=\"https:\/\/bcmgroup.in\/wp-content\/uploads\/2026\/01\/banner-62.webp\" class=\"attachment-full size-full wp-image-132871\" alt=\"\" srcset=\"https:\/\/bcmgroup.in\/wp-content\/uploads\/2026\/01\/banner-62.webp 1620w, https:\/\/bcmgroup.in\/wp-content\/uploads\/2026\/01\/banner-62-300x120.webp 300w, https:\/\/bcmgroup.in\/wp-content\/uploads\/2026\/01\/banner-62-1024x411.webp 1024w, https:\/\/bcmgroup.in\/wp-content\/uploads\/2026\/01\/banner-62-768x308.webp 768w, https:\/\/bcmgroup.in\/wp-content\/uploads\/2026\/01\/banner-62-1536x616.webp 1536w\" sizes=\"(max-width: 1620px) 100vw, 1620px\" \/>\t\t\t\t\t\t\t\t\t\t\t\t\t\t\t<\/div>\n\t\t\t\t<\/div>\n\t\t\t\t<\/div>\n\t\t\t\t\t<\/div>\n\t\t\t\t<\/div>\n\t\t<div class=\"elementor-element elementor-element-b9e004c e-flex e-con-boxed e-con e-parent\" data-id=\"b9e004c\" data-element_type=\"container\">\n\t\t\t\t\t<div class=\"e-con-inner\">\n\t\t<div class=\"elementor-element elementor-element-c70c8e1 elementor-hidden-desktop e-con-full e-flex e-con e-child\" data-id=\"c70c8e1\" data-element_type=\"container\">\n\t\t\t\t<div class=\"elementor-element elementor-element-9a77a09 elementor-widget elementor-widget-gimont_elementor_heading\" data-id=\"9a77a09\" data-element_type=\"widget\" data-widget_type=\"gimont_elementor_heading.default\">\n\t\t\t\t<div class=\"elementor-widget-container\">\n\t\t\t\t\t\n\t\t\t<div class=\"ova-heading template_2\">\n\t\t\t\t\t\t\t\t\t\t\t\t\t\t<span class=\"subtitle\">Sazinieties ar mums<\/span>\n\t\t\t\t\t\t\t\t\t\t\t<span class=\"line\"><\/span>\n\t\t\t\t\t\t\t\t\t\t\t\t\t\n\t\t\t\t\t\t\t\t\t\t\t\t\t\t\t<h1 class=\"title\"> <\/h1>\n\t\t\t\t\t\t\t\t\t\t\n\t\t\t\t\t\t\t\t\n\t\t\t\t\n\t\t\t<\/div>\n\n\t\t\t\t\t\t<\/div>\n\t\t\t\t<\/div>\n\t\t\t\t<\/div>\n\t\t\t\t\t<\/div>\n\t\t\t\t<\/div>\n\t\t<div class=\"elementor-element elementor-element-1317ff7 e-flex e-con-boxed e-con e-parent\" data-id=\"1317ff7\" data-element_type=\"container\">\n\t\t\t\t\t<div class=\"e-con-inner\">\n\t\t<div class=\"elementor-element elementor-element-571fa31 elementor-hidden-desktop e-con-full e-flex e-con e-child\" data-id=\"571fa31\" data-element_type=\"container\">\n\t\t\t\t<div class=\"elementor-element elementor-element-b43f05a elementor-widget elementor-widget-shortcode\" data-id=\"b43f05a\" data-element_type=\"widget\" data-widget_type=\"shortcode.default\">\n\t\t\t\t<div class=\"elementor-widget-container\">\n\t\t\t\t\t\t\t<div class=\"elementor-shortcode\"><div class='fluentform ff-default fluentform_wrapper_68 ffs_default_wrap'><form data-form_id=\"68\" id=\"fluentform_68\" class=\"frm-fluent-form fluent_form_68 ff-el-form-top ff_form_instance_68_1 ff-form-loading ffs_default\" data-form_instance=\"ff_form_instance_68_1\" method=\"POST\" ><fieldset  style=\"border: none!important;margin: 0!important;padding: 0!important;background-color: transparent!important;box-shadow: none!important;outline: none!important; min-inline-size: 100%;\">\n                    <legend class=\"ff_screen_reader_title\" style=\"display: block; margin: 0!important;padding: 0!important;height: 0!important;text-indent: -999999px;width: 0!important;overflow:hidden;\">Contact Form Latvia<\/legend><p style=\"display: none !important;\" class=\"akismet-fields-container\" data-prefix=\"ak_\"><label>&#916;<textarea name=\"ak_hp_textarea\" cols=\"45\" rows=\"8\" maxlength=\"100\"><\/textarea><\/label><input type=\"hidden\" id=\"ak_js_1\" name=\"ak_js\" value=\"3\"\/><script>document.getElementById( \"ak_js_1\" ).setAttribute( \"value\", ( new Date() ).getTime() );<\/script><\/p><input type='hidden' name='__fluent_form_embded_post_id' value='66580' \/><input type=\"hidden\" id=\"_fluentform_68_fluentformnonce\" name=\"_fluentform_68_fluentformnonce\" value=\"6b0180aada\" \/><input type=\"hidden\" name=\"_wp_http_referer\" value=\"\/lv\/wp-json\/wp\/v2\/pages\/66580\" \/><div data-type=\"name-element\" data-name=\"names\" class=\" ff-field_container ff-name-field-wrapper\" ><div class='ff-t-container'><div class='ff-t-cell '><div class='ff-el-group ff-el-form-top'><div class=\"ff-el-input--label ff-el-is-required asterisk-right\"><label for='ff_68_names_first_name_' id='label_ff_68_names_first_name_' >Pilns v\u0101rds<\/label><\/div><div class='ff-el-input--content'><input type=\"text\" name=\"names[first_name]\" id=\"ff_68_names_first_name_\" class=\"ff-el-form-control\" placeholder=\"Ievadiet savu pilnu v\u0101rdu\" aria-invalid=\"false\" aria-required=true><\/div><\/div><\/div><\/div><\/div><div class='ff-el-group'><div class=\"ff-el-input--label ff-el-is-required asterisk-right\"><label for='ff_68_email' id='label_ff_68_email' aria-label=\"E-pasts\">E-pasts<\/label><\/div><div class='ff-el-input--content'><input type=\"email\" name=\"email\" id=\"ff_68_email\" class=\"ff-el-form-control\" placeholder=\"E-pasta adrese\" data-name=\"email\"  aria-invalid=\"false\" aria-required=true><\/div><\/div><div class='ff-el-group'><div class=\"ff-el-input--label ff-el-is-required asterisk-right\"><label for='ff_68_input_text' id='label_ff_68_input_text' aria-label=\"T\u0101lru\u0146a numurs\">T\u0101lru\u0146a numurs<\/label><\/div><div class='ff-el-input--content'><input type=\"text\" name=\"input_text\" class=\"ff-el-form-control\" placeholder=\"T\u0101lru\u0146a numurs\" data-name=\"input_text\" id=\"ff_68_input_text\"  aria-invalid=\"false\" aria-required=true><\/div><\/div><div class='ff-el-group'><div class=\"ff-el-input--label asterisk-right\"><label for='ff_68_input_text_2' id='label_ff_68_input_text_2' aria-label=\"J\u016bsu zi\u0146ojums\">J\u016bsu zi\u0146ojums<\/label><\/div><div class='ff-el-input--content'><input type=\"text\" name=\"input_text_2\" class=\"ff-el-form-control\" placeholder=\"Zi\u0146a\" data-name=\"input_text_2\" id=\"ff_68_input_text_2\"  aria-invalid=\"false\" aria-required=false><\/div><\/div><div class='ff-el-group ' ><div class='ff-el-input--content'><div data-fluent_id='68' name='g-recaptcha-response'><div\n\t\tdata-sitekey='6Le5DVosAAAAADExkP56KyaUszX6sWU94SM3rfR9'\n\t\tid='fluentform-recaptcha-68-1'\n\t\tclass='ff-el-recaptcha g-recaptcha'\n\t\tdata-callback='fluentFormrecaptchaSuccessCallback'><\/div><\/div><\/div><\/div><div class='ff-el-group ff-text-left ff_submit_btn_wrapper'><button type=\"submit\" class=\"ff-btn ff-btn-submit ff-btn-md ff_btn_style\"  aria-label=\"S\u016bt\u012bt zi\u0146ojumu\">S\u016bt\u012bt zi\u0146ojumu<\/button><\/div><\/fieldset><\/form><div id='fluentform_68_errors' class='ff-errors-in-stack ff_form_instance_68_1 ff-form-loading_errors ff_form_instance_68_1_errors'><\/div><\/div>            <script type=\"text\/javascript\">\n                window.fluent_form_ff_form_instance_68_1 = {\"id\":\"68\",\"settings\":{\"layout\":{\"labelPlacement\":\"top\",\"asteriskPlacement\":\"asterisk-right\",\"helpMessagePlacement\":\"with_label\",\"errorMessagePlacement\":\"inline\",\"cssClassName\":\"\"},\"restrictions\":{\"denyEmptySubmission\":{\"enabled\":false}}},\"form_instance\":\"ff_form_instance_68_1\",\"form_id_selector\":\"fluentform_68\",\"rules\":{\"names[first_name]\":{\"required\":{\"value\":true,\"message\":\"This field is required\",\"global_message\":\"This field is required\",\"global\":true}},\"names[middle_name]\":{\"required\":{\"value\":false,\"message\":\"This field is required\",\"global_message\":\"This field is required\",\"global\":true}},\"names[last_name]\":{\"required\":{\"value\":false,\"message\":\"This field is required\",\"global_message\":\"This field is required\",\"global\":true}},\"email\":{\"required\":{\"value\":true,\"message\":\"This field is required\",\"global_message\":\"This field is required\",\"global\":true},\"email\":{\"value\":true,\"message\":\"This field must contain a valid email\",\"global_message\":\"This field must contain a valid email\",\"global\":true}},\"input_text\":{\"required\":{\"value\":true,\"message\":\"This field is required\",\"global_message\":\"This field is required\",\"global\":true}},\"input_text_2\":{\"required\":{\"value\":false,\"message\":\"This field is required\",\"global_message\":\"This field is required\",\"global\":true}},\"g-recaptcha-response\":[]},\"debounce_time\":300};\n                            <\/script>\n            <\/div>\n\t\t\t\t\t\t<\/div>\n\t\t\t\t<\/div>\n\t\t\t\t<\/div>\n\t\t\t\t\t<\/div>\n\t\t\t\t<\/div>\n\t\t<div class=\"elementor-element elementor-element-c9f850d e-flex e-con-boxed e-con e-parent\" data-id=\"c9f850d\" data-element_type=\"container\">\n\t\t\t\t\t<div class=\"e-con-inner\">\n\t\t<div class=\"elementor-element elementor-element-6d0b329 elementor-hidden-tablet elementor-hidden-mobile e-con-full e-flex e-con e-child\" data-id=\"6d0b329\" data-element_type=\"container\">\n\t\t\t\t<div class=\"elementor-element elementor-element-538aa0a elementor-widget elementor-widget-gimont_elementor_heading\" data-id=\"538aa0a\" data-element_type=\"widget\" data-widget_type=\"gimont_elementor_heading.default\">\n\t\t\t\t<div class=\"elementor-widget-container\">\n\t\t\t\t\t\n\t\t\t<div class=\"ova-heading template_2\">\n\t\t\t\t\t\t\t\t\t\t\t\t\t\t<span class=\"subtitle\">Sazinieties ar mums<\/span>\n\t\t\t\t\t\t\t\t\t\t\t<span class=\"line\"><\/span>\n\t\t\t\t\t\t\t\t\t\t\t\t\t\n\t\t\t\t\t\t\t\t\n\t\t\t\t\n\t\t\t<\/div>\n\n\t\t\t\t\t\t<\/div>\n\t\t\t\t<\/div>\n\t\t\t\t<\/div>\n\t\t\t\t\t<\/div>\n\t\t\t\t<\/div>\n\t\t<div class=\"elementor-element elementor-element-dee96e1 e-flex e-con-boxed e-con e-parent\" data-id=\"dee96e1\" data-element_type=\"container\">\n\t\t\t\t\t<div class=\"e-con-inner\">\n\t\t<div class=\"elementor-element elementor-element-ef58597 e-con-full e-flex e-con e-child\" data-id=\"ef58597\" data-element_type=\"container\">\n\t\t<div class=\"elementor-element elementor-element-fd55fd4 e-con-full elementor-hidden-tablet elementor-hidden-mobile e-flex e-con e-child\" data-id=\"fd55fd4\" data-element_type=\"container\">\n\t\t\t\t<\/div>\n\t\t<div class=\"elementor-element elementor-element-81b47f2 e-con-full e-flex e-con e-child\" data-id=\"81b47f2\" data-element_type=\"container\">\n\t\t\t\t<\/div>\n\t\t<div class=\"elementor-element elementor-element-7788461 e-con-full e-flex e-con e-child\" data-id=\"7788461\" data-element_type=\"container\">\n\t\t\t\t<div class=\"elementor-element elementor-element-468ec95 elementor-hidden-mobile elementor-widget elementor-widget-image\" data-id=\"468ec95\" data-element_type=\"widget\" data-widget_type=\"image.default\">\n\t\t\t\t<div class=\"elementor-widget-container\">\n\t\t\t\t\t\t\t\t\t\t\t\t\t\t\t<img decoding=\"async\" width=\"800\" height=\"600\" src=\"https:\/\/bcmgroup.in\/wp-content\/uploads\/2026\/01\/Looking-for-Abroad-Jobs-2-1024x768.webp\" class=\"attachment-large size-large wp-image-132045\" alt=\"\" srcset=\"https:\/\/bcmgroup.in\/wp-content\/uploads\/2026\/01\/Looking-for-Abroad-Jobs-2-1024x768.webp 1024w, https:\/\/bcmgroup.in\/wp-content\/uploads\/2026\/01\/Looking-for-Abroad-Jobs-2-300x225.webp 300w, https:\/\/bcmgroup.in\/wp-content\/uploads\/2026\/01\/Looking-for-Abroad-Jobs-2-768x576.webp 768w, https:\/\/bcmgroup.in\/wp-content\/uploads\/2026\/01\/Looking-for-Abroad-Jobs-2-1536x1152.webp 1536w, https:\/\/bcmgroup.in\/wp-content\/uploads\/2026\/01\/Looking-for-Abroad-Jobs-2-640x480.webp 640w, https:\/\/bcmgroup.in\/wp-content\/uploads\/2026\/01\/Looking-for-Abroad-Jobs-2.webp 1600w\" sizes=\"(max-width: 800px) 100vw, 800px\" \/>\t\t\t\t\t\t\t\t\t\t\t\t\t\t\t<\/div>\n\t\t\t\t<\/div>\n\t\t\t\t<\/div>\n\t\t\t\t<\/div>\n\t\t\t\t\t<\/div>\n\t\t\t\t<\/div>\n\t\t<div class=\"elementor-element elementor-element-06e0906 e-flex e-con-boxed e-con e-parent\" data-id=\"06e0906\" data-element_type=\"container\">\n\t\t\t\t\t<div class=\"e-con-inner\">\n\t\t<div class=\"elementor-element elementor-element-5424ce6 elementor-hidden-tablet elementor-hidden-mobile e-con-full e-flex e-con e-child\" data-id=\"5424ce6\" data-element_type=\"container\">\n\t\t<div class=\"elementor-element elementor-element-395f2e2 e-con-full e-flex e-con e-child\" data-id=\"395f2e2\" data-element_type=\"container\" data-settings=\"{&quot;background_background&quot;:&quot;slideshow&quot;,&quot;background_slideshow_gallery&quot;:[],&quot;background_slideshow_loop&quot;:&quot;yes&quot;,&quot;background_slideshow_slide_duration&quot;:5000,&quot;background_slideshow_slide_transition&quot;:&quot;fade&quot;,&quot;background_slideshow_transition_duration&quot;:500}\">\n\t\t<div class=\"elementor-element elementor-element-2673c28 e-con-full e-flex e-con e-child\" data-id=\"2673c28\" data-element_type=\"container\">\n\t\t\t\t<div class=\"elementor-element elementor-element-0721ad4 elementor-hidden-tablet elementor-hidden-mobile elementor-widget elementor-widget-image\" data-id=\"0721ad4\" data-element_type=\"widget\" data-widget_type=\"image.default\">\n\t\t\t\t<div class=\"elementor-widget-container\">\n\t\t\t\t\t\t\t\t\t\t\t\t\t\t\t<img decoding=\"async\" width=\"800\" height=\"600\" src=\"https:\/\/bcmgroup.in\/wp-content\/uploads\/2026\/01\/Looking-for-Abroad-Jobs-1-1024x768.webp\" class=\"attachment-large size-large wp-image-132032\" alt=\"\" srcset=\"https:\/\/bcmgroup.in\/wp-content\/uploads\/2026\/01\/Looking-for-Abroad-Jobs-1-1024x768.webp 1024w, https:\/\/bcmgroup.in\/wp-content\/uploads\/2026\/01\/Looking-for-Abroad-Jobs-1-300x225.webp 300w, https:\/\/bcmgroup.in\/wp-content\/uploads\/2026\/01\/Looking-for-Abroad-Jobs-1-768x576.webp 768w, https:\/\/bcmgroup.in\/wp-content\/uploads\/2026\/01\/Looking-for-Abroad-Jobs-1-1536x1152.webp 1536w, https:\/\/bcmgroup.in\/wp-content\/uploads\/2026\/01\/Looking-for-Abroad-Jobs-1-640x480.webp 640w, https:\/\/bcmgroup.in\/wp-content\/uploads\/2026\/01\/Looking-for-Abroad-Jobs-1.webp 1600w\" sizes=\"(max-width: 800px) 100vw, 800px\" \/>\t\t\t\t\t\t\t\t\t\t\t\t\t\t\t<\/div>\n\t\t\t\t<\/div>\n\t\t\t\t<\/div>\n\t\t<div class=\"elementor-element elementor-element-562e86e e-con-full e-flex e-con e-child\" data-id=\"562e86e\" data-element_type=\"container\">\n\t\t\t\t<div class=\"elementor-element elementor-element-c5d76ce elementor-hidden-tablet elementor-hidden-mobile elementor-widget elementor-widget-shortcode\" data-id=\"c5d76ce\" data-element_type=\"widget\" data-widget_type=\"shortcode.default\">\n\t\t\t\t<div class=\"elementor-widget-container\">\n\t\t\t\t\t\t\t<div class=\"elementor-shortcode\"><div class='fluentform ff-default fluentform_wrapper_68 ffs_default_wrap'><form data-form_id=\"68\" id=\"fluentform_68\" class=\"frm-fluent-form fluent_form_68 ff-el-form-top ff_form_instance_68_2 ff-form-loading ffs_default\" data-form_instance=\"ff_form_instance_68_2\" method=\"POST\" ><fieldset  style=\"border: none!important;margin: 0!important;padding: 0!important;background-color: transparent!important;box-shadow: none!important;outline: none!important; min-inline-size: 100%;\">\n                    <legend class=\"ff_screen_reader_title\" style=\"display: block; margin: 0!important;padding: 0!important;height: 0!important;text-indent: -999999px;width: 0!important;overflow:hidden;\">Contact Form Latvia<\/legend><p style=\"display: none !important;\" class=\"akismet-fields-container\" data-prefix=\"ak_\"><label>&#916;<textarea name=\"ak_hp_textarea\" cols=\"45\" rows=\"8\" maxlength=\"100\"><\/textarea><\/label><input type=\"hidden\" id=\"ak_js_2\" name=\"ak_js\" value=\"38\"\/><script>document.getElementById( \"ak_js_2\" ).setAttribute( \"value\", ( new Date() ).getTime() );<\/script><\/p><input type='hidden' name='__fluent_form_embded_post_id' value='66580' \/><input type=\"hidden\" id=\"_fluentform_68_fluentformnonce\" name=\"_fluentform_68_fluentformnonce\" value=\"6b0180aada\" \/><input type=\"hidden\" name=\"_wp_http_referer\" value=\"\/lv\/wp-json\/wp\/v2\/pages\/66580\" \/><div data-type=\"name-element\" data-name=\"names\" class=\" ff-field_container ff-name-field-wrapper\" ><div class='ff-t-container'><div class='ff-t-cell '><div class='ff-el-group ff-el-form-top'><div class=\"ff-el-input--label ff-el-is-required asterisk-right\"><label for='ff_68_2_names_first_name_' id='label_ff_68_2_names_first_name_' >Pilns v\u0101rds<\/label><\/div><div class='ff-el-input--content'><input type=\"text\" name=\"names[first_name]\" id=\"ff_68_2_names_first_name_\" class=\"ff-el-form-control\" placeholder=\"Ievadiet savu pilnu v\u0101rdu\" aria-invalid=\"false\" aria-required=true><\/div><\/div><\/div><\/div><\/div><div class='ff-el-group'><div class=\"ff-el-input--label ff-el-is-required asterisk-right\"><label for='ff_68_2_email' id='label_ff_68_2_email' aria-label=\"E-pasts\">E-pasts<\/label><\/div><div class='ff-el-input--content'><input type=\"email\" name=\"email\" id=\"ff_68_2_email\" class=\"ff-el-form-control\" placeholder=\"E-pasta adrese\" data-name=\"email\"  aria-invalid=\"false\" aria-required=true><\/div><\/div><div class='ff-el-group'><div class=\"ff-el-input--label ff-el-is-required asterisk-right\"><label for='ff_68_2_input_text' id='label_ff_68_2_input_text' aria-label=\"T\u0101lru\u0146a numurs\">T\u0101lru\u0146a numurs<\/label><\/div><div class='ff-el-input--content'><input type=\"text\" name=\"input_text\" class=\"ff-el-form-control\" placeholder=\"T\u0101lru\u0146a numurs\" data-name=\"input_text\" id=\"ff_68_2_input_text\"  aria-invalid=\"false\" aria-required=true><\/div><\/div><div class='ff-el-group'><div class=\"ff-el-input--label asterisk-right\"><label for='ff_68_2_input_text_2' id='label_ff_68_2_input_text_2' aria-label=\"J\u016bsu zi\u0146ojums\">J\u016bsu zi\u0146ojums<\/label><\/div><div class='ff-el-input--content'><input type=\"text\" name=\"input_text_2\" class=\"ff-el-form-control\" placeholder=\"Zi\u0146a\" data-name=\"input_text_2\" id=\"ff_68_2_input_text_2\"  aria-invalid=\"false\" aria-required=false><\/div><\/div><div class='ff-el-group ' ><div class='ff-el-input--content'><div data-fluent_id='68' name='g-recaptcha-response'><div\n\t\tdata-sitekey='6Le5DVosAAAAADExkP56KyaUszX6sWU94SM3rfR9'\n\t\tid='fluentform-recaptcha-68-2'\n\t\tclass='ff-el-recaptcha g-recaptcha'\n\t\tdata-callback='fluentFormrecaptchaSuccessCallback'><\/div><\/div><\/div><\/div><div class='ff-el-group ff-text-left ff_submit_btn_wrapper'><button type=\"submit\" class=\"ff-btn ff-btn-submit ff-btn-md ff_btn_style\"  aria-label=\"S\u016bt\u012bt zi\u0146ojumu\">S\u016bt\u012bt zi\u0146ojumu<\/button><\/div><\/fieldset><\/form><div id='fluentform_68_errors' class='ff-errors-in-stack ff_form_instance_68_2 ff-form-loading_errors ff_form_instance_68_2_errors'><\/div><\/div>            <script type=\"text\/javascript\">\n                window.fluent_form_ff_form_instance_68_2 = {\"id\":\"68\",\"settings\":{\"layout\":{\"labelPlacement\":\"top\",\"asteriskPlacement\":\"asterisk-right\",\"helpMessagePlacement\":\"with_label\",\"errorMessagePlacement\":\"inline\",\"cssClassName\":\"\"},\"restrictions\":{\"denyEmptySubmission\":{\"enabled\":false}}},\"form_instance\":\"ff_form_instance_68_2\",\"form_id_selector\":\"fluentform_68\",\"rules\":{\"names[first_name]\":{\"required\":{\"value\":true,\"message\":\"This field is required\",\"global_message\":\"This field is required\",\"global\":true}},\"names[middle_name]\":{\"required\":{\"value\":false,\"message\":\"This field is required\",\"global_message\":\"This field is required\",\"global\":true}},\"names[last_name]\":{\"required\":{\"value\":false,\"message\":\"This field is required\",\"global_message\":\"This field is required\",\"global\":true}},\"email\":{\"required\":{\"value\":true,\"message\":\"This field is required\",\"global_message\":\"This field is required\",\"global\":true},\"email\":{\"value\":true,\"message\":\"This field must contain a valid email\",\"global_message\":\"This field must contain a valid email\",\"global\":true}},\"input_text\":{\"required\":{\"value\":true,\"message\":\"This field is required\",\"global_message\":\"This field is required\",\"global\":true}},\"input_text_2\":{\"required\":{\"value\":false,\"message\":\"This field is required\",\"global_message\":\"This field is required\",\"global\":true}},\"g-recaptcha-response\":[]},\"debounce_time\":300};\n                            <\/script>\n            \n<\/div>\n\t\t\t\t\t\t<\/div>\n\t\t\t\t<\/div>\n\t\t\t\t<\/div>\n\t\t<div class=\"elementor-element elementor-element-ca7282c e-con-full elementor-hidden-tablet elementor-hidden-mobile e-flex e-con e-child\" data-id=\"ca7282c\" data-element_type=\"container\">\n\t\t\t\t<\/div>\n\t\t\t\t<\/div>\n\t\t\t\t<\/div>\n\t\t\t\t\t<\/div>\n\t\t\t\t<\/div>\n\t\t<div class=\"elementor-element elementor-element-297493e e-flex e-con-boxed e-con e-parent\" data-id=\"297493e\" data-element_type=\"container\">\n\t\t\t\t\t<div class=\"e-con-inner\">\n\t\t<div class=\"elementor-element elementor-element-31513b3 elementor-hidden-tablet elementor-hidden-mobile e-con-full e-flex e-con e-child\" data-id=\"31513b3\" data-element_type=\"container\">\n\t\t<div class=\"elementor-element elementor-element-2a29941 e-con-full e-flex e-con e-child\" data-id=\"2a29941\" data-element_type=\"container\">\n\t\t\t\t<div class=\"elementor-element elementor-element-6a54f8f elementor-widget elementor-widget-image\" data-id=\"6a54f8f\" data-element_type=\"widget\" data-widget_type=\"image.default\">\n\t\t\t\t<div class=\"elementor-widget-container\">\n\t\t\t\t\t\t\t\t\t\t\t\t\t\t\t<img loading=\"lazy\" decoding=\"async\" width=\"800\" height=\"600\" src=\"https:\/\/bcmgroup.in\/wp-content\/uploads\/2026\/01\/101-3-1024x768.webp\" class=\"attachment-large size-large wp-image-132072\" alt=\"\" srcset=\"https:\/\/bcmgroup.in\/wp-content\/uploads\/2026\/01\/101-3-1024x768.webp 1024w, https:\/\/bcmgroup.in\/wp-content\/uploads\/2026\/01\/101-3-300x225.webp 300w, https:\/\/bcmgroup.in\/wp-content\/uploads\/2026\/01\/101-3-768x576.webp 768w, https:\/\/bcmgroup.in\/wp-content\/uploads\/2026\/01\/101-3-1536x1152.webp 1536w, https:\/\/bcmgroup.in\/wp-content\/uploads\/2026\/01\/101-3-640x480.webp 640w, https:\/\/bcmgroup.in\/wp-content\/uploads\/2026\/01\/101-3.webp 1600w\" sizes=\"(max-width: 800px) 100vw, 800px\" \/>\t\t\t\t\t\t\t\t\t\t\t\t\t\t\t<\/div>\n\t\t\t\t<\/div>\n\t\t\t\t<\/div>\n\t\t<div class=\"elementor-element elementor-element-f387fa5 e-con-full e-flex e-con e-child\" data-id=\"f387fa5\" data-element_type=\"container\">\n\t\t\t\t<\/div>\n\t\t<div class=\"elementor-element elementor-element-a15925b e-con-full e-flex e-con e-child\" data-id=\"a15925b\" data-element_type=\"container\">\n\t\t\t\t<div class=\"elementor-element elementor-element-aa142c0 elementor-widget elementor-widget-image\" data-id=\"aa142c0\" data-element_type=\"widget\" data-widget_type=\"image.default\">\n\t\t\t\t<div class=\"elementor-widget-container\">\n\t\t\t\t\t\t\t\t\t\t\t\t\t\t\t<img loading=\"lazy\" decoding=\"async\" width=\"800\" height=\"600\" src=\"https:\/\/bcmgroup.in\/wp-content\/uploads\/2026\/01\/111-3-1-1-1024x768.webp\" class=\"attachment-large size-large wp-image-132216\" alt=\"\" srcset=\"https:\/\/bcmgroup.in\/wp-content\/uploads\/2026\/01\/111-3-1-1-1024x768.webp 1024w, https:\/\/bcmgroup.in\/wp-content\/uploads\/2026\/01\/111-3-1-1-300x225.webp 300w, https:\/\/bcmgroup.in\/wp-content\/uploads\/2026\/01\/111-3-1-1-768x576.webp 768w, https:\/\/bcmgroup.in\/wp-content\/uploads\/2026\/01\/111-3-1-1-1536x1152.webp 1536w, https:\/\/bcmgroup.in\/wp-content\/uploads\/2026\/01\/111-3-1-1-640x480.webp 640w, https:\/\/bcmgroup.in\/wp-content\/uploads\/2026\/01\/111-3-1-1.webp 1600w\" sizes=\"(max-width: 800px) 100vw, 800px\" \/>\t\t\t\t\t\t\t\t\t\t\t\t\t\t\t<\/div>\n\t\t\t\t<\/div>\n\t\t\t\t<\/div>\n\t\t\t\t<\/div>\n\t\t\t\t\t<\/div>\n\t\t\t\t<\/div>\n\t\t\t\t<\/div>\n\t\t","protected":false},"excerpt":{"rendered":"<p>Sazinieties ar mums Sazinieties ar mums<\/p>\n","protected":false},"author":1,"featured_media":0,"parent":0,"menu_order":0,"comment_status":"closed","ping_status":"closed","template":"elementor_header_footer","meta":{"googlesitekit_rrm_CAowi469DA:productID":"","footnotes":""},"class_list":["post-66580","page","type-page","status-publish","hentry"],"_links":{"self":[{"href":"https:\/\/bcmgroup.in\/lv\/wp-json\/wp\/v2\/pages\/66580","targetHints":{"allow":["GET"]}}],"collection":[{"href":"https:\/\/bcmgroup.in\/lv\/wp-json\/wp\/v2\/pages"}],"about":[{"href":"https:\/\/bcmgroup.in\/lv\/wp-json\/wp\/v2\/types\/page"}],"author":[{"embeddable":true,"href":"https:\/\/bcmgroup.in\/lv\/wp-json\/wp\/v2\/users\/1"}],"replies":[{"embeddable":true,"href":"https:\/\/bcmgroup.in\/lv\/wp-json\/wp\/v2\/comments?post=66580"}],"version-history":[{"count":71,"href":"https:\/\/bcmgroup.in\/lv\/wp-json\/wp\/v2\/pages\/66580\/revisions"}],"predecessor-version":[{"id":150948,"href":"https:\/\/bcmgroup.in\/lv\/wp-json\/wp\/v2\/pages\/66580\/revisions\/150948"}],"wp:attachment":[{"href":"https:\/\/bcmgroup.in\/lv\/wp-json\/wp\/v2\/media?parent=66580"}],"curies":[{"name":"wp","href":"https:\/\/api.w.org\/{rel}","templated":true}]}}