{"id":66560,"date":"2023-06-07T01:47:42","date_gmt":"2023-06-07T01:47:42","guid":{"rendered":"https:\/\/bcmgroup.in\/laipni-ludzam-bcm-group-konfidencialitates-politika\/"},"modified":"2025-12-03T10:24:39","modified_gmt":"2025-12-03T10:24:39","slug":"laipni-ludzam-bcm-group-konfidencialitates-politika","status":"publish","type":"page","link":"https:\/\/bcmgroup.in\/lv\/laipni-ludzam-bcm-group-konfidencialitates-politika\/","title":{"rendered":"Laipni l\u016bdzam BCM Group konfidencialit\u0101tes politik\u0101:"},"content":{"rendered":"\t\t<div data-elementor-type=\"wp-page\" data-elementor-id=\"66560\" class=\"elementor elementor-66560 elementor-17128\" data-elementor-post-type=\"page\">\n\t\t\t\t<div class=\"elementor-element elementor-element-f48b8d0 e-flex e-con-boxed e-con e-parent\" data-id=\"f48b8d0\" data-element_type=\"container\">\n\t\t\t\t\t<div class=\"e-con-inner\">\n\t\t\t\t<div class=\"elementor-element elementor-element-cede203 elementor-widget elementor-widget-heading\" data-id=\"cede203\" data-element_type=\"widget\" data-widget_type=\"heading.default\">\n\t\t\t\t<div class=\"elementor-widget-container\">\n\t\t\t\t\t<h1 class=\"elementor-heading-title elementor-size-default\">Laipni l\u016bdzam BCM Group konfidencialit\u0101tes politik\u0101:<\/h1>\t\t\t\t<\/div>\n\t\t\t\t<\/div>\n\t\t\t\t\t<\/div>\n\t\t\t\t<\/div>\n\t\t<div class=\"elementor-element elementor-element-2470629 e-flex e-con-boxed e-con e-parent\" data-id=\"2470629\" data-element_type=\"container\">\n\t\t\t\t\t<div class=\"e-con-inner\">\n\t\t\t\t<div class=\"elementor-element elementor-element-ab19c40 elementor-widget elementor-widget-text-editor\" data-id=\"ab19c40\" data-element_type=\"widget\" data-widget_type=\"text-editor.default\">\n\t\t\t\t<div class=\"elementor-widget-container\">\n\t\t\t\t\t\t\t\t\t<p>Uz\u0146\u0113mum\u0101 BCM Group m\u0113s esam ap\u0146\u0113mu\u0161ies aizsarg\u0101t j\u016bsu priv\u0101tumu un nodro\u0161in\u0101t, ka j\u016bsu personisk\u0101 inform\u0101cija tiek apstr\u0101d\u0101ta atbild\u012bgi. \u0160aj\u0101 Priv\u0101tuma politik\u0101 ir izkl\u0101st\u012bts, k\u0101 m\u0113s apkopojam, izmantojam, izpau\u017eam un aizsarg\u0101jam j\u016bsu inform\u0101ciju, kad apmekl\u0113jat m\u016bsu vietni vai mijiedarbojaties ar mums, izmantojot digit\u0101l\u0101 m\u0101rketinga aktivit\u0101tes.<\/p>\t\t\t\t\t\t\t\t<\/div>\n\t\t\t\t<\/div>\n\t\t\t\t\t<\/div>\n\t\t\t\t<\/div>\n\t\t<div class=\"elementor-element elementor-element-4b98e5c e-flex e-con-boxed e-con e-parent\" data-id=\"4b98e5c\" data-element_type=\"container\">\n\t\t\t\t\t<div class=\"e-con-inner\">\n\t\t\t\t<div class=\"elementor-element elementor-element-46ea4e1 elementor-widget elementor-widget-heading\" data-id=\"46ea4e1\" data-element_type=\"widget\" data-widget_type=\"heading.default\">\n\t\t\t\t<div class=\"elementor-widget-container\">\n\t\t\t\t\t<h2 class=\"elementor-heading-title elementor-size-default\">1. Inform\u0101cija, ko m\u0113s apkopojam\n<\/h2>\t\t\t\t<\/div>\n\t\t\t\t<\/div>\n\t\t\t\t\t<\/div>\n\t\t\t\t<\/div>\n\t\t<div class=\"elementor-element elementor-element-22794ea e-flex e-con-boxed e-con e-parent\" data-id=\"22794ea\" data-element_type=\"container\">\n\t\t\t\t\t<div class=\"e-con-inner\">\n\t\t\t\t<div class=\"elementor-element elementor-element-e1e90dc elementor-widget elementor-widget-text-editor\" data-id=\"e1e90dc\" data-element_type=\"widget\" data-widget_type=\"text-editor.default\">\n\t\t\t\t<div class=\"elementor-widget-container\">\n\t\t\t\t\t\t\t\t\t<ul>\n<li><strong>Person\u012bg\u0101 inform\u0101cija: <\/strong>Kad apmekl\u0113jat m\u016bsu t\u012bmek\u013ca vietni vai iesaist\u0101ties m\u016bsu digit\u0101l\u0101 m\u0101rketinga aktivit\u0101t\u0113s, m\u0113s varam apkopot t\u0101du personisko inform\u0101ciju k\u0101 j\u016bsu v\u0101rds, e-pasta adrese, t\u0101lru\u0146a numurs un jebk\u0101da cita inform\u0101cija, ko j\u016bs sniedzat br\u012bvpr\u0101t\u012bgi.<\/li>\n<li><strong>Lieto\u0161anas dati:<\/strong>\u00a0m\u0113s varam apkopot inform\u0101ciju par j\u016bsu p\u0101rl\u016bko\u0161anas paradumiem m\u016bsu t\u012bmek\u013ca vietn\u0113, tostarp par lap\u0101m, kuras apmekl\u0113jat, sait\u0113m, uz kur\u0101m noklik\u0161\u0137in\u0101t, un cit\u0101m darb\u012bb\u0101m, ko veicat.<\/li>\n<li><strong>Ier\u012bces inform\u0101cija:<\/strong>\u00a0M\u0113s varam apkopot inform\u0101ciju par ier\u012bci, ko izmantojat, lai piek\u013c\u016btu m\u016bsu t\u012bmek\u013ca vietnei vai mijiedarbotos ar m\u016bsu digit\u0101l\u0101 m\u0101rketinga aktivit\u0101t\u0113m, piem\u0113ram, j\u016bsu IP adresi, p\u0101rl\u016bkprogrammas veidu un oper\u0113t\u0101jsist\u0113mu.<\/li>\n<\/ul>\t\t\t\t\t\t\t\t<\/div>\n\t\t\t\t<\/div>\n\t\t\t\t\t<\/div>\n\t\t\t\t<\/div>\n\t\t<div class=\"elementor-element elementor-element-b0f2a50 e-flex e-con-boxed e-con e-parent\" data-id=\"b0f2a50\" data-element_type=\"container\">\n\t\t\t\t\t<div class=\"e-con-inner\">\n\t\t\t\t<div class=\"elementor-element elementor-element-ffa659e elementor-widget elementor-widget-heading\" data-id=\"ffa659e\" data-element_type=\"widget\" data-widget_type=\"heading.default\">\n\t\t\t\t<div class=\"elementor-widget-container\">\n\t\t\t\t\t<h2 class=\"elementor-heading-title elementor-size-default\">2. K\u0101 m\u0113s izmantojam j\u016bsu inform\u0101ciju\n<\/h2>\t\t\t\t<\/div>\n\t\t\t\t<\/div>\n\t\t\t\t\t<\/div>\n\t\t\t\t<\/div>\n\t\t<div class=\"elementor-element elementor-element-84e94c8 e-flex e-con-boxed e-con e-parent\" data-id=\"84e94c8\" data-element_type=\"container\">\n\t\t\t\t\t<div class=\"e-con-inner\">\n\t\t\t\t<div class=\"elementor-element elementor-element-7034023 elementor-widget elementor-widget-text-editor\" data-id=\"7034023\" data-element_type=\"widget\" data-widget_type=\"text-editor.default\">\n\t\t\t\t<div class=\"elementor-widget-container\">\n\t\t\t\t\t\t\t\t\t<ul>\n<li><strong>Pakalpojumu snieg\u0161anai:<\/strong>\u00a0M\u0113s varam izmantot j\u016bsu personas inform\u0101ciju, lai sniegtu jums j\u016bsu piepras\u012btos pakalpojumus, piem\u0113ram, atbild\u0113tu uz j\u016bsu jaut\u0101jumiem vai apstr\u0101d\u0101tu j\u016bsu darba pieteikumus.<\/li>\n<li><strong>Lai uzlabotu m\u016bsu pakalpojumus: <\/strong>M\u0113s varam izmantot apkopoto inform\u0101ciju, lai analiz\u0113tu tendences, izsekotu lietot\u0101ju mijiedarb\u012bbu un uzlabotu m\u016bsu t\u012bmek\u013ca vietnes un pakalpojumu kvalit\u0101ti.<\/li>\n<li><strong>M\u0101rketings un komunik\u0101cija: <\/strong>Ar j\u016bsu piekri\u0161anu m\u0113s varam izmantot j\u016bsu kontaktinform\u0101ciju, lai nos\u016bt\u012btu jums rekl\u0101mas materi\u0101lus, informat\u012bvos bi\u013cetenus vai citus pazi\u0146ojumus par m\u016bsu pakalpojumiem vai gaid\u0101majiem pas\u0101kumiem.<\/li>\n<\/ul>\t\t\t\t\t\t\t\t<\/div>\n\t\t\t\t<\/div>\n\t\t\t\t\t<\/div>\n\t\t\t\t<\/div>\n\t\t<div class=\"elementor-element elementor-element-0c97172 e-flex e-con-boxed e-con e-parent\" data-id=\"0c97172\" data-element_type=\"container\">\n\t\t\t\t\t<div class=\"e-con-inner\">\n\t\t\t\t<div class=\"elementor-element elementor-element-b4a14de elementor-widget elementor-widget-heading\" data-id=\"b4a14de\" data-element_type=\"widget\" data-widget_type=\"heading.default\">\n\t\t\t\t<div class=\"elementor-widget-container\">\n\t\t\t\t\t<h2 class=\"elementor-heading-title elementor-size-default\">3. Datu koplieto\u0161ana un izpau\u0161ana\n<\/h2>\t\t\t\t<\/div>\n\t\t\t\t<\/div>\n\t\t\t\t\t<\/div>\n\t\t\t\t<\/div>\n\t\t<div class=\"elementor-element elementor-element-829818f e-flex e-con-boxed e-con e-parent\" data-id=\"829818f\" data-element_type=\"container\">\n\t\t\t\t\t<div class=\"e-con-inner\">\n\t\t\t\t<div class=\"elementor-element elementor-element-e6d1526 elementor-widget elementor-widget-text-editor\" data-id=\"e6d1526\" data-element_type=\"widget\" data-widget_type=\"text-editor.default\">\n\t\t\t\t<div class=\"elementor-widget-container\">\n\t\t\t\t\t\t\t\t\t<ul>\n<li><strong>Tre\u0161o pu\u0161u pakalpojumu sniedz\u0113ji: <\/strong>M\u0113s varam kop\u012bgot j\u016bsu inform\u0101ciju ar tre\u0161o pu\u0161u pakalpojumu sniedz\u0113jiem, kas pal\u012bdz mums p\u0101rvald\u012bt m\u016bsu t\u012bmek\u013ca vietni, veikt m\u016bsu uz\u0146\u0113m\u0113jdarb\u012bbu vai sniegt jums pakalpojumus. \u0160iem pakalpojumu sniedz\u0113jiem ir l\u012bgumsaist\u012bbas izmantot j\u016bsu inform\u0101ciju tikai tikt\u0101l, cikt\u0101l tas nepiecie\u0161ams, lai sniegtu m\u016bsu piepras\u012btos pakalpojumus.<\/li>\n<li><strong>Atbilst\u012bba juridiskajiem noteikumiem:<\/strong>\u00a0M\u0113s varam izpaust j\u016bsu inform\u0101ciju, ja to pieprasa likums vai atbildot uz pamatotiem juridiskiem piepras\u012bjumiem, piem\u0113ram, tiesas pav\u0113st\u0113m vai r\u012bkojumiem.<\/li>\n<\/ul>\t\t\t\t\t\t\t\t<\/div>\n\t\t\t\t<\/div>\n\t\t\t\t\t<\/div>\n\t\t\t\t<\/div>\n\t\t<div class=\"elementor-element elementor-element-1e96a11 e-flex e-con-boxed e-con e-parent\" data-id=\"1e96a11\" data-element_type=\"container\">\n\t\t\t\t\t<div class=\"e-con-inner\">\n\t\t\t\t<div class=\"elementor-element elementor-element-6d5e163 elementor-widget elementor-widget-heading\" data-id=\"6d5e163\" data-element_type=\"widget\" data-widget_type=\"heading.default\">\n\t\t\t\t<div class=\"elementor-widget-container\">\n\t\t\t\t\t<h2 class=\"elementor-heading-title elementor-size-default\">4. Datu dro\u0161\u012bba\n<\/h2>\t\t\t\t<\/div>\n\t\t\t\t<\/div>\n\t\t\t\t\t<\/div>\n\t\t\t\t<\/div>\n\t\t<div class=\"elementor-element elementor-element-1ef0443 e-flex e-con-boxed e-con e-parent\" data-id=\"1ef0443\" data-element_type=\"container\">\n\t\t\t\t\t<div class=\"e-con-inner\">\n\t\t\t\t<div class=\"elementor-element elementor-element-682202f elementor-widget elementor-widget-text-editor\" data-id=\"682202f\" data-element_type=\"widget\" data-widget_type=\"text-editor.default\">\n\t\t\t\t<div class=\"elementor-widget-container\">\n\t\t\t\t\t\t\t\t\t<p>M\u0113s veicam sapr\u0101t\u012bgus piesardz\u012bbas pas\u0101kumus, lai aizsarg\u0101tu j\u016bsu personas inform\u0101ciju no nesankcion\u0113tas piek\u013cuves, izmanto\u0161anas vai izpau\u0161anas. Tom\u0113r neviena p\u0101rraides metode internet\u0101 vai elektronisk\u0101 glab\u0101\u0161an\u0101 nav 100% dro\u0161a, un m\u0113s nevaram garant\u0113t absol\u016btu dro\u0161\u012bbu.<\/p>\t\t\t\t\t\t\t\t<\/div>\n\t\t\t\t<\/div>\n\t\t\t\t\t<\/div>\n\t\t\t\t<\/div>\n\t\t<div class=\"elementor-element elementor-element-e3b63f6 e-flex e-con-boxed e-con e-parent\" data-id=\"e3b63f6\" data-element_type=\"container\">\n\t\t\t\t\t<div class=\"e-con-inner\">\n\t\t\t\t<div class=\"elementor-element elementor-element-706c64d elementor-widget elementor-widget-heading\" data-id=\"706c64d\" data-element_type=\"widget\" data-widget_type=\"heading.default\">\n\t\t\t\t<div class=\"elementor-widget-container\">\n\t\t\t\t\t<h2 class=\"elementor-heading-title elementor-size-default\">5. J\u016bsu ties\u012bbas\n<\/h2>\t\t\t\t<\/div>\n\t\t\t\t<\/div>\n\t\t\t\t\t<\/div>\n\t\t\t\t<\/div>\n\t\t<div class=\"elementor-element elementor-element-9bcea02 e-flex e-con-boxed e-con e-parent\" data-id=\"9bcea02\" data-element_type=\"container\">\n\t\t\t\t\t<div class=\"e-con-inner\">\n\t\t\t\t<div class=\"elementor-element elementor-element-ddc9590 elementor-widget elementor-widget-text-editor\" data-id=\"ddc9590\" data-element_type=\"widget\" data-widget_type=\"text-editor.default\">\n\t\t\t\t<div class=\"elementor-widget-container\">\n\t\t\t\t\t\t\t\t\t<ul>\n<li><strong>Piek\u013cuve un labo\u0161ana: <\/strong>Jums ir ties\u012bbas piek\u013c\u016bt un labot jebk\u0101du j\u016bsu personas inform\u0101ciju, kas mums ir par jums. J\u016bs varat ar\u012b piepras\u012bt, lai m\u0113s dz\u0113\u0161am j\u016bsu personas inform\u0101ciju, iev\u0113rojot noteiktus iz\u0146\u0113mumus.<\/li>\n<li><strong>M\u0101rketinga preferences: <\/strong>Jums ir ties\u012bbas jebkur\u0101 laik\u0101 atteikties no m\u016bsu m\u0101rketinga sazi\u0146as. To var izdar\u012bt, izpildot m\u016bsu e-pastos iek\u013cautos atteik\u0161an\u0101s nor\u0101d\u012bjumus vai sazinoties ar mums tie\u0161i.<\/li>\n<\/ul>\t\t\t\t\t\t\t\t<\/div>\n\t\t\t\t<\/div>\n\t\t\t\t\t<\/div>\n\t\t\t\t<\/div>\n\t\t<div class=\"elementor-element elementor-element-06cc686 e-flex e-con-boxed e-con e-parent\" data-id=\"06cc686\" data-element_type=\"container\">\n\t\t\t\t\t<div class=\"e-con-inner\">\n\t\t\t\t<div class=\"elementor-element elementor-element-d59d637 elementor-widget elementor-widget-heading\" data-id=\"d59d637\" data-element_type=\"widget\" data-widget_type=\"heading.default\">\n\t\t\t\t<div class=\"elementor-widget-container\">\n\t\t\t\t\t<h2 class=\"elementor-heading-title elementor-size-default\">6. Izmai\u0146as \u0161aj\u0101 priv\u0101tuma politik\u0101\n<\/h2>\t\t\t\t<\/div>\n\t\t\t\t<\/div>\n\t\t\t\t\t<\/div>\n\t\t\t\t<\/div>\n\t\t<div class=\"elementor-element elementor-element-e191a50 e-flex e-con-boxed e-con e-parent\" data-id=\"e191a50\" data-element_type=\"container\">\n\t\t\t\t\t<div class=\"e-con-inner\">\n\t\t\t\t<div class=\"elementor-element elementor-element-f12e348 elementor-widget elementor-widget-text-editor\" data-id=\"f12e348\" data-element_type=\"widget\" data-widget_type=\"text-editor.default\">\n\t\t\t\t<div class=\"elementor-widget-container\">\n\t\t\t\t\t\t\t\t\t<p>M\u0113s varam laiku pa laikam atjaunin\u0101t \u0161o Priv\u0101tuma politiku, lai atspogu\u013cotu izmai\u0146as m\u016bsu praks\u0113 vai juridiskaj\u0101s pras\u012bb\u0101s. M\u0113s j\u016bs inform\u0113sim par jebk\u0101d\u0101m b\u016btisk\u0101m izmai\u0146\u0101m, public\u0113jot atjaunin\u0101to politiku m\u016bsu vietn\u0113 vai sazinoties ar jums tie\u0161i.<\/p>\t\t\t\t\t\t\t\t<\/div>\n\t\t\t\t<\/div>\n\t\t\t\t\t<\/div>\n\t\t\t\t<\/div>\n\t\t<div class=\"elementor-element elementor-element-bf796cd e-flex e-con-boxed e-con e-parent\" data-id=\"bf796cd\" data-element_type=\"container\">\n\t\t\t\t\t<div class=\"e-con-inner\">\n\t\t\t\t<div class=\"elementor-element elementor-element-c04fa85 elementor-widget elementor-widget-heading\" data-id=\"c04fa85\" data-element_type=\"widget\" data-widget_type=\"heading.default\">\n\t\t\t\t<div class=\"elementor-widget-container\">\n\t\t\t\t\t<h2 class=\"elementor-heading-title elementor-size-default\">7. Sazinieties ar mums\n<\/h2>\t\t\t\t<\/div>\n\t\t\t\t<\/div>\n\t\t\t\t\t<\/div>\n\t\t\t\t<\/div>\n\t\t<div class=\"elementor-element elementor-element-6e41ebf e-flex e-con-boxed e-con e-parent\" data-id=\"6e41ebf\" data-element_type=\"container\">\n\t\t\t\t\t<div class=\"e-con-inner\">\n\t\t\t\t<div class=\"elementor-element elementor-element-648799a elementor-widget elementor-widget-text-editor\" data-id=\"648799a\" data-element_type=\"widget\" data-widget_type=\"text-editor.default\">\n\t\t\t\t<div class=\"elementor-widget-container\">\n\t\t\t\t\t\t\t\t\t<p>Ja jums ir k\u0101di jaut\u0101jumi vai neskaidr\u012bbas par \u0161o Priv\u0101tuma politiku vai m\u016bsu datu praksi, l\u016bdzu, sazinieties ar mums: <a href=\"mailto:info@bcmgroup.in\" target=\"_blank\" rel=\"noreferrer noopener\">info@bcmgroup.in<br \/><\/a>Izmantojot m\u016bsu t\u012bmek\u013ca vietni vai mijiedarbojoties ar m\u016bsu digit\u0101l\u0101 m\u0101rketinga aktivit\u0101t\u0113m, j\u016bs piekr\u012btat \u0161\u012bs Priv\u0101tuma politikas noteikumiem.<\/p>\t\t\t\t\t\t\t\t<\/div>\n\t\t\t\t<\/div>\n\t\t\t\t\t<\/div>\n\t\t\t\t<\/div>\n\t\t\t\t<\/div>\n\t\t","protected":false},"excerpt":{"rendered":"<p>Laipni l\u016bdzam BCM Group konfidencialit\u0101tes politik\u0101: Uz\u0146\u0113mum\u0101 BCM Group m\u0113s esam ap\u0146\u0113mu\u0161ies aizsarg\u0101t j\u016bsu priv\u0101tumu un nodro\u0161in\u0101t, ka j\u016bsu personisk\u0101 inform\u0101cija tiek apstr\u0101d\u0101ta atbild\u012bgi. \u0160aj\u0101 Priv\u0101tuma politik\u0101 ir izkl\u0101st\u012bts, k\u0101 m\u0113s apkopojam, izmantojam, izpau\u017eam un aizsarg\u0101jam j\u016bsu inform\u0101ciju, kad apmekl\u0113jat m\u016bsu vietni vai mijiedarbojaties ar mums, izmantojot digit\u0101l\u0101 m\u0101rketinga aktivit\u0101tes. 1. Inform\u0101cija, ko m\u0113s apkopojam [&hellip;]<\/p>\n","protected":false},"author":1,"featured_media":0,"parent":0,"menu_order":0,"comment_status":"closed","ping_status":"open","template":"elementor_canvas","meta":{"googlesitekit_rrm_CAowi469DA:productID":"","footnotes":""},"class_list":["post-66560","page","type-page","status-publish","hentry"],"_links":{"self":[{"href":"https:\/\/bcmgroup.in\/lv\/wp-json\/wp\/v2\/pages\/66560","targetHints":{"allow":["GET"]}}],"collection":[{"href":"https:\/\/bcmgroup.in\/lv\/wp-json\/wp\/v2\/pages"}],"about":[{"href":"https:\/\/bcmgroup.in\/lv\/wp-json\/wp\/v2\/types\/page"}],"author":[{"embeddable":true,"href":"https:\/\/bcmgroup.in\/lv\/wp-json\/wp\/v2\/users\/1"}],"replies":[{"embeddable":true,"href":"https:\/\/bcmgroup.in\/lv\/wp-json\/wp\/v2\/comments?post=66560"}],"version-history":[{"count":10,"href":"https:\/\/bcmgroup.in\/lv\/wp-json\/wp\/v2\/pages\/66560\/revisions"}],"predecessor-version":[{"id":117481,"href":"https:\/\/bcmgroup.in\/lv\/wp-json\/wp\/v2\/pages\/66560\/revisions\/117481"}],"wp:attachment":[{"href":"https:\/\/bcmgroup.in\/lv\/wp-json\/wp\/v2\/media?parent=66560"}],"curies":[{"name":"wp","href":"https:\/\/api.w.org\/{rel}","templated":true}]}}