{"id":66117,"date":"2024-05-28T06:16:57","date_gmt":"2024-05-28T06:16:57","guid":{"rendered":"https:\/\/bcmgroup.in\/darbavietas-arzemes\/"},"modified":"2025-06-26T12:43:40","modified_gmt":"2025-06-26T12:43:40","slug":"darbavietas-arzemes","status":"publish","type":"page","link":"https:\/\/bcmgroup.in\/lv\/darbavietas-arzemes\/","title":{"rendered":"Darbavietas \u0101rzem\u0113s"},"content":{"rendered":"\t\t<div data-elementor-type=\"wp-page\" data-elementor-id=\"66117\" class=\"elementor elementor-66117 elementor-66133\" data-elementor-post-type=\"page\">\n\t\t\t\t<div class=\"elementor-element elementor-element-bc8703b e-flex e-con-boxed e-con e-parent\" data-id=\"bc8703b\" data-element_type=\"container\">\n\t\t\t\t\t<div class=\"e-con-inner\">\n\t\t\t\t<div class=\"elementor-element elementor-element-05df84e elementor-widget elementor-widget-gimont_elementor_heading\" data-id=\"05df84e\" data-element_type=\"widget\" data-widget_type=\"gimont_elementor_heading.default\">\n\t\t\t\t<div class=\"elementor-widget-container\">\n\t\t\t\t\t\n\t\t\t<div class=\"ova-heading template_1\">\n\t\t\t\t\t\t\t\t\n\t\t\t\t\t\t\t\t\t\t\t\t\t\t\t<h1 class=\"title\">Darbs \u0101rzem\u0113s \u2013 Atrodi darbu \u0101rzem\u0113s pie mums<\/h1>\n\t\t\t\t\t\t\t\t\t\t\n\t\t\t\t\t\t\t\t\n\t\t\t\t\n\t\t\t<\/div>\n\n\t\t\t\t\t\t<\/div>\n\t\t\t\t<\/div>\n\t\t\t\t\t<\/div>\n\t\t\t\t<\/div>\n\t\t<div class=\"elementor-element elementor-element-58f6f28 e-flex e-con-boxed e-con e-parent\" data-id=\"58f6f28\" data-element_type=\"container\">\n\t\t\t\t\t<div class=\"e-con-inner\">\n\t\t\t\t<div class=\"elementor-element elementor-element-e64258b elementor-widget elementor-widget-gimont_elementor_heading\" data-id=\"e64258b\" data-element_type=\"widget\" data-widget_type=\"gimont_elementor_heading.default\">\n\t\t\t\t<div class=\"elementor-widget-container\">\n\t\t\t\t\t\n\t\t\t<div class=\"ova-heading template_1\">\n\t\t\t\t\t\t\t\t\n\t\t\t\t\t\t\t\t\t\t\t\t\t\t\t<h2 class=\"title\">Piesakieties m\u016bsu darba vakanc\u0113m Eirop\u0101<\/h2>\n\t\t\t\t\t\t\t\t\t\t\n\t\t\t\t\t\t\t\t\n\t\t\t\t\n\t\t\t<\/div>\n\n\t\t\t\t\t\t<\/div>\n\t\t\t\t<\/div>\n\t\t\t\t\t<\/div>\n\t\t\t\t<\/div>\n\t\t<div class=\"elementor-element elementor-element-88f3ea3 e-flex e-con-boxed e-con e-parent\" data-id=\"88f3ea3\" data-element_type=\"container\">\n\t\t\t\t\t<div class=\"e-con-inner\">\n\t\t\t\t<div class=\"elementor-element elementor-element-e9e57e3 elementor-widget elementor-widget-text-editor\" data-id=\"e9e57e3\" data-element_type=\"widget\" data-widget_type=\"text-editor.default\">\n\t\t\t\t<div class=\"elementor-widget-container\">\n\t\t\t\t\t\t\t\t\t<div class=\"elementor-element elementor-element-88f3ea3 e-flex e-con-boxed e-con e-parent e-lazyloaded\" data-id=\"88f3ea3\" data-element_type=\"container\"><div class=\"e-con-inner\"><div class=\"elementor-element elementor-element-e9e57e3 elementor-widget elementor-widget-text-editor\" data-id=\"e9e57e3\" data-element_type=\"widget\" data-widget_type=\"text-editor.default\"><div class=\"elementor-widget-container\"><p>Mums ir darba vakances \u0101rzem\u0113s. Izv\u0113lieties savu valsti, lai pieteiktos darba vakanc\u0113m Eirop\u0101. Varat ar\u012b apskat\u012bt darba vakances, kas atbilst j\u016bsu prasm\u0113m. Visi darba mekl\u0113t\u0101ji, kurus interes\u0113 darbs \u0101rzem\u0113s, var pieteikties pie mums t\u0101l\u0101kai apstr\u0101dei.   <\/p><\/div><\/div><\/div><\/div>\t\t\t\t\t\t\t\t<\/div>\n\t\t\t\t<\/div>\n\t\t\t\t\t<\/div>\n\t\t\t\t<\/div>\n\t\t<div class=\"elementor-element elementor-element-9f78deb e-flex e-con-boxed e-con e-parent\" data-id=\"9f78deb\" data-element_type=\"container\">\n\t\t\t\t\t<div class=\"e-con-inner\">\n\t\t<div class=\"elementor-element elementor-element-3a5259b e-con-full e-flex e-con e-child\" data-id=\"3a5259b\" data-element_type=\"container\">\n\t\t\t\t<div class=\"elementor-element elementor-element-75c1a0e elementor-widget-tablet__width-initial elementor-widget elementor-widget-gimont_elementor_image_box\" data-id=\"75c1a0e\" data-element_type=\"widget\" data-widget_type=\"gimont_elementor_image_box.default\">\n\t\t\t\t<div class=\"elementor-widget-container\">\n\t\t\t\t\t\n\t\t\t<div class=\"ova-image-box\">\n\n\t\t\t\t\t\t\t\t\t<img decoding=\"async\" src=\"https:\/\/bcmgroup.in\/wp-content\/uploads\/2025\/03\/Untitled-design-10.webp\" alt=\"abroad jobs - Romania\" class=\"img-box\">\n\t\t\t\t\n\t\t\t\t<div class=\"content_inner\">\n\t\t\t\t\t\t\t\t\t\t\t\t\t\t\t\t\t\t<h3 class=\"title\">Darba pied\u0101v\u0101jumi Rum\u0101nij\u0101<\/h3>\n\t\t\t\t\t\t\t\t\t\t\t\t\t\t\t\t\t\t\t\t\t\t\t\t\t\t\t<a href=\"\" class=\"text_link\"  >\n\t\t\t\t\t\t\t<span class=\"text-button\">\n\t\t\t\t\t\t\t\tPieteikties t\u016bl\u012bt\t\t\t\t\t\t\t<\/span>\n\t\t\t\t\t\t\t<i aria-hidden=\"true\" class=\"flaticonnew- flaticon-new-right\"><\/i>\n\t\t\t\t\t\t<\/a>\n\t\t\t\t\t\t\t\t\t<\/div>\n\n\t\t\t<\/div>\n\n\t\t\t\t\t\t<\/div>\n\t\t\t\t<\/div>\n\t\t\t\t<\/div>\n\t\t<div class=\"elementor-element elementor-element-c035f14 e-con-full e-flex e-con e-child\" data-id=\"c035f14\" data-element_type=\"container\">\n\t\t\t\t<div class=\"elementor-element elementor-element-8727b6a elementor-widget elementor-widget-gimont_elementor_image_box\" data-id=\"8727b6a\" data-element_type=\"widget\" data-widget_type=\"gimont_elementor_image_box.default\">\n\t\t\t\t<div class=\"elementor-widget-container\">\n\t\t\t\t\t\n\t\t\t<div class=\"ova-image-box\">\n\n\t\t\t\t\t\t\t\t\t<img decoding=\"async\" src=\"https:\/\/bcmgroup.in\/wp-content\/uploads\/2025\/03\/Untitled-design-2.webp\" alt=\"\" class=\"img-box\">\n\t\t\t\t\n\t\t\t\t<div class=\"content_inner\">\n\t\t\t\t\t\t\t\t\t\t\t\t\t\t\t\t\t\t<h3 class=\"title\">Ung\u0101rijas darba pied\u0101v\u0101jumi<\/h3>\n\t\t\t\t\t\t\t\t\t\t\t\t\t\t\t\t\t\t\t\t\t\t\t\t\t\t\t<a href=\"\" class=\"text_link\"  >\n\t\t\t\t\t\t\t<span class=\"text-button\">\n\t\t\t\t\t\t\t\tPieteikties t\u016bl\u012bt\t\t\t\t\t\t\t<\/span>\n\t\t\t\t\t\t\t<i aria-hidden=\"true\" class=\"flaticonnew- flaticon-new-right\"><\/i>\n\t\t\t\t\t\t<\/a>\n\t\t\t\t\t\t\t\t\t<\/div>\n\n\t\t\t<\/div>\n\n\t\t\t\t\t\t<\/div>\n\t\t\t\t<\/div>\n\t\t\t\t<\/div>\n\t\t<div class=\"elementor-element elementor-element-69d531b e-con-full e-flex e-con e-child\" data-id=\"69d531b\" data-element_type=\"container\">\n\t\t\t\t<div class=\"elementor-element elementor-element-2ec03d0 elementor-widget elementor-widget-gimont_elementor_image_box\" data-id=\"2ec03d0\" data-element_type=\"widget\" data-widget_type=\"gimont_elementor_image_box.default\">\n\t\t\t\t<div class=\"elementor-widget-container\">\n\t\t\t\t\t\n\t\t\t<div class=\"ova-image-box\">\n\n\t\t\t\t\t\t\t\t\t<img decoding=\"async\" src=\"https:\/\/bcmgroup.in\/wp-content\/uploads\/2025\/03\/3-2.webp\" alt=\"\" class=\"img-box\">\n\t\t\t\t\n\t\t\t\t<div class=\"content_inner\">\n\t\t\t\t\t\t\t\t\t\t\t\t\t\t\t\t\t\t<h3 class=\"title\">Horv\u0101tijas darba pied\u0101v\u0101jumi<\/h3>\n\t\t\t\t\t\t\t\t\t\t\t\t\t\t\t\t\t\t\t\t\t\t\t\t\t\t\t<a href=\"\" class=\"text_link\"  >\n\t\t\t\t\t\t\t<span class=\"text-button\">\n\t\t\t\t\t\t\t\tPieteikties t\u016bl\u012bt\t\t\t\t\t\t\t<\/span>\n\t\t\t\t\t\t\t<i aria-hidden=\"true\" class=\"flaticonnew- flaticon-new-right\"><\/i>\n\t\t\t\t\t\t<\/a>\n\t\t\t\t\t\t\t\t\t<\/div>\n\n\t\t\t<\/div>\n\n\t\t\t\t\t\t<\/div>\n\t\t\t\t<\/div>\n\t\t\t\t<\/div>\n\t\t\t\t\t<\/div>\n\t\t\t\t<\/div>\n\t\t<div class=\"elementor-element elementor-element-5b126fb e-flex e-con-boxed e-con e-parent\" data-id=\"5b126fb\" data-element_type=\"container\">\n\t\t\t\t\t<div class=\"e-con-inner\">\n\t\t<div class=\"elementor-element elementor-element-a348c7a e-con-full e-flex e-con e-child\" data-id=\"a348c7a\" data-element_type=\"container\">\n\t\t\t\t<div class=\"elementor-element elementor-element-9656290 elementor-widget elementor-widget-gimont_elementor_image_box\" data-id=\"9656290\" data-element_type=\"widget\" data-widget_type=\"gimont_elementor_image_box.default\">\n\t\t\t\t<div class=\"elementor-widget-container\">\n\t\t\t\t\t\n\t\t\t<div class=\"ova-image-box\">\n\n\t\t\t\t\t\t\t\t\t<img decoding=\"async\" src=\"https:\/\/bcmgroup.in\/wp-content\/uploads\/2025\/03\/4-3.webp\" alt=\"banen in het buitenland\" class=\"img-box\">\n\t\t\t\t\n\t\t\t\t<div class=\"content_inner\">\n\t\t\t\t\t\t\t\t\t\t\t\t\t\t\t\t\t\t<h3 class=\"title\">Igaunijas darbavietas<\/h3>\n\t\t\t\t\t\t\t\t\t\t\t\t\t\t\t\t\t\t\t\t\t\t\t\t\t\t\t<a href=\"\" class=\"text_link\"  >\n\t\t\t\t\t\t\t<span class=\"text-button\">\n\t\t\t\t\t\t\t\tPieteikties t\u016bl\u012bt\t\t\t\t\t\t\t<\/span>\n\t\t\t\t\t\t\t<i aria-hidden=\"true\" class=\"flaticonnew- flaticon-new-right\"><\/i>\n\t\t\t\t\t\t<\/a>\n\t\t\t\t\t\t\t\t\t<\/div>\n\n\t\t\t<\/div>\n\n\t\t\t\t\t\t<\/div>\n\t\t\t\t<\/div>\n\t\t\t\t<\/div>\n\t\t<div class=\"elementor-element elementor-element-443f886 e-con-full e-flex e-con e-child\" data-id=\"443f886\" data-element_type=\"container\">\n\t\t\t\t<div class=\"elementor-element elementor-element-cbf4fab elementor-widget elementor-widget-gimont_elementor_image_box\" data-id=\"cbf4fab\" data-element_type=\"widget\" data-widget_type=\"gimont_elementor_image_box.default\">\n\t\t\t\t<div class=\"elementor-widget-container\">\n\t\t\t\t\t\n\t\t\t<div class=\"ova-image-box\">\n\n\t\t\t\t\t\t\t\t\t<img decoding=\"async\" src=\"https:\/\/bcmgroup.in\/wp-content\/uploads\/2025\/03\/5-2.webp\" alt=\"banen in het buitenland\" class=\"img-box\">\n\t\t\t\t\n\t\t\t\t<div class=\"content_inner\">\n\t\t\t\t\t\t\t\t\t\t\t\t\t\t\t\t\t\t<h3 class=\"title\">Darba pied\u0101v\u0101jumi Latvij\u0101<\/h3>\n\t\t\t\t\t\t\t\t\t\t\t\t\t\t\t\t\t\t\t\t\t\t\t\t\t\t\t<a href=\"\" class=\"text_link\"  >\n\t\t\t\t\t\t\t<span class=\"text-button\">\n\t\t\t\t\t\t\t\tPieteikties t\u016bl\u012bt\t\t\t\t\t\t\t<\/span>\n\t\t\t\t\t\t\t<i aria-hidden=\"true\" class=\"flaticonnew- flaticon-new-right\"><\/i>\n\t\t\t\t\t\t<\/a>\n\t\t\t\t\t\t\t\t\t<\/div>\n\n\t\t\t<\/div>\n\n\t\t\t\t\t\t<\/div>\n\t\t\t\t<\/div>\n\t\t\t\t<\/div>\n\t\t<div class=\"elementor-element elementor-element-6d486f2 e-con-full e-flex e-con e-child\" data-id=\"6d486f2\" data-element_type=\"container\">\n\t\t\t\t<div class=\"elementor-element elementor-element-bc9957a elementor-widget elementor-widget-gimont_elementor_image_box\" data-id=\"bc9957a\" data-element_type=\"widget\" data-widget_type=\"gimont_elementor_image_box.default\">\n\t\t\t\t<div class=\"elementor-widget-container\">\n\t\t\t\t\t\n\t\t\t<div class=\"ova-image-box\">\n\n\t\t\t\t\t\t\t\t\t<img decoding=\"async\" src=\"https:\/\/bcmgroup.in\/wp-content\/uploads\/2025\/03\/Untitled-design-11-1.webp\" alt=\"\" class=\"img-box\">\n\t\t\t\t\n\t\t\t\t<div class=\"content_inner\">\n\t\t\t\t\t\t\t\t\t\t\t\t\t\t\t\t\t\t<h3 class=\"title\">Serbijas darbavietas<\/h3>\n\t\t\t\t\t\t\t\t\t\t\t\t\t\t\t\t\t\t\t\t\t\t\t\t\t\t\t<a href=\"\" class=\"text_link\"  >\n\t\t\t\t\t\t\t<span class=\"text-button\">\n\t\t\t\t\t\t\t\tPieteikties t\u016bl\u012bt\t\t\t\t\t\t\t<\/span>\n\t\t\t\t\t\t\t<i aria-hidden=\"true\" class=\"flaticonnew- flaticon-new-right\"><\/i>\n\t\t\t\t\t\t<\/a>\n\t\t\t\t\t\t\t\t\t<\/div>\n\n\t\t\t<\/div>\n\n\t\t\t\t\t\t<\/div>\n\t\t\t\t<\/div>\n\t\t\t\t<\/div>\n\t\t\t\t\t<\/div>\n\t\t\t\t<\/div>\n\t\t<div class=\"elementor-element elementor-element-0439112 e-flex e-con-boxed e-con e-parent\" data-id=\"0439112\" data-element_type=\"container\">\n\t\t\t\t\t<div class=\"e-con-inner\">\n\t\t<div class=\"elementor-element elementor-element-6455c6d e-con-full e-flex e-con e-child\" data-id=\"6455c6d\" data-element_type=\"container\">\n\t\t\t\t<div class=\"elementor-element elementor-element-52412db elementor-widget elementor-widget-gimont_elementor_image_box\" data-id=\"52412db\" data-element_type=\"widget\" data-widget_type=\"gimont_elementor_image_box.default\">\n\t\t\t\t<div class=\"elementor-widget-container\">\n\t\t\t\t\t\n\t\t\t<div class=\"ova-image-box\">\n\n\t\t\t\t\t\t\t\t\t<img decoding=\"async\" src=\"https:\/\/bcmgroup.in\/wp-content\/uploads\/2025\/03\/7.webp\" alt=\"\" class=\"img-box\">\n\t\t\t\t\n\t\t\t\t<div class=\"content_inner\">\n\t\t\t\t\t\t\t\t\t\t\t\t\t\t\t\t\t\t<h3 class=\"title\">Krievijas darba pied\u0101v\u0101jumi<\/h3>\n\t\t\t\t\t\t\t\t\t\t\t\t\t\t\t\t\t\t\t\t\t\t\t\t\t\t\t<a href=\"\" class=\"text_link\"  >\n\t\t\t\t\t\t\t<span class=\"text-button\">\n\t\t\t\t\t\t\t\tPieteikties t\u016bl\u012bt\t\t\t\t\t\t\t<\/span>\n\t\t\t\t\t\t\t<i aria-hidden=\"true\" class=\"flaticonnew- flaticon-new-right\"><\/i>\n\t\t\t\t\t\t<\/a>\n\t\t\t\t\t\t\t\t\t<\/div>\n\n\t\t\t<\/div>\n\n\t\t\t\t\t\t<\/div>\n\t\t\t\t<\/div>\n\t\t\t\t<\/div>\n\t\t<div class=\"elementor-element elementor-element-fafab25 e-con-full e-flex e-con e-child\" data-id=\"fafab25\" data-element_type=\"container\">\n\t\t\t\t<div class=\"elementor-element elementor-element-0d3ad88 elementor-widget elementor-widget-gimont_elementor_image_box\" data-id=\"0d3ad88\" data-element_type=\"widget\" data-widget_type=\"gimont_elementor_image_box.default\">\n\t\t\t\t<div class=\"elementor-widget-container\">\n\t\t\t\t\t\n\t\t\t<div class=\"ova-image-box\">\n\n\t\t\t\t\t\t\t\t\t<img decoding=\"async\" src=\"https:\/\/bcmgroup.in\/wp-content\/uploads\/2025\/03\/8.webp\" alt=\"\" class=\"img-box\">\n\t\t\t\t\n\t\t\t\t<div class=\"content_inner\">\n\t\t\t\t\t\t\t\t\t\t\t\t\t\t\t\t\t\t<h3 class=\"title\">\u010cehijas Republikas darba pied\u0101v\u0101jumi<\/h3>\n\t\t\t\t\t\t\t\t\t\t\t\t\t\t\t\t\t\t\t\t\t\t\t\t\t\t\t<a href=\"\" class=\"text_link\"  >\n\t\t\t\t\t\t\t<span class=\"text-button\">\n\t\t\t\t\t\t\t\tPieteikties t\u016bl\u012bt\t\t\t\t\t\t\t<\/span>\n\t\t\t\t\t\t\t<i aria-hidden=\"true\" class=\"flaticonnew- flaticon-new-right\"><\/i>\n\t\t\t\t\t\t<\/a>\n\t\t\t\t\t\t\t\t\t<\/div>\n\n\t\t\t<\/div>\n\n\t\t\t\t\t\t<\/div>\n\t\t\t\t<\/div>\n\t\t\t\t<\/div>\n\t\t<div class=\"elementor-element elementor-element-b4515ba e-con-full e-flex e-con e-child\" data-id=\"b4515ba\" data-element_type=\"container\">\n\t\t\t\t<div class=\"elementor-element elementor-element-820373f elementor-widget elementor-widget-gimont_elementor_image_box\" data-id=\"820373f\" data-element_type=\"widget\" data-widget_type=\"gimont_elementor_image_box.default\">\n\t\t\t\t<div class=\"elementor-widget-container\">\n\t\t\t\t\t\n\t\t\t<div class=\"ova-image-box\">\n\n\t\t\t\t\t\t\t\t\t<img decoding=\"async\" src=\"https:\/\/bcmgroup.in\/wp-content\/uploads\/2025\/03\/9.webp\" alt=\"\" class=\"img-box\">\n\t\t\t\t\n\t\t\t\t<div class=\"content_inner\">\n\t\t\t\t\t\t\t\t\t\t\t\t\t\t\t\t\t<a href=\"https:\/\/bcmgroup.in\/?wpforms_form_preview=17614&#038;new_window=1\" class=\"text_link\"  >\n\t\t\t\t\t\t\t\t\t\t\t\t\t<h3 class=\"title\">Sa\u016bda Ar\u0101bijas darba pied\u0101v\u0101jumi<\/h3>\n\t\t\t\t\t\t\t\t\t\t\t\t<\/a>\n\t\t\t\t\t\t\t\t\t\t\t\t\t\t\t\t\t\t\t\t\t\t\t\t\t\t\t<a href=\"https:\/\/bcmgroup.in\/?wpforms_form_preview=17614&#038;new_window=1\" class=\"text_link\"  >\n\t\t\t\t\t\t\t<span class=\"text-button\">\n\t\t\t\t\t\t\t\tPieteikties t\u016bl\u012bt\t\t\t\t\t\t\t<\/span>\n\t\t\t\t\t\t\t<i aria-hidden=\"true\" class=\"flaticonnew- flaticon-new-right\"><\/i>\n\t\t\t\t\t\t<\/a>\n\t\t\t\t\t\t\t\t\t<\/div>\n\n\t\t\t<\/div>\n\n\t\t\t\t\t\t<\/div>\n\t\t\t\t<\/div>\n\t\t\t\t<\/div>\n\t\t\t\t\t<\/div>\n\t\t\t\t<\/div>\n\t\t<div class=\"elementor-element elementor-element-d653b56 e-flex e-con-boxed e-con e-parent\" data-id=\"d653b56\" data-element_type=\"container\">\n\t\t\t\t\t<div class=\"e-con-inner\">\n\t\t<div class=\"elementor-element elementor-element-9dce019 e-con-full e-flex e-con e-child\" data-id=\"9dce019\" data-element_type=\"container\">\n\t\t\t\t<div class=\"elementor-element elementor-element-c17deb1 elementor-widget elementor-widget-gimont_elementor_image_box\" data-id=\"c17deb1\" data-element_type=\"widget\" data-widget_type=\"gimont_elementor_image_box.default\">\n\t\t\t\t<div class=\"elementor-widget-container\">\n\t\t\t\t\t\n\t\t\t<div class=\"ova-image-box\">\n\n\t\t\t\t\t\t\t\t\t<img decoding=\"async\" src=\"https:\/\/bcmgroup.in\/wp-content\/uploads\/2025\/03\/10.webp\" alt=\"\" class=\"img-box\">\n\t\t\t\t\n\t\t\t\t<div class=\"content_inner\">\n\t\t\t\t\t\t\t\t\t\t\t\t\t\t\t\t\t\t<h3 class=\"title\">Kataras darba pied\u0101v\u0101jumi<\/h3>\n\t\t\t\t\t\t\t\t\t\t\t\t\t\t\t\t\t\t\t\t\t\t\t\t\t\t\t<a href=\"\" class=\"text_link\"  >\n\t\t\t\t\t\t\t<span class=\"text-button\">\n\t\t\t\t\t\t\t\tPieteikties t\u016bl\u012bt\t\t\t\t\t\t\t<\/span>\n\t\t\t\t\t\t\t<i aria-hidden=\"true\" class=\"flaticonnew- flaticon-new-right\"><\/i>\n\t\t\t\t\t\t<\/a>\n\t\t\t\t\t\t\t\t\t<\/div>\n\n\t\t\t<\/div>\n\n\t\t\t\t\t\t<\/div>\n\t\t\t\t<\/div>\n\t\t\t\t<\/div>\n\t\t<div class=\"elementor-element elementor-element-4e28e80 e-con-full e-flex e-con e-child\" data-id=\"4e28e80\" data-element_type=\"container\">\n\t\t\t\t<div class=\"elementor-element elementor-element-fd3721a elementor-widget elementor-widget-gimont_elementor_image_box\" data-id=\"fd3721a\" data-element_type=\"widget\" data-widget_type=\"gimont_elementor_image_box.default\">\n\t\t\t\t<div class=\"elementor-widget-container\">\n\t\t\t\t\t\n\t\t\t<div class=\"ova-image-box\">\n\n\t\t\t\t\t\t\t\t\t<img decoding=\"async\" src=\"https:\/\/bcmgroup.in\/wp-content\/uploads\/2025\/03\/oman-2-1.webp\" alt=\"\" class=\"img-box\">\n\t\t\t\t\n\t\t\t\t<div class=\"content_inner\">\n\t\t\t\t\t\t\t\t\t\t\t\t\t\t\t\t\t\t<h3 class=\"title\">Om\u0101na darbavietas<\/h3>\n\t\t\t\t\t\t\t\t\t\t\t\t\t\t\t\t\t\t\t\t\t\t\t\t\t\t\t<a href=\"\" class=\"text_link\"  >\n\t\t\t\t\t\t\t<span class=\"text-button\">\n\t\t\t\t\t\t\t\tPieteikties t\u016bl\u012bt\t\t\t\t\t\t\t<\/span>\n\t\t\t\t\t\t\t<i aria-hidden=\"true\" class=\"flaticonnew- flaticon-new-right\"><\/i>\n\t\t\t\t\t\t<\/a>\n\t\t\t\t\t\t\t\t\t<\/div>\n\n\t\t\t<\/div>\n\n\t\t\t\t\t\t<\/div>\n\t\t\t\t<\/div>\n\t\t\t\t<\/div>\n\t\t<div class=\"elementor-element elementor-element-9b8d585 e-con-full e-flex e-con e-child\" data-id=\"9b8d585\" data-element_type=\"container\">\n\t\t\t\t<\/div>\n\t\t\t\t\t<\/div>\n\t\t\t\t<\/div>\n\t\t\t\t<\/div>\n\t\t","protected":false},"excerpt":{"rendered":"<p>Darbs \u0101rzem\u0113s \u2013 Atrodi darbu \u0101rzem\u0113s pie mums Piesakieties m\u016bsu darba vakanc\u0113m Eirop\u0101 Mums ir darba vakances \u0101rzem\u0113s. Izv\u0113lieties savu valsti, lai pieteiktos darba vakanc\u0113m Eirop\u0101. Varat ar\u012b apskat\u012bt darba vakances, kas atbilst j\u016bsu prasm\u0113m. Visi darba mekl\u0113t\u0101ji, kurus interes\u0113 darbs \u0101rzem\u0113s, var pieteikties pie mums t\u0101l\u0101kai apstr\u0101dei. Darba pied\u0101v\u0101jumi Rum\u0101nij\u0101 Pieteikties t\u016bl\u012bt Ung\u0101rijas darba [&hellip;]<\/p>\n","protected":false},"author":1,"featured_media":0,"parent":0,"menu_order":0,"comment_status":"closed","ping_status":"closed","template":"elementor_header_footer","meta":{"googlesitekit_rrm_CAowi469DA:productID":"","footnotes":""},"class_list":["post-66117","page","type-page","status-publish","hentry"],"_links":{"self":[{"href":"https:\/\/bcmgroup.in\/lv\/wp-json\/wp\/v2\/pages\/66117","targetHints":{"allow":["GET"]}}],"collection":[{"href":"https:\/\/bcmgroup.in\/lv\/wp-json\/wp\/v2\/pages"}],"about":[{"href":"https:\/\/bcmgroup.in\/lv\/wp-json\/wp\/v2\/types\/page"}],"author":[{"embeddable":true,"href":"https:\/\/bcmgroup.in\/lv\/wp-json\/wp\/v2\/users\/1"}],"replies":[{"embeddable":true,"href":"https:\/\/bcmgroup.in\/lv\/wp-json\/wp\/v2\/comments?post=66117"}],"version-history":[{"count":9,"href":"https:\/\/bcmgroup.in\/lv\/wp-json\/wp\/v2\/pages\/66117\/revisions"}],"predecessor-version":[{"id":87429,"href":"https:\/\/bcmgroup.in\/lv\/wp-json\/wp\/v2\/pages\/66117\/revisions\/87429"}],"wp:attachment":[{"href":"https:\/\/bcmgroup.in\/lv\/wp-json\/wp\/v2\/media?parent=66117"}],"curies":[{"name":"wp","href":"https:\/\/api.w.org\/{rel}","templated":true}]}}