{"id":142631,"date":"2026-02-23T10:37:56","date_gmt":"2026-02-23T10:37:56","guid":{"rendered":"https:\/\/bcmgroup.in\/?page_id=142631"},"modified":"2026-03-24T13:17:05","modified_gmt":"2026-03-24T13:17:05","slug":"bcm-blogi","status":"publish","type":"page","link":"https:\/\/bcmgroup.in\/lv\/bcm-blogi\/","title":{"rendered":"bcm blogi"},"content":{"rendered":"\t\t<div data-elementor-type=\"wp-page\" data-elementor-id=\"142631\" class=\"elementor elementor-142631\" data-elementor-post-type=\"page\">\n\t\t\t\t<div class=\"elementor-element elementor-element-0c15a59 e-flex e-con-boxed e-con e-parent\" data-id=\"0c15a59\" data-element_type=\"container\">\n\t\t\t\t\t<div class=\"e-con-inner\">\n\t\t<div class=\"elementor-element elementor-element-8ed12a1 e-con-full e-flex e-con e-child\" data-id=\"8ed12a1\" data-element_type=\"container\">\n\t\t\t\t<div class=\"elementor-element elementor-element-eece064 elementor-widget elementor-widget-image\" data-id=\"eece064\" data-element_type=\"widget\" data-widget_type=\"image.default\">\n\t\t\t\t<div class=\"elementor-widget-container\">\n\t\t\t\t\t\t\t\t\t\t\t\t\t\t\t<img fetchpriority=\"high\" decoding=\"async\" width=\"1620\" height=\"325\" src=\"https:\/\/bcmgroup.in\/wp-content\/uploads\/2026\/02\/SUBMIT-YOUR-CV-9.webp\" class=\"attachment-full size-full wp-image-136901\" alt=\"blog\" srcset=\"https:\/\/bcmgroup.in\/wp-content\/uploads\/2026\/02\/SUBMIT-YOUR-CV-9.webp 1620w, https:\/\/bcmgroup.in\/wp-content\/uploads\/2026\/02\/SUBMIT-YOUR-CV-9-300x60.webp 300w, https:\/\/bcmgroup.in\/wp-content\/uploads\/2026\/02\/SUBMIT-YOUR-CV-9-1024x205.webp 1024w, https:\/\/bcmgroup.in\/wp-content\/uploads\/2026\/02\/SUBMIT-YOUR-CV-9-768x154.webp 768w, https:\/\/bcmgroup.in\/wp-content\/uploads\/2026\/02\/SUBMIT-YOUR-CV-9-1536x308.webp 1536w\" sizes=\"(max-width: 1620px) 100vw, 1620px\" \/>\t\t\t\t\t\t\t\t\t\t\t\t\t\t\t<\/div>\n\t\t\t\t<\/div>\n\t\t\t\t<\/div>\n\t\t\t\t\t<\/div>\n\t\t\t\t<\/div>\n\t\t<div class=\"elementor-element elementor-element-e800008 e-flex e-con-boxed e-con e-parent\" data-id=\"e800008\" data-element_type=\"container\">\n\t\t\t\t\t<div class=\"e-con-inner\">\n\t\t<div class=\"elementor-element elementor-element-a2eccb8 e-con-full e-flex e-con e-child\" data-id=\"a2eccb8\" data-element_type=\"container\">\n\t\t<div class=\"elementor-element elementor-element-7b4e4b3 e-con-full e-flex e-con e-child\" data-id=\"7b4e4b3\" data-element_type=\"container\">\n\t\t\t\t<div class=\"elementor-element elementor-element-ea7413c elementor-widget elementor-widget-shortcode\" data-id=\"ea7413c\" data-element_type=\"widget\" data-widget_type=\"shortcode.default\">\n\t\t\t\t<div class=\"elementor-widget-container\">\n\t\t\t\t\t\t\t<div class=\"elementor-shortcode\"><div id=\"bdpp-post-list-1\" class=\"bdpp-wrap bdpp-lite bdpp-post-list-wrap bdpp-post-data-wrap bdpp-design-1 bdpp-layout-100894 bdpp-clearfix\">\r\n\t<div class=\"bdpp-post-list-inr-wrap bdpp-post-data-inr-wrap bdpp-clearfix\"><div class=\"bdpp-post-list-main bdpp-post-151563 bdpp-post-standard bdpp-has-thumb\">\r\n\t<div class=\"bdpp-post-list-content bdpp-clearfix\">\r\n\t\t\t\t<div class=\"bdpp-post-list-left bdpp-col-2 bdpp-columns\">\r\n\t\t\t<div class=\"bdpp-post-img-bg\">\r\n\t\t\t\t<a href=\"https:\/\/bcmgroup.in\/lv\/blogi\/cilvekresursu-vadiba\/\">\r\n\t\t\t\t\t<img decoding=\"async\" src=\"https:\/\/bcmgroup.in\/wp-content\/uploads\/2026\/03\/Verificare-Vechime-in-Munca-Online-\u2013-Ghid-Complet-pentru-Angajatorii-si-Muncitorii-din-Romania-22.webp\" class=\"bdpp-img bdpp-post-feat-img\" alt=\"7 efekt\u012bvas Cilv\u0113kresursu vad\u012bba\u00a0 strat\u0113\u0123ijas \u0101rvalstu darbiniekiem Latvij\u0101: k\u0101 piesaist\u012bt, integr\u0113t un notur\u0113t talantus\" \/>\r\n\t\t\t\t\t\t\t\t\t<\/a>\r\n\t\t\t<\/div>\r\n\t\t<\/div>\r\n\t\t\r\n\t\t<div class=\"bdpp-post-list-right bdpp-col-2 bdpp-columns\">\r\n\t\t\t\t\t\t<div class=\"bdpp-post-cats\"><a class=\"bdpp-post-cat-link bdpp-post-cat-590 bdpp-post-cat-blogi\" href=\"https:\/\/bcmgroup.in\/lv\/category\/blogi\/\">Blogi<\/a><\/div>\r\n\t\t\t\r\n\t\t\t<h2 class=\"bdpp-post-title\">\r\n\t\t\t\t<a href=\"https:\/\/bcmgroup.in\/lv\/blogi\/cilvekresursu-vadiba\/\">7 efekt\u012bvas Cilv\u0113kresursu vad\u012bba\u00a0 strat\u0113\u0123ijas \u0101rvalstu darbiniekiem Latvij\u0101: k\u0101 piesaist\u012bt, integr\u0113t un notur\u0113t talantus<\/a>\r\n\t\t\t<\/h2>\r\n\r\n\t\t\t\t\t\t<div class=\"bdpp-post-meta bdpp-post-meta-up\">\r\n\t\t\t\t<span class=\"bdpp-post-meta-data bdpp-post-author\"><i class=\"fa fa-user\"><\/i>BCM Team<\/span><span class=\"bdpp-post-meta-sep\"> &ndash; <\/span><span class=\"bdpp-post-meta-data bdpp-post-date\"><i class=\"fa fa-clock-o\"><\/i>March 25, 2026<\/span>\t\t\t<\/div>\r\n\t\t\t\t\t\t<div class=\"bdpp-post-content\">\r\n\t\t\t\t<div class=\"bdpp-post-desc\">7 efekt\u012bvas Cilv\u0113kresursu vad\u012bba strat\u0113\u0123ijas \u0101rvalstu darbiniekiem Latvij\u0101: k\u0101 piesaist\u012bt, integr\u0113t un notur\u0113t talantus P\u0113d\u0113jos gados Latvijas darba tirg\u016b ir...<\/div>\r\n\t\t\t\t\t\t\t\t\t<a href=\"https:\/\/bcmgroup.in\/lv\/blogi\/cilvekresursu-vadiba\/\" class=\"bdpp-rdmr-btn\">Izlasiet pilnu rakstu<\/a>\r\n\t\t\t\t\t\t\t<\/div>\r\n\t\t\t\t\t<\/div>\r\n\t<\/div>\r\n<\/div><div class=\"bdpp-post-list-main bdpp-post-150179 bdpp-post-standard bdpp-has-thumb\">\r\n\t<div class=\"bdpp-post-list-content bdpp-clearfix\">\r\n\t\t\t\t<div class=\"bdpp-post-list-left bdpp-col-2 bdpp-columns\">\r\n\t\t\t<div class=\"bdpp-post-img-bg\">\r\n\t\t\t\t<a href=\"https:\/\/bcmgroup.in\/lv\/blogi\/uzturesanas-atlauja\/\">\r\n\t\t\t\t\t<img decoding=\"async\" src=\"https:\/\/bcmgroup.in\/wp-content\/uploads\/2026\/03\/Verificare-Vechime-in-Munca-Online-\u2013-Ghid-Complet-pentru-Angajatorii-si-Muncitorii-din-Romania-16.webp\" class=\"bdpp-img bdpp-post-feat-img\" alt=\"Uztur\u0113\u0161an\u0101s At\u013cauja Latvij\u0101: Piln\u012bgs ce\u013cvedis par uztur\u0113\u0161an\u0101s at\u013cauj\u0101m, dokumentiem, noteikumiem un re\u0123istr\u0101ciju (2026)\" \/>\r\n\t\t\t\t\t\t\t\t\t<\/a>\r\n\t\t\t<\/div>\r\n\t\t<\/div>\r\n\t\t\r\n\t\t<div class=\"bdpp-post-list-right bdpp-col-2 bdpp-columns\">\r\n\t\t\t\t\t\t<div class=\"bdpp-post-cats\"><a class=\"bdpp-post-cat-link bdpp-post-cat-590 bdpp-post-cat-blogi\" href=\"https:\/\/bcmgroup.in\/lv\/category\/blogi\/\">Blogi<\/a><\/div>\r\n\t\t\t\r\n\t\t\t<h2 class=\"bdpp-post-title\">\r\n\t\t\t\t<a href=\"https:\/\/bcmgroup.in\/lv\/blogi\/uzturesanas-atlauja\/\">Uztur\u0113\u0161an\u0101s At\u013cauja Latvij\u0101: Piln\u012bgs ce\u013cvedis par uztur\u0113\u0161an\u0101s at\u013cauj\u0101m, dokumentiem, noteikumiem un re\u0123istr\u0101ciju (2026)<\/a>\r\n\t\t\t<\/h2>\r\n\r\n\t\t\t\t\t\t<div class=\"bdpp-post-meta bdpp-post-meta-up\">\r\n\t\t\t\t<span class=\"bdpp-post-meta-data bdpp-post-author\"><i class=\"fa fa-user\"><\/i>BCM Team<\/span><span class=\"bdpp-post-meta-sep\"> &ndash; <\/span><span class=\"bdpp-post-meta-data bdpp-post-date\"><i class=\"fa fa-clock-o\"><\/i>March 17, 2026<\/span>\t\t\t<\/div>\r\n\t\t\t\t\t\t<div class=\"bdpp-post-content\">\r\n\t\t\t\t<div class=\"bdpp-post-desc\">Uztur\u0113\u0161an\u0101s at\u013cauja Latvij\u0101: Likumi, pras\u012bbas, dokumenti un re\u0123istr\u0101cijas rokasgr\u0101mata (2026) Uztur\u0113\u0161an\u0101s at\u013caujas ieg\u016b\u0161ana Latvij\u0101 ir b\u016btiska tre\u0161o valstu pilso\u0146iem, kuri...<\/div>\r\n\t\t\t\t\t\t\t\t\t<a href=\"https:\/\/bcmgroup.in\/lv\/blogi\/uzturesanas-atlauja\/\" class=\"bdpp-rdmr-btn\">Izlasiet pilnu rakstu<\/a>\r\n\t\t\t\t\t\t\t<\/div>\r\n\t\t\t\t\t<\/div>\r\n\t<\/div>\r\n<\/div><div class=\"bdpp-post-list-main bdpp-post-149448 bdpp-post-standard bdpp-has-thumb\">\r\n\t<div class=\"bdpp-post-list-content bdpp-clearfix\">\r\n\t\t\t\t<div class=\"bdpp-post-list-left bdpp-col-2 bdpp-columns\">\r\n\t\t\t<div class=\"bdpp-post-img-bg\">\r\n\t\t\t\t<a href=\"https:\/\/bcmgroup.in\/lv\/blogi\/darba-ligums-uz-noteiktu-laiku\/\">\r\n\t\t\t\t\t<img decoding=\"async\" src=\"https:\/\/bcmgroup.in\/wp-content\/uploads\/2026\/03\/Verificare-Vechime-in-Munca-Online-\u2013-Ghid-Complet-pentru-Angajatorii-si-Muncitorii-din-Romania-11.webp\" class=\"bdpp-img bdpp-post-feat-img\" alt=\"Juridisk\u0101 Regul\u0113juma Izpratne Un Noteikta Darba l\u012bgums Uz Noteiktu Laiku\" \/>\r\n\t\t\t\t\t\t\t\t\t<\/a>\r\n\t\t\t<\/div>\r\n\t\t<\/div>\r\n\t\t\r\n\t\t<div class=\"bdpp-post-list-right bdpp-col-2 bdpp-columns\">\r\n\t\t\t\t\t\t<div class=\"bdpp-post-cats\"><a class=\"bdpp-post-cat-link bdpp-post-cat-590 bdpp-post-cat-blogi\" href=\"https:\/\/bcmgroup.in\/lv\/category\/blogi\/\">Blogi<\/a><\/div>\r\n\t\t\t\r\n\t\t\t<h2 class=\"bdpp-post-title\">\r\n\t\t\t\t<a href=\"https:\/\/bcmgroup.in\/lv\/blogi\/darba-ligums-uz-noteiktu-laiku\/\">Juridisk\u0101 Regul\u0113juma Izpratne Un Noteikta Darba l\u012bgums Uz Noteiktu Laiku<\/a>\r\n\t\t\t<\/h2>\r\n\r\n\t\t\t\t\t\t<div class=\"bdpp-post-meta bdpp-post-meta-up\">\r\n\t\t\t\t<span class=\"bdpp-post-meta-data bdpp-post-author\"><i class=\"fa fa-user\"><\/i>BCM Team<\/span><span class=\"bdpp-post-meta-sep\"> &ndash; <\/span><span class=\"bdpp-post-meta-data bdpp-post-date\"><i class=\"fa fa-clock-o\"><\/i>March 12, 2026<\/span>\t\t\t<\/div>\r\n\t\t\t\t\t\t<div class=\"bdpp-post-content\">\r\n\t\t\t\t<div class=\"bdpp-post-desc\">Juridisk\u0101 regul\u0113juma izpratne un noteikta darba l\u012bgums uz noteiktu laiku Darba l\u012bgums uz noteiktu laiku ir darba l\u012bgums uz noteiktu...<\/div>\r\n\t\t\t\t\t\t\t\t\t<a href=\"https:\/\/bcmgroup.in\/lv\/blogi\/darba-ligums-uz-noteiktu-laiku\/\" class=\"bdpp-rdmr-btn\">Izlasiet pilnu rakstu<\/a>\r\n\t\t\t\t\t\t\t<\/div>\r\n\t\t\t\t\t<\/div>\r\n\t<\/div>\r\n<\/div><div class=\"bdpp-post-list-main bdpp-post-149296 bdpp-post-standard bdpp-has-thumb\">\r\n\t<div class=\"bdpp-post-list-content bdpp-clearfix\">\r\n\t\t\t\t<div class=\"bdpp-post-list-left bdpp-col-2 bdpp-columns\">\r\n\t\t\t<div class=\"bdpp-post-img-bg\">\r\n\t\t\t\t<a href=\"https:\/\/bcmgroup.in\/lv\/blogi\/darba-attiecibu-izbeigsana\/\">\r\n\t\t\t\t\t<img decoding=\"async\" src=\"https:\/\/bcmgroup.in\/wp-content\/uploads\/2026\/03\/Verificare-Vechime-in-Munca-Online-\u2013-Ghid-Complet-pentru-Angajatorii-si-Muncitorii-din-Romania-9.webp\" class=\"bdpp-img bdpp-post-feat-img\" alt=\"Darba attiec\u012bbu izbeig\u0161ana: Juridiskais process, darba attiec\u012bbu izbeig\u0161anas iemesli un darba vietas probl\u0113mu risin\u0101\u0161ana\" \/>\r\n\t\t\t\t\t\t\t\t\t<\/a>\r\n\t\t\t<\/div>\r\n\t\t<\/div>\r\n\t\t\r\n\t\t<div class=\"bdpp-post-list-right bdpp-col-2 bdpp-columns\">\r\n\t\t\t\t\t\t<div class=\"bdpp-post-cats\"><a class=\"bdpp-post-cat-link bdpp-post-cat-590 bdpp-post-cat-blogi\" href=\"https:\/\/bcmgroup.in\/lv\/category\/blogi\/\">Blogi<\/a><\/div>\r\n\t\t\t\r\n\t\t\t<h2 class=\"bdpp-post-title\">\r\n\t\t\t\t<a href=\"https:\/\/bcmgroup.in\/lv\/blogi\/darba-attiecibu-izbeigsana\/\">Darba attiec\u012bbu izbeig\u0161ana: Juridiskais process, darba attiec\u012bbu izbeig\u0161anas iemesli un darba vietas probl\u0113mu risin\u0101\u0161ana<\/a>\r\n\t\t\t<\/h2>\r\n\r\n\t\t\t\t\t\t<div class=\"bdpp-post-meta bdpp-post-meta-up\">\r\n\t\t\t\t<span class=\"bdpp-post-meta-data bdpp-post-author\"><i class=\"fa fa-user\"><\/i>BCM Team<\/span><span class=\"bdpp-post-meta-sep\"> &ndash; <\/span><span class=\"bdpp-post-meta-data bdpp-post-date\"><i class=\"fa fa-clock-o\"><\/i>March 10, 2026<\/span>\t\t\t<\/div>\r\n\t\t\t\t\t\t<div class=\"bdpp-post-content\">\r\n\t\t\t\t<div class=\"bdpp-post-desc\">Darba Attiec\u012bbu Izbeig\u0161ana: Juridiskais Process, Darba Attiec\u012bbu Izbeig\u0161anas Iemesli Un Darba Vietas Probl\u0113mu Risin\u0101\u0161ana Darba attiec\u012bbu izbeig\u0161ana ir juridisks process,...<\/div>\r\n\t\t\t\t\t\t\t\t\t<a href=\"https:\/\/bcmgroup.in\/lv\/blogi\/darba-attiecibu-izbeigsana\/\" class=\"bdpp-rdmr-btn\">Izlasiet pilnu rakstu<\/a>\r\n\t\t\t\t\t\t\t<\/div>\r\n\t\t\t\t\t<\/div>\r\n\t<\/div>\r\n<\/div><div class=\"bdpp-post-list-main bdpp-post-128269 bdpp-post-standard bdpp-has-thumb\">\r\n\t<div class=\"bdpp-post-list-content bdpp-clearfix\">\r\n\t\t\t\t<div class=\"bdpp-post-list-left bdpp-col-2 bdpp-columns\">\r\n\t\t\t<div class=\"bdpp-post-img-bg\">\r\n\t\t\t\t<a href=\"https:\/\/bcmgroup.in\/lv\/blogi\/mobings-darba-vieta\/\">\r\n\t\t\t\t\t<img decoding=\"async\" src=\"https:\/\/bcmgroup.in\/wp-content\/uploads\/2026\/01\/11-5.webp\" class=\"bdpp-img bdpp-post-feat-img\" alt=\"Mobings Darba Viet\u0101\u00a0 \u00a0\" \/>\r\n\t\t\t\t\t\t\t\t\t<\/a>\r\n\t\t\t<\/div>\r\n\t\t<\/div>\r\n\t\t\r\n\t\t<div class=\"bdpp-post-list-right bdpp-col-2 bdpp-columns\">\r\n\t\t\t\t\t\t<div class=\"bdpp-post-cats\"><a class=\"bdpp-post-cat-link bdpp-post-cat-590 bdpp-post-cat-blogi\" href=\"https:\/\/bcmgroup.in\/lv\/category\/blogi\/\">Blogi<\/a><\/div>\r\n\t\t\t\r\n\t\t\t<h2 class=\"bdpp-post-title\">\r\n\t\t\t\t<a href=\"https:\/\/bcmgroup.in\/lv\/blogi\/mobings-darba-vieta\/\">Mobings Darba Viet\u0101\u00a0 \u00a0<\/a>\r\n\t\t\t<\/h2>\r\n\r\n\t\t\t\t\t\t<div class=\"bdpp-post-meta bdpp-post-meta-up\">\r\n\t\t\t\t<span class=\"bdpp-post-meta-data bdpp-post-author\"><i class=\"fa fa-user\"><\/i>BCM Team<\/span><span class=\"bdpp-post-meta-sep\"> &ndash; <\/span><span class=\"bdpp-post-meta-data bdpp-post-date\"><i class=\"fa fa-clock-o\"><\/i>March 9, 2026<\/span>\t\t\t<\/div>\r\n\t\t\t\t\t\t<div class=\"bdpp-post-content\">\r\n\t\t\t\t<div class=\"bdpp-post-desc\">Mobings Darba Viet\u0101 Ko Dar\u012bt \u2013 praktiska rokasgr\u0101mata uz\u0146\u0113mumu \u012bpa\u0161niekiem un person\u0101la vad\u012bt\u0101jiem M\u016bsdienu konkur\u0113tsp\u0113j\u012bgaj\u0101 biznesa vid\u0113 dro\u0161as un cie\u0146pilnas...<\/div>\r\n\t\t\t\t\t\t\t\t\t<a href=\"https:\/\/bcmgroup.in\/lv\/blogi\/mobings-darba-vieta\/\" class=\"bdpp-rdmr-btn\">Izlasiet pilnu rakstu<\/a>\r\n\t\t\t\t\t\t\t<\/div>\r\n\t\t\t\t\t<\/div>\r\n\t<\/div>\r\n<\/div>\t<\/div>\r\n\t\t<div class=\"bdpp-paging bdpp-clearfix\">\r\n\t\t<span aria-current=\"page\" class=\"page-numbers current\">1<\/span>\n<a class=\"page-numbers\" href=\"https:\/\/bcmgroup.in\/lv\/wp-json\/wp\/v2\/pages\/142631\/page\/2\/\">2<\/a>\n<a class=\"page-numbers\" href=\"https:\/\/bcmgroup.in\/lv\/wp-json\/wp\/v2\/pages\/142631\/page\/3\/\">3<\/a>\n<span class=\"page-numbers dots\">&hellip;<\/span>\n<a class=\"page-numbers\" href=\"https:\/\/bcmgroup.in\/lv\/wp-json\/wp\/v2\/pages\/142631\/page\/5\/\">5<\/a>\n<a class=\"next page-numbers\" href=\"https:\/\/bcmgroup.in\/lv\/wp-json\/wp\/v2\/pages\/142631\/page\/2\/\">Next &raquo;<\/a>\t<\/div>\r\n<\/div><\/div>\n\t\t\t\t\t\t<\/div>\n\t\t\t\t<\/div>\n\t\t\t\t<\/div>\n\t\t<div class=\"elementor-element elementor-element-b228c56 e-con-full e-flex e-con e-child\" data-id=\"b228c56\" data-element_type=\"container\">\n\t\t<div class=\"elementor-element elementor-element-605062b e-con-full e-flex e-con e-child\" data-id=\"605062b\" data-element_type=\"container\">\n\t\t\t\t<div class=\"elementor-element elementor-element-7110018 elementor-widget elementor-widget-text-editor\" data-id=\"7110018\" data-element_type=\"widget\" data-widget_type=\"text-editor.default\">\n\t\t\t\t<div class=\"elementor-widget-container\">\n\t\t\t\t\t\t\t\t\t<div class=\"custom-country-section\">\n  <h2 class=\"custom-country-title\">Skat\u012bt P\u0113c Valsts<\/h2>\n  <ul class=\"custom-country-list\">\n    <li>\n      <a href=\"https:\/\/bcmgroup.in\/ro\/bloguri-bcm\/\" target=\"_blank\" rel=\"noopener noreferrer\">\n        <img decoding=\"async\" src=\"https:\/\/flagcdn.com\/w40\/ro.png\" alt=\"Rum\u0101nijas karogs\" \/>\n        <span>Rum\u0101nija<\/span>\n      <\/a>\n    <\/li>\n    <li>\n      <a href=\"https:\/\/bcmgroup.in\/hr\/bcm-blogovi\/\" target=\"_blank\" rel=\"noopener noreferrer\">\n        <img decoding=\"async\" src=\"https:\/\/flagcdn.com\/w40\/hr.png\" alt=\"Horv\u0101tijas karogs\" \/>\n        <span>Horv\u0101tija<\/span>\n      <\/a>\n    <\/li>\n    <li>\n      <a href=\"https:\/\/bcmgroup.in\/lv\/bcm-blogi\/\" target=\"_blank\" rel=\"noopener noreferrer\">\n        <img decoding=\"async\" src=\"https:\/\/flagcdn.com\/w40\/lv.png\" alt=\"Latvijas karogs\" \/>\n        <span>Latvija<\/span>\n      <\/a>\n    <\/li>\n    <li>\n      <a href=\"https:\/\/bcmgroup.in\/sr\/blogovi\/\" target=\"_blank\" rel=\"noopener noreferrer\">\n        <img decoding=\"async\" src=\"https:\/\/flagcdn.com\/w40\/rs.png\" alt=\"Serbijas karogs\" \/>\n        <span>Serbija<\/span>\n      <\/a>\n    <\/li>\n    <li>\n      <a href=\"https:\/\/bcmgroup.in\/sk\/bcm-blogy\/\" target=\"_blank\" rel=\"noopener noreferrer\">\n        <img decoding=\"async\" src=\"https:\/\/flagcdn.com\/w40\/sk.png\" alt=\"Slov\u0101kijas karogs\" \/>\n        <span>Slov\u0101kija<\/span>\n      <\/a>\n    <\/li>\n    <li>\n      <a href=\"https:\/\/bcmgroup.in\/hu\/blogok\/\" target=\"_blank\" rel=\"noopener noreferrer\">\n        <img decoding=\"async\" src=\"https:\/\/flagcdn.com\/w40\/hu.png\" alt=\"Ung\u0101rijas karogs\" \/>\n        <span>Ung\u0101rija<\/span>\n      <\/a>\n    <\/li>\n  <\/ul>\n<\/div>\n\n<style>\n  .custom-country-section {\n    max-width: 340px;\n    padding: 20px;\n    font-family: 'Segoe UI', Tahoma, Geneva, Verdana, sans-serif;\n    color: #1a2b48;\n  }\n  .custom-country-title {\n    margin-bottom: 20px;\n    font-weight: 700;\n    font-size: 1.5rem;\n    border-bottom: 2px solid #ddd;\n    padding-bottom: 8px;\n  }\n  .custom-country-list {\n    list-style: none;\n    padding: 0;\n    margin: 0;\n  }\n  .custom-country-list li {\n    margin-bottom: 16px;\n  }\n  .custom-country-list li a {\n    display: flex;\n    align-items: center;\n    padding: 14px 18px;\n    border-radius: 12px;\n    cursor: pointer;\n    background: #f9fbff;\n    box-shadow: 0 3px 8px rgba(26, 43, 72, 0.1);\n    text-decoration: none;\n    transition: transform 0.25s ease, box-shadow 0.25s ease;\n    color: #1a2b48;\n  }\n  .custom-country-list li a:hover {\n    transform: translateY(-4px) scale(1.03);\n    box-shadow: 0 8px 20px rgba(26, 43, 72, 0.15);\n  }\n  .custom-country-list img {\n    width: 36px;\n    height: 24px;\n    margin-right: 14px;\n    border-radius: 0;\n    box-shadow: none;\n    object-fit: contain;\n    background: transparent !important;\n  }\n  .custom-country-list span {\n    font-weight: 600;\n    font-size: 1.1rem;\n  }\n<\/style>\t\t\t\t\t\t\t\t<\/div>\n\t\t\t\t<\/div>\n\t\t\t\t<\/div>\n\t\t\t\t<\/div>\n\t\t\t\t<\/div>\n\t\t\t\t\t<\/div>\n\t\t\t\t<\/div>\n\t\t\t\t<\/div>\n\t\t","protected":false},"excerpt":{"rendered":"<p>Skat\u012bt P\u0113c Valsts Rum\u0101nija Horv\u0101tija Latvija Serbija Slov\u0101kija Ung\u0101rija<\/p>\n","protected":false},"author":2,"featured_media":0,"parent":0,"menu_order":0,"comment_status":"closed","ping_status":"closed","template":"elementor_canvas","meta":{"googlesitekit_rrm_CAowi469DA:productID":"","footnotes":""},"class_list":["post-142631","page","type-page","status-publish","hentry"],"_links":{"self":[{"href":"https:\/\/bcmgroup.in\/lv\/wp-json\/wp\/v2\/pages\/142631","targetHints":{"allow":["GET"]}}],"collection":[{"href":"https:\/\/bcmgroup.in\/lv\/wp-json\/wp\/v2\/pages"}],"about":[{"href":"https:\/\/bcmgroup.in\/lv\/wp-json\/wp\/v2\/types\/page"}],"author":[{"embeddable":true,"href":"https:\/\/bcmgroup.in\/lv\/wp-json\/wp\/v2\/users\/2"}],"replies":[{"embeddable":true,"href":"https:\/\/bcmgroup.in\/lv\/wp-json\/wp\/v2\/comments?post=142631"}],"version-history":[{"count":13,"href":"https:\/\/bcmgroup.in\/lv\/wp-json\/wp\/v2\/pages\/142631\/revisions"}],"predecessor-version":[{"id":151507,"href":"https:\/\/bcmgroup.in\/lv\/wp-json\/wp\/v2\/pages\/142631\/revisions\/151507"}],"wp:attachment":[{"href":"https:\/\/bcmgroup.in\/lv\/wp-json\/wp\/v2\/media?parent=142631"}],"curies":[{"name":"wp","href":"https:\/\/api.w.org\/{rel}","templated":true}]}}