{"id":137650,"date":"2026-02-12T07:43:25","date_gmt":"2026-02-12T07:43:25","guid":{"rendered":"https:\/\/bcmgroup.in\/?page_id=137650"},"modified":"2026-03-21T10:10:04","modified_gmt":"2026-03-21T10:10:04","slug":"kandidata-biezak-uzdotie-jautajumi","status":"publish","type":"page","link":"https:\/\/bcmgroup.in\/lv\/mekleju-darbu\/kandidata-biezak-uzdotie-jautajumi\/","title":{"rendered":"Kandid\u0101ta Bie\u017e\u0101k Uzdotie Jaut\u0101jumi"},"content":{"rendered":"\t\t<div data-elementor-type=\"wp-page\" data-elementor-id=\"137650\" class=\"elementor elementor-137650\" data-elementor-post-type=\"page\">\n\t\t\t\t<div class=\"elementor-element elementor-element-7190b84 e-flex e-con-boxed e-con e-parent\" data-id=\"7190b84\" data-element_type=\"container\">\n\t\t\t\t\t<div class=\"e-con-inner\">\n\t\t<div class=\"elementor-element elementor-element-de65f4d e-flex e-con-boxed e-con e-child\" data-id=\"de65f4d\" data-element_type=\"container\">\n\t\t\t\t\t<div class=\"e-con-inner\">\n\t\t\t\t<div class=\"elementor-element elementor-element-a14ef75 elementor-widget elementor-widget-image\" data-id=\"a14ef75\" data-element_type=\"widget\" data-widget_type=\"image.default\">\n\t\t\t\t<div class=\"elementor-widget-container\">\n\t\t\t\t\t\t\t\t\t\t\t\t\t\t\t<img fetchpriority=\"high\" decoding=\"async\" width=\"1620\" height=\"325\" src=\"https:\/\/bcmgroup.in\/wp-content\/uploads\/2026\/01\/SUBMIT-YOUR-CV-6.webp\" class=\"attachment-full size-full wp-image-131468\" alt=\"Naj\u010de\u0161\u0107a pitanja i podr\u0161ka poslodavce\" srcset=\"https:\/\/bcmgroup.in\/wp-content\/uploads\/2026\/01\/SUBMIT-YOUR-CV-6.webp 1620w, https:\/\/bcmgroup.in\/wp-content\/uploads\/2026\/01\/SUBMIT-YOUR-CV-6-300x60.webp 300w, https:\/\/bcmgroup.in\/wp-content\/uploads\/2026\/01\/SUBMIT-YOUR-CV-6-1024x205.webp 1024w, https:\/\/bcmgroup.in\/wp-content\/uploads\/2026\/01\/SUBMIT-YOUR-CV-6-768x154.webp 768w, https:\/\/bcmgroup.in\/wp-content\/uploads\/2026\/01\/SUBMIT-YOUR-CV-6-1536x308.webp 1536w\" sizes=\"(max-width: 1620px) 100vw, 1620px\" \/>\t\t\t\t\t\t\t\t\t\t\t\t\t\t\t<\/div>\n\t\t\t\t<\/div>\n\t\t\t\t\t<\/div>\n\t\t\t\t<\/div>\n\t\t\t\t\t<\/div>\n\t\t\t\t<\/div>\n\t\t<div class=\"elementor-element elementor-element-466b670 e-flex e-con-boxed e-con e-parent\" data-id=\"466b670\" data-element_type=\"container\">\n\t\t\t\t\t<div class=\"e-con-inner\">\n\t\t<div class=\"elementor-element elementor-element-6874174 e-con-full e-flex e-con e-child\" data-id=\"6874174\" data-element_type=\"container\">\n\t\t\t\t<div class=\"elementor-element elementor-element-2117f36 elementor-widget elementor-widget-text-editor\" data-id=\"2117f36\" data-element_type=\"widget\" data-widget_type=\"text-editor.default\">\n\t\t\t\t<div class=\"elementor-widget-container\">\n\t\t\t\t\t\t\t\t\t<style>\n.faq-container {\n    max-width: 1200px;\n    margin: 70px auto;\n    padding: 0 20px;\n    font-family: \"Segoe UI\", Arial, sans-serif;\n}\n\n.faq-header {\n    text-align: center;\n    margin-bottom: 40px;\n}\n\n.faq-header h1 {\n    font-size: 38px;\n    font-weight: 700;\n    color: #9B0008;   \/* Updated Title Color *\/\n}\n\n.faq-header p {\n    font-size: 20px;\n    color: #555;\n    margin-top: 10px;\n}\n\n\/* FAQ Item *\/\n.faq-item {\n    background: #ffffff;\n    border-radius: 12px;\n    margin-bottom: 18px;\n    padding: 22px 26px;\n    box-shadow: 0 8px 25px rgba(0,0,0,0.07);\n    cursor: pointer;\n    position: relative;\n    overflow: hidden;\n    transition: all 0.3s ease;\n}\n\n\/* Left Accent *\/\n.faq-item::before {\n    content: \"\";\n    position: absolute;\n    left: 0;\n    top: 0;\n    width: 5px;\n    height: 100%;\n    background: #9B0008\n}\n\n.faq-item:hover {\n    transform: translateY(-3px);\n    box-shadow: 0 14px 35px rgba(0,0,0,0.12);\n}\n\n\/* Question Row *\/\n.faq-question {\n    display: flex;\n    justify-content: space-between;\n    align-items: center;\n}\n\n.faq-text {\n    font-size: 20px;\n    font-weight: 600;\n    color: #0a2540;\n    width: 90%;\n}\n\n.faq-toggle {\n    font-size: 26px;\n    font-weight: bold;\n    color: #9B0008;\n    transition: transform 0.3s ease;\n}\n\n\/* Answer *\/\n.faq-answer {\n    max-height: 0;\n    overflow: hidden;\n    transition: max-height 0.5s ease;\n}\n\n.faq-answer p {\n    margin-top: 16px;\n    font-size: 16px;\n    line-height: 1.7;\n    color: #444;\n}\n\n\/* Active *\/\n.faq-item.active .faq-answer {\n    max-height: 600px;\n}\n\n.faq-item.active .faq-toggle {\n    transform: rotate(45deg);\n}\n<\/style>\n\n<div class=\"faq-container\">\n    <div class=\"faq-header\">\n        <h1>Bie\u017ei Uzdotie Jaut\u0101jumi<\/h1>\n        <p>\n           Ja nevarat atrast atbildi zem\u0101k, l\u016bdzu, izmantojiet kontaktformu vai rakstiet mums uz\n            <strong>\n                <a href=\"mailto:info@bcmgroup.in\" style=\"color:#9B0008; text-decoration:none;\">\n                    info@bcmgroup.in\n                <\/a>\n            <\/strong>\n        <\/p>\n    <\/div>\n\n    \n\n    <div class=\"faq-item\"><div class=\"faq-question\"><div class=\"faq-text\">Vai ang\u013cu valodas zin\u0101\u0161anas ir oblig\u0101tas, lai str\u0101d\u0101tu Eirop\u0101?<\/div><div class=\"faq-toggle\">+<\/div><\/div><div class=\"faq-answer\"><p>Ang\u013cu valoda nav oblig\u0101ta visiem darbiem. Noder\u012bgas ir ang\u013cu valodas pamatzin\u0101\u0161anas, un darba dev\u0113ji galvenok\u0101rt p\u0101rbauda j\u016bsu tehnisk\u0101s zin\u0101\u0161anas un pieredzi, kas saist\u012bta ar darba profilu.<\/p><\/div><\/div>\n\n    <div class=\"faq-item\"><div class=\"faq-question\"><div class=\"faq-text\">Vai esat re\u0123istr\u0113ties \u0100rlietu ministrij\u0101 (\u0100M)?<\/div><div class=\"faq-toggle\">+<\/div><\/div><div class=\"faq-answer\"><p>J\u0101, m\u0113s lepojamies ar to, ka esam re\u0123istr\u0113ti \u0100rlietu ministrij\u0101. M\u016bsu licences numurs ir Mumbai\/Partnership\/5493853\/2021.<\/p><\/div><\/div>\n\n    <div class=\"faq-item\"><div class=\"faq-question\"><div class=\"faq-text\">Vai ECR pases tur\u0113t\u0101js var pieteikties darbam Eirop\u0101?<\/div><div class=\"faq-toggle\">+<\/div><\/div><div class=\"faq-answer\"><p>J\u0101, gan ECR, gan ECNR pasu tur\u0113t\u0101ji var pieteikties darbam Eirop\u0101, ja vi\u0146i atbilst darba un v\u012bzas pras\u012bb\u0101m.<\/p><\/div><\/div>\n\n    <div class=\"faq-item\"><div class=\"faq-question\"><div class=\"faq-text\">Vai, lai ieg\u016btu darbu Eirop\u0101, ir nepiecie\u0161ama pieredze Persijas l\u012b\u010da re\u0123ion\u0101?<\/div><div class=\"faq-toggle\">+<\/div><\/div><div class=\"faq-answer\"><p>No. N\u0113. Pieredze Persijas l\u012b\u010da re\u0123ion\u0101 nav oblig\u0101ta. Pietiek ar atbilsto\u0161u pieredzi j\u016bsu nozar\u0113.\n<\/p><\/div><\/div>\n\n    <div class=\"faq-item\"><div class=\"faq-question\"><div class=\"faq-text\">Vai uz\u0146\u0113mums konfisc\u0113s manu pasi p\u0113c tam, kad b\u016b\u0161u sasniedzis Eiropu?<\/div><div class=\"faq-toggle\">+<\/div><\/div><div class=\"faq-answer\"><p>N\u0113. Str\u0101dnieka pases glab\u0101\u0161ana Eirop\u0101 ir nelikum\u012bga. J\u016bsu pase paliks pie jums.<\/p><\/div><\/div>\n\n    <div class=\"faq-item\"><div class=\"faq-question\"><div class=\"faq-text\">Vai es str\u0101d\u0101\u0161u k\u0101 darbasp\u0113ks Eirop\u0101?<\/div><div class=\"faq-toggle\">+<\/div><\/div><div class=\"faq-answer\"><p>N\u0113. J\u016bs str\u0101d\u0101siet tikai amat\u0101, kas min\u0113ts j\u016bsu l\u012bgum\u0101, piem\u0113ram, metin\u0101t\u0101js, elektri\u0137is, montieris utt.<\/p><\/div><\/div>\n\n    <div class=\"faq-item\"><div class=\"faq-question\"><div class=\"faq-text\">Vai pied\u0101v\u0101tie darbi ir \u012bsti un likum\u012bgi?<\/div><div class=\"faq-toggle\">+<\/div><\/div><div class=\"faq-answer\"><p>J\u0101. Visi BCM Group pied\u0101v\u0101tie darbi tiek p\u0101rbaud\u012bti.\n<\/p><\/div><\/div>\n\n    <div class=\"faq-item\"><div class=\"faq-question\"><div class=\"faq-text\">Vai es sa\u0146em\u0161u darba l\u012bgumu pirms ce\u013cojuma?<\/div><div class=\"faq-toggle\">+<\/div><\/div><div class=\"faq-answer\"><p>J\u0101. Pirms aizbrauk\u0161anas j\u016bs sa\u0146emsiet rakstisku darba pied\u0101v\u0101jumu vai l\u012bgumu.<\/p><\/div><\/div>\n\n    <div class=\"faq-item\"><div class=\"faq-question\"><div class=\"faq-text\">K\u0101da veida darbu es str\u0101d\u0101\u0161u Eirop\u0101?<\/div><div class=\"faq-toggle\">+<\/div><\/div><div class=\"faq-answer\"><p>J\u016bs str\u0101d\u0101siet atbilsto\u0161i sav\u0101m prasm\u0113m, pieredzei un l\u012bgum\u0101 nor\u0101d\u012btaj\u0101m prasm\u0113m.<\/p><\/div><\/div>\n\n    <div class=\"faq-item\"><div class=\"faq-question\"><div class=\"faq-text\">Cik darba stundu ir Eirop\u0101?<\/div><div class=\"faq-toggle\">+<\/div><\/div><div class=\"faq-answer\"><p>Parasti 8\u201310 stundas dien\u0101 ar ikned\u0113\u013cas atp\u016btas dien\u0101m saska\u0146\u0101 ar viet\u0113jiem darba likumiem.\n<\/p><\/div><\/div>\n\n    <div class=\"faq-item\"><div class=\"faq-question\"><div class=\"faq-text\">Vai virsstundas ir pieejamas un tiek apmaks\u0101tas atsevi\u0161\u0137i?<\/div><div class=\"faq-toggle\">+<\/div><\/div><div class=\"faq-answer\"><p>Virsstundas ir atkar\u012bgas no darba dev\u0113ja un projekta. Ja piem\u0113rojams, virsstundas tiek apmaks\u0101tas atsevi\u0161\u0137i.<\/p><\/div><\/div>\n\n    <div class=\"faq-item\"><div class=\"faq-question\"><div class=\"faq-text\">K\u0101du algu varu sagaid\u012bt, str\u0101d\u0101jot Eirop\u0101?<\/div><div class=\"faq-toggle\">+<\/div><\/div><div class=\"faq-answer\"><p>Alga ir atkar\u012bga no j\u016bsu amata pien\u0101kumiem, pieredzes un valsts. Pilna inform\u0101cija tiek sniegta pirms atlases.<\/p><\/div><\/div>\n\n    <div class=\"faq-item\"><div class=\"faq-question\"><div class=\"faq-text\">Vai uz\u0146\u0113mums nodro\u0161in\u0101s izmitin\u0101\u0161anu?<\/div><div class=\"faq-toggle\">+<\/div><\/div><div class=\"faq-answer\"><p>Tas ir atkar\u012bgs no darba dev\u0113ja. Da\u017ei uz\u0146\u0113mumi pied\u0101v\u0101 bezmaksas vai l\u0113tu izmitin\u0101\u0161anu.<\/p><\/div><\/div>\n\n<div class=\"faq-item\"><div class=\"faq-question\"><div class=\"faq-text\">Vai Eiropa ir dro\u0161a \u0101rvalstu str\u0101dniekiem?<\/div><div class=\"faq-toggle\">+<\/div><\/div><div class=\"faq-answer\"><p>J\u0101. Eiropas valstis iev\u0113ro stingrus darba likumus, lai aizsarg\u0101tu darba \u0146\u0113m\u0113ju ties\u012bbas un dro\u0161\u012bbu.<\/p><\/div><\/div>\n\n<div class=\"faq-item\"><div class=\"faq-question\"><div class=\"faq-text\">Vai man b\u016bs medic\u012bnisk\u0101 apdro\u0161in\u0101\u0161ana Eirop\u0101?<\/div><div class=\"faq-toggle\">+<\/div><\/div><div class=\"faq-answer\"><p>J\u0101. Liel\u0101k\u0101 da\u013ca darba dev\u0113ju nodro\u0161ina medic\u012bnisko apdro\u0161in\u0101\u0161anu saska\u0146\u0101 ar viet\u0113jiem noteikumiem.<\/p><\/div><\/div>\n\n<div class=\"faq-item\"><div class=\"faq-question\"><div class=\"faq-text\">K\u0101ds ir darba l\u012bguma termi\u0146\u0161?<\/div><div class=\"faq-toggle\">+<\/div><\/div><div class=\"faq-answer\"><p>Darba l\u012bgumi parasti tiek sl\u0113gti uz 1 l\u012bdz 2 gadiem atkar\u012bb\u0101 no darba dev\u0113ja.<\/p><\/div><\/div>\n\n<div class=\"faq-item\"><div class=\"faq-question\"><div class=\"faq-text\">Vai es varu pagarin\u0101t l\u012bgumu p\u0113c t\u0101 pabeig\u0161anas?<\/div><div class=\"faq-toggle\">+<\/div><\/div><div class=\"faq-answer\"><p>J\u0101. L\u012bguma pagarin\u0101\u0161ana ir iesp\u0113jama, pamatojoties uz sniegumu un darba dev\u0113ja pras\u012bb\u0101m.<\/p><\/div><\/div>\n\n<div class=\"faq-item\"><div class=\"faq-question\"><div class=\"faq-text\">Vai Europass CV ir oblig\u0101ts darbam Eirop\u0101?<\/div><div class=\"faq-toggle\">+<\/div><\/div><div class=\"faq-answer\"><p>Europass CV nav oblig\u0101ts, ta\u010du da\u017ei darba dev\u0113ji to dod priek\u0161roku. BCM Group sniegs jums nor\u0101d\u012bjumus par pareizo CV form\u0101tu, kas nepiecie\u0161ams j\u016bsu darbam un valstij.<\/p><\/div><\/div>\n\n<div class=\"faq-item\"><div class=\"faq-question\"><div class=\"faq-text\">K\u0101 man vajadz\u0113tu sagatavot CV darbam Eirop\u0101?<\/div><div class=\"faq-toggle\">+<\/div><\/div><div class=\"faq-answer\"><p>J\u016bsu CV ir skaidri j\u0101nor\u0101da j\u016bsu profesion\u0101l\u0101s prasmes, darba pieredze un sertifik\u0101ti. M\u016bsu komanda pal\u012bdz\u0113s jums sagatavot vai redi\u0123\u0113t CV atbilsto\u0161i Eiropas darba dev\u0113ju pras\u012bb\u0101m.<\/p><\/div><\/div>\n\n<div class=\"faq-item\"><div class=\"faq-question\"><div class=\"faq-text\">K\u0101di dokumenti ir nepiecie\u0161ami darbam Eirop\u0101?<\/div><div class=\"faq-toggle\">+<\/div><\/div><div class=\"faq-answer\"><p>Bie\u017e\u0101k sastopamie dokumenti ir pase, CV, darba pieredzes sertifik\u0101ti, medic\u012bnisk\u0101 izzi\u0146a un policijas pielaide.<\/p><\/div><\/div>\n\n<div class=\"faq-item\"><div class=\"faq-question\"><div class=\"faq-text\">Vai pirms atlases ir darba p\u0101rbaud\u012bjums vai intervija?<\/div><div class=\"faq-toggle\">+<\/div><\/div><div class=\"faq-answer\"><p>Da\u017eiem darbiem ir nepiecie\u0161ams amata p\u0101rbaud\u012bjums vai tehnisk\u0101 intervija.<\/p><\/div><\/div>\n\n<div class=\"faq-item\"><div class=\"faq-question\"><div class=\"faq-text\">Vai darbam Eirop\u0101 ir nepiecie\u0161ama medic\u012bnisk\u0101 p\u0101rbaude?<\/div><div class=\"faq-toggle\">+<\/div><\/div><div class=\"faq-answer\"><p>J\u0101. Kandid\u0101tiem ir j\u0101b\u016bt medic\u012bniski veseliem, un v\u012bzas un izvieto\u0161anas procesa ietvaros vi\u0146iem b\u016bs j\u0101iziet medic\u012bnisk\u0101 p\u0101rbaude.<\/p><\/div><\/div>\n\n<div class=\"faq-item\"><div class=\"faq-question\"><div class=\"faq-text\">Vai BCM Group man pal\u012bdz\u0113s p\u0113c iera\u0161an\u0101s Eirop\u0101?<\/div><div class=\"faq-toggle\">+<\/div><\/div><div class=\"faq-answer\"><p>J\u0101. BCM Group sniedz nor\u0101d\u012bjumus pirms izbrauk\u0161anas un atbalstu pievieno\u0161an\u0101s proces\u0101.<\/p><\/div><\/div>\n\n<div class=\"faq-item\"><div class=\"faq-question\"><div class=\"faq-text\">K\u0101 es varu pieteikties darbam BCM Group?<\/div><div class=\"faq-toggle\">+<\/div><\/div><div class=\"faq-answer\"><p>J\u016bs varat pieteikties, iesniedzot savu CV m\u016bsu t\u012bmek\u013ca vietn\u0113, sazinoties ar mums pa t\u0101lruni\/WhatsApp vai apmekl\u0113jot m\u016bsu biroju.<\/p><\/div><\/div>\n\n    <div class=\"faq-item\"><div class=\"faq-question\"><div class=\"faq-text\">Vai \u0113diens tiek nodro\u0161in\u0101ts vai ir paredz\u0113ta p\u0101rtikas pabalsts?<\/div><div class=\"faq-toggle\">+<\/div><\/div><div class=\"faq-answer\"><p>\u0112din\u0101\u0161anas iesp\u0113jas vai pabalsts ir atkar\u012bgi no darba dev\u0113ja, un pirms pievieno\u0161an\u0101s tiek skaidri inform\u0113ti.\n<\/p><\/div><\/div>\n\n<\/div>\n\n<script>\ndocument.querySelectorAll(\".faq-item\").forEach(item => {\n    item.addEventListener(\"click\", () => {\n        document.querySelectorAll(\".faq-item\").forEach(el => {\n            if (el !== item) el.classList.remove(\"active\");\n        });\n        item.classList.toggle(\"active\");\n    });\n});\n<\/script>\n\n\t\t\t\t\t\t\t\t<\/div>\n\t\t\t\t<\/div>\n\t\t\t\t<\/div>\n\t\t\t\t\t<\/div>\n\t\t\t\t<\/div>\n\t\t<div class=\"elementor-element elementor-element-d1d1b24 e-flex e-con-boxed e-con e-parent\" data-id=\"d1d1b24\" data-element_type=\"container\">\n\t\t\t\t\t<div class=\"e-con-inner\">\n\t\t<div class=\"elementor-element elementor-element-2a123eb e-flex e-con-boxed e-con e-child\" data-id=\"2a123eb\" data-element_type=\"container\">\n\t\t\t\t\t<div class=\"e-con-inner\">\n\t\t\t\t<div class=\"elementor-element elementor-element-6c1faf5 elementor-widget elementor-widget-gimont_elementor_heading\" data-id=\"6c1faf5\" data-element_type=\"widget\" data-widget_type=\"gimont_elementor_heading.default\">\n\t\t\t\t<div class=\"elementor-widget-container\">\n\t\t\t\t\t\n\t\t\t<div class=\"ova-heading template_2\">\n\t\t\t\t\t\t\t\t\t\t\t\t\t\t<span class=\"subtitle\">M\u0113s esam ar jums katr\u0101 sol\u012b<\/span>\n\t\t\t\t\t\t\t\t\t\t\t<span class=\"line\"><\/span>\n\t\t\t\t\t\t\t\t\t\t\t\t\t\n\t\t\t\t\t\t\t\t\t\t\t\t\t\t\t<h2 class=\"title\"> <\/h2>\n\t\t\t\t\t\t\t\t\t\t\n\t\t\t\t\t\t\t\t\n\t\t\t\t\n\t\t\t<\/div>\n\n\t\t\t\t\t\t<\/div>\n\t\t\t\t<\/div>\n\t\t\t\t\t<\/div>\n\t\t\t\t<\/div>\n\t\t\t\t\t<\/div>\n\t\t\t\t<\/div>\n\t\t<div class=\"elementor-element elementor-element-4bbdbf8 e-flex e-con-boxed e-con e-parent\" data-id=\"4bbdbf8\" data-element_type=\"container\">\n\t\t\t\t\t<div class=\"e-con-inner\">\n\t\t<div class=\"elementor-element elementor-element-89758e9 e-flex e-con-boxed e-con e-child\" data-id=\"89758e9\" data-element_type=\"container\">\n\t\t\t\t\t<div class=\"e-con-inner\">\n\t\t\t\t<div class=\"elementor-element elementor-element-2f3b8f8 elementor-widget elementor-widget-text-editor\" data-id=\"2f3b8f8\" data-element_type=\"widget\" data-widget_type=\"text-editor.default\">\n\t\t\t\t<div class=\"elementor-widget-container\">\n\t\t\t\t\t\t\t\t\t<p><span style=\"font-weight: 400;\">BCM Group j\u016bsu ce\u013cojums nav tikai par darba ieg\u016b\u0161anu \u2014 tas ir par dro\u0161as n\u0101kotnes veido\u0161anu ar cie\u0146u, uztic\u012bbu un ilgtermi\u0146a iesp\u0113j\u0101m. M\u0113s ticam, ka katrs kandid\u0101ts ir peln\u012bjis skaidru inform\u0101ciju, god\u012bgu vad\u012bbu un p\u0101rredzamus procesus. S\u0101kot no j\u016bsu pirm\u0101 piepras\u012bjuma l\u012bdz pat p\u0113d\u0113jai vakancei un ar\u012b p\u0113c tam, m\u016bsu komandas ir jums blakus, sniedzot nep\u0101rtrauktu atbalstu, p\u0101rbaud\u012btas iesp\u0113jas un \u0113tisku darb\u0101 pie\u0146em\u0161anas praksi.<\/span><\/p><p><span style=\"font-weight: 400;\">\u0160aj\u0101 ce\u013cojum\u0101 j\u016bs nekad neesat viens \u2014 BCM Group iet kop\u0101 ar jums, aizsarg\u0101 j\u016bsu intereses un str\u0101d\u0101 j\u016bsu pan\u0101kumu lab\u0101.<\/span><\/p><p><span style=\"font-weight: 400;\">Ja jums joproj\u0101m ir jaut\u0101jumi, sazinieties ar mums dro\u0161i \u2014 jo j\u016bsu n\u0101kotne mums ir svar\u012bga.<\/span><\/p>\t\t\t\t\t\t\t\t<\/div>\n\t\t\t\t<\/div>\n\t\t\t\t\t<\/div>\n\t\t\t\t<\/div>\n\t\t\t\t\t<\/div>\n\t\t\t\t<\/div>\n\t\t<div class=\"elementor-element elementor-element-269e0cf e-flex e-con-boxed e-con e-parent\" data-id=\"269e0cf\" data-element_type=\"container\">\n\t\t\t\t\t<div class=\"e-con-inner\">\n\t\t<div class=\"elementor-element elementor-element-db6d501 e-flex e-con-boxed e-con e-child\" data-id=\"db6d501\" data-element_type=\"container\">\n\t\t\t\t\t<div class=\"e-con-inner\">\n\t\t\t\t<div class=\"elementor-element elementor-element-692d530 elementor-align-center elementor-widget elementor-widget-button\" data-id=\"692d530\" data-element_type=\"widget\" data-widget_type=\"button.default\">\n\t\t\t\t<div class=\"elementor-widget-container\">\n\t\t\t\t\t\t\t\t\t<div class=\"elementor-button-wrapper\">\n\t\t\t\t\t<a class=\"elementor-button elementor-button-link elementor-size-sm\" href=\"https:\/\/bcmgroup.in\/lv\/sazinaties\/\">\n\t\t\t\t\t\t<span class=\"elementor-button-content-wrapper\">\n\t\t\t\t\t\t\t\t\t<span class=\"elementor-button-text\">Sazinieties ar mums<\/span>\n\t\t\t\t\t<\/span>\n\t\t\t\t\t<\/a>\n\t\t\t\t<\/div>\n\t\t\t\t\t\t\t\t<\/div>\n\t\t\t\t<\/div>\n\t\t\t\t\t<\/div>\n\t\t\t\t<\/div>\n\t\t\t\t\t<\/div>\n\t\t\t\t<\/div>\n\t\t\t\t<\/div>\n\t\t","protected":false},"excerpt":{"rendered":"<p>Bie\u017ei Uzdotie Jaut\u0101jumi Ja nevarat atrast atbildi zem\u0101k, l\u016bdzu, izmantojiet kontaktformu vai rakstiet mums uz info@bcmgroup.in Vai ang\u013cu valodas zin\u0101\u0161anas ir oblig\u0101tas, lai str\u0101d\u0101tu Eirop\u0101?+ Ang\u013cu valoda nav oblig\u0101ta visiem darbiem. Noder\u012bgas ir ang\u013cu valodas pamatzin\u0101\u0161anas, un darba dev\u0113ji galvenok\u0101rt p\u0101rbauda j\u016bsu tehnisk\u0101s zin\u0101\u0161anas un pieredzi, kas saist\u012bta ar darba profilu. Vai esat re\u0123istr\u0113ties \u0100rlietu [&hellip;]<\/p>\n","protected":false},"author":2,"featured_media":0,"parent":137629,"menu_order":0,"comment_status":"closed","ping_status":"closed","template":"elementor_canvas","meta":{"googlesitekit_rrm_CAowi469DA:productID":"","footnotes":""},"class_list":["post-137650","page","type-page","status-publish","hentry"],"_links":{"self":[{"href":"https:\/\/bcmgroup.in\/lv\/wp-json\/wp\/v2\/pages\/137650","targetHints":{"allow":["GET"]}}],"collection":[{"href":"https:\/\/bcmgroup.in\/lv\/wp-json\/wp\/v2\/pages"}],"about":[{"href":"https:\/\/bcmgroup.in\/lv\/wp-json\/wp\/v2\/types\/page"}],"author":[{"embeddable":true,"href":"https:\/\/bcmgroup.in\/lv\/wp-json\/wp\/v2\/users\/2"}],"replies":[{"embeddable":true,"href":"https:\/\/bcmgroup.in\/lv\/wp-json\/wp\/v2\/comments?post=137650"}],"version-history":[{"count":10,"href":"https:\/\/bcmgroup.in\/lv\/wp-json\/wp\/v2\/pages\/137650\/revisions"}],"predecessor-version":[{"id":150939,"href":"https:\/\/bcmgroup.in\/lv\/wp-json\/wp\/v2\/pages\/137650\/revisions\/150939"}],"up":[{"embeddable":true,"href":"https:\/\/bcmgroup.in\/lv\/wp-json\/wp\/v2\/pages\/137629"}],"wp:attachment":[{"href":"https:\/\/bcmgroup.in\/lv\/wp-json\/wp\/v2\/media?parent=137650"}],"curies":[{"name":"wp","href":"https:\/\/api.w.org\/{rel}","templated":true}]}}