{"id":73753,"date":"2024-03-02T15:34:07","date_gmt":"2024-03-02T15:34:07","guid":{"rendered":"https:\/\/bcmgroup.in\/szolgaltatasok\/"},"modified":"2025-08-29T13:30:39","modified_gmt":"2025-08-29T13:30:39","slug":"szolgaltatasok","status":"publish","type":"page","link":"https:\/\/bcmgroup.in\/hu\/szolgaltatasok\/","title":{"rendered":"Szolg\u00e1ltat\u00e1sok"},"content":{"rendered":"\t\t<div data-elementor-type=\"wp-page\" data-elementor-id=\"73753\" class=\"elementor elementor-73753 elementor-73657\" data-elementor-post-type=\"page\">\n\t\t\t\t<div class=\"elementor-element elementor-element-94d79ad e-flex e-con-boxed e-con e-parent\" data-id=\"94d79ad\" data-element_type=\"container\">\n\t\t\t\t\t<div class=\"e-con-inner\">\n\t\t\t\t<div class=\"elementor-element elementor-element-9d85c8a elementor-widget elementor-widget-hfe-breadcrumbs-widget\" data-id=\"9d85c8a\" data-element_type=\"widget\" data-widget_type=\"hfe-breadcrumbs-widget.default\">\n\t\t\t\t<div class=\"elementor-widget-container\">\n\t\t\t\t\t<nav aria-label=\"Breadcrumb\"><ul class=\"hfe-breadcrumbs hfe-breadcrumbs-show-home\"><li class=\"hfe-breadcrumbs-item hfe-breadcrumbs-first\"><span class=\"hfe-breadcrumbs-home-icon\"><svg aria-hidden=\"true\" class=\"e-font-icon-svg e-fas-home\" viewBox=\"0 0 576 512\" xmlns=\"http:\/\/www.w3.org\/2000\/svg\"><path d=\"M280.37 148.26L96 300.11V464a16 16 0 0 0 16 16l112.06-.29a16 16 0 0 0 15.92-16V368a16 16 0 0 1 16-16h64a16 16 0 0 1 16 16v95.64a16 16 0 0 0 16 16.05L464 480a16 16 0 0 0 16-16V300L295.67 148.26a12.19 12.19 0 0 0-15.3 0zM571.6 251.47L488 182.56V44.05a12 12 0 0 0-12-12h-56a12 12 0 0 0-12 12v72.61L318.47 43a48 48 0 0 0-61 0L4.34 251.47a12 12 0 0 0-1.6 16.9l25.5 31A12 12 0 0 0 45.15 301l235.22-193.74a12.19 12.19 0 0 1 15.3 0L530.9 301a12 12 0 0 0 16.9-1.6l25.5-31a12 12 0 0 0-1.7-16.93z\"><\/path><\/svg><\/span><a href=\"https:\/\/bcmgroup.in\/hu\/\"><span class=\"hfe-breadcrumbs-text\">otthon<\/span><\/a><\/li><\/ul><\/nav>\t\t\t\t<\/div>\n\t\t\t\t<\/div>\n\t\t\t\t\t<\/div>\n\t\t\t\t<\/div>\n\t\t<div class=\"elementor-element elementor-element-b8bfabd e-flex e-con-boxed e-con e-parent\" data-id=\"b8bfabd\" data-element_type=\"container\">\n\t\t\t\t\t<div class=\"e-con-inner\">\n\t\t\t\t<div class=\"elementor-element elementor-element-5217a31 elementor-widget elementor-widget-heading\" data-id=\"5217a31\" data-element_type=\"widget\" data-widget_type=\"heading.default\">\n\t\t\t\t<div class=\"elementor-widget-container\">\n\t\t\t\t\t<h1 class=\"elementor-heading-title elementor-size-default\">K\u00dcLF\u00d6LDI FOGLALKOZTAT\u00c1S<\/h1>\t\t\t\t<\/div>\n\t\t\t\t<\/div>\n\t\t\t\t<div class=\"elementor-element elementor-element-878b4bf elementor-widget-divider--view-line elementor-widget elementor-widget-divider\" data-id=\"878b4bf\" data-element_type=\"widget\" data-widget_type=\"divider.default\">\n\t\t\t\t<div class=\"elementor-widget-container\">\n\t\t\t\t\t\t\t<div class=\"elementor-divider\">\n\t\t\t<span class=\"elementor-divider-separator\">\n\t\t\t\t\t\t<\/span>\n\t\t<\/div>\n\t\t\t\t\t\t<\/div>\n\t\t\t\t<\/div>\n\t\t\t\t\t<\/div>\n\t\t\t\t<\/div>\n\t\t<div class=\"elementor-element elementor-element-27e0187 e-flex e-con-boxed e-con e-parent\" data-id=\"27e0187\" data-element_type=\"container\">\n\t\t\t\t\t<div class=\"e-con-inner\">\n\t\t\t\t<div class=\"elementor-element elementor-element-dbcf32c elementor-widget__width-inherit elementor-widget elementor-widget-gimont_elementor_road_map\" data-id=\"dbcf32c\" data-element_type=\"widget\" data-widget_type=\"gimont_elementor_road_map.default\">\n\t\t\t\t<div class=\"elementor-widget-container\">\n\t\t\t\t\t\n\t\t<div class=\"ova-road-map template_1\">\n\t\t\t<div class=\"road-map-wrapper\">\n\n\t\t\t\t\t\t\t\t\t<div class=\"timeline-column\">\n\t\t\t\t\t\t\t\t\t\t\t\t\t\t\t\t\t\t\t\t\t<div class=\"timeline-item timeline-item-left \">\n\t\t\t\t\t\t\t\t\t<div class=\"timeline-image\">\n\t\t\t\t\t\t\t\t\t\t<img decoding=\"async\" src=\"https:\/\/bcmgroup.in\/wp-content\/uploads\/2024\/03\/interview-scheduling-1-1.jpg\" alt=\"Overseas Recruitment- Interview Scheduling\"\n\t\t\t\t\t\t\t\t\t\ttitle=\"\">\n\t\t\t\t\t\t\t\t\t<\/div>\n\t\t\t\t\t\t\t\t\t<div class=\"timeline-info\">\n\t\t\t\t\t\t\t\t\t\t<div class=\"content-info\" \n\t\t\t\t\t\t\t\t\t\t\tdata-animation='{\"animation\":\"\",\"duration\":\"\",\"delay\":\"\"}'>\n\n\t\t\t\t\t\t\t\t\t\t\t\t\t\t\t\t\t\t\t\t\t\t\t<div class=\"date\">\n\t\t\t\t\t\t\t\t\t\t\t\t\t \t\t\t\t\t\t\t\t\t\t\t\t<\/div>\n\t\t\t\t\t\t\t\t\t\t\t\t\t\t\t\t\t\t\t\t\t\t<div class=\"timeline-content\">\n\t\t\t\t\t\t\t\t\t\t\t\t<h3 class=\"title\">Interj\u00fa \u00fctemez\u00e9se<\/h3>\n\t\t\t\t\t\t\t\t\t\t\t\t<p class=\"desc\">Ez a folyamat megold\u00f3dik, \u00e9s a v\u00e1llalat megszabadul a felesleges oda-vissza e-mailekt\u0151l. Nemcsak a felv\u00e9teli folyamat felgyors\u00edt\u00e1s\u00e1t seg\u00edti el\u0151, hanem lehet\u0151v\u00e9 teszi az interj\u00fak \u00fctemez\u00e9s\u00e9t a legjobb id\u0151pontban mind a jel\u00f6ltek, mind a munkaer\u0151-felv\u00e9teli vezet\u0151k sz\u00e1m\u00e1ra. Az interj\u00fak l\u00e9p\u00e9sr\u0151l l\u00e9p\u00e9sre zajlanak, ami megadja a jel\u00f6lt kompetenci\u00e1j\u00e1nak szintj\u00e9t a k\u00f6vetkez\u0151 teszten, amelyet bev\u00e1s\u00e1rl\u00f3k\u00f6zpontjainkban tesz\u00fcnk le. Vannak hangk\u00f6r\u00f6k, videok\u00f6r\u00f6k \u00e9s technikai tesztek.<\/p>\n\t\t\t\t\t\t\t\t\t\t\t<\/div>\n\t\t\t\t\t\t\t\t\t\t<\/div>\n\t\t\t\t\t\t\t\t\t<\/div>\n\t\t\t\t\t\t\t\t<\/div>\n\t\t\t\t\t\t\t\t\t\t\t\t\t\t\t\t\t\t\t\t\t\t<div class=\"timeline-item timeline-item-right active\">\n\t\t\t\t\t\t\t\t\t<div class=\"timeline-info\">\n\t\t\t\t\t\t\t\t\t\t<div class=\"content-info\" \n\t\t\t\t\t\t\t\t\t\tdata-animation='{\"animation\":\"\",\"duration\":\"\",\"delay\":\"\"}'>\n\n\t\t\t\t\t\t\t\t\t\t\t\t\t\t\t\t\t\t\t\t\t\t\t<div class=\"date\">\n\t\t\t\t\t\t\t\t\t\t\t\t\t \t\t\t\t\t\t\t\t\t\t\t\t<\/div>\n\t\t\t\t\t\t\t\t\t\t\t\n\t\t\t\t\t\t\t\t\t\t\t<div class=\"timeline-content\">\n\t\t\t\t\t\t\t\t\t\t\t\t<h3 class=\"title\">Jel\u00f6ltek sz\u0171r\u00e9se<\/h3>\n\t\t\t\t\t\t\t\t\t\t\t\t<p class=\"desc\">Ez az interj\u00fa m\u00e1sodik l\u00e9p\u00e9se, amely ellen\u0151rzi a jel\u00f6lt v\u00e9gzetts\u00e9g\u00e9nek, tapasztalat\u00e1nak, szem\u00e9lyes \u00e9s eg\u00e9szs\u00e9g\u00fcgyi el\u0151zm\u00e9nyeinek h\u00e1tter\u00e9t, mivel az egyes alkalmazottak adatai az \u00f6sszes igazol\u00f3 dokumentumt\u00f3l f\u00fcgg\u0151en v\u00e1ltozhatnak. Ez az\u00e9rt t\u00f6rt\u00e9nik, hogy a legjobb min\u0151s\u00e9g\u0171 jel\u00f6lteket szerezz\u00fck. Ez a folyamat szem\u00e9lyesen t\u00f6rt\u00e9nik.<\/p>\n\t\t\t\t\t\t\t\t\t\t\t<\/div>\n\t\t\t\t\t\t\t\t\t\t<\/div>\n\t\t\t\t\t\t\t\t\t<\/div>\n\t\t\t\t\t\t\t\t\t<div class=\"timeline-image\">\n\t\t\t\t\t\t\t\t\t\t<img decoding=\"async\" src=\"https:\/\/bcmgroup.in\/wp-content\/uploads\/2024\/03\/candidate-verification-1.jpg\" alt=\"\">\n\t\t\t\t\t\t\t\t\t<\/div>\n\t\t\t\t\t\t\t\t<\/div>\n\t\t\t\t\t\t\t\t\t\t\t\t\t\t\t\t\t\t\t\t\t<div class=\"timeline-item timeline-item-left \">\n\t\t\t\t\t\t\t\t\t<div class=\"timeline-image\">\n\t\t\t\t\t\t\t\t\t\t<img decoding=\"async\" src=\"https:\/\/bcmgroup.in\/wp-content\/uploads\/2024\/03\/Documentation-1.jpg\" alt=\"\"\n\t\t\t\t\t\t\t\t\t\ttitle=\"\">\n\t\t\t\t\t\t\t\t\t<\/div>\n\t\t\t\t\t\t\t\t\t<div class=\"timeline-info\">\n\t\t\t\t\t\t\t\t\t\t<div class=\"content-info\" \n\t\t\t\t\t\t\t\t\t\t\tdata-animation='{\"animation\":\"\",\"duration\":\"\",\"delay\":\"\"}'>\n\n\t\t\t\t\t\t\t\t\t\t\t\t\t\t\t\t\t\t\t\t\t\t\t<div class=\"date\">\n\t\t\t\t\t\t\t\t\t\t\t\t\t \t\t\t\t\t\t\t\t\t\t\t\t<\/div>\n\t\t\t\t\t\t\t\t\t\t\t\t\t\t\t\t\t\t\t\t\t\t<div class=\"timeline-content\">\n\t\t\t\t\t\t\t\t\t\t\t\t<h3 class=\"title\">Dokument\u00e1ci\u00f3<\/h3>\n\t\t\t\t\t\t\t\t\t\t\t\t<p class=\"desc\">A megadott felt\u00e9telekkel kapcsolatos konszenzus elengedhetetlen ahhoz, hogy minden meg\u00e1llapod\u00e1s z\u00f6kken\u0151mentesen haladjon. Az \u00e1tfog\u00f3 meg\u00e1llapod\u00e1s hivatalos csatornak\u00e9nt szolg\u00e1l, amelyen kereszt\u00fcl mindk\u00e9t f\u00e9l kifejezi elfogad\u00e1s\u00e1t \u00e9s elk\u00f6telezetts\u00e9g\u00e9t. Olyan kulcsfontoss\u00e1g\u00fa elemei rejlenek, mint a felhatalmaz\u00e1s felhatalmaz\u00e1ssal t\u00f6rt\u00e9n\u0151 \u00e1truh\u00e1z\u00e1sa, a k\u00f6vetelm\u00e9nyek megfogalmaz\u00e1sa k\u00e9relemmel, valamint a szerepek \u00e9s felel\u0151ss\u00e9gek meghat\u00e1roz\u00e1sa a munkaszerz\u0151d\u00e9sben. Ezek a dokumentumok nemcsak az egy\u00e9rtelm\u0171s\u00e9get biztos\u00edtj\u00e1k, hanem el\u0151seg\u00edtik a bizalmat \u00e9s a k\u00f6lcs\u00f6n\u00f6s meg\u00e9rt\u00e9st is, szil\u00e1rd alapot teremtve a gy\u00fcm\u00f6lcs\u00f6z\u0151 egy\u00fcttm\u0171k\u00f6d\u00e9shez.<\/p>\n\t\t\t\t\t\t\t\t\t\t\t<\/div>\n\t\t\t\t\t\t\t\t\t\t<\/div>\n\t\t\t\t\t\t\t\t\t<\/div>\n\t\t\t\t\t\t\t\t<\/div>\n\t\t\t\t\t\t\t\t\t\t\t\t\t\t\t\t\t\t\t\t\t\t<div class=\"timeline-item timeline-item-right \">\n\t\t\t\t\t\t\t\t\t<div class=\"timeline-info\">\n\t\t\t\t\t\t\t\t\t\t<div class=\"content-info\" \n\t\t\t\t\t\t\t\t\t\tdata-animation='{\"animation\":\"\",\"duration\":\"\",\"delay\":\"\"}'>\n\n\t\t\t\t\t\t\t\t\t\t\t\t\t\t\t\t\t\t\t\t\t\t\t<div class=\"date\">\n\t\t\t\t\t\t\t\t\t\t\t\t\t \t\t\t\t\t\t\t\t\t\t\t\t<\/div>\n\t\t\t\t\t\t\t\t\t\t\t\n\t\t\t\t\t\t\t\t\t\t\t<div class=\"timeline-content\">\n\t\t\t\t\t\t\t\t\t\t\t\t<h3 class=\"title\">V\u00edzumbiztos\u00edt\u00e1s \u00e9s -feldolgoz\u00e1s<\/h3>\n\t\t\t\t\t\t\t\t\t\t\t\t<p class=\"desc\">Szolg\u00e1ltat\u00e1sunk c\u00e9lja, hogy seg\u00edtse a k\u00e9relmez\u0151ket a v\u00edzumbiztos\u00edt\u00e1s \u00e9s a feldolgoz\u00e1si k\u00f6vetelm\u00e9nyek \u00f6sszetetts\u00e9g\u00e9ben. Egyszer\u0171s\u00edtj\u00fck a folyamatot az\u00e1ltal, hogy v\u00e9gigvezetj\u00fck az egy\u00e9neket a sz\u00fcks\u00e9ges \u0171rlapok \u00e9s dokument\u00e1ci\u00f3k kit\u00f6lt\u00e9s\u00e9n, biztos\u00edtva, hogy minden l\u00e9nyeges adat pontosan meg legyen adva. A biztos\u00edt\u00e1si k\u00f6tv\u00e9nyekt\u0151l a v\u00edzumk\u00e9relmekig \u00e1tfog\u00f3 t\u00e1mogat\u00e1st ny\u00fajtunk, v\u00e9gs\u0151 soron megk\u00f6nny\u00edtve a sz\u00fcks\u00e9ges j\u00f3v\u00e1hagy\u00e1sok \u00e9s fedezet megszerz\u00e9s\u00e9nek egyszer\u0171bb \u00e9s hat\u00e9konyabb \u00fatj\u00e1t.<\/p>\n\t\t\t\t\t\t\t\t\t\t\t<\/div>\n\t\t\t\t\t\t\t\t\t\t<\/div>\n\t\t\t\t\t\t\t\t\t<\/div>\n\t\t\t\t\t\t\t\t\t<div class=\"timeline-image\">\n\t\t\t\t\t\t\t\t\t\t<img decoding=\"async\" src=\"https:\/\/bcmgroup.in\/wp-content\/uploads\/2024\/03\/insurance-and-visa-processing-1.jpg\" alt=\"\">\n\t\t\t\t\t\t\t\t\t<\/div>\n\t\t\t\t\t\t\t\t<\/div>\n\t\t\t\t\t\t\t\t\t\t\t\t\t\t\t\t\t\t\t\t\t<div class=\"timeline-item timeline-item-left active\">\n\t\t\t\t\t\t\t\t\t<div class=\"timeline-image\">\n\t\t\t\t\t\t\t\t\t\t<img decoding=\"async\" src=\"https:\/\/bcmgroup.in\/wp-content\/uploads\/2024\/03\/ONBOARDING-PROCESS.jpg\" alt=\"\"\n\t\t\t\t\t\t\t\t\t\ttitle=\"\">\n\t\t\t\t\t\t\t\t\t<\/div>\n\t\t\t\t\t\t\t\t\t<div class=\"timeline-info\">\n\t\t\t\t\t\t\t\t\t\t<div class=\"content-info\" \n\t\t\t\t\t\t\t\t\t\t\tdata-animation='{\"animation\":\"\",\"duration\":\"\",\"delay\":\"\"}'>\n\n\t\t\t\t\t\t\t\t\t\t\t\t\t\t\t\t\t\t\t\t\t\t\t<div class=\"date\">\n\t\t\t\t\t\t\t\t\t\t\t\t\t \t\t\t\t\t\t\t\t\t\t\t\t<\/div>\n\t\t\t\t\t\t\t\t\t\t\t\t\t\t\t\t\t\t\t\t\t\t<div class=\"timeline-content\">\n\t\t\t\t\t\t\t\t\t\t\t\t<h3 class=\"title\">Bevezet\u00e9si folyamat<\/h3>\n\t\t\t\t\t\t\t\t\t\t\t\t<p class=\"desc\">A f\u0151n\u00f6k egyik legfontosabb feladata az \u00faj tagok z\u00f6kken\u0151mentes integr\u00e1ci\u00f3j\u00e1nak biztos\u00edt\u00e1sa a szervezetbe. Ez mag\u00e1ban foglalja a szervezet kult\u00far\u00e1j\u00e1nak, megk\u00f6zel\u00edt\u00e9seinek \u00e9s m\u00f3dszertan\u00e1nak, valamint munk\u00e1j\u00e1nak \u00e9s felel\u0151ss\u00e9g\u00e9nek megismer\u00e9s\u00e9t. \u00datmutat\u00e1ssal, t\u00e1mogat\u00e1ssal \u00e9s mentor\u00e1l\u00e1ssal a f\u0151n\u00f6k\u00f6k seg\u00edtenek az \u00faj toborz\u00f3knak abban, hogy megh\u00edvottnak, megbecs\u00fcltnek \u00e9s k\u00e9sznek \u00e9rezz\u00e9k magukat a csoporthoz val\u00f3 hozz\u00e1j\u00e1rul\u00e1sra. Az er\u0151s beilleszked\u00e9s felgyors\u00edtja a vari\u00e1ci\u00f3s interakci\u00f3kat, valamint jav\u00edtja az alkalmazottak elk\u00f6telezetts\u00e9g\u00e9t \u00e9s megtart\u00e1s\u00e1t, ami v\u00e9gs\u0151 soron hozz\u00e1j\u00e1rul a szervezet \u00e1ltal\u00e1nos eredm\u00e9nyeihez.<\/p>\n\t\t\t\t\t\t\t\t\t\t\t<\/div>\n\t\t\t\t\t\t\t\t\t\t<\/div>\n\t\t\t\t\t\t\t\t\t<\/div>\n\t\t\t\t\t\t\t\t<\/div>\n\t\t\t\t\t\t\t\t\t\t\t\t\t\t\t\t\t\t\t\t\t\t<div class=\"timeline-item timeline-item-right \">\n\t\t\t\t\t\t\t\t\t<div class=\"timeline-info\">\n\t\t\t\t\t\t\t\t\t\t<div class=\"content-info\" \n\t\t\t\t\t\t\t\t\t\tdata-animation='{\"animation\":\"\",\"duration\":\"\",\"delay\":\"\"}'>\n\n\t\t\t\t\t\t\t\t\t\t\t\t\t\t\t\t\t\t\t\t\t\t\t<div class=\"date\">\n\t\t\t\t\t\t\t\t\t\t\t\t\t \t\t\t\t\t\t\t\t\t\t\t\t<\/div>\n\t\t\t\t\t\t\t\t\t\t\t\n\t\t\t\t\t\t\t\t\t\t\t<div class=\"timeline-content\">\n\t\t\t\t\t\t\t\t\t\t\t\t<h3 class=\"title\">Indul\u00e1s<\/h3>\n\t\t\t\t\t\t\t\t\t\t\t\t<p class=\"desc\">Egyes\u00fclet\u00fcnkn\u00e9l hisz\u00fcnk abban, hogy minden egy\u00e9nnek megadjuk a meg\u00e9rdemelt egy\u00e9ni figyelmet. Versenyt\u00e1rsaink j\u00f3l\u00e9t\u00e9vel \u00fagy kell foglalkoznunk, hogy \u00fatjuk minden szakasz\u00e1ban szem\u00e9lyre szabott ir\u00e1nyt adunk. Legyen sz\u00f3 b\u00e1tor\u00edt\u00e1sr\u00f3l, a v\u00e1llalkoz\u00e1s fel\u00e9 vezet\u0151 \u00fatr\u00f3l, kifog\u00e1sok felvet\u00e9s\u00e9r\u0151l vagy a t\u00f6k\u00e9letes emberekkel val\u00f3 kapcsolatfelv\u00e9telr\u0151l, az\u00e9rt vagyunk itt, hogy biztos\u00edtsuk, hogy a k\u00f6zelg\u0151k t\u00e1mogatottnak \u00e9s biztons\u00e1gban \u00e9rezz\u00e9k magukat. Elk\u00f6telezett seg\u00edts\u00e9g\u00fcnkkel a versenyt\u00e1rsak \u00fagy navig\u00e1lhatnak, hogy megb\u00edzhat\u00f3 partner\u00fck van, aki b\u00e1rmikor \u00fatmutat\u00e1st \u00e9s t\u00e1mogat\u00e1st ny\u00fajt.<\/p>\n\t\t\t\t\t\t\t\t\t\t\t<\/div>\n\t\t\t\t\t\t\t\t\t\t<\/div>\n\t\t\t\t\t\t\t\t\t<\/div>\n\t\t\t\t\t\t\t\t\t<div class=\"timeline-image\">\n\t\t\t\t\t\t\t\t\t\t<img decoding=\"async\" src=\"https:\/\/bcmgroup.in\/wp-content\/uploads\/2024\/03\/SERVICE-POST-DEPARTURE.jpg\" alt=\"\">\n\t\t\t\t\t\t\t\t\t<\/div>\n\t\t\t\t\t\t\t\t<\/div>\n\t\t\t\t\t\t\t\t\t\t\t<\/div>\n\t\t\t\t\n\t\t\t<\/div>\n\t\t<\/div>\n\t\t \t\n\t\t\t\t\t\t<\/div>\n\t\t\t\t<\/div>\n\t\t\t\t\t<\/div>\n\t\t\t\t<\/div>\n\t\t\t\t<\/div>\n\t\t","protected":false},"excerpt":{"rendered":"<p>otthon K\u00dcLF\u00d6LDI FOGLALKOZTAT\u00c1S Interj\u00fa \u00fctemez\u00e9se Ez a folyamat megold\u00f3dik, \u00e9s a v\u00e1llalat megszabadul a felesleges oda-vissza e-mailekt\u0151l. Nemcsak a felv\u00e9teli folyamat felgyors\u00edt\u00e1s\u00e1t seg\u00edti el\u0151, hanem lehet\u0151v\u00e9 teszi az interj\u00fak \u00fctemez\u00e9s\u00e9t a legjobb id\u0151pontban mind a jel\u00f6ltek, mind a munkaer\u0151-felv\u00e9teli vezet\u0151k sz\u00e1m\u00e1ra. Az interj\u00fak l\u00e9p\u00e9sr\u0151l l\u00e9p\u00e9sre zajlanak, ami megadja a jel\u00f6lt kompetenci\u00e1j\u00e1nak szintj\u00e9t a k\u00f6vetkez\u0151 teszten, [&hellip;]<\/p>\n","protected":false},"author":1,"featured_media":0,"parent":0,"menu_order":0,"comment_status":"closed","ping_status":"closed","template":"elementor_header_footer","meta":{"googlesitekit_rrm_CAowi469DA:productID":"","footnotes":""},"class_list":["post-73753","page","type-page","status-publish","hentry"],"_links":{"self":[{"href":"https:\/\/bcmgroup.in\/hu\/wp-json\/wp\/v2\/pages\/73753","targetHints":{"allow":["GET"]}}],"collection":[{"href":"https:\/\/bcmgroup.in\/hu\/wp-json\/wp\/v2\/pages"}],"about":[{"href":"https:\/\/bcmgroup.in\/hu\/wp-json\/wp\/v2\/types\/page"}],"author":[{"embeddable":true,"href":"https:\/\/bcmgroup.in\/hu\/wp-json\/wp\/v2\/users\/1"}],"replies":[{"embeddable":true,"href":"https:\/\/bcmgroup.in\/hu\/wp-json\/wp\/v2\/comments?post=73753"}],"version-history":[{"count":11,"href":"https:\/\/bcmgroup.in\/hu\/wp-json\/wp\/v2\/pages\/73753\/revisions"}],"predecessor-version":[{"id":97975,"href":"https:\/\/bcmgroup.in\/hu\/wp-json\/wp\/v2\/pages\/73753\/revisions\/97975"}],"wp:attachment":[{"href":"https:\/\/bcmgroup.in\/hu\/wp-json\/wp\/v2\/media?parent=73753"}],"curies":[{"name":"wp","href":"https:\/\/api.w.org\/{rel}","templated":true}]}}