{"id":66589,"date":"2023-06-08T07:40:01","date_gmt":"2023-06-08T07:40:01","guid":{"rendered":"https:\/\/bcmgroup.in\/erintkezes\/"},"modified":"2026-03-21T09:27:22","modified_gmt":"2026-03-21T09:27:22","slug":"erintkezes","status":"publish","type":"page","link":"https:\/\/bcmgroup.in\/hu\/erintkezes\/","title":{"rendered":"\u00c9rintkez\u00e9s"},"content":{"rendered":"\t\t<div data-elementor-type=\"wp-page\" data-elementor-id=\"66589\" class=\"elementor elementor-66589 elementor-17132\" data-elementor-post-type=\"page\">\n\t\t\t\t<div class=\"elementor-element elementor-element-37183f5 e-flex e-con-boxed e-con e-parent\" data-id=\"37183f5\" data-element_type=\"container\">\n\t\t\t\t\t<div class=\"e-con-inner\">\n\t\t<div class=\"elementor-element elementor-element-ac4e4a9 e-con-full e-flex e-con e-child\" data-id=\"ac4e4a9\" data-element_type=\"container\">\n\t\t\t\t<div class=\"elementor-element elementor-element-7bac4f3 elementor-widget elementor-widget-image\" data-id=\"7bac4f3\" data-element_type=\"widget\" data-widget_type=\"image.default\">\n\t\t\t\t<div class=\"elementor-widget-container\">\n\t\t\t\t\t\t\t\t\t\t\t\t\t\t\t<img fetchpriority=\"high\" decoding=\"async\" width=\"1620\" height=\"650\" src=\"https:\/\/bcmgroup.in\/wp-content\/uploads\/2026\/01\/banner-62.webp\" class=\"attachment-full size-full wp-image-132870\" alt=\"\" srcset=\"https:\/\/bcmgroup.in\/wp-content\/uploads\/2026\/01\/banner-62.webp 1620w, https:\/\/bcmgroup.in\/wp-content\/uploads\/2026\/01\/banner-62-300x120.webp 300w, https:\/\/bcmgroup.in\/wp-content\/uploads\/2026\/01\/banner-62-1024x411.webp 1024w, https:\/\/bcmgroup.in\/wp-content\/uploads\/2026\/01\/banner-62-768x308.webp 768w, https:\/\/bcmgroup.in\/wp-content\/uploads\/2026\/01\/banner-62-1536x616.webp 1536w\" sizes=\"(max-width: 1620px) 100vw, 1620px\" \/>\t\t\t\t\t\t\t\t\t\t\t\t\t\t\t<\/div>\n\t\t\t\t<\/div>\n\t\t\t\t<\/div>\n\t\t\t\t\t<\/div>\n\t\t\t\t<\/div>\n\t\t<div class=\"elementor-element elementor-element-1aaa219 e-flex e-con-boxed e-con e-parent\" data-id=\"1aaa219\" data-element_type=\"container\">\n\t\t\t\t\t<div class=\"e-con-inner\">\n\t\t<div class=\"elementor-element elementor-element-39e97d9 elementor-hidden-desktop e-con-full e-flex e-con e-child\" data-id=\"39e97d9\" data-element_type=\"container\">\n\t\t\t\t<div class=\"elementor-element elementor-element-73b1ac3 elementor-widget elementor-widget-gimont_elementor_heading\" data-id=\"73b1ac3\" data-element_type=\"widget\" data-widget_type=\"gimont_elementor_heading.default\">\n\t\t\t\t<div class=\"elementor-widget-container\">\n\t\t\t\t\t\n\t\t\t<div class=\"ova-heading template_2\">\n\t\t\t\t\t\t\t\t\t\t\t\t\t\t<span class=\"subtitle\">\u00c9rintkez\u00e9s<\/span>\n\t\t\t\t\t\t\t\t\t\t\t<span class=\"line\"><\/span>\n\t\t\t\t\t\t\t\t\t\t\t\t\t\n\t\t\t\t\t\t\t\t\t\t\t\t\t\t\t<h1 class=\"title\"> <\/h1>\n\t\t\t\t\t\t\t\t\t\t\n\t\t\t\t\t\t\t\t\n\t\t\t\t\n\t\t\t<\/div>\n\n\t\t\t\t\t\t<\/div>\n\t\t\t\t<\/div>\n\t\t\t\t<\/div>\n\t\t\t\t\t<\/div>\n\t\t\t\t<\/div>\n\t\t<div class=\"elementor-element elementor-element-f4a4e27 e-flex e-con-boxed e-con e-parent\" data-id=\"f4a4e27\" data-element_type=\"container\">\n\t\t\t\t\t<div class=\"e-con-inner\">\n\t\t<div class=\"elementor-element elementor-element-91b7383 elementor-hidden-desktop e-con-full e-flex e-con e-child\" data-id=\"91b7383\" data-element_type=\"container\">\n\t\t\t\t<div class=\"elementor-element elementor-element-f6f5e28 elementor-widget elementor-widget-shortcode\" data-id=\"f6f5e28\" data-element_type=\"widget\" data-widget_type=\"shortcode.default\">\n\t\t\t\t<div class=\"elementor-widget-container\">\n\t\t\t\t\t\t\t<div class=\"elementor-shortcode\"><div class='fluentform ff-default fluentform_wrapper_47 ffs_default_wrap'><form data-form_id=\"47\" id=\"fluentform_47\" class=\"frm-fluent-form fluent_form_47 ff-el-form-top ff_form_instance_47_1 ff-form-loading ffs_default\" data-form_instance=\"ff_form_instance_47_1\" method=\"POST\" ><fieldset  style=\"border: none!important;margin: 0!important;padding: 0!important;background-color: transparent!important;box-shadow: none!important;outline: none!important; min-inline-size: 100%;\">\n                    <legend class=\"ff_screen_reader_title\" style=\"display: block; margin: 0!important;padding: 0!important;height: 0!important;text-indent: -999999px;width: 0!important;overflow:hidden;\">Contact Form Hungary<\/legend><p style=\"display: none !important;\" class=\"akismet-fields-container\" data-prefix=\"ak_\"><label>&#916;<textarea name=\"ak_hp_textarea\" cols=\"45\" rows=\"8\" maxlength=\"100\"><\/textarea><\/label><input type=\"hidden\" id=\"ak_js_1\" name=\"ak_js\" value=\"204\"\/><script>document.getElementById( \"ak_js_1\" ).setAttribute( \"value\", ( new Date() ).getTime() );<\/script><\/p><input type='hidden' name='__fluent_form_embded_post_id' value='66589' \/><input type=\"hidden\" id=\"_fluentform_47_fluentformnonce\" name=\"_fluentform_47_fluentformnonce\" value=\"eeabc99845\" \/><input type=\"hidden\" name=\"_wp_http_referer\" value=\"\/hu\/wp-json\/wp\/v2\/pages\/66589\" \/><div data-type=\"name-element\" data-name=\"names\" class=\" ff-field_container ff-name-field-wrapper\" ><div class='ff-t-container'><div class='ff-t-cell '><div class='ff-el-group ff-el-form-top'><div class=\"ff-el-input--label ff-el-is-required asterisk-right\"><label for='ff_47_names_first_name_' id='label_ff_47_names_first_name_' >Teljes n\u00e9v<\/label><\/div><div class='ff-el-input--content'><input type=\"text\" name=\"names[first_name]\" id=\"ff_47_names_first_name_\" class=\"ff-el-form-control\" placeholder=\"Add meg a teljes neved\" aria-invalid=\"false\" aria-required=true><\/div><\/div><\/div><\/div><\/div><div class='ff-el-group'><div class=\"ff-el-input--label ff-el-is-required asterisk-right\"><label for='ff_47_email' id='label_ff_47_email' aria-label=\"Email\">Email<\/label><\/div><div class='ff-el-input--content'><input type=\"email\" name=\"email\" id=\"ff_47_email\" class=\"ff-el-form-control\" placeholder=\"E-mail c\u00edm\" data-name=\"email\"  aria-invalid=\"false\" aria-required=true><\/div><\/div><div class='ff-el-group'><div class=\"ff-el-input--label ff-el-is-required asterisk-right\"><label for='ff_47_input_text' id='label_ff_47_input_text' aria-label=\"Telefonsz\u00e1m\">Telefonsz\u00e1m<\/label><\/div><div class='ff-el-input--content'><input type=\"text\" name=\"input_text\" class=\"ff-el-form-control\" placeholder=\"Telefonsz\u00e1m\" data-name=\"input_text\" id=\"ff_47_input_text\"  aria-invalid=\"false\" aria-required=true><\/div><\/div><div class='ff-el-group'><div class=\"ff-el-input--label asterisk-right\"><label for='ff_47_input_text_2' id='label_ff_47_input_text_2' aria-label=\"Az \u00fczeneted\">Az \u00fczeneted<\/label><\/div><div class='ff-el-input--content'><input type=\"text\" name=\"input_text_2\" class=\"ff-el-form-control\" placeholder=\"Az \u00fczeneted\" data-name=\"input_text_2\" id=\"ff_47_input_text_2\"  aria-invalid=\"false\" aria-required=false><\/div><\/div><div class='ff-el-group ff-text-left ff_submit_btn_wrapper'><button type=\"submit\" class=\"ff-btn ff-btn-submit ff-btn-md ff_btn_style\"  aria-label=\"\u00dczenet k\u00fcld\u00e9se\">\u00dczenet k\u00fcld\u00e9se<\/button><\/div><\/fieldset><\/form><div id='fluentform_47_errors' class='ff-errors-in-stack ff_form_instance_47_1 ff-form-loading_errors ff_form_instance_47_1_errors'><\/div><\/div>            <script type=\"text\/javascript\">\n                window.fluent_form_ff_form_instance_47_1 = {\"id\":\"47\",\"settings\":{\"layout\":{\"labelPlacement\":\"top\",\"asteriskPlacement\":\"asterisk-right\",\"helpMessagePlacement\":\"with_label\",\"errorMessagePlacement\":\"inline\",\"cssClassName\":\"\"},\"restrictions\":{\"denyEmptySubmission\":{\"enabled\":false}}},\"form_instance\":\"ff_form_instance_47_1\",\"form_id_selector\":\"fluentform_47\",\"rules\":{\"names[first_name]\":{\"required\":{\"value\":true,\"message\":\"Ez egy k\\u00f6telez\\u0151 mez\\u0151\",\"global_message\":\"This field is required\",\"global\":true}},\"names[middle_name]\":{\"required\":{\"value\":false,\"message\":\"Ez egy k\\u00f6telez\\u0151 mez\\u0151\",\"global_message\":\"This field is required\",\"global\":true}},\"names[last_name]\":{\"required\":{\"value\":false,\"message\":\"Ez egy k\\u00f6telez\\u0151 mez\\u0151\",\"global_message\":\"This field is required\",\"global\":true}},\"email\":{\"required\":{\"value\":true,\"message\":\"Ez egy k\\u00f6telez\\u0151 mez\\u0151\",\"global_message\":\"This field is required\",\"global\":true},\"email\":{\"value\":true,\"message\":\"A mez\\u0151nek \\u00e9rv\\u00e9nyes emailc\\u00edmet kell tartalmaznia\",\"global_message\":\"This field must contain a valid email\",\"global\":true}},\"input_text\":{\"required\":{\"value\":true,\"message\":\"Ez egy k\\u00f6telez\\u0151 mez\\u0151\",\"global_message\":\"This field is required\",\"global\":true}},\"input_text_2\":{\"required\":{\"value\":false,\"message\":\"Ez egy k\\u00f6telez\\u0151 mez\\u0151\",\"global_message\":\"This field is required\",\"global\":true}}},\"debounce_time\":300};\n                            <\/script>\n            <\/div>\n\t\t\t\t\t\t<\/div>\n\t\t\t\t<\/div>\n\t\t\t\t<\/div>\n\t\t\t\t\t<\/div>\n\t\t\t\t<\/div>\n\t\t<div class=\"elementor-element elementor-element-8fd254f e-flex e-con-boxed e-con e-parent\" data-id=\"8fd254f\" data-element_type=\"container\">\n\t\t\t\t\t<div class=\"e-con-inner\">\n\t\t<div class=\"elementor-element elementor-element-2a8ceb0 elementor-hidden-tablet elementor-hidden-mobile e-con-full e-flex e-con e-child\" data-id=\"2a8ceb0\" data-element_type=\"container\">\n\t\t\t\t<div class=\"elementor-element elementor-element-2bb760f elementor-widget elementor-widget-gimont_elementor_heading\" data-id=\"2bb760f\" data-element_type=\"widget\" data-widget_type=\"gimont_elementor_heading.default\">\n\t\t\t\t<div class=\"elementor-widget-container\">\n\t\t\t\t\t\n\t\t\t<div class=\"ova-heading template_2\">\n\t\t\t\t\t\t\t\t\t\t\t\t\t\t<span class=\"subtitle\">\u00c9rintkez\u00e9s<\/span>\n\t\t\t\t\t\t\t\t\t\t\t<span class=\"line\"><\/span>\n\t\t\t\t\t\t\t\t\t\t\t\t\t\n\t\t\t\t\t\t\t\t\n\t\t\t\t\n\t\t\t<\/div>\n\n\t\t\t\t\t\t<\/div>\n\t\t\t\t<\/div>\n\t\t\t\t<\/div>\n\t\t\t\t\t<\/div>\n\t\t\t\t<\/div>\n\t\t<div class=\"elementor-element elementor-element-3ad7aee e-flex e-con-boxed e-con e-parent\" data-id=\"3ad7aee\" data-element_type=\"container\">\n\t\t\t\t\t<div class=\"e-con-inner\">\n\t\t<div class=\"elementor-element elementor-element-6576363 e-con-full e-flex e-con e-child\" data-id=\"6576363\" data-element_type=\"container\" data-settings=\"{&quot;background_background&quot;:&quot;slideshow&quot;,&quot;background_slideshow_gallery&quot;:[],&quot;background_slideshow_loop&quot;:&quot;yes&quot;,&quot;background_slideshow_slide_duration&quot;:5000,&quot;background_slideshow_slide_transition&quot;:&quot;fade&quot;,&quot;background_slideshow_transition_duration&quot;:500}\">\n\t\t<div class=\"elementor-element elementor-element-0cf8598 e-con-full e-flex e-con e-child\" data-id=\"0cf8598\" data-element_type=\"container\">\n\t\t\t\t<div class=\"elementor-element elementor-element-9ca19bc elementor-hidden-tablet elementor-hidden-mobile elementor-widget elementor-widget-image\" data-id=\"9ca19bc\" data-element_type=\"widget\" data-widget_type=\"image.default\">\n\t\t\t\t<div class=\"elementor-widget-container\">\n\t\t\t\t\t\t\t\t\t\t\t\t\t\t\t<img decoding=\"async\" width=\"800\" height=\"600\" src=\"https:\/\/bcmgroup.in\/wp-content\/uploads\/2026\/01\/Looking-for-Abroad-Jobs-1-1024x768.webp\" class=\"attachment-large size-large wp-image-132031\" alt=\"\" srcset=\"https:\/\/bcmgroup.in\/wp-content\/uploads\/2026\/01\/Looking-for-Abroad-Jobs-1-1024x768.webp 1024w, https:\/\/bcmgroup.in\/wp-content\/uploads\/2026\/01\/Looking-for-Abroad-Jobs-1-300x225.webp 300w, https:\/\/bcmgroup.in\/wp-content\/uploads\/2026\/01\/Looking-for-Abroad-Jobs-1-768x576.webp 768w, https:\/\/bcmgroup.in\/wp-content\/uploads\/2026\/01\/Looking-for-Abroad-Jobs-1-1536x1152.webp 1536w, https:\/\/bcmgroup.in\/wp-content\/uploads\/2026\/01\/Looking-for-Abroad-Jobs-1-640x480.webp 640w, https:\/\/bcmgroup.in\/wp-content\/uploads\/2026\/01\/Looking-for-Abroad-Jobs-1.webp 1600w\" sizes=\"(max-width: 800px) 100vw, 800px\" \/>\t\t\t\t\t\t\t\t\t\t\t\t\t\t\t<\/div>\n\t\t\t\t<\/div>\n\t\t\t\t<\/div>\n\t\t<div class=\"elementor-element elementor-element-5aba306 e-con-full e-flex e-con e-child\" data-id=\"5aba306\" data-element_type=\"container\">\n\t\t\t\t<div class=\"elementor-element elementor-element-aace09a elementor-hidden-tablet elementor-hidden-mobile elementor-widget elementor-widget-shortcode\" data-id=\"aace09a\" data-element_type=\"widget\" data-widget_type=\"shortcode.default\">\n\t\t\t\t<div class=\"elementor-widget-container\">\n\t\t\t\t\t\t\t<div class=\"elementor-shortcode\"><div class='fluentform ff-default fluentform_wrapper_47 ffs_default_wrap'><form data-form_id=\"47\" id=\"fluentform_47\" class=\"frm-fluent-form fluent_form_47 ff-el-form-top ff_form_instance_47_2 ff-form-loading ffs_default\" data-form_instance=\"ff_form_instance_47_2\" method=\"POST\" ><fieldset  style=\"border: none!important;margin: 0!important;padding: 0!important;background-color: transparent!important;box-shadow: none!important;outline: none!important; min-inline-size: 100%;\">\n                    <legend class=\"ff_screen_reader_title\" style=\"display: block; margin: 0!important;padding: 0!important;height: 0!important;text-indent: -999999px;width: 0!important;overflow:hidden;\">Contact Form Hungary<\/legend><p style=\"display: none !important;\" class=\"akismet-fields-container\" data-prefix=\"ak_\"><label>&#916;<textarea name=\"ak_hp_textarea\" cols=\"45\" rows=\"8\" maxlength=\"100\"><\/textarea><\/label><input type=\"hidden\" id=\"ak_js_2\" name=\"ak_js\" value=\"133\"\/><script>document.getElementById( \"ak_js_2\" ).setAttribute( \"value\", ( new Date() ).getTime() );<\/script><\/p><input type='hidden' name='__fluent_form_embded_post_id' value='66589' \/><input type=\"hidden\" id=\"_fluentform_47_fluentformnonce\" name=\"_fluentform_47_fluentformnonce\" value=\"eeabc99845\" \/><input type=\"hidden\" name=\"_wp_http_referer\" value=\"\/hu\/wp-json\/wp\/v2\/pages\/66589\" \/><div data-type=\"name-element\" data-name=\"names\" class=\" ff-field_container ff-name-field-wrapper\" ><div class='ff-t-container'><div class='ff-t-cell '><div class='ff-el-group ff-el-form-top'><div class=\"ff-el-input--label ff-el-is-required asterisk-right\"><label for='ff_47_2_names_first_name_' id='label_ff_47_2_names_first_name_' >Teljes n\u00e9v<\/label><\/div><div class='ff-el-input--content'><input type=\"text\" name=\"names[first_name]\" id=\"ff_47_2_names_first_name_\" class=\"ff-el-form-control\" placeholder=\"Add meg a teljes neved\" aria-invalid=\"false\" aria-required=true><\/div><\/div><\/div><\/div><\/div><div class='ff-el-group'><div class=\"ff-el-input--label ff-el-is-required asterisk-right\"><label for='ff_47_2_email' id='label_ff_47_2_email' aria-label=\"Email\">Email<\/label><\/div><div class='ff-el-input--content'><input type=\"email\" name=\"email\" id=\"ff_47_2_email\" class=\"ff-el-form-control\" placeholder=\"E-mail c\u00edm\" data-name=\"email\"  aria-invalid=\"false\" aria-required=true><\/div><\/div><div class='ff-el-group'><div class=\"ff-el-input--label ff-el-is-required asterisk-right\"><label for='ff_47_2_input_text' id='label_ff_47_2_input_text' aria-label=\"Telefonsz\u00e1m\">Telefonsz\u00e1m<\/label><\/div><div class='ff-el-input--content'><input type=\"text\" name=\"input_text\" class=\"ff-el-form-control\" placeholder=\"Telefonsz\u00e1m\" data-name=\"input_text\" id=\"ff_47_2_input_text\"  aria-invalid=\"false\" aria-required=true><\/div><\/div><div class='ff-el-group'><div class=\"ff-el-input--label asterisk-right\"><label for='ff_47_2_input_text_2' id='label_ff_47_2_input_text_2' aria-label=\"Az \u00fczeneted\">Az \u00fczeneted<\/label><\/div><div class='ff-el-input--content'><input type=\"text\" name=\"input_text_2\" class=\"ff-el-form-control\" placeholder=\"Az \u00fczeneted\" data-name=\"input_text_2\" id=\"ff_47_2_input_text_2\"  aria-invalid=\"false\" aria-required=false><\/div><\/div><div class='ff-el-group ff-text-left ff_submit_btn_wrapper'><button type=\"submit\" class=\"ff-btn ff-btn-submit ff-btn-md ff_btn_style\"  aria-label=\"\u00dczenet k\u00fcld\u00e9se\">\u00dczenet k\u00fcld\u00e9se<\/button><\/div><\/fieldset><\/form><div id='fluentform_47_errors' class='ff-errors-in-stack ff_form_instance_47_2 ff-form-loading_errors ff_form_instance_47_2_errors'><\/div><\/div>            <script type=\"text\/javascript\">\n                window.fluent_form_ff_form_instance_47_2 = {\"id\":\"47\",\"settings\":{\"layout\":{\"labelPlacement\":\"top\",\"asteriskPlacement\":\"asterisk-right\",\"helpMessagePlacement\":\"with_label\",\"errorMessagePlacement\":\"inline\",\"cssClassName\":\"\"},\"restrictions\":{\"denyEmptySubmission\":{\"enabled\":false}}},\"form_instance\":\"ff_form_instance_47_2\",\"form_id_selector\":\"fluentform_47\",\"rules\":{\"names[first_name]\":{\"required\":{\"value\":true,\"message\":\"Ez egy k\\u00f6telez\\u0151 mez\\u0151\",\"global_message\":\"This field is required\",\"global\":true}},\"names[middle_name]\":{\"required\":{\"value\":false,\"message\":\"Ez egy k\\u00f6telez\\u0151 mez\\u0151\",\"global_message\":\"This field is required\",\"global\":true}},\"names[last_name]\":{\"required\":{\"value\":false,\"message\":\"Ez egy k\\u00f6telez\\u0151 mez\\u0151\",\"global_message\":\"This field is required\",\"global\":true}},\"email\":{\"required\":{\"value\":true,\"message\":\"Ez egy k\\u00f6telez\\u0151 mez\\u0151\",\"global_message\":\"This field is required\",\"global\":true},\"email\":{\"value\":true,\"message\":\"A mez\\u0151nek \\u00e9rv\\u00e9nyes emailc\\u00edmet kell tartalmaznia\",\"global_message\":\"This field must contain a valid email\",\"global\":true}},\"input_text\":{\"required\":{\"value\":true,\"message\":\"Ez egy k\\u00f6telez\\u0151 mez\\u0151\",\"global_message\":\"This field is required\",\"global\":true}},\"input_text_2\":{\"required\":{\"value\":false,\"message\":\"Ez egy k\\u00f6telez\\u0151 mez\\u0151\",\"global_message\":\"This field is required\",\"global\":true}}},\"debounce_time\":300};\n                            <\/script>\n            <\/div>\n\t\t\t\t\t\t<\/div>\n\t\t\t\t<\/div>\n\t\t\t\t<\/div>\n\t\t<div class=\"elementor-element elementor-element-1237e66 e-con-full elementor-hidden-tablet elementor-hidden-mobile e-flex e-con e-child\" data-id=\"1237e66\" data-element_type=\"container\">\n\t\t\t\t<div class=\"elementor-element elementor-element-a085ef4 elementor-hidden-mobile elementor-widget elementor-widget-image\" data-id=\"a085ef4\" data-element_type=\"widget\" data-widget_type=\"image.default\">\n\t\t\t\t<div class=\"elementor-widget-container\">\n\t\t\t\t\t\t\t\t\t\t\t\t\t\t\t<img decoding=\"async\" width=\"800\" height=\"600\" src=\"https:\/\/bcmgroup.in\/wp-content\/uploads\/2026\/01\/Looking-for-Abroad-Jobs-2-1024x768.webp\" class=\"attachment-large size-large wp-image-132044\" alt=\"\" srcset=\"https:\/\/bcmgroup.in\/wp-content\/uploads\/2026\/01\/Looking-for-Abroad-Jobs-2-1024x768.webp 1024w, https:\/\/bcmgroup.in\/wp-content\/uploads\/2026\/01\/Looking-for-Abroad-Jobs-2-300x225.webp 300w, https:\/\/bcmgroup.in\/wp-content\/uploads\/2026\/01\/Looking-for-Abroad-Jobs-2-768x576.webp 768w, https:\/\/bcmgroup.in\/wp-content\/uploads\/2026\/01\/Looking-for-Abroad-Jobs-2-1536x1152.webp 1536w, https:\/\/bcmgroup.in\/wp-content\/uploads\/2026\/01\/Looking-for-Abroad-Jobs-2-640x480.webp 640w, https:\/\/bcmgroup.in\/wp-content\/uploads\/2026\/01\/Looking-for-Abroad-Jobs-2.webp 1600w\" sizes=\"(max-width: 800px) 100vw, 800px\" \/>\t\t\t\t\t\t\t\t\t\t\t\t\t\t\t<\/div>\n\t\t\t\t<\/div>\n\t\t\t\t<\/div>\n\t\t\t\t<\/div>\n\t\t\t\t\t<\/div>\n\t\t\t\t<\/div>\n\t\t<div class=\"elementor-element elementor-element-74a7c42 e-flex e-con-boxed e-con e-parent\" data-id=\"74a7c42\" data-element_type=\"container\">\n\t\t\t\t\t<div class=\"e-con-inner\">\n\t\t<div class=\"elementor-element elementor-element-f4852c7 elementor-hidden-tablet elementor-hidden-mobile e-con-full e-flex e-con e-child\" data-id=\"f4852c7\" data-element_type=\"container\">\n\t\t<div class=\"elementor-element elementor-element-d0a1d22 e-con-full e-flex e-con e-child\" data-id=\"d0a1d22\" data-element_type=\"container\">\n\t\t\t\t<div class=\"elementor-element elementor-element-4b86735 elementor-widget elementor-widget-image\" data-id=\"4b86735\" data-element_type=\"widget\" data-widget_type=\"image.default\">\n\t\t\t\t<div class=\"elementor-widget-container\">\n\t\t\t\t\t\t\t\t\t\t\t\t\t\t\t<img loading=\"lazy\" decoding=\"async\" width=\"800\" height=\"600\" src=\"https:\/\/bcmgroup.in\/wp-content\/uploads\/2026\/01\/101-3-1024x768.webp\" class=\"attachment-large size-large wp-image-132071\" alt=\"\" srcset=\"https:\/\/bcmgroup.in\/wp-content\/uploads\/2026\/01\/101-3-1024x768.webp 1024w, https:\/\/bcmgroup.in\/wp-content\/uploads\/2026\/01\/101-3-300x225.webp 300w, https:\/\/bcmgroup.in\/wp-content\/uploads\/2026\/01\/101-3-768x576.webp 768w, https:\/\/bcmgroup.in\/wp-content\/uploads\/2026\/01\/101-3-1536x1152.webp 1536w, https:\/\/bcmgroup.in\/wp-content\/uploads\/2026\/01\/101-3-640x480.webp 640w, https:\/\/bcmgroup.in\/wp-content\/uploads\/2026\/01\/101-3.webp 1600w\" sizes=\"(max-width: 800px) 100vw, 800px\" \/>\t\t\t\t\t\t\t\t\t\t\t\t\t\t\t<\/div>\n\t\t\t\t<\/div>\n\t\t\t\t<\/div>\n\t\t<div class=\"elementor-element elementor-element-922f261 e-con-full e-flex e-con e-child\" data-id=\"922f261\" data-element_type=\"container\">\n\t\t\t\t<\/div>\n\t\t<div class=\"elementor-element elementor-element-e2cc76b e-con-full e-flex e-con e-child\" data-id=\"e2cc76b\" data-element_type=\"container\">\n\t\t\t\t<div class=\"elementor-element elementor-element-3b55799 elementor-widget elementor-widget-image\" data-id=\"3b55799\" data-element_type=\"widget\" data-widget_type=\"image.default\">\n\t\t\t\t<div class=\"elementor-widget-container\">\n\t\t\t\t\t\t\t\t\t\t\t\t\t\t\t<img loading=\"lazy\" decoding=\"async\" width=\"800\" height=\"600\" src=\"https:\/\/bcmgroup.in\/wp-content\/uploads\/2026\/01\/111-3-1-1-1024x768.webp\" class=\"attachment-large size-large wp-image-132215\" alt=\"\" srcset=\"https:\/\/bcmgroup.in\/wp-content\/uploads\/2026\/01\/111-3-1-1-1024x768.webp 1024w, https:\/\/bcmgroup.in\/wp-content\/uploads\/2026\/01\/111-3-1-1-300x225.webp 300w, https:\/\/bcmgroup.in\/wp-content\/uploads\/2026\/01\/111-3-1-1-768x576.webp 768w, https:\/\/bcmgroup.in\/wp-content\/uploads\/2026\/01\/111-3-1-1-1536x1152.webp 1536w, https:\/\/bcmgroup.in\/wp-content\/uploads\/2026\/01\/111-3-1-1-640x480.webp 640w, https:\/\/bcmgroup.in\/wp-content\/uploads\/2026\/01\/111-3-1-1.webp 1600w\" sizes=\"(max-width: 800px) 100vw, 800px\" \/>\t\t\t\t\t\t\t\t\t\t\t\t\t\t\t<\/div>\n\t\t\t\t<\/div>\n\t\t\t\t<\/div>\n\t\t\t\t<\/div>\n\t\t\t\t\t<\/div>\n\t\t\t\t<\/div>\n\t\t\t\t<\/div>\n\t\t","protected":false},"excerpt":{"rendered":"<p>\u00c9rintkez\u00e9s \u00c9rintkez\u00e9s<\/p>\n","protected":false},"author":1,"featured_media":0,"parent":0,"menu_order":0,"comment_status":"closed","ping_status":"closed","template":"elementor_header_footer","meta":{"googlesitekit_rrm_CAowi469DA:productID":"","footnotes":""},"class_list":["post-66589","page","type-page","status-publish","hentry"],"_links":{"self":[{"href":"https:\/\/bcmgroup.in\/hu\/wp-json\/wp\/v2\/pages\/66589","targetHints":{"allow":["GET"]}}],"collection":[{"href":"https:\/\/bcmgroup.in\/hu\/wp-json\/wp\/v2\/pages"}],"about":[{"href":"https:\/\/bcmgroup.in\/hu\/wp-json\/wp\/v2\/types\/page"}],"author":[{"embeddable":true,"href":"https:\/\/bcmgroup.in\/hu\/wp-json\/wp\/v2\/users\/1"}],"replies":[{"embeddable":true,"href":"https:\/\/bcmgroup.in\/hu\/wp-json\/wp\/v2\/comments?post=66589"}],"version-history":[{"count":20,"href":"https:\/\/bcmgroup.in\/hu\/wp-json\/wp\/v2\/pages\/66589\/revisions"}],"predecessor-version":[{"id":150845,"href":"https:\/\/bcmgroup.in\/hu\/wp-json\/wp\/v2\/pages\/66589\/revisions\/150845"}],"wp:attachment":[{"href":"https:\/\/bcmgroup.in\/hu\/wp-json\/wp\/v2\/media?parent=66589"}],"curies":[{"name":"wp","href":"https:\/\/api.w.org\/{rel}","templated":true}]}}