{"id":66568,"date":"2023-06-07T01:47:42","date_gmt":"2023-06-07T01:47:42","guid":{"rendered":"https:\/\/bcmgroup.in\/udvozoljuk-a-bcm-group-adatvedelmi-szabalyzataban\/"},"modified":"2026-04-09T12:58:22","modified_gmt":"2026-04-09T12:58:22","slug":"udvozoljuk-a-bcm-group-adatvedelmi-szabalyzataban","status":"publish","type":"page","link":"https:\/\/bcmgroup.in\/hu\/udvozoljuk-a-bcm-group-adatvedelmi-szabalyzataban\/","title":{"rendered":"\u00dcdv\u00f6z\u00f6lj\u00fck a BCM Group adatv\u00e9delmi szab\u00e1lyzat\u00e1ban:"},"content":{"rendered":"\t\t<div data-elementor-type=\"wp-page\" data-elementor-id=\"66568\" class=\"elementor elementor-66568 elementor-17128\" data-elementor-post-type=\"page\">\n\t\t\t\t<div class=\"elementor-element elementor-element-a6c03a5 e-flex e-con-boxed e-con e-parent\" data-id=\"a6c03a5\" data-element_type=\"container\">\n\t\t\t\t\t<div class=\"e-con-inner\">\n\t\t\t\t<div class=\"elementor-element elementor-element-ac345b4 elementor-widget elementor-widget-heading\" data-id=\"ac345b4\" data-element_type=\"widget\" data-widget_type=\"heading.default\">\n\t\t\t\t<div class=\"elementor-widget-container\">\n\t\t\t\t\t<h1 class=\"elementor-heading-title elementor-size-default\">\u00dcdv\u00f6z\u00f6lj\u00fck a BCM Group adatv\u00e9delmi szab\u00e1lyzat\u00e1ban<\/h1>\t\t\t\t<\/div>\n\t\t\t\t<\/div>\n\t\t\t\t\t<\/div>\n\t\t\t\t<\/div>\n\t\t<div class=\"elementor-element elementor-element-e476613 e-flex e-con-boxed e-con e-parent\" data-id=\"e476613\" data-element_type=\"container\">\n\t\t\t\t\t<div class=\"e-con-inner\">\n\t\t\t\t<div class=\"elementor-element elementor-element-0de100d elementor-widget elementor-widget-text-editor\" data-id=\"0de100d\" data-element_type=\"widget\" data-widget_type=\"text-editor.default\">\n\t\t\t\t<div class=\"elementor-widget-container\">\n\t\t\t\t\t\t\t\t\t<p>A BCM Groupn\u00e1l elk\u00f6telezettek vagyunk az \u00d6n adatainak v\u00e9delme \u00e9s annak biztos\u00edt\u00e1sa mellett, hogy szem\u00e9lyes adatait felel\u0151ss\u00e9gteljesen kezelj\u00fck. Ez az adatv\u00e9delmi szab\u00e1lyzat felv\u00e1zolja, hogyan gy\u0171jtj\u00fck, haszn\u00e1ljuk, hozzuk nyilv\u00e1noss\u00e1gra \u00e9s v\u00e9dj\u00fck az \u00d6n adatait, amikor felkeresi weboldalunkat, vagy digit\u00e1lis marketingtev\u00e9kenys\u00e9geken kereszt\u00fcl kapcsolatba l\u00e9p vel\u00fcnk.<\/p>\t\t\t\t\t\t\t\t<\/div>\n\t\t\t\t<\/div>\n\t\t\t\t\t<\/div>\n\t\t\t\t<\/div>\n\t\t<div class=\"elementor-element elementor-element-1c64522 e-flex e-con-boxed e-con e-parent\" data-id=\"1c64522\" data-element_type=\"container\">\n\t\t\t\t\t<div class=\"e-con-inner\">\n\t\t\t\t<div class=\"elementor-element elementor-element-ab85439 elementor-widget elementor-widget-heading\" data-id=\"ab85439\" data-element_type=\"widget\" data-widget_type=\"heading.default\">\n\t\t\t\t<div class=\"elementor-widget-container\">\n\t\t\t\t\t<h2 class=\"elementor-heading-title elementor-size-default\">1. Az \u00e1ltalunk gy\u0171jt\u00f6tt inform\u00e1ci\u00f3k\n<\/h2>\t\t\t\t<\/div>\n\t\t\t\t<\/div>\n\t\t\t\t\t<\/div>\n\t\t\t\t<\/div>\n\t\t<div class=\"elementor-element elementor-element-f9619e0 e-flex e-con-boxed e-con e-parent\" data-id=\"f9619e0\" data-element_type=\"container\">\n\t\t\t\t\t<div class=\"e-con-inner\">\n\t\t\t\t<div class=\"elementor-element elementor-element-74a630f elementor-widget elementor-widget-text-editor\" data-id=\"74a630f\" data-element_type=\"widget\" data-widget_type=\"text-editor.default\">\n\t\t\t\t<div class=\"elementor-widget-container\">\n\t\t\t\t\t\t\t\t\t<ul>\n<li><strong>Szem\u00e9lyes adatok:<\/strong>\u00a0Amikor megl\u00e1togatja weboldalunkat vagy r\u00e9szt vesz digit\u00e1lis marketing tev\u00e9kenys\u00e9geinkben, gy\u0171jthet\u00fcnk szem\u00e9lyes adatokat, p\u00e9ld\u00e1ul a nev\u00e9t, e-mail c\u00edm\u00e9t, telefonsz\u00e1m\u00e1t \u00e9s minden egy\u00e9b inform\u00e1ci\u00f3t, amelyet \u00f6nk\u00e9ntesen megad.<\/li>\n<li><strong>Haszn\u00e1lati adatok:<\/strong>\u00a0Gy\u0171jthet\u00fcnk inform\u00e1ci\u00f3kat a weboldalunkon folytatott b\u00f6ng\u00e9sz\u00e9si viselked\u00e9s\u00e9r\u0151l, bele\u00e9rtve a megl\u00e1togatott oldalakat, a kattintott linkeket \u00e9s az \u00d6n \u00e1ltal v\u00e9grehajtott egy\u00e9b m\u0171veleteket.<\/li>\n<li><strong>Eszk\u00f6zadatok: <\/strong>Gy\u0171jthet\u00fcnk inform\u00e1ci\u00f3kat az \u00d6n \u00e1ltal a weboldalunk el\u00e9r\u00e9s\u00e9hez vagy a digit\u00e1lis marketingtev\u00e9kenys\u00e9geinkkel val\u00f3 interakci\u00f3hoz haszn\u00e1lt eszk\u00f6zr\u0151l, p\u00e9ld\u00e1ul az \u00d6n IP-c\u00edm\u00e9t, b\u00f6ng\u00e9sz\u0151t\u00edpus\u00e1t \u00e9s oper\u00e1ci\u00f3s rendszer\u00e9t.<\/li>\n<\/ul>\t\t\t\t\t\t\t\t<\/div>\n\t\t\t\t<\/div>\n\t\t\t\t\t<\/div>\n\t\t\t\t<\/div>\n\t\t<div class=\"elementor-element elementor-element-77b9db3 e-flex e-con-boxed e-con e-parent\" data-id=\"77b9db3\" data-element_type=\"container\">\n\t\t\t\t\t<div class=\"e-con-inner\">\n\t\t\t\t<div class=\"elementor-element elementor-element-195bd03 elementor-widget elementor-widget-heading\" data-id=\"195bd03\" data-element_type=\"widget\" data-widget_type=\"heading.default\">\n\t\t\t\t<div class=\"elementor-widget-container\">\n\t\t\t\t\t<h2 class=\"elementor-heading-title elementor-size-default\">2. Hogyan haszn\u00e1ljuk fel az \u00d6n adatait\n<\/h2>\t\t\t\t<\/div>\n\t\t\t\t<\/div>\n\t\t\t\t\t<\/div>\n\t\t\t\t<\/div>\n\t\t<div class=\"elementor-element elementor-element-d9a0116 e-flex e-con-boxed e-con e-parent\" data-id=\"d9a0116\" data-element_type=\"container\">\n\t\t\t\t\t<div class=\"e-con-inner\">\n\t\t\t\t<div class=\"elementor-element elementor-element-64b8f0e elementor-widget elementor-widget-text-editor\" data-id=\"64b8f0e\" data-element_type=\"widget\" data-widget_type=\"text-editor.default\">\n\t\t\t\t<div class=\"elementor-widget-container\">\n\t\t\t\t\t\t\t\t\t<ul>\n<li><strong>Szolg\u00e1ltat\u00e1sok ny\u00fajt\u00e1sa: <\/strong>Szem\u00e9lyes adatait felhaszn\u00e1lhatjuk az \u00d6n \u00e1ltal k\u00e9rt szolg\u00e1ltat\u00e1sok ny\u00fajt\u00e1s\u00e1ra, p\u00e9ld\u00e1ul a megkeres\u00e9seire adott v\u00e1laszok megv\u00e1laszol\u00e1s\u00e1ra vagy az \u00e1ll\u00e1sp\u00e1ly\u00e1zatainak feldolgoz\u00e1s\u00e1ra.<\/li>\n<li><strong>Szolg\u00e1ltat\u00e1saink fejleszt\u00e9se \u00e9rdek\u00e9ben: <\/strong>Az \u00e1ltalunk gy\u0171jt\u00f6tt inform\u00e1ci\u00f3kat felhaszn\u00e1lhatjuk trendek elemz\u00e9s\u00e9re, felhaszn\u00e1l\u00f3i interakci\u00f3k nyomon k\u00f6vet\u00e9s\u00e9re, valamint weboldalunk \u00e9s szolg\u00e1ltat\u00e1saink min\u0151s\u00e9g\u00e9nek jav\u00edt\u00e1s\u00e1ra.<\/li>\n<li><strong>Marketing \u00e9s kommunik\u00e1ci\u00f3: <\/strong>Az \u00d6n hozz\u00e1j\u00e1rul\u00e1s\u00e1val felhaszn\u00e1lhatjuk az el\u00e9rhet\u0151s\u00e9gi adatait prom\u00f3ci\u00f3s anyagok, h\u00edrlevelek vagy egy\u00e9b kommunik\u00e1ci\u00f3 k\u00fcld\u00e9s\u00e9re szolg\u00e1ltat\u00e1sainkkal vagy k\u00f6zelg\u0151 esem\u00e9nyeinkkel kapcsolatban.<\/li>\n<\/ul>\t\t\t\t\t\t\t\t<\/div>\n\t\t\t\t<\/div>\n\t\t\t\t\t<\/div>\n\t\t\t\t<\/div>\n\t\t<div class=\"elementor-element elementor-element-ff48026 e-flex e-con-boxed e-con e-parent\" data-id=\"ff48026\" data-element_type=\"container\">\n\t\t\t\t\t<div class=\"e-con-inner\">\n\t\t<div class=\"elementor-element elementor-element-85d9281 e-con-full e-flex e-con e-child\" data-id=\"85d9281\" data-element_type=\"container\">\n\t\t\t\t<div class=\"elementor-element elementor-element-aa86d17 elementor-widget elementor-widget-heading\" data-id=\"aa86d17\" data-element_type=\"widget\" data-widget_type=\"heading.default\">\n\t\t\t\t<div class=\"elementor-widget-container\">\n\t\t\t\t\t<h2 class=\"elementor-heading-title elementor-size-default\">3. Adatok megoszt\u00e1sa \u00e9s k\u00f6zz\u00e9t\u00e9tele\n<\/h2>\t\t\t\t<\/div>\n\t\t\t\t<\/div>\n\t\t\t\t<\/div>\n\t\t\t\t\t<\/div>\n\t\t\t\t<\/div>\n\t\t<div class=\"elementor-element elementor-element-f2e263b e-flex e-con-boxed e-con e-parent\" data-id=\"f2e263b\" data-element_type=\"container\">\n\t\t\t\t\t<div class=\"e-con-inner\">\n\t\t\t\t<div class=\"elementor-element elementor-element-66bc015 elementor-widget elementor-widget-text-editor\" data-id=\"66bc015\" data-element_type=\"widget\" data-widget_type=\"text-editor.default\">\n\t\t\t\t<div class=\"elementor-widget-container\">\n\t\t\t\t\t\t\t\t\t<ul>\n<li><strong>Harmadik f\u00e9l szolg\u00e1ltat\u00f3k:<\/strong>\u00a0Megoszthatjuk az \u00d6n adatait harmadik f\u00e9l szolg\u00e1ltat\u00f3kkal, akik seg\u00edtenek nek\u00fcnk weboldalunk m\u0171k\u00f6dtet\u00e9s\u00e9ben, \u00fczleti tev\u00e9kenys\u00e9g\u00fcnk lebonyol\u00edt\u00e1s\u00e1ban vagy szolg\u00e1ltat\u00e1sok ny\u00fajt\u00e1s\u00e1ban. Ezek a szolg\u00e1ltat\u00f3k szerz\u0151d\u00e9ses k\u00f6telezetts\u00e9get v\u00e1llalnak arra, hogy az \u00d6n adatait csak a k\u00e9rt szolg\u00e1ltat\u00e1sok ny\u00fajt\u00e1s\u00e1hoz sz\u00fcks\u00e9ges m\u00e9rt\u00e9kben haszn\u00e1lj\u00e1k fel.<\/li>\n<li><strong>Jogi megfelel\u00e9s:<\/strong>\u00a0Adatv\u00e9delmi ir\u00e1nyelveinknek megfelel\u0151en, illetve \u00e9rv\u00e9nyes jogi k\u00e9r\u00e9sekre, p\u00e9ld\u00e1ul id\u00e9z\u00e9sekre vagy b\u00edr\u00f3s\u00e1gi v\u00e9gz\u00e9sekre v\u00e1laszul nyilv\u00e1noss\u00e1gra hozhatjuk az \u00d6n adatait.<\/li>\n<\/ul>\t\t\t\t\t\t\t\t<\/div>\n\t\t\t\t<\/div>\n\t\t\t\t\t<\/div>\n\t\t\t\t<\/div>\n\t\t<div class=\"elementor-element elementor-element-1a0eb8f e-flex e-con-boxed e-con e-parent\" data-id=\"1a0eb8f\" data-element_type=\"container\">\n\t\t\t\t\t<div class=\"e-con-inner\">\n\t\t\t\t<div class=\"elementor-element elementor-element-43d6a0e elementor-widget elementor-widget-heading\" data-id=\"43d6a0e\" data-element_type=\"widget\" data-widget_type=\"heading.default\">\n\t\t\t\t<div class=\"elementor-widget-container\">\n\t\t\t\t\t<h2 class=\"elementor-heading-title elementor-size-default\">4. Adatbiztons\u00e1g\n<\/h2>\t\t\t\t<\/div>\n\t\t\t\t<\/div>\n\t\t\t\t\t<\/div>\n\t\t\t\t<\/div>\n\t\t<div class=\"elementor-element elementor-element-6a71eb8 e-flex e-con-boxed e-con e-parent\" data-id=\"6a71eb8\" data-element_type=\"container\">\n\t\t\t\t\t<div class=\"e-con-inner\">\n\t\t\t\t<div class=\"elementor-element elementor-element-28b934b elementor-widget elementor-widget-text-editor\" data-id=\"28b934b\" data-element_type=\"widget\" data-widget_type=\"text-editor.default\">\n\t\t\t\t<div class=\"elementor-widget-container\">\n\t\t\t\t\t\t\t\t\t<p>\u00c9sszer\u0171 \u00f3vint\u00e9zked\u00e9seket tesz\u00fcnk szem\u00e9lyes adatainak v\u00e9delme \u00e9rdek\u00e9ben a jogosulatlan hozz\u00e1f\u00e9r\u00e9s, felhaszn\u00e1l\u00e1s vagy nyilv\u00e1noss\u00e1gra hozatal ellen. Azonban az interneten vagy elektronikus t\u00e1rol\u00e1son kereszt\u00fcli \u00e1tvitel egyetlen m\u00f3dja sem 100%-ban biztons\u00e1gos, \u00e9s nem tudjuk garant\u00e1lni az abszol\u00fat biztons\u00e1got.<\/p>\t\t\t\t\t\t\t\t<\/div>\n\t\t\t\t<\/div>\n\t\t\t\t\t<\/div>\n\t\t\t\t<\/div>\n\t\t<div class=\"elementor-element elementor-element-178f238 e-flex e-con-boxed e-con e-parent\" data-id=\"178f238\" data-element_type=\"container\">\n\t\t\t\t\t<div class=\"e-con-inner\">\n\t\t\t\t<div class=\"elementor-element elementor-element-e09549b elementor-widget elementor-widget-heading\" data-id=\"e09549b\" data-element_type=\"widget\" data-widget_type=\"heading.default\">\n\t\t\t\t<div class=\"elementor-widget-container\">\n\t\t\t\t\t<h2 class=\"elementor-heading-title elementor-size-default\">5. Az \u00d6n jogai\n<\/h2>\t\t\t\t<\/div>\n\t\t\t\t<\/div>\n\t\t\t\t\t<\/div>\n\t\t\t\t<\/div>\n\t\t<div class=\"elementor-element elementor-element-8c62ea8 e-flex e-con-boxed e-con e-parent\" data-id=\"8c62ea8\" data-element_type=\"container\">\n\t\t\t\t\t<div class=\"e-con-inner\">\n\t\t\t\t<div class=\"elementor-element elementor-element-245e2cc elementor-widget elementor-widget-text-editor\" data-id=\"245e2cc\" data-element_type=\"widget\" data-widget_type=\"text-editor.default\">\n\t\t\t\t<div class=\"elementor-widget-container\">\n\t\t\t\t\t\t\t\t\t<ul>\n<li><strong>Hozz\u00e1f\u00e9r\u00e9s \u00e9s helyesb\u00edt\u00e9s: <\/strong>\u00d6nnek joga van hozz\u00e1f\u00e9rni \u00e9s helyesb\u00edteni az \u00d6nr\u0151l t\u00e1rolt szem\u00e9lyes adatokat. Bizonyos kiv\u00e9telekt\u0151l eltekintve k\u00e9rheti t\u0151l\u00fcnk szem\u00e9lyes adatainak t\u00f6rl\u00e9s\u00e9t is.<\/li>\n<li><strong>Marketingbe\u00e1ll\u00edt\u00e1sok: <\/strong>B\u00e1rmikor jog\u00e1ban \u00e1ll leiratkozni t\u0151l\u00fcnk marketingkommunik\u00e1ci\u00f3 form\u00e1j\u00e1ban. Ezt megteheti az e-mailjeinkben tal\u00e1lhat\u00f3 leiratkoz\u00e1si utas\u00edt\u00e1sok k\u00f6vet\u00e9s\u00e9vel, vagy k\u00f6zvetlen\u00fcl vel\u00fcnk val\u00f3 kapcsolatfelv\u00e9tellel.<\/li>\n<\/ul>\t\t\t\t\t\t\t\t<\/div>\n\t\t\t\t<\/div>\n\t\t\t\t\t<\/div>\n\t\t\t\t<\/div>\n\t\t<div class=\"elementor-element elementor-element-e8d7482 e-flex e-con-boxed e-con e-parent\" data-id=\"e8d7482\" data-element_type=\"container\">\n\t\t\t\t\t<div class=\"e-con-inner\">\n\t\t\t\t<div class=\"elementor-element elementor-element-ec3223a elementor-widget elementor-widget-heading\" data-id=\"ec3223a\" data-element_type=\"widget\" data-widget_type=\"heading.default\">\n\t\t\t\t<div class=\"elementor-widget-container\">\n\t\t\t\t\t<h2 class=\"elementor-heading-title elementor-size-default\">6. Jelen adatv\u00e9delmi szab\u00e1lyzat v\u00e1ltoz\u00e1sai\n<\/h2>\t\t\t\t<\/div>\n\t\t\t\t<\/div>\n\t\t\t\t\t<\/div>\n\t\t\t\t<\/div>\n\t\t<div class=\"elementor-element elementor-element-9061771 e-flex e-con-boxed e-con e-parent\" data-id=\"9061771\" data-element_type=\"container\">\n\t\t\t\t\t<div class=\"e-con-inner\">\n\t\t\t\t<div class=\"elementor-element elementor-element-12d4165 elementor-widget elementor-widget-text-editor\" data-id=\"12d4165\" data-element_type=\"widget\" data-widget_type=\"text-editor.default\">\n\t\t\t\t<div class=\"elementor-widget-container\">\n\t\t\t\t\t\t\t\t\t<p>Ezt az Adatv\u00e9delmi szab\u00e1lyzatot id\u0151r\u0151l id\u0151re friss\u00edthetj\u00fck, hogy t\u00fckr\u00f6zze gyakorlatunk vagy jogi k\u00f6vetelm\u00e9nyeink v\u00e1ltoz\u00e1sait. A l\u00e9nyeges v\u00e1ltoz\u00e1sokr\u00f3l a friss\u00edtett szab\u00e1lyzat weboldalunkon t\u00f6rt\u00e9n\u0151 k\u00f6zz\u00e9t\u00e9tel\u00e9vel vagy k\u00f6zvetlen\u00fcl \u00d6nnel \u00e9rtes\u00edtj\u00fck.<\/p>\t\t\t\t\t\t\t\t<\/div>\n\t\t\t\t<\/div>\n\t\t\t\t\t<\/div>\n\t\t\t\t<\/div>\n\t\t<div class=\"elementor-element elementor-element-b1bb474 e-flex e-con-boxed e-con e-parent\" data-id=\"b1bb474\" data-element_type=\"container\">\n\t\t\t\t\t<div class=\"e-con-inner\">\n\t\t\t\t<div class=\"elementor-element elementor-element-ab5eaf4 elementor-widget elementor-widget-heading\" data-id=\"ab5eaf4\" data-element_type=\"widget\" data-widget_type=\"heading.default\">\n\t\t\t\t<div class=\"elementor-widget-container\">\n\t\t\t\t\t<h2 class=\"elementor-heading-title elementor-size-default\"><a href=\"https:\/\/bcmgroup.in\/hu\/erintkezes\/\">7. Vegye fel vel\u00fcnk a kapcsolatot\n<\/a><\/h2>\t\t\t\t<\/div>\n\t\t\t\t<\/div>\n\t\t\t\t\t<\/div>\n\t\t\t\t<\/div>\n\t\t<div class=\"elementor-element elementor-element-3385124 e-flex e-con-boxed e-con e-parent\" data-id=\"3385124\" data-element_type=\"container\">\n\t\t\t\t\t<div class=\"e-con-inner\">\n\t\t\t\t<div class=\"elementor-element elementor-element-66093d9 elementor-widget elementor-widget-text-editor\" data-id=\"66093d9\" data-element_type=\"widget\" data-widget_type=\"text-editor.default\">\n\t\t\t\t<div class=\"elementor-widget-container\">\n\t\t\t\t\t\t\t\t\t<p>Ha b\u00e1rmilyen k\u00e9rd\u00e9se vagy agg\u00e1lya van jelen Adatv\u00e9delmi szab\u00e1lyzattal vagy adatkezel\u00e9si gyakorlatunkkal kapcsolatban, k\u00e9rj\u00fck, l\u00e9pjen vel\u00fcnk kapcsolatba a k\u00f6vetkez\u0151 c\u00edmen: <a href=\"mailto:info@bcmgroup.in\" target=\"_blank\" rel=\"noreferrer noopener\">info@bcmgroup.in<br \/><\/a>Weboldalunk haszn\u00e1lat\u00e1val vagy digit\u00e1lis marketing tev\u00e9kenys\u00e9geinkkel val\u00f3 interakci\u00f3val \u00d6n elfogadja a jelen Adatv\u00e9delmi Szab\u00e1lyzat felt\u00e9teleit.<\/p>\t\t\t\t\t\t\t\t<\/div>\n\t\t\t\t<\/div>\n\t\t\t\t\t<\/div>\n\t\t\t\t<\/div>\n\t\t\t\t<\/div>\n\t\t","protected":false},"excerpt":{"rendered":"<p>\u00dcdv\u00f6z\u00f6lj\u00fck a BCM Group adatv\u00e9delmi szab\u00e1lyzat\u00e1ban A BCM Groupn\u00e1l elk\u00f6telezettek vagyunk az \u00d6n adatainak v\u00e9delme \u00e9s annak biztos\u00edt\u00e1sa mellett, hogy szem\u00e9lyes adatait felel\u0151ss\u00e9gteljesen kezelj\u00fck. Ez az adatv\u00e9delmi szab\u00e1lyzat felv\u00e1zolja, hogyan gy\u0171jtj\u00fck, haszn\u00e1ljuk, hozzuk nyilv\u00e1noss\u00e1gra \u00e9s v\u00e9dj\u00fck az \u00d6n adatait, amikor felkeresi weboldalunkat, vagy digit\u00e1lis marketingtev\u00e9kenys\u00e9geken kereszt\u00fcl kapcsolatba l\u00e9p vel\u00fcnk. 1. Az \u00e1ltalunk gy\u0171jt\u00f6tt inform\u00e1ci\u00f3k Szem\u00e9lyes [&hellip;]<\/p>\n","protected":false},"author":1,"featured_media":0,"parent":0,"menu_order":0,"comment_status":"closed","ping_status":"open","template":"elementor_canvas","meta":{"googlesitekit_rrm_CAowi469DA:productID":"","footnotes":""},"class_list":["post-66568","page","type-page","status-publish","hentry"],"_links":{"self":[{"href":"https:\/\/bcmgroup.in\/hu\/wp-json\/wp\/v2\/pages\/66568","targetHints":{"allow":["GET"]}}],"collection":[{"href":"https:\/\/bcmgroup.in\/hu\/wp-json\/wp\/v2\/pages"}],"about":[{"href":"https:\/\/bcmgroup.in\/hu\/wp-json\/wp\/v2\/types\/page"}],"author":[{"embeddable":true,"href":"https:\/\/bcmgroup.in\/hu\/wp-json\/wp\/v2\/users\/1"}],"replies":[{"embeddable":true,"href":"https:\/\/bcmgroup.in\/hu\/wp-json\/wp\/v2\/comments?post=66568"}],"version-history":[{"count":13,"href":"https:\/\/bcmgroup.in\/hu\/wp-json\/wp\/v2\/pages\/66568\/revisions"}],"predecessor-version":[{"id":153167,"href":"https:\/\/bcmgroup.in\/hu\/wp-json\/wp\/v2\/pages\/66568\/revisions\/153167"}],"wp:attachment":[{"href":"https:\/\/bcmgroup.in\/hu\/wp-json\/wp\/v2\/media?parent=66568"}],"curies":[{"name":"wp","href":"https:\/\/api.w.org\/{rel}","templated":true}]}}