{"id":141807,"date":"2026-02-21T11:53:17","date_gmt":"2026-02-21T11:53:17","guid":{"rendered":"https:\/\/bcmgroup.in\/?page_id=141807"},"modified":"2026-04-16T13:21:03","modified_gmt":"2026-04-16T13:21:03","slug":"blog","status":"publish","type":"page","link":"https:\/\/bcmgroup.in\/hu\/blog\/","title":{"rendered":"Blogok"},"content":{"rendered":"\t\t<div data-elementor-type=\"wp-page\" data-elementor-id=\"141807\" class=\"elementor elementor-141807\" data-elementor-post-type=\"page\">\n\t\t\t\t<div class=\"elementor-element elementor-element-5dad1d2 e-flex e-con-boxed e-con e-parent\" data-id=\"5dad1d2\" data-element_type=\"container\">\n\t\t\t\t\t<div class=\"e-con-inner\">\n\t\t\t\t<div class=\"elementor-element elementor-element-79ccabe elementor-widget elementor-widget-image\" data-id=\"79ccabe\" data-element_type=\"widget\" data-widget_type=\"image.default\">\n\t\t\t\t<div class=\"elementor-widget-container\">\n\t\t\t\t\t\t\t\t\t\t\t\t\t\t\t<img fetchpriority=\"high\" decoding=\"async\" width=\"1620\" height=\"325\" src=\"https:\/\/bcmgroup.in\/wp-content\/uploads\/2026\/02\/SUBMIT-YOUR-CV-9.webp\" class=\"attachment-full size-full wp-image-136900\" alt=\"blog\" srcset=\"https:\/\/bcmgroup.in\/wp-content\/uploads\/2026\/02\/SUBMIT-YOUR-CV-9.webp 1620w, https:\/\/bcmgroup.in\/wp-content\/uploads\/2026\/02\/SUBMIT-YOUR-CV-9-300x60.webp 300w, https:\/\/bcmgroup.in\/wp-content\/uploads\/2026\/02\/SUBMIT-YOUR-CV-9-1024x205.webp 1024w, https:\/\/bcmgroup.in\/wp-content\/uploads\/2026\/02\/SUBMIT-YOUR-CV-9-768x154.webp 768w, https:\/\/bcmgroup.in\/wp-content\/uploads\/2026\/02\/SUBMIT-YOUR-CV-9-1536x308.webp 1536w\" sizes=\"(max-width: 1620px) 100vw, 1620px\" \/>\t\t\t\t\t\t\t\t\t\t\t\t\t\t\t<\/div>\n\t\t\t\t<\/div>\n\t\t\t\t\t<\/div>\n\t\t\t\t<\/div>\n\t\t<div class=\"elementor-element elementor-element-348fd1f e-flex e-con-boxed e-con e-parent\" data-id=\"348fd1f\" data-element_type=\"container\">\n\t\t\t\t\t<div class=\"e-con-inner\">\n\t\t\t\t<div class=\"elementor-element elementor-element-819dcbb elementor-widget elementor-widget-heading\" data-id=\"819dcbb\" data-element_type=\"widget\" data-widget_type=\"heading.default\">\n\t\t\t\t<div class=\"elementor-widget-container\">\n\t\t\t\t\t<h1 class=\"elementor-heading-title elementor-size-default\">Karrier \u00e9s Toborz\u00e1si Blog \u2013 \u00c1ll\u00e1sok, Tehets\u00e9gfejleszt\u00e9si Megold\u00e1sok \u00e9s Ipar\u00e1gi Betekint\u00e9sek<\/h1>\t\t\t\t<\/div>\n\t\t\t\t<\/div>\n\t\t\t\t\t<\/div>\n\t\t\t\t<\/div>\n\t\t<div class=\"elementor-element elementor-element-963ce1d e-flex e-con-boxed e-con e-parent\" data-id=\"963ce1d\" data-element_type=\"container\">\n\t\t\t\t\t<div class=\"e-con-inner\">\n\t\t<div class=\"elementor-element elementor-element-91ac988 e-con-full e-flex e-con e-child\" data-id=\"91ac988\" data-element_type=\"container\">\n\t\t\t\t<div class=\"elementor-element elementor-element-5a48bf1 elementor-widget elementor-widget-shortcode\" data-id=\"5a48bf1\" data-element_type=\"widget\" data-widget_type=\"shortcode.default\">\n\t\t\t\t<div class=\"elementor-widget-container\">\n\t\t\t\t\t\t\t<div class=\"elementor-shortcode\"><div id=\"bdpp-post-list-1\" class=\"bdpp-wrap bdpp-lite bdpp-post-list-wrap bdpp-post-data-wrap bdpp-design-1 bdpp-layout-136712 bdpp-clearfix\">\r\n\t<div class=\"bdpp-post-list-inr-wrap bdpp-post-data-inr-wrap bdpp-clearfix\"><div class=\"bdpp-post-list-main bdpp-post-87125 bdpp-post-standard bdpp-has-thumb\">\r\n\t<div class=\"bdpp-post-list-content bdpp-clearfix\">\r\n\t\t\t\t<div class=\"bdpp-post-list-left bdpp-col-2 bdpp-columns\">\r\n\t\t\t<div class=\"bdpp-post-img-bg\">\r\n\t\t\t\t<a href=\"https:\/\/bcmgroup.in\/hu\/blogok\/foglalkoztatasi-igazolas\/\">\r\n\t\t\t\t\t<img decoding=\"async\" src=\"https:\/\/bcmgroup.in\/wp-content\/uploads\/2025\/06\/Expert-Legal-Services-1.webp\" class=\"bdpp-img bdpp-post-feat-img\" alt=\"foglalkoztat\u00e1si igazol\u00e1s 2025-ben \u2013 Egyszer\u0171s\u00edtett folyamat, jogi tippek \u00e9s gyakori hib\u00e1k\" \/>\r\n\t\t\t\t\t\t\t\t\t<\/a>\r\n\t\t\t<\/div>\r\n\t\t<\/div>\r\n\t\t\r\n\t\t<div class=\"bdpp-post-list-right bdpp-col-2 bdpp-columns\">\r\n\t\t\t\r\n\t\t\t<h2 class=\"bdpp-post-title\">\r\n\t\t\t\t<a href=\"https:\/\/bcmgroup.in\/hu\/blogok\/foglalkoztatasi-igazolas\/\">foglalkoztat\u00e1si igazol\u00e1s 2025-ben \u2013 Egyszer\u0171s\u00edtett folyamat, jogi tippek \u00e9s gyakori hib\u00e1k<\/a>\r\n\t\t\t<\/h2>\r\n\r\n\t\t\t\t\t\t<div class=\"bdpp-post-meta bdpp-post-meta-up\">\r\n\t\t\t\t\t\t\t<\/div>\r\n\t\t\t\t\t\t<div class=\"bdpp-post-content\">\r\n\t\t\t\t<div class=\"bdpp-post-desc\">foglalkoztat\u00e1si igazol\u00e1s 2026-ben \u2013 Egyszer\u0171s\u00edtett folyamat, jogi tippek \u00e9s gyakori hib\u00e1k According to NAV , if an employer wishes to temporarily employ more workers, simplified employment offers a suitable opportunity for...<\/div>\r\n\t\t\t\t\t\t\t\t\t<a href=\"https:\/\/bcmgroup.in\/hu\/blogok\/foglalkoztatasi-igazolas\/\" class=\"bdpp-rdmr-btn\">\u010c\u00edta\u0165 \u010falej<\/a>\r\n\t\t\t\t\t\t\t<\/div>\r\n\t\t\t\t\t<\/div>\r\n\t<\/div>\r\n<\/div><div class=\"bdpp-post-list-main bdpp-post-92449 bdpp-post-standard bdpp-has-thumb\">\r\n\t<div class=\"bdpp-post-list-content bdpp-clearfix\">\r\n\t\t\t\t<div class=\"bdpp-post-list-left bdpp-col-2 bdpp-columns\">\r\n\t\t\t<div class=\"bdpp-post-img-bg\">\r\n\t\t\t\t<a href=\"https:\/\/bcmgroup.in\/hu\/blogok\/egyszerusitett-foglalkoztatas\/\">\r\n\t\t\t\t\t<img decoding=\"async\" src=\"https:\/\/bcmgroup.in\/wp-content\/uploads\/2025\/02\/Expert-Legal-Services-1.webp\" class=\"bdpp-img bdpp-post-feat-img\" alt=\"Egyszer\u0171s\u00edtett Foglalkoztat\u00e1s 2025: Teljes \u00datmutat\u00f3 a Munk\u00e1ltat\u00f3k \u00e9s Munkav\u00e1llal\u00f3k Sz\u00e1m\u00e1ra\" \/>\r\n\t\t\t\t\t\t\t\t\t<\/a>\r\n\t\t\t<\/div>\r\n\t\t<\/div>\r\n\t\t\r\n\t\t<div class=\"bdpp-post-list-right bdpp-col-2 bdpp-columns\">\r\n\t\t\t\r\n\t\t\t<h2 class=\"bdpp-post-title\">\r\n\t\t\t\t<a href=\"https:\/\/bcmgroup.in\/hu\/blogok\/egyszerusitett-foglalkoztatas\/\">Egyszer\u0171s\u00edtett Foglalkoztat\u00e1s 2025: Teljes \u00datmutat\u00f3 a Munk\u00e1ltat\u00f3k \u00e9s Munkav\u00e1llal\u00f3k Sz\u00e1m\u00e1ra<\/a>\r\n\t\t\t<\/h2>\r\n\r\n\t\t\t\t\t\t<div class=\"bdpp-post-meta bdpp-post-meta-up\">\r\n\t\t\t\t\t\t\t<\/div>\r\n\t\t\t\t\t\t<div class=\"bdpp-post-content\">\r\n\t\t\t\t<div class=\"bdpp-post-desc\">Egyszer\u0171s\u00edtett Foglalkoztat\u00e1s 2026: Teljes \u00datmutat\u00f3 a Munk\u00e1ltat\u00f3k \u00e9s Munkav\u00e1llal\u00f3k Sz\u00e1m\u00e1ra Egyszer\u0171s\u00edtett Foglalkoztat\u00e1s 2026: Minden, Amit Tudnia Kell A Egyszer\u0171s\u00edtett foglalkoztat\u00e1s\u00a0a rendszer lehet\u0151v\u00e9 teszi a munk\u00e1ltat\u00f3k gyors \u00e9s egyszer\u0171 regisztr\u00e1ci\u00f3j\u00e1t ideiglenes munkav\u00e1llal\u00f3k....<\/div>\r\n\t\t\t\t\t\t\t\t\t<a href=\"https:\/\/bcmgroup.in\/hu\/blogok\/egyszerusitett-foglalkoztatas\/\" class=\"bdpp-rdmr-btn\">\u010c\u00edta\u0165 \u010falej<\/a>\r\n\t\t\t\t\t\t\t<\/div>\r\n\t\t\t\t\t<\/div>\r\n\t<\/div>\r\n<\/div><div class=\"bdpp-post-list-main bdpp-post-88016 bdpp-post-standard bdpp-has-thumb\">\r\n\t<div class=\"bdpp-post-list-content bdpp-clearfix\">\r\n\t\t\t\t<div class=\"bdpp-post-list-left bdpp-col-2 bdpp-columns\">\r\n\t\t\t<div class=\"bdpp-post-img-bg\">\r\n\t\t\t\t<a href=\"https:\/\/bcmgroup.in\/hu\/blogok\/harmadik-orszagbeli-allampolgar-foglalkoztatasa\/\">\r\n\t\t\t\t\t<img decoding=\"async\" src=\"https:\/\/bcmgroup.in\/wp-content\/uploads\/2025\/02\/Expert-Legal-Services-2.webp\" class=\"bdpp-img bdpp-post-feat-img\" alt=\"Harmadik Orsz\u00e1gbeli \u00c1llampolg\u00e1r Foglalkoztat\u00e1sa Jogszab\u00e1ly 2025 | Teljes \u00fatmutat\u00f3\" \/>\r\n\t\t\t\t\t\t\t\t\t<\/a>\r\n\t\t\t<\/div>\r\n\t\t<\/div>\r\n\t\t\r\n\t\t<div class=\"bdpp-post-list-right bdpp-col-2 bdpp-columns\">\r\n\t\t\t\r\n\t\t\t<h2 class=\"bdpp-post-title\">\r\n\t\t\t\t<a href=\"https:\/\/bcmgroup.in\/hu\/blogok\/harmadik-orszagbeli-allampolgar-foglalkoztatasa\/\">Harmadik Orsz\u00e1gbeli \u00c1llampolg\u00e1r Foglalkoztat\u00e1sa Jogszab\u00e1ly 2025 | Teljes \u00fatmutat\u00f3<\/a>\r\n\t\t\t<\/h2>\r\n\r\n\t\t\t\t\t\t<div class=\"bdpp-post-meta bdpp-post-meta-up\">\r\n\t\t\t\t\t\t\t<\/div>\r\n\t\t\t\t\t\t<div class=\"bdpp-post-content\">\r\n\t\t\t\t<div class=\"bdpp-post-desc\">Harmadik Orsz\u00e1gbeli \u00c1llampolg\u00e1r Foglalkoztat\u00e1sa Jogszab\u00e1ly 2026 | Teljes \u00fatmutat\u00f3 The Foglalkoztat\u00e1s harmadik orsz\u00e1gbeli \u00e1llampolg\u00e1r foglalkoztat\u00e1sa jogszab\u00e1ly A harmadik orsz\u00e1gbeli \u00e1llampolg\u00e1rok munkav\u00e1llal\u00e1si jogai egyre gyakoribbak Magyarorsz\u00e1gon a glob\u00e1lis munkaer\u0151piaci v\u00e1ltoz\u00e1sok miatt. Mind...<\/div>\r\n\t\t\t\t\t\t\t\t\t<a href=\"https:\/\/bcmgroup.in\/hu\/blogok\/harmadik-orszagbeli-allampolgar-foglalkoztatasa\/\" class=\"bdpp-rdmr-btn\">\u010c\u00edta\u0165 \u010falej<\/a>\r\n\t\t\t\t\t\t\t<\/div>\r\n\t\t\t\t\t<\/div>\r\n\t<\/div>\r\n<\/div><div class=\"bdpp-post-list-main bdpp-post-88021 bdpp-post-standard bdpp-has-thumb\">\r\n\t<div class=\"bdpp-post-list-content bdpp-clearfix\">\r\n\t\t\t\t<div class=\"bdpp-post-list-left bdpp-col-2 bdpp-columns\">\r\n\t\t\t<div class=\"bdpp-post-img-bg\">\r\n\t\t\t\t<a href=\"https:\/\/bcmgroup.in\/hu\/blogok\/legjobb-munkaero-kozvetito-cegek\/\">\r\n\t\t\t\t\t<img decoding=\"async\" src=\"https:\/\/bcmgroup.in\/wp-content\/uploads\/2025\/02\/Expert-Legal-Services-3.webp\" class=\"bdpp-img bdpp-post-feat-img\" alt=\"Hogyan v\u00e1lasszuk ki a legjobb munkaer\u0151-k\u00f6zvet\u00edt\u0151 c\u00e9gek v\u00e1llalkoz\u00e1sunk sz\u00e1m\u00e1ra?\" \/>\r\n\t\t\t\t\t\t\t\t\t<\/a>\r\n\t\t\t<\/div>\r\n\t\t<\/div>\r\n\t\t\r\n\t\t<div class=\"bdpp-post-list-right bdpp-col-2 bdpp-columns\">\r\n\t\t\t\r\n\t\t\t<h2 class=\"bdpp-post-title\">\r\n\t\t\t\t<a href=\"https:\/\/bcmgroup.in\/hu\/blogok\/legjobb-munkaero-kozvetito-cegek\/\">Hogyan v\u00e1lasszuk ki a legjobb munkaer\u0151-k\u00f6zvet\u00edt\u0151 c\u00e9gek v\u00e1llalkoz\u00e1sunk sz\u00e1m\u00e1ra?<\/a>\r\n\t\t\t<\/h2>\r\n\r\n\t\t\t\t\t\t<div class=\"bdpp-post-meta bdpp-post-meta-up\">\r\n\t\t\t\t\t\t\t<\/div>\r\n\t\t\t\t\t\t<div class=\"bdpp-post-content\">\r\n\t\t\t\t<div class=\"bdpp-post-desc\">Hogyan v\u00e1lasszuk ki a legjobb munkaer\u0151-k\u00f6zvet\u00edt\u0151 c\u00e9gek v\u00e1llalkoz\u00e1sunk sz\u00e1m\u00e1ra? Choosing the right recruitment agency is an important decision for any business. A reliable agency can help find the best professionals by...<\/div>\r\n\t\t\t\t\t\t\t\t\t<a href=\"https:\/\/bcmgroup.in\/hu\/blogok\/legjobb-munkaero-kozvetito-cegek\/\" class=\"bdpp-rdmr-btn\">\u010c\u00edta\u0165 \u010falej<\/a>\r\n\t\t\t\t\t\t\t<\/div>\r\n\t\t\t\t\t<\/div>\r\n\t<\/div>\r\n<\/div><div class=\"bdpp-post-list-main bdpp-post-88015 bdpp-post-standard bdpp-has-thumb\">\r\n\t<div class=\"bdpp-post-list-content bdpp-clearfix\">\r\n\t\t\t\t<div class=\"bdpp-post-list-left bdpp-col-2 bdpp-columns\">\r\n\t\t\t<div class=\"bdpp-post-img-bg\">\r\n\t\t\t\t<a href=\"https:\/\/bcmgroup.in\/hu\/blogok\/munkaero-kolcsonzes-vs-munkaero-kozvetites\/\">\r\n\t\t\t\t\t<img decoding=\"async\" src=\"https:\/\/bcmgroup.in\/wp-content\/uploads\/2025\/01\/Expert-Legal-Services-4.webp\" class=\"bdpp-img bdpp-post-feat-img\" alt=\"Munkaer\u0151-k\u00f6lcs\u00f6nz\u00e9s vs. Munkaer\u0151-k\u00f6zvet\u00edt\u00e9s: Mi a k\u00fcl\u00f6nbs\u00e9g?\" \/>\r\n\t\t\t\t\t\t\t\t\t<\/a>\r\n\t\t\t<\/div>\r\n\t\t<\/div>\r\n\t\t\r\n\t\t<div class=\"bdpp-post-list-right bdpp-col-2 bdpp-columns\">\r\n\t\t\t\r\n\t\t\t<h2 class=\"bdpp-post-title\">\r\n\t\t\t\t<a href=\"https:\/\/bcmgroup.in\/hu\/blogok\/munkaero-kolcsonzes-vs-munkaero-kozvetites\/\">Munkaer\u0151-k\u00f6lcs\u00f6nz\u00e9s vs. Munkaer\u0151-k\u00f6zvet\u00edt\u00e9s: Mi a k\u00fcl\u00f6nbs\u00e9g?<\/a>\r\n\t\t\t<\/h2>\r\n\r\n\t\t\t\t\t\t<div class=\"bdpp-post-meta bdpp-post-meta-up\">\r\n\t\t\t\t\t\t\t<\/div>\r\n\t\t\t\t\t\t<div class=\"bdpp-post-content\">\r\n\t\t\t\t<div class=\"bdpp-post-desc\">Munkaer\u0151-k\u00f6lcs\u00f6nz\u00e9s vs. Munkaer\u0151-k\u00f6zvet\u00edt\u00e9s: Mi a k\u00fcl\u00f6nbs\u00e9g? Munkaer\u0151-k\u00f6lcs\u00f6nz\u00e9s A modern munkaer\u0151piacon a v\u00e1llalatok sz\u00e1m\u00e1ra k\u00e9t f\u0151 modell \u00e1ll rendelkez\u00e9sre, amikor \u00faj alkalmazottakat keresnek: a Munkaer\u0151-k\u00f6lcs\u00f6nz\u00e9s \u00e9s a Munkaer\u0151-k\u00f6lcs\u00f6nz\u00e9s. Mindk\u00e9t megold\u00e1s el\u0151nyeit \u00e9s...<\/div>\r\n\t\t\t\t\t\t\t\t\t<a href=\"https:\/\/bcmgroup.in\/hu\/blogok\/munkaero-kolcsonzes-vs-munkaero-kozvetites\/\" class=\"bdpp-rdmr-btn\">\u010c\u00edta\u0165 \u010falej<\/a>\r\n\t\t\t\t\t\t\t<\/div>\r\n\t\t\t\t\t<\/div>\r\n\t<\/div>\r\n<\/div>\t<\/div>\r\n\t\t<div class=\"bdpp-paging bdpp-clearfix\">\r\n\t\t<span aria-current=\"page\" class=\"page-numbers current\">1<\/span>\n<a class=\"page-numbers\" href=\"https:\/\/bcmgroup.in\/hu\/wp-json\/wp\/v2\/pages\/141807\/page\/2\/\">2<\/a>\n<a class=\"page-numbers\" href=\"https:\/\/bcmgroup.in\/hu\/wp-json\/wp\/v2\/pages\/141807\/page\/3\/\">3<\/a>\n<span class=\"page-numbers dots\">&hellip;<\/span>\n<a class=\"page-numbers\" href=\"https:\/\/bcmgroup.in\/hu\/wp-json\/wp\/v2\/pages\/141807\/page\/7\/\">7<\/a>\n<a class=\"next page-numbers\" href=\"https:\/\/bcmgroup.in\/hu\/wp-json\/wp\/v2\/pages\/141807\/page\/2\/\">Next &raquo;<\/a>\t<\/div>\r\n<\/div><\/div>\n\t\t\t\t\t\t<\/div>\n\t\t\t\t<\/div>\n\t\t\t\t<\/div>\n\t\t<div class=\"elementor-element elementor-element-8c7348c e-con-full e-flex e-con e-child\" data-id=\"8c7348c\" data-element_type=\"container\">\n\t\t<div class=\"elementor-element elementor-element-e7f55d0 e-con-full e-flex e-con e-child\" data-id=\"e7f55d0\" data-element_type=\"container\">\n\t\t\t\t<div class=\"elementor-element elementor-element-bf464d5 elementor-widget elementor-widget-text-editor\" data-id=\"bf464d5\" data-element_type=\"widget\" data-widget_type=\"text-editor.default\">\n\t\t\t\t<div class=\"elementor-widget-container\">\n\t\t\t\t\t\t\t\t\t<div class=\"custom-country-section\">\n  <h2 class=\"custom-country-title\">Megtekint\u00e9s Orsz\u00e1g Szerint<\/h2>\n  <ul class=\"custom-country-list\">\n    <li>\n      <a href=\"https:\/\/bcmgroup.in\/ro\/bloguri-bcm\/\" target=\"_blank\" rel=\"noopener noreferrer\">\n        <img decoding=\"async\" src=\"https:\/\/flagcdn.com\/w40\/ro.png\" alt=\"Rom\u00e1nia z\u00e1szl\u00f3\" \/>\n        <span>Rom\u00e1nia<\/span>\n      <\/a>\n    <\/li>\n    <li>\n      <a href=\"https:\/\/bcmgroup.in\/hr\/bcm-blogovi\/\" target=\"_blank\" rel=\"noopener noreferrer\">\n        <img decoding=\"async\" src=\"https:\/\/flagcdn.com\/w40\/hr.png\" alt=\"Horv\u00e1torsz\u00e1g z\u00e1szl\u00f3\" \/>\n        <span>Horv\u00e1torsz\u00e1g<\/span>\n      <\/a>\n    <\/li>\n    <li>\n      <a href=\"https:\/\/bcmgroup.in\/lv\/bcm-blogi\/\" target=\"_blank\" rel=\"noopener noreferrer\">\n        <img decoding=\"async\" src=\"https:\/\/flagcdn.com\/w40\/lv.png\" alt=\"Lettorsz\u00e1g z\u00e1szl\u00f3\" \/>\n        <span>Lettorsz\u00e1g<\/span>\n      <\/a>\n    <\/li>\n    <li>\n      <a href=\"https:\/\/bcmgroup.in\/sr\/blogovi\/\" target=\"_blank\" rel=\"noopener noreferrer\">\n        <img decoding=\"async\" src=\"https:\/\/flagcdn.com\/w40\/rs.png\" alt=\"Szerbia z\u00e1szl\u00f3\" \/>\n        <span>Szerbia<\/span>\n      <\/a>\n    <\/li>\n    <li>\n      <a href=\"https:\/\/bcmgroup.in\/sk\/bcm-blogy\/\" target=\"_blank\" rel=\"noopener noreferrer\">\n        <img decoding=\"async\" src=\"https:\/\/flagcdn.com\/w40\/sk.png\" alt=\"Szlov\u00e1kia z\u00e1szl\u00f3\" \/>\n        <span>Szlov\u00e1kia<\/span>\n      <\/a>\n    <\/li>\n    <li>\n      <a href=\"https:\/\/bcmgroup.in\/hu\/blogok\/\" target=\"_blank\" rel=\"noopener noreferrer\">\n        <img decoding=\"async\" src=\"https:\/\/flagcdn.com\/w40\/hu.png\" alt=\"Magyarorsz\u00e1g z\u00e1szl\u00f3\" \/>\n        <span>Magyarorsz\u00e1g<\/span>\n      <\/a>\n    <\/li>\n  <\/ul>\n<\/div>\n\n<style>\n  .custom-country-section {\n    max-width: 340px;\n    padding: 20px;\n    font-family: 'Segoe UI', Tahoma, Geneva, Verdana, sans-serif;\n    color: #1a2b48;\n  }\n  .custom-country-title {\n    margin-bottom: 20px;\n    font-weight: 700;\n    font-size: 1.5rem;\n    border-bottom: 2px solid #ddd;\n    padding-bottom: 8px;\n  }\n  .custom-country-list {\n    list-style: none;\n    padding: 0;\n    margin: 0;\n  }\n  .custom-country-list li {\n    margin-bottom: 16px;\n  }\n  .custom-country-list li a {\n    display: flex;\n    align-items: center;\n    padding: 14px 18px;\n    border-radius: 12px;\n    cursor: pointer;\n    background: #f9fbff;\n    box-shadow: 0 3px 8px rgba(26, 43, 72, 0.1);\n    text-decoration: none;\n    transition: transform 0.25s ease, box-shadow 0.25s ease;\n    color: #1a2b48;\n  }\n  .custom-country-list li a:hover {\n    transform: translateY(-4px) scale(1.03);\n    box-shadow: 0 8px 20px rgba(26, 43, 72, 0.15);\n  }\n  .custom-country-list img {\n    width: 36px;\n    height: 24px;\n    margin-right: 14px;\n    border-radius: 0;\n    box-shadow: none;\n    object-fit: contain;\n    background: transparent !important;\n  }\n  .custom-country-list span {\n    font-weight: 600;\n    font-size: 1.1rem;\n  }\n<\/style>\t\t\t\t\t\t\t\t<\/div>\n\t\t\t\t<\/div>\n\t\t\t\t<\/div>\n\t\t\t\t<\/div>\n\t\t\t\t\t<\/div>\n\t\t\t\t<\/div>\n\t\t\t\t<\/div>\n\t\t","protected":false},"excerpt":{"rendered":"<p>Karrier \u00e9s Toborz\u00e1si Blog \u2013 \u00c1ll\u00e1sok, Tehets\u00e9gfejleszt\u00e9si Megold\u00e1sok \u00e9s Ipar\u00e1gi Betekint\u00e9sek Megtekint\u00e9s Orsz\u00e1g Szerint Rom\u00e1nia Horv\u00e1torsz\u00e1g Lettorsz\u00e1g Szerbia Szlov\u00e1kia Magyarorsz\u00e1g<\/p>\n","protected":false},"author":1,"featured_media":0,"parent":0,"menu_order":0,"comment_status":"closed","ping_status":"closed","template":"elementor_canvas","meta":{"googlesitekit_rrm_CAowi469DA:productID":"","footnotes":""},"class_list":["post-141807","page","type-page","status-publish","hentry"],"_links":{"self":[{"href":"https:\/\/bcmgroup.in\/hu\/wp-json\/wp\/v2\/pages\/141807","targetHints":{"allow":["GET"]}}],"collection":[{"href":"https:\/\/bcmgroup.in\/hu\/wp-json\/wp\/v2\/pages"}],"about":[{"href":"https:\/\/bcmgroup.in\/hu\/wp-json\/wp\/v2\/types\/page"}],"author":[{"embeddable":true,"href":"https:\/\/bcmgroup.in\/hu\/wp-json\/wp\/v2\/users\/1"}],"replies":[{"embeddable":true,"href":"https:\/\/bcmgroup.in\/hu\/wp-json\/wp\/v2\/comments?post=141807"}],"version-history":[{"count":14,"href":"https:\/\/bcmgroup.in\/hu\/wp-json\/wp\/v2\/pages\/141807\/revisions"}],"predecessor-version":[{"id":153789,"href":"https:\/\/bcmgroup.in\/hu\/wp-json\/wp\/v2\/pages\/141807\/revisions\/153789"}],"wp:attachment":[{"href":"https:\/\/bcmgroup.in\/hu\/wp-json\/wp\/v2\/media?parent=141807"}],"curies":[{"name":"wp","href":"https:\/\/api.w.org\/{rel}","templated":true}]}}