{"id":141425,"date":"2026-02-21T05:48:55","date_gmt":"2026-02-21T05:48:55","guid":{"rendered":"https:\/\/bcmgroup.in\/?page_id=141425"},"modified":"2026-03-21T09:26:41","modified_gmt":"2026-03-21T09:26:41","slug":"jelolt-gyik","status":"publish","type":"page","link":"https:\/\/bcmgroup.in\/hu\/allast-keres\/jelolt-gyik\/","title":{"rendered":"Jel\u00f6lt GYIK"},"content":{"rendered":"\t\t<div data-elementor-type=\"wp-page\" data-elementor-id=\"141425\" class=\"elementor elementor-141425\" data-elementor-post-type=\"page\">\n\t\t\t\t<div class=\"elementor-element elementor-element-edeec22 e-flex e-con-boxed e-con e-parent\" data-id=\"edeec22\" data-element_type=\"container\">\n\t\t\t\t\t<div class=\"e-con-inner\">\n\t\t\t\t<div class=\"elementor-element elementor-element-44093d4 elementor-widget elementor-widget-image\" data-id=\"44093d4\" data-element_type=\"widget\" data-widget_type=\"image.default\">\n\t\t\t\t<div class=\"elementor-widget-container\">\n\t\t\t\t\t\t\t\t\t\t\t\t\t\t\t<img fetchpriority=\"high\" decoding=\"async\" width=\"1620\" height=\"325\" src=\"https:\/\/bcmgroup.in\/wp-content\/uploads\/2026\/01\/SUBMIT-YOUR-CV-6.webp\" class=\"attachment-full size-full wp-image-131467\" alt=\"Naj\u010de\u0161\u0107a pitanja i podr\u0161ka poslodavce\" srcset=\"https:\/\/bcmgroup.in\/wp-content\/uploads\/2026\/01\/SUBMIT-YOUR-CV-6.webp 1620w, https:\/\/bcmgroup.in\/wp-content\/uploads\/2026\/01\/SUBMIT-YOUR-CV-6-300x60.webp 300w, https:\/\/bcmgroup.in\/wp-content\/uploads\/2026\/01\/SUBMIT-YOUR-CV-6-1024x205.webp 1024w, https:\/\/bcmgroup.in\/wp-content\/uploads\/2026\/01\/SUBMIT-YOUR-CV-6-768x154.webp 768w, https:\/\/bcmgroup.in\/wp-content\/uploads\/2026\/01\/SUBMIT-YOUR-CV-6-1536x308.webp 1536w\" sizes=\"(max-width: 1620px) 100vw, 1620px\" \/>\t\t\t\t\t\t\t\t\t\t\t\t\t\t\t<\/div>\n\t\t\t\t<\/div>\n\t\t\t\t\t<\/div>\n\t\t\t\t<\/div>\n\t\t<div class=\"elementor-element elementor-element-6553ae0 e-flex e-con-boxed e-con e-parent\" data-id=\"6553ae0\" data-element_type=\"container\">\n\t\t\t\t\t<div class=\"e-con-inner\">\n\t\t\t\t<div class=\"elementor-element elementor-element-391e62d elementor-widget elementor-widget-text-editor\" data-id=\"391e62d\" data-element_type=\"widget\" data-widget_type=\"text-editor.default\">\n\t\t\t\t<div class=\"elementor-widget-container\">\n\t\t\t\t\t\t\t\t\t<style>\n.faq-container {\n    max-width: 1200px;\n    margin: 70px auto;\n    padding: 0 20px;\n    font-family: \"Segoe UI\", Arial, sans-serif;\n}\n\n.faq-header {\n    text-align: center;\n    margin-bottom: 40px;\n}\n\n.faq-header h1 {\n    font-size: 38px;\n    font-weight: 700;\n    color: #9B0008;   \/* Updated Title Color *\/\n}\n\n.faq-header p {\n    font-size: 20px;\n    color: #555;\n    margin-top: 10px;\n}\n\n\/* FAQ Item *\/\n.faq-item {\n    background: #ffffff;\n    border-radius: 12px;\n    margin-bottom: 18px;\n    padding: 22px 26px;\n    box-shadow: 0 8px 25px rgba(0,0,0,0.07);\n    cursor: pointer;\n    position: relative;\n    overflow: hidden;\n    transition: all 0.3s ease;\n}\n\n\/* Left Accent *\/\n.faq-item::before {\n    content: \"\";\n    position: absolute;\n    left: 0;\n    top: 0;\n    width: 5px;\n    height: 100%;\n    background: #9B0008\n}\n\n.faq-item:hover {\n    transform: translateY(-3px);\n    box-shadow: 0 14px 35px rgba(0,0,0,0.12);\n}\n\n\/* Question Row *\/\n.faq-question {\n    display: flex;\n    justify-content: space-between;\n    align-items: center;\n}\n\n.faq-text {\n    font-size: 20px;\n    font-weight: 600;\n    color: #0a2540;\n    width: 90%;\n}\n\n.faq-toggle {\n    font-size: 26px;\n    font-weight: bold;\n    color: #9B0008;\n    transition: transform 0.3s ease;\n}\n\n\/* Answer *\/\n.faq-answer {\n    max-height: 0;\n    overflow: hidden;\n    transition: max-height 0.5s ease;\n}\n\n.faq-answer p {\n    margin-top: 16px;\n    font-size: 16px;\n    line-height: 1.7;\n    color: #444;\n}\n\n\/* Active *\/\n.faq-item.active .faq-answer {\n    max-height: 600px;\n}\n\n.faq-item.active .faq-toggle {\n    transform: rotate(45deg);\n}\n<\/style>\n\n<div class=\"faq-container\">\n    <div class=\"faq-header\">\n        <h1>Gyakran Ism\u00e9telt K\u00e9rd\u00e9sek<\/h1>\n        <p>\n            Ha az al\u00e1bbiakban nem tal\u00e1lja a v\u00e1laszt, k\u00e9rj\u00fck, haszn\u00e1lja az kapcsolatfelv\u00e9teli \u0171rlapot, vagy \u00edrjon nek\u00fcnk e-mailt a \n            <strong>\n                <a href=\"mailto:info@bcmgroup.in\" style=\"color:#9B0008; text-decoration:none;\">\n                    info@bcmgroup.in\n                <\/a>\n            <\/strong>\n        <\/p>\n    <\/div>\n\n    \n\n    <div class=\"faq-item\"><div class=\"faq-question\"><div class=\"faq-text\">K\u00f6telez\u0151 az angol nyelv Eur\u00f3p\u00e1ban a munkav\u00e1llal\u00e1shoz?<\/div><div class=\"faq-toggle\">+<\/div><\/div><div class=\"faq-answer\"><p>Az angol nem k\u00f6telez\u0151 minden munkak\u00f6rh\u00f6z. Az alapfok\u00fa angoltud\u00e1s hasznos lehet, \u00e9s a munk\u00e1ltat\u00f3k els\u0151sorban a m\u0171szaki tud\u00e1sodat \u00e9s a munkak\u00f6rh\u00f6z kapcsol\u00f3d\u00f3 tapasztalataidat ellen\u0151rzik.<\/p><\/div><\/div>\n\n    <div class=\"faq-item\"><div class=\"faq-question\"><div class=\"faq-text\">Regisztr\u00e1ltak az Egyes\u00fclt K\u00fcl\u00fcgyminiszt\u00e9riumn\u00e1l (MEA)?<\/div><div class=\"faq-toggle\">+<\/div><\/div><div class=\"faq-answer\"><p>Igen, b\u00fcszk\u00e9k vagyunk arra, hogy regisztr\u00e1ltak vagyunk az Egyes\u00fclt K\u00fcl\u00fcgyminiszt\u00e9riumn\u00e1l. Enged\u00e9lysz\u00e1munk: Mumbai\/Partnership\/5493853\/2021.<\/p><\/div><\/div>\n\n    <div class=\"faq-item\"><div class=\"faq-question\"><div class=\"faq-text\">Tud-e egy ECR \u00fatlev\u00e9llel rendelkez\u0151 szem\u00e9ly \u00e1ll\u00e1sra p\u00e1ly\u00e1zni Eur\u00f3p\u00e1ban?<\/div><div class=\"faq-toggle\">+<\/div><\/div><div class=\"faq-answer\"><p>Igen, mind az ECR, mind az ECNR \u00fatlev\u00e9llel rendelkez\u0151k p\u00e1ly\u00e1zhatnak \u00e1ll\u00e1sokra Eur\u00f3p\u00e1ban, ha megfelelnek az \u00e1ll\u00e1s \u00e9s a v\u00edzum k\u00f6vetelm\u00e9nyeinek.<\/p><\/div><\/div>\n\n<div class=\"faq-item\"><div class=\"faq-question\"><div class=\"faq-text\">Sz\u00fcks\u00e9ges a Golf-\u00f6b\u00f6lbeli tapasztalat ahhoz, hogy munk\u00e1t kapjunk Eur\u00f3p\u00e1ban?<\/div><div class=\"faq-toggle\">+<\/div><\/div><div class=\"faq-answer\"><p>Nem. A Golf-\u00f6b\u00f6lbeli tapasztalat nem k\u00f6telez\u0151. A szakter\u00fcletnek megfelel\u0151 tapasztalat elegend\u0151.<\/p><\/div><\/div>\n\n<div class=\"faq-item\"><div class=\"faq-question\"><div class=\"faq-text\">Elveszi a c\u00e9g az \u00fatlevelemet, miut\u00e1n meg\u00e9rkezem Eur\u00f3p\u00e1ba?<\/div><div class=\"faq-toggle\">+<\/div><\/div><div class=\"faq-answer\"><p>Nem. Eur\u00f3p\u00e1ban t\u00f6rv\u00e9nyellenes a munkav\u00e1llal\u00f3k \u00fatlevel\u00e9nek megtart\u00e1sa. Az \u00fatleveled n\u00e1lad marad.<\/p><\/div><\/div>\n\n<div <div class=\"faq-item\"><div class=\"faq-question\"><div class=\"faq-text\">Dolgozni fogok Eur\u00f3p\u00e1ban munk\u00e1sk\u00e9nt?<\/div><div class=\"faq-toggle\">+<\/div><\/div><div class=\"faq-answer\"><p>Nem. Csak a szerz\u0151d\u00e9sedben megadott poz\u00edci\u00f3ban fogsz dolgozni, p\u00e9ld\u00e1ul hegeszt\u0151k\u00e9nt, villanyszerel\u0151k\u00e9nt, szerel\u0151k\u00e9nt stb.<\/p><\/div><\/div>\n\n<div <div class=\"faq-item\"><div class=\"faq-question\"><div class=\"faq-text\">A k\u00edn\u00e1lt \u00e1ll\u00e1sok val\u00f3diak \u00e9s leg\u00e1lisak?<\/div><div class=\"faq-toggle\">+<\/div><\/div><div class=\"faq-answer\"><p>Igen. Minden, a BCM Group \u00e1ltal k\u00edn\u00e1lt \u00e1ll\u00e1s ellen\u0151rz\u00f6tt.<\/p><\/div><\/div>\n\n<div class=\"faq-item\"><div class=\"faq-question\"><div class=\"faq-text\">Kaptok munkaszerz\u0151d\u00e9st az utaz\u00e1s el\u0151tt?<\/div><div class=\"faq-toggle\">+<\/div><\/div><div class=\"faq-answer\"><p>Igen. \u00cdr\u00e1sos munkalehet\u0151s\u00e9get vagy szerz\u0151d\u00e9st fogsz kapni az indul\u00e1s el\u0151tt.<\/p><\/div><\/div>\n\n<div class=\"faq-item\"><div class=\"faq-question\"><div class=\"faq-text\">Milyen t\u00edpus\u00fa munk\u00e1t fogok v\u00e9gezni Eur\u00f3p\u00e1ban?<\/div><div class=\"faq-toggle\">+<\/div><\/div><div class=\"faq-answer\"><p>A szerz\u0151d\u00e9sben megadott k\u00e9pess\u00e9geid, tapasztalataid \u00e9s szakm\u00e1d szerint fogsz dolgozni.<\/p><\/div><\/div>\n\n<div <div class=\"faq-item\"><div class=\"faq-question\"><div class=\"faq-text\">H\u00e1ny munka\u00f3ra van Eur\u00f3p\u00e1ban?<\/div><div class=\"faq-toggle\">+<\/div><\/div><div class=\"faq-answer\"><p>\u00c1ltal\u00e1ban napi 8\u201310 \u00f3ra, a heti pihen\u0151napok pedig a helyi munka\u00fcgyi t\u00f6rv\u00e9nyek szerint alakulnak.<\/p><\/div><\/div>\n\n\n<div class=\"faq-item\"><div class=\"faq-question\"><div class=\"faq-text\">El\u00e9rhet\u0151 t\u00fal\u00f3ra, \u00e9s k\u00fcl\u00f6n fizetend\u0151?<\/div><div class=\"faq-toggle\">+<\/div><\/div><div class=\"faq-answer\"><p>A t\u00fal\u00f3ra a munk\u00e1ltat\u00f3t\u00f3l \u00e9s a projektt\u0151l f\u00fcgg. Ha van r\u00e1 lehet\u0151s\u00e9g, a t\u00fal\u00f3ra k\u00fcl\u00f6n ker\u00fcl kifizet\u00e9sre.<\/p><\/div><\/div>\n\n<div class=\"faq-item\"><div class=\"faq-question\"><div class=\"faq-text\">Milyen fizet\u00e9sre sz\u00e1m\u00edthatok, ha Eur\u00f3p\u00e1ban dolgozom?<\/div><div class=\"faq-toggle\">+<\/div><\/div><div class=\"faq-answer\"><p>A fizet\u00e9s a munkak\u00f6rt\u0151l, a tapasztalatt\u00f3l \u00e9s az orsz\u00e1gt\u00f3l f\u00fcgg. A teljes r\u00e9szleteket a kiv\u00e1laszt\u00e1s el\u0151tt megosztjuk.<\/p><\/div><\/div>\n\n<div class=\"faq-item\"><div class=\"faq-question\"><div class=\"faq-text\">Biztos\u00edt a c\u00e9g sz\u00e1ll\u00e1st?<\/div><div class=\"faq-toggle\">+<\/div><\/div><div class=\"faq-answer\"><p>Ez a munk\u00e1ltat\u00f3t\u00f3l f\u00fcgg. N\u00e9h\u00e1ny c\u00e9g ingyenes vagy kedvezm\u00e9nyes sz\u00e1ll\u00e1st biztos\u00edt.<\/p><\/div><\/div>\n\n<div class=\"faq-item\"><div class=\"faq-question\"><div class=\"faq-text\">Biztons\u00e1gos Eur\u00f3pa a k\u00fclf\u00f6ldi munkav\u00e1llal\u00f3k sz\u00e1m\u00e1ra?<\/div><div class=\"faq-toggle\">+<\/div><\/div><div class=\"faq-answer\"><p>Ez a munk\u00e1ltat\u00f3t\u00f3l f\u00fcgg. N\u00e9h\u00e1ny c\u00e9g ingyenes vagy kedvezm\u00e9nyes sz\u00e1ll\u00e1st biztos\u00edt.<\/p><\/div><\/div>\n\n<div class=\"faq-item\"><div class=\"faq-question\"><div class=\"faq-text\">Kaphatok eg\u00e9szs\u00e9gbiztos\u00edt\u00e1st Eur\u00f3p\u00e1ban?<\/div><div class=\"faq-toggle\">+<\/div><\/div><div class=\"faq-answer\"><p>A legt\u00f6bb munk\u00e1ltat\u00f3 a helyi el\u0151\u00edr\u00e1soknak megfelel\u0151en biztos\u00edt eg\u00e9szs\u00e9gbiztos\u00edt\u00e1st.<\/p><\/div><\/div>\n\n<div class=\"faq-item\"><div class=\"faq-question\"><div class=\"faq-text\">Mennyi ideig tart a munkaszerz\u0151d\u00e9s?<\/div><div class=\"faq-toggle\">+<\/div><\/div><div class=\"faq-answer\"><p>A munkaszerz\u0151d\u00e9sek \u00e1ltal\u00e1ban 1-2 \u00e9vre sz\u00f3lnak, a munk\u00e1ltat\u00f3t\u00f3l f\u00fcgg\u0151en.<\/p><\/div><\/div>\n\n<div class=\"faq-item\"><div class=\"faq-question\"><div class=\"faq-text\">Hosszabb\u00edthatom a szerz\u0151d\u00e9semet a lej\u00e1rat ut\u00e1n?<\/div><div class=\"faq-toggle\">+<\/div><\/div><div class=\"faq-answer\"><p>Igen. A szerz\u0151d\u00e9s meghosszabb\u00edt\u00e1sa teljes\u00edtm\u00e9ny \u00e9s a munk\u00e1ltat\u00f3 ig\u00e9nye alapj\u00e1n lehets\u00e9ges.<\/p><\/div><\/div>\n\n<div class=\"faq-item\"><div class=\"faq-question\"><div class=\"faq-text\">K\u00f6telez\u0151 az Europass \u00f6n\u00e9letrajz Eur\u00f3p\u00e1ban dolgozni?<\/div><div class=\"faq-toggle\">+<\/div><\/div><div class=\"faq-answer\"><p>Az Europass \u00f6n\u00e9letrajz nem k\u00f6telez\u0151, de bizonyos munk\u00e1ltat\u00f3k el\u0151nyben r\u00e9szes\u00edtik. A BCM Group \u00fatmutat\u00e1st ny\u00fajt \u00d6nnek a munk\u00e1j\u00e1hoz \u00e9s az adott orsz\u00e1ghoz megfelel\u0151 \u00f6n\u00e9letrajz form\u00e1tum\u00e1r\u00f3l.<\/p><\/div><\/div>\n\n<div class=\"faq-item\"><div class=\"faq-question\"><div class=\"faq-text\">Hogyan kell elk\u00e9sz\u00edteni az \u00f6n\u00e9letrajzomat eur\u00f3pai \u00e1ll\u00e1sokhoz?<\/div><div class=\"faq-toggle\">+<\/div><\/div><div class=\"faq-answer\"><p>Az \u00f6n\u00e9letrajzban egy\u00e9rtelm\u0171en fel kell t\u00fcntetni a szakmai k\u00e9szs\u00e9geket, munkatapasztalatot \u00e9s k\u00e9pes\u00edt\u00e9seket. Csapatunk seg\u00edt \u00d6nnek az \u00f6n\u00e9letrajz elk\u00e9sz\u00edt\u00e9s\u00e9ben vagy m\u00f3dos\u00edt\u00e1s\u00e1ban az eur\u00f3pai munk\u00e1ltat\u00f3k elv\u00e1r\u00e1sainak megfelel\u0151en.<\/p><\/div><\/div>\n\n<div class=\"faq-item\"><div class=\"faq-question\"><div class=\"faq-text\">Milyen dokumentumokra van sz\u00fcks\u00e9g az eur\u00f3pai \u00e1ll\u00e1sokhoz?<\/div><div class=\"faq-toggle\">+<\/div><\/div><div class=\"faq-answer\"><p>Gyakori dokumentumok a k\u00f6vetkez\u0151k: \u00fatlev\u00e9l, \u00f6n\u00e9letrajz, munkatapasztalatot igazol\u00f3 okiratok, orvosi igazol\u00e1s \u00e9s erk\u00f6lcsi bizony\u00edtv\u00e1ny.<\/p><\/div><\/div>\n\n<div class=\"faq-item\"><div class=\"faq-question\"><div class=\"faq-text\">Van szakmai teszt vagy interj\u00fa a kiv\u00e1laszt\u00e1s el\u0151tt?<\/div><div class=\"faq-toggle\">+<\/div><\/div><div class=\"faq-answer\"><p>N\u00e9h\u00e1ny munkak\u00f6rh\u00f6z szakmai teszt vagy technikai interj\u00fa sz\u00fcks\u00e9ges.<\/p><\/div><\/div>\n\n<div class=\"faq-item\"><div class=\"faq-question\"><div class=\"faq-text\">Sz\u00fcks\u00e9ges orvosi alkalmass\u00e1g ahhoz, hogy Eur\u00f3p\u00e1ban dolgozhassunk?<\/div><div class=\"faq-toggle\">+<\/div><\/div><div class=\"faq-answer\"><p>Igen. A jel\u00f6lteknek orvosilag alkalmasnak kell lenni\u00fck, \u00e9s a v\u00edzum- \u00e9s kik\u00fcldet\u00e9si folyamat r\u00e9szek\u00e9nt orvosi vizsg\u00e1laton kell \u00e1tesni\u00fck.<\/p><\/div><\/div>\n\n<div class=\"faq-item\"><div class=\"faq-question\"><div class=\"faq-text\">Seg\u00edteni fog nekem a BCM Csoport, miut\u00e1n el\u00e9rek Eur\u00f3p\u00e1ba?<\/div><div class=\"faq-toggle\">+<\/div><\/div><div class=\"faq-answer\"><p>Igen. A BCM Csoport el\u0151indul\u00e1si t\u00e1j\u00e9koztat\u00e1st \u00e9s csatlakoz\u00e1si t\u00e1mogat\u00e1st ny\u00fajt.<\/p><\/div><\/div>\n\n<div class=\"faq-item\"><div class=\"faq-question\"><div class=\"faq-text\">Hogyan jelentkezhetek \u00e1ll\u00e1sra a BCM Group-n\u00e1l?<\/div><div class=\"faq-toggle\">+<\/div><\/div><div class=\"faq-answer\"><p>Jelentkezhet az \u00f6n\u00e9letrajza bek\u00fcld\u00e9s\u00e9vel a weboldalunkon kereszt\u00fcl, telefonon\/WhatsApp-on kereszt\u00fcl t\u00f6rt\u00e9n\u0151 kapcsolatfelv\u00e9tellel, vagy szem\u00e9lyes l\u00e1togat\u00e1ssal irod\u00e1nkban.<\/p><\/div><\/div>\n\n<div class=\"faq-item\"><div class=\"faq-question\"><div class=\"faq-text\">Biztos\u00edtanak \u00e9telt, vagy van \u00e9tkez\u00e9si hozz\u00e1j\u00e1rul\u00e1s?<\/div><div class=\"faq-toggle\">+<\/div><\/div><div class=\"faq-answer\"><p>Az \u00e9tkez\u00e9si lehet\u0151s\u00e9gek vagy hozz\u00e1j\u00e1rul\u00e1s a munk\u00e1ltat\u00f3t\u00f3l f\u00fcgg, \u00e9s a csatlakoz\u00e1s el\u0151tt egy\u00e9rtelm\u0171en t\u00e1j\u00e9koztatnak r\u00f3la.<\/p><\/div><\/div>\n\n<\/div>\n\n<script>\ndocument.querySelectorAll(\".faq-item\").forEach(item => {\n    item.addEventListener(\"click\", () => {\n        document.querySelectorAll(\".faq-item\").forEach(el => {\n            if (el !== item) el.classList.remove(\"active\");\n        });\n        item.classList.toggle(\"active\");\n    });\n});\n<\/script>\n\n\t\t\t\t\t\t\t\t<\/div>\n\t\t\t\t<\/div>\n\t\t\t\t\t<\/div>\n\t\t\t\t<\/div>\n\t\t<div class=\"elementor-element elementor-element-665c92b e-flex e-con-boxed e-con e-parent\" data-id=\"665c92b\" data-element_type=\"container\">\n\t\t\t\t\t<div class=\"e-con-inner\">\n\t\t\t\t<div class=\"elementor-element elementor-element-73436d9 elementor-widget elementor-widget-gimont_elementor_heading\" data-id=\"73436d9\" data-element_type=\"widget\" data-widget_type=\"gimont_elementor_heading.default\">\n\t\t\t\t<div class=\"elementor-widget-container\">\n\t\t\t\t\t\n\t\t\t<div class=\"ova-heading template_2\">\n\t\t\t\t\t\t\t\t\t\t\t\t\t\t<span class=\"subtitle\">Ha nem tudod, mi a k\u00f6vetkez\u0151 l\u00e9p\u00e9s, mi v\u00e9gigk\u00eds\u00e9r\u00fcnk.<\/span>\n\t\t\t\t\t\t\t\t\t\t\t<span class=\"line\"><\/span>\n\t\t\t\t\t\t\t\t\t\t\t\t\t\n\t\t\t\t\t\t\t\t\t\t\t\t\t\t\t<h2 class=\"title\"> <\/h2>\n\t\t\t\t\t\t\t\t\t\t\n\t\t\t\t\t\t\t\t\n\t\t\t\t\n\t\t\t<\/div>\n\n\t\t\t\t\t\t<\/div>\n\t\t\t\t<\/div>\n\t\t\t\t<div class=\"elementor-element elementor-element-4005639 elementor-widget elementor-widget-text-editor\" data-id=\"4005639\" data-element_type=\"widget\" data-widget_type=\"text-editor.default\">\n\t\t\t\t<div class=\"elementor-widget-container\">\n\t\t\t\t\t\t\t\t\t<p><span style=\"font-weight: 400;\">A BCM Groupn\u00e1l az utad nem csup\u00e1n egy \u00e1ll\u00e1s megszerz\u00e9s\u00e9r\u0151l sz\u00f3l \u2014 hanem egy biztons\u00e1gos j\u00f6v\u0151 \u00e9p\u00edt\u00e9s\u00e9r\u0151l m\u00e9lt\u00f3s\u00e1ggal, bizalommal \u00e9s hossz\u00fa t\u00e1v\u00fa lehet\u0151s\u00e9gekkel. Hissz\u00fck, hogy minden jel\u00f6lt meg\u00e9rdemli az egy\u00e9rtelm\u0171 inform\u00e1ci\u00f3t, az \u0151szinte \u00fatmutat\u00e1st \u00e9s az \u00e1tl\u00e1that\u00f3 folyamatokat. Az els\u0151 \u00e9rdekl\u0151d\u00e9sedt\u0151l kezdve az utols\u00f3 elhelyezked\u00e9sedig \u00e9s azon t\u00fal is csapataink folyamatos t\u00e1mogat\u00e1st, ellen\u0151rz\u00f6tt lehet\u0151s\u00e9geket \u00e9s etikus toborz\u00e1si gyakorlatot biztos\u00edtanak.<\/span><\/p><p><span style=\"font-weight: 400;\">Soha nem vagy egyed\u00fcl ezen az \u00faton \u2014 a BCM Group melletted \u00e1ll, v\u00e9di az \u00e9rdekeidet, \u00e9s a sikered\u00e9rt dolgozik.<\/span><\/p><p><span style=\"font-weight: 400;\">Ha m\u00e9g mindig k\u00e9rd\u00e9seid vannak, fordulj hozz\u00e1nk bizalommal \u2014 mert a j\u00f6v\u0151d fontos sz\u00e1munkra.<\/span><\/p>\t\t\t\t\t\t\t\t<\/div>\n\t\t\t\t<\/div>\n\t\t\t\t<div class=\"elementor-element elementor-element-6fa7274 elementor-align-center elementor-widget elementor-widget-button\" data-id=\"6fa7274\" data-element_type=\"widget\" data-widget_type=\"button.default\">\n\t\t\t\t<div class=\"elementor-widget-container\">\n\t\t\t\t\t\t\t\t\t<div class=\"elementor-button-wrapper\">\n\t\t\t\t\t<a class=\"elementor-button elementor-button-link elementor-size-sm\" href=\"https:\/\/bcmgroup.in\/hu\/erintkezes\/\">\n\t\t\t\t\t\t<span class=\"elementor-button-content-wrapper\">\n\t\t\t\t\t\t\t\t\t<span class=\"elementor-button-text\">L\u00e9pj kapcsolatba vel\u00fcnk<\/span>\n\t\t\t\t\t<\/span>\n\t\t\t\t\t<\/a>\n\t\t\t\t<\/div>\n\t\t\t\t\t\t\t\t<\/div>\n\t\t\t\t<\/div>\n\t\t\t\t\t<\/div>\n\t\t\t\t<\/div>\n\t\t\t\t<\/div>\n\t\t","protected":false},"excerpt":{"rendered":"<p>Gyakran Ism\u00e9telt K\u00e9rd\u00e9sek Ha az al\u00e1bbiakban nem tal\u00e1lja a v\u00e1laszt, k\u00e9rj\u00fck, haszn\u00e1lja az kapcsolatfelv\u00e9teli \u0171rlapot, vagy \u00edrjon nek\u00fcnk e-mailt a info@bcmgroup.in K\u00f6telez\u0151 az angol nyelv Eur\u00f3p\u00e1ban a munkav\u00e1llal\u00e1shoz?+ Az angol nem k\u00f6telez\u0151 minden munkak\u00f6rh\u00f6z. Az alapfok\u00fa angoltud\u00e1s hasznos lehet, \u00e9s a munk\u00e1ltat\u00f3k els\u0151sorban a m\u0171szaki tud\u00e1sodat \u00e9s a munkak\u00f6rh\u00f6z kapcsol\u00f3d\u00f3 tapasztalataidat ellen\u0151rzik. Regisztr\u00e1ltak az Egyes\u00fclt [&hellip;]<\/p>\n","protected":false},"author":4,"featured_media":0,"parent":141404,"menu_order":0,"comment_status":"closed","ping_status":"closed","template":"elementor_canvas","meta":{"googlesitekit_rrm_CAowi469DA:productID":"","footnotes":""},"class_list":["post-141425","page","type-page","status-publish","hentry"],"_links":{"self":[{"href":"https:\/\/bcmgroup.in\/hu\/wp-json\/wp\/v2\/pages\/141425","targetHints":{"allow":["GET"]}}],"collection":[{"href":"https:\/\/bcmgroup.in\/hu\/wp-json\/wp\/v2\/pages"}],"about":[{"href":"https:\/\/bcmgroup.in\/hu\/wp-json\/wp\/v2\/types\/page"}],"author":[{"embeddable":true,"href":"https:\/\/bcmgroup.in\/hu\/wp-json\/wp\/v2\/users\/4"}],"replies":[{"embeddable":true,"href":"https:\/\/bcmgroup.in\/hu\/wp-json\/wp\/v2\/comments?post=141425"}],"version-history":[{"count":10,"href":"https:\/\/bcmgroup.in\/hu\/wp-json\/wp\/v2\/pages\/141425\/revisions"}],"predecessor-version":[{"id":150839,"href":"https:\/\/bcmgroup.in\/hu\/wp-json\/wp\/v2\/pages\/141425\/revisions\/150839"}],"up":[{"embeddable":true,"href":"https:\/\/bcmgroup.in\/hu\/wp-json\/wp\/v2\/pages\/141404"}],"wp:attachment":[{"href":"https:\/\/bcmgroup.in\/hu\/wp-json\/wp\/v2\/media?parent=141425"}],"curies":[{"name":"wp","href":"https:\/\/api.w.org\/{rel}","templated":true}]}}