{"id":73660,"date":"2024-03-02T15:34:07","date_gmt":"2024-03-02T15:34:07","guid":{"rendered":"https:\/\/bcmgroup.in\/usluge\/"},"modified":"2025-08-08T10:41:05","modified_gmt":"2025-08-08T10:41:05","slug":"usluge","status":"publish","type":"page","link":"https:\/\/bcmgroup.in\/hr\/usluge\/","title":{"rendered":"usluge"},"content":{"rendered":"\t\t<div data-elementor-type=\"wp-page\" data-elementor-id=\"73660\" class=\"elementor elementor-73660 elementor-73657\" data-elementor-post-type=\"page\">\n\t\t\t\t<div class=\"elementor-element elementor-element-1602b37 e-flex e-con-boxed e-con e-parent\" data-id=\"1602b37\" data-element_type=\"container\">\n\t\t\t\t\t<div class=\"e-con-inner\">\n\t\t\t\t<div class=\"elementor-element elementor-element-ff335f7 elementor-widget elementor-widget-heading\" data-id=\"ff335f7\" data-element_type=\"widget\" data-widget_type=\"heading.default\">\n\t\t\t\t<div class=\"elementor-widget-container\">\n\t\t\t\t\t<h1 class=\"elementor-heading-title elementor-size-default\">ZAPOSLJAVANJE U INOZEMSTVU<\/h1>\t\t\t\t<\/div>\n\t\t\t\t<\/div>\n\t\t\t\t<div class=\"elementor-element elementor-element-da55412 elementor-widget-divider--view-line elementor-widget elementor-widget-divider\" data-id=\"da55412\" data-element_type=\"widget\" data-widget_type=\"divider.default\">\n\t\t\t\t<div class=\"elementor-widget-container\">\n\t\t\t\t\t\t\t<div class=\"elementor-divider\">\n\t\t\t<span class=\"elementor-divider-separator\">\n\t\t\t\t\t\t<\/span>\n\t\t<\/div>\n\t\t\t\t\t\t<\/div>\n\t\t\t\t<\/div>\n\t\t\t\t\t<\/div>\n\t\t\t\t<\/div>\n\t\t<div class=\"elementor-element elementor-element-27e0187 e-flex e-con-boxed e-con e-parent\" data-id=\"27e0187\" data-element_type=\"container\">\n\t\t\t\t\t<div class=\"e-con-inner\">\n\t\t\t\t<div class=\"elementor-element elementor-element-dbcf32c elementor-widget__width-inherit elementor-widget elementor-widget-gimont_elementor_road_map\" data-id=\"dbcf32c\" data-element_type=\"widget\" data-widget_type=\"gimont_elementor_road_map.default\">\n\t\t\t\t<div class=\"elementor-widget-container\">\n\t\t\t\t\t\n\t\t<div class=\"ova-road-map template_1\">\n\t\t\t<div class=\"road-map-wrapper\">\n\n\t\t\t\t\t\t\t\t\t<div class=\"timeline-column\">\n\t\t\t\t\t\t\t\t\t\t\t\t\t\t\t\t\t\t\t\t\t<div class=\"timeline-item timeline-item-left \">\n\t\t\t\t\t\t\t\t\t<div class=\"timeline-image\">\n\t\t\t\t\t\t\t\t\t\t<img decoding=\"async\" src=\"https:\/\/bcmgroup.in\/wp-content\/uploads\/2024\/03\/interview-scheduling-1-1.jpg\" alt=\"Overseas Recruitment- Interview Scheduling\"\n\t\t\t\t\t\t\t\t\t\ttitle=\"\">\n\t\t\t\t\t\t\t\t\t<\/div>\n\t\t\t\t\t\t\t\t\t<div class=\"timeline-info\">\n\t\t\t\t\t\t\t\t\t\t<div class=\"content-info\" \n\t\t\t\t\t\t\t\t\t\t\tdata-animation='{\"animation\":\"\",\"duration\":\"\",\"delay\":\"\"}'>\n\n\t\t\t\t\t\t\t\t\t\t\t\t\t\t\t\t\t\t\t\t\t\t\t<div class=\"date\">\n\t\t\t\t\t\t\t\t\t\t\t\t\t \t\t\t\t\t\t\t\t\t\t\t\t<\/div>\n\t\t\t\t\t\t\t\t\t\t\t\t\t\t\t\t\t\t\t\t\t\t<div class=\"timeline-content\">\n\t\t\t\t\t\t\t\t\t\t\t\t<h3 class=\"title\">Zakazivanje intervjua\n<\/h3>\n\t\t\t\t\t\t\t\t\t\t\t\t<p class=\"desc\">Ovaj proces je rije\u0161en i tvrtka je oslobo\u0111ena nepotrebnih e-poruka naprijed-natrag. Ne samo da \u0107e pomo\u0107i ubrzati proces zapo\u0161ljavanja, ve\u0107 \u0107e tako\u0111er omogu\u0107iti zakazivanje intervjua u najbolje vrijeme i za kandidate i za menad\u017eere za zapo\u0161ljavanje. Intervjui se vode korak po koraku \u0161to nam daje razinu kompetencija kandidata u sljede\u0107em testu koji se pola\u017ee u na\u0161im trgova\u010dkim centrima. Postoje audio runda, video runda i tehni\u010dki testovi.\n<\/p>\n\t\t\t\t\t\t\t\t\t\t\t<\/div>\n\t\t\t\t\t\t\t\t\t\t<\/div>\n\t\t\t\t\t\t\t\t\t<\/div>\n\t\t\t\t\t\t\t\t<\/div>\n\t\t\t\t\t\t\t\t\t\t\t\t\t\t\t\t\t\t\t\t\t\t<div class=\"timeline-item timeline-item-right active\">\n\t\t\t\t\t\t\t\t\t<div class=\"timeline-info\">\n\t\t\t\t\t\t\t\t\t\t<div class=\"content-info\" \n\t\t\t\t\t\t\t\t\t\tdata-animation='{\"animation\":\"\",\"duration\":\"\",\"delay\":\"\"}'>\n\n\t\t\t\t\t\t\t\t\t\t\t\t\t\t\t\t\t\t\t\t\t\t\t<div class=\"date\">\n\t\t\t\t\t\t\t\t\t\t\t\t\t \t\t\t\t\t\t\t\t\t\t\t\t<\/div>\n\t\t\t\t\t\t\t\t\t\t\t\n\t\t\t\t\t\t\t\t\t\t\t<div class=\"timeline-content\">\n\t\t\t\t\t\t\t\t\t\t\t\t<h3 class=\"title\">Provjera kandidata\n<\/h3>\n\t\t\t\t\t\t\t\t\t\t\t\t<p class=\"desc\">Ovo je drugi korak tijekom intervjua, koji provjerava pozadinu kandidatovog obrazovanja, iskustva, osobne i medicinske povijesti jer se detalji svakog zaposlenika mogu razlikovati ovisno o svim popratnim dokumentima. To se radi kako bi se dobili najkvalitetniji kandidati. Ovaj se postupak obavlja osobno.\n<\/p>\n\t\t\t\t\t\t\t\t\t\t\t<\/div>\n\t\t\t\t\t\t\t\t\t\t<\/div>\n\t\t\t\t\t\t\t\t\t<\/div>\n\t\t\t\t\t\t\t\t\t<div class=\"timeline-image\">\n\t\t\t\t\t\t\t\t\t\t<img decoding=\"async\" src=\"https:\/\/bcmgroup.in\/wp-content\/uploads\/2024\/03\/candidate-verification-1.jpg\" alt=\"\">\n\t\t\t\t\t\t\t\t\t<\/div>\n\t\t\t\t\t\t\t\t<\/div>\n\t\t\t\t\t\t\t\t\t\t\t\t\t\t\t\t\t\t\t\t\t<div class=\"timeline-item timeline-item-left \">\n\t\t\t\t\t\t\t\t\t<div class=\"timeline-image\">\n\t\t\t\t\t\t\t\t\t\t<img decoding=\"async\" src=\"https:\/\/bcmgroup.in\/wp-content\/uploads\/2024\/03\/Documentation-1.jpg\" alt=\"\"\n\t\t\t\t\t\t\t\t\t\ttitle=\"\">\n\t\t\t\t\t\t\t\t\t<\/div>\n\t\t\t\t\t\t\t\t\t<div class=\"timeline-info\">\n\t\t\t\t\t\t\t\t\t\t<div class=\"content-info\" \n\t\t\t\t\t\t\t\t\t\t\tdata-animation='{\"animation\":\"\",\"duration\":\"\",\"delay\":\"\"}'>\n\n\t\t\t\t\t\t\t\t\t\t\t\t\t\t\t\t\t\t\t\t\t\t\t<div class=\"date\">\n\t\t\t\t\t\t\t\t\t\t\t\t\t \t\t\t\t\t\t\t\t\t\t\t\t<\/div>\n\t\t\t\t\t\t\t\t\t\t\t\t\t\t\t\t\t\t\t\t\t\t<div class=\"timeline-content\">\n\t\t\t\t\t\t\t\t\t\t\t\t<h3 class=\"title\">Dokumentacija\n<\/h3>\n\t\t\t\t\t\t\t\t\t\t\t\t<p class=\"desc\">Za nesmetan napredak bilo kojeg aran\u017emana neophodan je konsenzus o navedenim uvjetima i odredbama. Sveobuhvatan sporazum slu\u017ei kao formalni kanal kroz koji obje strane izra\u017eavaju svoje prihva\u0107anje i predanost. Unutar njegovih nabora le\u017ee klju\u010dne komponente kao \u0161to su delegiranje ovlasti putem punomo\u0107i, artikulacija zahtjeva putem pisma zahtjeva i razgrani\u010denje uloga i odgovornosti u ugovoru o radu. Ti dokumenti ne samo da osiguravaju jasno\u0107u, ve\u0107 i njeguju povjerenje i me\u0111usobno razumijevanje, postavljaju\u0107i \u010dvrste temelje za plodnu suradnju.\n<\/p>\n\t\t\t\t\t\t\t\t\t\t\t<\/div>\n\t\t\t\t\t\t\t\t\t\t<\/div>\n\t\t\t\t\t\t\t\t\t<\/div>\n\t\t\t\t\t\t\t\t<\/div>\n\t\t\t\t\t\t\t\t\t\t\t\t\t\t\t\t\t\t\t\t\t\t<div class=\"timeline-item timeline-item-right \">\n\t\t\t\t\t\t\t\t\t<div class=\"timeline-info\">\n\t\t\t\t\t\t\t\t\t\t<div class=\"content-info\" \n\t\t\t\t\t\t\t\t\t\tdata-animation='{\"animation\":\"\",\"duration\":\"\",\"delay\":\"\"}'>\n\n\t\t\t\t\t\t\t\t\t\t\t\t\t\t\t\t\t\t\t\t\t\t\t<div class=\"date\">\n\t\t\t\t\t\t\t\t\t\t\t\t\t \t\t\t\t\t\t\t\t\t\t\t\t<\/div>\n\t\t\t\t\t\t\t\t\t\t\t\n\t\t\t\t\t\t\t\t\t\t\t<div class=\"timeline-content\">\n\t\t\t\t\t\t\t\t\t\t\t\t<h3 class=\"title\">Osiguranje i obrada viza\n<\/h3>\n\t\t\t\t\t\t\t\t\t\t\t\t<p class=\"desc\">Na\u0161a je usluga posve\u0107ena pomaganju podnositeljima zahtjeva u snala\u017eenju u zamr\u0161enim zahtjevima za osiguranje i obradu viza. Pojednostavljujemo proces usmjeravaju\u0107i pojedince kroz popunjavanje potrebnih obrazaca i dokumentacije, osiguravaju\u0107i da su svi relevantni detalji to\u010dno navedeni. Od polica osiguranja do zahtjeva za vizu, smanjujemo teret nude\u0107i sveobuhvatnu podr\u0161ku, u kona\u010dnici olak\u0161avaju\u0107i lak\u0161i i u\u010dinkovitiji put prema dobivanju potrebnih odobrenja i pokri\u0107a.\n<\/p>\n\t\t\t\t\t\t\t\t\t\t\t<\/div>\n\t\t\t\t\t\t\t\t\t\t<\/div>\n\t\t\t\t\t\t\t\t\t<\/div>\n\t\t\t\t\t\t\t\t\t<div class=\"timeline-image\">\n\t\t\t\t\t\t\t\t\t\t<img decoding=\"async\" src=\"https:\/\/bcmgroup.in\/wp-content\/uploads\/2024\/03\/insurance-and-visa-processing-1.jpg\" alt=\"\">\n\t\t\t\t\t\t\t\t\t<\/div>\n\t\t\t\t\t\t\t\t<\/div>\n\t\t\t\t\t\t\t\t\t\t\t\t\t\t\t\t\t\t\t\t\t<div class=\"timeline-item timeline-item-left active\">\n\t\t\t\t\t\t\t\t\t<div class=\"timeline-image\">\n\t\t\t\t\t\t\t\t\t\t<img decoding=\"async\" src=\"https:\/\/bcmgroup.in\/wp-content\/uploads\/2024\/03\/ONBOARDING-PROCESS.jpg\" alt=\"\"\n\t\t\t\t\t\t\t\t\t\ttitle=\"\">\n\t\t\t\t\t\t\t\t\t<\/div>\n\t\t\t\t\t\t\t\t\t<div class=\"timeline-info\">\n\t\t\t\t\t\t\t\t\t\t<div class=\"content-info\" \n\t\t\t\t\t\t\t\t\t\t\tdata-animation='{\"animation\":\"\",\"duration\":\"\",\"delay\":\"\"}'>\n\n\t\t\t\t\t\t\t\t\t\t\t\t\t\t\t\t\t\t\t\t\t\t\t<div class=\"date\">\n\t\t\t\t\t\t\t\t\t\t\t\t\t \t\t\t\t\t\t\t\t\t\t\t\t<\/div>\n\t\t\t\t\t\t\t\t\t\t\t\t\t\t\t\t\t\t\t\t\t\t<div class=\"timeline-content\">\n\t\t\t\t\t\t\t\t\t\t\t\t<h3 class=\"title\">Proces uklju\u010divanja\n<\/h3>\n\t\t\t\t\t\t\t\t\t\t\t\t<p class=\"desc\">Jedna od klju\u010dnih obveza \u0161efa je jam\u010diti nesmetanu koordinaciju novih predstavnika u udruzi To uklju\u010duje upoznavanje s kulturom, pristupima i metodologijom organizacije, kao i njihovim poslovima i obvezama. Davanjem smjernica, podr\u0161ke i mentorstva, \u0161efovi poma\u017eu novim regrutima da se osje\u0107aju pozvanima, cijenjenima i spremnima doprinijeti grupi. Sna\u017eno uklju\u010divanje ubrzava varijacijsku interakciju, kao i pobolj\u0161ava predanost i odr\u017eavanje radnika, \u0161to u kona\u010dnici doprinosi ukupnom ishodu udruge.\n<\/p>\n\t\t\t\t\t\t\t\t\t\t\t<\/div>\n\t\t\t\t\t\t\t\t\t\t<\/div>\n\t\t\t\t\t\t\t\t\t<\/div>\n\t\t\t\t\t\t\t\t<\/div>\n\t\t\t\t\t\t\t\t\t\t\t\t\t\t\t\t\t\t\t\t\t\t<div class=\"timeline-item timeline-item-right \">\n\t\t\t\t\t\t\t\t\t<div class=\"timeline-info\">\n\t\t\t\t\t\t\t\t\t\t<div class=\"content-info\" \n\t\t\t\t\t\t\t\t\t\tdata-animation='{\"animation\":\"\",\"duration\":\"\",\"delay\":\"\"}'>\n\n\t\t\t\t\t\t\t\t\t\t\t\t\t\t\t\t\t\t\t\t\t\t\t<div class=\"date\">\n\t\t\t\t\t\t\t\t\t\t\t\t\t \t\t\t\t\t\t\t\t\t\t\t\t<\/div>\n\t\t\t\t\t\t\t\t\t\t\t\n\t\t\t\t\t\t\t\t\t\t\t<div class=\"timeline-content\">\n\t\t\t\t\t\t\t\t\t\t\t\t<h3 class=\"title\">Odlazak<\/h3>\n\t\t\t\t\t\t\t\t\t\t\t\t<p class=\"desc\">U na\u0161oj udruzi vjerujemo da svakom pojedincu nudimo individualnu pa\u017enju koju zaslu\u017euje. Moramo se nositi s prosperitetom na\u0161ih konkurenata daju\u0107i prilago\u0111eni smjer u svakoj fazi njihove ekskurzije. Bilo da se radi o poticanju onoga \u0161to se kre\u0107e prema poduzimanju, predlaganju prigovora ili stavljanju u kontakt sa savr\u0161enim pojedincima, tu smo da jam\u010dimo da se na\u0161i nadolaze\u0107e osje\u0107aju podr\u017eano i sigurno. Uz na\u0161u predanu pomo\u0107, natjecatelji mogu istra\u017eiti svoje na\u010dine shva\u0107aju\u0107i da imaju pouzdanog partnera koji \u0107e dati smjer i podr\u0161ku u bilo kojem trenutku.\n<\/p>\n\t\t\t\t\t\t\t\t\t\t\t<\/div>\n\t\t\t\t\t\t\t\t\t\t<\/div>\n\t\t\t\t\t\t\t\t\t<\/div>\n\t\t\t\t\t\t\t\t\t<div class=\"timeline-image\">\n\t\t\t\t\t\t\t\t\t\t<img decoding=\"async\" src=\"https:\/\/bcmgroup.in\/wp-content\/uploads\/2024\/03\/SERVICE-POST-DEPARTURE.jpg\" alt=\"\">\n\t\t\t\t\t\t\t\t\t<\/div>\n\t\t\t\t\t\t\t\t<\/div>\n\t\t\t\t\t\t\t\t\t\t\t<\/div>\n\t\t\t\t\n\t\t\t<\/div>\n\t\t<\/div>\n\t\t \t\n\t\t\t\t\t\t<\/div>\n\t\t\t\t<\/div>\n\t\t\t\t\t<\/div>\n\t\t\t\t<\/div>\n\t\t\t\t<\/div>\n\t\t","protected":false},"excerpt":{"rendered":"<p>ZAPOSLJAVANJE U INOZEMSTVU Zakazivanje intervjua Ovaj proces je rije\u0161en i tvrtka je oslobo\u0111ena nepotrebnih e-poruka naprijed-natrag. Ne samo da \u0107e pomo\u0107i ubrzati proces zapo\u0161ljavanja, ve\u0107 \u0107e tako\u0111er omogu\u0107iti zakazivanje intervjua u najbolje vrijeme i za kandidate i za menad\u017eere za zapo\u0161ljavanje. Intervjui se vode korak po koraku \u0161to nam daje razinu kompetencija kandidata u sljede\u0107em [&hellip;]<\/p>\n","protected":false},"author":1,"featured_media":0,"parent":0,"menu_order":0,"comment_status":"closed","ping_status":"closed","template":"elementor_header_footer","meta":{"googlesitekit_rrm_CAowi469DA:productID":"","footnotes":""},"class_list":["post-73660","page","type-page","status-publish","hentry"],"_links":{"self":[{"href":"https:\/\/bcmgroup.in\/hr\/wp-json\/wp\/v2\/pages\/73660","targetHints":{"allow":["GET"]}}],"collection":[{"href":"https:\/\/bcmgroup.in\/hr\/wp-json\/wp\/v2\/pages"}],"about":[{"href":"https:\/\/bcmgroup.in\/hr\/wp-json\/wp\/v2\/types\/page"}],"author":[{"embeddable":true,"href":"https:\/\/bcmgroup.in\/hr\/wp-json\/wp\/v2\/users\/1"}],"replies":[{"embeddable":true,"href":"https:\/\/bcmgroup.in\/hr\/wp-json\/wp\/v2\/comments?post=73660"}],"version-history":[{"count":8,"href":"https:\/\/bcmgroup.in\/hr\/wp-json\/wp\/v2\/pages\/73660\/revisions"}],"predecessor-version":[{"id":95315,"href":"https:\/\/bcmgroup.in\/hr\/wp-json\/wp\/v2\/pages\/73660\/revisions\/95315"}],"wp:attachment":[{"href":"https:\/\/bcmgroup.in\/hr\/wp-json\/wp\/v2\/media?parent=73660"}],"curies":[{"name":"wp","href":"https:\/\/api.w.org\/{rel}","templated":true}]}}