{"id":66567,"date":"2023-06-07T01:47:42","date_gmt":"2023-06-07T01:47:42","guid":{"rendered":"https:\/\/bcmgroup.in\/dobro-dosli-u-politiku-privatnosti-bcm-group\/"},"modified":"2025-12-02T09:09:22","modified_gmt":"2025-12-02T09:09:22","slug":"dobro-dosli-u-politiku-privatnosti-bcm-group","status":"publish","type":"page","link":"https:\/\/bcmgroup.in\/hr\/dobro-dosli-u-politiku-privatnosti-bcm-group\/","title":{"rendered":"Dobro do\u0161li u Politiku privatnosti BCM Group:"},"content":{"rendered":"\t\t<div data-elementor-type=\"wp-page\" data-elementor-id=\"66567\" class=\"elementor elementor-66567 elementor-17128\" data-elementor-post-type=\"page\">\n\t\t\t\t<div class=\"elementor-element elementor-element-5c5aeba e-flex e-con-boxed e-con e-parent\" data-id=\"5c5aeba\" data-element_type=\"container\">\n\t\t\t\t\t<div class=\"e-con-inner\">\n\t\t\t\t<div class=\"elementor-element elementor-element-7e0fc3a elementor-widget elementor-widget-heading\" data-id=\"7e0fc3a\" data-element_type=\"widget\" data-widget_type=\"heading.default\">\n\t\t\t\t<div class=\"elementor-widget-container\">\n\t\t\t\t\t<h1 class=\"elementor-heading-title elementor-size-default\">Dobro do\u0161li u Politiku privatnosti BCM Group:<\/h1>\t\t\t\t<\/div>\n\t\t\t\t<\/div>\n\t\t\t\t\t<\/div>\n\t\t\t\t<\/div>\n\t\t<div class=\"elementor-element elementor-element-d06e9d0 e-flex e-con-boxed e-con e-parent\" data-id=\"d06e9d0\" data-element_type=\"container\">\n\t\t\t\t\t<div class=\"e-con-inner\">\n\t\t\t\t<div class=\"elementor-element elementor-element-5688ea0 elementor-widget elementor-widget-text-editor\" data-id=\"5688ea0\" data-element_type=\"widget\" data-widget_type=\"text-editor.default\">\n\t\t\t\t<div class=\"elementor-widget-container\">\n\t\t\t\t\t\t\t\t\t<p>U BCM Groupu predani smo za\u0161titi va\u0161e privatnosti i osiguravamo da se s va\u0161im osobnim podacima postupa odgovorno. Ova Pravila o privatnosti opisuju kako prikupljamo, koristimo, otkrivamo i \u0161titimo va\u0161e podatke kada posjetite na\u0161u web stranicu ili komunicirate s nama putem aktivnosti digitalnog marketinga.<\/p>\t\t\t\t\t\t\t\t<\/div>\n\t\t\t\t<\/div>\n\t\t\t\t\t<\/div>\n\t\t\t\t<\/div>\n\t\t<div class=\"elementor-element elementor-element-6cd890a e-flex e-con-boxed e-con e-parent\" data-id=\"6cd890a\" data-element_type=\"container\">\n\t\t\t\t\t<div class=\"e-con-inner\">\n\t\t\t\t<div class=\"elementor-element elementor-element-a77a9a7 elementor-widget elementor-widget-heading\" data-id=\"a77a9a7\" data-element_type=\"widget\" data-widget_type=\"heading.default\">\n\t\t\t\t<div class=\"elementor-widget-container\">\n\t\t\t\t\t<h2 class=\"elementor-heading-title elementor-size-default\">1. Podaci koje prikupljamo\n<\/h2>\t\t\t\t<\/div>\n\t\t\t\t<\/div>\n\t\t\t\t\t<\/div>\n\t\t\t\t<\/div>\n\t\t<div class=\"elementor-element elementor-element-cc84462 e-flex e-con-boxed e-con e-parent\" data-id=\"cc84462\" data-element_type=\"container\">\n\t\t\t\t\t<div class=\"e-con-inner\">\n\t\t\t\t<div class=\"elementor-element elementor-element-1b4a1d8 elementor-widget elementor-widget-text-editor\" data-id=\"1b4a1d8\" data-element_type=\"widget\" data-widget_type=\"text-editor.default\">\n\t\t\t\t<div class=\"elementor-widget-container\">\n\t\t\t\t\t\t\t\t\t<ul>\n<li><strong>Osobni podaci: <\/strong>Kada posjetite na\u0161u web stranicu ili sudjelujete u na\u0161im digitalnim marketin\u0161kim aktivnostima, mo\u017eemo prikupljati osobne podatke poput va\u0161eg imena, adrese e-po\u0161te, telefonskog broja i bilo kojih drugih podataka koje dobrovoljno dajete.<\/li>\n<li><strong>Podaci o kori\u0161tenju:<\/strong>\u00a0Mo\u017eemo prikupljati podatke o va\u0161em pona\u0161anju prilikom pregledavanja na\u0161e web stranice, uklju\u010duju\u0107i stranice koje posje\u0107ujete, poveznice na koje kliknete i druge radnje koje poduzimate.<\/li>\n<li><strong>Podaci o ure\u0111aju: <\/strong>Mo\u017eemo prikupljati podatke o ure\u0111aju koji koristite za pristup na\u0161oj web stranici ili interakciju s na\u0161im aktivnostima digitalnog marketinga, kao \u0161to su va\u0161a IP adresa, vrsta preglednika i operativni sustav.<\/li>\n<\/ul>\t\t\t\t\t\t\t\t<\/div>\n\t\t\t\t<\/div>\n\t\t\t\t\t<\/div>\n\t\t\t\t<\/div>\n\t\t<div class=\"elementor-element elementor-element-f14430c e-flex e-con-boxed e-con e-parent\" data-id=\"f14430c\" data-element_type=\"container\">\n\t\t\t\t\t<div class=\"e-con-inner\">\n\t\t\t\t<div class=\"elementor-element elementor-element-1390365 elementor-widget elementor-widget-heading\" data-id=\"1390365\" data-element_type=\"widget\" data-widget_type=\"heading.default\">\n\t\t\t\t<div class=\"elementor-widget-container\">\n\t\t\t\t\t<h2 class=\"elementor-heading-title elementor-size-default\">2. Kako koristimo va\u0161e podatke\n<\/h2>\t\t\t\t<\/div>\n\t\t\t\t<\/div>\n\t\t\t\t\t<\/div>\n\t\t\t\t<\/div>\n\t\t<div class=\"elementor-element elementor-element-488373f e-flex e-con-boxed e-con e-parent\" data-id=\"488373f\" data-element_type=\"container\">\n\t\t\t\t\t<div class=\"e-con-inner\">\n\t\t\t\t<div class=\"elementor-element elementor-element-22d1f12 elementor-widget elementor-widget-text-editor\" data-id=\"22d1f12\" data-element_type=\"widget\" data-widget_type=\"text-editor.default\">\n\t\t\t\t<div class=\"elementor-widget-container\">\n\t\t\t\t\t\t\t\t\t<ul>\n<li><strong>Za pru\u017eanje usluga:<\/strong>\u00a0Va\u0161e osobne podatke mo\u017eemo koristiti kako bismo vam pru\u017eili usluge koje zatra\u017eite, kao \u0161to su odgovaranje na va\u0161e upite ili obrada va\u0161ih prijava za posao.<\/li>\n<li><strong>Za pobolj\u0161anje na\u0161ih usluga:<\/strong>\u00a0Prikupljene informacije mo\u017eemo koristiti za analizu trendova, pra\u0107enje interakcija korisnika i pobolj\u0161anje kvalitete na\u0161e web stranice i usluga.<\/li>\n<li><strong>Marketing i komunikacije:<\/strong>\u00a0Uz va\u0161 pristanak, mo\u017eemo koristiti va\u0161e kontaktne podatke kako bismo vam slali promotivne materijale, biltene ili druge komunikacije o na\u0161im uslugama ili nadolaze\u0107im doga\u0111ajima.<\/li>\n<\/ul>\t\t\t\t\t\t\t\t<\/div>\n\t\t\t\t<\/div>\n\t\t\t\t\t<\/div>\n\t\t\t\t<\/div>\n\t\t<div class=\"elementor-element elementor-element-223fcae e-flex e-con-boxed e-con e-parent\" data-id=\"223fcae\" data-element_type=\"container\">\n\t\t\t\t\t<div class=\"e-con-inner\">\n\t\t\t\t<div class=\"elementor-element elementor-element-e636a47 elementor-widget elementor-widget-heading\" data-id=\"e636a47\" data-element_type=\"widget\" data-widget_type=\"heading.default\">\n\t\t\t\t<div class=\"elementor-widget-container\">\n\t\t\t\t\t<h2 class=\"elementor-heading-title elementor-size-default\">3. Dijeljenje i otkrivanje podataka\n<\/h2>\t\t\t\t<\/div>\n\t\t\t\t<\/div>\n\t\t\t\t\t<\/div>\n\t\t\t\t<\/div>\n\t\t<div class=\"elementor-element elementor-element-bf0496d e-flex e-con-boxed e-con e-parent\" data-id=\"bf0496d\" data-element_type=\"container\">\n\t\t\t\t\t<div class=\"e-con-inner\">\n\t\t\t\t<div class=\"elementor-element elementor-element-a112ff3 elementor-widget elementor-widget-text-editor\" data-id=\"a112ff3\" data-element_type=\"widget\" data-widget_type=\"text-editor.default\">\n\t\t\t\t<div class=\"elementor-widget-container\">\n\t\t\t\t\t\t\t\t\t<ul>\n<li><strong>Pru\u017eatelji usluga tre\u0107ih strana:<\/strong>\u00a0Va\u0161e podatke mo\u017eemo podijeliti s pru\u017eateljima usluga tre\u0107ih strana koji nam poma\u017eu u radu na\u0161e web stranice, poslovanju ili pru\u017eanju usluga vama. Ovi pru\u017eatelji usluga ugovorno su obvezni koristiti va\u0161e podatke samo ako je potrebno za pru\u017eanje usluga koje tra\u017eimo.<\/li>\n<li><strong>Pravna uskla\u0111enost: <\/strong>Mo\u017eemo otkriti va\u0161e podatke kada to zahtijeva zakon ili kao odgovor na valjane pravne zahtjeve, kao \u0161to su sudski pozivi ili sudski nalozi.<\/li>\n<\/ul>\t\t\t\t\t\t\t\t<\/div>\n\t\t\t\t<\/div>\n\t\t\t\t\t<\/div>\n\t\t\t\t<\/div>\n\t\t<div class=\"elementor-element elementor-element-0d807a4 e-flex e-con-boxed e-con e-parent\" data-id=\"0d807a4\" data-element_type=\"container\">\n\t\t\t\t\t<div class=\"e-con-inner\">\n\t\t\t\t<div class=\"elementor-element elementor-element-e45a8bf elementor-widget elementor-widget-heading\" data-id=\"e45a8bf\" data-element_type=\"widget\" data-widget_type=\"heading.default\">\n\t\t\t\t<div class=\"elementor-widget-container\">\n\t\t\t\t\t<h2 class=\"elementor-heading-title elementor-size-default\">4. Sigurnost podataka<\/h2>\t\t\t\t<\/div>\n\t\t\t\t<\/div>\n\t\t\t\t\t<\/div>\n\t\t\t\t<\/div>\n\t\t<div class=\"elementor-element elementor-element-1117d1c e-flex e-con-boxed e-con e-parent\" data-id=\"1117d1c\" data-element_type=\"container\">\n\t\t\t\t\t<div class=\"e-con-inner\">\n\t\t\t\t<div class=\"elementor-element elementor-element-d8b10f7 elementor-widget elementor-widget-text-editor\" data-id=\"d8b10f7\" data-element_type=\"widget\" data-widget_type=\"text-editor.default\">\n\t\t\t\t<div class=\"elementor-widget-container\">\n\t\t\t\t\t\t\t\t\t<p>Me\u0111utim, nijedna metoda prijenosa putem interneta ili elektroni\u010dke pohrane nije 100% sigurna i ne mo\u017eemo jam\u010diti apsolutnu sigurnost.<\/p>\t\t\t\t\t\t\t\t<\/div>\n\t\t\t\t<\/div>\n\t\t\t\t\t<\/div>\n\t\t\t\t<\/div>\n\t\t<div class=\"elementor-element elementor-element-8f48878 e-flex e-con-boxed e-con e-parent\" data-id=\"8f48878\" data-element_type=\"container\">\n\t\t\t\t\t<div class=\"e-con-inner\">\n\t\t\t\t<div class=\"elementor-element elementor-element-3457100 elementor-widget elementor-widget-heading\" data-id=\"3457100\" data-element_type=\"widget\" data-widget_type=\"heading.default\">\n\t\t\t\t<div class=\"elementor-widget-container\">\n\t\t\t\t\t<h2 class=\"elementor-heading-title elementor-size-default\">5. Va\u0161a prava\n<\/h2>\t\t\t\t<\/div>\n\t\t\t\t<\/div>\n\t\t\t\t\t<\/div>\n\t\t\t\t<\/div>\n\t\t<div class=\"elementor-element elementor-element-61bc81d e-flex e-con-boxed e-con e-parent\" data-id=\"61bc81d\" data-element_type=\"container\">\n\t\t\t\t\t<div class=\"e-con-inner\">\n\t\t\t\t<div class=\"elementor-element elementor-element-930627a elementor-widget elementor-widget-text-editor\" data-id=\"930627a\" data-element_type=\"widget\" data-widget_type=\"text-editor.default\">\n\t\t\t\t<div class=\"elementor-widget-container\">\n\t\t\t\t\t\t\t\t\t<ul>\n<li><strong>Pristup i ispravak:<\/strong>\u00a0Imate pravo pristupiti i ispraviti sve osobne podatke koje imamo o vama. Tako\u0111er mo\u017eete zatra\u017eiti da obri\u0161emo va\u0161e osobne podatke, uz odre\u0111ene iznimke.<\/li>\n<li><strong>Marketin\u0161ke postavke:<\/strong>\u00a0Imate pravo u bilo kojem trenutku odustati od primanja marketin\u0161kih komunikacija od nas. To mo\u017eete u\u010diniti slijede\u0107i upute za otkazivanje pretplate uklju\u010dene u na\u0161e e-poruke ili nas kontaktirate izravno.<\/li>\n<\/ul>\t\t\t\t\t\t\t\t<\/div>\n\t\t\t\t<\/div>\n\t\t\t\t\t<\/div>\n\t\t\t\t<\/div>\n\t\t<div class=\"elementor-element elementor-element-556ab8b e-flex e-con-boxed e-con e-parent\" data-id=\"556ab8b\" data-element_type=\"container\">\n\t\t\t\t\t<div class=\"e-con-inner\">\n\t\t\t\t<div class=\"elementor-element elementor-element-f2f9e80 elementor-widget elementor-widget-heading\" data-id=\"f2f9e80\" data-element_type=\"widget\" data-widget_type=\"heading.default\">\n\t\t\t\t<div class=\"elementor-widget-container\">\n\t\t\t\t\t<h2 class=\"elementor-heading-title elementor-size-default\">6. Promjene ove Politike privatnosti\n<\/h2>\t\t\t\t<\/div>\n\t\t\t\t<\/div>\n\t\t\t\t\t<\/div>\n\t\t\t\t<\/div>\n\t\t<div class=\"elementor-element elementor-element-776c2e4 e-flex e-con-boxed e-con e-parent\" data-id=\"776c2e4\" data-element_type=\"container\">\n\t\t\t\t\t<div class=\"e-con-inner\">\n\t\t\t\t<div class=\"elementor-element elementor-element-9ba5c25 elementor-widget elementor-widget-text-editor\" data-id=\"9ba5c25\" data-element_type=\"widget\" data-widget_type=\"text-editor.default\">\n\t\t\t\t<div class=\"elementor-widget-container\">\n\t\t\t\t\t\t\t\t\t<p>S vremena na vrijeme mo\u017eemo a\u017eurirati ovu Politiku privatnosti kako bismo odra\u017eavali promjene u na\u0161im praksama ili pravnim zahtjevima. Obavijestit \u0107emo vas o svim materijalnim promjenama objavljivanjem a\u017eurirane politike na na\u0161oj web stranici ili izravnim kontaktom s vama.<\/p>\t\t\t\t\t\t\t\t<\/div>\n\t\t\t\t<\/div>\n\t\t\t\t\t<\/div>\n\t\t\t\t<\/div>\n\t\t<div class=\"elementor-element elementor-element-54ea51a e-flex e-con-boxed e-con e-parent\" data-id=\"54ea51a\" data-element_type=\"container\">\n\t\t\t\t\t<div class=\"e-con-inner\">\n\t\t\t\t<div class=\"elementor-element elementor-element-68f81f5 elementor-widget elementor-widget-heading\" data-id=\"68f81f5\" data-element_type=\"widget\" data-widget_type=\"heading.default\">\n\t\t\t\t<div class=\"elementor-widget-container\">\n\t\t\t\t\t<h2 class=\"elementor-heading-title elementor-size-default\"><a href=\"https:\/\/bcmgroup.in\/hr\/kontakt\/\">7. Kontaktirajte nas\n<\/a><\/h2>\t\t\t\t<\/div>\n\t\t\t\t<\/div>\n\t\t\t\t\t<\/div>\n\t\t\t\t<\/div>\n\t\t<div class=\"elementor-element elementor-element-3f4195e e-flex e-con-boxed e-con e-parent\" data-id=\"3f4195e\" data-element_type=\"container\">\n\t\t\t\t\t<div class=\"e-con-inner\">\n\t\t\t\t<div class=\"elementor-element elementor-element-4d9fd3f elementor-widget elementor-widget-text-editor\" data-id=\"4d9fd3f\" data-element_type=\"widget\" data-widget_type=\"text-editor.default\">\n\t\t\t\t<div class=\"elementor-widget-container\">\n\t\t\t\t\t\t\t\t\t<p>Ako imate bilo kakvih pitanja ili nedoumica u vezi s ovom Politikom privatnosti ili na\u0161im postupcima s podacima, obratite nam se na: <a href=\"mailto:info@bcmgroup.in\" target=\"_blank\" rel=\"noreferrer noopener\">info@bcmgroup.in<br \/><\/a>Kori\u0161tenjem na\u0161e web stranice ili interakcijom s na\u0161im aktivnostima digitalnog marketinga pristajete na uvjete ove Politike privatnosti.<\/p>\t\t\t\t\t\t\t\t<\/div>\n\t\t\t\t<\/div>\n\t\t\t\t\t<\/div>\n\t\t\t\t<\/div>\n\t\t\t\t<\/div>\n\t\t","protected":false},"excerpt":{"rendered":"<p>Dobro do\u0161li u Politiku privatnosti BCM Group: U BCM Groupu predani smo za\u0161titi va\u0161e privatnosti i osiguravamo da se s va\u0161im osobnim podacima postupa odgovorno. Ova Pravila o privatnosti opisuju kako prikupljamo, koristimo, otkrivamo i \u0161titimo va\u0161e podatke kada posjetite na\u0161u web stranicu ili komunicirate s nama putem aktivnosti digitalnog marketinga. 1. Podaci koje prikupljamo [&hellip;]<\/p>\n","protected":false},"author":1,"featured_media":0,"parent":0,"menu_order":0,"comment_status":"closed","ping_status":"open","template":"elementor_header_footer","meta":{"googlesitekit_rrm_CAowi469DA:productID":"","footnotes":""},"class_list":["post-66567","page","type-page","status-publish","hentry"],"_links":{"self":[{"href":"https:\/\/bcmgroup.in\/hr\/wp-json\/wp\/v2\/pages\/66567","targetHints":{"allow":["GET"]}}],"collection":[{"href":"https:\/\/bcmgroup.in\/hr\/wp-json\/wp\/v2\/pages"}],"about":[{"href":"https:\/\/bcmgroup.in\/hr\/wp-json\/wp\/v2\/types\/page"}],"author":[{"embeddable":true,"href":"https:\/\/bcmgroup.in\/hr\/wp-json\/wp\/v2\/users\/1"}],"replies":[{"embeddable":true,"href":"https:\/\/bcmgroup.in\/hr\/wp-json\/wp\/v2\/comments?post=66567"}],"version-history":[{"count":10,"href":"https:\/\/bcmgroup.in\/hr\/wp-json\/wp\/v2\/pages\/66567\/revisions"}],"predecessor-version":[{"id":117227,"href":"https:\/\/bcmgroup.in\/hr\/wp-json\/wp\/v2\/pages\/66567\/revisions\/117227"}],"wp:attachment":[{"href":"https:\/\/bcmgroup.in\/hr\/wp-json\/wp\/v2\/media?parent=66567"}],"curies":[{"name":"wp","href":"https:\/\/api.w.org\/{rel}","templated":true}]}}