{"id":142283,"date":"2026-02-23T07:52:43","date_gmt":"2026-02-23T07:52:43","guid":{"rendered":"https:\/\/bcmgroup.in\/?page_id=142283"},"modified":"2026-03-20T13:46:07","modified_gmt":"2026-03-20T13:46:07","slug":"bcm-blogovi","status":"publish","type":"page","link":"https:\/\/bcmgroup.in\/hr\/bcm-blogovi\/","title":{"rendered":"BCM Blogovi"},"content":{"rendered":"\t\t<div data-elementor-type=\"wp-page\" data-elementor-id=\"142283\" class=\"elementor elementor-142283\" data-elementor-post-type=\"page\">\n\t\t\t\t<div class=\"elementor-element elementor-element-ad38e28 e-flex e-con-boxed e-con e-parent\" data-id=\"ad38e28\" data-element_type=\"container\">\n\t\t\t\t\t<div class=\"e-con-inner\">\n\t\t<div class=\"elementor-element elementor-element-421ef5f e-con-full e-flex e-con e-child\" data-id=\"421ef5f\" data-element_type=\"container\">\n\t\t\t\t<div class=\"elementor-element elementor-element-a64d4be elementor-widget elementor-widget-image\" data-id=\"a64d4be\" data-element_type=\"widget\" data-widget_type=\"image.default\">\n\t\t\t\t<div class=\"elementor-widget-container\">\n\t\t\t\t\t\t\t\t\t\t\t\t\t\t\t<img fetchpriority=\"high\" decoding=\"async\" width=\"1620\" height=\"325\" src=\"https:\/\/bcmgroup.in\/wp-content\/uploads\/2026\/02\/SUBMIT-YOUR-CV-9-1.webp\" class=\"attachment-full size-full wp-image-142287\" alt=\"Loty\u0161sko\" srcset=\"https:\/\/bcmgroup.in\/wp-content\/uploads\/2026\/02\/SUBMIT-YOUR-CV-9-1.webp 1620w, https:\/\/bcmgroup.in\/wp-content\/uploads\/2026\/02\/SUBMIT-YOUR-CV-9-1-300x60.webp 300w, https:\/\/bcmgroup.in\/wp-content\/uploads\/2026\/02\/SUBMIT-YOUR-CV-9-1-1024x205.webp 1024w, https:\/\/bcmgroup.in\/wp-content\/uploads\/2026\/02\/SUBMIT-YOUR-CV-9-1-768x154.webp 768w, https:\/\/bcmgroup.in\/wp-content\/uploads\/2026\/02\/SUBMIT-YOUR-CV-9-1-1536x308.webp 1536w\" sizes=\"(max-width: 1620px) 100vw, 1620px\" \/>\t\t\t\t\t\t\t\t\t\t\t\t\t\t\t<\/div>\n\t\t\t\t<\/div>\n\t\t\t\t<\/div>\n\t\t\t\t\t<\/div>\n\t\t\t\t<\/div>\n\t\t<div class=\"elementor-element elementor-element-edaac55 e-flex e-con-boxed e-con e-parent\" data-id=\"edaac55\" data-element_type=\"container\">\n\t\t\t\t\t<div class=\"e-con-inner\">\n\t\t<div class=\"elementor-element elementor-element-4eed7a8 e-con-full e-flex e-con e-child\" data-id=\"4eed7a8\" data-element_type=\"container\">\n\t\t<div class=\"elementor-element elementor-element-e52ee1a e-con-full e-flex e-con e-child\" data-id=\"e52ee1a\" data-element_type=\"container\">\n\t\t\t\t<div class=\"elementor-element elementor-element-7ef2319 elementor-widget elementor-widget-shortcode\" data-id=\"7ef2319\" data-element_type=\"widget\" data-widget_type=\"shortcode.default\">\n\t\t\t\t<div class=\"elementor-widget-container\">\n\t\t\t\t\t\t\t<div class=\"elementor-shortcode\"><div id=\"bdpp-post-list-1\" class=\"bdpp-wrap bdpp-lite bdpp-post-list-wrap bdpp-post-data-wrap bdpp-design-1 bdpp-layout-136712 bdpp-clearfix\">\r\n\t<div class=\"bdpp-post-list-inr-wrap bdpp-post-data-inr-wrap bdpp-clearfix\"><div class=\"bdpp-post-list-main bdpp-post-150352 bdpp-post-standard bdpp-has-thumb\">\r\n\t<div class=\"bdpp-post-list-content bdpp-clearfix\">\r\n\t\t\t\t<div class=\"bdpp-post-list-left bdpp-col-2 bdpp-columns\">\r\n\t\t\t<div class=\"bdpp-post-img-bg\">\r\n\t\t\t\t<a href=\"https:\/\/bcmgroup.in\/hr\/blogov\/otkaz-ugovora-o-radu\/\">\r\n\t\t\t\t\t<img decoding=\"async\" src=\"https:\/\/bcmgroup.in\/wp-content\/uploads\/2026\/03\/Expert-Legal-Services-55.webp\" class=\"bdpp-img bdpp-post-feat-img\" alt=\"Otkaz ugovora o radu: Detaljan vodi\u010d prema Zakonu o radu (2026)\" \/>\r\n\t\t\t\t\t\t\t\t\t<\/a>\r\n\t\t\t<\/div>\r\n\t\t<\/div>\r\n\t\t\r\n\t\t<div class=\"bdpp-post-list-right bdpp-col-2 bdpp-columns\">\r\n\t\t\t\r\n\t\t\t<h2 class=\"bdpp-post-title\">\r\n\t\t\t\t<a href=\"https:\/\/bcmgroup.in\/hr\/blogov\/otkaz-ugovora-o-radu\/\">Otkaz ugovora o radu: Detaljan vodi\u010d prema Zakonu o radu (2026)<\/a>\r\n\t\t\t<\/h2>\r\n\r\n\t\t\t\t\t\t<div class=\"bdpp-post-meta bdpp-post-meta-up\">\r\n\t\t\t\t\t\t\t<\/div>\r\n\t\t\t\t\t\t<div class=\"bdpp-post-content\">\r\n\t\t\t\t<div class=\"bdpp-post-desc\">Otkaz ugovora o radu: Detaljan vodi\u010d prema Zakonu o radu (2026) Otkaz ugovora o radu jedan je od najva\u017enijih pravnih mehanizama u radnom zakonodavstvu kojim dolazi do prestanka radnog odnosa izme\u0111u...<\/div>\r\n\t\t\t\t\t\t\t\t\t<a href=\"https:\/\/bcmgroup.in\/hr\/blogov\/otkaz-ugovora-o-radu\/\" class=\"bdpp-rdmr-btn\">\u010c\u00edta\u0165 \u010falej<\/a>\r\n\t\t\t\t\t\t\t<\/div>\r\n\t\t\t\t\t<\/div>\r\n\t<\/div>\r\n<\/div><div class=\"bdpp-post-list-main bdpp-post-149642 bdpp-post-standard bdpp-has-thumb\">\r\n\t<div class=\"bdpp-post-list-content bdpp-clearfix\">\r\n\t\t\t\t<div class=\"bdpp-post-list-left bdpp-col-2 bdpp-columns\">\r\n\t\t\t<div class=\"bdpp-post-img-bg\">\r\n\t\t\t\t<a href=\"https:\/\/bcmgroup.in\/hr\/blogov\/prijava-stranih-radnika\/\">\r\n\t\t\t\t\t<img decoding=\"async\" src=\"https:\/\/bcmgroup.in\/wp-content\/uploads\/2026\/03\/Expert-Legal-Services-43.webp\" class=\"bdpp-img bdpp-post-feat-img\" alt=\"Prijava stranih radnika u Hrvatskoj: Potpuni vodi\u010d za poslodavce i HR menad\u017eere\" \/>\r\n\t\t\t\t\t\t\t\t\t<\/a>\r\n\t\t\t<\/div>\r\n\t\t<\/div>\r\n\t\t\r\n\t\t<div class=\"bdpp-post-list-right bdpp-col-2 bdpp-columns\">\r\n\t\t\t\r\n\t\t\t<h2 class=\"bdpp-post-title\">\r\n\t\t\t\t<a href=\"https:\/\/bcmgroup.in\/hr\/blogov\/prijava-stranih-radnika\/\">Prijava stranih radnika u Hrvatskoj: Potpuni vodi\u010d za poslodavce i HR menad\u017eere<\/a>\r\n\t\t\t<\/h2>\r\n\r\n\t\t\t\t\t\t<div class=\"bdpp-post-meta bdpp-post-meta-up\">\r\n\t\t\t\t\t\t\t<\/div>\r\n\t\t\t\t\t\t<div class=\"bdpp-post-content\">\r\n\t\t\t\t<div class=\"bdpp-post-desc\">Prijava stranih radnika u Hrvatskoj: Potpuni vodi\u010d za poslodavce i HR menad\u017eere Hrvatski radni tr\u034f\u017ei\u0161te u poslednjim godinama prolaz\u034fi kroz va\u017ene promene. \u034fSve vi\u0161e firma se susre\u0107e s manjkom st\u034fru\u010dnih radn\u034fika...<\/div>\r\n\t\t\t\t\t\t\t\t\t<a href=\"https:\/\/bcmgroup.in\/hr\/blogov\/prijava-stranih-radnika\/\" class=\"bdpp-rdmr-btn\">\u010c\u00edta\u0165 \u010falej<\/a>\r\n\t\t\t\t\t\t\t<\/div>\r\n\t\t\t\t\t<\/div>\r\n\t<\/div>\r\n<\/div><div class=\"bdpp-post-list-main bdpp-post-149432 bdpp-post-standard bdpp-has-thumb\">\r\n\t<div class=\"bdpp-post-list-content bdpp-clearfix\">\r\n\t\t\t\t<div class=\"bdpp-post-list-left bdpp-col-2 bdpp-columns\">\r\n\t\t\t<div class=\"bdpp-post-img-bg\">\r\n\t\t\t\t<a href=\"https:\/\/bcmgroup.in\/hr\/blogov\/onboarding\/\">\r\n\t\t\t\t\t<img decoding=\"async\" src=\"https:\/\/bcmgroup.in\/wp-content\/uploads\/2026\/03\/Expert-Legal-Services-42-1.webp\" class=\"bdpp-img bdpp-post-feat-img\" alt=\"Onboarding zaposlenika u Hrvatskoj: kako poslodavci mogu uspje\u0161no integrirati nove radnike\" \/>\r\n\t\t\t\t\t\t\t\t\t<\/a>\r\n\t\t\t<\/div>\r\n\t\t<\/div>\r\n\t\t\r\n\t\t<div class=\"bdpp-post-list-right bdpp-col-2 bdpp-columns\">\r\n\t\t\t\r\n\t\t\t<h2 class=\"bdpp-post-title\">\r\n\t\t\t\t<a href=\"https:\/\/bcmgroup.in\/hr\/blogov\/onboarding\/\">Onboarding zaposlenika u Hrvatskoj: kako poslodavci mogu uspje\u0161no integrirati nove radnike<\/a>\r\n\t\t\t<\/h2>\r\n\r\n\t\t\t\t\t\t<div class=\"bdpp-post-meta bdpp-post-meta-up\">\r\n\t\t\t\t\t\t\t<\/div>\r\n\t\t\t\t\t\t<div class=\"bdpp-post-content\">\r\n\t\t\t\t<div class=\"bdpp-post-desc\">Onboarding zaposlenika u Hrvatskoj: kako poslodavci mogu uspje\u0161no integrirati nove radnike U suvremenom poslovnom okru\u017eenju Hrvatske, pronala\u017eenje dobrih radnika posta\u034fje sve ve\u0107i problem za firme.Me\u0111utim, na\u0107i kandidate je samo prvi korak....<\/div>\r\n\t\t\t\t\t\t\t\t\t<a href=\"https:\/\/bcmgroup.in\/hr\/blogov\/onboarding\/\" class=\"bdpp-rdmr-btn\">\u010c\u00edta\u0165 \u010falej<\/a>\r\n\t\t\t\t\t\t\t<\/div>\r\n\t\t\t\t\t<\/div>\r\n\t<\/div>\r\n<\/div><div class=\"bdpp-post-list-main bdpp-post-128276 bdpp-post-standard bdpp-has-thumb\">\r\n\t<div class=\"bdpp-post-list-content bdpp-clearfix\">\r\n\t\t\t\t<div class=\"bdpp-post-list-left bdpp-col-2 bdpp-columns\">\r\n\t\t\t<div class=\"bdpp-post-img-bg\">\r\n\t\t\t\t<a href=\"https:\/\/bcmgroup.in\/hr\/blogov\/otkaz-ugovora-o-radu-od-strane-radnika\/\">\r\n\t\t\t\t\t<img decoding=\"async\" src=\"https:\/\/bcmgroup.in\/wp-content\/uploads\/2026\/01\/Expert-Legal-Services-12.webp\" class=\"bdpp-img bdpp-post-feat-img\" alt=\"Redoviti otkaz ugovora o radu od strane radnika \u2013 potpuni vodi\u010d za 2026.\" \/>\r\n\t\t\t\t\t\t\t\t\t<\/a>\r\n\t\t\t<\/div>\r\n\t\t<\/div>\r\n\t\t\r\n\t\t<div class=\"bdpp-post-list-right bdpp-col-2 bdpp-columns\">\r\n\t\t\t\r\n\t\t\t<h2 class=\"bdpp-post-title\">\r\n\t\t\t\t<a href=\"https:\/\/bcmgroup.in\/hr\/blogov\/otkaz-ugovora-o-radu-od-strane-radnika\/\">Redoviti otkaz ugovora o radu od strane radnika \u2013 potpuni vodi\u010d za 2026.<\/a>\r\n\t\t\t<\/h2>\r\n\r\n\t\t\t\t\t\t<div class=\"bdpp-post-meta bdpp-post-meta-up\">\r\n\t\t\t\t\t\t\t<\/div>\r\n\t\t\t\t\t\t<div class=\"bdpp-post-content\">\r\n\t\t\t\t<div class=\"bdpp-post-desc\">Otkaz ugovora o radu od strane radnika\u200b \u2013 potpuni vodi\u010d za 2026. redoviti otkaz ugovora o radu od strane radnika jedna j od naj\u010de\u0161\u0107e postvljanih tema u hrvatskom radnom pravu. U...<\/div>\r\n\t\t\t\t\t\t\t\t\t<a href=\"https:\/\/bcmgroup.in\/hr\/blogov\/otkaz-ugovora-o-radu-od-strane-radnika\/\" class=\"bdpp-rdmr-btn\">\u010c\u00edta\u0165 \u010falej<\/a>\r\n\t\t\t\t\t\t\t<\/div>\r\n\t\t\t\t\t<\/div>\r\n\t<\/div>\r\n<\/div><div class=\"bdpp-post-list-main bdpp-post-128244 bdpp-post-standard bdpp-has-thumb\">\r\n\t<div class=\"bdpp-post-list-content bdpp-clearfix\">\r\n\t\t\t\t<div class=\"bdpp-post-list-left bdpp-col-2 bdpp-columns\">\r\n\t\t\t<div class=\"bdpp-post-img-bg\">\r\n\t\t\t\t<a href=\"https:\/\/bcmgroup.in\/hr\/blogov\/ozljeda-na-radu\/\">\r\n\t\t\t\t\t<img decoding=\"async\" src=\"https:\/\/bcmgroup.in\/wp-content\/uploads\/2026\/01\/Expert-Legal-Services-10.webp\" class=\"bdpp-img bdpp-post-feat-img\" alt=\"Ozljeda na radu \u2013 cjeloviti vodi\u010d za poslodavce (2026)\" \/>\r\n\t\t\t\t\t\t\t\t\t<\/a>\r\n\t\t\t<\/div>\r\n\t\t<\/div>\r\n\t\t\r\n\t\t<div class=\"bdpp-post-list-right bdpp-col-2 bdpp-columns\">\r\n\t\t\t\r\n\t\t\t<h2 class=\"bdpp-post-title\">\r\n\t\t\t\t<a href=\"https:\/\/bcmgroup.in\/hr\/blogov\/ozljeda-na-radu\/\">Ozljeda na radu \u2013 cjeloviti vodi\u010d za poslodavce (2026)<\/a>\r\n\t\t\t<\/h2>\r\n\r\n\t\t\t\t\t\t<div class=\"bdpp-post-meta bdpp-post-meta-up\">\r\n\t\t\t\t\t\t\t<\/div>\r\n\t\t\t\t\t\t<div class=\"bdpp-post-content\">\r\n\t\t\t\t<div class=\"bdpp-post-desc\">Ozljeda na radu \u2013 cjeloviti vodi\u010d za poslodavce (2026) Za\u0161to je \u201eozljeda na radu\u201c ozbiljna tema za poslodavce Ozljeda na radu predstavlja jedno od njavaznijih pitanja radnog prvava i za\u0161tite na...<\/div>\r\n\t\t\t\t\t\t\t\t\t<a href=\"https:\/\/bcmgroup.in\/hr\/blogov\/ozljeda-na-radu\/\" class=\"bdpp-rdmr-btn\">\u010c\u00edta\u0165 \u010falej<\/a>\r\n\t\t\t\t\t\t\t<\/div>\r\n\t\t\t\t\t<\/div>\r\n\t<\/div>\r\n<\/div>\t<\/div>\r\n\t\t<div class=\"bdpp-paging bdpp-clearfix\">\r\n\t\t<span aria-current=\"page\" class=\"page-numbers current\">1<\/span>\n<a class=\"page-numbers\" href=\"https:\/\/bcmgroup.in\/hr\/wp-json\/wp\/v2\/pages\/142283\/page\/2\/\">2<\/a>\n<a class=\"page-numbers\" href=\"https:\/\/bcmgroup.in\/hr\/wp-json\/wp\/v2\/pages\/142283\/page\/3\/\">3<\/a>\n<span class=\"page-numbers dots\">&hellip;<\/span>\n<a class=\"page-numbers\" href=\"https:\/\/bcmgroup.in\/hr\/wp-json\/wp\/v2\/pages\/142283\/page\/8\/\">8<\/a>\n<a class=\"next page-numbers\" href=\"https:\/\/bcmgroup.in\/hr\/wp-json\/wp\/v2\/pages\/142283\/page\/2\/\">Next &raquo;<\/a>\t<\/div>\r\n<\/div><\/div>\n\t\t\t\t\t\t<\/div>\n\t\t\t\t<\/div>\n\t\t\t\t<\/div>\n\t\t<div class=\"elementor-element elementor-element-d7cce78 e-con-full e-flex e-con e-child\" data-id=\"d7cce78\" data-element_type=\"container\">\n\t\t<div class=\"elementor-element elementor-element-fe7f66b e-con-full e-flex e-con e-child\" data-id=\"fe7f66b\" data-element_type=\"container\">\n\t\t\t\t<div class=\"elementor-element elementor-element-ae99e96 elementor-widget elementor-widget-text-editor\" data-id=\"ae99e96\" data-element_type=\"widget\" data-widget_type=\"text-editor.default\">\n\t\t\t\t<div class=\"elementor-widget-container\">\n\t\t\t\t\t\t\t\t\t<div class=\"custom-country-section\">\n  <h2 class=\"custom-country-title\">Pregled po dr\u017eavama<\/h2>\n  <ul class=\"custom-country-list\">\n    <li>\n      <a href=\"https:\/\/bcmgroup.in\/ro\/bloguri-bcm\/\" target=\"_blank\" rel=\"noopener noreferrer\">\n        <img decoding=\"async\" src=\"https:\/\/flagcdn.com\/w40\/ro.png\" alt=\"Zastava Rumunjske\" \/>\n        <span>Rumunjska<\/span>\n      <\/a>\n    <\/li>\n    <li>\n      <a href=\"https:\/\/bcmgroup.in\/hr\/bcm-blogovi\/\" target=\"_blank\" rel=\"noopener noreferrer\">\n        <img decoding=\"async\" src=\"https:\/\/flagcdn.com\/w40\/hr.png\" alt=\"Zastava Hrvatske\" \/>\n        <span>Hrvatska<\/span>\n      <\/a>\n    <\/li>\n    <li>\n      <a href=\"https:\/\/bcmgroup.in\/lv\/bcm-blogi\/\" target=\"_blank\" rel=\"noopener noreferrer\">\n        <img decoding=\"async\" src=\"https:\/\/flagcdn.com\/w40\/lv.png\" alt=\"Zastava Latvije\" \/>\n        <span>Latvija<\/span>\n      <\/a>\n    <\/li>\n    <li>\n      <a href=\"https:\/\/bcmgroup.in\/sr\/blogovi\/\" target=\"_blank\" rel=\"noopener noreferrer\">\n        <img decoding=\"async\" src=\"https:\/\/flagcdn.com\/w40\/rs.png\" alt=\"Zastava Srbije\" \/>\n        <span>Srbija<\/span>\n      <\/a>\n    <\/li>\n    <li>\n      <a href=\"https:\/\/bcmgroup.in\/sk\/bcm-blogy\/\" target=\"_blank\" rel=\"noopener noreferrer\">\n        <img decoding=\"async\" src=\"https:\/\/flagcdn.com\/w40\/sk.png\" alt=\"Zastava Slova\u010dke\" \/>\n        <span>Slova\u010dka<\/span>\n      <\/a>\n    <\/li>\n    <li>\n      <a href=\"https:\/\/bcmgroup.in\/hu\/blogok\/\" target=\"_blank\" rel=\"noopener noreferrer\">\n        <img decoding=\"async\" src=\"https:\/\/flagcdn.com\/w40\/hu.png\" alt=\"Zastava Ma\u0111arske\" \/>\n        <span>Ma\u0111arska<\/span>\n      <\/a>\n    <\/li>\n  <\/ul>\n<\/div>\n\n<style>\n  .custom-country-section {\n    max-width: 340px;\n    padding: 20px;\n    font-family: 'Segoe UI', Tahoma, Geneva, Verdana, sans-serif;\n    color: #1a2b48;\n  }\n  .custom-country-title {\n    margin-bottom: 20px;\n    font-weight: 700;\n    font-size: 1.5rem;\n    border-bottom: 2px solid #ddd;\n    padding-bottom: 8px;\n  }\n  .custom-country-list {\n    list-style: none;\n    padding: 0;\n    margin: 0;\n  }\n  .custom-country-list li {\n    margin-bottom: 16px;\n  }\n  .custom-country-list li a {\n    display: flex;\n    align-items: center;\n    padding: 14px 18px;\n    border-radius: 12px;\n    cursor: pointer;\n    background: #f9fbff;\n    box-shadow: 0 3px 8px rgba(26, 43, 72, 0.1);\n    text-decoration: none;\n    transition: transform 0.25s ease, box-shadow 0.25s ease;\n    color: #1a2b48;\n  }\n  .custom-country-list li a:hover {\n    transform: translateY(-4px) scale(1.03);\n    box-shadow: 0 8px 20px rgba(26, 43, 72, 0.15);\n  }\n  .custom-country-list img {\n    width: 36px;\n    height: 24px;\n    margin-right: 14px;\n    border-radius: 0;\n    box-shadow: none;\n    object-fit: contain;\n    background: transparent !important;\n  }\n  .custom-country-list span {\n    font-weight: 600;\n    font-size: 1.1rem;\n  }\n<\/style>\t\t\t\t\t\t\t\t<\/div>\n\t\t\t\t<\/div>\n\t\t\t\t<\/div>\n\t\t\t\t<\/div>\n\t\t\t\t<\/div>\n\t\t\t\t\t<\/div>\n\t\t\t\t<\/div>\n\t\t\t\t<\/div>\n\t\t","protected":false},"excerpt":{"rendered":"<p>Pregled po dr\u017eavama Rumunjska Hrvatska Latvija Srbija Slova\u010dka Ma\u0111arska<\/p>\n","protected":false},"author":5,"featured_media":0,"parent":0,"menu_order":0,"comment_status":"closed","ping_status":"closed","template":"elementor_canvas","meta":{"googlesitekit_rrm_CAowi469DA:productID":"","footnotes":""},"class_list":["post-142283","page","type-page","status-publish","hentry"],"_links":{"self":[{"href":"https:\/\/bcmgroup.in\/hr\/wp-json\/wp\/v2\/pages\/142283","targetHints":{"allow":["GET"]}}],"collection":[{"href":"https:\/\/bcmgroup.in\/hr\/wp-json\/wp\/v2\/pages"}],"about":[{"href":"https:\/\/bcmgroup.in\/hr\/wp-json\/wp\/v2\/types\/page"}],"author":[{"embeddable":true,"href":"https:\/\/bcmgroup.in\/hr\/wp-json\/wp\/v2\/users\/5"}],"replies":[{"embeddable":true,"href":"https:\/\/bcmgroup.in\/hr\/wp-json\/wp\/v2\/comments?post=142283"}],"version-history":[{"count":13,"href":"https:\/\/bcmgroup.in\/hr\/wp-json\/wp\/v2\/pages\/142283\/revisions"}],"predecessor-version":[{"id":150640,"href":"https:\/\/bcmgroup.in\/hr\/wp-json\/wp\/v2\/pages\/142283\/revisions\/150640"}],"wp:attachment":[{"href":"https:\/\/bcmgroup.in\/hr\/wp-json\/wp\/v2\/media?parent=142283"}],"curies":[{"name":"wp","href":"https:\/\/api.w.org\/{rel}","templated":true}]}}