{"id":101298,"date":"2025-09-06T12:12:15","date_gmt":"2025-09-06T12:12:15","guid":{"rendered":"https:\/\/bcmgroup.in\/?page_id=101298"},"modified":"2025-10-04T12:22:31","modified_gmt":"2025-10-04T12:22:31","slug":"proizvodnja","status":"publish","type":"page","link":"https:\/\/bcmgroup.in\/hr\/traze-zaposlenike\/industrije-koje-opsluzuje-bcm\/proizvodnja\/","title":{"rendered":"Proizvodnja"},"content":{"rendered":"\t\t<div data-elementor-type=\"wp-page\" data-elementor-id=\"101298\" class=\"elementor elementor-101298\" data-elementor-post-type=\"page\">\n\t\t\t\t<div class=\"elementor-element elementor-element-b176706 e-flex e-con-boxed e-con e-parent\" data-id=\"b176706\" data-element_type=\"container\">\n\t\t\t\t\t<div class=\"e-con-inner\">\n\t\t\t\t<div class=\"elementor-element elementor-element-acae733 elementor-widget elementor-widget-hfe-breadcrumbs-widget\" data-id=\"acae733\" data-element_type=\"widget\" data-widget_type=\"hfe-breadcrumbs-widget.default\">\n\t\t\t\t<div class=\"elementor-widget-container\">\n\t\t\t\t\t<nav aria-label=\"Breadcrumb\"><ul class=\"hfe-breadcrumbs hfe-breadcrumbs-show-home\"><li class=\"hfe-breadcrumbs-item hfe-breadcrumbs-first\"><span class=\"hfe-breadcrumbs-home-icon\"><svg aria-hidden=\"true\" class=\"e-font-icon-svg e-fas-home\" viewBox=\"0 0 576 512\" xmlns=\"http:\/\/www.w3.org\/2000\/svg\"><path d=\"M280.37 148.26L96 300.11V464a16 16 0 0 0 16 16l112.06-.29a16 16 0 0 0 15.92-16V368a16 16 0 0 1 16-16h64a16 16 0 0 1 16 16v95.64a16 16 0 0 0 16 16.05L464 480a16 16 0 0 0 16-16V300L295.67 148.26a12.19 12.19 0 0 0-15.3 0zM571.6 251.47L488 182.56V44.05a12 12 0 0 0-12-12h-56a12 12 0 0 0-12 12v72.61L318.47 43a48 48 0 0 0-61 0L4.34 251.47a12 12 0 0 0-1.6 16.9l25.5 31A12 12 0 0 0 45.15 301l235.22-193.74a12.19 12.19 0 0 1 15.3 0L530.9 301a12 12 0 0 0 16.9-1.6l25.5-31a12 12 0 0 0-1.7-16.93z\"><\/path><\/svg><\/span><a href=\"https:\/\/bcmgroup.in\/hr\/\"><span class=\"hfe-breadcrumbs-text\">Dom<\/span><\/a><\/li><\/ul><\/nav>\t\t\t\t<\/div>\n\t\t\t\t<\/div>\n\t\t\t\t\t<\/div>\n\t\t\t\t<\/div>\n\t\t<div class=\"elementor-element elementor-element-cea1997 e-flex e-con-boxed e-con e-parent\" data-id=\"cea1997\" data-element_type=\"container\">\n\t\t\t\t\t<div class=\"e-con-inner\">\n\t\t\t\t<div class=\"elementor-element elementor-element-b072aa4 elementor-widget elementor-widget-heading\" data-id=\"b072aa4\" data-element_type=\"widget\" data-widget_type=\"heading.default\">\n\t\t\t\t<div class=\"elementor-widget-container\">\n\t\t\t\t\t<h1 class=\"elementor-heading-title elementor-size-default\">Proizvodnja: Snaga koja pokre\u0107e industrijsku budu\u0107nost<\/h1>\t\t\t\t<\/div>\n\t\t\t\t<\/div>\n\t\t\t\t\t<\/div>\n\t\t\t\t<\/div>\n\t\t<div class=\"elementor-element elementor-element-4e915c6 e-flex e-con-boxed e-con e-parent\" data-id=\"4e915c6\" data-element_type=\"container\">\n\t\t\t\t\t<div class=\"e-con-inner\">\n\t\t\t\t<div class=\"elementor-element elementor-element-a1f6973 elementor-widget elementor-widget-image\" data-id=\"a1f6973\" data-element_type=\"widget\" data-widget_type=\"image.default\">\n\t\t\t\t<div class=\"elementor-widget-container\">\n\t\t\t\t\t\t\t\t\t\t\t\t\t\t\t<img fetchpriority=\"high\" decoding=\"async\" width=\"800\" height=\"400\" src=\"https:\/\/bcmgroup.in\/wp-content\/uploads\/2025\/09\/Proizvodnja-Snaga-koja-pokrece-industrijsku-buducnost-1024x512.webp\" class=\"attachment-large size-large wp-image-102772\" alt=\"Proizvodnja\" srcset=\"https:\/\/bcmgroup.in\/wp-content\/uploads\/2025\/09\/Proizvodnja-Snaga-koja-pokrece-industrijsku-buducnost-1024x512.webp 1024w, https:\/\/bcmgroup.in\/wp-content\/uploads\/2025\/09\/Proizvodnja-Snaga-koja-pokrece-industrijsku-buducnost-300x150.webp 300w, https:\/\/bcmgroup.in\/wp-content\/uploads\/2025\/09\/Proizvodnja-Snaga-koja-pokrece-industrijsku-buducnost-768x384.webp 768w, https:\/\/bcmgroup.in\/wp-content\/uploads\/2025\/09\/Proizvodnja-Snaga-koja-pokrece-industrijsku-buducnost.webp 1200w\" sizes=\"(max-width: 800px) 100vw, 800px\" \/>\t\t\t\t\t\t\t\t\t\t\t\t\t\t\t<\/div>\n\t\t\t\t<\/div>\n\t\t\t\t\t<\/div>\n\t\t\t\t<\/div>\n\t\t<div class=\"elementor-element elementor-element-d36a538 e-flex e-con-boxed e-con e-parent\" data-id=\"d36a538\" data-element_type=\"container\">\n\t\t\t\t\t<div class=\"e-con-inner\">\n\t\t\t\t<div class=\"elementor-element elementor-element-5815847 elementor-widget elementor-widget-gimont_elementor_heading\" data-id=\"5815847\" data-element_type=\"widget\" data-widget_type=\"gimont_elementor_heading.default\">\n\t\t\t\t<div class=\"elementor-widget-container\">\n\t\t\t\t\t\n\t\t\t<div class=\"ova-heading template_1\">\n\t\t\t\t\t\t\t\t\t\t\t\t\t\t\t<span class=\"line\"><\/span>\n\t\t\t\t\t\t\t\t\t\t<span class=\"subtitle\">Dobrodo\u0161li u svijet Industrijska proizvodnja<\/span>\n\t\t\t\t\t\t\t\t\t\t\t\t\t\n\t\t\t\t\t\t\t\t\n\t\t\t\t\n\t\t\t<\/div>\n\n\t\t\t\t\t\t<\/div>\n\t\t\t\t<\/div>\n\t\t\t\t<div class=\"elementor-element elementor-element-d917915 elementor-widget elementor-widget-text-editor\" data-id=\"d917915\" data-element_type=\"widget\" data-widget_type=\"text-editor.default\">\n\t\t\t\t<div class=\"elementor-widget-container\">\n\t\t\t\t\t\t\t\t\t<p>U sredu\u0161tu svakog gospodarskog napretka lesi proizvodnja &#8211; Temeljna aktivnost koja oblikuje dru\u0161tvo, Graadi infrastrukturu I Poti\u010de Inovacije. U BCM Grupi S Ponosom Pretstavljamo naseeevodne Kapacitete I Industrijsku Stru\u010dnost Koja obuhvaquaka najvausnije sektore proizvodnju \u010delika.BCM Grupa Ponosi Se pruzanjem kvalificirane radne snage I rje\u0161enja za zapo\u0161ljavanje koja podr\u017eavaju rastu\u0107e potrebe trude\u0161ta rada u svim granama industrijvodnjee. Na\u0161 je cilj povezati kvalifikacijske radnike IZ Azije s europskim tvrtkama koje trouzdanu I u\u010dinkovitu radnu snagu, posebno u sektorima kao \u0161to su proizvodnja, kamijadnja, drigi.<\/p><p>Kao poslodavci, vjerujemo u mo\u0107 ljudi, znanja i procesa. Na\u0161 cilj nije samo proizvoditi \u2013 ve\u0107 stvarati odr\u017eive sustave, razvijati stru\u010dnjake i omogu\u0107iti izvrsnost u svakom sektoru industrije.<\/p>\t\t\t\t\t\t\t\t<\/div>\n\t\t\t\t<\/div>\n\t\t\t\t<div class=\"elementor-element elementor-element-e2a5a85 elementor-widget elementor-widget-heading\" data-id=\"e2a5a85\" data-element_type=\"widget\" data-widget_type=\"heading.default\">\n\t\t\t\t<div class=\"elementor-widget-container\">\n\t\t\t\t\t<h2 class=\"elementor-heading-title elementor-size-default\">Proizavodnja\u2013Va\u0161 partner u zapo\u0161ljavanju stru\u010dnjaka u proizvodnji i te\u0161koj industriji<\/h2>\t\t\t\t<\/div>\n\t\t\t\t<\/div>\n\t\t\t\t<div class=\"elementor-element elementor-element-26f2a51 elementor-widget elementor-widget-text-editor\" data-id=\"26f2a51\" data-element_type=\"widget\" data-widget_type=\"text-editor.default\">\n\t\t\t\t<div class=\"elementor-widget-container\">\n\t\t\t\t\t\t\t\t\t<p><span style=\"font-weight: 400;\">U proizvodnom sektoru suo\u010davate se sa specifi\u010dnim Izazovima: Potrebom za kvalificiranom radnom snagom, slo\u017eenim proizvodnoj industriji, zahtjevima tea Industrije ILI Sigurnosnim I Preciznim Standardima U Browodogradnji I Browdogradili\u0161tima. BCM Group Pruza Vam Prilago\u0111ene HR Usluege Koje Razumiju Nijanse Tekstilne Industrije, Kemijske Industrije, Drvne Industrije, Industrijske Prizvodnje, PA \u010dak I Proizvodnje \u010delika. Na\u0161a je Misija osigurati da va\u0161e tvornice rade nesmetano, u\u010dinkovito I uz minimalne rizike &#8211; kroz ljude koji su temelj svega. U BCM group razumijemo koliko je klju\u010dno za poslodavce u proizvodnoj Industriji imati kvalifiranne radnike radnike koji odmah doprinose rastu I konkurentnosti.<\/span><\/p>\t\t\t\t\t\t\t\t<\/div>\n\t\t\t\t<\/div>\n\t\t\t\t\t<\/div>\n\t\t\t\t<\/div>\n\t\t<div class=\"elementor-element elementor-element-a945497 e-flex e-con-boxed e-con e-parent\" data-id=\"a945497\" data-element_type=\"container\">\n\t\t\t\t\t<div class=\"e-con-inner\">\n\t\t<div class=\"elementor-element elementor-element-a6c7dde e-con-full e-flex e-con e-child\" data-id=\"a6c7dde\" data-element_type=\"container\">\n\t\t\t\t<div class=\"elementor-element elementor-element-ec32c17 elementor-widget elementor-widget-heading\" data-id=\"ec32c17\" data-element_type=\"widget\" data-widget_type=\"heading.default\">\n\t\t\t\t<div class=\"elementor-widget-container\">\n\t\t\t\t\t<h3 class=\"elementor-heading-title elementor-size-default\">Za\u0161to \u201eProizvodnji\u201c \u2013 na\u0161 fokus zapo\u0161ljavanji?<\/h3>\t\t\t\t<\/div>\n\t\t\t\t<\/div>\n\t\t\t\t<div class=\"elementor-element elementor-element-f545579 elementor-widget elementor-widget-text-editor\" data-id=\"f545579\" data-element_type=\"widget\" data-widget_type=\"text-editor.default\">\n\t\t\t\t<div class=\"elementor-widget-container\">\n\t\t\t\t\t\t\t\t\t<ul><li><b>Specijalizacija Za Proizvodnju:<\/b><span style=\"font-weight: 400;\"> bilo da se radi o slo\u017eenim processima u broodogradnji, precizno kontroliranoj <a href=\"https:\/\/en.wikipedia.org\/wiki\/Manufacturing\" rel=\"nofollow noopener\" target=\"_blank\">proizvodnji<\/a> tekstilnih materih materiajala, kemijskim prCesima, Obradi drva ili Te\u017eim Metalnim Konstrukcijama Poput \u010delika &#8211; Imamo Iskustvo I Bazu Stru\u010dnjaka koji razumiju va\u0161e operativne zahtjeve.<\/span><\/li><li><b>Smanjite Rizik I Tro\u0161kove:<\/b><span style=\"font-weight: 400;\"> Preuzimamo sve korake zapo\u0161ljavanja &#8211; Od odabira I provone kvalifikacija do dokuentacije, radnih dozvola I prlalagodbe radnom okruzenju. Preuzimamo posao s va\u0161eg hr tima i osloba\u0111amo va\u0161u internu snagu za strate\u0161ke inicijative.<\/span><\/li><li><b>Globalna mre\u017ea \u2013 lokalno rje\u0161enje: <\/b><span style=\"font-weight: 400;\">bcm grupa posluje diljem eu, uklju\u010dujuequi hrvatsku, kao I zemlje srednje I isto\u010dne Europe, pruzajuoki pruzajuoki pruzajuok iskusnim Stru\u010dnimimaimima.<\/span><\/li><\/ul>\t\t\t\t\t\t\t\t<\/div>\n\t\t\t\t<\/div>\n\t\t\t\t<\/div>\n\t\t<div class=\"elementor-element elementor-element-f1056df e-con-full e-flex e-con e-child\" data-id=\"f1056df\" data-element_type=\"container\">\n\t\t\t\t<div class=\"elementor-element elementor-element-8054beb elementor-widget elementor-widget-heading\" data-id=\"8054beb\" data-element_type=\"widget\" data-widget_type=\"heading.default\">\n\t\t\t\t<div class=\"elementor-widget-container\">\n\t\t\t\t\t<h3 class=\"elementor-heading-title elementor-size-default\">Za\u0161to odabrati BCM Grupu za svoje proizvodno poslovanje?<\/h3>\t\t\t\t<\/div>\n\t\t\t\t<\/div>\n\t\t\t\t<div class=\"elementor-element elementor-element-ca384c7 elementor-widget elementor-widget-text-editor\" data-id=\"ca384c7\" data-element_type=\"widget\" data-widget_type=\"text-editor.default\">\n\t\t\t\t<div class=\"elementor-widget-container\">\n\t\t\t\t\t\t\t\t\t<p><span style=\"font-weight: 400;\">Svaka Proizvodna Industrija Zahtijeva Specifi\u010dan Pristup upravljanju ldudskim resursima. Razumijemo slojeenost proysa u proizvodnji \u010delika, brodogradili\u0161tima ili kemijskoj Industriji Te Proujamo prilago\u0111enja koja koja omogu\u0107uju ite Cortalno funkcioniranje va\u0161eg.<\/span><\/p>\t\t\t\t\t\t\t\t<\/div>\n\t\t\t\t<\/div>\n\t\t\t\t<div class=\"elementor-element elementor-element-cd24f72 elementor-widget elementor-widget-heading\" data-id=\"cd24f72\" data-element_type=\"widget\" data-widget_type=\"heading.default\">\n\t\t\t\t<div class=\"elementor-widget-container\">\n\t\t\t\t\t<h3 class=\"elementor-heading-title elementor-size-default\">Usredoto\u010denost na kvalitetu i stru\u010dno osoblje:<\/h3>\t\t\t\t<\/div>\n\t\t\t\t<\/div>\n\t\t\t\t<div class=\"elementor-element elementor-element-8635ea9 elementor-widget elementor-widget-text-editor\" data-id=\"8635ea9\" data-element_type=\"widget\" data-widget_type=\"text-editor.default\">\n\t\t\t\t<div class=\"elementor-widget-container\">\n\t\t\t\t\t\t\t\t\t<p><span style=\"font-weight: 400;\">U proizvodnji je klju\u010d uspjeha visokokvalificirana radna snaga. Na\u0161i Stru\u010dnjaci osiguravaju da poslodavci dobiju najbolje kandidate, Od Radnika Te\u0161ke Industrije do Stru\u010dnjaka Za Preradu. Pomasemo u odabiru I zapo\u0161ljavanju stru\u010dnjaka koji razumiju va\u0161e poslovanje i doprinose rastu va\u0161e proizvodnje<\/span><span style=\"font-weight: 400;\">.<\/span><\/p>\t\t\t\t\t\t\t\t<\/div>\n\t\t\t\t<\/div>\n\t\t\t\t<\/div>\n\t\t\t\t\t<\/div>\n\t\t\t\t<\/div>\n\t\t<div class=\"elementor-element elementor-element-dfbfef2 e-flex e-con-boxed e-con e-parent\" data-id=\"dfbfef2\" data-element_type=\"container\">\n\t\t\t\t\t<div class=\"e-con-inner\">\n\t\t\t\t<div class=\"elementor-element elementor-element-64ad098 elementor-widget elementor-widget-gimont_elementor_heading\" data-id=\"64ad098\" data-element_type=\"widget\" data-widget_type=\"gimont_elementor_heading.default\">\n\t\t\t\t<div class=\"elementor-widget-container\">\n\t\t\t\t\t\n\t\t\t<div class=\"ova-heading template_1\">\n\t\t\t\t\t\t\t\t\t\t\t\t\t\t\t<span class=\"line\"><\/span>\n\t\t\t\t\t\t\t\t\t\t<span class=\"subtitle\">Podr\u0161ka svim segmentima proizvodne industrije<\/span>\n\t\t\t\t\t\t\t\t\t\t\t\t\t\n\t\t\t\t\t\t\t\t\t\t\t\t\t\t\t<h2 class=\"title\">Na\u0161i radnici dolaze iz razli\u010ditih industrija:<\/h2>\n\t\t\t\t\t\t\t\t\t\t\n\t\t\t\t\t\t\t\t\n\t\t\t\t\n\t\t\t<\/div>\n\n\t\t\t\t\t\t<\/div>\n\t\t\t\t<\/div>\n\t\t\t\t\t<\/div>\n\t\t\t\t<\/div>\n\t\t<div class=\"elementor-element elementor-element-d9f939b e-flex e-con-boxed e-con e-parent\" data-id=\"d9f939b\" data-element_type=\"container\">\n\t\t\t\t\t<div class=\"e-con-inner\">\n\t\t\t\t<div class=\"elementor-element elementor-element-b3d761e elementor-widget elementor-widget-gimont_elementor_icon_list\" data-id=\"b3d761e\" data-element_type=\"widget\" data-widget_type=\"gimont_elementor_icon_list.default\">\n\t\t\t\t<div class=\"elementor-widget-container\">\n\t\t\t\t\t\n\t\t\t <div class=\"ova-icon-list\">\n\t\t\t\t\t\t\t\t\t\t\t\t\t\t\t<div class=\"item item-line \">\n\t\t\t\t\t\t\t\t\t\t\t\t\t\t\t<i class=\"fas fa-check\"><\/i>\n\t\t\t\t\t\t\t\t\t\t\t\t\t\t<div class=\"info\">\n\t\t\t\t\t\t\t\t<h3 class=\"title\">\n\t\t\t\t\t\t\t\t\tPrera\u0111iva\u010dka Industrija\t\t\t\t\t\t\t\t<\/h3>\n\t\t\t\t\t\t\t\t\t\t\t\t\t\t\t\t\t<p class=\"desc\">\n\t\t\t\t\t\t\t\t\t\tFokus Na Preradu I Rafiniranje Sirovina.Proizvodna Industrija I Industrijska Proizvodnaja zahtijevaju operatere koji razumiju slojeene linije, sigurnosne protokole I intimizaciju tijeka rada.\t\t\t\t\t\t\t\t\t<\/p>\n\t\t\t\t\t\t\t\t\t\t\t\t\t\t\t<\/div>\n\t\t\t\t\t\t<\/div>\n\t\t\t\t\t\t\t\t\t\t\t<div class=\"item item-line \">\n\t\t\t\t\t\t\t\t\t\t\t\t\t\t\t<i class=\"fas fa-check\"><\/i>\n\t\t\t\t\t\t\t\t\t\t\t\t\t\t<div class=\"info\">\n\t\t\t\t\t\t\t\t<h3 class=\"title\">\n\t\t\t\t\t\t\t\t\tTe\u0161ka Industrija\t\t\t\t\t\t\t\t<\/h3>\n\t\t\t\t\t\t\t\t\t\t\t\t\t\t\t\t\t<p class=\"desc\">\n\t\t\t\t\t\t\t\t\t\tProizvodnja Strojeva, Metala I Industrijskih Ure\u0111aja.Teska Industrije uklju\u010duje zahtjeve poput visokih tolerancija u zavarivanju, rukovanju \u010deli\u010dnim I metalnim kontrukcijama.\t\t\t\t\t\t\t\t\t<\/p>\n\t\t\t\t\t\t\t\t\t\t\t\t\t\t\t<\/div>\n\t\t\t\t\t\t<\/div>\n\t\t\t\t\t\t\t\t\t\t\t<div class=\"item item-line \">\n\t\t\t\t\t\t\t\t\t\t\t\t\t\t\t<i class=\"fas fa-check\"><\/i>\n\t\t\t\t\t\t\t\t\t\t\t\t\t\t<div class=\"info\">\n\t\t\t\t\t\t\t\t<h3 class=\"title\">\n\t\t\t\t\t\t\t\t\tBrodogradnja i brodogradili\u0161te\t\t\t\t\t\t\t\t<\/h3>\n\t\t\t\t\t\t\t\t\t\t\t\t\t\t\t\t\t<p class=\"desc\">\n\t\t\t\t\t\t\t\t\t\tProjektiranje, Gradnja I Pryizvodnja Browdova.Brodogradili\u0161ta traukee stru\u010dnjake za monta\u017eu, zavarivanje, sastavljanje osnovnih dijelova I preciznu izgradnju plovila.\t\t\t\t\t\t\t\t\t<\/p>\n\t\t\t\t\t\t\t\t\t\t\t\t\t\t\t<\/div>\n\t\t\t\t\t\t<\/div>\n\t\t\t\t\t\t\t\t\t\t\t<div class=\"item item-line \">\n\t\t\t\t\t\t\t\t\t\t\t\t\t\t\t<i class=\"fas fa-check\"><\/i>\n\t\t\t\t\t\t\t\t\t\t\t\t\t\t<div class=\"info\">\n\t\t\t\t\t\t\t\t<h3 class=\"title\">\n\t\t\t\t\t\t\t\t\tTekstilna industrija\t\t\t\t\t\t\t\t<\/h3>\n\t\t\t\t\t\t\t\t\t\t\t\t\t\t\t\t\t<p class=\"desc\">\n\t\t\t\t\t\t\t\t\t\tproizvodnji tkanina, odjeque I ostalih tektilnih proizvoda.Tekstilna industriji zahtijeva operatere strojeva za tkanje, rezanje i zavr\u0161nu obradu.\t\t\t\t\t\t\t\t\t<\/p>\n\t\t\t\t\t\t\t\t\t\t\t\t\t\t\t<\/div>\n\t\t\t\t\t\t<\/div>\n\t\t\t\t\t\t\t\t\t\t\t<div class=\"item item-line \">\n\t\t\t\t\t\t\t\t\t\t\t\t\t\t\t<i class=\"fas fa-check\"><\/i>\n\t\t\t\t\t\t\t\t\t\t\t\t\t\t<div class=\"info\">\n\t\t\t\t\t\t\t\t<h3 class=\"title\">\n\t\t\t\t\t\t\t\t\tKemijska industrija\t\t\t\t\t\t\t\t<\/h3>\n\t\t\t\t\t\t\t\t\t\t\t\t\t\t\t\t\t<p class=\"desc\">\n\t\t\t\t\t\t\t\t\t\tPrizevodenja Cemikalija Aayi Sridanih Priszvoda.Kemijska industriji tra\u017ei stru\u010dnjake sa znanjem o procesima, sigurnosnim protokolima i homologacijama.\n\t\t\t\t\t\t\t\t\t<\/p>\n\t\t\t\t\t\t\t\t\t\t\t\t\t\t\t<\/div>\n\t\t\t\t\t\t<\/div>\n\t\t\t\t\t\t\t\t\t\t\t<div class=\"item item-line \">\n\t\t\t\t\t\t\t\t\t\t\t\t\t\t\t<i class=\"fas fa-check\"><\/i>\n\t\t\t\t\t\t\t\t\t\t\t\t\t\t<div class=\"info\">\n\t\t\t\t\t\t\t\t<h3 class=\"title\">\n\t\t\t\t\t\t\t\t\tDrvna industrija\t\t\t\t\t\t\t\t<\/h3>\n\t\t\t\t\t\t\t\t\t\t\t\t\t\t\t\t\t<p class=\"desc\">\n\t\t\t\t\t\t\t\t\t\tPrerada Drva I Proizvodnji Drvnih Proizvoda.Tvrtka koja se bavi preradom drva tra\u017ei kvalificirane radnike koji znaju strojevima rezati i oblikovati drvo, pravilno su\u0161iti drvo i sastavljati komade u ne\u0161to.\t\t\t\t\t\t\t\t\t<\/p>\n\t\t\t\t\t\t\t\t\t\t\t\t\t\t\t<\/div>\n\t\t\t\t\t\t<\/div>\n\t\t\t\t\t\t\t\t\t\t\t<div class=\"item item-line \">\n\t\t\t\t\t\t\t\t\t\t\t\t\t\t\t<i class=\"fas fa-check\"><\/i>\n\t\t\t\t\t\t\t\t\t\t\t\t\t\t<div class=\"info\">\n\t\t\t\t\t\t\t\t<h3 class=\"title\">\n\t\t\t\t\t\t\t\t\tProizvodnja \u010delika\t\t\t\t\t\t\t\t<\/h3>\n\t\t\t\t\t\t\t\t\t\t\t\t\t\t\t\t\t<p class=\"desc\">\n\t\t\t\t\t\t\t\t\t\tspecijalizirana proizvodnji i prerada \u010delika.Proizvodnji \u010delika zahtijeva operatere, zavarivaxe I Profosionalne Nadzornike S Iskustvom U Radu S \u010delixnim Profilima I Legurama.\t\t\t\t\t\t\t\t\t<\/p>\n\t\t\t\t\t\t\t\t\t\t\t\t\t\t\t<\/div>\n\t\t\t\t\t\t<\/div>\n\t\t\t\t\t\t\t\t<\/div>\n\n\t\t\t\t\t\t<\/div>\n\t\t\t\t<\/div>\n\t\t\t\t<div class=\"elementor-element elementor-element-0ec46d9 elementor-widget elementor-widget-text-editor\" data-id=\"0ec46d9\" data-element_type=\"widget\" data-widget_type=\"text-editor.default\">\n\t\t\t\t<div class=\"elementor-widget-container\">\n\t\t\t\t\t\t\t\t\t<p><span style=\"font-weight: 400;\">Za svaki od ovih sektora, BCM Group identificira i raspore\u0111uje radnike s to\u010dno pravim vje\u0161tinama &#8211; diljem na\u0161e globalne baze, osiguravaju\u0107i brzu dostupnost, pouzdanost i visoku kvalitetu izvedbe.<\/span><\/p>\t\t\t\t\t\t\t\t<\/div>\n\t\t\t\t<\/div>\n\t\t\t\t<div class=\"elementor-element elementor-element-c647e58 elementor-widget elementor-widget-heading\" data-id=\"c647e58\" data-element_type=\"widget\" data-widget_type=\"heading.default\">\n\t\t\t\t<div class=\"elementor-widget-container\">\n\t\t\t\t\t<h2 class=\"elementor-heading-title elementor-size-default\">Usluge BCM Grupe za proizvodnju i industriju<\/h2>\t\t\t\t<\/div>\n\t\t\t\t<\/div>\n\t\t\t\t\t<\/div>\n\t\t\t\t<\/div>\n\t\t<div class=\"elementor-element elementor-element-3ebf598 e-flex e-con-boxed e-con e-parent\" data-id=\"3ebf598\" data-element_type=\"container\">\n\t\t\t\t\t<div class=\"e-con-inner\">\n\t\t<div class=\"elementor-element elementor-element-9dac49c e-con-full e-flex e-con e-child\" data-id=\"9dac49c\" data-element_type=\"container\" data-settings=\"{&quot;background_background&quot;:&quot;classic&quot;}\">\n\t\t\t\t<div class=\"elementor-element elementor-element-aec0f5c elementor-widget elementor-widget-heading\" data-id=\"aec0f5c\" data-element_type=\"widget\" data-widget_type=\"heading.default\">\n\t\t\t\t<div class=\"elementor-widget-container\">\n\t\t\t\t\t<h4 class=\"elementor-heading-title elementor-size-default\">1. Odabir i zapo\u0161ljavanje stru\u010dnog osoblja<\/h4>\t\t\t\t<\/div>\n\t\t\t\t<\/div>\n\t\t\t\t<div class=\"elementor-element elementor-element-f57d524 elementor-widget elementor-widget-text-editor\" data-id=\"f57d524\" data-element_type=\"widget\" data-widget_type=\"text-editor.default\">\n\t\t\t\t<div class=\"elementor-widget-container\">\n\t\t\t\t\t\t\t\t\t<p><span style=\"font-weight: 400;\">Na\u0161i HR stru\u010dnjaci rade prema specifi\u010dnim potrebama proizvodnje. Bilo da trabet radio -za broodogradiliat Ili Inizanjere You Camizscos Industry, Osigurvamo Prof.<\/span><\/p>\t\t\t\t\t\t\t\t<\/div>\n\t\t\t\t<\/div>\n\t\t\t\t<\/div>\n\t\t<div class=\"elementor-element elementor-element-a7819c0 e-con-full e-flex e-con e-child\" data-id=\"a7819c0\" data-element_type=\"container\" data-settings=\"{&quot;background_background&quot;:&quot;classic&quot;}\">\n\t\t\t\t<div class=\"elementor-element elementor-element-75d802b elementor-widget elementor-widget-heading\" data-id=\"75d802b\" data-element_type=\"widget\" data-widget_type=\"heading.default\">\n\t\t\t\t<div class=\"elementor-widget-container\">\n\t\t\t\t\t<h4 class=\"elementor-heading-title elementor-size-default\">2. Stru\u010dni savjeti za upravljanje proizvodnjom<\/h4>\t\t\t\t<\/div>\n\t\t\t\t<\/div>\n\t\t\t\t<div class=\"elementor-element elementor-element-3f470c7 elementor-widget elementor-widget-text-editor\" data-id=\"3f470c7\" data-element_type=\"widget\" data-widget_type=\"text-editor.default\">\n\t\t\t\t<div class=\"elementor-widget-container\">\n\t\t\t\t\t\t\t\t\t<p><span style=\"font-weight: 400;\">Pomasemo u razvoju stategija za upravljanje proizvodnim processima, smanjenje zastoja I Aptorizaciju Tro\u0161kova.<\/span><\/p>\t\t\t\t\t\t\t\t<\/div>\n\t\t\t\t<\/div>\n\t\t\t\t<\/div>\n\t\t<div class=\"elementor-element elementor-element-87153d7 e-con-full e-flex e-con e-child\" data-id=\"87153d7\" data-element_type=\"container\" data-settings=\"{&quot;background_background&quot;:&quot;classic&quot;}\">\n\t\t\t\t<div class=\"elementor-element elementor-element-0faa572 elementor-widget elementor-widget-heading\" data-id=\"0faa572\" data-element_type=\"widget\" data-widget_type=\"heading.default\">\n\t\t\t\t<div class=\"elementor-widget-container\">\n\t\t\t\t\t<h4 class=\"elementor-heading-title elementor-size-default\">3. Obuka i razvoj zaposlenika<\/h4>\t\t\t\t<\/div>\n\t\t\t\t<\/div>\n\t\t\t\t<div class=\"elementor-element elementor-element-7077932 elementor-widget elementor-widget-text-editor\" data-id=\"7077932\" data-element_type=\"widget\" data-widget_type=\"text-editor.default\">\n\t\t\t\t<div class=\"elementor-widget-container\">\n\t\t\t\t\t\t\t\t\t<p><span style=\"font-weight: 400;\">Proizvodnaja se stalno mijenja. Organiziramo obuku za usvajanje novih tehnologija i sigurnosnih protokola u svim granama industrije.<\/span><\/p>\t\t\t\t\t\t\t\t<\/div>\n\t\t\t\t<\/div>\n\t\t\t\t<\/div>\n\t\t<div class=\"elementor-element elementor-element-53e678e e-con-full e-flex e-con e-child\" data-id=\"53e678e\" data-element_type=\"container\" data-settings=\"{&quot;background_background&quot;:&quot;classic&quot;}\">\n\t\t\t\t<div class=\"elementor-element elementor-element-88e20f7 elementor-widget elementor-widget-heading\" data-id=\"88e20f7\" data-element_type=\"widget\" data-widget_type=\"heading.default\">\n\t\t\t\t<div class=\"elementor-widget-container\">\n\t\t\t\t\t<h4 class=\"elementor-heading-title elementor-size-default\">4. Pravni i administrativni savjeti<\/h4>\t\t\t\t<\/div>\n\t\t\t\t<\/div>\n\t\t\t\t<div class=\"elementor-element elementor-element-c4b083c elementor-widget elementor-widget-text-editor\" data-id=\"c4b083c\" data-element_type=\"widget\" data-widget_type=\"text-editor.default\">\n\t\t\t\t<div class=\"elementor-widget-container\">\n\t\t\t\t\t\t\t\t\t<p><span style=\"font-weight: 400;\">Znati pravila i zakone koji se odnose na proizvodnju. Pru\u017eamo podr\u0161ku u kontekstu ugovora o radu, profesionalne sigurnosti i drugih pravnih pitanja.<\/span><\/p>\t\t\t\t\t\t\t\t<\/div>\n\t\t\t\t<\/div>\n\t\t\t\t<\/div>\n\t\t\t\t\t<\/div>\n\t\t\t\t<\/div>\n\t\t<div class=\"elementor-element elementor-element-eb226d8 e-con-full e-flex e-con e-parent\" data-id=\"eb226d8\" data-element_type=\"container\">\n\t\t\t\t<div class=\"elementor-element elementor-element-fe66be2 elementor-widget elementor-widget-heading\" data-id=\"fe66be2\" data-element_type=\"widget\" data-widget_type=\"heading.default\">\n\t\t\t\t<div class=\"elementor-widget-container\">\n\t\t\t\t\t<h2 class=\"elementor-heading-title elementor-size-default\"><a href=\"https:\/\/bcmgroup.in\/hr\/kontakt\/\">Kontaktirajte nas<\/a><\/h2>\t\t\t\t<\/div>\n\t\t\t\t<\/div>\n\t\t\t\t<div class=\"elementor-element elementor-element-98a9372 elementor-widget elementor-widget-text-editor\" data-id=\"98a9372\" data-element_type=\"widget\" data-widget_type=\"text-editor.default\">\n\t\t\t\t<div class=\"elementor-widget-container\">\n\t\t\t\t\t\t\t\t\t<p><span style=\"font-weight: 400;\">Jeste li spemmani pobolj\u0161ati svoje proizvodne operacije? Kontaktirajte BCM Grupu i saznajte kako vam mo\u017eemo pomo\u0107i prona\u0107i najbolje ljude i optimizirati procese u va\u0161em proizvodnom pogonu.<\/span><\/p><p><span style=\"font-weight: 400;\">BCM grupa je partner u proizvodnji i razvoju industrije. Pove\u0107ajte kvalitetu, sigurnost i u\u010dinkovitost s nama!<\/span><\/p>\t\t\t\t\t\t\t\t<\/div>\n\t\t\t\t<\/div>\n\t\t\t\t<\/div>\n\t\t\t\t<\/div>\n\t\t","protected":false},"excerpt":{"rendered":"<p>Dom Proizvodnja: Snaga koja pokre\u0107e industrijsku budu\u0107nost Dobrodo\u0161li u svijet Industrijska proizvodnja U sredu\u0161tu svakog gospodarskog napretka lesi proizvodnja &#8211; Temeljna aktivnost koja oblikuje dru\u0161tvo, Graadi infrastrukturu I Poti\u010de Inovacije. U BCM Grupi S Ponosom Pretstavljamo naseeevodne Kapacitete I Industrijsku Stru\u010dnost Koja obuhvaquaka najvausnije sektore proizvodnju \u010delika.BCM Grupa Ponosi Se pruzanjem kvalificirane radne snage I [&hellip;]<\/p>\n","protected":false},"author":5,"featured_media":0,"parent":65983,"menu_order":0,"comment_status":"closed","ping_status":"closed","template":"elementor_canvas","meta":{"googlesitekit_rrm_CAowi469DA:productID":"","footnotes":""},"class_list":["post-101298","page","type-page","status-publish","hentry"],"_links":{"self":[{"href":"https:\/\/bcmgroup.in\/hr\/wp-json\/wp\/v2\/pages\/101298","targetHints":{"allow":["GET"]}}],"collection":[{"href":"https:\/\/bcmgroup.in\/hr\/wp-json\/wp\/v2\/pages"}],"about":[{"href":"https:\/\/bcmgroup.in\/hr\/wp-json\/wp\/v2\/types\/page"}],"author":[{"embeddable":true,"href":"https:\/\/bcmgroup.in\/hr\/wp-json\/wp\/v2\/users\/5"}],"replies":[{"embeddable":true,"href":"https:\/\/bcmgroup.in\/hr\/wp-json\/wp\/v2\/comments?post=101298"}],"version-history":[{"count":35,"href":"https:\/\/bcmgroup.in\/hr\/wp-json\/wp\/v2\/pages\/101298\/revisions"}],"predecessor-version":[{"id":105617,"href":"https:\/\/bcmgroup.in\/hr\/wp-json\/wp\/v2\/pages\/101298\/revisions\/105617"}],"up":[{"embeddable":true,"href":"https:\/\/bcmgroup.in\/hr\/wp-json\/wp\/v2\/pages\/65983"}],"wp:attachment":[{"href":"https:\/\/bcmgroup.in\/hr\/wp-json\/wp\/v2\/media?parent=101298"}],"curies":[{"name":"wp","href":"https:\/\/api.w.org\/{rel}","templated":true}]}}