{"id":66579,"date":"2023-06-08T07:40:01","date_gmt":"2023-06-08T07:40:01","guid":{"rendered":"https:\/\/bcmgroup.in\/votke-uhendust\/"},"modified":"2025-07-30T13:54:50","modified_gmt":"2025-07-30T13:54:50","slug":"votke-uhendust","status":"publish","type":"page","link":"https:\/\/bcmgroup.in\/et\/votke-uhendust\/","title":{"rendered":"V\u00f5tke \u00fchendust"},"content":{"rendered":"\t\t<div data-elementor-type=\"wp-page\" data-elementor-id=\"66579\" class=\"elementor elementor-66579 elementor-17132\" data-elementor-post-type=\"page\">\n\t\t\t\t\t\t<section class=\"elementor-section elementor-top-section elementor-element elementor-element-7da5059 elementor-section-boxed elementor-section-height-default elementor-section-height-default\" data-id=\"7da5059\" data-element_type=\"section\">\n\t\t\t\t\t\t<div class=\"elementor-container elementor-column-gap-default\">\n\t\t\t\t\t<div class=\"elementor-column elementor-col-100 elementor-top-column elementor-element elementor-element-f594441\" data-id=\"f594441\" data-element_type=\"column\">\n\t\t\t<div class=\"elementor-widget-wrap elementor-element-populated\">\n\t\t\t\t\t\t<div class=\"elementor-element elementor-element-f1ef5a6 elementor-widget__width-initial elementor-widget elementor-widget-gimont_elementor_heading\" data-id=\"f1ef5a6\" data-element_type=\"widget\" data-widget_type=\"gimont_elementor_heading.default\">\n\t\t\t\t<div class=\"elementor-widget-container\">\n\t\t\t\t\t\n\t\t\t<div class=\"ova-heading template_1\">\n\t\t\t\t\t\t\t\t\t\t\t\t\t\t\t<span class=\"line\"><\/span>\n\t\t\t\t\t\t\t\t\t\t<span class=\"subtitle\">V\u00d5TA MEIEGA \u00dcHENDUST<\/span>\n\t\t\t\t\t\t\t\t\t\t\t\t\t\n\t\t\t\t\t\t\t\t\t\t\t\t\t\t\t<h1 class=\"title\">V\u00f5tke julgelt \u00fchendust meeskonnaga\n<\/h1>\n\t\t\t\t\t\t\t\t\t\t\n\t\t\t\t\t\t\t\t\n\t\t\t\t\n\t\t\t<\/div>\n\n\t\t\t\t\t\t<\/div>\n\t\t\t\t<\/div>\n\t\t\t\t\t<\/div>\n\t\t<\/div>\n\t\t\t\t\t<\/div>\n\t\t<\/section>\n\t\t\t\t<section class=\"elementor-section elementor-top-section elementor-element elementor-element-7d17241 elementor-section-boxed elementor-section-height-default elementor-section-height-default\" data-id=\"7d17241\" data-element_type=\"section\">\n\t\t\t\t\t\t<div class=\"elementor-container elementor-column-gap-default\">\n\t\t\t\t\t<div class=\"elementor-column elementor-col-33 elementor-top-column elementor-element elementor-element-1462951\" data-id=\"1462951\" data-element_type=\"column\">\n\t\t\t<div class=\"elementor-widget-wrap elementor-element-populated\">\n\t\t\t\t\t\t<div class=\"elementor-element elementor-element-002dce2 elementor-widget elementor-widget-gimont_elementor_contact_info\" data-id=\"002dce2\" data-element_type=\"widget\" data-widget_type=\"gimont_elementor_contact_info.default\">\n\t\t\t\t<div class=\"elementor-widget-container\">\n\t\t\t\t\t\n\t\t<ul class=\"ova-contact-info\">\n\t\t\t\t\t\t\t\t\t\t\t\t\t\t\t\n\t\t\t\t<li class=\"item\">\n\t\t\t\t\t<div class=\"icon\">\n\t\t\t\t\t\t<i aria-hidden=\"true\" class=\"gimonticon gimonticon-email\"><\/i>\t\t\t\t\t<\/div>\n\t\t\t\t\t<div class=\"info\">\n\t\t\t\t\t\t<span class=\"label\">Kirjutage e-kiri<\/span>\n\t\t\t\t\t\t<h3 class=\"text\">\n\n\t\t\t\t\t\t\t\n\t\t\t\t\t\t\t\t<a href=\"mailto:info@bcmgroup.in\"\n\t\t\t\t\t\t\t\t\ttitle=\"email\"\n\t\t\t\t\t\t\t\t\ttarget=\"_blank\" >\n\t\t\t\t\t\t\t\t\tinfo@bcmgroup.in\t\t\t\t\t\t\t\t<\/a>\n\n\t\t\t\t\t\t\t\n\t\t\t\t\t\t<\/h3>\n\t\t\t\t\t<\/div>\n\t\t\t\t<\/li>\n\n\t\t\t\t\t\t\t\t\t\t\t\t\n\t\t\t\t<li class=\"item\">\n\t\t\t\t\t<div class=\"icon\">\n\t\t\t\t\t\t<i aria-hidden=\"true\" class=\"gimonticon gimonticon-email\"><\/i>\t\t\t\t\t<\/div>\n\t\t\t\t\t<div class=\"info\">\n\t\t\t\t\t\t<span class=\"label\">Helistage meile<\/span>\n\t\t\t\t\t\t<h3 class=\"text\">\n\n\t\t\t\t\t\t\t\n\t\t\t\t\t\t\t\t<a href=\"tel:Tel:%20+40%20376300308\"\n\t\t\t\t\t\t\t\t\ttitle=\"phone\"\n\t\t\t\t\t\t\t\t\ttarget=\"_blank\" >\n\t\t\t\t\t\t\t\t\t+40 376300308 \/ +91 9168688830\t\t\t\t\t\t\t\t<\/a>\n\n\t\t\t\t\t\t\t\n\t\t\t\t\t\t<\/h3>\n\t\t\t\t\t<\/div>\n\t\t\t\t<\/li>\n\n\t\t\t\t\t\t\t\t\t\t\t\t\n\t\t\t\t<li class=\"item\">\n\t\t\t\t\t<div class=\"icon\">\n\t\t\t\t\t\t<i aria-hidden=\"true\" class=\"gimonticon gimonticon-location\"><\/i>\t\t\t\t\t<\/div>\n\t\t\t\t\t<div class=\"info\">\n\t\t\t\t\t\t<span class=\"label\">K\u00fclasta igal ajal<\/span>\n\t\t\t\t\t\t<h3 class=\"text\">\n\n\t\t\t\t\t\t\t\n\t\t\t\t\t\t\t\t<a href=\"https:\/\/www.google.com\/maps\/place\/Amanora+Chambers\/@18.5181872,73.9359743,17z\/data=!3m2!4b1!5s0x3bc2c220a783bf57:0x9cc40d05a77fb22d!4m6!3m5!1s0x3bc2c22241555591:0x55b4e980eb492d65!8m2!3d18.5181872!4d73.9359743!16s%2Fg%2F1pp2twc8t?entry=ttu&#038;g_ep=EgoyMDI0MTExOC4wIKXMDSoJLDEwMjExMjM0SAFQAw%3D%3D\" title=\"409, 4th Floor, Amanora Chambers, Amanora Mall, Near Magarpatta City, Hadapsar, Pune \u2013 411028\" target=\"_blank\" rel=\"noopener\">\n\t\t\t\t\t\t\t\t\t409, 4th Floor, Amanora Chambers, Amanora Mall, Near Magarpatta City, Hadapsar, Pune \u2013 411028\t\t\t\t\t\t\t\t<\/a>\n\n\t\t\t\t\t\t\t\n\t\t\t\t\t\t<\/h3>\n\t\t\t\t\t<\/div>\n\t\t\t\t<\/li>\n\n\t\t\t\t\t\t\t\t\t<\/ul>\n\t\t\t\t\t\t<\/div>\n\t\t\t\t<\/div>\n\t\t\t\t\t<\/div>\n\t\t<\/div>\n\t\t\t\t<div class=\"elementor-column elementor-col-66 elementor-top-column elementor-element elementor-element-a10971d\" data-id=\"a10971d\" data-element_type=\"column\">\n\t\t\t<div class=\"elementor-widget-wrap elementor-element-populated\">\n\t\t\t\t\t\t<div class=\"elementor-element elementor-element-9bc674e elementor-widget elementor-widget-shortcode\" data-id=\"9bc674e\" data-element_type=\"widget\" data-widget_type=\"shortcode.default\">\n\t\t\t\t<div class=\"elementor-widget-container\">\n\t\t\t\t\t\t\t<div class=\"elementor-shortcode\"><div class='fluentform ff-default fluentform_wrapper_45 ffs_default_wrap'><form data-form_id=\"45\" id=\"fluentform_45\" class=\"frm-fluent-form fluent_form_45 ff-el-form-top ff_form_instance_45_1 ff-form-loading ffs_default\" data-form_instance=\"ff_form_instance_45_1\" method=\"POST\" ><fieldset  style=\"border: none!important;margin: 0!important;padding: 0!important;background-color: transparent!important;box-shadow: none!important;outline: none!important; min-inline-size: 100%;\">\n                    <legend class=\"ff_screen_reader_title\" style=\"display: block; margin: 0!important;padding: 0!important;height: 0!important;text-indent: -999999px;width: 0!important;overflow:hidden;\">Contact Form Estonia<\/legend><p style=\"display: none !important;\" class=\"akismet-fields-container\" data-prefix=\"ak_\"><label>&#916;<textarea name=\"ak_hp_textarea\" cols=\"45\" rows=\"8\" maxlength=\"100\"><\/textarea><\/label><input type=\"hidden\" id=\"ak_js_1\" name=\"ak_js\" value=\"99\"\/><script>document.getElementById( \"ak_js_1\" ).setAttribute( \"value\", ( new Date() ).getTime() );<\/script><\/p><input type='hidden' name='__fluent_form_embded_post_id' value='66579' \/><input type=\"hidden\" id=\"_fluentform_45_fluentformnonce\" name=\"_fluentform_45_fluentformnonce\" value=\"371fc2d173\" \/><input type=\"hidden\" name=\"_wp_http_referer\" value=\"\/et\/wp-json\/wp\/v2\/pages\/66579\" \/><div data-type=\"name-element\" data-name=\"names\" class=\" ff-field_container ff-name-field-wrapper\" ><div class='ff-t-container'><div class='ff-t-cell '><div class='ff-el-group ff-el-form-top'><div class=\"ff-el-input--label ff-el-is-required asterisk-right\"><label for='ff_45_names_first_name_' id='label_ff_45_names_first_name_' >T\u00e4isnimi<\/label><\/div><div class='ff-el-input--content'><input type=\"text\" name=\"names[first_name]\" id=\"ff_45_names_first_name_\" class=\"ff-el-form-control\" placeholder=\"Sisesta oma t\u00e4isnimi\" aria-invalid=\"false\" aria-required=true><\/div><\/div><\/div><\/div><\/div><div class='ff-el-group'><div class=\"ff-el-input--label ff-el-is-required asterisk-right\"><label for='ff_45_email' id='label_ff_45_email' aria-label=\"E-post\">E-post<\/label><\/div><div class='ff-el-input--content'><input type=\"email\" name=\"email\" id=\"ff_45_email\" class=\"ff-el-form-control\" placeholder=\"E-posti aadress\" data-name=\"email\"  aria-invalid=\"false\" aria-required=true><\/div><\/div><div class='ff-el-group'><div class=\"ff-el-input--label ff-el-is-required asterisk-right\"><label for='ff_45_input_text' id='label_ff_45_input_text' aria-label=\"Telefoninumber\">Telefoninumber<\/label><\/div><div class='ff-el-input--content'><input type=\"text\" name=\"input_text\" class=\"ff-el-form-control\" placeholder=\"Telefoninumber\" data-name=\"input_text\" id=\"ff_45_input_text\"  aria-invalid=\"false\" aria-required=true><\/div><\/div><div class='ff-el-group'><div class=\"ff-el-input--label asterisk-right\"><label for='ff_45_input_text_2' id='label_ff_45_input_text_2' aria-label=\"Teie s\u00f5num\">Teie s\u00f5num<\/label><\/div><div class='ff-el-input--content'><input type=\"text\" name=\"input_text_2\" class=\"ff-el-form-control\" placeholder=\"Teie s\u00f5num\" data-name=\"input_text_2\" id=\"ff_45_input_text_2\"  aria-invalid=\"false\" aria-required=false><\/div><\/div><div class='ff-el-group ff-text-left ff_submit_btn_wrapper'><button type=\"submit\" class=\"ff-btn ff-btn-submit ff-btn-md ff_btn_style\"  aria-label=\"Saada s\u00f5num\">Saada s\u00f5num<\/button><\/div><\/fieldset><\/form><div id='fluentform_45_errors' class='ff-errors-in-stack ff_form_instance_45_1 ff-form-loading_errors ff_form_instance_45_1_errors'><\/div><\/div>            <script type=\"text\/javascript\">\n                window.fluent_form_ff_form_instance_45_1 = {\"id\":\"45\",\"settings\":{\"layout\":{\"labelPlacement\":\"top\",\"asteriskPlacement\":\"asterisk-right\",\"helpMessagePlacement\":\"with_label\",\"errorMessagePlacement\":\"inline\",\"cssClassName\":\"\"},\"restrictions\":{\"denyEmptySubmission\":{\"enabled\":false}}},\"form_instance\":\"ff_form_instance_45_1\",\"form_id_selector\":\"fluentform_45\",\"rules\":{\"names[first_name]\":{\"required\":{\"value\":true,\"message\":\"This field is required\",\"global_message\":\"This field is required\",\"global\":true}},\"names[middle_name]\":{\"required\":{\"value\":false,\"message\":\"This field is required\",\"global_message\":\"This field is required\",\"global\":true}},\"names[last_name]\":{\"required\":{\"value\":false,\"message\":\"This field is required\",\"global_message\":\"This field is required\",\"global\":true}},\"email\":{\"required\":{\"value\":true,\"message\":\"This field is required\",\"global_message\":\"This field is required\",\"global\":true},\"email\":{\"value\":true,\"message\":\"This field must contain a valid email\",\"global_message\":\"This field must contain a valid email\",\"global\":true}},\"input_text\":{\"required\":{\"value\":true,\"message\":\"This field is required\",\"global_message\":\"This field is required\",\"global\":true}},\"input_text_2\":{\"required\":{\"value\":false,\"message\":\"This field is required\",\"global_message\":\"This field is required\",\"global\":true}}},\"debounce_time\":300};\n                            <\/script>\n            <\/div>\n\t\t\t\t\t\t<\/div>\n\t\t\t\t<\/div>\n\t\t\t\t\t<\/div>\n\t\t<\/div>\n\t\t\t\t\t<\/div>\n\t\t<\/section>\n\t\t\t\t<\/div>\n\t\t","protected":false},"excerpt":{"rendered":"<p>V\u00d5TA MEIEGA \u00dcHENDUST V\u00f5tke julgelt \u00fchendust meeskonnaga Kirjutage e-kiri info@bcmgroup.in Helistage meile +40 376300308 \/ +91 9168688830 K\u00fclasta igal ajal 409, 4th Floor, Amanora Chambers, Amanora Mall, Near Magarpatta City, Hadapsar, Pune \u2013 411028<\/p>\n","protected":false},"author":1,"featured_media":0,"parent":0,"menu_order":0,"comment_status":"closed","ping_status":"closed","template":"elementor_header_footer","meta":{"googlesitekit_rrm_CAowi469DA:productID":"","footnotes":""},"class_list":["post-66579","page","type-page","status-publish","hentry"],"_links":{"self":[{"href":"https:\/\/bcmgroup.in\/et\/wp-json\/wp\/v2\/pages\/66579","targetHints":{"allow":["GET"]}}],"collection":[{"href":"https:\/\/bcmgroup.in\/et\/wp-json\/wp\/v2\/pages"}],"about":[{"href":"https:\/\/bcmgroup.in\/et\/wp-json\/wp\/v2\/types\/page"}],"author":[{"embeddable":true,"href":"https:\/\/bcmgroup.in\/et\/wp-json\/wp\/v2\/users\/1"}],"replies":[{"embeddable":true,"href":"https:\/\/bcmgroup.in\/et\/wp-json\/wp\/v2\/comments?post=66579"}],"version-history":[{"count":14,"href":"https:\/\/bcmgroup.in\/et\/wp-json\/wp\/v2\/pages\/66579\/revisions"}],"predecessor-version":[{"id":94448,"href":"https:\/\/bcmgroup.in\/et\/wp-json\/wp\/v2\/pages\/66579\/revisions\/94448"}],"wp:attachment":[{"href":"https:\/\/bcmgroup.in\/et\/wp-json\/wp\/v2\/media?parent=66579"}],"curies":[{"name":"wp","href":"https:\/\/api.w.org\/{rel}","templated":true}]}}