{"id":66559,"date":"2023-06-07T01:47:42","date_gmt":"2023-06-07T01:47:42","guid":{"rendered":"https:\/\/bcmgroup.in\/tere-tulemast-bcm-groupi-privaatsuspoliitikasse\/"},"modified":"2025-12-03T10:19:05","modified_gmt":"2025-12-03T10:19:05","slug":"tere-tulemast-bcm-groupi-privaatsuspoliitikasse","status":"publish","type":"page","link":"https:\/\/bcmgroup.in\/et\/tere-tulemast-bcm-groupi-privaatsuspoliitikasse\/","title":{"rendered":"Tere tulemast BCM Groupi privaatsuspoliitikasse:"},"content":{"rendered":"\t\t<div data-elementor-type=\"wp-page\" data-elementor-id=\"66559\" class=\"elementor elementor-66559 elementor-17128\" data-elementor-post-type=\"page\">\n\t\t\t\t<div class=\"elementor-element elementor-element-2ac4eaf e-flex e-con-boxed e-con e-parent\" data-id=\"2ac4eaf\" data-element_type=\"container\">\n\t\t\t\t\t<div class=\"e-con-inner\">\n\t\t\t\t<div class=\"elementor-element elementor-element-a025e1c elementor-widget elementor-widget-heading\" data-id=\"a025e1c\" data-element_type=\"widget\" data-widget_type=\"heading.default\">\n\t\t\t\t<div class=\"elementor-widget-container\">\n\t\t\t\t\t<h1 class=\"elementor-heading-title elementor-size-default\">Tere Tulemast BCM Groupi privaatsuspoliitikasse:<\/h1>\t\t\t\t<\/div>\n\t\t\t\t<\/div>\n\t\t\t\t\t<\/div>\n\t\t\t\t<\/div>\n\t\t<div class=\"elementor-element elementor-element-537681c e-flex e-con-boxed e-con e-parent\" data-id=\"537681c\" data-element_type=\"container\">\n\t\t\t\t\t<div class=\"e-con-inner\">\n\t\t\t\t<div class=\"elementor-element elementor-element-e4f0416 elementor-widget elementor-widget-text-editor\" data-id=\"e4f0416\" data-element_type=\"widget\" data-widget_type=\"text-editor.default\">\n\t\t\t\t<div class=\"elementor-widget-container\">\n\t\t\t\t\t\t\t\t\t<p>BCM Groupis oleme p\u00fchendunud teie privaatsuse kaitsmisele ja teie isikuandmete vastutustundliku k\u00e4sitlemise tagamisele. See privaatsuspoliitika kirjeldab, kuidas me kogume, kasutame, avaldame ja kaitseme teie teavet, kui k\u00fclastate meie veebisaiti v\u00f5i suhtlete meiega digitaalse turundustegevuse kaudu.<\/p>\t\t\t\t\t\t\t\t<\/div>\n\t\t\t\t<\/div>\n\t\t\t\t\t<\/div>\n\t\t\t\t<\/div>\n\t\t<div class=\"elementor-element elementor-element-21c4950 e-flex e-con-boxed e-con e-parent\" data-id=\"21c4950\" data-element_type=\"container\">\n\t\t\t\t\t<div class=\"e-con-inner\">\n\t\t\t\t<div class=\"elementor-element elementor-element-f4b1fd6 elementor-widget elementor-widget-heading\" data-id=\"f4b1fd6\" data-element_type=\"widget\" data-widget_type=\"heading.default\">\n\t\t\t\t<div class=\"elementor-widget-container\">\n\t\t\t\t\t<h2 class=\"elementor-heading-title elementor-size-default\">1. Kogutav teave\n<\/h2>\t\t\t\t<\/div>\n\t\t\t\t<\/div>\n\t\t\t\t\t<\/div>\n\t\t\t\t<\/div>\n\t\t<div class=\"elementor-element elementor-element-0f32693 e-flex e-con-boxed e-con e-parent\" data-id=\"0f32693\" data-element_type=\"container\">\n\t\t\t\t\t<div class=\"e-con-inner\">\n\t\t\t\t<div class=\"elementor-element elementor-element-06702e0 elementor-widget elementor-widget-text-editor\" data-id=\"06702e0\" data-element_type=\"widget\" data-widget_type=\"text-editor.default\">\n\t\t\t\t<div class=\"elementor-widget-container\">\n\t\t\t\t\t\t\t\t\t<ul>\n<li><strong>Isikuandmed: <\/strong>Kui k\u00fclastate meie veebisaiti v\u00f5i osalete meie digitaalse turunduse tegevustes, v\u00f5ime koguda isikuandmeid, nagu teie nimi, e-posti aadress, telefoninumber ja muu teave, mida te vabatahtlikult esitate.<\/li>\n<li><strong>Kasutusandmed:<\/strong>\u00a0Me v\u00f5ime koguda teavet teie sirvimisk\u00e4itumise kohta meie veebisaidil, sealhulgas k\u00fclastatud lehed, kl\u00f5psatud lingid ja muud toimingud, mida teete.<\/li>\n<li><strong>Seadme andmed: <\/strong>Me v\u00f5ime koguda teavet seadme kohta, mida te meie veebisaidile juurdep\u00e4\u00e4suks v\u00f5i meie digitaalse turunduse tegevustega suhtlemiseks kasutate, n\u00e4iteks teie IP-aadress, brauseri t\u00fc\u00fcp ja operatsioonis\u00fcsteem.<\/li>\n<\/ul>\t\t\t\t\t\t\t\t<\/div>\n\t\t\t\t<\/div>\n\t\t\t\t\t<\/div>\n\t\t\t\t<\/div>\n\t\t<div class=\"elementor-element elementor-element-11a3f01 e-flex e-con-boxed e-con e-parent\" data-id=\"11a3f01\" data-element_type=\"container\">\n\t\t\t\t\t<div class=\"e-con-inner\">\n\t\t\t\t<div class=\"elementor-element elementor-element-4022cc9 elementor-widget elementor-widget-heading\" data-id=\"4022cc9\" data-element_type=\"widget\" data-widget_type=\"heading.default\">\n\t\t\t\t<div class=\"elementor-widget-container\">\n\t\t\t\t\t<h2 class=\"elementor-heading-title elementor-size-default\">2. Kuidas me teie teavet kasutame\n<\/h2>\t\t\t\t<\/div>\n\t\t\t\t<\/div>\n\t\t\t\t\t<\/div>\n\t\t\t\t<\/div>\n\t\t<div class=\"elementor-element elementor-element-e361457 e-flex e-con-boxed e-con e-parent\" data-id=\"e361457\" data-element_type=\"container\">\n\t\t\t\t\t<div class=\"e-con-inner\">\n\t\t\t\t<div class=\"elementor-element elementor-element-df48c57 elementor-widget elementor-widget-text-editor\" data-id=\"df48c57\" data-element_type=\"widget\" data-widget_type=\"text-editor.default\">\n\t\t\t\t<div class=\"elementor-widget-container\">\n\t\t\t\t\t\t\t\t\t<ul>\n<li><strong>Teenuste osutamiseks: <\/strong>Me v\u00f5ime teie isikuandmeid kasutada teile teie soovitud teenuste osutamiseks, n\u00e4iteks teie p\u00e4ringutele vastamiseks v\u00f5i teie t\u00f6\u00f6avalduste t\u00f6\u00f6tlemiseks.<\/li>\n<li><strong>Meie teenuste t\u00e4iustamiseks: <\/strong>Me v\u00f5ime kogutud teavet kasutada trendide anal\u00fc\u00fcsimiseks, kasutajate interaktsioonide j\u00e4lgimiseks ning meie veebisaidi ja teenuste kvaliteedi parandamiseks.<\/li>\n<li><strong>Turundus ja kommunikatsioon: <\/strong>Teie n\u00f5usolekul v\u00f5ime teie kontaktandmeid kasutada teile reklaammaterjalide, uudiskirjade v\u00f5i muu teabe saatmiseks meie teenuste v\u00f5i eelseisvate s\u00fcndmuste kohta.<\/li>\n<\/ul>\t\t\t\t\t\t\t\t<\/div>\n\t\t\t\t<\/div>\n\t\t\t\t\t<\/div>\n\t\t\t\t<\/div>\n\t\t<div class=\"elementor-element elementor-element-e77c1cf e-flex e-con-boxed e-con e-parent\" data-id=\"e77c1cf\" data-element_type=\"container\">\n\t\t\t\t\t<div class=\"e-con-inner\">\n\t\t\t\t<div class=\"elementor-element elementor-element-471a765 elementor-widget elementor-widget-heading\" data-id=\"471a765\" data-element_type=\"widget\" data-widget_type=\"heading.default\">\n\t\t\t\t<div class=\"elementor-widget-container\">\n\t\t\t\t\t<h2 class=\"elementor-heading-title elementor-size-default\">3. Andmete jagamine ja avalikustamine\n<\/h2>\t\t\t\t<\/div>\n\t\t\t\t<\/div>\n\t\t\t\t\t<\/div>\n\t\t\t\t<\/div>\n\t\t<div class=\"elementor-element elementor-element-8fb7bc8 e-flex e-con-boxed e-con e-parent\" data-id=\"8fb7bc8\" data-element_type=\"container\">\n\t\t\t\t\t<div class=\"e-con-inner\">\n\t\t\t\t<div class=\"elementor-element elementor-element-4dd0c03 elementor-widget elementor-widget-text-editor\" data-id=\"4dd0c03\" data-element_type=\"widget\" data-widget_type=\"text-editor.default\">\n\t\t\t\t<div class=\"elementor-widget-container\">\n\t\t\t\t\t\t\t\t\t<ul>\n<li><strong>Kolmanda osapoole teenusepakkujad: <\/strong>Me v\u00f5ime jagada teie teavet kolmanda osapoole teenusepakkujatega, kes abistavad meid meie veebisaidi haldamisel, \u00e4ritegevuse l\u00e4biviimisel v\u00f5i teile teenuste osutamisel. Need teenusepakkujad on lepinguliselt kohustatud kasutama teie teavet ainult meie poolt taotletud teenuste osutamiseks vajalikul m\u00e4\u00e4ral.<\/li>\n<li><strong>\u00d5igusnormide j\u00e4rgimine: <\/strong>Me v\u00f5ime teie andmeid avaldada, kui seda n\u00f5uab seadus v\u00f5i vastuseks kehtivatele juriidilistele taotlustele, n\u00e4iteks kohtukutsele v\u00f5i kohtum\u00e4\u00e4rusele.<\/li>\n<\/ul>\t\t\t\t\t\t\t\t<\/div>\n\t\t\t\t<\/div>\n\t\t\t\t\t<\/div>\n\t\t\t\t<\/div>\n\t\t<div class=\"elementor-element elementor-element-a045219 e-flex e-con-boxed e-con e-parent\" data-id=\"a045219\" data-element_type=\"container\">\n\t\t\t\t\t<div class=\"e-con-inner\">\n\t\t\t\t<div class=\"elementor-element elementor-element-21cf900 elementor-widget elementor-widget-heading\" data-id=\"21cf900\" data-element_type=\"widget\" data-widget_type=\"heading.default\">\n\t\t\t\t<div class=\"elementor-widget-container\">\n\t\t\t\t\t<h2 class=\"elementor-heading-title elementor-size-default\">4. Andmeturve\n<\/h2>\t\t\t\t<\/div>\n\t\t\t\t<\/div>\n\t\t\t\t\t<\/div>\n\t\t\t\t<\/div>\n\t\t<div class=\"elementor-element elementor-element-6e6b68c e-flex e-con-boxed e-con e-parent\" data-id=\"6e6b68c\" data-element_type=\"container\">\n\t\t\t\t\t<div class=\"e-con-inner\">\n\t\t\t\t<div class=\"elementor-element elementor-element-871b73f elementor-widget elementor-widget-text-editor\" data-id=\"871b73f\" data-element_type=\"widget\" data-widget_type=\"text-editor.default\">\n\t\t\t\t<div class=\"elementor-widget-container\">\n\t\t\t\t\t\t\t\t\t<p>Rakendame m\u00f5istlikke ettevaatusabin\u00f5usid teie isikuandmete kaitsmiseks volitamata juurdep\u00e4\u00e4su, kasutamise v\u00f5i avalikustamise eest. Siiski ei ole \u00fckski interneti v\u00f5i elektroonilise salvestuse kaudu edastamise meetod 100% turvaline ja me ei saa garanteerida absoluutset turvalisust.<\/p>\t\t\t\t\t\t\t\t<\/div>\n\t\t\t\t<\/div>\n\t\t\t\t\t<\/div>\n\t\t\t\t<\/div>\n\t\t<div class=\"elementor-element elementor-element-36e67d6 e-flex e-con-boxed e-con e-parent\" data-id=\"36e67d6\" data-element_type=\"container\">\n\t\t\t\t\t<div class=\"e-con-inner\">\n\t\t\t\t<div class=\"elementor-element elementor-element-0c24e85 elementor-widget elementor-widget-heading\" data-id=\"0c24e85\" data-element_type=\"widget\" data-widget_type=\"heading.default\">\n\t\t\t\t<div class=\"elementor-widget-container\">\n\t\t\t\t\t<h2 class=\"elementor-heading-title elementor-size-default\">5. Teie \u00f5igused\n<\/h2>\t\t\t\t<\/div>\n\t\t\t\t<\/div>\n\t\t\t\t\t<\/div>\n\t\t\t\t<\/div>\n\t\t<div class=\"elementor-element elementor-element-6ec7eae e-flex e-con-boxed e-con e-parent\" data-id=\"6ec7eae\" data-element_type=\"container\">\n\t\t\t\t\t<div class=\"e-con-inner\">\n\t\t\t\t<div class=\"elementor-element elementor-element-6bfa203 elementor-widget elementor-widget-text-editor\" data-id=\"6bfa203\" data-element_type=\"widget\" data-widget_type=\"text-editor.default\">\n\t\t\t\t<div class=\"elementor-widget-container\">\n\t\t\t\t\t\t\t\t\t<ul>\n<li><strong>Juurdep\u00e4\u00e4s ja parandamine: <\/strong>Teil on \u00f5igus juurde p\u00e4\u00e4seda ja parandada mis tahes isikuandmeid, mida me teie kohta hoiame. Samuti v\u00f5ite taotleda oma isikuandmete kustutamist, v\u00e4lja arvatud teatud erandid.<\/li>\n<li><strong>Turunduseelistused: <\/strong>Teil on igal ajal \u00f5igus loobuda meilt turunduskommunikatsiooni saamisest. Seda saate teha meie e-kirjades sisalduvaid tellimuse t\u00fchistamise juhiseid j\u00e4rgides v\u00f5i meiega otse \u00fchendust v\u00f5ttes.<\/li>\n<\/ul>\t\t\t\t\t\t\t\t<\/div>\n\t\t\t\t<\/div>\n\t\t\t\t\t<\/div>\n\t\t\t\t<\/div>\n\t\t<div class=\"elementor-element elementor-element-b7074ce e-flex e-con-boxed e-con e-parent\" data-id=\"b7074ce\" data-element_type=\"container\">\n\t\t\t\t\t<div class=\"e-con-inner\">\n\t\t\t\t<div class=\"elementor-element elementor-element-e33032c elementor-widget elementor-widget-heading\" data-id=\"e33032c\" data-element_type=\"widget\" data-widget_type=\"heading.default\">\n\t\t\t\t<div class=\"elementor-widget-container\">\n\t\t\t\t\t<h2 class=\"elementor-heading-title elementor-size-default\">6. Selle privaatsuspoliitika muudatused\n<\/h2>\t\t\t\t<\/div>\n\t\t\t\t<\/div>\n\t\t\t\t\t<\/div>\n\t\t\t\t<\/div>\n\t\t<div class=\"elementor-element elementor-element-30f87fc e-flex e-con-boxed e-con e-parent\" data-id=\"30f87fc\" data-element_type=\"container\">\n\t\t\t\t\t<div class=\"e-con-inner\">\n\t\t\t\t<div class=\"elementor-element elementor-element-3939065 elementor-widget elementor-widget-text-editor\" data-id=\"3939065\" data-element_type=\"widget\" data-widget_type=\"text-editor.default\">\n\t\t\t\t<div class=\"elementor-widget-container\">\n\t\t\t\t\t\t\t\t\t<p>V\u00f5ime seda privaatsuspoliitikat aeg-ajalt v\u00e4rskendada, et kajastada muudatusi meie tavades v\u00f5i juriidilistes n\u00f5uetes. Teavitame teid k\u00f5igist olulistest muudatustest, postitades uuendatud poliitika meie veebisaidile v\u00f5i v\u00f5ttes teiega otse \u00fchendust.<\/p>\t\t\t\t\t\t\t\t<\/div>\n\t\t\t\t<\/div>\n\t\t\t\t\t<\/div>\n\t\t\t\t<\/div>\n\t\t<div class=\"elementor-element elementor-element-2c02714 e-flex e-con-boxed e-con e-parent\" data-id=\"2c02714\" data-element_type=\"container\">\n\t\t\t\t\t<div class=\"e-con-inner\">\n\t\t\t\t<div class=\"elementor-element elementor-element-bf84d41 elementor-widget elementor-widget-heading\" data-id=\"bf84d41\" data-element_type=\"widget\" data-widget_type=\"heading.default\">\n\t\t\t\t<div class=\"elementor-widget-container\">\n\t\t\t\t\t<h2 class=\"elementor-heading-title elementor-size-default\"><a href=\"https:\/\/bcmgroup.in\/et\/votke-uhendust\/\">7. V\u00f5tke meiega \u00fchendust\n<\/a><\/h2>\t\t\t\t<\/div>\n\t\t\t\t<\/div>\n\t\t\t\t\t<\/div>\n\t\t\t\t<\/div>\n\t\t<div class=\"elementor-element elementor-element-2c49fa1 e-flex e-con-boxed e-con e-parent\" data-id=\"2c49fa1\" data-element_type=\"container\">\n\t\t\t\t\t<div class=\"e-con-inner\">\n\t\t\t\t<div class=\"elementor-element elementor-element-2daaba5 elementor-widget elementor-widget-text-editor\" data-id=\"2daaba5\" data-element_type=\"widget\" data-widget_type=\"text-editor.default\">\n\t\t\t\t<div class=\"elementor-widget-container\">\n\t\t\t\t\t\t\t\t\t<p>Kui teil on selle privaatsuspoliitika v\u00f5i meie andmetavade kohta k\u00fcsimusi v\u00f5i muresid, v\u00f5tke meiega \u00fchendust aadressil: <a href=\"mailto:info@bcmgroup.in\" target=\"_blank\" rel=\"noreferrer noopener\">info@bcmgroup.in<br \/><\/a>Meie veebisaidi kasutamise v\u00f5i meie digitaalse turunduse tegevustega suhtlemise kaudu n\u00f5ustute k\u00e4esolevate privaatsuspoliitika tingimustega.<\/p>\t\t\t\t\t\t\t\t<\/div>\n\t\t\t\t<\/div>\n\t\t\t\t\t<\/div>\n\t\t\t\t<\/div>\n\t\t\t\t<\/div>\n\t\t","protected":false},"excerpt":{"rendered":"<p>Tere Tulemast BCM Groupi privaatsuspoliitikasse: BCM Groupis oleme p\u00fchendunud teie privaatsuse kaitsmisele ja teie isikuandmete vastutustundliku k\u00e4sitlemise tagamisele. See privaatsuspoliitika kirjeldab, kuidas me kogume, kasutame, avaldame ja kaitseme teie teavet, kui k\u00fclastate meie veebisaiti v\u00f5i suhtlete meiega digitaalse turundustegevuse kaudu. 1. Kogutav teave Isikuandmed: Kui k\u00fclastate meie veebisaiti v\u00f5i osalete meie digitaalse turunduse tegevustes, v\u00f5ime [&hellip;]<\/p>\n","protected":false},"author":1,"featured_media":0,"parent":0,"menu_order":0,"comment_status":"closed","ping_status":"open","template":"elementor_canvas","meta":{"googlesitekit_rrm_CAowi469DA:productID":"","footnotes":""},"class_list":["post-66559","page","type-page","status-publish","hentry"],"_links":{"self":[{"href":"https:\/\/bcmgroup.in\/et\/wp-json\/wp\/v2\/pages\/66559","targetHints":{"allow":["GET"]}}],"collection":[{"href":"https:\/\/bcmgroup.in\/et\/wp-json\/wp\/v2\/pages"}],"about":[{"href":"https:\/\/bcmgroup.in\/et\/wp-json\/wp\/v2\/types\/page"}],"author":[{"embeddable":true,"href":"https:\/\/bcmgroup.in\/et\/wp-json\/wp\/v2\/users\/1"}],"replies":[{"embeddable":true,"href":"https:\/\/bcmgroup.in\/et\/wp-json\/wp\/v2\/comments?post=66559"}],"version-history":[{"count":10,"href":"https:\/\/bcmgroup.in\/et\/wp-json\/wp\/v2\/pages\/66559\/revisions"}],"predecessor-version":[{"id":117463,"href":"https:\/\/bcmgroup.in\/et\/wp-json\/wp\/v2\/pages\/66559\/revisions\/117463"}],"wp:attachment":[{"href":"https:\/\/bcmgroup.in\/et\/wp-json\/wp\/v2\/media?parent=66559"}],"curies":[{"name":"wp","href":"https:\/\/api.w.org\/{rel}","templated":true}]}}