{"id":66175,"date":"2024-03-10T04:10:36","date_gmt":"2024-03-10T04:10:36","guid":{"rendered":"https:\/\/bcmgroup.in\/bcm-i-kohta\/"},"modified":"2025-08-08T09:29:07","modified_gmt":"2025-08-08T09:29:07","slug":"bcm-i-kohta","status":"publish","type":"page","link":"https:\/\/bcmgroup.in\/et\/bcm-i-kohta\/","title":{"rendered":"BCM-i kohta"},"content":{"rendered":"\t\t<div data-elementor-type=\"wp-page\" data-elementor-id=\"66175\" class=\"elementor elementor-66175 elementor-18036\" data-elementor-post-type=\"page\">\n\t\t\t\t<div class=\"elementor-element elementor-element-98bb9dc e-grid e-con-full e-con e-parent\" data-id=\"98bb9dc\" data-element_type=\"container\">\n\t\t\t\t<div class=\"elementor-element elementor-element-b936d31 elementor-widget elementor-widget-image\" data-id=\"b936d31\" data-element_type=\"widget\" data-widget_type=\"image.default\">\n\t\t\t\t<div class=\"elementor-widget-container\">\n\t\t\t\t\t\t\t\t\t\t\t\t\t\t\t<img fetchpriority=\"high\" decoding=\"async\" width=\"1920\" height=\"820\" src=\"https:\/\/bcmgroup.in\/wp-content\/uploads\/2024\/04\/About-Us-BCM-GROUP.webp\" class=\"attachment-2048x2048 size-2048x2048 wp-image-50598\" alt=\"BCM Group - About Us\" srcset=\"https:\/\/bcmgroup.in\/wp-content\/uploads\/2024\/04\/About-Us-BCM-GROUP.webp 1920w, https:\/\/bcmgroup.in\/wp-content\/uploads\/2024\/04\/About-Us-BCM-GROUP-300x128.webp 300w, https:\/\/bcmgroup.in\/wp-content\/uploads\/2024\/04\/About-Us-BCM-GROUP-1024x437.webp 1024w, https:\/\/bcmgroup.in\/wp-content\/uploads\/2024\/04\/About-Us-BCM-GROUP-768x328.webp 768w, https:\/\/bcmgroup.in\/wp-content\/uploads\/2024\/04\/About-Us-BCM-GROUP-1536x656.webp 1536w, https:\/\/bcmgroup.in\/wp-content\/uploads\/2024\/04\/About-Us-BCM-GROUP-150x64.webp 150w\" sizes=\"(max-width: 1920px) 100vw, 1920px\" \/>\t\t\t\t\t\t\t\t\t\t\t\t\t\t\t<\/div>\n\t\t\t\t<\/div>\n\t\t\t\t<\/div>\n\t\t<div class=\"elementor-element elementor-element-fd4eac7 e-flex e-con-boxed e-con e-parent\" data-id=\"fd4eac7\" data-element_type=\"container\">\n\t\t\t\t\t<div class=\"e-con-inner\">\n\t\t\t\t<div class=\"elementor-element elementor-element-96808ce elementor-widget elementor-widget-spacer\" data-id=\"96808ce\" data-element_type=\"widget\" data-widget_type=\"spacer.default\">\n\t\t\t\t<div class=\"elementor-widget-container\">\n\t\t\t\t\t\t\t<div class=\"elementor-spacer\">\n\t\t\t<div class=\"elementor-spacer-inner\"><\/div>\n\t\t<\/div>\n\t\t\t\t\t\t<\/div>\n\t\t\t\t<\/div>\n\t\t\t\t\t<\/div>\n\t\t\t\t<\/div>\n\t\t<div class=\"elementor-element elementor-element-e502e64 e-flex e-con-boxed e-con e-parent\" data-id=\"e502e64\" data-element_type=\"container\">\n\t\t\t\t\t<div class=\"e-con-inner\">\n\t\t\t\t<div class=\"elementor-element elementor-element-08c082d elementor-widget elementor-widget-heading\" data-id=\"08c082d\" data-element_type=\"widget\" data-widget_type=\"heading.default\">\n\t\t\t\t<div class=\"elementor-widget-container\">\n\t\t\t\t\t<h1 class=\"elementor-heading-title elementor-size-default\">UNISTAGE, PLANEERIGE, TEHKE EDUSAMME.<\/h1>\t\t\t\t<\/div>\n\t\t\t\t<\/div>\n\t\t\t\t<div class=\"elementor-element elementor-element-47ce558 elementor-widget-divider--view-line elementor-widget elementor-widget-divider\" data-id=\"47ce558\" data-element_type=\"widget\" data-widget_type=\"divider.default\">\n\t\t\t\t<div class=\"elementor-widget-container\">\n\t\t\t\t\t\t\t<div class=\"elementor-divider\">\n\t\t\t<span class=\"elementor-divider-separator\">\n\t\t\t\t\t\t<\/span>\n\t\t<\/div>\n\t\t\t\t\t\t<\/div>\n\t\t\t\t<\/div>\n\t\t\t\t\t<\/div>\n\t\t\t\t<\/div>\n\t\t<div class=\"elementor-element elementor-element-0578e9b e-flex e-con-boxed e-con e-parent\" data-id=\"0578e9b\" data-element_type=\"container\" data-settings=\"{&quot;background_background&quot;:&quot;gradient&quot;}\">\n\t\t\t\t\t<div class=\"e-con-inner\">\n\t\t\t\t<div class=\"elementor-element elementor-element-c9606d9 elementor-widget elementor-widget-gimont_elementor_heading\" data-id=\"c9606d9\" data-element_type=\"widget\" data-widget_type=\"gimont_elementor_heading.default\">\n\t\t\t\t<div class=\"elementor-widget-container\">\n\t\t\t\t\t\n\t\t\t<div class=\"ova-heading template_1\">\n\t\t\t\t\t\t\t\t\n\t\t\t\t\t\t\t\t\t\t\t\t\t\t\t<h2 class=\"title\">Siin on see, mis teeb meid eristada kui v\u00e4lismaine t\u00f6\u00f6 konsultatsioonifirma\n<\/h2>\n\t\t\t\t\t\t\t\t\t\t\n\t\t\t\t\t\t\t\t\n\t\t\t\t\t\t\t\t\t<p class=\"desc\">BCM Group V\u00e4lismaal t\u00f6\u00f6alane n\u00f5ustamine on tipptasemel personaliteenuste pakkuja, mis asutati 2009. aastal eesm\u00e4rgiga pakkuda ettev\u00f5tetele k\u00f5ige sobivamaid spetsialiste. Me m\u00f5istame s\u00fcgavalt oma klientide vajadusi k\u00f5igis funktsionaalsetes valdkondades. Meie eksperdid omavad kogemusi juhtivate India ja rahvusvaheliste ettev\u00f5tetega ning tegutsevad valdkonnaspetsiifilistes meeskondades, mis on levinud riigis ja kogu riigis, pakkudes kohandatud v\u00e4rbamise lahendusi 26 t\u00f6\u00f6stusharus viimase 16+ aasta jooksul. Me \u00fcletame l\u00f5het t\u00f6\u00f6andjate ja kandidaatide vahel.<\/p>\n\t\t\t\t\n\t\t\t<\/div>\n\n\t\t\t\t\t\t<\/div>\n\t\t\t\t<\/div>\n\t\t\t\t\t<\/div>\n\t\t\t\t<\/div>\n\t\t<div class=\"elementor-element elementor-element-825abc5 e-flex e-con-boxed e-con e-parent\" data-id=\"825abc5\" data-element_type=\"container\">\n\t\t\t\t\t<div class=\"e-con-inner\">\n\t\t\t\t<div class=\"elementor-element elementor-element-feb1f2d elementor-widget elementor-widget-spacer\" data-id=\"feb1f2d\" data-element_type=\"widget\" data-widget_type=\"spacer.default\">\n\t\t\t\t<div class=\"elementor-widget-container\">\n\t\t\t\t\t\t\t<div class=\"elementor-spacer\">\n\t\t\t<div class=\"elementor-spacer-inner\"><\/div>\n\t\t<\/div>\n\t\t\t\t\t\t<\/div>\n\t\t\t\t<\/div>\n\t\t\t\t\t<\/div>\n\t\t\t\t<\/div>\n\t\t<div class=\"elementor-element elementor-element-17b8c43 e-con-full e-flex e-con e-parent\" data-id=\"17b8c43\" data-element_type=\"container\" data-settings=\"{&quot;background_background&quot;:&quot;gradient&quot;}\">\n\t\t<div class=\"elementor-element elementor-element-8a5e5b6 e-flex e-con-boxed e-con e-child\" data-id=\"8a5e5b6\" data-element_type=\"container\">\n\t\t\t\t\t<div class=\"e-con-inner\">\n\t\t\t\t<div class=\"elementor-element elementor-element-dc22eb7 elementor-widget elementor-widget-gimont_elementor_heading\" data-id=\"dc22eb7\" data-element_type=\"widget\" data-widget_type=\"gimont_elementor_heading.default\">\n\t\t\t\t<div class=\"elementor-widget-container\">\n\t\t\t\t\t\n\t\t\t<div class=\"ova-heading template_1\">\n\t\t\t\t\t\t\t\t\n\t\t\t\t\t\t\t\t\t\t\t\t\t\t\t<h2 class=\"title\">BCMi eesm\u00e4rkide kohta\n<\/h2>\n\t\t\t\t\t\t\t\t\t\t\n\t\t\t\t\t\t\t\t\n\t\t\t\t\t\t\t\t\t<p class=\"desc\">- M\u00f5ista, anal\u00fc\u00fcsida, hinnata ja teha kindlaks asjaomase ettev\u00f5tte\/organisatsioonide v\u00e4rbamisprobleem.\n- M\u00e4\u00e4ratleda ja kehtestada sobivad tegurid \/ standardid \/ parameetrid otsimiseks \/ personaliotsinguks ja viia need ellu n\u00f5utava t\u00f6\u00f6koha jaoks.\n- Intervjueerida, s\u00f5eluda, valida ja paigutada \u00f5igeid kandidaate sobivatele ametikohtadele ning soovitada neid meie lugupeetud klientidele. Logistika eest hoolitsedes lihtsustame m\u00f5lemat otsa.\n- Pakkuda teenuseid, mis on kehtestatud kokkulepitud parameetrite alusel, mis maksimeerivad nende kulude, aja ja j\u00f5upingutuste kasutamist seoses v\u00e4rbamislahendustega.\n- Meie eesm\u00e4rk on pakkuda globaalset vahendamist neile, kes soovivad laiendada oma silmaringi ja suunduda paremate karj\u00e4\u00e4riv\u00f5imaluste poole Euroopas, Aasias ja L\u00e4his-Idas. Oleme aidanud kujundada karj\u00e4\u00e4ri \u00fcle 20,000 professionaali.\n- Meil on v\u00e4ga silmapaistev kliendibaas ja me p\u00fc\u00fcame v\u00e4rvata k\u00f5rge kaliibriga spetsialiste k\u00f5igis funktsionaalsetes valdkondades, s\u00e4ilitades seel\u00e4bi v\u00e4ga tugeva ja esmaklassilise kandidaatide andmepanga. Meie kliendid v\u00f5ivad loota, et me suudame k\u00e4sitleda ka k\u00f5ige kriitilisemaid vajadusi v\u00f5imalikult l\u00fchikese aja jooksul, mis on praegusel areneval ajal \u00fclimalt oluline.\n<\/p>\n\t\t\t\t\n\t\t\t<\/div>\n\n\t\t\t\t\t\t<\/div>\n\t\t\t\t<\/div>\n\t\t\t\t\t<\/div>\n\t\t\t\t<\/div>\n\t\t\t\t<\/div>\n\t\t<div class=\"elementor-element elementor-element-babaaa6 e-flex e-con-boxed e-con e-parent\" data-id=\"babaaa6\" data-element_type=\"container\">\n\t\t\t\t\t<div class=\"e-con-inner\">\n\t\t\t\t<div class=\"elementor-element elementor-element-444cc3b elementor-widget elementor-widget-spacer\" data-id=\"444cc3b\" data-element_type=\"widget\" data-widget_type=\"spacer.default\">\n\t\t\t\t<div class=\"elementor-widget-container\">\n\t\t\t\t\t\t\t<div class=\"elementor-spacer\">\n\t\t\t<div class=\"elementor-spacer-inner\"><\/div>\n\t\t<\/div>\n\t\t\t\t\t\t<\/div>\n\t\t\t\t<\/div>\n\t\t\t\t\t<\/div>\n\t\t\t\t<\/div>\n\t\t<div class=\"elementor-element elementor-element-f3feacd e-flex e-con-boxed e-con e-parent\" data-id=\"f3feacd\" data-element_type=\"container\">\n\t\t\t\t\t<div class=\"e-con-inner\">\n\t\t<div class=\"elementor-element elementor-element-d970a7a e-con-full e-flex e-con e-child\" data-id=\"d970a7a\" data-element_type=\"container\">\n\t\t<div class=\"elementor-element elementor-element-5f1b212 e-con-full e-flex e-con e-child\" data-id=\"5f1b212\" data-element_type=\"container\">\n\t\t\t\t<div class=\"elementor-element elementor-element-544040e elementor-widget elementor-widget-gimont_elementor_heading\" data-id=\"544040e\" data-element_type=\"widget\" data-widget_type=\"gimont_elementor_heading.default\">\n\t\t\t\t<div class=\"elementor-widget-container\">\n\t\t\t\t\t\n\t\t\t<div class=\"ova-heading template_2\">\n\t\t\t\t\t\t\t\t\t\t\t\t\t\t<span class=\"subtitle\">Visioon<\/span>\n\t\t\t\t\t\t\t\t\t\t\t<span class=\"line\"><\/span>\n\t\t\t\t\t\t\t\t\t\t\t\t\t\n\t\t\t\t\t\t\t\t\n\t\t\t\t\t\t\t\t\t<p class=\"desc\">Me sirutame oma silmad taevasse!\nMeie visioon on t\u00e4iesti selge: meil on vaja saada \u00fcheks tipptasemel personalispetsialistide organisatsiooniks. Lisaks valmistuge selleks, et teie m\u00f5istus l\u00e4heb pahaks. Me ei peatu lihtsalt seal; me tahame olla parimad selles, mida me teeme. Nende p\u00f5him\u00f5tete kohaselt valmistuge kohtuma suurejoonelisusega, kuna me tervikuna oleme umbes! juhitud meeskond, selge visioon ja \u00fchine eesm\u00e4rk - HR-erksuse v\u00f5itnud valem. Me usume \u00fchte eesm\u00e4rki - olla parim!<\/p>\n\t\t\t\t\n\t\t\t<\/div>\n\n\t\t\t\t\t\t<\/div>\n\t\t\t\t<\/div>\n\t\t\t\t<\/div>\n\t\t\t\t<\/div>\n\t\t<div class=\"elementor-element elementor-element-c813f1c e-con-full e-flex e-con e-child\" data-id=\"c813f1c\" data-element_type=\"container\">\n\t\t<div class=\"elementor-element elementor-element-a5f04c2 e-flex e-con-boxed e-con e-child\" data-id=\"a5f04c2\" data-element_type=\"container\">\n\t\t\t\t\t<div class=\"e-con-inner\">\n\t\t\t\t<div class=\"elementor-element elementor-element-35fc155 elementor-widget elementor-widget-image\" data-id=\"35fc155\" data-element_type=\"widget\" data-widget_type=\"image.default\">\n\t\t\t\t<div class=\"elementor-widget-container\">\n\t\t\t\t\t\t\t\t\t\t\t\t\t\t\t<img decoding=\"async\" width=\"1200\" height=\"900\" src=\"https:\/\/bcmgroup.in\/wp-content\/uploads\/2024\/04\/Untitled-design-2-1-1.webp\" class=\"attachment-full size-full wp-image-50898\" alt=\"BCM Group - Vision\" srcset=\"https:\/\/bcmgroup.in\/wp-content\/uploads\/2024\/04\/Untitled-design-2-1-1.webp 1200w, https:\/\/bcmgroup.in\/wp-content\/uploads\/2024\/04\/Untitled-design-2-1-1-300x225.webp 300w, https:\/\/bcmgroup.in\/wp-content\/uploads\/2024\/04\/Untitled-design-2-1-1-1024x768.webp 1024w, https:\/\/bcmgroup.in\/wp-content\/uploads\/2024\/04\/Untitled-design-2-1-1-768x576.webp 768w, https:\/\/bcmgroup.in\/wp-content\/uploads\/2024\/04\/Untitled-design-2-1-1-150x113.webp 150w\" sizes=\"(max-width: 1200px) 100vw, 1200px\" \/>\t\t\t\t\t\t\t\t\t\t\t\t\t\t\t<\/div>\n\t\t\t\t<\/div>\n\t\t\t\t\t<\/div>\n\t\t\t\t<\/div>\n\t\t\t\t<\/div>\n\t\t\t\t\t<\/div>\n\t\t\t\t<\/div>\n\t\t<div class=\"elementor-element elementor-element-15d809a e-con-full e-flex e-con e-parent\" data-id=\"15d809a\" data-element_type=\"container\">\n\t\t\t\t<div class=\"elementor-element elementor-element-1d4d16b elementor-widget elementor-widget-spacer\" data-id=\"1d4d16b\" data-element_type=\"widget\" data-widget_type=\"spacer.default\">\n\t\t\t\t<div class=\"elementor-widget-container\">\n\t\t\t\t\t\t\t<div class=\"elementor-spacer\">\n\t\t\t<div class=\"elementor-spacer-inner\"><\/div>\n\t\t<\/div>\n\t\t\t\t\t\t<\/div>\n\t\t\t\t<\/div>\n\t\t\t\t<\/div>\n\t\t<div class=\"elementor-element elementor-element-796cd00 e-flex e-con-boxed e-con e-parent\" data-id=\"796cd00\" data-element_type=\"container\">\n\t\t\t\t\t<div class=\"e-con-inner\">\n\t\t\t\t<div class=\"elementor-element elementor-element-b7b11fd elementor-widget elementor-widget-gimont_elementor_heading\" data-id=\"b7b11fd\" data-element_type=\"widget\" data-widget_type=\"gimont_elementor_heading.default\">\n\t\t\t\t<div class=\"elementor-widget-container\">\n\t\t\t\t\t\n\t\t\t<div class=\"ova-heading template_1\">\n\t\t\t\t\t\t\t\t\t\t\t\t\t\t\t<span class=\"line\"><\/span>\n\t\t\t\t\t\t\t\t\t\t<span class=\"subtitle\">MEIE MISSIOON<\/span>\n\t\t\t\t\t\t\t\t\t\t\t\t\t\n\t\t\t\t\t\t\t\t\t\t\t\t\t\t\t<h2 class=\"title\">Inimeste, protsesside ja arusaamade muutmine\n<\/h2>\n\t\t\t\t\t\t\t\t\t\t\n\t\t\t\t\t\t\t\t\n\t\t\t\t\n\t\t\t<\/div>\n\n\t\t\t\t\t\t<\/div>\n\t\t\t\t<\/div>\n\t\t\t\t\t<\/div>\n\t\t\t\t<\/div>\n\t\t<div class=\"elementor-element elementor-element-6a596d3 e-flex e-con-boxed e-con e-parent\" data-id=\"6a596d3\" data-element_type=\"container\">\n\t\t\t\t\t<div class=\"e-con-inner\">\n\t\t<div class=\"elementor-element elementor-element-11dd069 e-con-full e-flex e-con e-child\" data-id=\"11dd069\" data-element_type=\"container\">\n\t\t\t\t<div class=\"elementor-element elementor-element-2232100 elementor-widget elementor-widget-gimont_elementor_heading\" data-id=\"2232100\" data-element_type=\"widget\" data-widget_type=\"gimont_elementor_heading.default\">\n\t\t\t\t<div class=\"elementor-widget-container\">\n\t\t\t\t\t\n\t\t\t<div class=\"ova-heading template_2\">\n\t\t\t\t\t\t\t\t\t\t\t\t\t\t<span class=\"subtitle\">V\u00f5rdsus ja solidaarsus<\/span>\n\t\t\t\t\t\t\t\t\t\t\t<span class=\"line\"><\/span>\n\t\t\t\t\t\t\t\t\t\t\t\t\t\n\t\t\t\t\t\t\t\t\n\t\t\t\t\n\t\t\t<\/div>\n\n\t\t\t\t\t\t<\/div>\n\t\t\t\t<\/div>\n\t\t\t\t<\/div>\n\t\t<div class=\"elementor-element elementor-element-7454481 e-con-full e-flex e-con e-child\" data-id=\"7454481\" data-element_type=\"container\">\n\t\t\t\t<div class=\"elementor-element elementor-element-1272f3d elementor-widget elementor-widget-gimont_elementor_heading\" data-id=\"1272f3d\" data-element_type=\"widget\" data-widget_type=\"gimont_elementor_heading.default\">\n\t\t\t\t<div class=\"elementor-widget-container\">\n\t\t\t\t\t\n\t\t\t<div class=\"ova-heading template_2\">\n\t\t\t\t\t\t\t\t\t\t\t\t\t\t<span class=\"subtitle\">Leia t\u00f6\u00f6<\/span>\n\t\t\t\t\t\t\t\t\t\t\t<span class=\"line\"><\/span>\n\t\t\t\t\t\t\t\t\t\t\t\t\t\n\t\t\t\t\t\t\t\t\n\t\t\t\t\n\t\t\t<\/div>\n\n\t\t\t\t\t\t<\/div>\n\t\t\t\t<\/div>\n\t\t\t\t<\/div>\n\t\t<div class=\"elementor-element elementor-element-0e64cad e-con-full e-flex e-con e-child\" data-id=\"0e64cad\" data-element_type=\"container\">\n\t\t\t\t<div class=\"elementor-element elementor-element-146e75a elementor-widget elementor-widget-gimont_elementor_image_box\" data-id=\"146e75a\" data-element_type=\"widget\" data-widget_type=\"gimont_elementor_image_box.default\">\n\t\t\t\t<div class=\"elementor-widget-container\">\n\t\t\t\t\t\n\t\t\t<div class=\"ova-image-box\">\n\n\t\t\t\t\t\t\t\t\t<img decoding=\"async\" src=\"http:\/\/demo.bcmgroup.in\/wp-content\/uploads\/2024\/03\/Correct-Hire.webp\" alt=\"Correct Hire\" class=\"img-box\">\n\t\t\t\t\n\t\t\t\t<div class=\"content_inner\">\n\t\t\t\t\t\t\t\t\t\t\t\t\t\t\t\t\t\t<h3 class=\"title\">V\u00f5rdsus ja solidaarsus<\/h3>\n\t\t\t\t\t\t\t\t\t\t\t\t\t\t\t\t\t\t\t\t\t\t<p class=\"description\">BCM Group V\u00e4lismaal t\u00f6\u00f6alane  n\u00f5ustamineaitab kaasa ettev\u00f5tte edule, kasutades meie otsepalgalise v\u00e4rbamise mudelit. Aitame rahvusvahelistel ja India klientidel 26 t\u00f6\u00f6stussegmendis v\u00e4rvata talente k\u00f5igil tasanditel. Me ulatame oma klientidele k\u00e4e kogu riigis ja kogu riigis, aidates hallata nende v\u00e4rbamisvajadusi.\n<\/p>\n\t\t\t\t\t\t\t\t\t\t\t\t\t\t<\/div>\n\n\t\t\t<\/div>\n\n\t\t\t\t\t\t<\/div>\n\t\t\t\t<\/div>\n\t\t\t\t<\/div>\n\t\t<div class=\"elementor-element elementor-element-3135ba9 e-con-full e-flex e-con e-child\" data-id=\"3135ba9\" data-element_type=\"container\">\n\t\t\t\t<div class=\"elementor-element elementor-element-664caaa elementor-widget__width-inherit elementor-widget elementor-widget-gimont_elementor_image_box\" data-id=\"664caaa\" data-element_type=\"widget\" data-widget_type=\"gimont_elementor_image_box.default\">\n\t\t\t\t<div class=\"elementor-widget-container\">\n\t\t\t\t\t\n\t\t\t<div class=\"ova-image-box\">\n\n\t\t\t\t\t\t\t\t\t<img decoding=\"async\" src=\"https:\/\/bcmgroup.in\/wp-content\/uploads\/2024\/03\/Correct-Job.webp\" alt=\"Dream job\" class=\"img-box\">\n\t\t\t\t\n\t\t\t\t<div class=\"content_inner\">\n\t\t\t\t\t\t\t\t\t\t\t\t\t\t\t\t\t\t<h3 class=\"title\">Leia t\u00f6\u00f6<\/h3>\n\t\t\t\t\t\t\t\t\t\t\t\t\t\t\t\t\t\t\t\t\t\t<p class=\"description\">Organisatsiooni jaoks on oluline leida sobiv t\u00f6\u00f6koht. \u00d5ige kvalifitseeritud inimesele \u00f5ige t\u00f6\u00f6 leidmine on tundlikum aspekt, mida otsida kui \u00f5ige kvalifikatsioon. Paigutame kandidaadid nende huvivaldkonda ilma pikemalt m\u00f5tlemata, kui keegi on k\u00f5rgelt kvalifitseeritud ja tal on \u00f5ige vaim, et raiuda teed eduni. <\/p>\n\t\t\t\t\t\t\t\t\t\t\t\t\t\t<\/div>\n\n\t\t\t<\/div>\n\n\t\t\t\t\t\t<\/div>\n\t\t\t\t<\/div>\n\t\t\t\t<\/div>\n\t\t\t\t\t<\/div>\n\t\t\t\t<\/div>\n\t\t<div class=\"elementor-element elementor-element-d81adb3 e-flex e-con-boxed e-con e-parent\" data-id=\"d81adb3\" data-element_type=\"container\">\n\t\t\t\t\t<div class=\"e-con-inner\">\n\t\t<div class=\"elementor-element elementor-element-3c62c30 e-con-full e-flex e-con e-child\" data-id=\"3c62c30\" data-element_type=\"container\">\n\t\t\t\t<div class=\"elementor-element elementor-element-9cc2855 elementor-widget elementor-widget-gimont_elementor_heading\" data-id=\"9cc2855\" data-element_type=\"widget\" data-widget_type=\"gimont_elementor_heading.default\">\n\t\t\t\t<div class=\"elementor-widget-container\">\n\t\t\t\t\t\n\t\t\t<div class=\"ova-heading template_2\">\n\t\t\t\t\t\t\t\t\t\t\t\t\t\t<span class=\"subtitle\">\u00d5ige juhendamine<\/span>\n\t\t\t\t\t\t\t\t\t\t\t<span class=\"line\"><\/span>\n\t\t\t\t\t\t\t\t\t\t\t\t\t\n\t\t\t\t\t\t\t\t\n\t\t\t\t\n\t\t\t<\/div>\n\n\t\t\t\t\t\t<\/div>\n\t\t\t\t<\/div>\n\t\t\t\t<\/div>\n\t\t<div class=\"elementor-element elementor-element-dd4a547 e-con-full e-flex e-con e-child\" data-id=\"dd4a547\" data-element_type=\"container\">\n\t\t\t\t<div class=\"elementor-element elementor-element-e2885ec elementor-widget elementor-widget-gimont_elementor_heading\" data-id=\"e2885ec\" data-element_type=\"widget\" data-widget_type=\"gimont_elementor_heading.default\">\n\t\t\t\t<div class=\"elementor-widget-container\">\n\t\t\t\t\t\n\t\t\t<div class=\"ova-heading template_2\">\n\t\t\t\t\t\t\t\t\t\t\t\t\t\t<span class=\"subtitle\">100% edu<\/span>\n\t\t\t\t\t\t\t\t\t\t\t<span class=\"line\"><\/span>\n\t\t\t\t\t\t\t\t\t\t\t\t\t\n\t\t\t\t\t\t\t\t\n\t\t\t\t\n\t\t\t<\/div>\n\n\t\t\t\t\t\t<\/div>\n\t\t\t\t<\/div>\n\t\t\t\t<\/div>\n\t\t<div class=\"elementor-element elementor-element-178e8be e-con-full e-flex e-con e-child\" data-id=\"178e8be\" data-element_type=\"container\">\n\t\t\t\t<div class=\"elementor-element elementor-element-e395000 elementor-widget elementor-widget-gimont_elementor_image_box\" data-id=\"e395000\" data-element_type=\"widget\" data-widget_type=\"gimont_elementor_image_box.default\">\n\t\t\t\t<div class=\"elementor-widget-container\">\n\t\t\t\t\t\n\t\t\t<div class=\"ova-image-box\">\n\n\t\t\t\t\t\t\t\t\t<img decoding=\"async\" src=\"http:\/\/demo.bcmgroup.in\/wp-content\/uploads\/2024\/03\/Correct-Guidance-1.webp\" alt=\"\u0440\u0435\u043a\u0440\u0443\u0442\u0438\u043d\u0433\u043e\u0432\u0430\u044f \u043a\u043e\u043c\u043f\u0430\u043d\u0438\u044f\" class=\"img-box\">\n\t\t\t\t\n\t\t\t\t<div class=\"content_inner\">\n\t\t\t\t\t\t\t\t\t\t\t\t\t\t\t\t\t\t<h3 class=\"title\">\u00d5ige juhendamine<\/h3>\n\t\t\t\t\t\t\t\t\t\t\t\t\t\t\t\t\t\t\t\t\t\t<p class=\"description\">Meie BCM Groupi v\u00e4lismaise t\u00f6\u00f6n\u00f5ustamisega, kus on suur kvalifitseeritud v\u00e4rbajate ja erineva taustaga ekspertide meeskond, suudame pakkuda oma klientidele ja kandidaatidele rikkalikku ja intelligentset n\u00f5ustamist. Pakume oma klientidele \u00f5igeid juhiseid, kuidas palgata \u00f5igeid t\u00f6\u00f6tajaid, t\u00f6\u00f6tajaid \u00f5ige t\u00f6\u00f6 leidmiseks.\n<\/p>\n\t\t\t\t\t\t\t\t\t\t\t\t\t\t<\/div>\n\n\t\t\t<\/div>\n\n\t\t\t\t\t\t<\/div>\n\t\t\t\t<\/div>\n\t\t\t\t<\/div>\n\t\t<div class=\"elementor-element elementor-element-38e1c7e e-con-full e-flex e-con e-child\" data-id=\"38e1c7e\" data-element_type=\"container\">\n\t\t\t\t<div class=\"elementor-element elementor-element-98b2d31 elementor-widget elementor-widget-gimont_elementor_image_box\" data-id=\"98b2d31\" data-element_type=\"widget\" data-widget_type=\"gimont_elementor_image_box.default\">\n\t\t\t\t<div class=\"elementor-widget-container\">\n\t\t\t\t\t\n\t\t\t<div class=\"ova-image-box\">\n\n\t\t\t\t\t\t\t\t\t<img decoding=\"async\" src=\"http:\/\/demo.bcmgroup.in\/wp-content\/uploads\/2024\/03\/100-Success.webp\" alt=\"100 % Success\" class=\"img-box\">\n\t\t\t\t\n\t\t\t\t<div class=\"content_inner\">\n\t\t\t\t\t\t\t\t\t\t\t\t\t\t\t\t\t\t<h3 class=\"title\">100% edu<\/h3>\n\t\t\t\t\t\t\t\t\t\t\t\t\t\t\t\t\t\t\t\t\t\t<p class=\"description\">Meil on \u00fcle 16+ -aastane kogemus v\u00e4rbamise t\u00f6\u00f6stuses ja me oleme juhtiv v\u00e4lismaine v\u00e4rbamisagentuur. Oleme alati v\u00f5imelised aitama oma kliente kriitilistel hetkedel ja \u00fcletame koos ka teed, mis toovad edu. V\u00f5ite arvestada meie v\u00f5rratu p\u00fchendumisega ning saate kohandatud lahendusi ja teenuseid, et saavutada 100% edu.\n<\/p>\n\t\t\t\t\t\t\t\t\t\t\t\t\t\t<\/div>\n\n\t\t\t<\/div>\n\n\t\t\t\t\t\t<\/div>\n\t\t\t\t<\/div>\n\t\t\t\t<\/div>\n\t\t\t\t\t<\/div>\n\t\t\t\t<\/div>\n\t\t\t\t<\/div>\n\t\t","protected":false},"excerpt":{"rendered":"<p>UNISTAGE, PLANEERIGE, TEHKE EDUSAMME. Siin on see, mis teeb meid eristada kui v\u00e4lismaine t\u00f6\u00f6 konsultatsioonifirma BCM Group V\u00e4lismaal t\u00f6\u00f6alane n\u00f5ustamine on tipptasemel personaliteenuste pakkuja, mis asutati 2009. aastal eesm\u00e4rgiga pakkuda ettev\u00f5tetele k\u00f5ige sobivamaid spetsialiste. Me m\u00f5istame s\u00fcgavalt oma klientide vajadusi k\u00f5igis funktsionaalsetes valdkondades. Meie eksperdid omavad kogemusi juhtivate India ja rahvusvaheliste ettev\u00f5tetega ning tegutsevad valdkonnaspetsiifilistes [&hellip;]<\/p>\n","protected":false},"author":1,"featured_media":0,"parent":0,"menu_order":0,"comment_status":"closed","ping_status":"closed","template":"elementor_canvas","meta":{"googlesitekit_rrm_CAowi469DA:productID":"","footnotes":""},"class_list":["post-66175","page","type-page","status-publish","hentry"],"_links":{"self":[{"href":"https:\/\/bcmgroup.in\/et\/wp-json\/wp\/v2\/pages\/66175","targetHints":{"allow":["GET"]}}],"collection":[{"href":"https:\/\/bcmgroup.in\/et\/wp-json\/wp\/v2\/pages"}],"about":[{"href":"https:\/\/bcmgroup.in\/et\/wp-json\/wp\/v2\/types\/page"}],"author":[{"embeddable":true,"href":"https:\/\/bcmgroup.in\/et\/wp-json\/wp\/v2\/users\/1"}],"replies":[{"embeddable":true,"href":"https:\/\/bcmgroup.in\/et\/wp-json\/wp\/v2\/comments?post=66175"}],"version-history":[{"count":26,"href":"https:\/\/bcmgroup.in\/et\/wp-json\/wp\/v2\/pages\/66175\/revisions"}],"predecessor-version":[{"id":95267,"href":"https:\/\/bcmgroup.in\/et\/wp-json\/wp\/v2\/pages\/66175\/revisions\/95267"}],"wp:attachment":[{"href":"https:\/\/bcmgroup.in\/et\/wp-json\/wp\/v2\/media?parent=66175"}],"curies":[{"name":"wp","href":"https:\/\/api.w.org\/{rel}","templated":true}]}}