{"id":73682,"date":"2024-03-02T15:34:07","date_gmt":"2024-03-02T15:34:07","guid":{"rendered":"https:\/\/bcmgroup.in\/sluzby\/"},"modified":"2025-08-08T08:08:30","modified_gmt":"2025-08-08T08:08:30","slug":"sluzby","status":"publish","type":"page","link":"https:\/\/bcmgroup.in\/cs\/sluzby\/","title":{"rendered":"slu\u017eby"},"content":{"rendered":"\t\t<div data-elementor-type=\"wp-page\" data-elementor-id=\"73682\" class=\"elementor elementor-73682 elementor-73657\" data-elementor-post-type=\"page\">\n\t\t\t\t<div class=\"elementor-element elementor-element-5260a98 e-flex e-con-boxed e-con e-parent\" data-id=\"5260a98\" data-element_type=\"container\">\n\t\t\t\t\t<div class=\"e-con-inner\">\n\t\t\t\t<div class=\"elementor-element elementor-element-b68e499 elementor-widget elementor-widget-heading\" data-id=\"b68e499\" data-element_type=\"widget\" data-widget_type=\"heading.default\">\n\t\t\t\t<div class=\"elementor-widget-container\">\n\t\t\t\t\t<h1 class=\"elementor-heading-title elementor-size-default\">ZAM\u011aSTN\u00c1N\u00cd V ZAHRANI\u010c\u00cd<\/h1>\t\t\t\t<\/div>\n\t\t\t\t<\/div>\n\t\t\t\t<div class=\"elementor-element elementor-element-c324338 elementor-widget-divider--view-line elementor-widget elementor-widget-divider\" data-id=\"c324338\" data-element_type=\"widget\" data-widget_type=\"divider.default\">\n\t\t\t\t<div class=\"elementor-widget-container\">\n\t\t\t\t\t\t\t<div class=\"elementor-divider\">\n\t\t\t<span class=\"elementor-divider-separator\">\n\t\t\t\t\t\t<\/span>\n\t\t<\/div>\n\t\t\t\t\t\t<\/div>\n\t\t\t\t<\/div>\n\t\t\t\t\t<\/div>\n\t\t\t\t<\/div>\n\t\t<div class=\"elementor-element elementor-element-27e0187 e-flex e-con-boxed e-con e-parent\" data-id=\"27e0187\" data-element_type=\"container\">\n\t\t\t\t\t<div class=\"e-con-inner\">\n\t\t\t\t<div class=\"elementor-element elementor-element-dbcf32c elementor-widget__width-inherit elementor-widget elementor-widget-gimont_elementor_road_map\" data-id=\"dbcf32c\" data-element_type=\"widget\" data-widget_type=\"gimont_elementor_road_map.default\">\n\t\t\t\t<div class=\"elementor-widget-container\">\n\t\t\t\t\t\n\t\t<div class=\"ova-road-map template_1\">\n\t\t\t<div class=\"road-map-wrapper\">\n\n\t\t\t\t\t\t\t\t\t<div class=\"timeline-column\">\n\t\t\t\t\t\t\t\t\t\t\t\t\t\t\t\t\t\t\t\t\t<div class=\"timeline-item timeline-item-left \">\n\t\t\t\t\t\t\t\t\t<div class=\"timeline-image\">\n\t\t\t\t\t\t\t\t\t\t<img decoding=\"async\" src=\"https:\/\/bcmgroup.in\/wp-content\/uploads\/2024\/03\/interview-scheduling-1-1.jpg\" alt=\"Overseas Recruitment- Interview Scheduling\"\n\t\t\t\t\t\t\t\t\t\ttitle=\"\">\n\t\t\t\t\t\t\t\t\t<\/div>\n\t\t\t\t\t\t\t\t\t<div class=\"timeline-info\">\n\t\t\t\t\t\t\t\t\t\t<div class=\"content-info\" \n\t\t\t\t\t\t\t\t\t\t\tdata-animation='{\"animation\":\"\",\"duration\":\"\",\"delay\":\"\"}'>\n\n\t\t\t\t\t\t\t\t\t\t\t\t\t\t\t\t\t\t\t\t\t\t\t<div class=\"date\">\n\t\t\t\t\t\t\t\t\t\t\t\t\t \t\t\t\t\t\t\t\t\t\t\t\t<\/div>\n\t\t\t\t\t\t\t\t\t\t\t\t\t\t\t\t\t\t\t\t\t\t<div class=\"timeline-content\">\n\t\t\t\t\t\t\t\t\t\t\t\t<h3 class=\"title\">Napl\u00e1nov\u00e1n\u00ed pohovoru<\/h3>\n\t\t\t\t\t\t\t\t\t\t\t\t<p class=\"desc\">Tento proces je vy\u0159e\u0161en a spole\u010dnost je osvobozena od zbyte\u010dn\u00fdch e-mail\u016f tam a zp\u011bt. Nejen\u017ee pom\u016f\u017ee urychlit n\u00e1borov\u00fd proces, ale tak\u00e9 umo\u017en\u00ed napl\u00e1novat pohovory v nejlep\u0161\u00ed \u010das jak pro kandid\u00e1ty, tak pro n\u00e1borov\u00e9 mana\u017eery. Pohovory jsou vedeny krok za krokem, co\u017e n\u00e1m d\u00e1v\u00e1 \u00farove\u0148 kompetenc\u00ed kandid\u00e1ta v dal\u0161\u00edm testu, kter\u00fd se kon\u00e1 v na\u0161ich obchodn\u00edch centrech. Konaj\u00ed se audio kola, video kola a technick\u00e9 testy.<\/p>\n\t\t\t\t\t\t\t\t\t\t\t<\/div>\n\t\t\t\t\t\t\t\t\t\t<\/div>\n\t\t\t\t\t\t\t\t\t<\/div>\n\t\t\t\t\t\t\t\t<\/div>\n\t\t\t\t\t\t\t\t\t\t\t\t\t\t\t\t\t\t\t\t\t\t<div class=\"timeline-item timeline-item-right active\">\n\t\t\t\t\t\t\t\t\t<div class=\"timeline-info\">\n\t\t\t\t\t\t\t\t\t\t<div class=\"content-info\" \n\t\t\t\t\t\t\t\t\t\tdata-animation='{\"animation\":\"\",\"duration\":\"\",\"delay\":\"\"}'>\n\n\t\t\t\t\t\t\t\t\t\t\t\t\t\t\t\t\t\t\t\t\t\t\t<div class=\"date\">\n\t\t\t\t\t\t\t\t\t\t\t\t\t \t\t\t\t\t\t\t\t\t\t\t\t<\/div>\n\t\t\t\t\t\t\t\t\t\t\t\n\t\t\t\t\t\t\t\t\t\t\t<div class=\"timeline-content\">\n\t\t\t\t\t\t\t\t\t\t\t\t<h3 class=\"title\">Prov\u011b\u0159ov\u00e1n\u00ed kandid\u00e1t\u016f<\/h3>\n\t\t\t\t\t\t\t\t\t\t\t\t<p class=\"desc\">Jedn\u00e1 se o druh\u00fd krok b\u011bhem procesu pohovoru, kter\u00fd ov\u011b\u0159uje vzd\u011bl\u00e1n\u00ed, zku\u0161enosti, osobn\u00ed a zdravotn\u00ed historii uchaze\u010de, proto\u017ee \u00fadaje o ka\u017ed\u00e9m zam\u011bstnanci se mohou li\u0161it v z\u00e1vislosti na v\u0161ech podp\u016frn\u00fdch dokumentech. To se prov\u00e1d\u00ed za \u00fa\u010delem z\u00edsk\u00e1n\u00ed nejkvalitn\u011bj\u0161\u00edch kandid\u00e1t\u016f. Tento proces se prov\u00e1d\u00ed osobn\u011b.<\/p>\n\t\t\t\t\t\t\t\t\t\t\t<\/div>\n\t\t\t\t\t\t\t\t\t\t<\/div>\n\t\t\t\t\t\t\t\t\t<\/div>\n\t\t\t\t\t\t\t\t\t<div class=\"timeline-image\">\n\t\t\t\t\t\t\t\t\t\t<img decoding=\"async\" src=\"https:\/\/bcmgroup.in\/wp-content\/uploads\/2024\/03\/candidate-verification-1.jpg\" alt=\"\">\n\t\t\t\t\t\t\t\t\t<\/div>\n\t\t\t\t\t\t\t\t<\/div>\n\t\t\t\t\t\t\t\t\t\t\t\t\t\t\t\t\t\t\t\t\t<div class=\"timeline-item timeline-item-left \">\n\t\t\t\t\t\t\t\t\t<div class=\"timeline-image\">\n\t\t\t\t\t\t\t\t\t\t<img decoding=\"async\" src=\"https:\/\/bcmgroup.in\/wp-content\/uploads\/2024\/03\/Documentation-1.jpg\" alt=\"\"\n\t\t\t\t\t\t\t\t\t\ttitle=\"\">\n\t\t\t\t\t\t\t\t\t<\/div>\n\t\t\t\t\t\t\t\t\t<div class=\"timeline-info\">\n\t\t\t\t\t\t\t\t\t\t<div class=\"content-info\" \n\t\t\t\t\t\t\t\t\t\t\tdata-animation='{\"animation\":\"\",\"duration\":\"\",\"delay\":\"\"}'>\n\n\t\t\t\t\t\t\t\t\t\t\t\t\t\t\t\t\t\t\t\t\t\t\t<div class=\"date\">\n\t\t\t\t\t\t\t\t\t\t\t\t\t \t\t\t\t\t\t\t\t\t\t\t\t<\/div>\n\t\t\t\t\t\t\t\t\t\t\t\t\t\t\t\t\t\t\t\t\t\t<div class=\"timeline-content\">\n\t\t\t\t\t\t\t\t\t\t\t\t<h3 class=\"title\">Dokumentace<\/h3>\n\t\t\t\t\t\t\t\t\t\t\t\t<p class=\"desc\">Konsensus ohledn\u011b uveden\u00fdch podm\u00ednek je nezbytn\u00fd pro hladk\u00fd pr\u016fb\u011bh jak\u00e9koli dohody. Komplexn\u00ed dohoda slou\u017e\u00ed jako form\u00e1ln\u00ed kan\u00e1l, jeho\u017e prost\u0159ednictv\u00edm ob\u011b strany vyjad\u0159uj\u00ed sv\u016fj souhlas a z\u00e1vazek. V jej\u00edch z\u00e1hybech le\u017e\u00ed kl\u00ed\u010dov\u00e9 komponenty, jako je delegov\u00e1n\u00ed pravomoc\u00ed prost\u0159ednictv\u00edm pln\u00e9 moci, formulov\u00e1n\u00ed po\u017eadavk\u016f prost\u0159ednictv\u00edm do\u017e\u00e1dan\u00e9ho dopisu a vymezen\u00ed rol\u00ed a odpov\u011bdnost\u00ed v pracovn\u00ed smlouv\u011b. Tyto dokumenty zaji\u0161\u0165uj\u00ed nejen srozumitelnost, ale tak\u00e9 podporuj\u00ed d\u016fv\u011bru a vz\u00e1jemn\u00e9 porozum\u011bn\u00ed a pokl\u00e1daj\u00ed pevn\u00fd z\u00e1klad pro plodnou spolupr\u00e1ci.<\/p>\n\t\t\t\t\t\t\t\t\t\t\t<\/div>\n\t\t\t\t\t\t\t\t\t\t<\/div>\n\t\t\t\t\t\t\t\t\t<\/div>\n\t\t\t\t\t\t\t\t<\/div>\n\t\t\t\t\t\t\t\t\t\t\t\t\t\t\t\t\t\t\t\t\t\t<div class=\"timeline-item timeline-item-right \">\n\t\t\t\t\t\t\t\t\t<div class=\"timeline-info\">\n\t\t\t\t\t\t\t\t\t\t<div class=\"content-info\" \n\t\t\t\t\t\t\t\t\t\tdata-animation='{\"animation\":\"\",\"duration\":\"\",\"delay\":\"\"}'>\n\n\t\t\t\t\t\t\t\t\t\t\t\t\t\t\t\t\t\t\t\t\t\t\t<div class=\"date\">\n\t\t\t\t\t\t\t\t\t\t\t\t\t \t\t\t\t\t\t\t\t\t\t\t\t<\/div>\n\t\t\t\t\t\t\t\t\t\t\t\n\t\t\t\t\t\t\t\t\t\t\t<div class=\"timeline-content\">\n\t\t\t\t\t\t\t\t\t\t\t\t<h3 class=\"title\">Poji\u0161t\u011bn\u00ed a vy\u0159izov\u00e1n\u00ed v\u00edz<\/h3>\n\t\t\t\t\t\t\t\t\t\t\t\t<p class=\"desc\">Na\u0161e slu\u017eba je zam\u011b\u0159ena na pomoc \u017eadatel\u016fm orientovat se ve slo\u017eitosti v\u00edzov\u00e9ho poji\u0161t\u011bn\u00ed a po\u017eadavk\u016f na zpracov\u00e1n\u00ed. Proces zjednodu\u0161ujeme t\u00edm, \u017ee jednotlivce provedeme vypln\u011bn\u00edm pot\u0159ebn\u00fdch formul\u00e1\u0159\u016f a dokumentace a zajist\u00edme, aby byly p\u0159esn\u011b poskytnuty v\u0161echny relevantn\u00ed podrobnosti. Od pojistn\u00fdch smluv a\u017e po \u017e\u00e1dosti o v\u00edza sni\u017eujeme z\u00e1t\u011b\u017e t\u00edm, \u017ee nab\u00edz\u00edme komplexn\u00ed podporu, kter\u00e1 v kone\u010dn\u00e9m d\u016fsledku usnad\u0148uje a zefektiv\u0148uje cestu k z\u00edsk\u00e1n\u00ed pot\u0159ebn\u00fdch schv\u00e1len\u00ed a kryt\u00ed.<\/p>\n\t\t\t\t\t\t\t\t\t\t\t<\/div>\n\t\t\t\t\t\t\t\t\t\t<\/div>\n\t\t\t\t\t\t\t\t\t<\/div>\n\t\t\t\t\t\t\t\t\t<div class=\"timeline-image\">\n\t\t\t\t\t\t\t\t\t\t<img decoding=\"async\" src=\"https:\/\/bcmgroup.in\/wp-content\/uploads\/2024\/03\/insurance-and-visa-processing-1.jpg\" alt=\"\">\n\t\t\t\t\t\t\t\t\t<\/div>\n\t\t\t\t\t\t\t\t<\/div>\n\t\t\t\t\t\t\t\t\t\t\t\t\t\t\t\t\t\t\t\t\t<div class=\"timeline-item timeline-item-left active\">\n\t\t\t\t\t\t\t\t\t<div class=\"timeline-image\">\n\t\t\t\t\t\t\t\t\t\t<img decoding=\"async\" src=\"https:\/\/bcmgroup.in\/wp-content\/uploads\/2024\/03\/ONBOARDING-PROCESS.jpg\" alt=\"\"\n\t\t\t\t\t\t\t\t\t\ttitle=\"\">\n\t\t\t\t\t\t\t\t\t<\/div>\n\t\t\t\t\t\t\t\t\t<div class=\"timeline-info\">\n\t\t\t\t\t\t\t\t\t\t<div class=\"content-info\" \n\t\t\t\t\t\t\t\t\t\t\tdata-animation='{\"animation\":\"\",\"duration\":\"\",\"delay\":\"\"}'>\n\n\t\t\t\t\t\t\t\t\t\t\t\t\t\t\t\t\t\t\t\t\t\t\t<div class=\"date\">\n\t\t\t\t\t\t\t\t\t\t\t\t\t \t\t\t\t\t\t\t\t\t\t\t\t<\/div>\n\t\t\t\t\t\t\t\t\t\t\t\t\t\t\t\t\t\t\t\t\t\t<div class=\"timeline-content\">\n\t\t\t\t\t\t\t\t\t\t\t\t<h3 class=\"title\">Proces onboardingu<\/h3>\n\t\t\t\t\t\t\t\t\t\t\t\t<p class=\"desc\">Jednou z kl\u00ed\u010dov\u00fdch povinnost\u00ed \u0161\u00e9fa je zajistit hladkou integraci nov\u00fdch \u010dlen\u016f do organizace. To zahrnuje jejich sezn\u00e1men\u00ed s kulturou, p\u0159\u00edstupy a metodikami organizace, stejn\u011b jako s jejich prac\u00ed a odpov\u011bdnostmi. Poskytov\u00e1n\u00edm veden\u00ed, podpory a mentorstv\u00ed pom\u00e1haj\u00ed \u0161\u00e9fov\u00e9 nov\u00fdm zam\u011bstnanc\u016fm c\u00edtit se pozv\u00e1ni, oce\u0148ov\u00e1ni a p\u0159ipraveni p\u0159isp\u011bt do skupiny. Siln\u00fd onboarding urychluje varia\u010dn\u00ed interakce a tak\u00e9 zlep\u0161uje anga\u017eovanost a udr\u017een\u00ed zam\u011bstnanc\u016f, co\u017e v kone\u010dn\u00e9m d\u016fsledku p\u0159isp\u00edv\u00e1 k celkov\u00fdm v\u00fdsledk\u016fm organizace.<\/p>\n\t\t\t\t\t\t\t\t\t\t\t<\/div>\n\t\t\t\t\t\t\t\t\t\t<\/div>\n\t\t\t\t\t\t\t\t\t<\/div>\n\t\t\t\t\t\t\t\t<\/div>\n\t\t\t\t\t\t\t\t\t\t\t\t\t\t\t\t\t\t\t\t\t\t<div class=\"timeline-item timeline-item-right \">\n\t\t\t\t\t\t\t\t\t<div class=\"timeline-info\">\n\t\t\t\t\t\t\t\t\t\t<div class=\"content-info\" \n\t\t\t\t\t\t\t\t\t\tdata-animation='{\"animation\":\"\",\"duration\":\"\",\"delay\":\"\"}'>\n\n\t\t\t\t\t\t\t\t\t\t\t\t\t\t\t\t\t\t\t\t\t\t\t<div class=\"date\">\n\t\t\t\t\t\t\t\t\t\t\t\t\t \t\t\t\t\t\t\t\t\t\t\t\t<\/div>\n\t\t\t\t\t\t\t\t\t\t\t\n\t\t\t\t\t\t\t\t\t\t\t<div class=\"timeline-content\">\n\t\t\t\t\t\t\t\t\t\t\t\t<h3 class=\"title\">Odjezd<\/h3>\n\t\t\t\t\t\t\t\t\t\t\t\t<p class=\"desc\">V na\u0161\u00ed asociaci v\u011b\u0159\u00edme, \u017ee ka\u017ed\u00e9mu jednotlivci je t\u0159eba v\u011bnovat individu\u00e1ln\u00ed pozornost, kterou si zaslou\u017e\u00ed. Mus\u00edme se vypo\u0159\u00e1dat s prosperitou na\u0161ich konkurent\u016f t\u00edm, \u017ee jim v ka\u017ed\u00e9 f\u00e1zi jejich cesty poskytneme p\u0159izp\u016fsoben\u00fd sm\u011br. A\u0165 u\u017e jde o povzbuzen\u00ed k tomu, co se posouv\u00e1 k podnik\u00e1n\u00ed, p\u0159edkl\u00e1d\u00e1n\u00ed n\u00e1mitek nebo jejich zprost\u0159edkov\u00e1v\u00e1n\u00ed kontaktu se spr\u00e1vn\u00fdmi lidmi, jsme tu, abychom zajistili, \u017ee se na\u0161i budouc\u00ed budou c\u00edtit podporov\u00e1ni a v bezpe\u010d\u00ed. S na\u0161\u00ed specializovanou pomoc\u00ed mohou konkurenti navigovat svou cestu s v\u011bdom\u00edm, \u017ee maj\u00ed spolehliv\u00e9ho partnera, kter\u00fd jim kdykoli poskytne veden\u00ed a podporu.<\/p>\n\t\t\t\t\t\t\t\t\t\t\t<\/div>\n\t\t\t\t\t\t\t\t\t\t<\/div>\n\t\t\t\t\t\t\t\t\t<\/div>\n\t\t\t\t\t\t\t\t\t<div class=\"timeline-image\">\n\t\t\t\t\t\t\t\t\t\t<img decoding=\"async\" src=\"https:\/\/bcmgroup.in\/wp-content\/uploads\/2024\/03\/SERVICE-POST-DEPARTURE.jpg\" alt=\"\">\n\t\t\t\t\t\t\t\t\t<\/div>\n\t\t\t\t\t\t\t\t<\/div>\n\t\t\t\t\t\t\t\t\t\t\t<\/div>\n\t\t\t\t\n\t\t\t<\/div>\n\t\t<\/div>\n\t\t \t\n\t\t\t\t\t\t<\/div>\n\t\t\t\t<\/div>\n\t\t\t\t\t<\/div>\n\t\t\t\t<\/div>\n\t\t\t\t<\/div>\n\t\t","protected":false},"excerpt":{"rendered":"<p>ZAM\u011aSTN\u00c1N\u00cd V ZAHRANI\u010c\u00cd Napl\u00e1nov\u00e1n\u00ed pohovoru Tento proces je vy\u0159e\u0161en a spole\u010dnost je osvobozena od zbyte\u010dn\u00fdch e-mail\u016f tam a zp\u011bt. Nejen\u017ee pom\u016f\u017ee urychlit n\u00e1borov\u00fd proces, ale tak\u00e9 umo\u017en\u00ed napl\u00e1novat pohovory v nejlep\u0161\u00ed \u010das jak pro kandid\u00e1ty, tak pro n\u00e1borov\u00e9 mana\u017eery. Pohovory jsou vedeny krok za krokem, co\u017e n\u00e1m d\u00e1v\u00e1 \u00farove\u0148 kompetenc\u00ed kandid\u00e1ta v dal\u0161\u00edm testu, kter\u00fd [&hellip;]<\/p>\n","protected":false},"author":1,"featured_media":0,"parent":0,"menu_order":0,"comment_status":"closed","ping_status":"closed","template":"elementor_header_footer","meta":{"googlesitekit_rrm_CAowi469DA:productID":"","footnotes":""},"class_list":["post-73682","page","type-page","status-publish","hentry"],"_links":{"self":[{"href":"https:\/\/bcmgroup.in\/cs\/wp-json\/wp\/v2\/pages\/73682","targetHints":{"allow":["GET"]}}],"collection":[{"href":"https:\/\/bcmgroup.in\/cs\/wp-json\/wp\/v2\/pages"}],"about":[{"href":"https:\/\/bcmgroup.in\/cs\/wp-json\/wp\/v2\/types\/page"}],"author":[{"embeddable":true,"href":"https:\/\/bcmgroup.in\/cs\/wp-json\/wp\/v2\/users\/1"}],"replies":[{"embeddable":true,"href":"https:\/\/bcmgroup.in\/cs\/wp-json\/wp\/v2\/comments?post=73682"}],"version-history":[{"count":8,"href":"https:\/\/bcmgroup.in\/cs\/wp-json\/wp\/v2\/pages\/73682\/revisions"}],"predecessor-version":[{"id":95256,"href":"https:\/\/bcmgroup.in\/cs\/wp-json\/wp\/v2\/pages\/73682\/revisions\/95256"}],"wp:attachment":[{"href":"https:\/\/bcmgroup.in\/cs\/wp-json\/wp\/v2\/media?parent=73682"}],"curies":[{"name":"wp","href":"https:\/\/api.w.org\/{rel}","templated":true}]}}