{"id":66583,"date":"2023-06-08T07:40:01","date_gmt":"2023-06-08T07:40:01","guid":{"rendered":"https:\/\/bcmgroup.in\/kontakt\/"},"modified":"2026-03-21T07:34:42","modified_gmt":"2026-03-21T07:34:42","slug":"kontakt","status":"publish","type":"page","link":"https:\/\/bcmgroup.in\/cs\/kontakt\/","title":{"rendered":"Kontakt"},"content":{"rendered":"\t\t<div data-elementor-type=\"wp-page\" data-elementor-id=\"66583\" class=\"elementor elementor-66583 elementor-17132\" data-elementor-post-type=\"page\">\n\t\t\t\t<div class=\"elementor-element elementor-element-3bf768a e-flex e-con-boxed e-con e-parent\" data-id=\"3bf768a\" data-element_type=\"container\">\n\t\t\t\t\t<div class=\"e-con-inner\">\n\t\t<div class=\"elementor-element elementor-element-55a4dfa e-con-full e-flex e-con e-child\" data-id=\"55a4dfa\" data-element_type=\"container\">\n\t\t\t\t<div class=\"elementor-element elementor-element-342bc2d elementor-widget elementor-widget-image\" data-id=\"342bc2d\" data-element_type=\"widget\" data-widget_type=\"image.default\">\n\t\t\t\t<div class=\"elementor-widget-container\">\n\t\t\t\t\t\t\t\t\t\t\t\t\t\t\t<img fetchpriority=\"high\" decoding=\"async\" width=\"1620\" height=\"650\" src=\"https:\/\/bcmgroup.in\/wp-content\/uploads\/2026\/01\/banner-62.webp\" class=\"attachment-full size-full wp-image-132868\" alt=\"\" srcset=\"https:\/\/bcmgroup.in\/wp-content\/uploads\/2026\/01\/banner-62.webp 1620w, https:\/\/bcmgroup.in\/wp-content\/uploads\/2026\/01\/banner-62-300x120.webp 300w, https:\/\/bcmgroup.in\/wp-content\/uploads\/2026\/01\/banner-62-1024x411.webp 1024w, https:\/\/bcmgroup.in\/wp-content\/uploads\/2026\/01\/banner-62-768x308.webp 768w, https:\/\/bcmgroup.in\/wp-content\/uploads\/2026\/01\/banner-62-1536x616.webp 1536w\" sizes=\"(max-width: 1620px) 100vw, 1620px\" \/>\t\t\t\t\t\t\t\t\t\t\t\t\t\t\t<\/div>\n\t\t\t\t<\/div>\n\t\t\t\t<\/div>\n\t\t\t\t\t<\/div>\n\t\t\t\t<\/div>\n\t\t<div class=\"elementor-element elementor-element-8224c45 e-flex e-con-boxed e-con e-parent\" data-id=\"8224c45\" data-element_type=\"container\">\n\t\t\t\t\t<div class=\"e-con-inner\">\n\t\t<div class=\"elementor-element elementor-element-c816625 elementor-hidden-desktop e-con-full e-flex e-con e-child\" data-id=\"c816625\" data-element_type=\"container\">\n\t\t\t\t<div class=\"elementor-element elementor-element-f126b5f elementor-widget elementor-widget-gimont_elementor_heading\" data-id=\"f126b5f\" data-element_type=\"widget\" data-widget_type=\"gimont_elementor_heading.default\">\n\t\t\t\t<div class=\"elementor-widget-container\">\n\t\t\t\t\t\n\t\t\t<div class=\"ova-heading template_2\">\n\t\t\t\t\t\t\t\t\t\t\t\t\t\t<span class=\"subtitle\">Kontaktujte n\u00e1s<\/span>\n\t\t\t\t\t\t\t\t\t\t\t<span class=\"line\"><\/span>\n\t\t\t\t\t\t\t\t\t\t\t\t\t\n\t\t\t\t\t\t\t\t\t\t\t\t\t\t\t<h1 class=\"title\"> <\/h1>\n\t\t\t\t\t\t\t\t\t\t\n\t\t\t\t\t\t\t\t\n\t\t\t\t\n\t\t\t<\/div>\n\n\t\t\t\t\t\t<\/div>\n\t\t\t\t<\/div>\n\t\t\t\t<\/div>\n\t\t\t\t\t<\/div>\n\t\t\t\t<\/div>\n\t\t<div class=\"elementor-element elementor-element-283cb51 e-flex e-con-boxed e-con e-parent\" data-id=\"283cb51\" data-element_type=\"container\">\n\t\t\t\t\t<div class=\"e-con-inner\">\n\t\t<div class=\"elementor-element elementor-element-3ba1b1d elementor-hidden-desktop e-con-full e-flex e-con e-child\" data-id=\"3ba1b1d\" data-element_type=\"container\">\n\t\t\t\t<div class=\"elementor-element elementor-element-ed456d5 elementor-widget elementor-widget-shortcode\" data-id=\"ed456d5\" data-element_type=\"widget\" data-widget_type=\"shortcode.default\">\n\t\t\t\t<div class=\"elementor-widget-container\">\n\t\t\t\t\t\t\t<div class=\"elementor-shortcode\"><div class='fluentform ff-default fluentform_wrapper_78 ffs_default_wrap'><form data-form_id=\"78\" id=\"fluentform_78\" class=\"frm-fluent-form fluent_form_78 ff-el-form-top ff_form_instance_78_1 ff-form-loading ffs_default\" data-form_instance=\"ff_form_instance_78_1\" method=\"POST\" ><fieldset  style=\"border: none!important;margin: 0!important;padding: 0!important;background-color: transparent!important;box-shadow: none!important;outline: none!important; min-inline-size: 100%;\">\n                    <legend class=\"ff_screen_reader_title\" style=\"display: block; margin: 0!important;padding: 0!important;height: 0!important;text-indent: -999999px;width: 0!important;overflow:hidden;\">updated Contact Form czech republic<\/legend><p style=\"display: none !important;\" class=\"akismet-fields-container\" data-prefix=\"ak_\"><label>&#916;<textarea name=\"ak_hp_textarea\" cols=\"45\" rows=\"8\" maxlength=\"100\"><\/textarea><\/label><input type=\"hidden\" id=\"ak_js_1\" name=\"ak_js\" value=\"105\"\/><script>document.getElementById( \"ak_js_1\" ).setAttribute( \"value\", ( new Date() ).getTime() );<\/script><\/p><input type='hidden' name='__fluent_form_embded_post_id' value='66583' \/><input type=\"hidden\" id=\"_fluentform_78_fluentformnonce\" name=\"_fluentform_78_fluentformnonce\" value=\"bf3dbe5f29\" \/><input type=\"hidden\" name=\"_wp_http_referer\" value=\"\/cs\/wp-json\/wp\/v2\/pages\/66583\" \/><div class='ff-el-group'><div class=\"ff-el-input--label ff-el-is-required asterisk-right\"><label for='ff_78_email' id='label_ff_78_email' aria-label=\"Cel\u00e9 jm\u00e9no\">Cel\u00e9 jm\u00e9no<\/label><\/div><div class='ff-el-input--content'><input type=\"email\" name=\"email\" id=\"ff_78_email\" class=\"ff-el-form-control\" placeholder=\"Zadejte sv\u00e9 cel\u00e9 jm\u00e9no\" data-name=\"email\"  aria-invalid=\"false\" aria-required=true><\/div><\/div><div class='ff-el-group'><div class=\"ff-el-input--label ff-el-is-required asterisk-right\"><label for='ff_78_email_1' id='label_ff_78_email_1' aria-label=\"Email\">Email<\/label><\/div><div class='ff-el-input--content'><input type=\"email\" name=\"email_1\" id=\"ff_78_email_1\" class=\"ff-el-form-control\" placeholder=\"E-mailov\u00e1 adresa\" data-name=\"email_1\"  aria-invalid=\"false\" aria-required=true><\/div><\/div><div class='ff-el-group'><div class=\"ff-el-input--label ff-el-is-required asterisk-right\"><label for='ff_78_input_text' id='label_ff_78_input_text' aria-label=\"Telefonn\u00ed \u010d\u00edslo\">Telefonn\u00ed \u010d\u00edslo<\/label><\/div><div class='ff-el-input--content'><input type=\"text\" name=\"input_text\" class=\"ff-el-form-control\" placeholder=\"Telefonn\u00ed \u010d\u00edslo\" data-name=\"input_text\" id=\"ff_78_input_text\"  aria-invalid=\"false\" aria-required=true><\/div><\/div><div class='ff-el-group'><div class=\"ff-el-input--label asterisk-right\"><label for='ff_78_input_text_2' id='label_ff_78_input_text_2' aria-label=\"Va\u0161e zpr\u00e1va\">Va\u0161e zpr\u00e1va<\/label><\/div><div class='ff-el-input--content'><input type=\"text\" name=\"input_text_2\" class=\"ff-el-form-control\" placeholder=\"Zpr\u00e1va\" data-name=\"input_text_2\" id=\"ff_78_input_text_2\"  aria-invalid=\"false\" aria-required=false><\/div><\/div><div class='ff-el-group ff-text-left ff_submit_btn_wrapper'><button type=\"submit\" class=\"ff-btn ff-btn-submit ff-btn-md ff_btn_style\"  aria-label=\"Send Message\">Send Message<\/button><\/div><\/fieldset><\/form><div id='fluentform_78_errors' class='ff-errors-in-stack ff_form_instance_78_1 ff-form-loading_errors ff_form_instance_78_1_errors'><\/div><\/div>            <script type=\"text\/javascript\">\n                window.fluent_form_ff_form_instance_78_1 = {\"id\":\"78\",\"settings\":{\"layout\":{\"labelPlacement\":\"top\",\"asteriskPlacement\":\"asterisk-right\",\"helpMessagePlacement\":\"with_label\",\"errorMessagePlacement\":\"inline\",\"cssClassName\":\"\"},\"restrictions\":{\"denyEmptySubmission\":{\"enabled\":false}}},\"form_instance\":\"ff_form_instance_78_1\",\"form_id_selector\":\"fluentform_78\",\"rules\":{\"email\":{\"required\":{\"value\":true,\"message\":\"This field is required\",\"global_message\":\"This field is required\",\"global\":true},\"email\":{\"value\":true,\"message\":\"This field must contain a valid email\",\"global_message\":\"This field must contain a valid email\",\"global\":true}},\"email_1\":{\"required\":{\"value\":true,\"message\":\"This field is required\",\"global_message\":\"This field is required\",\"global\":true},\"email\":{\"value\":true,\"message\":\"This field must contain a valid email\",\"global_message\":\"This field must contain a valid email\",\"global\":true}},\"input_text\":{\"required\":{\"value\":true,\"message\":\"This field is required\",\"global_message\":\"This field is required\",\"global\":true}},\"input_text_2\":{\"required\":{\"value\":false,\"message\":\"This field is required\",\"global_message\":\"This field is required\",\"global\":true}}},\"debounce_time\":300};\n                            <\/script>\n            <\/div>\n\t\t\t\t\t\t<\/div>\n\t\t\t\t<\/div>\n\t\t\t\t<\/div>\n\t\t\t\t\t<\/div>\n\t\t\t\t<\/div>\n\t\t<div class=\"elementor-element elementor-element-d0beb19 e-flex e-con-boxed e-con e-parent\" data-id=\"d0beb19\" data-element_type=\"container\">\n\t\t\t\t\t<div class=\"e-con-inner\">\n\t\t\t\t<div class=\"elementor-element elementor-element-5be139a elementor-widget elementor-widget-gimont_elementor_heading\" data-id=\"5be139a\" data-element_type=\"widget\" data-widget_type=\"gimont_elementor_heading.default\">\n\t\t\t\t<div class=\"elementor-widget-container\">\n\t\t\t\t\t\n\t\t\t<div class=\"ova-heading template_2\">\n\t\t\t\t\t\t\t\t\t\t\t\t\t\t<span class=\"subtitle\">Kontaktujte n\u00e1s<\/span>\n\t\t\t\t\t\t\t\t\t\t\t<span class=\"line\"><\/span>\n\t\t\t\t\t\t\t\t\t\t\t\t\t\n\t\t\t\t\t\t\t\t\n\t\t\t\t\n\t\t\t<\/div>\n\n\t\t\t\t\t\t<\/div>\n\t\t\t\t<\/div>\n\t\t\t\t\t<\/div>\n\t\t\t\t<\/div>\n\t\t<div class=\"elementor-element elementor-element-eb0dbae e-flex e-con-boxed e-con e-parent\" data-id=\"eb0dbae\" data-element_type=\"container\">\n\t\t\t\t\t<div class=\"e-con-inner\">\n\t\t<div class=\"elementor-element elementor-element-1b46505 elementor-hidden-tablet elementor-hidden-mobile e-con-full e-flex e-con e-child\" data-id=\"1b46505\" data-element_type=\"container\">\n\t\t<div class=\"elementor-element elementor-element-4910b1f e-con-full e-flex e-con e-child\" data-id=\"4910b1f\" data-element_type=\"container\" data-settings=\"{&quot;background_background&quot;:&quot;slideshow&quot;,&quot;background_slideshow_gallery&quot;:[],&quot;background_slideshow_loop&quot;:&quot;yes&quot;,&quot;background_slideshow_slide_duration&quot;:5000,&quot;background_slideshow_slide_transition&quot;:&quot;fade&quot;,&quot;background_slideshow_transition_duration&quot;:500}\">\n\t\t<div class=\"elementor-element elementor-element-9778c72 e-con-full e-flex e-con e-child\" data-id=\"9778c72\" data-element_type=\"container\">\n\t\t\t\t<div class=\"elementor-element elementor-element-692fa84 elementor-hidden-tablet elementor-hidden-mobile elementor-widget elementor-widget-image\" data-id=\"692fa84\" data-element_type=\"widget\" data-widget_type=\"image.default\">\n\t\t\t\t<div class=\"elementor-widget-container\">\n\t\t\t\t\t\t\t\t\t\t\t\t\t\t\t<img decoding=\"async\" width=\"800\" height=\"600\" src=\"https:\/\/bcmgroup.in\/wp-content\/uploads\/2026\/01\/Looking-for-Abroad-Jobs-1-1024x768.webp\" class=\"attachment-large size-large wp-image-132029\" alt=\"\" srcset=\"https:\/\/bcmgroup.in\/wp-content\/uploads\/2026\/01\/Looking-for-Abroad-Jobs-1-1024x768.webp 1024w, https:\/\/bcmgroup.in\/wp-content\/uploads\/2026\/01\/Looking-for-Abroad-Jobs-1-300x225.webp 300w, https:\/\/bcmgroup.in\/wp-content\/uploads\/2026\/01\/Looking-for-Abroad-Jobs-1-768x576.webp 768w, https:\/\/bcmgroup.in\/wp-content\/uploads\/2026\/01\/Looking-for-Abroad-Jobs-1-1536x1152.webp 1536w, https:\/\/bcmgroup.in\/wp-content\/uploads\/2026\/01\/Looking-for-Abroad-Jobs-1-640x480.webp 640w, https:\/\/bcmgroup.in\/wp-content\/uploads\/2026\/01\/Looking-for-Abroad-Jobs-1.webp 1600w\" sizes=\"(max-width: 800px) 100vw, 800px\" \/>\t\t\t\t\t\t\t\t\t\t\t\t\t\t\t<\/div>\n\t\t\t\t<\/div>\n\t\t\t\t<\/div>\n\t\t<div class=\"elementor-element elementor-element-3483234 e-con-full e-flex e-con e-child\" data-id=\"3483234\" data-element_type=\"container\">\n\t\t\t\t<div class=\"elementor-element elementor-element-5cc373f elementor-hidden-tablet elementor-hidden-mobile elementor-widget elementor-widget-shortcode\" data-id=\"5cc373f\" data-element_type=\"widget\" data-widget_type=\"shortcode.default\">\n\t\t\t\t<div class=\"elementor-widget-container\">\n\t\t\t\t\t\t\t<div class=\"elementor-shortcode\"><div class='fluentform ff-default fluentform_wrapper_78 ffs_default_wrap'><form data-form_id=\"78\" id=\"fluentform_78\" class=\"frm-fluent-form fluent_form_78 ff-el-form-top ff_form_instance_78_2 ff-form-loading ffs_default\" data-form_instance=\"ff_form_instance_78_2\" method=\"POST\" ><fieldset  style=\"border: none!important;margin: 0!important;padding: 0!important;background-color: transparent!important;box-shadow: none!important;outline: none!important; min-inline-size: 100%;\">\n                    <legend class=\"ff_screen_reader_title\" style=\"display: block; margin: 0!important;padding: 0!important;height: 0!important;text-indent: -999999px;width: 0!important;overflow:hidden;\">updated Contact Form czech republic<\/legend><p style=\"display: none !important;\" class=\"akismet-fields-container\" data-prefix=\"ak_\"><label>&#916;<textarea name=\"ak_hp_textarea\" cols=\"45\" rows=\"8\" maxlength=\"100\"><\/textarea><\/label><input type=\"hidden\" id=\"ak_js_2\" name=\"ak_js\" value=\"112\"\/><script>document.getElementById( \"ak_js_2\" ).setAttribute( \"value\", ( new Date() ).getTime() );<\/script><\/p><input type='hidden' name='__fluent_form_embded_post_id' value='66583' \/><input type=\"hidden\" id=\"_fluentform_78_fluentformnonce\" name=\"_fluentform_78_fluentformnonce\" value=\"bf3dbe5f29\" \/><input type=\"hidden\" name=\"_wp_http_referer\" value=\"\/cs\/wp-json\/wp\/v2\/pages\/66583\" \/><div class='ff-el-group'><div class=\"ff-el-input--label ff-el-is-required asterisk-right\"><label for='ff_78_2_email' id='label_ff_78_2_email' aria-label=\"Cel\u00e9 jm\u00e9no\">Cel\u00e9 jm\u00e9no<\/label><\/div><div class='ff-el-input--content'><input type=\"email\" name=\"email\" id=\"ff_78_2_email\" class=\"ff-el-form-control\" placeholder=\"Zadejte sv\u00e9 cel\u00e9 jm\u00e9no\" data-name=\"email\"  aria-invalid=\"false\" aria-required=true><\/div><\/div><div class='ff-el-group'><div class=\"ff-el-input--label ff-el-is-required asterisk-right\"><label for='ff_78_2_email_1' id='label_ff_78_2_email_1' aria-label=\"Email\">Email<\/label><\/div><div class='ff-el-input--content'><input type=\"email\" name=\"email_1\" id=\"ff_78_2_email_1\" class=\"ff-el-form-control\" placeholder=\"E-mailov\u00e1 adresa\" data-name=\"email_1\"  aria-invalid=\"false\" aria-required=true><\/div><\/div><div class='ff-el-group'><div class=\"ff-el-input--label ff-el-is-required asterisk-right\"><label for='ff_78_2_input_text' id='label_ff_78_2_input_text' aria-label=\"Telefonn\u00ed \u010d\u00edslo\">Telefonn\u00ed \u010d\u00edslo<\/label><\/div><div class='ff-el-input--content'><input type=\"text\" name=\"input_text\" class=\"ff-el-form-control\" placeholder=\"Telefonn\u00ed \u010d\u00edslo\" data-name=\"input_text\" id=\"ff_78_2_input_text\"  aria-invalid=\"false\" aria-required=true><\/div><\/div><div class='ff-el-group'><div class=\"ff-el-input--label asterisk-right\"><label for='ff_78_2_input_text_2' id='label_ff_78_2_input_text_2' aria-label=\"Va\u0161e zpr\u00e1va\">Va\u0161e zpr\u00e1va<\/label><\/div><div class='ff-el-input--content'><input type=\"text\" name=\"input_text_2\" class=\"ff-el-form-control\" placeholder=\"Zpr\u00e1va\" data-name=\"input_text_2\" id=\"ff_78_2_input_text_2\"  aria-invalid=\"false\" aria-required=false><\/div><\/div><div class='ff-el-group ff-text-left ff_submit_btn_wrapper'><button type=\"submit\" class=\"ff-btn ff-btn-submit ff-btn-md ff_btn_style\"  aria-label=\"Send Message\">Send Message<\/button><\/div><\/fieldset><\/form><div id='fluentform_78_errors' class='ff-errors-in-stack ff_form_instance_78_2 ff-form-loading_errors ff_form_instance_78_2_errors'><\/div><\/div>            <script type=\"text\/javascript\">\n                window.fluent_form_ff_form_instance_78_2 = {\"id\":\"78\",\"settings\":{\"layout\":{\"labelPlacement\":\"top\",\"asteriskPlacement\":\"asterisk-right\",\"helpMessagePlacement\":\"with_label\",\"errorMessagePlacement\":\"inline\",\"cssClassName\":\"\"},\"restrictions\":{\"denyEmptySubmission\":{\"enabled\":false}}},\"form_instance\":\"ff_form_instance_78_2\",\"form_id_selector\":\"fluentform_78\",\"rules\":{\"email\":{\"required\":{\"value\":true,\"message\":\"This field is required\",\"global_message\":\"This field is required\",\"global\":true},\"email\":{\"value\":true,\"message\":\"This field must contain a valid email\",\"global_message\":\"This field must contain a valid email\",\"global\":true}},\"email_1\":{\"required\":{\"value\":true,\"message\":\"This field is required\",\"global_message\":\"This field is required\",\"global\":true},\"email\":{\"value\":true,\"message\":\"This field must contain a valid email\",\"global_message\":\"This field must contain a valid email\",\"global\":true}},\"input_text\":{\"required\":{\"value\":true,\"message\":\"This field is required\",\"global_message\":\"This field is required\",\"global\":true}},\"input_text_2\":{\"required\":{\"value\":false,\"message\":\"This field is required\",\"global_message\":\"This field is required\",\"global\":true}}},\"debounce_time\":300};\n                            <\/script>\n            <\/div>\n\t\t\t\t\t\t<\/div>\n\t\t\t\t<\/div>\n\t\t\t\t<\/div>\n\t\t<div class=\"elementor-element elementor-element-528bcda e-con-full elementor-hidden-tablet elementor-hidden-mobile e-flex e-con e-child\" data-id=\"528bcda\" data-element_type=\"container\">\n\t\t\t\t<div class=\"elementor-element elementor-element-409e4f3 elementor-hidden-mobile elementor-widget elementor-widget-image\" data-id=\"409e4f3\" data-element_type=\"widget\" data-widget_type=\"image.default\">\n\t\t\t\t<div class=\"elementor-widget-container\">\n\t\t\t\t\t\t\t\t\t\t\t\t\t\t\t<img decoding=\"async\" width=\"800\" height=\"600\" src=\"https:\/\/bcmgroup.in\/wp-content\/uploads\/2026\/01\/Looking-for-Abroad-Jobs-2-1024x768.webp\" class=\"attachment-large size-large wp-image-132042\" alt=\"\" srcset=\"https:\/\/bcmgroup.in\/wp-content\/uploads\/2026\/01\/Looking-for-Abroad-Jobs-2-1024x768.webp 1024w, https:\/\/bcmgroup.in\/wp-content\/uploads\/2026\/01\/Looking-for-Abroad-Jobs-2-300x225.webp 300w, https:\/\/bcmgroup.in\/wp-content\/uploads\/2026\/01\/Looking-for-Abroad-Jobs-2-768x576.webp 768w, https:\/\/bcmgroup.in\/wp-content\/uploads\/2026\/01\/Looking-for-Abroad-Jobs-2-1536x1152.webp 1536w, https:\/\/bcmgroup.in\/wp-content\/uploads\/2026\/01\/Looking-for-Abroad-Jobs-2-640x480.webp 640w, https:\/\/bcmgroup.in\/wp-content\/uploads\/2026\/01\/Looking-for-Abroad-Jobs-2.webp 1600w\" sizes=\"(max-width: 800px) 100vw, 800px\" \/>\t\t\t\t\t\t\t\t\t\t\t\t\t\t\t<\/div>\n\t\t\t\t<\/div>\n\t\t\t\t<\/div>\n\t\t\t\t<\/div>\n\t\t\t\t<\/div>\n\t\t\t\t\t<\/div>\n\t\t\t\t<\/div>\n\t\t<div class=\"elementor-element elementor-element-e3ef7a9 e-flex e-con-boxed e-con e-parent\" data-id=\"e3ef7a9\" data-element_type=\"container\">\n\t\t\t\t\t<div class=\"e-con-inner\">\n\t\t<div class=\"elementor-element elementor-element-c7be696 elementor-hidden-tablet elementor-hidden-mobile e-con-full e-flex e-con e-child\" data-id=\"c7be696\" data-element_type=\"container\">\n\t\t<div class=\"elementor-element elementor-element-1660e1f e-con-full e-flex e-con e-child\" data-id=\"1660e1f\" data-element_type=\"container\">\n\t\t\t\t<div class=\"elementor-element elementor-element-125ba3d elementor-widget elementor-widget-image\" data-id=\"125ba3d\" data-element_type=\"widget\" data-widget_type=\"image.default\">\n\t\t\t\t<div class=\"elementor-widget-container\">\n\t\t\t\t\t\t\t\t\t\t\t\t\t\t\t<img loading=\"lazy\" decoding=\"async\" width=\"800\" height=\"600\" src=\"https:\/\/bcmgroup.in\/wp-content\/uploads\/2026\/01\/101-3-1024x768.webp\" class=\"attachment-large size-large wp-image-132069\" alt=\"\" srcset=\"https:\/\/bcmgroup.in\/wp-content\/uploads\/2026\/01\/101-3-1024x768.webp 1024w, https:\/\/bcmgroup.in\/wp-content\/uploads\/2026\/01\/101-3-300x225.webp 300w, https:\/\/bcmgroup.in\/wp-content\/uploads\/2026\/01\/101-3-768x576.webp 768w, https:\/\/bcmgroup.in\/wp-content\/uploads\/2026\/01\/101-3-1536x1152.webp 1536w, https:\/\/bcmgroup.in\/wp-content\/uploads\/2026\/01\/101-3-640x480.webp 640w, https:\/\/bcmgroup.in\/wp-content\/uploads\/2026\/01\/101-3.webp 1600w\" sizes=\"(max-width: 800px) 100vw, 800px\" \/>\t\t\t\t\t\t\t\t\t\t\t\t\t\t\t<\/div>\n\t\t\t\t<\/div>\n\t\t\t\t<\/div>\n\t\t<div class=\"elementor-element elementor-element-6918cf1 e-con-full e-flex e-con e-child\" data-id=\"6918cf1\" data-element_type=\"container\">\n\t\t\t\t<\/div>\n\t\t<div class=\"elementor-element elementor-element-c09ac56 e-con-full e-flex e-con e-child\" data-id=\"c09ac56\" data-element_type=\"container\">\n\t\t\t\t<div class=\"elementor-element elementor-element-804772a elementor-widget elementor-widget-image\" data-id=\"804772a\" data-element_type=\"widget\" data-widget_type=\"image.default\">\n\t\t\t\t<div class=\"elementor-widget-container\">\n\t\t\t\t\t\t\t\t\t\t\t\t\t\t\t<img loading=\"lazy\" decoding=\"async\" width=\"800\" height=\"600\" src=\"https:\/\/bcmgroup.in\/wp-content\/uploads\/2026\/01\/111-3-1-1-1024x768.webp\" class=\"attachment-large size-large wp-image-132213\" alt=\"\" srcset=\"https:\/\/bcmgroup.in\/wp-content\/uploads\/2026\/01\/111-3-1-1-1024x768.webp 1024w, https:\/\/bcmgroup.in\/wp-content\/uploads\/2026\/01\/111-3-1-1-300x225.webp 300w, https:\/\/bcmgroup.in\/wp-content\/uploads\/2026\/01\/111-3-1-1-768x576.webp 768w, https:\/\/bcmgroup.in\/wp-content\/uploads\/2026\/01\/111-3-1-1-1536x1152.webp 1536w, https:\/\/bcmgroup.in\/wp-content\/uploads\/2026\/01\/111-3-1-1-640x480.webp 640w, https:\/\/bcmgroup.in\/wp-content\/uploads\/2026\/01\/111-3-1-1.webp 1600w\" sizes=\"(max-width: 800px) 100vw, 800px\" \/>\t\t\t\t\t\t\t\t\t\t\t\t\t\t\t<\/div>\n\t\t\t\t<\/div>\n\t\t\t\t<\/div>\n\t\t\t\t<\/div>\n\t\t\t\t\t<\/div>\n\t\t\t\t<\/div>\n\t\t\t\t<\/div>\n\t\t","protected":false},"excerpt":{"rendered":"<p>Kontaktujte n\u00e1s Kontaktujte n\u00e1s<\/p>\n","protected":false},"author":1,"featured_media":0,"parent":0,"menu_order":0,"comment_status":"closed","ping_status":"closed","template":"elementor_header_footer","meta":{"googlesitekit_rrm_CAowi469DA:productID":"","footnotes":""},"class_list":["post-66583","page","type-page","status-publish","hentry"],"_links":{"self":[{"href":"https:\/\/bcmgroup.in\/cs\/wp-json\/wp\/v2\/pages\/66583","targetHints":{"allow":["GET"]}}],"collection":[{"href":"https:\/\/bcmgroup.in\/cs\/wp-json\/wp\/v2\/pages"}],"about":[{"href":"https:\/\/bcmgroup.in\/cs\/wp-json\/wp\/v2\/types\/page"}],"author":[{"embeddable":true,"href":"https:\/\/bcmgroup.in\/cs\/wp-json\/wp\/v2\/users\/1"}],"replies":[{"embeddable":true,"href":"https:\/\/bcmgroup.in\/cs\/wp-json\/wp\/v2\/comments?post=66583"}],"version-history":[{"count":29,"href":"https:\/\/bcmgroup.in\/cs\/wp-json\/wp\/v2\/pages\/66583\/revisions"}],"predecessor-version":[{"id":150728,"href":"https:\/\/bcmgroup.in\/cs\/wp-json\/wp\/v2\/pages\/66583\/revisions\/150728"}],"wp:attachment":[{"href":"https:\/\/bcmgroup.in\/cs\/wp-json\/wp\/v2\/media?parent=66583"}],"curies":[{"name":"wp","href":"https:\/\/api.w.org\/{rel}","templated":true}]}}