{"id":66563,"date":"2023-06-07T01:47:42","date_gmt":"2023-06-07T01:47:42","guid":{"rendered":"https:\/\/bcmgroup.in\/vitejte-v-zasadach-ochrany-osobnich-udaju-skupiny-bcm\/"},"modified":"2025-12-03T10:17:59","modified_gmt":"2025-12-03T10:17:59","slug":"vitejte-v-zasadach-ochrany-osobnich-udaju-skupiny-bcm","status":"publish","type":"page","link":"https:\/\/bcmgroup.in\/cs\/vitejte-v-zasadach-ochrany-osobnich-udaju-skupiny-bcm\/","title":{"rendered":"V\u00edtejte v z\u00e1sad\u00e1ch ochrany osobn\u00edch \u00fadaj\u016f skupiny BCM:"},"content":{"rendered":"\t\t<div data-elementor-type=\"wp-page\" data-elementor-id=\"66563\" class=\"elementor elementor-66563 elementor-17128\" data-elementor-post-type=\"page\">\n\t\t\t\t<div class=\"elementor-element elementor-element-8e7ca2e e-flex e-con-boxed e-con e-parent\" data-id=\"8e7ca2e\" data-element_type=\"container\">\n\t\t\t\t\t<div class=\"e-con-inner\">\n\t\t\t\t<div class=\"elementor-element elementor-element-57a966c elementor-widget elementor-widget-heading\" data-id=\"57a966c\" data-element_type=\"widget\" data-widget_type=\"heading.default\">\n\t\t\t\t<div class=\"elementor-widget-container\">\n\t\t\t\t\t<h1 class=\"elementor-heading-title elementor-size-default\">V\u00edtejte v z\u00e1sad\u00e1ch ochrany osobn\u00edch \u00fadaj\u016f skupiny BCM:<\/h1>\t\t\t\t<\/div>\n\t\t\t\t<\/div>\n\t\t\t\t\t<\/div>\n\t\t\t\t<\/div>\n\t\t<div class=\"elementor-element elementor-element-bb7db46 e-flex e-con-boxed e-con e-parent\" data-id=\"bb7db46\" data-element_type=\"container\">\n\t\t\t\t\t<div class=\"e-con-inner\">\n\t\t\t\t<div class=\"elementor-element elementor-element-64e9540 elementor-widget elementor-widget-text-editor\" data-id=\"64e9540\" data-element_type=\"widget\" data-widget_type=\"text-editor.default\">\n\t\t\t\t<div class=\"elementor-widget-container\">\n\t\t\t\t\t\t\t\t\t<p>V BCM Group se zavazujeme chr\u00e1nit va\u0161e soukrom\u00ed a zajistit, aby se s va\u0161imi osobn\u00edmi \u00fadaji nakl\u00e1dalo zodpov\u011bdn\u011b. Tyto z\u00e1sady ochrany osobn\u00edch \u00fadaj\u016f popisuj\u00ed, jak shroma\u017e\u010fujeme, pou\u017e\u00edv\u00e1me, zve\u0159ej\u0148ujeme a chr\u00e1n\u00edme va\u0161e \u00fadaje, kdy\u017e nav\u0161t\u00edv\u00edte na\u0161e webov\u00e9 str\u00e1nky nebo s n\u00e1mi komunikujete prost\u0159ednictv\u00edm digit\u00e1ln\u00edch marketingov\u00fdch aktivit.<\/p>\t\t\t\t\t\t\t\t<\/div>\n\t\t\t\t<\/div>\n\t\t\t\t\t<\/div>\n\t\t\t\t<\/div>\n\t\t<div class=\"elementor-element elementor-element-d849236 e-flex e-con-boxed e-con e-parent\" data-id=\"d849236\" data-element_type=\"container\">\n\t\t\t\t\t<div class=\"e-con-inner\">\n\t\t\t\t<div class=\"elementor-element elementor-element-fadea77 elementor-widget elementor-widget-heading\" data-id=\"fadea77\" data-element_type=\"widget\" data-widget_type=\"heading.default\">\n\t\t\t\t<div class=\"elementor-widget-container\">\n\t\t\t\t\t<h2 class=\"elementor-heading-title elementor-size-default\">1. Informace, kter\u00e9 shroma\u017e\u010fujeme\n<\/h2>\t\t\t\t<\/div>\n\t\t\t\t<\/div>\n\t\t\t\t\t<\/div>\n\t\t\t\t<\/div>\n\t\t<div class=\"elementor-element elementor-element-ab84a73 e-flex e-con-boxed e-con e-parent\" data-id=\"ab84a73\" data-element_type=\"container\">\n\t\t\t\t\t<div class=\"e-con-inner\">\n\t\t\t\t<div class=\"elementor-element elementor-element-2b496e7 elementor-widget elementor-widget-text-editor\" data-id=\"2b496e7\" data-element_type=\"widget\" data-widget_type=\"text-editor.default\">\n\t\t\t\t<div class=\"elementor-widget-container\">\n\t\t\t\t\t\t\t\t\t<ul>\n<li><strong>Osobn\u00ed \u00fadaje: <\/strong>Kdy\u017e nav\u0161t\u00edv\u00edte na\u0161e webov\u00e9 str\u00e1nky nebo se zapoj\u00edte do na\u0161ich digit\u00e1ln\u00edch marketingov\u00fdch aktivit, m\u016f\u017eeme shroma\u017e\u010fovat osobn\u00ed \u00fadaje, jako je va\u0161e jm\u00e9no, e-mailov\u00e1 adresa, telefonn\u00ed \u010d\u00edslo a jak\u00e9koli dal\u0161\u00ed informace, kter\u00e9 dobrovoln\u011b poskytnete.<\/li>\n<li><strong>\u00dadaje o pou\u017e\u00edv\u00e1n\u00ed:<\/strong>\u00a0M\u016f\u017eeme shroma\u017e\u010fovat informace o va\u0161em chov\u00e1n\u00ed p\u0159i prohl\u00ed\u017een\u00ed na\u0161ich webov\u00fdch str\u00e1nek, v\u010detn\u011b str\u00e1nek, kter\u00e9 nav\u0161t\u011bvujete, odkaz\u016f, na kter\u00e9 klik\u00e1te, a dal\u0161\u00edch akc\u00ed, kter\u00e9 prov\u00e1d\u00edte.<\/li>\n<li><strong>Informace o za\u0159\u00edzen\u00ed: <\/strong>M\u016f\u017eeme shroma\u017e\u010fovat informace o za\u0159\u00edzen\u00ed, kter\u00e9 pou\u017e\u00edv\u00e1te pro p\u0159\u00edstup na na\u0161e webov\u00e9 str\u00e1nky nebo pro interakci s na\u0161imi digit\u00e1ln\u00edmi marketingov\u00fdmi aktivitami, jako je va\u0161e IP adresa, typ prohl\u00ed\u017ee\u010de a opera\u010dn\u00ed syst\u00e9m.<\/li>\n<\/ul>\t\t\t\t\t\t\t\t<\/div>\n\t\t\t\t<\/div>\n\t\t\t\t\t<\/div>\n\t\t\t\t<\/div>\n\t\t<div class=\"elementor-element elementor-element-56b3349 e-flex e-con-boxed e-con e-parent\" data-id=\"56b3349\" data-element_type=\"container\">\n\t\t\t\t\t<div class=\"e-con-inner\">\n\t\t\t\t<div class=\"elementor-element elementor-element-8a0090b elementor-widget elementor-widget-heading\" data-id=\"8a0090b\" data-element_type=\"widget\" data-widget_type=\"heading.default\">\n\t\t\t\t<div class=\"elementor-widget-container\">\n\t\t\t\t\t<h2 class=\"elementor-heading-title elementor-size-default\">2. Jak pou\u017e\u00edv\u00e1me va\u0161e \u00fadaje\n<\/h2>\t\t\t\t<\/div>\n\t\t\t\t<\/div>\n\t\t\t\t\t<\/div>\n\t\t\t\t<\/div>\n\t\t<div class=\"elementor-element elementor-element-ec0b221 e-flex e-con-boxed e-con e-parent\" data-id=\"ec0b221\" data-element_type=\"container\">\n\t\t\t\t\t<div class=\"e-con-inner\">\n\t\t\t\t<div class=\"elementor-element elementor-element-a2a2dad elementor-widget elementor-widget-text-editor\" data-id=\"a2a2dad\" data-element_type=\"widget\" data-widget_type=\"text-editor.default\">\n\t\t\t\t<div class=\"elementor-widget-container\">\n\t\t\t\t\t\t\t\t\t<ul>\n<li><strong>Poskytov\u00e1n\u00ed slu\u017eeb:<\/strong>\u00a0Va\u0161e osobn\u00ed \u00fadaje m\u016f\u017eeme pou\u017e\u00edt k poskytov\u00e1n\u00ed slu\u017eeb, kter\u00e9 po\u017eadujete, jako je nap\u0159\u00edklad zodpov\u00edd\u00e1n\u00ed va\u0161ich dotaz\u016f nebo zpracov\u00e1n\u00ed va\u0161ich \u017e\u00e1dost\u00ed o zam\u011bstn\u00e1n\u00ed.<\/li>\n<li><strong>Pro zlep\u0161en\u00ed na\u0161ich slu\u017eeb: <\/strong>Shrom\u00e1\u017ed\u011bn\u00e9 informace m\u016f\u017eeme pou\u017e\u00edt k anal\u00fdze trend\u016f, sledov\u00e1n\u00ed interakc\u00ed u\u017eivatel\u016f a ke zlep\u0161en\u00ed kvality na\u0161ich webov\u00fdch str\u00e1nek a slu\u017eeb.<\/li>\n<li><strong>Marketing a komunikace: <\/strong>S va\u0161\u00edm souhlasem m\u016f\u017eeme va\u0161e kontaktn\u00ed \u00fadaje pou\u017e\u00edt k zas\u00edl\u00e1n\u00ed propaga\u010dn\u00edch materi\u00e1l\u016f, newsletter\u016f nebo jin\u00fdch sd\u011blen\u00ed o na\u0161ich slu\u017eb\u00e1ch nebo nadch\u00e1zej\u00edc\u00edch akc\u00edch.<\/li>\n<\/ul>\t\t\t\t\t\t\t\t<\/div>\n\t\t\t\t<\/div>\n\t\t\t\t\t<\/div>\n\t\t\t\t<\/div>\n\t\t<div class=\"elementor-element elementor-element-4dc817a e-flex e-con-boxed e-con e-parent\" data-id=\"4dc817a\" data-element_type=\"container\">\n\t\t\t\t\t<div class=\"e-con-inner\">\n\t\t\t\t<div class=\"elementor-element elementor-element-9a6313c elementor-widget elementor-widget-heading\" data-id=\"9a6313c\" data-element_type=\"widget\" data-widget_type=\"heading.default\">\n\t\t\t\t<div class=\"elementor-widget-container\">\n\t\t\t\t\t<h2 class=\"elementor-heading-title elementor-size-default\">3. Sd\u00edlen\u00ed a zp\u0159\u00edstupn\u011bn\u00ed dat\n<\/h2>\t\t\t\t<\/div>\n\t\t\t\t<\/div>\n\t\t\t\t\t<\/div>\n\t\t\t\t<\/div>\n\t\t<div class=\"elementor-element elementor-element-818d0c5 e-flex e-con-boxed e-con e-parent\" data-id=\"818d0c5\" data-element_type=\"container\">\n\t\t\t\t\t<div class=\"e-con-inner\">\n\t\t\t\t<div class=\"elementor-element elementor-element-953a1ae elementor-widget elementor-widget-text-editor\" data-id=\"953a1ae\" data-element_type=\"widget\" data-widget_type=\"text-editor.default\">\n\t\t\t\t<div class=\"elementor-widget-container\">\n\t\t\t\t\t\t\t\t\t<ul>\n<li><strong>Poskytovatel\u00e9 slu\u017eeb t\u0159et\u00edch stran: <\/strong>Va\u0161e informace m\u016f\u017eeme sd\u00edlet s poskytovateli slu\u017eeb t\u0159et\u00edch stran, kte\u0159\u00ed n\u00e1m pom\u00e1haj\u00ed s provozem na\u0161ich webov\u00fdch str\u00e1nek, s podnik\u00e1n\u00edm nebo s poskytov\u00e1n\u00edm slu\u017eeb v\u00e1m. Tito poskytovatel\u00e9 slu\u017eeb jsou smluvn\u011b povinni pou\u017e\u00edvat va\u0161e \u00fadaje pouze v p\u0159\u00edpad\u011b pot\u0159eby k poskytov\u00e1n\u00ed n\u00e1mi po\u017eadovan\u00fdch slu\u017eeb.<\/li>\n<li><strong>Dodr\u017eov\u00e1n\u00ed pr\u00e1vn\u00edch p\u0159edpis\u016f: <\/strong>Va\u0161e informace m\u016f\u017eeme zve\u0159ejnit, pokud to vy\u017eaduje z\u00e1kon, nebo v reakci na platn\u00e9 pr\u00e1vn\u00ed \u017e\u00e1dosti, jako jsou p\u0159edvol\u00e1n\u00ed nebo soudn\u00ed p\u0159\u00edkazy.<\/li>\n<\/ul>\t\t\t\t\t\t\t\t<\/div>\n\t\t\t\t<\/div>\n\t\t\t\t\t<\/div>\n\t\t\t\t<\/div>\n\t\t<div class=\"elementor-element elementor-element-f5209fe e-flex e-con-boxed e-con e-parent\" data-id=\"f5209fe\" data-element_type=\"container\">\n\t\t\t\t\t<div class=\"e-con-inner\">\n\t\t\t\t<div class=\"elementor-element elementor-element-82f1919 elementor-widget elementor-widget-heading\" data-id=\"82f1919\" data-element_type=\"widget\" data-widget_type=\"heading.default\">\n\t\t\t\t<div class=\"elementor-widget-container\">\n\t\t\t\t\t<h2 class=\"elementor-heading-title elementor-size-default\">4. Zabezpe\u010den\u00ed dat<\/h2>\t\t\t\t<\/div>\n\t\t\t\t<\/div>\n\t\t\t\t\t<\/div>\n\t\t\t\t<\/div>\n\t\t<div class=\"elementor-element elementor-element-0ac0fc6 e-flex e-con-boxed e-con e-parent\" data-id=\"0ac0fc6\" data-element_type=\"container\">\n\t\t\t\t\t<div class=\"e-con-inner\">\n\t\t\t\t<div class=\"elementor-element elementor-element-0131ac7 elementor-widget elementor-widget-text-editor\" data-id=\"0131ac7\" data-element_type=\"widget\" data-widget_type=\"text-editor.default\">\n\t\t\t\t<div class=\"elementor-widget-container\">\n\t\t\t\t\t\t\t\t\t<p>\u017d\u00e1dn\u00fd zp\u016fsob p\u0159enosu p\u0159es internet nebo elektronick\u00e9 \u00falo\u017ei\u0161t\u011b v\u0161ak nen\u00ed 100% bezpe\u010dn\u00fd a nem\u016f\u017eeme zaru\u010dit absolutn\u00ed bezpe\u010dnost.<\/p>\t\t\t\t\t\t\t\t<\/div>\n\t\t\t\t<\/div>\n\t\t\t\t\t<\/div>\n\t\t\t\t<\/div>\n\t\t<div class=\"elementor-element elementor-element-ea13d2e e-flex e-con-boxed e-con e-parent\" data-id=\"ea13d2e\" data-element_type=\"container\">\n\t\t\t\t\t<div class=\"e-con-inner\">\n\t\t\t\t<div class=\"elementor-element elementor-element-e0c2216 elementor-widget elementor-widget-heading\" data-id=\"e0c2216\" data-element_type=\"widget\" data-widget_type=\"heading.default\">\n\t\t\t\t<div class=\"elementor-widget-container\">\n\t\t\t\t\t<h2 class=\"elementor-heading-title elementor-size-default\">5. Va\u0161e pr\u00e1va\n<\/h2>\t\t\t\t<\/div>\n\t\t\t\t<\/div>\n\t\t\t\t\t<\/div>\n\t\t\t\t<\/div>\n\t\t<div class=\"elementor-element elementor-element-b2016bd e-flex e-con-boxed e-con e-parent\" data-id=\"b2016bd\" data-element_type=\"container\">\n\t\t\t\t\t<div class=\"e-con-inner\">\n\t\t\t\t<div class=\"elementor-element elementor-element-84f6014 elementor-widget elementor-widget-text-editor\" data-id=\"84f6014\" data-element_type=\"widget\" data-widget_type=\"text-editor.default\">\n\t\t\t\t<div class=\"elementor-widget-container\">\n\t\t\t\t\t\t\t\t\t<ul>\n<li><strong>P\u0159\u00edstup a oprava: <\/strong>M\u00e1te pr\u00e1vo na p\u0159\u00edstup k ve\u0161ker\u00fdm osobn\u00edm \u00fadaj\u016fm, kter\u00e9 o v\u00e1s uchov\u00e1v\u00e1me, a na jejich opravu. M\u016f\u017eete tak\u00e9 po\u017e\u00e1dat, abychom smazali va\u0161e osobn\u00ed \u00fadaje, s v\u00fdhradou ur\u010dit\u00fdch v\u00fdjimek.<\/li>\n<li><strong>Marketingov\u00e9 preference: <\/strong>M\u00e1te pr\u00e1vo kdykoli se odhl\u00e1sit z odb\u011bru marketingov\u00fdch sd\u011blen\u00ed od n\u00e1s. M\u016f\u017eete to ud\u011blat podle pokyn\u016f pro odhl\u00e1\u0161en\u00ed obsa\u017een\u00fdch v na\u0161ich e-mailech nebo n\u00e1s p\u0159\u00edmo kontaktovat.<\/li>\n<\/ul>\t\t\t\t\t\t\t\t<\/div>\n\t\t\t\t<\/div>\n\t\t\t\t\t<\/div>\n\t\t\t\t<\/div>\n\t\t<div class=\"elementor-element elementor-element-35073a3 e-flex e-con-boxed e-con e-parent\" data-id=\"35073a3\" data-element_type=\"container\">\n\t\t\t\t\t<div class=\"e-con-inner\">\n\t\t\t\t<div class=\"elementor-element elementor-element-93e3215 elementor-widget elementor-widget-heading\" data-id=\"93e3215\" data-element_type=\"widget\" data-widget_type=\"heading.default\">\n\t\t\t\t<div class=\"elementor-widget-container\">\n\t\t\t\t\t<h2 class=\"elementor-heading-title elementor-size-default\">6. Zm\u011bny t\u011bchto Z\u00e1sad ochrany osobn\u00edch \u00fadaj\u016f\n<\/h2>\t\t\t\t<\/div>\n\t\t\t\t<\/div>\n\t\t\t\t\t<\/div>\n\t\t\t\t<\/div>\n\t\t<div class=\"elementor-element elementor-element-7c74903 e-flex e-con-boxed e-con e-parent\" data-id=\"7c74903\" data-element_type=\"container\">\n\t\t\t\t\t<div class=\"e-con-inner\">\n\t\t\t\t<div class=\"elementor-element elementor-element-442843a elementor-widget elementor-widget-text-editor\" data-id=\"442843a\" data-element_type=\"widget\" data-widget_type=\"text-editor.default\">\n\t\t\t\t<div class=\"elementor-widget-container\">\n\t\t\t\t\t\t\t\t\t<p>Tyto z\u00e1sady ochrany osobn\u00edch \u00fadaj\u016f m\u016f\u017eeme \u010das od \u010dasu aktualizovat, aby odr\u00e1\u017eely zm\u011bny v na\u0161ich postupech nebo pr\u00e1vn\u00edch po\u017eadavc\u00edch. O jak\u00fdchkoli podstatn\u00fdch zm\u011bn\u00e1ch v\u00e1s budeme informovat zve\u0159ejn\u011bn\u00edm aktualizovan\u00fdch z\u00e1sad na na\u0161ich webov\u00fdch str\u00e1nk\u00e1ch nebo v\u00e1s p\u0159\u00edmo kontaktujeme.<\/p>\t\t\t\t\t\t\t\t<\/div>\n\t\t\t\t<\/div>\n\t\t\t\t\t<\/div>\n\t\t\t\t<\/div>\n\t\t<div class=\"elementor-element elementor-element-1e00487 e-flex e-con-boxed e-con e-parent\" data-id=\"1e00487\" data-element_type=\"container\">\n\t\t\t\t\t<div class=\"e-con-inner\">\n\t\t\t\t<div class=\"elementor-element elementor-element-73720e8 elementor-widget elementor-widget-heading\" data-id=\"73720e8\" data-element_type=\"widget\" data-widget_type=\"heading.default\">\n\t\t\t\t<div class=\"elementor-widget-container\">\n\t\t\t\t\t<h2 class=\"elementor-heading-title elementor-size-default\"><a href=\"https:\/\/bcmgroup.in\/cs\/kontakt\/\">7. Kontaktujte n\u00e1s\n<\/a><\/h2>\t\t\t\t<\/div>\n\t\t\t\t<\/div>\n\t\t\t\t\t<\/div>\n\t\t\t\t<\/div>\n\t\t<div class=\"elementor-element elementor-element-8c6609a e-flex e-con-boxed e-con e-parent\" data-id=\"8c6609a\" data-element_type=\"container\">\n\t\t\t\t\t<div class=\"e-con-inner\">\n\t\t\t\t<div class=\"elementor-element elementor-element-01353d5 elementor-widget elementor-widget-text-editor\" data-id=\"01353d5\" data-element_type=\"widget\" data-widget_type=\"text-editor.default\">\n\t\t\t\t<div class=\"elementor-widget-container\">\n\t\t\t\t\t\t\t\t\t<p>M\u00e1te-li jak\u00e9koli dotazy nebo obavy t\u00fdkaj\u00edc\u00ed se t\u011bchto Z\u00e1sad ochrany osobn\u00edch \u00fadaj\u016f nebo na\u0161ich postup\u016f p\u0159i zpracov\u00e1n\u00ed \u00fadaj\u016f, kontaktujte n\u00e1s na adrese: <a href=\"mailto:info@bcmgroup.in\" target=\"_blank\" rel=\"noreferrer noopener\">info@bcmgroup.in<br \/><\/a>Pou\u017e\u00edv\u00e1n\u00edm na\u0161ich webov\u00fdch str\u00e1nek nebo interakc\u00ed s na\u0161imi digit\u00e1ln\u00edmi marketingov\u00fdmi aktivitami souhlas\u00edte s podm\u00ednkami t\u011bchto Z\u00e1sad ochrany osobn\u00edch \u00fadaj\u016f.<\/p>\t\t\t\t\t\t\t\t<\/div>\n\t\t\t\t<\/div>\n\t\t\t\t\t<\/div>\n\t\t\t\t<\/div>\n\t\t\t\t<\/div>\n\t\t","protected":false},"excerpt":{"rendered":"<p>V\u00edtejte v z\u00e1sad\u00e1ch ochrany osobn\u00edch \u00fadaj\u016f skupiny BCM: V BCM Group se zavazujeme chr\u00e1nit va\u0161e soukrom\u00ed a zajistit, aby se s va\u0161imi osobn\u00edmi \u00fadaji nakl\u00e1dalo zodpov\u011bdn\u011b. Tyto z\u00e1sady ochrany osobn\u00edch \u00fadaj\u016f popisuj\u00ed, jak shroma\u017e\u010fujeme, pou\u017e\u00edv\u00e1me, zve\u0159ej\u0148ujeme a chr\u00e1n\u00edme va\u0161e \u00fadaje, kdy\u017e nav\u0161t\u00edv\u00edte na\u0161e webov\u00e9 str\u00e1nky nebo s n\u00e1mi komunikujete prost\u0159ednictv\u00edm digit\u00e1ln\u00edch marketingov\u00fdch aktivit. 1. Informace, [&hellip;]<\/p>\n","protected":false},"author":1,"featured_media":0,"parent":0,"menu_order":0,"comment_status":"closed","ping_status":"open","template":"elementor_canvas","meta":{"googlesitekit_rrm_CAowi469DA:productID":"","footnotes":""},"class_list":["post-66563","page","type-page","status-publish","hentry"],"_links":{"self":[{"href":"https:\/\/bcmgroup.in\/cs\/wp-json\/wp\/v2\/pages\/66563","targetHints":{"allow":["GET"]}}],"collection":[{"href":"https:\/\/bcmgroup.in\/cs\/wp-json\/wp\/v2\/pages"}],"about":[{"href":"https:\/\/bcmgroup.in\/cs\/wp-json\/wp\/v2\/types\/page"}],"author":[{"embeddable":true,"href":"https:\/\/bcmgroup.in\/cs\/wp-json\/wp\/v2\/users\/1"}],"replies":[{"embeddable":true,"href":"https:\/\/bcmgroup.in\/cs\/wp-json\/wp\/v2\/comments?post=66563"}],"version-history":[{"count":10,"href":"https:\/\/bcmgroup.in\/cs\/wp-json\/wp\/v2\/pages\/66563\/revisions"}],"predecessor-version":[{"id":117460,"href":"https:\/\/bcmgroup.in\/cs\/wp-json\/wp\/v2\/pages\/66563\/revisions\/117460"}],"wp:attachment":[{"href":"https:\/\/bcmgroup.in\/cs\/wp-json\/wp\/v2\/media?parent=66563"}],"curies":[{"name":"wp","href":"https:\/\/api.w.org\/{rel}","templated":true}]}}