{"id":142242,"date":"2026-02-23T07:34:18","date_gmt":"2026-02-23T07:34:18","guid":{"rendered":"https:\/\/bcmgroup.in\/?page_id=142242"},"modified":"2026-03-13T13:07:31","modified_gmt":"2026-03-13T13:07:31","slug":"bcm-blogy","status":"publish","type":"page","link":"https:\/\/bcmgroup.in\/cs\/bcm-blogy\/","title":{"rendered":"BCM Blogy"},"content":{"rendered":"\t\t<div data-elementor-type=\"wp-page\" data-elementor-id=\"142242\" class=\"elementor elementor-142242\" data-elementor-post-type=\"page\">\n\t\t\t\t<div class=\"elementor-element elementor-element-023b5e3 e-flex e-con-boxed e-con e-parent\" data-id=\"023b5e3\" data-element_type=\"container\">\n\t\t\t\t\t<div class=\"e-con-inner\">\n\t\t<div class=\"elementor-element elementor-element-57cadab e-con-full e-flex e-con e-child\" data-id=\"57cadab\" data-element_type=\"container\">\n\t\t\t\t<div class=\"elementor-element elementor-element-3f126f3 elementor-widget elementor-widget-image\" data-id=\"3f126f3\" data-element_type=\"widget\" data-widget_type=\"image.default\">\n\t\t\t\t<div class=\"elementor-widget-container\">\n\t\t\t\t\t\t\t\t\t\t\t\t\t\t\t<img fetchpriority=\"high\" decoding=\"async\" width=\"1620\" height=\"325\" src=\"https:\/\/bcmgroup.in\/wp-content\/uploads\/2026\/02\/SUBMIT-YOUR-CV-9.webp\" class=\"attachment-full size-full wp-image-136898\" alt=\"blog\" srcset=\"https:\/\/bcmgroup.in\/wp-content\/uploads\/2026\/02\/SUBMIT-YOUR-CV-9.webp 1620w, https:\/\/bcmgroup.in\/wp-content\/uploads\/2026\/02\/SUBMIT-YOUR-CV-9-300x60.webp 300w, https:\/\/bcmgroup.in\/wp-content\/uploads\/2026\/02\/SUBMIT-YOUR-CV-9-1024x205.webp 1024w, https:\/\/bcmgroup.in\/wp-content\/uploads\/2026\/02\/SUBMIT-YOUR-CV-9-768x154.webp 768w, https:\/\/bcmgroup.in\/wp-content\/uploads\/2026\/02\/SUBMIT-YOUR-CV-9-1536x308.webp 1536w\" sizes=\"(max-width: 1620px) 100vw, 1620px\" \/>\t\t\t\t\t\t\t\t\t\t\t\t\t\t\t<\/div>\n\t\t\t\t<\/div>\n\t\t\t\t<\/div>\n\t\t\t\t\t<\/div>\n\t\t\t\t<\/div>\n\t\t<div class=\"elementor-element elementor-element-23e2c28 e-flex e-con-boxed e-con e-parent\" data-id=\"23e2c28\" data-element_type=\"container\">\n\t\t\t\t\t<div class=\"e-con-inner\">\n\t\t<div class=\"elementor-element elementor-element-15a46f7 e-con-full e-flex e-con e-child\" data-id=\"15a46f7\" data-element_type=\"container\">\n\t\t<div class=\"elementor-element elementor-element-dbdf167 e-con-full e-flex e-con e-child\" data-id=\"dbdf167\" data-element_type=\"container\">\n\t\t\t\t<div class=\"elementor-element elementor-element-50ccd4f elementor-widget elementor-widget-shortcode\" data-id=\"50ccd4f\" data-element_type=\"widget\" data-widget_type=\"shortcode.default\">\n\t\t\t\t<div class=\"elementor-widget-container\">\n\t\t\t\t\t\t\t<div class=\"elementor-shortcode\"><div id=\"bdpp-post-list-1\" class=\"bdpp-wrap bdpp-lite bdpp-post-list-wrap bdpp-post-data-wrap bdpp-design-1 bdpp-layout-136712 bdpp-clearfix\">\r\n\t<div class=\"bdpp-post-list-inr-wrap bdpp-post-data-inr-wrap bdpp-clearfix\"><div class=\"bdpp-post-list-main bdpp-post-150509 bdpp-post-standard bdpp-has-thumb\">\r\n\t<div class=\"bdpp-post-list-content bdpp-clearfix\">\r\n\t\t\t\t<div class=\"bdpp-post-list-left bdpp-col-2 bdpp-columns\">\r\n\t\t\t<div class=\"bdpp-post-img-bg\">\r\n\t\t\t\t<a href=\"https:\/\/bcmgroup.in\/cs\/blogy\/smlouva-na-dobu-urcitou\/\">\r\n\t\t\t\t\t<img decoding=\"async\" src=\"https:\/\/bcmgroup.in\/wp-content\/uploads\/2026\/03\/Expert-Legal-Services-1.webp\" class=\"bdpp-img bdpp-post-feat-img\" alt=\"Smlouva na dobu ur\u010ditou v roce 2026: Kompletn\u00ed pr\u016fvodce pro zam\u011bstnance i zam\u011bstnavatele\" \/>\r\n\t\t\t\t\t\t\t\t\t<\/a>\r\n\t\t\t<\/div>\r\n\t\t<\/div>\r\n\t\t\r\n\t\t<div class=\"bdpp-post-list-right bdpp-col-2 bdpp-columns\">\r\n\t\t\t\r\n\t\t\t<h2 class=\"bdpp-post-title\">\r\n\t\t\t\t<a href=\"https:\/\/bcmgroup.in\/cs\/blogy\/smlouva-na-dobu-urcitou\/\">Smlouva na dobu ur\u010ditou v roce 2026: Kompletn\u00ed pr\u016fvodce pro zam\u011bstnance i zam\u011bstnavatele<\/a>\r\n\t\t\t<\/h2>\r\n\r\n\t\t\t\t\t\t<div class=\"bdpp-post-meta bdpp-post-meta-up\">\r\n\t\t\t\t\t\t\t<\/div>\r\n\t\t\t\t\t\t<div class=\"bdpp-post-content\">\r\n\t\t\t\t<div class=\"bdpp-post-desc\">Smlouva na dobu ur\u010ditou v roce 2026: Kompletn\u00ed pr\u016fvodce pro zam\u011bstnance i zam\u011bstnavatele V roce\u034f 2026 je smlouva na dobu ur\u010ditou z nej\u010dast\u011bj\u0161\u034f\u00edc\u034fh typ\u016f\u034f pracovn\u00edc\u034fh vztah\u016f v \u010cesku. Firmy ji\u034f pou\u017e\u00edvaj\u00ed...<\/div>\r\n\t\t\t\t\t\t\t\t\t<a href=\"https:\/\/bcmgroup.in\/cs\/blogy\/smlouva-na-dobu-urcitou\/\" class=\"bdpp-rdmr-btn\">\u010c\u00edta\u0165 \u010falej<\/a>\r\n\t\t\t\t\t\t\t<\/div>\r\n\t\t\t\t\t<\/div>\r\n\t<\/div>\r\n<\/div><div class=\"bdpp-post-list-main bdpp-post-149327 bdpp-post-standard bdpp-has-thumb\">\r\n\t<div class=\"bdpp-post-list-content bdpp-clearfix\">\r\n\t\t\t\t<div class=\"bdpp-post-list-left bdpp-col-2 bdpp-columns\">\r\n\t\t\t<div class=\"bdpp-post-img-bg\">\r\n\t\t\t\t<a href=\"https:\/\/bcmgroup.in\/cs\/blogy\/elektrikar\/\">\r\n\t\t\t\t\t<img decoding=\"async\" src=\"https:\/\/bcmgroup.in\/wp-content\/uploads\/2026\/03\/Expert-Legal-Services-41.webp\" class=\"bdpp-img bdpp-post-feat-img\" alt=\"Elektrik\u00e1\u0159 v roce 2026: Jak firmy rychle najdou kvalifikovan\u00e9 odborn\u00edky\" \/>\r\n\t\t\t\t\t\t\t\t\t<\/a>\r\n\t\t\t<\/div>\r\n\t\t<\/div>\r\n\t\t\r\n\t\t<div class=\"bdpp-post-list-right bdpp-col-2 bdpp-columns\">\r\n\t\t\t\r\n\t\t\t<h2 class=\"bdpp-post-title\">\r\n\t\t\t\t<a href=\"https:\/\/bcmgroup.in\/cs\/blogy\/elektrikar\/\">Elektrik\u00e1\u0159 v roce 2026: Jak firmy rychle najdou kvalifikovan\u00e9 odborn\u00edky<\/a>\r\n\t\t\t<\/h2>\r\n\r\n\t\t\t\t\t\t<div class=\"bdpp-post-meta bdpp-post-meta-up\">\r\n\t\t\t\t\t\t\t<\/div>\r\n\t\t\t\t\t\t<div class=\"bdpp-post-content\">\r\n\t\t\t\t<div class=\"bdpp-post-desc\">Elektrik\u00e1\u0159 v roce 2026: Jak firmy rychle najdou kvalifikovan\u00e9 odborn\u00edky Modern\u00ed pr\u016fmysl, stavba a energie z\u00e1vis\u00ed na jedn\u00e9 d\u016fle\u034f\u017eit\u00e9 p\u034frofesi\u034f - elektrik\u00e1\u0159. Bez schopn\u00fdch ele\u034fktriak\u00e1\u0159\u016f se zas\u034ftavuj\u00ed \u034fv\u00fdrob\u034fn\u00ed \u034fl\u034finky, zpo\u017e\u010fu\u034fj\u00ed stavebn\u00ed...<\/div>\r\n\t\t\t\t\t\t\t\t\t<a href=\"https:\/\/bcmgroup.in\/cs\/blogy\/elektrikar\/\" class=\"bdpp-rdmr-btn\">\u010c\u00edta\u0165 \u010falej<\/a>\r\n\t\t\t\t\t\t\t<\/div>\r\n\t\t\t\t\t<\/div>\r\n\t<\/div>\r\n<\/div><div class=\"bdpp-post-list-main bdpp-post-149192 bdpp-post-standard bdpp-has-thumb\">\r\n\t<div class=\"bdpp-post-list-content bdpp-clearfix\">\r\n\t\t\t\t<div class=\"bdpp-post-list-left bdpp-col-2 bdpp-columns\">\r\n\t\t\t<div class=\"bdpp-post-img-bg\">\r\n\t\t\t\t<a href=\"https:\/\/bcmgroup.in\/cs\/blogy\/outsourcing\/\">\r\n\t\t\t\t\t<img decoding=\"async\" src=\"https:\/\/bcmgroup.in\/wp-content\/uploads\/2026\/03\/Expert-Legal-Services-40.webp\" class=\"bdpp-img bdpp-post-feat-img\" alt=\"Outsourcing ve firm\u00e1ch v \u010cesk\u00e9 republice\" \/>\r\n\t\t\t\t\t\t\t\t\t<\/a>\r\n\t\t\t<\/div>\r\n\t\t<\/div>\r\n\t\t\r\n\t\t<div class=\"bdpp-post-list-right bdpp-col-2 bdpp-columns\">\r\n\t\t\t\r\n\t\t\t<h2 class=\"bdpp-post-title\">\r\n\t\t\t\t<a href=\"https:\/\/bcmgroup.in\/cs\/blogy\/outsourcing\/\">Outsourcing ve firm\u00e1ch v \u010cesk\u00e9 republice<\/a>\r\n\t\t\t<\/h2>\r\n\r\n\t\t\t\t\t\t<div class=\"bdpp-post-meta bdpp-post-meta-up\">\r\n\t\t\t\t\t\t\t<\/div>\r\n\t\t\t\t\t\t<div class=\"bdpp-post-content\">\r\n\t\t\t\t<div class=\"bdpp-post-desc\">Outsourcing ve firm\u00e1ch v \u010cesk\u00e9 republice Strategick\u00e9 \u0159e\u0161en\u00ed pro zam\u011bstnavatele, HR mana\u017eery a CEO V\u034f dne\u0161n\u00e9m so\u034fut\u011b\u017ei\u034fv\u00e9m\u034f sv\u011bt\u011b, firmy v \u010cesku \u010del\u00ed vy\u0161\u0161\u00edm n\u00e1klad\u016fm, nedostatku schopn\u00fdch pracovn\u00edch sil \u034fa tlaku na...<\/div>\r\n\t\t\t\t\t\t\t\t\t<a href=\"https:\/\/bcmgroup.in\/cs\/blogy\/outsourcing\/\" class=\"bdpp-rdmr-btn\">\u010c\u00edta\u0165 \u010falej<\/a>\r\n\t\t\t\t\t\t\t<\/div>\r\n\t\t\t\t\t<\/div>\r\n\t<\/div>\r\n<\/div><div class=\"bdpp-post-list-main bdpp-post-149011 bdpp-post-standard bdpp-has-thumb\">\r\n\t<div class=\"bdpp-post-list-content bdpp-clearfix\">\r\n\t\t\t\t<div class=\"bdpp-post-list-left bdpp-col-2 bdpp-columns\">\r\n\t\t\t<div class=\"bdpp-post-img-bg\">\r\n\t\t\t\t<a href=\"https:\/\/bcmgroup.in\/cs\/blogy\/onboarding-zamestnancu\/\">\r\n\t\t\t\t\t<img decoding=\"async\" src=\"https:\/\/bcmgroup.in\/wp-content\/uploads\/2026\/03\/Expert-Legal-Services-39-1.webp\" class=\"bdpp-img bdpp-post-feat-img\" alt=\"Onboarding zam\u011bstnanc\u016f v \u010cesk\u00e9 republice: Co je onboarding a pro\u010d je kl\u00ed\u010dov\u00fd pro firmy\" \/>\r\n\t\t\t\t\t\t\t\t\t<\/a>\r\n\t\t\t<\/div>\r\n\t\t<\/div>\r\n\t\t\r\n\t\t<div class=\"bdpp-post-list-right bdpp-col-2 bdpp-columns\">\r\n\t\t\t\r\n\t\t\t<h2 class=\"bdpp-post-title\">\r\n\t\t\t\t<a href=\"https:\/\/bcmgroup.in\/cs\/blogy\/onboarding-zamestnancu\/\">Onboarding zam\u011bstnanc\u016f v \u010cesk\u00e9 republice: Co je onboarding a pro\u010d je kl\u00ed\u010dov\u00fd pro firmy<\/a>\r\n\t\t\t<\/h2>\r\n\r\n\t\t\t\t\t\t<div class=\"bdpp-post-meta bdpp-post-meta-up\">\r\n\t\t\t\t\t\t\t<\/div>\r\n\t\t\t\t\t\t<div class=\"bdpp-post-content\">\r\n\t\t\t\t<div class=\"bdpp-post-desc\">Onboarding zam\u011bstnanc\u016f v \u010cesk\u00e9 republice: Co je onboarding a pro\u010d je kl\u00ed\u010dov\u00fd pro firmy Nedostatek kvalifikovan\u00fdch li\u034fd\u00ed je jedn\u00edm z nejv\u011bt\u0161\u00edch pot\u00ed\u017e\u034f\u00ed, kter\u00fdm v dne\u0161n\u00ed\u034f \u034fdob\u011b firmy v \u010cesku \u010del\u034f\u00ed. Verobny...<\/div>\r\n\t\t\t\t\t\t\t\t\t<a href=\"https:\/\/bcmgroup.in\/cs\/blogy\/onboarding-zamestnancu\/\" class=\"bdpp-rdmr-btn\">\u010c\u00edta\u0165 \u010falej<\/a>\r\n\t\t\t\t\t\t\t<\/div>\r\n\t\t\t\t\t<\/div>\r\n\t<\/div>\r\n<\/div><div class=\"bdpp-post-list-main bdpp-post-147027 bdpp-post-standard bdpp-has-thumb\">\r\n\t<div class=\"bdpp-post-list-content bdpp-clearfix\">\r\n\t\t\t\t<div class=\"bdpp-post-list-left bdpp-col-2 bdpp-columns\">\r\n\t\t\t<div class=\"bdpp-post-img-bg\">\r\n\t\t\t\t<a href=\"https:\/\/bcmgroup.in\/cs\/blogy\/hledam-zamestnance\/\">\r\n\t\t\t\t\t<img decoding=\"async\" src=\"https:\/\/bcmgroup.in\/wp-content\/uploads\/2026\/03\/Expert-Legal-Services-37.webp\" class=\"bdpp-img bdpp-post-feat-img\" alt=\"Hled\u00e1m zam\u011bstnance: Jak rychle a efektivn\u011b naj\u00edt kvalifikovan\u00e9 pracovn\u00edky v roce 2026\" \/>\r\n\t\t\t\t\t\t\t\t\t<\/a>\r\n\t\t\t<\/div>\r\n\t\t<\/div>\r\n\t\t\r\n\t\t<div class=\"bdpp-post-list-right bdpp-col-2 bdpp-columns\">\r\n\t\t\t\r\n\t\t\t<h2 class=\"bdpp-post-title\">\r\n\t\t\t\t<a href=\"https:\/\/bcmgroup.in\/cs\/blogy\/hledam-zamestnance\/\">Hled\u00e1m zam\u011bstnance: Jak rychle a efektivn\u011b naj\u00edt kvalifikovan\u00e9 pracovn\u00edky v roce 2026<\/a>\r\n\t\t\t<\/h2>\r\n\r\n\t\t\t\t\t\t<div class=\"bdpp-post-meta bdpp-post-meta-up\">\r\n\t\t\t\t\t\t\t<\/div>\r\n\t\t\t\t\t\t<div class=\"bdpp-post-content\">\r\n\t\t\t\t<div class=\"bdpp-post-desc\">Hled\u00e1m zam\u011bstnance: Jak rychle a efektivn\u011b naj\u00edt kvalifikovan\u00e9 pracovn\u00edky v roce 2026 Pokud si nyn\u00ed \u0159\u00edk\u00e1te \u201ehled\u00e1m zam\u011bstnance\u201c nejste s\u034fama.Nedostate\u034fk zam\u034f\u011bstnanc\u016f v cel\u00e9 Evrop\u011b nut\u00ed fir\u034fmy v\u0161ech velikost\u00ed hledat nov\u00e9, rychl\u00e9...<\/div>\r\n\t\t\t\t\t\t\t\t\t<a href=\"https:\/\/bcmgroup.in\/cs\/blogy\/hledam-zamestnance\/\" class=\"bdpp-rdmr-btn\">\u010c\u00edta\u0165 \u010falej<\/a>\r\n\t\t\t\t\t\t\t<\/div>\r\n\t\t\t\t\t<\/div>\r\n\t<\/div>\r\n<\/div>\t<\/div>\r\n\t\t<div class=\"bdpp-paging bdpp-clearfix\">\r\n\t\t<span aria-current=\"page\" class=\"page-numbers current\">1<\/span>\n<a class=\"page-numbers\" href=\"https:\/\/bcmgroup.in\/cs\/wp-json\/wp\/v2\/pages\/142242\/page\/2\/\">2<\/a>\n<a class=\"next page-numbers\" href=\"https:\/\/bcmgroup.in\/cs\/wp-json\/wp\/v2\/pages\/142242\/page\/2\/\">Next &raquo;<\/a>\t<\/div>\r\n<\/div><\/div>\n\t\t\t\t\t\t<\/div>\n\t\t\t\t<\/div>\n\t\t\t\t<\/div>\n\t\t<div class=\"elementor-element elementor-element-7cc769f e-con-full e-flex e-con e-child\" data-id=\"7cc769f\" data-element_type=\"container\">\n\t\t<div class=\"elementor-element elementor-element-258a6de e-con-full e-flex e-con e-child\" data-id=\"258a6de\" data-element_type=\"container\">\n\t\t\t\t<div class=\"elementor-element elementor-element-306230f elementor-widget elementor-widget-text-editor\" data-id=\"306230f\" data-element_type=\"widget\" data-widget_type=\"text-editor.default\">\n\t\t\t\t<div class=\"elementor-widget-container\">\n\t\t\t\t\t\t\t\t\t<div class=\"custom-country-section\">\n  <h2 class=\"custom-country-title\">Zobrazit podle zem\u011b<\/h2>\n  <ul class=\"custom-country-list\">\n    <li>\n      <a href=\"https:\/\/bcmgroup.in\/ro\/bloguri-bcm\/\" target=\"_blank\" rel=\"noopener noreferrer\">\n        <img decoding=\"async\" src=\"https:\/\/flagcdn.com\/w40\/ro.png\" alt=\"Rumunsko Flag\" \/>\n        <span>Romania<\/span>\n      <\/a>\n    <\/li>\n    <li>\n      <a href=\"https:\/\/bcmgroup.in\/hr\/bcm-blogovi\/\" target=\"_blank\" rel=\"noopener noreferrer\">\n        <img decoding=\"async\" src=\"https:\/\/flagcdn.com\/w40\/hr.png\" alt=\"Chorvatsko Flag\" \/>\n        <span>Croatia<\/span>\n      <\/a>\n    <\/li>\n    <li>\n      <a href=\"https:\/\/bcmgroup.in\/lv\/bcm-blogi\/\" target=\"_blank\" rel=\"noopener noreferrer\">\n        <img decoding=\"async\" src=\"https:\/\/flagcdn.com\/w40\/lv.png\" alt=\"Loty\u0161sko Flag\" \/>\n        <span>Latvia<\/span>\n      <\/a>\n    <\/li>\n    <li>\n      <a href=\"https:\/\/bcmgroup.in\/sr\/blogovi\/\" target=\"_blank\" rel=\"noopener noreferrer\">\n        <img decoding=\"async\" src=\"https:\/\/flagcdn.com\/w40\/rs.png\" alt=\"Srbsko Flag\" \/>\n        <span>Serbia<\/span>\n      <\/a>\n    <\/li>\n    <li>\n      <a href=\"https:\/\/bcmgroup.in\/sk\/bcm-blogy\/\" target=\"_blank\" rel=\"noopener noreferrer\">\n        <img decoding=\"async\" src=\"https:\/\/flagcdn.com\/w40\/sk.png\" alt=\"Slovensko Flag\" \/>\n        <span>Slovakia<\/span>\n      <\/a>\n    <\/li>\n    <li>\n      <a href=\"https:\/\/bcmgroup.in\/hu\/blogok\/\" target=\"_blank\" rel=\"noopener noreferrer\">\n        <img decoding=\"async\" src=\"https:\/\/flagcdn.com\/w40\/hu.png\" alt=\"Ma\u010farsko Flag\" \/>\n        <span>Hungary<\/span>\n      <\/a>\n    <\/li>\n  <\/ul>\n<\/div>\n\n<style>\n  .custom-country-section {\n    max-width: 340px;\n    padding: 20px;\n    font-family: 'Segoe UI', Tahoma, Geneva, Verdana, sans-serif;\n    color: #1a2b48;\n  }\n  .custom-country-title {\n    margin-bottom: 20px;\n    font-weight: 700;\n    font-size: 1.5rem;\n    border-bottom: 2px solid #ddd;\n    padding-bottom: 8px;\n  }\n  .custom-country-list {\n    list-style: none;\n    padding: 0;\n    margin: 0;\n  }\n  .custom-country-list li {\n    margin-bottom: 16px;\n  }\n  .custom-country-list li a {\n    display: flex;\n    align-items: center;\n    padding: 14px 18px;\n    border-radius: 12px;\n    cursor: pointer;\n    background: #f9fbff;\n    box-shadow: 0 3px 8px rgba(26, 43, 72, 0.1);\n    text-decoration: none;\n    transition: transform 0.25s ease, box-shadow 0.25s ease;\n    color: #1a2b48;\n  }\n  .custom-country-list li a:hover {\n    transform: translateY(-4px) scale(1.03);\n    box-shadow: 0 8px 20px rgba(26, 43, 72, 0.15);\n  }\n  .custom-country-list img {\n    width: 36px;\n    height: 24px;\n    margin-right: 14px;\n    border-radius: 0;\n    box-shadow: none;\n    object-fit: contain;\n    background: transparent !important;\n  }\n  .custom-country-list span {\n    font-weight: 600;\n    font-size: 1.1rem;\n  }\n<\/style>\n\t\t\t\t\t\t\t\t<\/div>\n\t\t\t\t<\/div>\n\t\t\t\t<\/div>\n\t\t\t\t<\/div>\n\t\t\t\t<\/div>\n\t\t\t\t\t<\/div>\n\t\t\t\t<\/div>\n\t\t\t\t<\/div>\n\t\t","protected":false},"excerpt":{"rendered":"<p>Zobrazit podle zem\u011b Romania Croatia Latvia Serbia Slovakia Hungary<\/p>\n","protected":false},"author":5,"featured_media":0,"parent":0,"menu_order":0,"comment_status":"closed","ping_status":"closed","template":"elementor_canvas","meta":{"googlesitekit_rrm_CAowi469DA:productID":"","footnotes":""},"class_list":["post-142242","page","type-page","status-publish","hentry"],"_links":{"self":[{"href":"https:\/\/bcmgroup.in\/cs\/wp-json\/wp\/v2\/pages\/142242","targetHints":{"allow":["GET"]}}],"collection":[{"href":"https:\/\/bcmgroup.in\/cs\/wp-json\/wp\/v2\/pages"}],"about":[{"href":"https:\/\/bcmgroup.in\/cs\/wp-json\/wp\/v2\/types\/page"}],"author":[{"embeddable":true,"href":"https:\/\/bcmgroup.in\/cs\/wp-json\/wp\/v2\/users\/5"}],"replies":[{"embeddable":true,"href":"https:\/\/bcmgroup.in\/cs\/wp-json\/wp\/v2\/comments?post=142242"}],"version-history":[{"count":14,"href":"https:\/\/bcmgroup.in\/cs\/wp-json\/wp\/v2\/pages\/142242\/revisions"}],"predecessor-version":[{"id":149676,"href":"https:\/\/bcmgroup.in\/cs\/wp-json\/wp\/v2\/pages\/142242\/revisions\/149676"}],"wp:attachment":[{"href":"https:\/\/bcmgroup.in\/cs\/wp-json\/wp\/v2\/media?parent=142242"}],"curies":[{"name":"wp","href":"https:\/\/api.w.org\/{rel}","templated":true}]}}