{"id":138211,"date":"2026-01-24T05:20:11","date_gmt":"2026-01-24T05:20:11","guid":{"rendered":"https:\/\/bcmgroup.in\/candidates-faq-support\/"},"modified":"2026-03-21T07:31:31","modified_gmt":"2026-03-21T07:31:31","slug":"casto-kladene-otazky-pro-kandidaty","status":"publish","type":"page","link":"https:\/\/bcmgroup.in\/cs\/hleda-praci\/casto-kladene-otazky-pro-kandidaty\/","title":{"rendered":"\u010casto kladen\u00e9 ot\u00e1zky pro kandid\u00e1ty"},"content":{"rendered":"\t\t<div data-elementor-type=\"wp-page\" data-elementor-id=\"138211\" class=\"elementor elementor-138211 elementor-130789\" data-elementor-post-type=\"page\">\n\t\t\t\t<div class=\"elementor-element elementor-element-d18e5d8 e-flex e-con-boxed e-con e-parent\" data-id=\"d18e5d8\" data-element_type=\"container\">\n\t\t\t\t\t<div class=\"e-con-inner\">\n\t\t\t\t<div class=\"elementor-element elementor-element-cb28793 elementor-widget elementor-widget-image\" data-id=\"cb28793\" data-element_type=\"widget\" data-widget_type=\"image.default\">\n\t\t\t\t<div class=\"elementor-widget-container\">\n\t\t\t\t\t\t\t\t\t\t\t\t\t\t\t<img fetchpriority=\"high\" decoding=\"async\" width=\"1620\" height=\"325\" src=\"https:\/\/bcmgroup.in\/wp-content\/uploads\/2026\/01\/SUBMIT-YOUR-CV-6.webp\" class=\"attachment-full size-full wp-image-131465\" alt=\"\u010casto kladen\u00e9 ot\u00e1zky pro zam\u011bstnavatele\" srcset=\"https:\/\/bcmgroup.in\/wp-content\/uploads\/2026\/01\/SUBMIT-YOUR-CV-6.webp 1620w, https:\/\/bcmgroup.in\/wp-content\/uploads\/2026\/01\/SUBMIT-YOUR-CV-6-300x60.webp 300w, https:\/\/bcmgroup.in\/wp-content\/uploads\/2026\/01\/SUBMIT-YOUR-CV-6-1024x205.webp 1024w, https:\/\/bcmgroup.in\/wp-content\/uploads\/2026\/01\/SUBMIT-YOUR-CV-6-768x154.webp 768w, https:\/\/bcmgroup.in\/wp-content\/uploads\/2026\/01\/SUBMIT-YOUR-CV-6-1536x308.webp 1536w\" sizes=\"(max-width: 1620px) 100vw, 1620px\" \/>\t\t\t\t\t\t\t\t\t\t\t\t\t\t\t<\/div>\n\t\t\t\t<\/div>\n\t\t\t\t\t<\/div>\n\t\t\t\t<\/div>\n\t\t<div class=\"elementor-element elementor-element-fe967cd e-flex e-con-boxed e-con e-parent\" data-id=\"fe967cd\" data-element_type=\"container\">\n\t\t\t\t\t<div class=\"e-con-inner\">\n\t\t\t\t<div class=\"elementor-element elementor-element-6e94116 elementor-widget elementor-widget-text-editor\" data-id=\"6e94116\" data-element_type=\"widget\" data-widget_type=\"text-editor.default\">\n\t\t\t\t<div class=\"elementor-widget-container\">\n\t\t\t\t\t\t\t\t\t<style>\n.faq-container {\n    max-width: 1200px;\n    margin: 70px auto;\n    padding: 0 20px;\n    font-family: \"Segoe UI\", Arial, sans-serif;\n}\n\n.faq-header {\n    text-align: center;\n    margin-bottom: 40px;\n}\n\n.faq-header h2 {\n    font-size: 38px;\n    font-weight: 700;\n    color: #9B0008;   \/* Updated Title Color *\/\n}\n\n.faq-header p {\n    font-size: 20px;\n    color: #555;\n    margin-top: 10px;\n}\n\n\/* FAQ Item *\/\n.faq-item {\n    background: #ffffff;\n    border-radius: 12px;\n    margin-bottom: 18px;\n    padding: 22px 26px;\n    box-shadow: 0 8px 25px rgba(0,0,0,0.07);\n    cursor: pointer;\n    position: relative;\n    overflow: hidden;\n    transition: all 0.3s ease;\n}\n\n\/* Left Accent *\/\n.faq-item::before {\n    content: \"\";\n    position: absolute;\n    left: 0;\n    top: 0;\n    width: 5px;\n    height: 100%;\n    background: #9B0008\n}\n\n.faq-item:hover {\n    transform: translateY(-3px);\n    box-shadow: 0 14px 35px rgba(0,0,0,0.12);\n}\n\n\/* Question Row *\/\n.faq-question {\n    display: flex;\n    justify-content: space-between;\n    align-items: center;\n}\n\n.faq-text {\n    font-size: 20px;\n    font-weight: 600;\n    color: #0a2540;\n    width: 90%;\n}\n\n.faq-toggle {\n    font-size: 26px;\n    font-weight: bold;\n    color: #9B0008;\n    transition: transform 0.3s ease;\n}\n\n\/* Answer *\/\n.faq-answer {\n    max-height: 0;\n    overflow: hidden;\n    transition: max-height 0.5s ease;\n}\n\n.faq-answer p {\n    margin-top: 16px;\n    font-size: 16px;\n    line-height: 1.7;\n    color: #444;\n}\n\n\/* Active *\/\n.faq-item.active .faq-answer {\n    max-height: 600px;\n}\n\n.faq-item.active .faq-toggle {\n    transform: rotate(45deg);\n}\n<\/style>\n\n<div class=\"faq-container\">\n    <div class=\"faq-header\">\n        <h2>\u010casto kladen\u00e9 ot\u00e1zky<\/h2>\n        <p>\n            Pokud n\u00ed\u017ee nenajdete odpov\u011b\u010f, pou\u017eijte pros\u00edm kontaktn\u00ed formul\u00e1\u0159 nebo n\u00e1m napi\u0161te e-mail na adresu \n            <strong>\n                <a href=\"mailto:info@bcmgroup.in\" style=\"color:#9B0008; text-decoration:none;\">\n                    info@bcmgroup.in\n                <\/a>\n            <\/strong>\n        <\/p>\n    <\/div>\n\n    \n\n    <div class=\"faq-item\"><div class=\"faq-question\"><div class=\"faq-text\">Je angli\u010dtina povinn\u00e1 pro pr\u00e1ci v Evrop\u011b?<\/div><div class=\"faq-toggle\">+<\/div><\/div><div class=\"faq-answer\"><p>Angli\u010dtina nen\u00ed povinn\u00e1 pro v\u0161echna pracovn\u00ed m\u00edsta. Z\u00e1kladn\u00ed znalost angli\u010dtiny je u\u017eite\u010dn\u00e1 a zam\u011bstnavatel\u00e9 ov\u011b\u0159uj\u00ed hlavn\u011b va\u0161e technick\u00e9 znalosti a zku\u0161enosti souvisej\u00edc\u00ed s pracovn\u00edm profilem.<\/p><\/div><\/div>\n\n    <div class=\"faq-item\"><div class=\"faq-question\"><div class=\"faq-text\">Jste registrov\u00e1n\/a u Ministerstva zahrani\u010dn\u00edch v\u011bc\u00ed (MEA)?<\/div><div class=\"faq-toggle\">+<\/div><\/div><div class=\"faq-answer\"><p>Ano, jsme hrd\u00ed na to, \u017ee jsme registrov\u00e1ni u Ministerstva zahrani\u010dn\u00edch v\u011bc\u00ed. Na\u0161e licen\u010dn\u00ed \u010d\u00edslo je Mumbai\/Partnership\/5493853\/2021.<\/p><\/div><\/div>\n\n    <div class=\"faq-item\"><div class=\"faq-question\"><div class=\"faq-text\">M\u016f\u017ee se dr\u017eitel pasu ECR uch\u00e1zet o pr\u00e1ci v Evrop\u011b?<\/div><div class=\"faq-toggle\">+<\/div><\/div><div class=\"faq-answer\"><p>Ano, ECR a ECNR. Dr\u017eitel\u00e9 pas\u016f obou zem\u00ed se mohou uch\u00e1zet o pr\u00e1ci v Evrop\u011b, pokud spl\u0148uj\u00ed po\u017eadavky na pracovn\u00ed m\u00edsto a v\u00edzum.<\/p><\/div><\/div>\n\n    <div class=\"faq-item\"><div class=\"faq-question\"><div class=\"faq-text\">Jsou pro z\u00edsk\u00e1n\u00ed pr\u00e1ce v Evrop\u011b nutn\u00e9 zku\u0161enosti z Persk\u00e9ho z\u00e1livu?<\/div><div class=\"faq-toggle\">+<\/div><\/div><div class=\"faq-answer\"><p>Ne. Zku\u0161enosti s Persk\u00fdm z\u00e1livem nejsou povinn\u00e9. Posta\u010d\u00ed relevantn\u00ed zku\u0161enosti ve va\u0161em oboru.<\/p><\/div><\/div>\n\n    <div class=\"faq-item\"><div class=\"faq-question\"><div class=\"faq-text\">Zabav\u00ed mi spole\u010dnost cestovn\u00ed pas po m\u00e9m p\u0159\u00edjezdu do Evropy?<\/div><div class=\"faq-toggle\">+<\/div><\/div><div class=\"faq-answer\"><p>Ne. Ponech\u00e1n\u00ed si pracovn\u00edho pasu je v Evrop\u011b neleg\u00e1ln\u00ed. V\u00e1\u0161 pas v\u00e1m z\u016fstane.\n<\/p><\/div><\/div>\n\n    <div class=\"faq-item\"><div class=\"faq-question\"><div class=\"faq-text\">Budu pracovat jako d\u011bln\u00edk v Evrop\u011b?<\/div><div class=\"faq-toggle\">+<\/div><\/div><div class=\"faq-answer\"><p>Ne. Budete pracovat pouze na pozici uveden\u00e9 ve va\u0161\u00ed smlouv\u011b, nap\u0159\u00edklad sv\u00e1\u0159e\u010d, elektrik\u00e1\u0159, mont\u00e9r atd.<\/p><\/div><\/div>\n\n    <div class=\"faq-item\"><div class=\"faq-question\"><div class=\"faq-text\">Jsou nab\u00edzen\u00e1 pracovn\u00ed m\u00edsta skute\u010dn\u00e1 a leg\u00e1ln\u00ed?<\/div><div class=\"faq-toggle\">+<\/div><\/div><div class=\"faq-answer\"><p>Ano. V\u0161echny pracovn\u00ed nab\u00eddky poskytovan\u00e9 prost\u0159ednictv\u00edm BCM Group jsou ov\u011b\u0159en\u00e9.<\/p><\/div><\/div>\n\n    <div class=\"faq-item\"><div class=\"faq-question\"><div class=\"faq-text\">Dostanu p\u0159ed cestou pracovn\u00ed smlouvu?<\/div><div class=\"faq-toggle\">+<\/div><\/div><div class=\"faq-answer\"><p>Ano. P\u0159ed odjezdem obdr\u017e\u00edte p\u00edsemnou nab\u00eddku pr\u00e1ce nebo smlouvu.<\/p><\/div><\/div>\n\n    <div class=\"faq-item\"><div class=\"faq-question\"><div class=\"faq-text\">Jak\u00fd druh pr\u00e1ce budu v Evrop\u011b vykon\u00e1vat?<\/div><div class=\"faq-toggle\">+<\/div><\/div><div class=\"faq-answer\"><p>Budete pracovat v souladu se sv\u00fdmi dovednostmi, zku\u0161enostmi a \u0159emeslem uveden\u00fdmi ve smlouv\u011b.<\/p><\/div><\/div>\n\n    <div class=\"faq-item\"><div class=\"faq-question\"><div class=\"faq-text\">Kolik je pracovn\u00edch hodin v Evrop\u011b?<\/div><div class=\"faq-toggle\">+<\/div><\/div><div class=\"faq-answer\"><p>Obvykle 8\u201310 hodin denn\u011b s t\u00fddenn\u00edmi dny odpo\u010dinku dle m\u00edstn\u00edch pracovn\u00edch z\u00e1kon\u00edk\u016f.<\/p><\/div><\/div>\n\n    <div class=\"faq-item\"><div class=\"faq-question\"><div class=\"faq-text\">Jsou p\u0159es\u010dasy k dispozici a placen\u00e9 zvl\u00e1\u0161\u0165?<\/div><div class=\"faq-toggle\">+<\/div><\/div><div class=\"faq-answer\"><p>P\u0159es\u010dasy z\u00e1vis\u00ed na zam\u011bstnavateli a projektu. V p\u0159\u00edpad\u011b pot\u0159eby se p\u0159es\u010dasy hrad\u00ed zvl\u00e1\u0161\u0165.<\/p><\/div><\/div>\n\n    <div class=\"faq-item\"><div class=\"faq-question\"><div class=\"faq-text\">Jak\u00fd plat mohu o\u010dek\u00e1vat p\u0159i pr\u00e1ci v Evrop\u011b?<\/div><div class=\"faq-toggle\">+<\/div><\/div><div class=\"faq-answer\"><p>Plat z\u00e1vis\u00ed na va\u0161\u00ed pracovn\u00ed pozici, zku\u0161enostech a zemi. Ve\u0161ker\u00e9 podrobnosti budou sd\u00edleny p\u0159ed v\u00fdb\u011brem.<\/p><\/div><\/div>\n\n    <div class=\"faq-item\"><div class=\"faq-question\"><div class=\"faq-text\">Zajist\u00ed firma ubytov\u00e1n\u00ed?<\/div><div class=\"faq-toggle\">+<\/div><\/div><div class=\"faq-answer\"><p>To z\u00e1le\u017e\u00ed na zam\u011bstnavateli. N\u011bkter\u00e9 firmy poskytuj\u00ed ubytov\u00e1n\u00ed zdarma nebo za n\u00edzkou cenu.<\/p><\/div><\/div>\n\n<div class=\"faq-item\"><div class=\"faq-question\"><div class=\"faq-text\">Je Evropa bezpe\u010dn\u00e1 pro zahrani\u010dn\u00ed pracovn\u00edky?<\/div><div class=\"faq-toggle\">+<\/div><\/div><div class=\"faq-answer\"><p>Ano. Evropsk\u00e9 zem\u011b dodr\u017euj\u00ed p\u0159\u00edsn\u00e9 pracovn\u00ed z\u00e1kony na ochranu pr\u00e1v a bezpe\u010dnosti pracovn\u00edk\u016f.<\/p><\/div><\/div>\n\n<div class=\"faq-item\"><div class=\"faq-question\"><div class=\"faq-text\">Budu m\u00edt v Evrop\u011b zdravotn\u00ed poji\u0161t\u011bn\u00ed?<\/div><div class=\"faq-toggle\">+<\/div><\/div><div class=\"faq-answer\"><p>Ano. V\u011bt\u0161ina zam\u011bstnavatel\u016f poskytuje zdravotn\u00ed poji\u0161t\u011bn\u00ed v souladu s m\u00edstn\u00edmi p\u0159edpisy.<\/p><\/div><\/div>\n\n<div class=\"faq-item\"><div class=\"faq-question\"><div class=\"faq-text\">Jak\u00e1 je doba trv\u00e1n\u00ed pracovn\u00ed smlouvy?<\/div><div class=\"faq-toggle\">+<\/div><\/div><div class=\"faq-answer\"><p>v<\/p><\/div><\/div>\n\n<div class=\"faq-item\"><div class=\"faq-question\"><div class=\"faq-text\">Mohu si po dokon\u010den\u00ed prodlou\u017eit smlouvu?<\/div><div class=\"faq-toggle\">+<\/div><\/div><div class=\"faq-answer\"><p>Ano. Prodlou\u017een\u00ed smlouvy je mo\u017en\u00e9 na z\u00e1klad\u011b v\u00fdkonu a po\u017eadavk\u016f zam\u011bstnavatele.<\/p><\/div><\/div>\n\n<div class=\"faq-item\"><div class=\"faq-question\"><div class=\"faq-text\">Je \u017eivotopis Europass povinn\u00fd pro pr\u00e1ci v Evrop\u011b?<\/div><div class=\"faq-toggle\">+<\/div><\/div><div class=\"faq-answer\"><p>\u017divotopis ve form\u00e1tu Europass nen\u00ed povinn\u00fd, ale n\u011bkte\u0159\u00ed zam\u011bstnavatel\u00e9 ho preferuj\u00ed. BCM Group v\u00e1m porad\u00ed se spr\u00e1vn\u00fdm form\u00e1tem \u017eivotopisu po\u017eadovan\u00fdm pro va\u0161i pr\u00e1ci a zemi.<\/p><\/div><\/div>\n\n<div class=\"faq-item\"><div class=\"faq-question\"><div class=\"faq-text\">Jak by m\u011bl b\u00fdt m\u016fj \u017eivotopis p\u0159ipraven pro pracovn\u00ed pozice v Evrop\u011b?<\/div><div class=\"faq-toggle\">+<\/div><\/div><div class=\"faq-answer\"><p>V\u00e1\u0161 \u017eivotopis by m\u011bl jasn\u011b uv\u00e1d\u011bt va\u0161e odborn\u00e9 dovednosti, pracovn\u00ed zku\u0161enosti a certifikace. N\u00e1\u0161 t\u00fdm v\u00e1m pom\u016f\u017ee s p\u0159\u00edpravou nebo \u00fapravou va\u0161eho \u017eivotopisu podle po\u017eadavk\u016f evropsk\u00fdch zam\u011bstnavatel\u016f.<\/p><\/div><\/div>\n\n<div class=\"faq-item\"><div class=\"faq-question\"><div class=\"faq-text\">Jak\u00e9 dokumenty jsou pot\u0159eba pro pracovn\u00ed m\u00edsta v Evrop\u011b?<\/div><div class=\"faq-toggle\">+<\/div><\/div><div class=\"faq-answer\"><p>Mezi b\u011b\u017en\u00e9 dokumenty pat\u0159\u00ed cestovn\u00ed pas, \u017eivotopis, osv\u011bd\u010den\u00ed o praxi, l\u00e9ka\u0159sk\u00e1 zpr\u00e1va a policejn\u00ed prov\u011brka.<\/p><\/div><\/div>\n\n<div class=\"faq-item\"><div class=\"faq-question\"><div class=\"faq-text\">Prob\u00edh\u00e1 p\u0159ed v\u00fdb\u011brem odborn\u00fd test nebo pohovor?<\/div><div class=\"faq-toggle\">+<\/div><\/div><div class=\"faq-answer\"><p>N\u011bkter\u00e9 pracovn\u00ed pozice vy\u017eaduj\u00ed odborn\u00fd test nebo technick\u00fd pohovor.<\/p><\/div><\/div>\n\n<div class=\"faq-item\"><div class=\"faq-question\"><div class=\"faq-text\">Je pro pr\u00e1ci v Evrop\u011b vy\u017eadov\u00e1na zdravotn\u00ed zp\u016fsobilost?<\/div><div class=\"faq-toggle\">+<\/div><\/div><div class=\"faq-answer\"><p>Ano. Kandid\u00e1ti mus\u00ed b\u00fdt zdravotn\u011b zp\u016fsobil\u00ed a v r\u00e1mci v\u00edzov\u00e9ho a nasazen\u00ed se budou muset podrobit l\u00e9ka\u0159sk\u00e9 prohl\u00eddce.<\/p><\/div><\/div>\n\n<div class=\"faq-item\"><div class=\"faq-question\"><div class=\"faq-text\">Bude mi BCM Group pom\u00e1hat po p\u0159\u00edjezdu do Evropy?<\/div><div class=\"faq-toggle\">+<\/div><\/div><div class=\"faq-answer\"><p>Ano. BCM Group poskytuje poradenstv\u00ed p\u0159ed odjezdem a podporu p\u0159i n\u00e1stupu.<\/p><\/div><\/div>\n\n<div class=\"faq-item\"><div class=\"faq-question\"><div class=\"faq-text\">Jak se mohu uch\u00e1zet o pr\u00e1ci prost\u0159ednictv\u00edm BCM Group?<\/div><div class=\"faq-toggle\">+<\/div><\/div><div class=\"faq-answer\"><p>M\u016f\u017eete se p\u0159ihl\u00e1sit zasl\u00e1n\u00edm \u017eivotopisu prost\u0159ednictv\u00edm na\u0161ich webov\u00fdch str\u00e1nek, kontaktov\u00e1n\u00edm n\u00e1s telefonicky\/p\u0159es WhatsApp nebo n\u00e1v\u0161t\u011bvou na\u0161\u00ed kancel\u00e1\u0159e.<\/p><\/div><\/div>\n\n    <div class=\"faq-item\"><div class=\"faq-question\"><div class=\"faq-text\">Je j\u00eddlo zaji\u0161t\u011bno, nebo se plat\u00ed p\u0159\u00edsp\u011bvek na stravu?<\/div><div class=\"faq-toggle\">+<\/div><\/div><div class=\"faq-answer\"><p>Mo\u017enost stravov\u00e1n\u00ed nebo p\u0159\u00edsp\u011bvku z\u00e1vis\u00ed na zam\u011bstnavateli a je o n\u011bm p\u0159ed n\u00e1stupem jasn\u011b informov\u00e1no.<\/p><\/div><\/div>\n\n<\/div>\n\n<script>\ndocument.querySelectorAll(\".faq-item\").forEach(item => {\n    item.addEventListener(\"click\", () => {\n        document.querySelectorAll(\".faq-item\").forEach(el => {\n            if (el !== item) el.classList.remove(\"active\");\n        });\n        item.classList.toggle(\"active\");\n    });\n});\n<\/script>\n\t\t\t\t\t\t\t\t<\/div>\n\t\t\t\t<\/div>\n\t\t\t\t\t<\/div>\n\t\t\t\t<\/div>\n\t\t<div class=\"elementor-element elementor-element-730fecc e-flex e-con-boxed e-con e-parent\" data-id=\"730fecc\" data-element_type=\"container\">\n\t\t\t\t\t<div class=\"e-con-inner\">\n\t\t\t\t<div class=\"elementor-element elementor-element-60399ac elementor-widget elementor-widget-gimont_elementor_heading\" data-id=\"60399ac\" data-element_type=\"widget\" data-widget_type=\"gimont_elementor_heading.default\">\n\t\t\t\t<div class=\"elementor-widget-container\">\n\t\t\t\t\t\n\t\t\t<div class=\"ova-heading template_2\">\n\t\t\t\t\t\t\t\t\t\t\t\t\t\t<span class=\"subtitle\">Jsme s v\u00e1mi na ka\u017ed\u00e9m kroku<\/span>\n\t\t\t\t\t\t\t\t\t\t\t<span class=\"line\"><\/span>\n\t\t\t\t\t\t\t\t\t\t\t\t\t\n\t\t\t\t\t\t\t\t\t\t\t\t\t\t\t<h1 class=\"title\"> <\/h1>\n\t\t\t\t\t\t\t\t\t\t\n\t\t\t\t\t\t\t\t\n\t\t\t\t\n\t\t\t<\/div>\n\n\t\t\t\t\t\t<\/div>\n\t\t\t\t<\/div>\n\t\t\t\t\t<\/div>\n\t\t\t\t<\/div>\n\t\t<div class=\"elementor-element elementor-element-3a9df0a e-flex e-con-boxed e-con e-parent\" data-id=\"3a9df0a\" data-element_type=\"container\">\n\t\t\t\t\t<div class=\"e-con-inner\">\n\t\t\t\t<div class=\"elementor-element elementor-element-b49f3be elementor-widget elementor-widget-text-editor\" data-id=\"b49f3be\" data-element_type=\"widget\" data-widget_type=\"text-editor.default\">\n\t\t\t\t<div class=\"elementor-widget-container\">\n\t\t\t\t\t\t\t\t\t<p><span style=\"font-weight: 400;\">V BCM Group se va\u0161e cesta net\u00fdk\u00e1 jen z\u00edsk\u00e1n\u00ed pr\u00e1ce \u2013 jde o budov\u00e1n\u00ed bezpe\u010dn\u00e9 budoucnosti pln\u00e9 d\u016fstojnosti, d\u016fv\u011bry a dlouhodob\u00fdch p\u0159\u00edle\u017eitost\u00ed. V\u011b\u0159\u00edme, \u017ee ka\u017ed\u00fd kandid\u00e1t si zaslou\u017e\u00ed jasn\u00e9 informace, poctiv\u00e9 veden\u00ed a transparentn\u00ed procesy. Od va\u0161\u00ed prvn\u00ed popt\u00e1vky a\u017e po kone\u010dn\u00e9 um\u00edst\u011bn\u00ed a i pot\u00e9 v\u00e1m na\u0161e t\u00fdmy stoj\u00ed po boku a poskytuj\u00ed v\u00e1m neust\u00e1lou podporu, ov\u011b\u0159en\u00e9 p\u0159\u00edle\u017eitosti a etick\u00e9 n\u00e1borov\u00e9 postupy.<\/span><\/p><p><span style=\"font-weight: 400;\">Na t\u00e9to cest\u011b nikdy nejste sami \u2013 BCM Group kr\u00e1\u010d\u00ed s v\u00e1mi, chr\u00e1n\u00ed va\u0161e z\u00e1jmy a pracuje na va\u0161em \u00fasp\u011bchu.<\/span><\/p><p><span style=\"font-weight: 400;\">Pokud m\u00e1te st\u00e1le ot\u00e1zky, obra\u0165te se na n\u00e1s s d\u016fv\u011brou \u2013 proto\u017ee na va\u0161\u00ed budoucnosti n\u00e1m z\u00e1le\u017e\u00ed.<\/span><\/p>\t\t\t\t\t\t\t\t<\/div>\n\t\t\t\t<\/div>\n\t\t\t\t\t<\/div>\n\t\t\t\t<\/div>\n\t\t<div class=\"elementor-element elementor-element-01a07f3 e-flex e-con-boxed e-con e-parent\" data-id=\"01a07f3\" data-element_type=\"container\">\n\t\t\t\t\t<div class=\"e-con-inner\">\n\t\t\t\t<div class=\"elementor-element elementor-element-1b831c1 elementor-align-center elementor-widget elementor-widget-button\" data-id=\"1b831c1\" data-element_type=\"widget\" data-widget_type=\"button.default\">\n\t\t\t\t<div class=\"elementor-widget-container\">\n\t\t\t\t\t\t\t\t\t<div class=\"elementor-button-wrapper\">\n\t\t\t\t\t<a class=\"elementor-button elementor-button-link elementor-size-sm\" href=\"https:\/\/bcmgroup.in\/cs\/kontakt\/\">\n\t\t\t\t\t\t<span class=\"elementor-button-content-wrapper\">\n\t\t\t\t\t\t\t\t\t<span class=\"elementor-button-text\">Kontaktujte n\u00e1s<\/span>\n\t\t\t\t\t<\/span>\n\t\t\t\t\t<\/a>\n\t\t\t\t<\/div>\n\t\t\t\t\t\t\t\t<\/div>\n\t\t\t\t<\/div>\n\t\t\t\t\t<\/div>\n\t\t\t\t<\/div>\n\t\t\t\t<\/div>\n\t\t","protected":false},"excerpt":{"rendered":"<p>\u010casto kladen\u00e9 ot\u00e1zky Pokud n\u00ed\u017ee nenajdete odpov\u011b\u010f, pou\u017eijte pros\u00edm kontaktn\u00ed formul\u00e1\u0159 nebo n\u00e1m napi\u0161te e-mail na adresu info@bcmgroup.in Je angli\u010dtina povinn\u00e1 pro pr\u00e1ci v Evrop\u011b?+ Angli\u010dtina nen\u00ed povinn\u00e1 pro v\u0161echna pracovn\u00ed m\u00edsta. Z\u00e1kladn\u00ed znalost angli\u010dtiny je u\u017eite\u010dn\u00e1 a zam\u011bstnavatel\u00e9 ov\u011b\u0159uj\u00ed hlavn\u011b va\u0161e technick\u00e9 znalosti a zku\u0161enosti souvisej\u00edc\u00ed s pracovn\u00edm profilem. Jste registrov\u00e1n\/a u Ministerstva zahrani\u010dn\u00edch [&hellip;]<\/p>\n","protected":false},"author":4,"featured_media":0,"parent":138234,"menu_order":0,"comment_status":"closed","ping_status":"closed","template":"elementor_canvas","meta":{"googlesitekit_rrm_CAowi469DA:productID":"","footnotes":""},"class_list":["post-138211","page","type-page","status-publish","hentry"],"_links":{"self":[{"href":"https:\/\/bcmgroup.in\/cs\/wp-json\/wp\/v2\/pages\/138211","targetHints":{"allow":["GET"]}}],"collection":[{"href":"https:\/\/bcmgroup.in\/cs\/wp-json\/wp\/v2\/pages"}],"about":[{"href":"https:\/\/bcmgroup.in\/cs\/wp-json\/wp\/v2\/types\/page"}],"author":[{"embeddable":true,"href":"https:\/\/bcmgroup.in\/cs\/wp-json\/wp\/v2\/users\/4"}],"replies":[{"embeddable":true,"href":"https:\/\/bcmgroup.in\/cs\/wp-json\/wp\/v2\/comments?post=138211"}],"version-history":[{"count":15,"href":"https:\/\/bcmgroup.in\/cs\/wp-json\/wp\/v2\/pages\/138211\/revisions"}],"predecessor-version":[{"id":150719,"href":"https:\/\/bcmgroup.in\/cs\/wp-json\/wp\/v2\/pages\/138211\/revisions\/150719"}],"up":[{"embeddable":true,"href":"https:\/\/bcmgroup.in\/cs\/wp-json\/wp\/v2\/pages\/138234"}],"wp:attachment":[{"href":"https:\/\/bcmgroup.in\/cs\/wp-json\/wp\/v2\/media?parent=138211"}],"curies":[{"name":"wp","href":"https:\/\/api.w.org\/{rel}","templated":true}]}}